{"id":53571,"date":"2023-01-18T09:25:25","date_gmt":"2023-01-18T09:25:25","guid":{"rendered":"https:\/\/luggagehero.com\/paris\/stade-sebastien-charlety\/"},"modified":"2023-01-18T13:22:13","modified_gmt":"2023-01-18T13:22:13","slug":"stade-sebastien-charlety","status":"publish","type":"page","link":"https:\/\/luggagehero.com\/es\/paris\/stade-sebastien-charlety\/","title":{"rendered":"Stade Sebastien Charlety"},"content":{"rendered":"<h3><strong>Bag policy at Stade Sebastien Charlety<\/strong><\/h3>\n<p><img loading=\"lazy\" decoding=\"async\" class=\"wp-image-53700 aligncenter\" src=\"https:\/\/luggagehero.com\/wp-content\/uploads\/2023\/01\/Paris_Stade_Sebastien_Charlety-1-300x171.jpeg\" alt=\"\" width=\"611\" height=\"348\" srcset=\"https:\/\/luggagehero.com\/wp-content\/uploads\/2023\/01\/Paris_Stade_Sebastien_Charlety-1-300x171.jpeg 300w, https:\/\/luggagehero.com\/wp-content\/uploads\/2023\/01\/Paris_Stade_Sebastien_Charlety-1-800x457.jpeg 800w, https:\/\/luggagehero.com\/wp-content\/uploads\/2023\/01\/Paris_Stade_Sebastien_Charlety-1-600x342.jpeg 600w, https:\/\/luggagehero.com\/wp-content\/uploads\/2023\/01\/Paris_Stade_Sebastien_Charlety-1-1536x877.jpeg 1536w, https:\/\/luggagehero.com\/wp-content\/uploads\/2023\/01\/Paris_Stade_Sebastien_Charlety-1.jpeg 1896w\" sizes=\"auto, (max-width: 611px) 100vw, 611px\" \/><\/p>\n<p><span style=\"font-weight: 400;\"> S\u00e9bastien-Charl\u00e9ty, usually known as Stade Charl\u00e9ty or Charl\u00e9ty, is a multi-purpose stadium in Paris&#8217;s 13th arrondissement. It can seat up to 20.000 people, therefore it is one the most important stadiums in Paris.<\/span><\/p>\n<p><span style=\"font-weight: 400;\">The building has not been restored since 1968 and unfortunately, it has no city lockers around or any available luggage storage options inside. We strongly recommend arranging the storage of your belongings before accessing the venue, since it is prohibited to enter with any bags, backpacks, or luggage bigger than an A4 format.\u00a0<\/span><\/p>\n<p><span style=\"font-weight: 400;\">From Luggage Hero we can offer different options close to the stadium that you can book by the hour so you can enjoy your time knowing your luggage is stored safely!<\/span><\/p>\n","protected":false},"excerpt":{"rendered":"<p>Bag policy at Stade Sebastien Charlety S\u00e9bastien-Charl\u00e9ty, usually known as Stade Charl\u00e9ty or Charl\u00e9ty, is a multi-purpose stadium in Paris&#8217;s 13th arrondissement. It can seat up to 20.000 people, therefore it is one the most important stadiums in Paris. The building has not been restored since 1968 and unfortunately, it has no city lockers around [&hellip;]<\/p>\n","protected":false},"author":45,"featured_media":53667,"parent":7134,"menu_order":0,"comment_status":"closed","ping_status":"closed","template":"template-location.php","meta":{"_acf_changed":false,"footnotes":""},"class_list":["post-53571","page","type-page","status-publish","has-post-thumbnail","hentry"],"acf":[],"yoast_head":"<!-- This site is optimized with the Yoast SEO Premium plugin v27.0 (Yoast SEO v27.0) - https:\/\/yoast.com\/product\/yoast-seo-premium-wordpress\/ -->\n<title>Stade Sebastien Charlety - LuggageHero<\/title>\n<meta name=\"robots\" content=\"index, follow, max-snippet:-1, max-image-preview:large, max-video-preview:-1\" \/>\n<link rel=\"canonical\" href=\"https:\/\/luggagehero.com\/es\/paris\/stade-sebastien-charlety\/\" \/>\n<meta property=\"og:locale\" content=\"es_ES\" \/>\n<meta property=\"og:type\" content=\"article\" \/>\n<meta property=\"og:title\" content=\"Stade Sebastien Charlety\" \/>\n<meta property=\"og:description\" content=\"Bag policy at Stade Sebastien Charlety S\u00e9bastien-Charl\u00e9ty, usually known as Stade Charl\u00e9ty or Charl\u00e9ty, is a multi-purpose stadium in Paris&#8217;s 13th arrondissement. It can seat up to 20.000 people, therefore it is one the most important stadiums in Paris. The building has not been restored since 1968 and unfortunately, it has no city lockers around [&hellip;]\" \/>\n<meta property=\"og:url\" content=\"https:\/\/luggagehero.com\/es\/paris\/stade-sebastien-charlety\/\" \/>\n<meta property=\"og:site_name\" content=\"LuggageHero\" \/>\n<meta property=\"article:publisher\" content=\"https:\/\/www.facebook.com\/luggagehero\" \/>\n<meta property=\"article:modified_time\" content=\"2023-01-18T13:22:13+00:00\" \/>\n<meta property=\"og:image\" content=\"https:\/\/luggagehero.com\/wp-content\/uploads\/2023\/01\/Paris_Stade_Sebastien_Charlety.jpeg\" \/>\n\t<meta property=\"og:image:width\" content=\"1920\" \/>\n\t<meta property=\"og:image:height\" content=\"1438\" \/>\n\t<meta property=\"og:image:type\" content=\"image\/jpeg\" \/>\n<meta name=\"twitter:card\" content=\"summary_large_image\" \/>\n<meta name=\"twitter:site\" content=\"@luggagehero\" \/>\n<meta name=\"twitter:label1\" content=\"Est. reading time\" \/>\n\t<meta name=\"twitter:data1\" content=\"1 minute\" \/>\n<script type=\"application\/ld+json\" class=\"yoast-schema-graph\">{\"@context\":\"https:\/\/schema.org\",\"@graph\":[{\"@type\":\"WebPage\",\"@id\":\"https:\/\/luggagehero.com\/es\/paris\/stade-sebastien-charlety\/\",\"url\":\"https:\/\/luggagehero.com\/es\/paris\/stade-sebastien-charlety\/\",\"name\":\"Stade Sebastien Charlety - LuggageHero\",\"isPartOf\":{\"@id\":\"https:\/\/luggagehero.com\/es\/#website\"},\"primaryImageOfPage\":{\"@id\":\"https:\/\/luggagehero.com\/es\/paris\/stade-sebastien-charlety\/#primaryimage\"},\"image\":{\"@id\":\"https:\/\/luggagehero.com\/es\/paris\/stade-sebastien-charlety\/#primaryimage\"},\"thumbnailUrl\":\"https:\/\/luggagehero.com\/wp-content\/uploads\/2023\/01\/Paris_Stade_Sebastien_Charlety.jpeg\",\"datePublished\":\"2023-01-18T09:25:25+00:00\",\"dateModified\":\"2023-01-18T13:22:13+00:00\",\"breadcrumb\":{\"@id\":\"https:\/\/luggagehero.com\/es\/paris\/stade-sebastien-charlety\/#breadcrumb\"},\"inLanguage\":\"es-ES\",\"potentialAction\":[{\"@type\":\"ReadAction\",\"target\":[\"https:\/\/luggagehero.com\/es\/paris\/stade-sebastien-charlety\/\"]}]},{\"@type\":\"ImageObject\",\"inLanguage\":\"es-ES\",\"@id\":\"https:\/\/luggagehero.com\/es\/paris\/stade-sebastien-charlety\/#primaryimage\",\"url\":\"https:\/\/luggagehero.com\/wp-content\/uploads\/2023\/01\/Paris_Stade_Sebastien_Charlety.jpeg\",\"contentUrl\":\"https:\/\/luggagehero.com\/wp-content\/uploads\/2023\/01\/Paris_Stade_Sebastien_Charlety.jpeg\",\"width\":1920,\"height\":1438},{\"@type\":\"BreadcrumbList\",\"@id\":\"https:\/\/luggagehero.com\/es\/paris\/stade-sebastien-charlety\/#breadcrumb\",\"itemListElement\":[{\"@type\":\"ListItem\",\"position\":1,\"name\":\"Home\",\"item\":\"https:\/\/luggagehero.com\/es\/\"},{\"@type\":\"ListItem\",\"position\":2,\"name\":\"Paris\",\"item\":\"https:\/\/luggagehero.com\/es\/paris\/\"},{\"@type\":\"ListItem\",\"position\":3,\"name\":\"Stade Sebastien Charlety\"}]},{\"@type\":\"WebSite\",\"@id\":\"https:\/\/luggagehero.com\/es\/#website\",\"url\":\"https:\/\/luggagehero.com\/es\/\",\"name\":\"LuggageHero\",\"description\":\"Free yourself from luggage\",\"publisher\":{\"@id\":\"https:\/\/luggagehero.com\/es\/#organization\"},\"potentialAction\":[{\"@type\":\"SearchAction\",\"target\":{\"@type\":\"EntryPoint\",\"urlTemplate\":\"https:\/\/luggagehero.com\/es\/?s={search_term_string}\"},\"query-input\":{\"@type\":\"PropertyValueSpecification\",\"valueRequired\":true,\"valueName\":\"search_term_string\"}}],\"inLanguage\":\"es-ES\"},{\"@type\":\"Organization\",\"@id\":\"https:\/\/luggagehero.com\/es\/#organization\",\"name\":\"LuggageHero\",\"url\":\"https:\/\/luggagehero.com\/es\/\",\"logo\":{\"@type\":\"ImageObject\",\"inLanguage\":\"es-ES\",\"@id\":\"https:\/\/luggagehero.com\/es\/#\/schema\/logo\/image\/\",\"url\":\"https:\/\/luggagehero.com\/wp-content\/uploads\/2017\/04\/luggagehero_LOGO-RGB_kort_POS_200x200.png\",\"contentUrl\":\"https:\/\/luggagehero.com\/wp-content\/uploads\/2017\/04\/luggagehero_LOGO-RGB_kort_POS_200x200.png\",\"width\":200,\"height\":200,\"caption\":\"LuggageHero\"},\"image\":{\"@id\":\"https:\/\/luggagehero.com\/es\/#\/schema\/logo\/image\/\"},\"sameAs\":[\"https:\/\/www.facebook.com\/luggagehero\",\"https:\/\/x.com\/luggagehero\",\"https:\/\/www.instagram.com\/luggagehero\",\"https:\/\/www.linkedin.com\/company\/luggagehero\/\"]}]}<\/script>\n<!-- \/ Yoast SEO Premium plugin. -->","yoast_head_json":{"title":"Stade Sebastien Charlety - LuggageHero","robots":{"index":"index","follow":"follow","max-snippet":"max-snippet:-1","max-image-preview":"max-image-preview:large","max-video-preview":"max-video-preview:-1"},"canonical":"https:\/\/luggagehero.com\/es\/paris\/stade-sebastien-charlety\/","og_locale":"es_ES","og_type":"article","og_title":"Stade Sebastien Charlety","og_description":"Bag policy at Stade Sebastien Charlety S\u00e9bastien-Charl\u00e9ty, usually known as Stade Charl\u00e9ty or Charl\u00e9ty, is a multi-purpose stadium in Paris&#8217;s 13th arrondissement. It can seat up to 20.000 people, therefore it is one the most important stadiums in Paris. The building has not been restored since 1968 and unfortunately, it has no city lockers around [&hellip;]","og_url":"https:\/\/luggagehero.com\/es\/paris\/stade-sebastien-charlety\/","og_site_name":"LuggageHero","article_publisher":"https:\/\/www.facebook.com\/luggagehero","article_modified_time":"2023-01-18T13:22:13+00:00","og_image":[{"width":1920,"height":1438,"url":"https:\/\/luggagehero.com\/wp-content\/uploads\/2023\/01\/Paris_Stade_Sebastien_Charlety.jpeg","type":"image\/jpeg"}],"twitter_card":"summary_large_image","twitter_site":"@luggagehero","twitter_misc":{"Est. reading time":"1 minute"},"schema":{"@context":"https:\/\/schema.org","@graph":[{"@type":"WebPage","@id":"https:\/\/luggagehero.com\/es\/paris\/stade-sebastien-charlety\/","url":"https:\/\/luggagehero.com\/es\/paris\/stade-sebastien-charlety\/","name":"Stade Sebastien Charlety - LuggageHero","isPartOf":{"@id":"https:\/\/luggagehero.com\/es\/#website"},"primaryImageOfPage":{"@id":"https:\/\/luggagehero.com\/es\/paris\/stade-sebastien-charlety\/#primaryimage"},"image":{"@id":"https:\/\/luggagehero.com\/es\/paris\/stade-sebastien-charlety\/#primaryimage"},"thumbnailUrl":"https:\/\/luggagehero.com\/wp-content\/uploads\/2023\/01\/Paris_Stade_Sebastien_Charlety.jpeg","datePublished":"2023-01-18T09:25:25+00:00","dateModified":"2023-01-18T13:22:13+00:00","breadcrumb":{"@id":"https:\/\/luggagehero.com\/es\/paris\/stade-sebastien-charlety\/#breadcrumb"},"inLanguage":"es-ES","potentialAction":[{"@type":"ReadAction","target":["https:\/\/luggagehero.com\/es\/paris\/stade-sebastien-charlety\/"]}]},{"@type":"ImageObject","inLanguage":"es-ES","@id":"https:\/\/luggagehero.com\/es\/paris\/stade-sebastien-charlety\/#primaryimage","url":"https:\/\/luggagehero.com\/wp-content\/uploads\/2023\/01\/Paris_Stade_Sebastien_Charlety.jpeg","contentUrl":"https:\/\/luggagehero.com\/wp-content\/uploads\/2023\/01\/Paris_Stade_Sebastien_Charlety.jpeg","width":1920,"height":1438},{"@type":"BreadcrumbList","@id":"https:\/\/luggagehero.com\/es\/paris\/stade-sebastien-charlety\/#breadcrumb","itemListElement":[{"@type":"ListItem","position":1,"name":"Home","item":"https:\/\/luggagehero.com\/es\/"},{"@type":"ListItem","position":2,"name":"Paris","item":"https:\/\/luggagehero.com\/es\/paris\/"},{"@type":"ListItem","position":3,"name":"Stade Sebastien Charlety"}]},{"@type":"WebSite","@id":"https:\/\/luggagehero.com\/es\/#website","url":"https:\/\/luggagehero.com\/es\/","name":"LuggageHero","description":"Free yourself from luggage","publisher":{"@id":"https:\/\/luggagehero.com\/es\/#organization"},"potentialAction":[{"@type":"SearchAction","target":{"@type":"EntryPoint","urlTemplate":"https:\/\/luggagehero.com\/es\/?s={search_term_string}"},"query-input":{"@type":"PropertyValueSpecification","valueRequired":true,"valueName":"search_term_string"}}],"inLanguage":"es-ES"},{"@type":"Organization","@id":"https:\/\/luggagehero.com\/es\/#organization","name":"LuggageHero","url":"https:\/\/luggagehero.com\/es\/","logo":{"@type":"ImageObject","inLanguage":"es-ES","@id":"https:\/\/luggagehero.com\/es\/#\/schema\/logo\/image\/","url":"https:\/\/luggagehero.com\/wp-content\/uploads\/2017\/04\/luggagehero_LOGO-RGB_kort_POS_200x200.png","contentUrl":"https:\/\/luggagehero.com\/wp-content\/uploads\/2017\/04\/luggagehero_LOGO-RGB_kort_POS_200x200.png","width":200,"height":200,"caption":"LuggageHero"},"image":{"@id":"https:\/\/luggagehero.com\/es\/#\/schema\/logo\/image\/"},"sameAs":["https:\/\/www.facebook.com\/luggagehero","https:\/\/x.com\/luggagehero","https:\/\/www.instagram.com\/luggagehero","https:\/\/www.linkedin.com\/company\/luggagehero\/"]}]}},"place_id":"","place_latitude_longitude":"48.819467785250374,2.3446623478785984","place_name":"Stade Sebastien Charlety","criteria_title":"","criteria_description":"","meta_title":"","meta_description":"","children_criteria_title":"","children_criteria_description":"","children_meta_title":"","children_meta_description":"","_edit_last":"69","use_global_content":"1","poi_type":"Stadium","content_raw":"<h3><strong>Bag policy at Stade Sebastien Charlety<\/strong><\/h3>\r\n<img class=\"wp-image-53700 aligncenter\" src=\"https:\/\/luggagehero.com\/wp-content\/uploads\/2023\/01\/Paris_Stade_Sebastien_Charlety-1-300x171.jpeg\" alt=\"\" width=\"611\" height=\"348\" \/>\r\n\r\n<span style=\"font-weight: 400;\"> S\u00e9bastien-Charl\u00e9ty, usually known as Stade Charl\u00e9ty or Charl\u00e9ty, is a multi-purpose stadium in Paris's 13th arrondissement. It can seat up to 20.000 people, therefore it is one the most important stadiums in Paris.<\/span>\r\n\r\n<span style=\"font-weight: 400;\">The building has not been restored since 1968 and unfortunately, it has no city lockers around or any available luggage storage options inside. We strongly recommend arranging the storage of your belongings before accessing the venue, since it is prohibited to enter with any bags, backpacks, or luggage bigger than an A4 format.\u00a0<\/span>\r\n\r\n<span style=\"font-weight: 400;\">From Luggage Hero we can offer different options close to the stadium that you can book by the hour so you can enjoy your time knowing your luggage is stored safely!<\/span>","_links":{"self":[{"href":"https:\/\/luggagehero.com\/es\/wp-json\/wp\/v2\/pages\/53571","targetHints":{"allow":["GET"]}}],"collection":[{"href":"https:\/\/luggagehero.com\/es\/wp-json\/wp\/v2\/pages"}],"about":[{"href":"https:\/\/luggagehero.com\/es\/wp-json\/wp\/v2\/types\/page"}],"author":[{"embeddable":true,"href":"https:\/\/luggagehero.com\/es\/wp-json\/wp\/v2\/users\/45"}],"replies":[{"embeddable":true,"href":"https:\/\/luggagehero.com\/es\/wp-json\/wp\/v2\/comments?post=53571"}],"version-history":[{"count":0,"href":"https:\/\/luggagehero.com\/es\/wp-json\/wp\/v2\/pages\/53571\/revisions"}],"up":[{"embeddable":true,"href":"https:\/\/luggagehero.com\/es\/wp-json\/wp\/v2\/pages\/7134"}],"wp:featuredmedia":[{"embeddable":true,"href":"https:\/\/luggagehero.com\/es\/wp-json\/wp\/v2\/media\/53667"}],"wp:attachment":[{"href":"https:\/\/luggagehero.com\/es\/wp-json\/wp\/v2\/media?parent=53571"}],"curies":[{"name":"wp","href":"https:\/\/api.w.org\/{rel}","templated":true}]}}