{"id":5903,"date":"2019-04-23T20:12:50","date_gmt":"2019-04-23T20:12:50","guid":{"rendered":"https:\/\/luggagehero.com\/?page_id=5903"},"modified":"2023-09-04T08:33:08","modified_gmt":"2023-09-04T08:33:08","slug":"georges-vanier","status":"publish","type":"page","link":"https:\/\/luggagehero.com\/es\/montreal\/georges-vanier\/","title":{"rendered":"Georges-Vanier"},"content":{"rendered":"<p>Are you looking for luggage storage near Georges-Vanier Metro station? You can store your bags with one of our luggage storage locations nearby, and explore <a href=\"https:\/\/luggagehero.com\/montreal\/\">Montreal<\/a> hassle-free.<\/p>\n<p>LuggageHero storage sites are\u00a0<a href=\"https:\/\/luggagehero.com\/about\/certified-shops\/\">certified<\/a>\u00a0hotels, cafes, and shops. Advance bookings ensure space for your bags. The address and directions to our partner shops are available at the time of booking.\u00a0All bags are sealed off with our\u00a0<a href=\"https:\/\/luggagehero.com\/about\/security-seal\/\">security seals<\/a> ensuring each piece of luggage up to once you have dropped off your bags and started our storage timer on your booking page.<\/p>\n<p>&nbsp;<\/p>\n<p><img loading=\"lazy\" decoding=\"async\" class=\"aligncenter wp-image-5897 size-full\" src=\"https:\/\/luggagehero.com\/wp-content\/uploads\/2019\/03\/shutterstock_552885901.jpg\" sizes=\"auto, (max-width: 1000px) 100vw, 1000px\" srcset=\"https:\/\/luggagehero.com\/wp-content\/uploads\/2019\/03\/shutterstock_552885901.jpg 1000w, https:\/\/luggagehero.com\/wp-content\/uploads\/2019\/03\/shutterstock_552885901-300x116.jpg 300w, https:\/\/luggagehero.com\/wp-content\/uploads\/2019\/03\/shutterstock_552885901-600x233.jpg 600w, https:\/\/luggagehero.com\/wp-content\/uploads\/2019\/03\/shutterstock_552885901-800x310.jpg 800w\" alt=\"Store your bags with LuggageHero and explore Montreal hassle-free\" width=\"1000\" height=\"388\" \/><\/p>\n<h2 style=\"text-align: center;\">Georges-Vanier<\/h2>\n<p>Georges-Vanier station is a Montreal Metro station in the borough of Le Sud-Ouest in <a href=\"https:\/\/luggagehero.com\/montreal\/\">Montreal<\/a>. It is operated by the Soci\u00e9t\u00e9 de transport de Montr\u00e9al (STM) and serves the Orange Line. It is located in the Little Burgundy area and nearby is the century-old library which was the first French-language public library built in Canada, Cathedral of Marie-Reine-du-Monde and Canadian Centre for Architecture.<\/p>\n<p>Although it is the least used station in the network due to being the only one that doesn\u2019t have a connecting bus route, if you need a safe place to drop off your luggage while you explore the surrounding, we\u2019ve got you covered with local shops, cafes and other certified places that will keep your luggage safe, securely sealed and insured.<\/p>\n","protected":false},"excerpt":{"rendered":"<p>Are you looking for luggage storage near Georges-Vanier Metro station? You can store your bags with one of our luggage storage locations nearby, and explore Montreal hassle-free. LuggageHero storage sites are\u00a0certified\u00a0hotels, cafes, and shops. Advance bookings ensure space for your bags. The address and directions to our partner shops are available at the time of [&hellip;]<\/p>\n","protected":false},"author":9,"featured_media":0,"parent":5895,"menu_order":0,"comment_status":"closed","ping_status":"closed","template":"template-location.php","meta":{"_acf_changed":false,"footnotes":""},"class_list":["post-5903","page","type-page","status-publish","hentry"],"acf":[],"yoast_head":"<!-- This site is optimized with the Yoast SEO Premium plugin v27.0 (Yoast SEO v27.0) - https:\/\/yoast.com\/product\/yoast-seo-premium-wordpress\/ -->\n<title>Georges-Vanier - LuggageHero<\/title>\n<meta name=\"robots\" content=\"index, follow, max-snippet:-1, max-image-preview:large, max-video-preview:-1\" \/>\n<link rel=\"canonical\" href=\"https:\/\/luggagehero.com\/es\/montreal\/georges-vanier\/\" \/>\n<meta property=\"og:locale\" content=\"es_ES\" \/>\n<meta property=\"og:type\" content=\"article\" \/>\n<meta property=\"og:title\" content=\"Georges-Vanier\" \/>\n<meta property=\"og:description\" content=\"Are you looking for luggage storage near Georges-Vanier Metro station? You can store your bags with one of our luggage storage locations nearby, and explore Montreal hassle-free. LuggageHero storage sites are\u00a0certified\u00a0hotels, cafes, and shops. Advance bookings ensure space for your bags. The address and directions to our partner shops are available at the time of [&hellip;]\" \/>\n<meta property=\"og:url\" content=\"https:\/\/luggagehero.com\/es\/montreal\/georges-vanier\/\" \/>\n<meta property=\"og:site_name\" content=\"LuggageHero\" \/>\n<meta property=\"article:publisher\" content=\"https:\/\/www.facebook.com\/luggagehero\" \/>\n<meta property=\"article:modified_time\" content=\"2023-09-04T08:33:08+00:00\" \/>\n<meta property=\"og:image\" content=\"https:\/\/luggagehero.com\/wp-content\/uploads\/2019\/03\/shutterstock_552885901.jpg\" \/>\n<meta name=\"twitter:card\" content=\"summary_large_image\" \/>\n<meta name=\"twitter:site\" content=\"@luggagehero\" \/>\n<meta name=\"twitter:label1\" content=\"Est. reading time\" \/>\n\t<meta name=\"twitter:data1\" content=\"2 minutes\" \/>\n<script type=\"application\/ld+json\" class=\"yoast-schema-graph\">{\"@context\":\"https:\/\/schema.org\",\"@graph\":[{\"@type\":\"WebPage\",\"@id\":\"https:\/\/luggagehero.com\/es\/montreal\/georges-vanier\/\",\"url\":\"https:\/\/luggagehero.com\/es\/montreal\/georges-vanier\/\",\"name\":\"Georges-Vanier - LuggageHero\",\"isPartOf\":{\"@id\":\"https:\/\/luggagehero.com\/es\/#website\"},\"primaryImageOfPage\":{\"@id\":\"https:\/\/luggagehero.com\/es\/montreal\/georges-vanier\/#primaryimage\"},\"image\":{\"@id\":\"https:\/\/luggagehero.com\/es\/montreal\/georges-vanier\/#primaryimage\"},\"thumbnailUrl\":\"https:\/\/luggagehero.com\/wp-content\/uploads\/2019\/03\/shutterstock_552885901.jpg\",\"datePublished\":\"2019-04-23T20:12:50+00:00\",\"dateModified\":\"2023-09-04T08:33:08+00:00\",\"breadcrumb\":{\"@id\":\"https:\/\/luggagehero.com\/es\/montreal\/georges-vanier\/#breadcrumb\"},\"inLanguage\":\"es-ES\",\"potentialAction\":[{\"@type\":\"ReadAction\",\"target\":[\"https:\/\/luggagehero.com\/es\/montreal\/georges-vanier\/\"]}]},{\"@type\":\"ImageObject\",\"inLanguage\":\"es-ES\",\"@id\":\"https:\/\/luggagehero.com\/es\/montreal\/georges-vanier\/#primaryimage\",\"url\":\"https:\/\/luggagehero.com\/wp-content\/uploads\/2019\/03\/shutterstock_552885901.jpg\",\"contentUrl\":\"https:\/\/luggagehero.com\/wp-content\/uploads\/2019\/03\/shutterstock_552885901.jpg\"},{\"@type\":\"BreadcrumbList\",\"@id\":\"https:\/\/luggagehero.com\/es\/montreal\/georges-vanier\/#breadcrumb\",\"itemListElement\":[{\"@type\":\"ListItem\",\"position\":1,\"name\":\"Home\",\"item\":\"https:\/\/luggagehero.com\/es\/\"},{\"@type\":\"ListItem\",\"position\":2,\"name\":\"Montreal\",\"item\":\"https:\/\/luggagehero.com\/es\/montreal\/\"},{\"@type\":\"ListItem\",\"position\":3,\"name\":\"Georges-Vanier\"}]},{\"@type\":\"WebSite\",\"@id\":\"https:\/\/luggagehero.com\/es\/#website\",\"url\":\"https:\/\/luggagehero.com\/es\/\",\"name\":\"LuggageHero\",\"description\":\"Free yourself from luggage\",\"publisher\":{\"@id\":\"https:\/\/luggagehero.com\/es\/#organization\"},\"potentialAction\":[{\"@type\":\"SearchAction\",\"target\":{\"@type\":\"EntryPoint\",\"urlTemplate\":\"https:\/\/luggagehero.com\/es\/?s={search_term_string}\"},\"query-input\":{\"@type\":\"PropertyValueSpecification\",\"valueRequired\":true,\"valueName\":\"search_term_string\"}}],\"inLanguage\":\"es-ES\"},{\"@type\":\"Organization\",\"@id\":\"https:\/\/luggagehero.com\/es\/#organization\",\"name\":\"LuggageHero\",\"url\":\"https:\/\/luggagehero.com\/es\/\",\"logo\":{\"@type\":\"ImageObject\",\"inLanguage\":\"es-ES\",\"@id\":\"https:\/\/luggagehero.com\/es\/#\/schema\/logo\/image\/\",\"url\":\"https:\/\/luggagehero.com\/wp-content\/uploads\/2017\/04\/luggagehero_LOGO-RGB_kort_POS_200x200.png\",\"contentUrl\":\"https:\/\/luggagehero.com\/wp-content\/uploads\/2017\/04\/luggagehero_LOGO-RGB_kort_POS_200x200.png\",\"width\":200,\"height\":200,\"caption\":\"LuggageHero\"},\"image\":{\"@id\":\"https:\/\/luggagehero.com\/es\/#\/schema\/logo\/image\/\"},\"sameAs\":[\"https:\/\/www.facebook.com\/luggagehero\",\"https:\/\/x.com\/luggagehero\",\"https:\/\/www.instagram.com\/luggagehero\",\"https:\/\/www.linkedin.com\/company\/luggagehero\/\"]}]}<\/script>\n<!-- \/ Yoast SEO Premium plugin. -->","yoast_head_json":{"title":"Georges-Vanier - LuggageHero","robots":{"index":"index","follow":"follow","max-snippet":"max-snippet:-1","max-image-preview":"max-image-preview:large","max-video-preview":"max-video-preview:-1"},"canonical":"https:\/\/luggagehero.com\/es\/montreal\/georges-vanier\/","og_locale":"es_ES","og_type":"article","og_title":"Georges-Vanier","og_description":"Are you looking for luggage storage near Georges-Vanier Metro station? You can store your bags with one of our luggage storage locations nearby, and explore Montreal hassle-free. LuggageHero storage sites are\u00a0certified\u00a0hotels, cafes, and shops. Advance bookings ensure space for your bags. The address and directions to our partner shops are available at the time of [&hellip;]","og_url":"https:\/\/luggagehero.com\/es\/montreal\/georges-vanier\/","og_site_name":"LuggageHero","article_publisher":"https:\/\/www.facebook.com\/luggagehero","article_modified_time":"2023-09-04T08:33:08+00:00","og_image":[{"url":"https:\/\/luggagehero.com\/wp-content\/uploads\/2019\/03\/shutterstock_552885901.jpg","type":"","width":"","height":""}],"twitter_card":"summary_large_image","twitter_site":"@luggagehero","twitter_misc":{"Est. reading time":"2 minutes"},"schema":{"@context":"https:\/\/schema.org","@graph":[{"@type":"WebPage","@id":"https:\/\/luggagehero.com\/es\/montreal\/georges-vanier\/","url":"https:\/\/luggagehero.com\/es\/montreal\/georges-vanier\/","name":"Georges-Vanier - LuggageHero","isPartOf":{"@id":"https:\/\/luggagehero.com\/es\/#website"},"primaryImageOfPage":{"@id":"https:\/\/luggagehero.com\/es\/montreal\/georges-vanier\/#primaryimage"},"image":{"@id":"https:\/\/luggagehero.com\/es\/montreal\/georges-vanier\/#primaryimage"},"thumbnailUrl":"https:\/\/luggagehero.com\/wp-content\/uploads\/2019\/03\/shutterstock_552885901.jpg","datePublished":"2019-04-23T20:12:50+00:00","dateModified":"2023-09-04T08:33:08+00:00","breadcrumb":{"@id":"https:\/\/luggagehero.com\/es\/montreal\/georges-vanier\/#breadcrumb"},"inLanguage":"es-ES","potentialAction":[{"@type":"ReadAction","target":["https:\/\/luggagehero.com\/es\/montreal\/georges-vanier\/"]}]},{"@type":"ImageObject","inLanguage":"es-ES","@id":"https:\/\/luggagehero.com\/es\/montreal\/georges-vanier\/#primaryimage","url":"https:\/\/luggagehero.com\/wp-content\/uploads\/2019\/03\/shutterstock_552885901.jpg","contentUrl":"https:\/\/luggagehero.com\/wp-content\/uploads\/2019\/03\/shutterstock_552885901.jpg"},{"@type":"BreadcrumbList","@id":"https:\/\/luggagehero.com\/es\/montreal\/georges-vanier\/#breadcrumb","itemListElement":[{"@type":"ListItem","position":1,"name":"Home","item":"https:\/\/luggagehero.com\/es\/"},{"@type":"ListItem","position":2,"name":"Montreal","item":"https:\/\/luggagehero.com\/es\/montreal\/"},{"@type":"ListItem","position":3,"name":"Georges-Vanier"}]},{"@type":"WebSite","@id":"https:\/\/luggagehero.com\/es\/#website","url":"https:\/\/luggagehero.com\/es\/","name":"LuggageHero","description":"Free yourself from luggage","publisher":{"@id":"https:\/\/luggagehero.com\/es\/#organization"},"potentialAction":[{"@type":"SearchAction","target":{"@type":"EntryPoint","urlTemplate":"https:\/\/luggagehero.com\/es\/?s={search_term_string}"},"query-input":{"@type":"PropertyValueSpecification","valueRequired":true,"valueName":"search_term_string"}}],"inLanguage":"es-ES"},{"@type":"Organization","@id":"https:\/\/luggagehero.com\/es\/#organization","name":"LuggageHero","url":"https:\/\/luggagehero.com\/es\/","logo":{"@type":"ImageObject","inLanguage":"es-ES","@id":"https:\/\/luggagehero.com\/es\/#\/schema\/logo\/image\/","url":"https:\/\/luggagehero.com\/wp-content\/uploads\/2017\/04\/luggagehero_LOGO-RGB_kort_POS_200x200.png","contentUrl":"https:\/\/luggagehero.com\/wp-content\/uploads\/2017\/04\/luggagehero_LOGO-RGB_kort_POS_200x200.png","width":200,"height":200,"caption":"LuggageHero"},"image":{"@id":"https:\/\/luggagehero.com\/es\/#\/schema\/logo\/image\/"},"sameAs":["https:\/\/www.facebook.com\/luggagehero","https:\/\/x.com\/luggagehero","https:\/\/www.instagram.com\/luggagehero","https:\/\/www.linkedin.com\/company\/luggagehero\/"]}]}},"place_id":"","place_latitude_longitude":"45.48890408395223, -73.57649810931377","place_name":"Georges-Vanier","criteria_title":"","criteria_description":"","meta_title":"","meta_description":"","children_criteria_title":"","children_criteria_description":"","children_meta_title":"","children_meta_description":"","_edit_last":"9","use_global_content":"","poi_type":"PublicTransit","content_raw":"Are you looking for luggage storage near Georges-Vanier Metro station? You can store your bags with one of our luggage storage locations nearby, and explore <a href=\"https:\/\/luggagehero.com\/montreal\/\">Montreal<\/a> hassle-free.\r\n\r\nLuggageHero storage sites are\u00a0<a href=\"https:\/\/luggagehero.com\/about\/certified-shops\/\">certified<\/a>\u00a0hotels, cafes, and shops. Advance bookings ensure space for your bags. The address and directions to our partner shops are available at the time of booking.\u00a0All bags are sealed off with our\u00a0<a href=\"https:\/\/luggagehero.com\/about\/security-seal\/\">security seals<\/a> ensuring each piece of luggage up to once you have dropped off your bags and started our storage timer on your booking page.\r\n\r\n&nbsp;\r\n\r\n<img class=\"aligncenter wp-image-5897 size-full\" src=\"https:\/\/luggagehero.com\/wp-content\/uploads\/2019\/03\/shutterstock_552885901.jpg\" sizes=\"(max-width: 1000px) 100vw, 1000px\" srcset=\"https:\/\/luggagehero.com\/wp-content\/uploads\/2019\/03\/shutterstock_552885901.jpg 1000w, https:\/\/luggagehero.com\/wp-content\/uploads\/2019\/03\/shutterstock_552885901-300x116.jpg 300w, https:\/\/luggagehero.com\/wp-content\/uploads\/2019\/03\/shutterstock_552885901-600x233.jpg 600w, https:\/\/luggagehero.com\/wp-content\/uploads\/2019\/03\/shutterstock_552885901-800x310.jpg 800w\" alt=\"Store your bags with LuggageHero and explore Montreal hassle-free\" width=\"1000\" height=\"388\" \/>\r\n<h2 style=\"text-align: center;\">Georges-Vanier<\/h2>\r\nGeorges-Vanier station is a Montreal Metro station in the borough of Le Sud-Ouest in <a href=\"https:\/\/luggagehero.com\/montreal\/\">Montreal<\/a>. It is operated by the Soci\u00e9t\u00e9 de transport de Montr\u00e9al (STM) and serves the Orange Line. It is located in the Little Burgundy area and nearby is the century-old library which was the first French-language public library built in Canada, Cathedral of Marie-Reine-du-Monde and Canadian Centre for Architecture.\r\n\r\nAlthough it is the least used station in the network due to being the only one that doesn\u2019t have a connecting bus route, if you need a safe place to drop off your luggage while you explore the surrounding, we\u2019ve got you covered with local shops, cafes and other certified places that will keep your luggage safe, securely sealed and insured.","_links":{"self":[{"href":"https:\/\/luggagehero.com\/es\/wp-json\/wp\/v2\/pages\/5903","targetHints":{"allow":["GET"]}}],"collection":[{"href":"https:\/\/luggagehero.com\/es\/wp-json\/wp\/v2\/pages"}],"about":[{"href":"https:\/\/luggagehero.com\/es\/wp-json\/wp\/v2\/types\/page"}],"author":[{"embeddable":true,"href":"https:\/\/luggagehero.com\/es\/wp-json\/wp\/v2\/users\/9"}],"replies":[{"embeddable":true,"href":"https:\/\/luggagehero.com\/es\/wp-json\/wp\/v2\/comments?post=5903"}],"version-history":[{"count":0,"href":"https:\/\/luggagehero.com\/es\/wp-json\/wp\/v2\/pages\/5903\/revisions"}],"up":[{"embeddable":true,"href":"https:\/\/luggagehero.com\/es\/wp-json\/wp\/v2\/pages\/5895"}],"wp:attachment":[{"href":"https:\/\/luggagehero.com\/es\/wp-json\/wp\/v2\/media?parent=5903"}],"curies":[{"name":"wp","href":"https:\/\/api.w.org\/{rel}","templated":true}]}}