{"id":6100,"date":"2019-04-08T12:49:51","date_gmt":"2019-04-08T12:49:51","guid":{"rendered":"https:\/\/luggagehero.com\/barcelona\/les-corts\/"},"modified":"2023-09-04T08:37:00","modified_gmt":"2023-09-04T08:37:00","slug":"les-corts","status":"publish","type":"page","link":"https:\/\/luggagehero.com\/es\/barcelona\/les-corts\/","title":{"rendered":"Les Corts"},"content":{"rendered":"<p>\u00bfBuscas una consigna de equipaje cerca de Les Corts? Puedes dejar las maletas en una de nuestras consignas de equipaje del barrio de Les Corts. Nuestros establecimientos asociados se ocupar\u00e1n de tu equipaje mientras visitas <a href=\"https:\/\/luggagehero.com\/barcelona\/\">Barcelona<\/a>.<\/p>\n<p>Los establecimientos con consigna de equipaje de LuggageHero son hoteles, cafeter\u00edas y tiendas<a href=\"https:\/\/luggagehero.com\/about\/certified-shops\/\"> certificados.<\/a> Si reservas con antelaci\u00f3n, te asegurar\u00e1s de que tienes espacio para las maletas. Si cambias de planes, puedes cancelar la reserva f\u00e1cilmente en cualquier momento. La direcci\u00f3n y las indicaciones para llegar se facilitan en el momento de la reserva y se te env\u00edan por e-mail.<\/p>\n<p>LuggageHero utiliza un cron\u00f3metro para calcular las horas utilizadas. Cuando llegues al punto con la consigna de equipaje, pondr\u00e1s en marcha el cron\u00f3metro en la p\u00e1gina de reserva. Cuando recojas el equipaje y detengas el cron\u00f3metro, se procesar\u00e1 el pago de forma autom\u00e1tica. Todas las maletas se precintan con nuestro \u00a0<a href=\"https:\/\/luggagehero.com\/about\/security-seal\/\">precinto de seguridad<\/a>\u00a0y se asegura cada bulto de equipaje hasta un importe de <pricing-component type=\"insurancecoverage\"><\/pricing-component>.<\/p>\n<p>&nbsp;<\/p>\n<p><img loading=\"lazy\" decoding=\"async\" class=\"aligncenter wp-image-5632 size-large\" src=\"https:\/\/luggagehero.com\/wp-content\/uploads\/2019\/03\/shutterstock_508765840-800x534.jpg\" alt=\"Consigna de equipaje cerca de Les Corts\" width=\"800\" height=\"534\" srcset=\"https:\/\/luggagehero.com\/wp-content\/uploads\/2019\/03\/shutterstock_508765840-800x534.jpg 800w, https:\/\/luggagehero.com\/wp-content\/uploads\/2019\/03\/shutterstock_508765840-300x200.jpg 300w, https:\/\/luggagehero.com\/wp-content\/uploads\/2019\/03\/shutterstock_508765840-600x401.jpg 600w, https:\/\/luggagehero.com\/wp-content\/uploads\/2019\/03\/shutterstock_508765840.jpg 1000w\" sizes=\"auto, (max-width: 800px) 100vw, 800px\" \/><\/p>\n<p>&nbsp;<\/p>\n<h2 style=\"text-align: center;\">Les Corts<\/h2>\n<p>Les Corts es un barrio residencial con zonas de compras y grandes centros comerciales. Tambi\u00e9n tiene muchos parques, zonas verdes y plazas tranquilas donde podr\u00e1s conocer el estilo de vida local. Esta zona se encuentra a 15 minutos en metro del centro y cuenta con las paradas de metro de Les Corts y Pla\u00e7a del Centre, ambas de la l\u00ednea verde, y con la estaci\u00f3n de tren de <a href=\"https:\/\/luggagehero.com\/barcelona\/sants-station\/\">Estaci\u00f3 de Sants<\/a>.<\/p>\n<p>Les Corts es un distrito financiero importante de <a href=\"https:\/\/luggagehero.com\/barcelona\/\">Barcelona<\/a> y, por ello, ofrece muchos buenos hoteles y restaurantes. L\u2019illa, un gran complejo comercial, acoge varios buenos restaurantes, un supermercado enorme, un peque\u00f1o centro de exposiciones y muchas tiendas de ropa. La plaza de Espanya se encuentra a 15 minutos a pie de Les Corts. Si te gusta dar buenos paseos, el barrio del <a href=\"https:\/\/luggagehero.com\/barcelona\/eixample\/\">Eixample<\/a> se encuentra a una media hora.<\/p>\n<p>&nbsp;<\/p>\n","protected":false},"excerpt":{"rendered":"<p>\u00bfBuscas una consigna de equipaje cerca de Les Corts? Puedes dejar las maletas en una de nuestras consignas de equipaje del barrio de Les Corts. Nuestros establecimientos asociados se ocupar\u00e1n de tu equipaje mientras visitas Barcelona. Los establecimientos con consigna de equipaje de LuggageHero son hoteles, cafeter\u00edas y tiendas certificados. Si reservas con antelaci\u00f3n, te [&hellip;]<\/p>\n","protected":false},"author":9,"featured_media":0,"parent":6088,"menu_order":0,"comment_status":"closed","ping_status":"closed","template":"template-location.php","meta":{"_acf_changed":false,"footnotes":""},"class_list":["post-6100","page","type-page","status-publish","hentry"],"acf":[],"yoast_head":"<!-- This site is optimized with the Yoast SEO Premium plugin v27.0 (Yoast SEO v27.0) - https:\/\/yoast.com\/product\/yoast-seo-premium-wordpress\/ -->\n<title>Les Corts - LuggageHero<\/title>\n<meta name=\"robots\" content=\"index, follow, max-snippet:-1, max-image-preview:large, max-video-preview:-1\" \/>\n<link rel=\"canonical\" href=\"https:\/\/luggagehero.com\/es\/barcelona\/les-corts\/\" \/>\n<meta property=\"og:locale\" content=\"es_ES\" \/>\n<meta property=\"og:type\" content=\"article\" \/>\n<meta property=\"og:title\" content=\"Les Corts\" \/>\n<meta property=\"og:description\" content=\"\u00bfBuscas una consigna de equipaje cerca de Les Corts? Puedes dejar las maletas en una de nuestras consignas de equipaje del barrio de Les Corts. Nuestros establecimientos asociados se ocupar\u00e1n de tu equipaje mientras visitas Barcelona. Los establecimientos con consigna de equipaje de LuggageHero son hoteles, cafeter\u00edas y tiendas certificados. Si reservas con antelaci\u00f3n, te [&hellip;]\" \/>\n<meta property=\"og:url\" content=\"https:\/\/luggagehero.com\/es\/barcelona\/les-corts\/\" \/>\n<meta property=\"og:site_name\" content=\"LuggageHero\" \/>\n<meta property=\"article:publisher\" content=\"https:\/\/www.facebook.com\/luggagehero\" \/>\n<meta property=\"article:modified_time\" content=\"2023-09-04T08:37:00+00:00\" \/>\n<meta property=\"og:image\" content=\"https:\/\/luggagehero.com\/wp-content\/uploads\/2019\/03\/shutterstock_508765840-800x534.jpg\" \/>\n<meta name=\"twitter:card\" content=\"summary_large_image\" \/>\n<meta name=\"twitter:site\" content=\"@luggagehero\" \/>\n<meta name=\"twitter:label1\" content=\"Est. reading time\" \/>\n\t<meta name=\"twitter:data1\" content=\"2 minutes\" \/>\n<script type=\"application\/ld+json\" class=\"yoast-schema-graph\">{\"@context\":\"https:\/\/schema.org\",\"@graph\":[{\"@type\":\"WebPage\",\"@id\":\"https:\/\/luggagehero.com\/es\/barcelona\/les-corts\/\",\"url\":\"https:\/\/luggagehero.com\/es\/barcelona\/les-corts\/\",\"name\":\"Les Corts - LuggageHero\",\"isPartOf\":{\"@id\":\"https:\/\/luggagehero.com\/es\/#website\"},\"primaryImageOfPage\":{\"@id\":\"https:\/\/luggagehero.com\/es\/barcelona\/les-corts\/#primaryimage\"},\"image\":{\"@id\":\"https:\/\/luggagehero.com\/es\/barcelona\/les-corts\/#primaryimage\"},\"thumbnailUrl\":\"https:\/\/luggagehero.com\/wp-content\/uploads\/2019\/03\/shutterstock_508765840-800x534.jpg\",\"datePublished\":\"2019-04-08T12:49:51+00:00\",\"dateModified\":\"2023-09-04T08:37:00+00:00\",\"breadcrumb\":{\"@id\":\"https:\/\/luggagehero.com\/es\/barcelona\/les-corts\/#breadcrumb\"},\"inLanguage\":\"es-ES\",\"potentialAction\":[{\"@type\":\"ReadAction\",\"target\":[\"https:\/\/luggagehero.com\/es\/barcelona\/les-corts\/\"]}]},{\"@type\":\"ImageObject\",\"inLanguage\":\"es-ES\",\"@id\":\"https:\/\/luggagehero.com\/es\/barcelona\/les-corts\/#primaryimage\",\"url\":\"https:\/\/luggagehero.com\/wp-content\/uploads\/2019\/03\/shutterstock_508765840-800x534.jpg\",\"contentUrl\":\"https:\/\/luggagehero.com\/wp-content\/uploads\/2019\/03\/shutterstock_508765840-800x534.jpg\"},{\"@type\":\"BreadcrumbList\",\"@id\":\"https:\/\/luggagehero.com\/es\/barcelona\/les-corts\/#breadcrumb\",\"itemListElement\":[{\"@type\":\"ListItem\",\"position\":1,\"name\":\"Home\",\"item\":\"https:\/\/luggagehero.com\/es\/\"},{\"@type\":\"ListItem\",\"position\":2,\"name\":\"Barcelona\",\"item\":\"https:\/\/luggagehero.com\/es\/barcelona\/\"},{\"@type\":\"ListItem\",\"position\":3,\"name\":\"Les Corts\"}]},{\"@type\":\"WebSite\",\"@id\":\"https:\/\/luggagehero.com\/es\/#website\",\"url\":\"https:\/\/luggagehero.com\/es\/\",\"name\":\"LuggageHero\",\"description\":\"Free yourself from luggage\",\"publisher\":{\"@id\":\"https:\/\/luggagehero.com\/es\/#organization\"},\"potentialAction\":[{\"@type\":\"SearchAction\",\"target\":{\"@type\":\"EntryPoint\",\"urlTemplate\":\"https:\/\/luggagehero.com\/es\/?s={search_term_string}\"},\"query-input\":{\"@type\":\"PropertyValueSpecification\",\"valueRequired\":true,\"valueName\":\"search_term_string\"}}],\"inLanguage\":\"es-ES\"},{\"@type\":\"Organization\",\"@id\":\"https:\/\/luggagehero.com\/es\/#organization\",\"name\":\"LuggageHero\",\"url\":\"https:\/\/luggagehero.com\/es\/\",\"logo\":{\"@type\":\"ImageObject\",\"inLanguage\":\"es-ES\",\"@id\":\"https:\/\/luggagehero.com\/es\/#\/schema\/logo\/image\/\",\"url\":\"https:\/\/luggagehero.com\/wp-content\/uploads\/2017\/04\/luggagehero_LOGO-RGB_kort_POS_200x200.png\",\"contentUrl\":\"https:\/\/luggagehero.com\/wp-content\/uploads\/2017\/04\/luggagehero_LOGO-RGB_kort_POS_200x200.png\",\"width\":200,\"height\":200,\"caption\":\"LuggageHero\"},\"image\":{\"@id\":\"https:\/\/luggagehero.com\/es\/#\/schema\/logo\/image\/\"},\"sameAs\":[\"https:\/\/www.facebook.com\/luggagehero\",\"https:\/\/x.com\/luggagehero\",\"https:\/\/www.instagram.com\/luggagehero\",\"https:\/\/www.linkedin.com\/company\/luggagehero\/\"]}]}<\/script>\n<!-- \/ Yoast SEO Premium plugin. -->","yoast_head_json":{"title":"Les Corts - LuggageHero","robots":{"index":"index","follow":"follow","max-snippet":"max-snippet:-1","max-image-preview":"max-image-preview:large","max-video-preview":"max-video-preview:-1"},"canonical":"https:\/\/luggagehero.com\/es\/barcelona\/les-corts\/","og_locale":"es_ES","og_type":"article","og_title":"Les Corts","og_description":"\u00bfBuscas una consigna de equipaje cerca de Les Corts? Puedes dejar las maletas en una de nuestras consignas de equipaje del barrio de Les Corts. Nuestros establecimientos asociados se ocupar\u00e1n de tu equipaje mientras visitas Barcelona. Los establecimientos con consigna de equipaje de LuggageHero son hoteles, cafeter\u00edas y tiendas certificados. Si reservas con antelaci\u00f3n, te [&hellip;]","og_url":"https:\/\/luggagehero.com\/es\/barcelona\/les-corts\/","og_site_name":"LuggageHero","article_publisher":"https:\/\/www.facebook.com\/luggagehero","article_modified_time":"2023-09-04T08:37:00+00:00","og_image":[{"url":"https:\/\/luggagehero.com\/wp-content\/uploads\/2019\/03\/shutterstock_508765840-800x534.jpg","type":"","width":"","height":""}],"twitter_card":"summary_large_image","twitter_site":"@luggagehero","twitter_misc":{"Est. reading time":"2 minutes"},"schema":{"@context":"https:\/\/schema.org","@graph":[{"@type":"WebPage","@id":"https:\/\/luggagehero.com\/es\/barcelona\/les-corts\/","url":"https:\/\/luggagehero.com\/es\/barcelona\/les-corts\/","name":"Les Corts - LuggageHero","isPartOf":{"@id":"https:\/\/luggagehero.com\/es\/#website"},"primaryImageOfPage":{"@id":"https:\/\/luggagehero.com\/es\/barcelona\/les-corts\/#primaryimage"},"image":{"@id":"https:\/\/luggagehero.com\/es\/barcelona\/les-corts\/#primaryimage"},"thumbnailUrl":"https:\/\/luggagehero.com\/wp-content\/uploads\/2019\/03\/shutterstock_508765840-800x534.jpg","datePublished":"2019-04-08T12:49:51+00:00","dateModified":"2023-09-04T08:37:00+00:00","breadcrumb":{"@id":"https:\/\/luggagehero.com\/es\/barcelona\/les-corts\/#breadcrumb"},"inLanguage":"es-ES","potentialAction":[{"@type":"ReadAction","target":["https:\/\/luggagehero.com\/es\/barcelona\/les-corts\/"]}]},{"@type":"ImageObject","inLanguage":"es-ES","@id":"https:\/\/luggagehero.com\/es\/barcelona\/les-corts\/#primaryimage","url":"https:\/\/luggagehero.com\/wp-content\/uploads\/2019\/03\/shutterstock_508765840-800x534.jpg","contentUrl":"https:\/\/luggagehero.com\/wp-content\/uploads\/2019\/03\/shutterstock_508765840-800x534.jpg"},{"@type":"BreadcrumbList","@id":"https:\/\/luggagehero.com\/es\/barcelona\/les-corts\/#breadcrumb","itemListElement":[{"@type":"ListItem","position":1,"name":"Home","item":"https:\/\/luggagehero.com\/es\/"},{"@type":"ListItem","position":2,"name":"Barcelona","item":"https:\/\/luggagehero.com\/es\/barcelona\/"},{"@type":"ListItem","position":3,"name":"Les Corts"}]},{"@type":"WebSite","@id":"https:\/\/luggagehero.com\/es\/#website","url":"https:\/\/luggagehero.com\/es\/","name":"LuggageHero","description":"Free yourself from luggage","publisher":{"@id":"https:\/\/luggagehero.com\/es\/#organization"},"potentialAction":[{"@type":"SearchAction","target":{"@type":"EntryPoint","urlTemplate":"https:\/\/luggagehero.com\/es\/?s={search_term_string}"},"query-input":{"@type":"PropertyValueSpecification","valueRequired":true,"valueName":"search_term_string"}}],"inLanguage":"es-ES"},{"@type":"Organization","@id":"https:\/\/luggagehero.com\/es\/#organization","name":"LuggageHero","url":"https:\/\/luggagehero.com\/es\/","logo":{"@type":"ImageObject","inLanguage":"es-ES","@id":"https:\/\/luggagehero.com\/es\/#\/schema\/logo\/image\/","url":"https:\/\/luggagehero.com\/wp-content\/uploads\/2017\/04\/luggagehero_LOGO-RGB_kort_POS_200x200.png","contentUrl":"https:\/\/luggagehero.com\/wp-content\/uploads\/2017\/04\/luggagehero_LOGO-RGB_kort_POS_200x200.png","width":200,"height":200,"caption":"LuggageHero"},"image":{"@id":"https:\/\/luggagehero.com\/es\/#\/schema\/logo\/image\/"},"sameAs":["https:\/\/www.facebook.com\/luggagehero","https:\/\/x.com\/luggagehero","https:\/\/www.instagram.com\/luggagehero","https:\/\/www.linkedin.com\/company\/luggagehero\/"]}]}},"place_id":"","place_latitude_longitude":"41.384249968161924, 2.1306679536276185","place_name":"Les Corts","criteria_title":"","criteria_description":"","meta_title":"","meta_description":"","children_criteria_title":"","children_criteria_description":"","children_meta_title":"","children_meta_description":"","_edit_last":"9","use_global_content":"","poi_type":"","content_raw":"\u00bfBuscas una consigna de equipaje cerca de Les Corts? Puedes dejar las maletas en una de nuestras consignas de equipaje del barrio de Les Corts. Nuestros establecimientos asociados se ocupar\u00e1n de tu equipaje mientras visitas <a href=\"https:\/\/luggagehero.com\/barcelona\/\">Barcelona<\/a>.\r\n\r\nLos establecimientos con consigna de equipaje de LuggageHero son hoteles, cafeter\u00edas y tiendas<a href=\"https:\/\/luggagehero.com\/about\/certified-shops\/\"> certificados.<\/a> Si reservas con antelaci\u00f3n, te asegurar\u00e1s de que tienes espacio para las maletas. Si cambias de planes, puedes cancelar la reserva f\u00e1cilmente en cualquier momento. La direcci\u00f3n y las indicaciones para llegar se facilitan en el momento de la reserva y se te env\u00edan por e-mail.\r\n\r\nLuggageHero utiliza un cron\u00f3metro para calcular las horas utilizadas. Cuando llegues al punto con la consigna de equipaje, pondr\u00e1s en marcha el cron\u00f3metro en la p\u00e1gina de reserva. Cuando recojas el equipaje y detengas el cron\u00f3metro, se procesar\u00e1 el pago de forma autom\u00e1tica. Todas las maletas se precintan con nuestro \u00a0<a href=\"https:\/\/luggagehero.com\/about\/security-seal\/\">precinto de seguridad<\/a>\u00a0y se asegura cada bulto de equipaje hasta un importe de [pricing insurancecoverage].\r\n\r\n&nbsp;\r\n\r\n<img class=\"aligncenter wp-image-5632 size-large\" src=\"https:\/\/luggagehero.com\/wp-content\/uploads\/2019\/03\/shutterstock_508765840-800x534.jpg\" alt=\"Consigna de equipaje cerca de Les Corts\" width=\"800\" height=\"534\" \/>\r\n\r\n&nbsp;\r\n<h2 style=\"text-align: center;\">Les Corts<\/h2>\r\nLes Corts es un barrio residencial con zonas de compras y grandes centros comerciales. Tambi\u00e9n tiene muchos parques, zonas verdes y plazas tranquilas donde podr\u00e1s conocer el estilo de vida local. Esta zona se encuentra a 15 minutos en metro del centro y cuenta con las paradas de metro de Les Corts y Pla\u00e7a del Centre, ambas de la l\u00ednea verde, y con la estaci\u00f3n de tren de <a href=\"https:\/\/luggagehero.com\/barcelona\/sants-station\/\">Estaci\u00f3 de Sants<\/a>.\r\n\r\nLes Corts es un distrito financiero importante de <a href=\"https:\/\/luggagehero.com\/barcelona\/\">Barcelona<\/a> y, por ello, ofrece muchos buenos hoteles y restaurantes. L\u2019illa, un gran complejo comercial, acoge varios buenos restaurantes, un supermercado enorme, un peque\u00f1o centro de exposiciones y muchas tiendas de ropa. La plaza de Espanya se encuentra a 15 minutos a pie de Les Corts. Si te gusta dar buenos paseos, el barrio del <a href=\"https:\/\/luggagehero.com\/barcelona\/eixample\/\">Eixample<\/a> se encuentra a una media hora.\r\n\r\n&nbsp;","_links":{"self":[{"href":"https:\/\/luggagehero.com\/es\/wp-json\/wp\/v2\/pages\/6100","targetHints":{"allow":["GET"]}}],"collection":[{"href":"https:\/\/luggagehero.com\/es\/wp-json\/wp\/v2\/pages"}],"about":[{"href":"https:\/\/luggagehero.com\/es\/wp-json\/wp\/v2\/types\/page"}],"author":[{"embeddable":true,"href":"https:\/\/luggagehero.com\/es\/wp-json\/wp\/v2\/users\/9"}],"replies":[{"embeddable":true,"href":"https:\/\/luggagehero.com\/es\/wp-json\/wp\/v2\/comments?post=6100"}],"version-history":[{"count":0,"href":"https:\/\/luggagehero.com\/es\/wp-json\/wp\/v2\/pages\/6100\/revisions"}],"up":[{"embeddable":true,"href":"https:\/\/luggagehero.com\/es\/wp-json\/wp\/v2\/pages\/6088"}],"wp:attachment":[{"href":"https:\/\/luggagehero.com\/es\/wp-json\/wp\/v2\/media?parent=6100"}],"curies":[{"name":"wp","href":"https:\/\/api.w.org\/{rel}","templated":true}]}}