{"id":6101,"date":"2019-04-08T12:49:53","date_gmt":"2019-04-08T12:49:53","guid":{"rendered":"https:\/\/luggagehero.com\/barcelona\/la-sagrada-familia\/"},"modified":"2023-09-04T08:37:14","modified_gmt":"2023-09-04T08:37:14","slug":"la-sagrada-familia","status":"publish","type":"page","link":"https:\/\/luggagehero.com\/es\/barcelona\/la-sagrada-familia\/","title":{"rendered":"La Sagrada Familia"},"content":{"rendered":"<p>\u00bfBuscas una consigna de equipaje cerca de la Sagrada Familia? Puedes dejar las maletas en uno de nuestros puntos con consigna de equipaje que hay cerca de la Sagrada Familia y visitar el emblem\u00e1tico edificio dise\u00f1ado por Antoni Gaud\u00ed c\u00f3modamente.<\/p>\n<p>Los establecimientos con consigna de equipaje de LuggageHero son hoteles, cafeter\u00edas y tiendas <a href=\"https:\/\/luggagehero.com\/about\/certified-shops\/\">certificados<\/a>. Si reservas con antelaci\u00f3n, te aseguras espacio para tus maletas. La direcci\u00f3n y las indicaciones para llegar hasta nuestros establecimientos asociados las podr\u00e1s consultar al hacer la reserva. Todas las maletas se precintan con nuestros <a href=\"https:\/\/luggagehero.com\/about\/security-seal\/\">precintos de seguridad<\/a> y aseguramos cada bulto de equipaje hasta un valor de <pricing-component type=\"insurancecoverage\"><\/pricing-component> una vez dejes las maletas y pongas en marcha el contador de la consigna en la p\u00e1gina de tu reserva. Tenemos m\u00e1s de 80 ubicaciones con consigna de equipaje en <a href=\"https:\/\/luggagehero.com\/barcelona\/\">Barcelona<\/a>.<\/p>\n<p>&nbsp;<\/p>\n<p><img loading=\"lazy\" decoding=\"async\" class=\"size-large wp-image-5427 aligncenter\" src=\"https:\/\/luggagehero.com\/wp-content\/uploads\/2019\/03\/shutterstock_395162041-800x534.jpg\" alt=\"Guarda el equipaje antes de pasar el d\u00eda en la Sagrada Familia\" width=\"800\" height=\"534\" srcset=\"https:\/\/luggagehero.com\/wp-content\/uploads\/2019\/03\/shutterstock_395162041-800x534.jpg 800w, https:\/\/luggagehero.com\/wp-content\/uploads\/2019\/03\/shutterstock_395162041-300x200.jpg 300w, https:\/\/luggagehero.com\/wp-content\/uploads\/2019\/03\/shutterstock_395162041-600x400.jpg 600w, https:\/\/luggagehero.com\/wp-content\/uploads\/2019\/03\/shutterstock_395162041.jpg 1000w\" sizes=\"auto, (max-width: 800px) 100vw, 800px\" \/><\/p>\n<p>&nbsp;<\/p>\n<h2 style=\"text-align: center;\">La Sagrada Familia<\/h2>\n<p>La bas\u00edlica Temple Expiatori de la Sagrada Fam\u00edlia es una gran iglesia Cat\u00f3lica Romana dise\u00f1ada por Antoni Gaud\u00ed. La bas\u00edlica lleva en construcci\u00f3n desde 1882 y no se prev\u00e9 que se termine en un futuro cercano.<\/p>\n<p>Esta atracci\u00f3n la visitan millones de personas todos los d\u00edas y la Sagrada Familia se puede explorar con visitas guiadas o contemplarse desde el exterior. Si quieres entrar, debes saber que los visitantes tienen que pasar las bolsas, mochilas, equipaje y efectos personales por un control. En los alrededores no hay taquillas de autoservicio ni guardarropa.<\/p>\n<p>Puedes dejar el equipaje y tus bolsas en uno de los establecimientos certificados de LuggageHero que hay cerca o en cualquier lugar del <a href=\"https:\/\/luggagehero.com\/barcelona\/eixample\/\">Eixample<\/a> para tener la libertad de explorar a fondo esta obra maestra de la arquitectura.<\/p>\n","protected":false},"excerpt":{"rendered":"<p>\u00bfBuscas una consigna de equipaje cerca de la Sagrada Familia? Puedes dejar las maletas en uno de nuestros puntos con consigna de equipaje que hay cerca de la Sagrada Familia y visitar el emblem\u00e1tico edificio dise\u00f1ado por Antoni Gaud\u00ed c\u00f3modamente. Los establecimientos con consigna de equipaje de LuggageHero son hoteles, cafeter\u00edas y tiendas certificados. Si [&hellip;]<\/p>\n","protected":false},"author":9,"featured_media":39244,"parent":6088,"menu_order":0,"comment_status":"closed","ping_status":"closed","template":"template-location.php","meta":{"_acf_changed":false,"footnotes":""},"class_list":["post-6101","page","type-page","status-publish","has-post-thumbnail","hentry"],"acf":[],"yoast_head":"<!-- This site is optimized with the Yoast SEO Premium plugin v27.0 (Yoast SEO v27.0) - https:\/\/yoast.com\/product\/yoast-seo-premium-wordpress\/ -->\n<title>La Sagrada Familia - LuggageHero<\/title>\n<meta name=\"robots\" content=\"index, follow, max-snippet:-1, max-image-preview:large, max-video-preview:-1\" \/>\n<link rel=\"canonical\" href=\"https:\/\/luggagehero.com\/es\/barcelona\/la-sagrada-familia\/\" \/>\n<meta property=\"og:locale\" content=\"es_ES\" \/>\n<meta property=\"og:type\" content=\"article\" \/>\n<meta property=\"og:title\" content=\"La Sagrada Familia\" \/>\n<meta property=\"og:description\" content=\"\u00bfBuscas una consigna de equipaje cerca de la Sagrada Familia? Puedes dejar las maletas en uno de nuestros puntos con consigna de equipaje que hay cerca de la Sagrada Familia y visitar el emblem\u00e1tico edificio dise\u00f1ado por Antoni Gaud\u00ed c\u00f3modamente. Los establecimientos con consigna de equipaje de LuggageHero son hoteles, cafeter\u00edas y tiendas certificados. Si [&hellip;]\" \/>\n<meta property=\"og:url\" content=\"https:\/\/luggagehero.com\/es\/barcelona\/la-sagrada-familia\/\" \/>\n<meta property=\"og:site_name\" content=\"LuggageHero\" \/>\n<meta property=\"article:publisher\" content=\"https:\/\/www.facebook.com\/luggagehero\" \/>\n<meta property=\"article:modified_time\" content=\"2023-09-04T08:37:14+00:00\" \/>\n<meta property=\"og:image\" content=\"https:\/\/luggagehero.com\/wp-content\/uploads\/2021\/10\/Sagrada-Familia.jpg\" \/>\n\t<meta property=\"og:image:width\" content=\"490\" \/>\n\t<meta property=\"og:image:height\" content=\"373\" \/>\n\t<meta property=\"og:image:type\" content=\"image\/jpeg\" \/>\n<meta name=\"twitter:card\" content=\"summary_large_image\" \/>\n<meta name=\"twitter:site\" content=\"@luggagehero\" \/>\n<meta name=\"twitter:label1\" content=\"Est. reading time\" \/>\n\t<meta name=\"twitter:data1\" content=\"2 minutes\" \/>\n<script type=\"application\/ld+json\" class=\"yoast-schema-graph\">{\"@context\":\"https:\/\/schema.org\",\"@graph\":[{\"@type\":\"WebPage\",\"@id\":\"https:\/\/luggagehero.com\/es\/barcelona\/la-sagrada-familia\/\",\"url\":\"https:\/\/luggagehero.com\/es\/barcelona\/la-sagrada-familia\/\",\"name\":\"La Sagrada Familia - LuggageHero\",\"isPartOf\":{\"@id\":\"https:\/\/luggagehero.com\/es\/#website\"},\"primaryImageOfPage\":{\"@id\":\"https:\/\/luggagehero.com\/es\/barcelona\/la-sagrada-familia\/#primaryimage\"},\"image\":{\"@id\":\"https:\/\/luggagehero.com\/es\/barcelona\/la-sagrada-familia\/#primaryimage\"},\"thumbnailUrl\":\"https:\/\/luggagehero.com\/wp-content\/uploads\/2021\/10\/Sagrada-Familia.jpg\",\"datePublished\":\"2019-04-08T12:49:53+00:00\",\"dateModified\":\"2023-09-04T08:37:14+00:00\",\"breadcrumb\":{\"@id\":\"https:\/\/luggagehero.com\/es\/barcelona\/la-sagrada-familia\/#breadcrumb\"},\"inLanguage\":\"es-ES\",\"potentialAction\":[{\"@type\":\"ReadAction\",\"target\":[\"https:\/\/luggagehero.com\/es\/barcelona\/la-sagrada-familia\/\"]}]},{\"@type\":\"ImageObject\",\"inLanguage\":\"es-ES\",\"@id\":\"https:\/\/luggagehero.com\/es\/barcelona\/la-sagrada-familia\/#primaryimage\",\"url\":\"https:\/\/luggagehero.com\/wp-content\/uploads\/2021\/10\/Sagrada-Familia.jpg\",\"contentUrl\":\"https:\/\/luggagehero.com\/wp-content\/uploads\/2021\/10\/Sagrada-Familia.jpg\",\"width\":490,\"height\":373},{\"@type\":\"BreadcrumbList\",\"@id\":\"https:\/\/luggagehero.com\/es\/barcelona\/la-sagrada-familia\/#breadcrumb\",\"itemListElement\":[{\"@type\":\"ListItem\",\"position\":1,\"name\":\"Home\",\"item\":\"https:\/\/luggagehero.com\/es\/\"},{\"@type\":\"ListItem\",\"position\":2,\"name\":\"Barcelona\",\"item\":\"https:\/\/luggagehero.com\/es\/barcelona\/\"},{\"@type\":\"ListItem\",\"position\":3,\"name\":\"La Sagrada Familia\"}]},{\"@type\":\"WebSite\",\"@id\":\"https:\/\/luggagehero.com\/es\/#website\",\"url\":\"https:\/\/luggagehero.com\/es\/\",\"name\":\"LuggageHero\",\"description\":\"Free yourself from luggage\",\"publisher\":{\"@id\":\"https:\/\/luggagehero.com\/es\/#organization\"},\"potentialAction\":[{\"@type\":\"SearchAction\",\"target\":{\"@type\":\"EntryPoint\",\"urlTemplate\":\"https:\/\/luggagehero.com\/es\/?s={search_term_string}\"},\"query-input\":{\"@type\":\"PropertyValueSpecification\",\"valueRequired\":true,\"valueName\":\"search_term_string\"}}],\"inLanguage\":\"es-ES\"},{\"@type\":\"Organization\",\"@id\":\"https:\/\/luggagehero.com\/es\/#organization\",\"name\":\"LuggageHero\",\"url\":\"https:\/\/luggagehero.com\/es\/\",\"logo\":{\"@type\":\"ImageObject\",\"inLanguage\":\"es-ES\",\"@id\":\"https:\/\/luggagehero.com\/es\/#\/schema\/logo\/image\/\",\"url\":\"https:\/\/luggagehero.com\/wp-content\/uploads\/2017\/04\/luggagehero_LOGO-RGB_kort_POS_200x200.png\",\"contentUrl\":\"https:\/\/luggagehero.com\/wp-content\/uploads\/2017\/04\/luggagehero_LOGO-RGB_kort_POS_200x200.png\",\"width\":200,\"height\":200,\"caption\":\"LuggageHero\"},\"image\":{\"@id\":\"https:\/\/luggagehero.com\/es\/#\/schema\/logo\/image\/\"},\"sameAs\":[\"https:\/\/www.facebook.com\/luggagehero\",\"https:\/\/x.com\/luggagehero\",\"https:\/\/www.instagram.com\/luggagehero\",\"https:\/\/www.linkedin.com\/company\/luggagehero\/\"]}]}<\/script>\n<!-- \/ Yoast SEO Premium plugin. -->","yoast_head_json":{"title":"La Sagrada Familia - LuggageHero","robots":{"index":"index","follow":"follow","max-snippet":"max-snippet:-1","max-image-preview":"max-image-preview:large","max-video-preview":"max-video-preview:-1"},"canonical":"https:\/\/luggagehero.com\/es\/barcelona\/la-sagrada-familia\/","og_locale":"es_ES","og_type":"article","og_title":"La Sagrada Familia","og_description":"\u00bfBuscas una consigna de equipaje cerca de la Sagrada Familia? Puedes dejar las maletas en uno de nuestros puntos con consigna de equipaje que hay cerca de la Sagrada Familia y visitar el emblem\u00e1tico edificio dise\u00f1ado por Antoni Gaud\u00ed c\u00f3modamente. Los establecimientos con consigna de equipaje de LuggageHero son hoteles, cafeter\u00edas y tiendas certificados. Si [&hellip;]","og_url":"https:\/\/luggagehero.com\/es\/barcelona\/la-sagrada-familia\/","og_site_name":"LuggageHero","article_publisher":"https:\/\/www.facebook.com\/luggagehero","article_modified_time":"2023-09-04T08:37:14+00:00","og_image":[{"width":490,"height":373,"url":"https:\/\/luggagehero.com\/wp-content\/uploads\/2021\/10\/Sagrada-Familia.jpg","type":"image\/jpeg"}],"twitter_card":"summary_large_image","twitter_site":"@luggagehero","twitter_misc":{"Est. reading time":"2 minutes"},"schema":{"@context":"https:\/\/schema.org","@graph":[{"@type":"WebPage","@id":"https:\/\/luggagehero.com\/es\/barcelona\/la-sagrada-familia\/","url":"https:\/\/luggagehero.com\/es\/barcelona\/la-sagrada-familia\/","name":"La Sagrada Familia - LuggageHero","isPartOf":{"@id":"https:\/\/luggagehero.com\/es\/#website"},"primaryImageOfPage":{"@id":"https:\/\/luggagehero.com\/es\/barcelona\/la-sagrada-familia\/#primaryimage"},"image":{"@id":"https:\/\/luggagehero.com\/es\/barcelona\/la-sagrada-familia\/#primaryimage"},"thumbnailUrl":"https:\/\/luggagehero.com\/wp-content\/uploads\/2021\/10\/Sagrada-Familia.jpg","datePublished":"2019-04-08T12:49:53+00:00","dateModified":"2023-09-04T08:37:14+00:00","breadcrumb":{"@id":"https:\/\/luggagehero.com\/es\/barcelona\/la-sagrada-familia\/#breadcrumb"},"inLanguage":"es-ES","potentialAction":[{"@type":"ReadAction","target":["https:\/\/luggagehero.com\/es\/barcelona\/la-sagrada-familia\/"]}]},{"@type":"ImageObject","inLanguage":"es-ES","@id":"https:\/\/luggagehero.com\/es\/barcelona\/la-sagrada-familia\/#primaryimage","url":"https:\/\/luggagehero.com\/wp-content\/uploads\/2021\/10\/Sagrada-Familia.jpg","contentUrl":"https:\/\/luggagehero.com\/wp-content\/uploads\/2021\/10\/Sagrada-Familia.jpg","width":490,"height":373},{"@type":"BreadcrumbList","@id":"https:\/\/luggagehero.com\/es\/barcelona\/la-sagrada-familia\/#breadcrumb","itemListElement":[{"@type":"ListItem","position":1,"name":"Home","item":"https:\/\/luggagehero.com\/es\/"},{"@type":"ListItem","position":2,"name":"Barcelona","item":"https:\/\/luggagehero.com\/es\/barcelona\/"},{"@type":"ListItem","position":3,"name":"La Sagrada Familia"}]},{"@type":"WebSite","@id":"https:\/\/luggagehero.com\/es\/#website","url":"https:\/\/luggagehero.com\/es\/","name":"LuggageHero","description":"Free yourself from luggage","publisher":{"@id":"https:\/\/luggagehero.com\/es\/#organization"},"potentialAction":[{"@type":"SearchAction","target":{"@type":"EntryPoint","urlTemplate":"https:\/\/luggagehero.com\/es\/?s={search_term_string}"},"query-input":{"@type":"PropertyValueSpecification","valueRequired":true,"valueName":"search_term_string"}}],"inLanguage":"es-ES"},{"@type":"Organization","@id":"https:\/\/luggagehero.com\/es\/#organization","name":"LuggageHero","url":"https:\/\/luggagehero.com\/es\/","logo":{"@type":"ImageObject","inLanguage":"es-ES","@id":"https:\/\/luggagehero.com\/es\/#\/schema\/logo\/image\/","url":"https:\/\/luggagehero.com\/wp-content\/uploads\/2017\/04\/luggagehero_LOGO-RGB_kort_POS_200x200.png","contentUrl":"https:\/\/luggagehero.com\/wp-content\/uploads\/2017\/04\/luggagehero_LOGO-RGB_kort_POS_200x200.png","width":200,"height":200,"caption":"LuggageHero"},"image":{"@id":"https:\/\/luggagehero.com\/es\/#\/schema\/logo\/image\/"},"sameAs":["https:\/\/www.facebook.com\/luggagehero","https:\/\/x.com\/luggagehero","https:\/\/www.instagram.com\/luggagehero","https:\/\/www.linkedin.com\/company\/luggagehero\/"]}]}},"place_id":"","place_latitude_longitude":"41.4045,2.1746","place_name":"La Sagrada Familia","criteria_title":"","criteria_description":"","meta_title":"","meta_description":"","children_criteria_title":"","children_criteria_description":"","children_meta_title":"","children_meta_description":"","_edit_last":"9","use_global_content":"","poi_type":"PublicTransit","content_raw":"\u00bfBuscas una consigna de equipaje cerca de la Sagrada Familia? Puedes dejar las maletas en uno de nuestros puntos con consigna de equipaje que hay cerca de la Sagrada Familia y visitar el emblem\u00e1tico edificio dise\u00f1ado por Antoni Gaud\u00ed c\u00f3modamente.\r\n\r\nLos establecimientos con consigna de equipaje de LuggageHero son hoteles, cafeter\u00edas y tiendas <a href=\"https:\/\/luggagehero.com\/about\/certified-shops\/\">certificados<\/a>. Si reservas con antelaci\u00f3n, te aseguras espacio para tus maletas. La direcci\u00f3n y las indicaciones para llegar hasta nuestros establecimientos asociados las podr\u00e1s consultar al hacer la reserva. Todas las maletas se precintan con nuestros <a href=\"https:\/\/luggagehero.com\/about\/security-seal\/\">precintos de seguridad<\/a> y aseguramos cada bulto de equipaje hasta un valor de [pricing insurancecoverage] una vez dejes las maletas y pongas en marcha el contador de la consigna en la p\u00e1gina de tu reserva. Tenemos m\u00e1s de 80 ubicaciones con consigna de equipaje en <a href=\"https:\/\/luggagehero.com\/barcelona\/\">Barcelona<\/a>.\r\n\r\n&nbsp;\r\n\r\n<img class=\"size-large wp-image-5427 aligncenter\" src=\"https:\/\/luggagehero.com\/wp-content\/uploads\/2019\/03\/shutterstock_395162041-800x534.jpg\" alt=\"Guarda el equipaje antes de pasar el d\u00eda en la Sagrada Familia\" width=\"800\" height=\"534\" \/>\r\n\r\n&nbsp;\r\n<h2 style=\"text-align: center;\">La Sagrada Familia<\/h2>\r\nLa bas\u00edlica Temple Expiatori de la Sagrada Fam\u00edlia es una gran iglesia Cat\u00f3lica Romana dise\u00f1ada por Antoni Gaud\u00ed. La bas\u00edlica lleva en construcci\u00f3n desde 1882 y no se prev\u00e9 que se termine en un futuro cercano.\r\n\r\nEsta atracci\u00f3n la visitan millones de personas todos los d\u00edas y la Sagrada Familia se puede explorar con visitas guiadas o contemplarse desde el exterior. Si quieres entrar, debes saber que los visitantes tienen que pasar las bolsas, mochilas, equipaje y efectos personales por un control. En los alrededores no hay taquillas de autoservicio ni guardarropa.\r\n\r\nPuedes dejar el equipaje y tus bolsas en uno de los establecimientos certificados de LuggageHero que hay cerca o en cualquier lugar del <a href=\"https:\/\/luggagehero.com\/barcelona\/eixample\/\">Eixample<\/a> para tener la libertad de explorar a fondo esta obra maestra de la arquitectura.","_links":{"self":[{"href":"https:\/\/luggagehero.com\/es\/wp-json\/wp\/v2\/pages\/6101","targetHints":{"allow":["GET"]}}],"collection":[{"href":"https:\/\/luggagehero.com\/es\/wp-json\/wp\/v2\/pages"}],"about":[{"href":"https:\/\/luggagehero.com\/es\/wp-json\/wp\/v2\/types\/page"}],"author":[{"embeddable":true,"href":"https:\/\/luggagehero.com\/es\/wp-json\/wp\/v2\/users\/9"}],"replies":[{"embeddable":true,"href":"https:\/\/luggagehero.com\/es\/wp-json\/wp\/v2\/comments?post=6101"}],"version-history":[{"count":0,"href":"https:\/\/luggagehero.com\/es\/wp-json\/wp\/v2\/pages\/6101\/revisions"}],"up":[{"embeddable":true,"href":"https:\/\/luggagehero.com\/es\/wp-json\/wp\/v2\/pages\/6088"}],"wp:featuredmedia":[{"embeddable":true,"href":"https:\/\/luggagehero.com\/es\/wp-json\/wp\/v2\/media\/39244"}],"wp:attachment":[{"href":"https:\/\/luggagehero.com\/es\/wp-json\/wp\/v2\/media?parent=6101"}],"curies":[{"name":"wp","href":"https:\/\/api.w.org\/{rel}","templated":true}]}}