{"id":6104,"date":"2019-04-08T12:49:58","date_gmt":"2019-04-08T12:49:58","guid":{"rendered":"https:\/\/luggagehero.com\/barcelona\/nord-station\/"},"modified":"2023-09-04T08:38:21","modified_gmt":"2023-09-04T08:38:21","slug":"nord-station","status":"publish","type":"page","link":"https:\/\/luggagehero.com\/es\/barcelona\/nord-station\/","title":{"rendered":"Estaci\u00f3n del Nord"},"content":{"rendered":"<p>\u00bfBuscas una consigna de equipaje cerca de la estaci\u00f3n de autobuses de Barcelona Nord? Puedes dejar las maletas en uno de nuestros puntos con consigna de equipaje que hay al lado de la estaci\u00f3n del Nord y visitar <a href=\"https:\/\/luggagehero.com\/barcelona\/\">Barcelona<\/a> o el barrio del Eixample c\u00f3modamente.<\/p>\n<p>Los establecimientos con consigna de equipaje de LuggageHero son hoteles, cafeter\u00edas y tiendas <a href=\"https:\/\/luggagehero.com\/about\/certified-shops\/\">certificados<\/a>. Si reservas con antelaci\u00f3n, te aseguras espacio para tus maletas. La direcci\u00f3n y las indicaciones para llegar hasta nuestros establecimientos asociados las podr\u00e1s consultar al hacer la reserva. Todas las maletas se precintan con nuestros <a href=\"https:\/\/luggagehero.com\/about\/security-seal\/\">precintos de seguridad<\/a> y aseguramos cada bulto de equipaje hasta un valor de <pricing-component type=\"insurancecoverage\"><\/pricing-component> una vez dejes las maletas y pongas en marcha el contador de la consigna en la p\u00e1gina de tu reserva.<\/p>\n<p>&nbsp;<\/p>\n<p><img loading=\"lazy\" decoding=\"async\" class=\"size-large wp-image-5432 aligncenter\" src=\"https:\/\/luggagehero.com\/wp-content\/uploads\/2019\/03\/shutterstock_1225535596-800x450.jpg\" alt=\"Deja las maletas cerca de la estaci\u00f3n de autobuses del Nord\" width=\"800\" height=\"450\" srcset=\"https:\/\/luggagehero.com\/wp-content\/uploads\/2019\/03\/shutterstock_1225535596-800x450.jpg 800w, https:\/\/luggagehero.com\/wp-content\/uploads\/2019\/03\/shutterstock_1225535596-300x169.jpg 300w, https:\/\/luggagehero.com\/wp-content\/uploads\/2019\/03\/shutterstock_1225535596-600x338.jpg 600w, https:\/\/luggagehero.com\/wp-content\/uploads\/2019\/03\/shutterstock_1225535596.jpg 1000w\" sizes=\"auto, (max-width: 800px) 100vw, 800px\" \/><\/p>\n<p>&nbsp;<\/p>\n<h2 style=\"text-align: center;\">Barcelona Nord<\/h2>\n<p>La estaci\u00f3n de Barcelona Nord o Estaci\u00f3 del Nord es una antigua estaci\u00f3n de tren que actualmente se utiliza en parte como estaci\u00f3n de autobuses y en parte como recinto deportivo polivalente. La estaci\u00f3n de autobuses es la principal terminal de Barcelona para los servicios regulares de media y larga distancia. Es el punto de inicio o final de todas las rutas de autob\u00fas internacionales y nacionales.<\/p>\n<p>La estaci\u00f3n est\u00e1 cerca del monumento Arc de Triomf, que se encuentra en el <a href=\"https:\/\/luggagehero.com\/barcelona\/eixample\/\">Eixample<\/a>. La Estaci\u00f3n del Nord tiene una ubicaci\u00f3n c\u00e9ntrica en Barcelona, pero si lo que quieres es pasear por el centro de<a href=\"https:\/\/luggagehero.com\/barcelona\/\"> Barcelona<\/a> probablemente debas dirigirte a La Rambla o a la <a href=\"https:\/\/luggagehero.com\/barcelona\/catalunya-station\/\">plaza de Catalunya<\/a>. Desde la parada de metro de Arc de Triomf, tendr\u00e1s acceso directo a <a href=\"https:\/\/luggagehero.com\/barcelona\/sants-station\/\">Barcelona Sants<\/a>, a plaza de Catalunya y a la <a href=\"https:\/\/luggagehero.com\/barcelona\/espanya-station\/\">plaza de Espanya<\/a>.<\/p>\n","protected":false},"excerpt":{"rendered":"<p>\u00bfBuscas una consigna de equipaje cerca de la estaci\u00f3n de autobuses de Barcelona Nord? Puedes dejar las maletas en uno de nuestros puntos con consigna de equipaje que hay al lado de la estaci\u00f3n del Nord y visitar Barcelona o el barrio del Eixample c\u00f3modamente. Los establecimientos con consigna de equipaje de LuggageHero son hoteles, [&hellip;]<\/p>\n","protected":false},"author":9,"featured_media":55323,"parent":6088,"menu_order":0,"comment_status":"closed","ping_status":"closed","template":"template-location.php","meta":{"_acf_changed":false,"footnotes":""},"class_list":["post-6104","page","type-page","status-publish","has-post-thumbnail","hentry"],"acf":[],"yoast_head":"<!-- This site is optimized with the Yoast SEO Premium plugin v27.0 (Yoast SEO v27.0) - https:\/\/yoast.com\/product\/yoast-seo-premium-wordpress\/ -->\n<title>Estaci\u00f3n del Nord - LuggageHero<\/title>\n<meta name=\"robots\" content=\"index, follow, max-snippet:-1, max-image-preview:large, max-video-preview:-1\" \/>\n<link rel=\"canonical\" href=\"https:\/\/luggagehero.com\/es\/barcelona\/nord-station\/\" \/>\n<meta property=\"og:locale\" content=\"es_ES\" \/>\n<meta property=\"og:type\" content=\"article\" \/>\n<meta property=\"og:title\" content=\"Estaci\u00f3n del Nord\" \/>\n<meta property=\"og:description\" content=\"\u00bfBuscas una consigna de equipaje cerca de la estaci\u00f3n de autobuses de Barcelona Nord? Puedes dejar las maletas en uno de nuestros puntos con consigna de equipaje que hay al lado de la estaci\u00f3n del Nord y visitar Barcelona o el barrio del Eixample c\u00f3modamente. Los establecimientos con consigna de equipaje de LuggageHero son hoteles, [&hellip;]\" \/>\n<meta property=\"og:url\" content=\"https:\/\/luggagehero.com\/es\/barcelona\/nord-station\/\" \/>\n<meta property=\"og:site_name\" content=\"LuggageHero\" \/>\n<meta property=\"article:publisher\" content=\"https:\/\/www.facebook.com\/luggagehero\" \/>\n<meta property=\"article:modified_time\" content=\"2023-09-04T08:38:21+00:00\" \/>\n<meta property=\"og:image\" content=\"https:\/\/luggagehero.com\/wp-content\/uploads\/2023\/01\/shutterstock_1225535596-800x450-1.jpg\" \/>\n\t<meta property=\"og:image:width\" content=\"800\" \/>\n\t<meta property=\"og:image:height\" content=\"450\" \/>\n\t<meta property=\"og:image:type\" content=\"image\/jpeg\" \/>\n<meta name=\"twitter:card\" content=\"summary_large_image\" \/>\n<meta name=\"twitter:site\" content=\"@luggagehero\" \/>\n<meta name=\"twitter:label1\" content=\"Est. reading time\" \/>\n\t<meta name=\"twitter:data1\" content=\"2 minutes\" \/>\n<script type=\"application\/ld+json\" class=\"yoast-schema-graph\">{\"@context\":\"https:\/\/schema.org\",\"@graph\":[{\"@type\":\"WebPage\",\"@id\":\"https:\/\/luggagehero.com\/es\/barcelona\/nord-station\/\",\"url\":\"https:\/\/luggagehero.com\/es\/barcelona\/nord-station\/\",\"name\":\"Estaci\u00f3n del Nord - LuggageHero\",\"isPartOf\":{\"@id\":\"https:\/\/luggagehero.com\/es\/#website\"},\"primaryImageOfPage\":{\"@id\":\"https:\/\/luggagehero.com\/es\/barcelona\/nord-station\/#primaryimage\"},\"image\":{\"@id\":\"https:\/\/luggagehero.com\/es\/barcelona\/nord-station\/#primaryimage\"},\"thumbnailUrl\":\"https:\/\/luggagehero.com\/wp-content\/uploads\/2023\/01\/shutterstock_1225535596-800x450-1.jpg\",\"datePublished\":\"2019-04-08T12:49:58+00:00\",\"dateModified\":\"2023-09-04T08:38:21+00:00\",\"breadcrumb\":{\"@id\":\"https:\/\/luggagehero.com\/es\/barcelona\/nord-station\/#breadcrumb\"},\"inLanguage\":\"es-ES\",\"potentialAction\":[{\"@type\":\"ReadAction\",\"target\":[\"https:\/\/luggagehero.com\/es\/barcelona\/nord-station\/\"]}]},{\"@type\":\"ImageObject\",\"inLanguage\":\"es-ES\",\"@id\":\"https:\/\/luggagehero.com\/es\/barcelona\/nord-station\/#primaryimage\",\"url\":\"https:\/\/luggagehero.com\/wp-content\/uploads\/2023\/01\/shutterstock_1225535596-800x450-1.jpg\",\"contentUrl\":\"https:\/\/luggagehero.com\/wp-content\/uploads\/2023\/01\/shutterstock_1225535596-800x450-1.jpg\",\"width\":800,\"height\":450,\"caption\":\"Luggage storage Nord station LuggageHero\"},{\"@type\":\"BreadcrumbList\",\"@id\":\"https:\/\/luggagehero.com\/es\/barcelona\/nord-station\/#breadcrumb\",\"itemListElement\":[{\"@type\":\"ListItem\",\"position\":1,\"name\":\"Home\",\"item\":\"https:\/\/luggagehero.com\/es\/\"},{\"@type\":\"ListItem\",\"position\":2,\"name\":\"Barcelona\",\"item\":\"https:\/\/luggagehero.com\/es\/barcelona\/\"},{\"@type\":\"ListItem\",\"position\":3,\"name\":\"Estaci\u00f3n del Nord\"}]},{\"@type\":\"WebSite\",\"@id\":\"https:\/\/luggagehero.com\/es\/#website\",\"url\":\"https:\/\/luggagehero.com\/es\/\",\"name\":\"LuggageHero\",\"description\":\"Free yourself from luggage\",\"publisher\":{\"@id\":\"https:\/\/luggagehero.com\/es\/#organization\"},\"potentialAction\":[{\"@type\":\"SearchAction\",\"target\":{\"@type\":\"EntryPoint\",\"urlTemplate\":\"https:\/\/luggagehero.com\/es\/?s={search_term_string}\"},\"query-input\":{\"@type\":\"PropertyValueSpecification\",\"valueRequired\":true,\"valueName\":\"search_term_string\"}}],\"inLanguage\":\"es-ES\"},{\"@type\":\"Organization\",\"@id\":\"https:\/\/luggagehero.com\/es\/#organization\",\"name\":\"LuggageHero\",\"url\":\"https:\/\/luggagehero.com\/es\/\",\"logo\":{\"@type\":\"ImageObject\",\"inLanguage\":\"es-ES\",\"@id\":\"https:\/\/luggagehero.com\/es\/#\/schema\/logo\/image\/\",\"url\":\"https:\/\/luggagehero.com\/wp-content\/uploads\/2017\/04\/luggagehero_LOGO-RGB_kort_POS_200x200.png\",\"contentUrl\":\"https:\/\/luggagehero.com\/wp-content\/uploads\/2017\/04\/luggagehero_LOGO-RGB_kort_POS_200x200.png\",\"width\":200,\"height\":200,\"caption\":\"LuggageHero\"},\"image\":{\"@id\":\"https:\/\/luggagehero.com\/es\/#\/schema\/logo\/image\/\"},\"sameAs\":[\"https:\/\/www.facebook.com\/luggagehero\",\"https:\/\/x.com\/luggagehero\",\"https:\/\/www.instagram.com\/luggagehero\",\"https:\/\/www.linkedin.com\/company\/luggagehero\/\"]}]}<\/script>\n<!-- \/ Yoast SEO Premium plugin. -->","yoast_head_json":{"title":"Estaci\u00f3n del Nord - LuggageHero","robots":{"index":"index","follow":"follow","max-snippet":"max-snippet:-1","max-image-preview":"max-image-preview:large","max-video-preview":"max-video-preview:-1"},"canonical":"https:\/\/luggagehero.com\/es\/barcelona\/nord-station\/","og_locale":"es_ES","og_type":"article","og_title":"Estaci\u00f3n del Nord","og_description":"\u00bfBuscas una consigna de equipaje cerca de la estaci\u00f3n de autobuses de Barcelona Nord? Puedes dejar las maletas en uno de nuestros puntos con consigna de equipaje que hay al lado de la estaci\u00f3n del Nord y visitar Barcelona o el barrio del Eixample c\u00f3modamente. Los establecimientos con consigna de equipaje de LuggageHero son hoteles, [&hellip;]","og_url":"https:\/\/luggagehero.com\/es\/barcelona\/nord-station\/","og_site_name":"LuggageHero","article_publisher":"https:\/\/www.facebook.com\/luggagehero","article_modified_time":"2023-09-04T08:38:21+00:00","og_image":[{"width":800,"height":450,"url":"https:\/\/luggagehero.com\/wp-content\/uploads\/2023\/01\/shutterstock_1225535596-800x450-1.jpg","type":"image\/jpeg"}],"twitter_card":"summary_large_image","twitter_site":"@luggagehero","twitter_misc":{"Est. reading time":"2 minutes"},"schema":{"@context":"https:\/\/schema.org","@graph":[{"@type":"WebPage","@id":"https:\/\/luggagehero.com\/es\/barcelona\/nord-station\/","url":"https:\/\/luggagehero.com\/es\/barcelona\/nord-station\/","name":"Estaci\u00f3n del Nord - LuggageHero","isPartOf":{"@id":"https:\/\/luggagehero.com\/es\/#website"},"primaryImageOfPage":{"@id":"https:\/\/luggagehero.com\/es\/barcelona\/nord-station\/#primaryimage"},"image":{"@id":"https:\/\/luggagehero.com\/es\/barcelona\/nord-station\/#primaryimage"},"thumbnailUrl":"https:\/\/luggagehero.com\/wp-content\/uploads\/2023\/01\/shutterstock_1225535596-800x450-1.jpg","datePublished":"2019-04-08T12:49:58+00:00","dateModified":"2023-09-04T08:38:21+00:00","breadcrumb":{"@id":"https:\/\/luggagehero.com\/es\/barcelona\/nord-station\/#breadcrumb"},"inLanguage":"es-ES","potentialAction":[{"@type":"ReadAction","target":["https:\/\/luggagehero.com\/es\/barcelona\/nord-station\/"]}]},{"@type":"ImageObject","inLanguage":"es-ES","@id":"https:\/\/luggagehero.com\/es\/barcelona\/nord-station\/#primaryimage","url":"https:\/\/luggagehero.com\/wp-content\/uploads\/2023\/01\/shutterstock_1225535596-800x450-1.jpg","contentUrl":"https:\/\/luggagehero.com\/wp-content\/uploads\/2023\/01\/shutterstock_1225535596-800x450-1.jpg","width":800,"height":450,"caption":"Luggage storage Nord station LuggageHero"},{"@type":"BreadcrumbList","@id":"https:\/\/luggagehero.com\/es\/barcelona\/nord-station\/#breadcrumb","itemListElement":[{"@type":"ListItem","position":1,"name":"Home","item":"https:\/\/luggagehero.com\/es\/"},{"@type":"ListItem","position":2,"name":"Barcelona","item":"https:\/\/luggagehero.com\/es\/barcelona\/"},{"@type":"ListItem","position":3,"name":"Estaci\u00f3n del Nord"}]},{"@type":"WebSite","@id":"https:\/\/luggagehero.com\/es\/#website","url":"https:\/\/luggagehero.com\/es\/","name":"LuggageHero","description":"Free yourself from luggage","publisher":{"@id":"https:\/\/luggagehero.com\/es\/#organization"},"potentialAction":[{"@type":"SearchAction","target":{"@type":"EntryPoint","urlTemplate":"https:\/\/luggagehero.com\/es\/?s={search_term_string}"},"query-input":{"@type":"PropertyValueSpecification","valueRequired":true,"valueName":"search_term_string"}}],"inLanguage":"es-ES"},{"@type":"Organization","@id":"https:\/\/luggagehero.com\/es\/#organization","name":"LuggageHero","url":"https:\/\/luggagehero.com\/es\/","logo":{"@type":"ImageObject","inLanguage":"es-ES","@id":"https:\/\/luggagehero.com\/es\/#\/schema\/logo\/image\/","url":"https:\/\/luggagehero.com\/wp-content\/uploads\/2017\/04\/luggagehero_LOGO-RGB_kort_POS_200x200.png","contentUrl":"https:\/\/luggagehero.com\/wp-content\/uploads\/2017\/04\/luggagehero_LOGO-RGB_kort_POS_200x200.png","width":200,"height":200,"caption":"LuggageHero"},"image":{"@id":"https:\/\/luggagehero.com\/es\/#\/schema\/logo\/image\/"},"sameAs":["https:\/\/www.facebook.com\/luggagehero","https:\/\/x.com\/luggagehero","https:\/\/www.instagram.com\/luggagehero","https:\/\/www.linkedin.com\/company\/luggagehero\/"]}]}},"place_id":"","place_latitude_longitude":"41.3947,2.1826","place_name":"Estaci\u00f3n del Nord","criteria_title":"","criteria_description":"","meta_title":"","meta_description":"","children_criteria_title":"","children_criteria_description":"","children_meta_title":"","children_meta_description":"","_edit_last":"9","use_global_content":"","poi_type":"","content_raw":"\u00bfBuscas una consigna de equipaje cerca de la estaci\u00f3n de autobuses de Barcelona Nord? Puedes dejar las maletas en uno de nuestros puntos con consigna de equipaje que hay al lado de la estaci\u00f3n del Nord y visitar <a href=\"https:\/\/luggagehero.com\/barcelona\/\">Barcelona<\/a> o el barrio del Eixample c\u00f3modamente.\r\n\r\nLos establecimientos con consigna de equipaje de LuggageHero son hoteles, cafeter\u00edas y tiendas <a href=\"https:\/\/luggagehero.com\/about\/certified-shops\/\">certificados<\/a>. Si reservas con antelaci\u00f3n, te aseguras espacio para tus maletas. La direcci\u00f3n y las indicaciones para llegar hasta nuestros establecimientos asociados las podr\u00e1s consultar al hacer la reserva. Todas las maletas se precintan con nuestros <a href=\"https:\/\/luggagehero.com\/about\/security-seal\/\">precintos de seguridad<\/a> y aseguramos cada bulto de equipaje hasta un valor de [pricing insurancecoverage] una vez dejes las maletas y pongas en marcha el contador de la consigna en la p\u00e1gina de tu reserva.\r\n\r\n&nbsp;\r\n\r\n<img class=\"size-large wp-image-5432 aligncenter\" src=\"https:\/\/luggagehero.com\/wp-content\/uploads\/2019\/03\/shutterstock_1225535596-800x450.jpg\" alt=\"Deja las maletas cerca de la estaci\u00f3n de autobuses del Nord\" width=\"800\" height=\"450\" \/>\r\n\r\n&nbsp;\r\n<h2 style=\"text-align: center;\">Barcelona Nord<\/h2>\r\nLa estaci\u00f3n de Barcelona Nord o Estaci\u00f3 del Nord es una antigua estaci\u00f3n de tren que actualmente se utiliza en parte como estaci\u00f3n de autobuses y en parte como recinto deportivo polivalente. La estaci\u00f3n de autobuses es la principal terminal de Barcelona para los servicios regulares de media y larga distancia. Es el punto de inicio o final de todas las rutas de autob\u00fas internacionales y nacionales.\r\n\r\nLa estaci\u00f3n est\u00e1 cerca del monumento Arc de Triomf, que se encuentra en el <a href=\"https:\/\/luggagehero.com\/barcelona\/eixample\/\">Eixample<\/a>. La Estaci\u00f3n del Nord tiene una ubicaci\u00f3n c\u00e9ntrica en Barcelona, pero si lo que quieres es pasear por el centro de<a href=\"https:\/\/luggagehero.com\/barcelona\/\"> Barcelona<\/a> probablemente debas dirigirte a La Rambla o a la <a href=\"https:\/\/luggagehero.com\/barcelona\/catalunya-station\/\">plaza de Catalunya<\/a>. Desde la parada de metro de Arc de Triomf, tendr\u00e1s acceso directo a <a href=\"https:\/\/luggagehero.com\/barcelona\/sants-station\/\">Barcelona Sants<\/a>, a plaza de Catalunya y a la <a href=\"https:\/\/luggagehero.com\/barcelona\/espanya-station\/\">plaza de Espanya<\/a>.","_links":{"self":[{"href":"https:\/\/luggagehero.com\/es\/wp-json\/wp\/v2\/pages\/6104","targetHints":{"allow":["GET"]}}],"collection":[{"href":"https:\/\/luggagehero.com\/es\/wp-json\/wp\/v2\/pages"}],"about":[{"href":"https:\/\/luggagehero.com\/es\/wp-json\/wp\/v2\/types\/page"}],"author":[{"embeddable":true,"href":"https:\/\/luggagehero.com\/es\/wp-json\/wp\/v2\/users\/9"}],"replies":[{"embeddable":true,"href":"https:\/\/luggagehero.com\/es\/wp-json\/wp\/v2\/comments?post=6104"}],"version-history":[{"count":0,"href":"https:\/\/luggagehero.com\/es\/wp-json\/wp\/v2\/pages\/6104\/revisions"}],"up":[{"embeddable":true,"href":"https:\/\/luggagehero.com\/es\/wp-json\/wp\/v2\/pages\/6088"}],"wp:featuredmedia":[{"embeddable":true,"href":"https:\/\/luggagehero.com\/es\/wp-json\/wp\/v2\/media\/55323"}],"wp:attachment":[{"href":"https:\/\/luggagehero.com\/es\/wp-json\/wp\/v2\/media?parent=6104"}],"curies":[{"name":"wp","href":"https:\/\/api.w.org\/{rel}","templated":true}]}}