{"id":6107,"date":"2019-04-08T12:50:06","date_gmt":"2019-04-08T12:50:06","guid":{"rendered":"https:\/\/luggagehero.com\/barcelona\/espanya-station\/"},"modified":"2023-09-04T08:39:11","modified_gmt":"2023-09-04T08:39:11","slug":"espanya-station","status":"publish","type":"page","link":"https:\/\/luggagehero.com\/es\/barcelona\/espanya-station\/","title":{"rendered":"Estaci\u00f3n Espanya"},"content":{"rendered":"<p><span style=\"font-weight: 400;\">\u00bfBuscas una consigna de equipaje cerca de la estaci\u00f3n de Espanya? Puedes dejar las maletas en uno de nuestros puntos con consigna de equipaje que hay al lado de la plaza de Espanya y visitar <a href=\"https:\/\/luggagehero.com\/barcelona\/\">Barcelona<\/a>c\u00f3modamente.<\/span><\/p>\n<p><span style=\"font-weight: 400;\">Los establecimientos con consigna de equipaje de LuggageHero <\/span><a href=\"https:\/\/luggagehero.com\/about\/certified-shops\/\">son hoteles, cafeter\u00edas y tiendas certificados.<\/a><span style=\"font-weight: 400;\">Si reservas con antelaci\u00f3n, te aseguras espacio para tus maletas. La direcci\u00f3n y las indicaciones para llegar hasta nuestros establecimientos asociados las podr\u00e1s consultar al hacer la reserva. Todas las maletas se precintan con nuestros <\/span><a href=\"https:\/\/luggagehero.com\/about\/security-seal\/\"><span style=\"font-weight: 400;\">precintos de seguridad<\/span><\/a><span style=\"font-weight: 400;\"> y aseguramos cada bulto de equipaje hasta un valor de <pricing-component type=\"insurancecoverage\"><\/pricing-component> una vez dejes las maletas y pongas en marcha el contador de la consigna en la p\u00e1gina de tu reserva.<\/span><\/p>\n<p>&nbsp;<\/p>\n<p><img loading=\"lazy\" decoding=\"async\" class=\"size-large wp-image-5399 aligncenter\" src=\"https:\/\/luggagehero.com\/wp-content\/uploads\/2019\/02\/shutterstock_238917382-800x581.jpg\" alt=\"\" width=\"800\" height=\"581\" srcset=\"https:\/\/luggagehero.com\/wp-content\/uploads\/2019\/02\/shutterstock_238917382-800x581.jpg 800w, https:\/\/luggagehero.com\/wp-content\/uploads\/2019\/02\/shutterstock_238917382-300x218.jpg 300w, https:\/\/luggagehero.com\/wp-content\/uploads\/2019\/02\/shutterstock_238917382-600x436.jpg 600w, https:\/\/luggagehero.com\/wp-content\/uploads\/2019\/02\/shutterstock_238917382.jpg 1000w\" sizes=\"auto, (max-width: 800px) 100vw, 800px\" \/><\/p>\n<p>&nbsp;<\/p>\n<h2 style=\"text-align: center;\">Plaza de Espanya<\/h2>\n<p>La plaza de Espanya est\u00e1 situada cerca del centro de la ciudad y en ella se cruzan algunas grandes avenidas de Barcelona, como la Gran V\u00eda y el Paralelo. Es la puerta de entrada a la Fuente M\u00e1gica de Montju\u00efc y un importante hub de transporte. La Fuente M\u00e1gica es una de las mayores atracciones de la ciudad. Un bonito espect\u00e1culo de agua, luces y m\u00fasica con entrada gratuita.<\/p>\n<p>La antigua plaza de toros de las Arenas de Barcelona se convirti\u00f3 en un centro comercial moderno que conserva la fachada original en el exterior. La plaza de Espanya tiene muchos atractivos y sin duda vale la pena visitarla.<\/p>\n<p>&nbsp;<\/p>\n","protected":false},"excerpt":{"rendered":"<p>\u00bfBuscas una consigna de equipaje cerca de la estaci\u00f3n de Espanya? Puedes dejar las maletas en uno de nuestros puntos con consigna de equipaje que hay al lado de la plaza de Espanya y visitar Barcelonac\u00f3modamente. Los establecimientos con consigna de equipaje de LuggageHero son hoteles, cafeter\u00edas y tiendas certificados.Si reservas con antelaci\u00f3n, te aseguras [&hellip;]<\/p>\n","protected":false},"author":9,"featured_media":5403,"parent":6088,"menu_order":0,"comment_status":"closed","ping_status":"closed","template":"template-location.php","meta":{"_acf_changed":false,"footnotes":""},"class_list":["post-6107","page","type-page","status-publish","has-post-thumbnail","hentry"],"acf":[],"yoast_head":"<!-- This site is optimized with the Yoast SEO Premium plugin v27.0 (Yoast SEO v27.0) - https:\/\/yoast.com\/product\/yoast-seo-premium-wordpress\/ -->\n<title>Estaci\u00f3n Espanya - LuggageHero<\/title>\n<meta name=\"robots\" content=\"index, follow, max-snippet:-1, max-image-preview:large, max-video-preview:-1\" \/>\n<link rel=\"canonical\" href=\"https:\/\/luggagehero.com\/es\/barcelona\/espanya-station\/\" \/>\n<meta property=\"og:locale\" content=\"es_ES\" \/>\n<meta property=\"og:type\" content=\"article\" \/>\n<meta property=\"og:title\" content=\"Estaci\u00f3n Espanya\" \/>\n<meta property=\"og:description\" content=\"\u00bfBuscas una consigna de equipaje cerca de la estaci\u00f3n de Espanya? Puedes dejar las maletas en uno de nuestros puntos con consigna de equipaje que hay al lado de la plaza de Espanya y visitar Barcelonac\u00f3modamente. Los establecimientos con consigna de equipaje de LuggageHero son hoteles, cafeter\u00edas y tiendas certificados.Si reservas con antelaci\u00f3n, te aseguras [&hellip;]\" \/>\n<meta property=\"og:url\" content=\"https:\/\/luggagehero.com\/es\/barcelona\/espanya-station\/\" \/>\n<meta property=\"og:site_name\" content=\"LuggageHero\" \/>\n<meta property=\"article:publisher\" content=\"https:\/\/www.facebook.com\/luggagehero\" \/>\n<meta property=\"article:modified_time\" content=\"2023-09-04T08:39:11+00:00\" \/>\n<meta property=\"og:image\" content=\"https:\/\/luggagehero.com\/wp-content\/uploads\/2019\/02\/shutterstock_238917382.jpg\" \/>\n\t<meta property=\"og:image:width\" content=\"1000\" \/>\n\t<meta property=\"og:image:height\" content=\"726\" \/>\n\t<meta property=\"og:image:type\" content=\"image\/jpeg\" \/>\n<meta name=\"twitter:card\" content=\"summary_large_image\" \/>\n<meta name=\"twitter:site\" content=\"@luggagehero\" \/>\n<meta name=\"twitter:label1\" content=\"Est. reading time\" \/>\n\t<meta name=\"twitter:data1\" content=\"2 minutes\" \/>\n<script type=\"application\/ld+json\" class=\"yoast-schema-graph\">{\"@context\":\"https:\/\/schema.org\",\"@graph\":[{\"@type\":\"WebPage\",\"@id\":\"https:\/\/luggagehero.com\/es\/barcelona\/espanya-station\/\",\"url\":\"https:\/\/luggagehero.com\/es\/barcelona\/espanya-station\/\",\"name\":\"Estaci\u00f3n Espanya - LuggageHero\",\"isPartOf\":{\"@id\":\"https:\/\/luggagehero.com\/es\/#website\"},\"primaryImageOfPage\":{\"@id\":\"https:\/\/luggagehero.com\/es\/barcelona\/espanya-station\/#primaryimage\"},\"image\":{\"@id\":\"https:\/\/luggagehero.com\/es\/barcelona\/espanya-station\/#primaryimage\"},\"thumbnailUrl\":\"https:\/\/luggagehero.com\/wp-content\/uploads\/2019\/02\/shutterstock_238917382.jpg\",\"datePublished\":\"2019-04-08T12:50:06+00:00\",\"dateModified\":\"2023-09-04T08:39:11+00:00\",\"breadcrumb\":{\"@id\":\"https:\/\/luggagehero.com\/es\/barcelona\/espanya-station\/#breadcrumb\"},\"inLanguage\":\"es-ES\",\"potentialAction\":[{\"@type\":\"ReadAction\",\"target\":[\"https:\/\/luggagehero.com\/es\/barcelona\/espanya-station\/\"]}]},{\"@type\":\"ImageObject\",\"inLanguage\":\"es-ES\",\"@id\":\"https:\/\/luggagehero.com\/es\/barcelona\/espanya-station\/#primaryimage\",\"url\":\"https:\/\/luggagehero.com\/wp-content\/uploads\/2019\/02\/shutterstock_238917382.jpg\",\"contentUrl\":\"https:\/\/luggagehero.com\/wp-content\/uploads\/2019\/02\/shutterstock_238917382.jpg\",\"width\":1000,\"height\":726},{\"@type\":\"BreadcrumbList\",\"@id\":\"https:\/\/luggagehero.com\/es\/barcelona\/espanya-station\/#breadcrumb\",\"itemListElement\":[{\"@type\":\"ListItem\",\"position\":1,\"name\":\"Home\",\"item\":\"https:\/\/luggagehero.com\/es\/\"},{\"@type\":\"ListItem\",\"position\":2,\"name\":\"Barcelona\",\"item\":\"https:\/\/luggagehero.com\/es\/barcelona\/\"},{\"@type\":\"ListItem\",\"position\":3,\"name\":\"Estaci\u00f3n Espanya\"}]},{\"@type\":\"WebSite\",\"@id\":\"https:\/\/luggagehero.com\/es\/#website\",\"url\":\"https:\/\/luggagehero.com\/es\/\",\"name\":\"LuggageHero\",\"description\":\"Free yourself from luggage\",\"publisher\":{\"@id\":\"https:\/\/luggagehero.com\/es\/#organization\"},\"potentialAction\":[{\"@type\":\"SearchAction\",\"target\":{\"@type\":\"EntryPoint\",\"urlTemplate\":\"https:\/\/luggagehero.com\/es\/?s={search_term_string}\"},\"query-input\":{\"@type\":\"PropertyValueSpecification\",\"valueRequired\":true,\"valueName\":\"search_term_string\"}}],\"inLanguage\":\"es-ES\"},{\"@type\":\"Organization\",\"@id\":\"https:\/\/luggagehero.com\/es\/#organization\",\"name\":\"LuggageHero\",\"url\":\"https:\/\/luggagehero.com\/es\/\",\"logo\":{\"@type\":\"ImageObject\",\"inLanguage\":\"es-ES\",\"@id\":\"https:\/\/luggagehero.com\/es\/#\/schema\/logo\/image\/\",\"url\":\"https:\/\/luggagehero.com\/wp-content\/uploads\/2017\/04\/luggagehero_LOGO-RGB_kort_POS_200x200.png\",\"contentUrl\":\"https:\/\/luggagehero.com\/wp-content\/uploads\/2017\/04\/luggagehero_LOGO-RGB_kort_POS_200x200.png\",\"width\":200,\"height\":200,\"caption\":\"LuggageHero\"},\"image\":{\"@id\":\"https:\/\/luggagehero.com\/es\/#\/schema\/logo\/image\/\"},\"sameAs\":[\"https:\/\/www.facebook.com\/luggagehero\",\"https:\/\/x.com\/luggagehero\",\"https:\/\/www.instagram.com\/luggagehero\",\"https:\/\/www.linkedin.com\/company\/luggagehero\/\"]}]}<\/script>\n<!-- \/ Yoast SEO Premium plugin. -->","yoast_head_json":{"title":"Estaci\u00f3n Espanya - LuggageHero","robots":{"index":"index","follow":"follow","max-snippet":"max-snippet:-1","max-image-preview":"max-image-preview:large","max-video-preview":"max-video-preview:-1"},"canonical":"https:\/\/luggagehero.com\/es\/barcelona\/espanya-station\/","og_locale":"es_ES","og_type":"article","og_title":"Estaci\u00f3n Espanya","og_description":"\u00bfBuscas una consigna de equipaje cerca de la estaci\u00f3n de Espanya? Puedes dejar las maletas en uno de nuestros puntos con consigna de equipaje que hay al lado de la plaza de Espanya y visitar Barcelonac\u00f3modamente. Los establecimientos con consigna de equipaje de LuggageHero son hoteles, cafeter\u00edas y tiendas certificados.Si reservas con antelaci\u00f3n, te aseguras [&hellip;]","og_url":"https:\/\/luggagehero.com\/es\/barcelona\/espanya-station\/","og_site_name":"LuggageHero","article_publisher":"https:\/\/www.facebook.com\/luggagehero","article_modified_time":"2023-09-04T08:39:11+00:00","og_image":[{"width":1000,"height":726,"url":"https:\/\/luggagehero.com\/wp-content\/uploads\/2019\/02\/shutterstock_238917382.jpg","type":"image\/jpeg"}],"twitter_card":"summary_large_image","twitter_site":"@luggagehero","twitter_misc":{"Est. reading time":"2 minutes"},"schema":{"@context":"https:\/\/schema.org","@graph":[{"@type":"WebPage","@id":"https:\/\/luggagehero.com\/es\/barcelona\/espanya-station\/","url":"https:\/\/luggagehero.com\/es\/barcelona\/espanya-station\/","name":"Estaci\u00f3n Espanya - LuggageHero","isPartOf":{"@id":"https:\/\/luggagehero.com\/es\/#website"},"primaryImageOfPage":{"@id":"https:\/\/luggagehero.com\/es\/barcelona\/espanya-station\/#primaryimage"},"image":{"@id":"https:\/\/luggagehero.com\/es\/barcelona\/espanya-station\/#primaryimage"},"thumbnailUrl":"https:\/\/luggagehero.com\/wp-content\/uploads\/2019\/02\/shutterstock_238917382.jpg","datePublished":"2019-04-08T12:50:06+00:00","dateModified":"2023-09-04T08:39:11+00:00","breadcrumb":{"@id":"https:\/\/luggagehero.com\/es\/barcelona\/espanya-station\/#breadcrumb"},"inLanguage":"es-ES","potentialAction":[{"@type":"ReadAction","target":["https:\/\/luggagehero.com\/es\/barcelona\/espanya-station\/"]}]},{"@type":"ImageObject","inLanguage":"es-ES","@id":"https:\/\/luggagehero.com\/es\/barcelona\/espanya-station\/#primaryimage","url":"https:\/\/luggagehero.com\/wp-content\/uploads\/2019\/02\/shutterstock_238917382.jpg","contentUrl":"https:\/\/luggagehero.com\/wp-content\/uploads\/2019\/02\/shutterstock_238917382.jpg","width":1000,"height":726},{"@type":"BreadcrumbList","@id":"https:\/\/luggagehero.com\/es\/barcelona\/espanya-station\/#breadcrumb","itemListElement":[{"@type":"ListItem","position":1,"name":"Home","item":"https:\/\/luggagehero.com\/es\/"},{"@type":"ListItem","position":2,"name":"Barcelona","item":"https:\/\/luggagehero.com\/es\/barcelona\/"},{"@type":"ListItem","position":3,"name":"Estaci\u00f3n Espanya"}]},{"@type":"WebSite","@id":"https:\/\/luggagehero.com\/es\/#website","url":"https:\/\/luggagehero.com\/es\/","name":"LuggageHero","description":"Free yourself from luggage","publisher":{"@id":"https:\/\/luggagehero.com\/es\/#organization"},"potentialAction":[{"@type":"SearchAction","target":{"@type":"EntryPoint","urlTemplate":"https:\/\/luggagehero.com\/es\/?s={search_term_string}"},"query-input":{"@type":"PropertyValueSpecification","valueRequired":true,"valueName":"search_term_string"}}],"inLanguage":"es-ES"},{"@type":"Organization","@id":"https:\/\/luggagehero.com\/es\/#organization","name":"LuggageHero","url":"https:\/\/luggagehero.com\/es\/","logo":{"@type":"ImageObject","inLanguage":"es-ES","@id":"https:\/\/luggagehero.com\/es\/#\/schema\/logo\/image\/","url":"https:\/\/luggagehero.com\/wp-content\/uploads\/2017\/04\/luggagehero_LOGO-RGB_kort_POS_200x200.png","contentUrl":"https:\/\/luggagehero.com\/wp-content\/uploads\/2017\/04\/luggagehero_LOGO-RGB_kort_POS_200x200.png","width":200,"height":200,"caption":"LuggageHero"},"image":{"@id":"https:\/\/luggagehero.com\/es\/#\/schema\/logo\/image\/"},"sameAs":["https:\/\/www.facebook.com\/luggagehero","https:\/\/x.com\/luggagehero","https:\/\/www.instagram.com\/luggagehero","https:\/\/www.linkedin.com\/company\/luggagehero\/"]}]}},"place_id":"","place_latitude_longitude":"41.374638635791854, 2.148467597807213","place_name":"Estaci\u00f3n Espanya","criteria_title":"","criteria_description":"","meta_title":"","meta_description":"","children_criteria_title":"","children_criteria_description":"","children_meta_title":"","children_meta_description":"","_edit_last":"9","use_global_content":"","poi_type":"","content_raw":"<span style=\"font-weight: 400;\">\u00bfBuscas una consigna de equipaje cerca de la estaci\u00f3n de Espanya? Puedes dejar las maletas en uno de nuestros puntos con consigna de equipaje que hay al lado de la plaza de Espanya y visitar <a href=\"https:\/\/luggagehero.com\/barcelona\/\">Barcelona<\/a>c\u00f3modamente.<\/span>\r\n\r\n<span style=\"font-weight: 400;\">Los establecimientos con consigna de equipaje de LuggageHero <\/span><a href=\"https:\/\/luggagehero.com\/about\/certified-shops\/\">son hoteles, cafeter\u00edas y tiendas certificados.<\/a><span style=\"font-weight: 400;\">Si reservas con antelaci\u00f3n, te aseguras espacio para tus maletas. La direcci\u00f3n y las indicaciones para llegar hasta nuestros establecimientos asociados las podr\u00e1s consultar al hacer la reserva. Todas las maletas se precintan con nuestros <\/span><a href=\"https:\/\/luggagehero.com\/about\/security-seal\/\"><span style=\"font-weight: 400;\">precintos de seguridad<\/span><\/a><span style=\"font-weight: 400;\"> y aseguramos cada bulto de equipaje hasta un valor de [pricing insurancecoverage] una vez dejes las maletas y pongas en marcha el contador de la consigna en la p\u00e1gina de tu reserva.<\/span>\r\n\r\n&nbsp;\r\n\r\n<img class=\"size-large wp-image-5399 aligncenter\" src=\"https:\/\/luggagehero.com\/wp-content\/uploads\/2019\/02\/shutterstock_238917382-800x581.jpg\" alt=\"\" width=\"800\" height=\"581\" \/>\r\n\r\n&nbsp;\r\n<h2 style=\"text-align: center;\">Plaza de Espanya<\/h2>\r\nLa plaza de Espanya est\u00e1 situada cerca del centro de la ciudad y en ella se cruzan algunas grandes avenidas de Barcelona, como la Gran V\u00eda y el Paralelo. Es la puerta de entrada a la Fuente M\u00e1gica de Montju\u00efc y un importante hub de transporte. La Fuente M\u00e1gica es una de las mayores atracciones de la ciudad. Un bonito espect\u00e1culo de agua, luces y m\u00fasica con entrada gratuita.\r\n\r\nLa antigua plaza de toros de las Arenas de Barcelona se convirti\u00f3 en un centro comercial moderno que conserva la fachada original en el exterior. La plaza de Espanya tiene muchos atractivos y sin duda vale la pena visitarla.\r\n\r\n&nbsp;","_links":{"self":[{"href":"https:\/\/luggagehero.com\/es\/wp-json\/wp\/v2\/pages\/6107","targetHints":{"allow":["GET"]}}],"collection":[{"href":"https:\/\/luggagehero.com\/es\/wp-json\/wp\/v2\/pages"}],"about":[{"href":"https:\/\/luggagehero.com\/es\/wp-json\/wp\/v2\/types\/page"}],"author":[{"embeddable":true,"href":"https:\/\/luggagehero.com\/es\/wp-json\/wp\/v2\/users\/9"}],"replies":[{"embeddable":true,"href":"https:\/\/luggagehero.com\/es\/wp-json\/wp\/v2\/comments?post=6107"}],"version-history":[{"count":0,"href":"https:\/\/luggagehero.com\/es\/wp-json\/wp\/v2\/pages\/6107\/revisions"}],"up":[{"embeddable":true,"href":"https:\/\/luggagehero.com\/es\/wp-json\/wp\/v2\/pages\/6088"}],"wp:featuredmedia":[{"embeddable":true,"href":"https:\/\/luggagehero.com\/es\/wp-json\/wp\/v2\/media\/5403"}],"wp:attachment":[{"href":"https:\/\/luggagehero.com\/es\/wp-json\/wp\/v2\/media?parent=6107"}],"curies":[{"name":"wp","href":"https:\/\/api.w.org\/{rel}","templated":true}]}}