{"id":6109,"date":"2019-04-08T12:50:10","date_gmt":"2019-04-08T12:50:10","guid":{"rendered":"https:\/\/luggagehero.com\/madrid\/plaza-de-espana\/"},"modified":"2023-09-04T08:52:53","modified_gmt":"2023-09-04T08:52:53","slug":"plaza-de-espana","status":"publish","type":"page","link":"https:\/\/luggagehero.com\/es\/madrid\/plaza-de-espana\/","title":{"rendered":"Plaza de Espana"},"content":{"rendered":"<p>\u00bfBuscas una consigna de equipaje antes de visitar la plaza de Espa\u00f1a? Puedes dejar las maletas en uno de nuestros puntos con consigna de equipaje que hay en los alrededores de la plaza de Espa\u00f1a y visitar <a href=\"https:\/\/luggagehero.com\/madrid\/\">Madrid<\/a> c\u00f3modamente.<\/p>\n<p>Los establecimientos con consigna de equipaje de LuggageHero son hoteles, cafeter\u00edas y tiendas <a href=\"https:\/\/luggagehero.com\/about\/certified-shops\/\">certificados<\/a>. Si reservas con antelaci\u00f3n, te aseguras espacio para tus maletas. La direcci\u00f3n y las indicaciones para llegar hasta nuestros establecimientos asociados las podr\u00e1s consultar al hacer la reserva. Todas las maletas se precintan con nuestros <a href=\"https:\/\/luggagehero.com\/about\/security-seal\/\">precintos de seguridad<\/a> y aseguramos cada bulto de equipaje hasta un valor de <pricing-component type=\"insurancecoverage\"><\/pricing-component> una vez dejes las maletas y pongas en marcha el contador de la consigna en la p\u00e1gina de tu reserva.<\/p>\n<p>&nbsp;<\/p>\n<p><img loading=\"lazy\" decoding=\"async\" class=\"aligncenter wp-image-5364 size-large\" src=\"https:\/\/luggagehero.com\/wp-content\/uploads\/2019\/02\/Luggage_storage_plaza_de_espana-800x533.jpg\" alt=\"Consigna de equipaje plaza de Espa\u00f1a Madrid\" width=\"800\" height=\"533\" srcset=\"https:\/\/luggagehero.com\/wp-content\/uploads\/2019\/02\/Luggage_storage_plaza_de_espana-800x533.jpg 800w, https:\/\/luggagehero.com\/wp-content\/uploads\/2019\/02\/Luggage_storage_plaza_de_espana-300x200.jpg 300w, https:\/\/luggagehero.com\/wp-content\/uploads\/2019\/02\/Luggage_storage_plaza_de_espana-600x400.jpg 600w\" sizes=\"auto, (max-width: 800px) 100vw, 800px\" \/><\/p>\n<h2><\/h2>\n<h2 style=\"text-align: center;\">Plaza de Espa\u00f1a<\/h2>\n<p>La plaza de Espa\u00f1a es una plaza de grandes dimensiones y un destino tur\u00edstico muy concurrido del centro de Madrid, en el lado oeste de la Gran V\u00eda. Incluye un monumento a Miguel de Cervantes Saavedra y est\u00e1 rodeado por dos de los rascacielos m\u00e1s imponentes de Madrid, la Torre de Madrid y el edificio Espa\u00f1a.<\/p>\n<p>Como la plaza de Espa\u00f1a es uno de los puntos m\u00e1s c\u00e9ntricos de Madrid y tambi\u00e9n est\u00e1 muy cerca de muchos de sus principales monumentos y atracciones, esta zona de Madrid es una base ideal para tu estancia.<\/p>\n<p>Podr\u00e1s llegar a la plaza de Espa\u00f1a desde <a href=\"https:\/\/luggagehero.com\/madrid\/atocha-train-station\/\">Atocha Cercan\u00edas<\/a> o <a href=\"https:\/\/luggagehero.com\/madrid\/puerta-del-sol\/\">la estaci\u00f3n de Sol<\/a> en un par de minutos en metro. Andar desde <a href=\"https:\/\/luggagehero.com\/madrid\/noviciado\/\">Noviciado<\/a> tambi\u00e9n es una forma muy f\u00e1cil de llegar a la plaza de Espa\u00f1a.<\/p>\n<p>&nbsp;<\/p>\n","protected":false},"excerpt":{"rendered":"<p>\u00bfBuscas una consigna de equipaje antes de visitar la plaza de Espa\u00f1a? Puedes dejar las maletas en uno de nuestros puntos con consigna de equipaje que hay en los alrededores de la plaza de Espa\u00f1a y visitar Madrid c\u00f3modamente. Los establecimientos con consigna de equipaje de LuggageHero son hoteles, cafeter\u00edas y tiendas certificados. Si reservas [&hellip;]<\/p>\n","protected":false},"author":9,"featured_media":0,"parent":6086,"menu_order":0,"comment_status":"closed","ping_status":"closed","template":"template-location.php","meta":{"_acf_changed":false,"footnotes":""},"class_list":["post-6109","page","type-page","status-publish","hentry"],"acf":[],"yoast_head":"<!-- This site is optimized with the Yoast SEO Premium plugin v27.0 (Yoast SEO v27.0) - https:\/\/yoast.com\/product\/yoast-seo-premium-wordpress\/ -->\n<title>Plaza de Espana - LuggageHero<\/title>\n<meta name=\"robots\" content=\"index, follow, max-snippet:-1, max-image-preview:large, max-video-preview:-1\" \/>\n<link rel=\"canonical\" href=\"https:\/\/luggagehero.com\/es\/madrid\/plaza-de-espana\/\" \/>\n<meta property=\"og:locale\" content=\"es_ES\" \/>\n<meta property=\"og:type\" content=\"article\" \/>\n<meta property=\"og:title\" content=\"Plaza de Espana\" \/>\n<meta property=\"og:description\" content=\"\u00bfBuscas una consigna de equipaje antes de visitar la plaza de Espa\u00f1a? Puedes dejar las maletas en uno de nuestros puntos con consigna de equipaje que hay en los alrededores de la plaza de Espa\u00f1a y visitar Madrid c\u00f3modamente. Los establecimientos con consigna de equipaje de LuggageHero son hoteles, cafeter\u00edas y tiendas certificados. Si reservas [&hellip;]\" \/>\n<meta property=\"og:url\" content=\"https:\/\/luggagehero.com\/es\/madrid\/plaza-de-espana\/\" \/>\n<meta property=\"og:site_name\" content=\"LuggageHero\" \/>\n<meta property=\"article:publisher\" content=\"https:\/\/www.facebook.com\/luggagehero\" \/>\n<meta property=\"article:modified_time\" content=\"2023-09-04T08:52:53+00:00\" \/>\n<meta property=\"og:image\" content=\"https:\/\/luggagehero.com\/wp-content\/uploads\/2019\/02\/Luggage_storage_plaza_de_espana-800x533.jpg\" \/>\n<meta name=\"twitter:card\" content=\"summary_large_image\" \/>\n<meta name=\"twitter:site\" content=\"@luggagehero\" \/>\n<meta name=\"twitter:label1\" content=\"Est. reading time\" \/>\n\t<meta name=\"twitter:data1\" content=\"2 minutes\" \/>\n<script type=\"application\/ld+json\" class=\"yoast-schema-graph\">{\"@context\":\"https:\/\/schema.org\",\"@graph\":[{\"@type\":\"WebPage\",\"@id\":\"https:\/\/luggagehero.com\/es\/madrid\/plaza-de-espana\/\",\"url\":\"https:\/\/luggagehero.com\/es\/madrid\/plaza-de-espana\/\",\"name\":\"Plaza de Espana - LuggageHero\",\"isPartOf\":{\"@id\":\"https:\/\/luggagehero.com\/es\/#website\"},\"primaryImageOfPage\":{\"@id\":\"https:\/\/luggagehero.com\/es\/madrid\/plaza-de-espana\/#primaryimage\"},\"image\":{\"@id\":\"https:\/\/luggagehero.com\/es\/madrid\/plaza-de-espana\/#primaryimage\"},\"thumbnailUrl\":\"https:\/\/luggagehero.com\/wp-content\/uploads\/2019\/02\/Luggage_storage_plaza_de_espana-800x533.jpg\",\"datePublished\":\"2019-04-08T12:50:10+00:00\",\"dateModified\":\"2023-09-04T08:52:53+00:00\",\"breadcrumb\":{\"@id\":\"https:\/\/luggagehero.com\/es\/madrid\/plaza-de-espana\/#breadcrumb\"},\"inLanguage\":\"es-ES\",\"potentialAction\":[{\"@type\":\"ReadAction\",\"target\":[\"https:\/\/luggagehero.com\/es\/madrid\/plaza-de-espana\/\"]}]},{\"@type\":\"ImageObject\",\"inLanguage\":\"es-ES\",\"@id\":\"https:\/\/luggagehero.com\/es\/madrid\/plaza-de-espana\/#primaryimage\",\"url\":\"https:\/\/luggagehero.com\/wp-content\/uploads\/2019\/02\/Luggage_storage_plaza_de_espana-800x533.jpg\",\"contentUrl\":\"https:\/\/luggagehero.com\/wp-content\/uploads\/2019\/02\/Luggage_storage_plaza_de_espana-800x533.jpg\"},{\"@type\":\"BreadcrumbList\",\"@id\":\"https:\/\/luggagehero.com\/es\/madrid\/plaza-de-espana\/#breadcrumb\",\"itemListElement\":[{\"@type\":\"ListItem\",\"position\":1,\"name\":\"Home\",\"item\":\"https:\/\/luggagehero.com\/es\/\"},{\"@type\":\"ListItem\",\"position\":2,\"name\":\"Madrid\",\"item\":\"https:\/\/luggagehero.com\/es\/madrid\/\"},{\"@type\":\"ListItem\",\"position\":3,\"name\":\"Plaza de Espana\"}]},{\"@type\":\"WebSite\",\"@id\":\"https:\/\/luggagehero.com\/es\/#website\",\"url\":\"https:\/\/luggagehero.com\/es\/\",\"name\":\"LuggageHero\",\"description\":\"Free yourself from luggage\",\"publisher\":{\"@id\":\"https:\/\/luggagehero.com\/es\/#organization\"},\"potentialAction\":[{\"@type\":\"SearchAction\",\"target\":{\"@type\":\"EntryPoint\",\"urlTemplate\":\"https:\/\/luggagehero.com\/es\/?s={search_term_string}\"},\"query-input\":{\"@type\":\"PropertyValueSpecification\",\"valueRequired\":true,\"valueName\":\"search_term_string\"}}],\"inLanguage\":\"es-ES\"},{\"@type\":\"Organization\",\"@id\":\"https:\/\/luggagehero.com\/es\/#organization\",\"name\":\"LuggageHero\",\"url\":\"https:\/\/luggagehero.com\/es\/\",\"logo\":{\"@type\":\"ImageObject\",\"inLanguage\":\"es-ES\",\"@id\":\"https:\/\/luggagehero.com\/es\/#\/schema\/logo\/image\/\",\"url\":\"https:\/\/luggagehero.com\/wp-content\/uploads\/2017\/04\/luggagehero_LOGO-RGB_kort_POS_200x200.png\",\"contentUrl\":\"https:\/\/luggagehero.com\/wp-content\/uploads\/2017\/04\/luggagehero_LOGO-RGB_kort_POS_200x200.png\",\"width\":200,\"height\":200,\"caption\":\"LuggageHero\"},\"image\":{\"@id\":\"https:\/\/luggagehero.com\/es\/#\/schema\/logo\/image\/\"},\"sameAs\":[\"https:\/\/www.facebook.com\/luggagehero\",\"https:\/\/x.com\/luggagehero\",\"https:\/\/www.instagram.com\/luggagehero\",\"https:\/\/www.linkedin.com\/company\/luggagehero\/\"]}]}<\/script>\n<!-- \/ Yoast SEO Premium plugin. -->","yoast_head_json":{"title":"Plaza de Espana - LuggageHero","robots":{"index":"index","follow":"follow","max-snippet":"max-snippet:-1","max-image-preview":"max-image-preview:large","max-video-preview":"max-video-preview:-1"},"canonical":"https:\/\/luggagehero.com\/es\/madrid\/plaza-de-espana\/","og_locale":"es_ES","og_type":"article","og_title":"Plaza de Espana","og_description":"\u00bfBuscas una consigna de equipaje antes de visitar la plaza de Espa\u00f1a? Puedes dejar las maletas en uno de nuestros puntos con consigna de equipaje que hay en los alrededores de la plaza de Espa\u00f1a y visitar Madrid c\u00f3modamente. Los establecimientos con consigna de equipaje de LuggageHero son hoteles, cafeter\u00edas y tiendas certificados. Si reservas [&hellip;]","og_url":"https:\/\/luggagehero.com\/es\/madrid\/plaza-de-espana\/","og_site_name":"LuggageHero","article_publisher":"https:\/\/www.facebook.com\/luggagehero","article_modified_time":"2023-09-04T08:52:53+00:00","og_image":[{"url":"https:\/\/luggagehero.com\/wp-content\/uploads\/2019\/02\/Luggage_storage_plaza_de_espana-800x533.jpg","type":"","width":"","height":""}],"twitter_card":"summary_large_image","twitter_site":"@luggagehero","twitter_misc":{"Est. reading time":"2 minutes"},"schema":{"@context":"https:\/\/schema.org","@graph":[{"@type":"WebPage","@id":"https:\/\/luggagehero.com\/es\/madrid\/plaza-de-espana\/","url":"https:\/\/luggagehero.com\/es\/madrid\/plaza-de-espana\/","name":"Plaza de Espana - LuggageHero","isPartOf":{"@id":"https:\/\/luggagehero.com\/es\/#website"},"primaryImageOfPage":{"@id":"https:\/\/luggagehero.com\/es\/madrid\/plaza-de-espana\/#primaryimage"},"image":{"@id":"https:\/\/luggagehero.com\/es\/madrid\/plaza-de-espana\/#primaryimage"},"thumbnailUrl":"https:\/\/luggagehero.com\/wp-content\/uploads\/2019\/02\/Luggage_storage_plaza_de_espana-800x533.jpg","datePublished":"2019-04-08T12:50:10+00:00","dateModified":"2023-09-04T08:52:53+00:00","breadcrumb":{"@id":"https:\/\/luggagehero.com\/es\/madrid\/plaza-de-espana\/#breadcrumb"},"inLanguage":"es-ES","potentialAction":[{"@type":"ReadAction","target":["https:\/\/luggagehero.com\/es\/madrid\/plaza-de-espana\/"]}]},{"@type":"ImageObject","inLanguage":"es-ES","@id":"https:\/\/luggagehero.com\/es\/madrid\/plaza-de-espana\/#primaryimage","url":"https:\/\/luggagehero.com\/wp-content\/uploads\/2019\/02\/Luggage_storage_plaza_de_espana-800x533.jpg","contentUrl":"https:\/\/luggagehero.com\/wp-content\/uploads\/2019\/02\/Luggage_storage_plaza_de_espana-800x533.jpg"},{"@type":"BreadcrumbList","@id":"https:\/\/luggagehero.com\/es\/madrid\/plaza-de-espana\/#breadcrumb","itemListElement":[{"@type":"ListItem","position":1,"name":"Home","item":"https:\/\/luggagehero.com\/es\/"},{"@type":"ListItem","position":2,"name":"Madrid","item":"https:\/\/luggagehero.com\/es\/madrid\/"},{"@type":"ListItem","position":3,"name":"Plaza de Espana"}]},{"@type":"WebSite","@id":"https:\/\/luggagehero.com\/es\/#website","url":"https:\/\/luggagehero.com\/es\/","name":"LuggageHero","description":"Free yourself from luggage","publisher":{"@id":"https:\/\/luggagehero.com\/es\/#organization"},"potentialAction":[{"@type":"SearchAction","target":{"@type":"EntryPoint","urlTemplate":"https:\/\/luggagehero.com\/es\/?s={search_term_string}"},"query-input":{"@type":"PropertyValueSpecification","valueRequired":true,"valueName":"search_term_string"}}],"inLanguage":"es-ES"},{"@type":"Organization","@id":"https:\/\/luggagehero.com\/es\/#organization","name":"LuggageHero","url":"https:\/\/luggagehero.com\/es\/","logo":{"@type":"ImageObject","inLanguage":"es-ES","@id":"https:\/\/luggagehero.com\/es\/#\/schema\/logo\/image\/","url":"https:\/\/luggagehero.com\/wp-content\/uploads\/2017\/04\/luggagehero_LOGO-RGB_kort_POS_200x200.png","contentUrl":"https:\/\/luggagehero.com\/wp-content\/uploads\/2017\/04\/luggagehero_LOGO-RGB_kort_POS_200x200.png","width":200,"height":200,"caption":"LuggageHero"},"image":{"@id":"https:\/\/luggagehero.com\/es\/#\/schema\/logo\/image\/"},"sameAs":["https:\/\/www.facebook.com\/luggagehero","https:\/\/x.com\/luggagehero","https:\/\/www.instagram.com\/luggagehero","https:\/\/www.linkedin.com\/company\/luggagehero\/"]}]}},"place_id":"","place_latitude_longitude":"40.4236,-3.7112","place_name":"Plaza de Espana","criteria_title":"","criteria_description":"","meta_title":"","meta_description":"","children_criteria_title":"","children_criteria_description":"","children_meta_title":"","children_meta_description":"","_edit_last":"9","use_global_content":"","poi_type":"PublicTransit","content_raw":"\u00bfBuscas una consigna de equipaje antes de visitar la plaza de Espa\u00f1a? Puedes dejar las maletas en uno de nuestros puntos con consigna de equipaje que hay en los alrededores de la plaza de Espa\u00f1a y visitar <a href=\"https:\/\/luggagehero.com\/madrid\/\">Madrid<\/a> c\u00f3modamente.\r\n\r\nLos establecimientos con consigna de equipaje de LuggageHero son hoteles, cafeter\u00edas y tiendas <a href=\"https:\/\/luggagehero.com\/about\/certified-shops\/\">certificados<\/a>. Si reservas con antelaci\u00f3n, te aseguras espacio para tus maletas. La direcci\u00f3n y las indicaciones para llegar hasta nuestros establecimientos asociados las podr\u00e1s consultar al hacer la reserva. Todas las maletas se precintan con nuestros <a href=\"https:\/\/luggagehero.com\/about\/security-seal\/\">precintos de seguridad<\/a> y aseguramos cada bulto de equipaje hasta un valor de [pricing insurancecoverage] una vez dejes las maletas y pongas en marcha el contador de la consigna en la p\u00e1gina de tu reserva.\r\n\r\n&nbsp;\r\n\r\n<img class=\"aligncenter wp-image-5364 size-large\" src=\"https:\/\/luggagehero.com\/wp-content\/uploads\/2019\/02\/Luggage_storage_plaza_de_espana-800x533.jpg\" alt=\"Consigna de equipaje plaza de Espa\u00f1a Madrid\" width=\"800\" height=\"533\" \/>\r\n<h2><\/h2>\r\n<h2 style=\"text-align: center;\">Plaza de Espa\u00f1a<\/h2>\r\nLa plaza de Espa\u00f1a es una plaza de grandes dimensiones y un destino tur\u00edstico muy concurrido del centro de Madrid, en el lado oeste de la Gran V\u00eda. Incluye un monumento a Miguel de Cervantes Saavedra y est\u00e1 rodeado por dos de los rascacielos m\u00e1s imponentes de Madrid, la Torre de Madrid y el edificio Espa\u00f1a.\r\n\r\nComo la plaza de Espa\u00f1a es uno de los puntos m\u00e1s c\u00e9ntricos de Madrid y tambi\u00e9n est\u00e1 muy cerca de muchos de sus principales monumentos y atracciones, esta zona de Madrid es una base ideal para tu estancia.\r\n\r\nPodr\u00e1s llegar a la plaza de Espa\u00f1a desde <a href=\"https:\/\/luggagehero.com\/madrid\/atocha-train-station\/\">Atocha Cercan\u00edas<\/a> o <a href=\"https:\/\/luggagehero.com\/madrid\/puerta-del-sol\/\">la estaci\u00f3n de Sol<\/a> en un par de minutos en metro. Andar desde <a href=\"https:\/\/luggagehero.com\/madrid\/noviciado\/\">Noviciado<\/a> tambi\u00e9n es una forma muy f\u00e1cil de llegar a la plaza de Espa\u00f1a.\r\n\r\n&nbsp;","_links":{"self":[{"href":"https:\/\/luggagehero.com\/es\/wp-json\/wp\/v2\/pages\/6109","targetHints":{"allow":["GET"]}}],"collection":[{"href":"https:\/\/luggagehero.com\/es\/wp-json\/wp\/v2\/pages"}],"about":[{"href":"https:\/\/luggagehero.com\/es\/wp-json\/wp\/v2\/types\/page"}],"author":[{"embeddable":true,"href":"https:\/\/luggagehero.com\/es\/wp-json\/wp\/v2\/users\/9"}],"replies":[{"embeddable":true,"href":"https:\/\/luggagehero.com\/es\/wp-json\/wp\/v2\/comments?post=6109"}],"version-history":[{"count":0,"href":"https:\/\/luggagehero.com\/es\/wp-json\/wp\/v2\/pages\/6109\/revisions"}],"up":[{"embeddable":true,"href":"https:\/\/luggagehero.com\/es\/wp-json\/wp\/v2\/pages\/6086"}],"wp:attachment":[{"href":"https:\/\/luggagehero.com\/es\/wp-json\/wp\/v2\/media?parent=6109"}],"curies":[{"name":"wp","href":"https:\/\/api.w.org\/{rel}","templated":true}]}}