{"id":6112,"date":"2019-04-08T12:50:15","date_gmt":"2019-04-08T12:50:15","guid":{"rendered":"https:\/\/luggagehero.com\/madrid\/puerta-del-sol\/"},"modified":"2023-08-29T12:48:59","modified_gmt":"2023-08-29T12:48:59","slug":"puerta-del-sol","status":"publish","type":"page","link":"https:\/\/luggagehero.com\/es\/madrid\/puerta-del-sol\/","title":{"rendered":"Puerta Del Sol"},"content":{"rendered":"<p>\u00bfBuscas una consigna de equipaje cerca de la estaci\u00f3n de la Puerta Del Sol? Puedes dejar las maletas en uno de nuestros puntos con consigna de equipaje que hay en los alrededores de la Puerta del Sol y visitar <a href=\"https:\/\/luggagehero.com\/madrid\/\">Madrid<\/a> c\u00f3modamente.<\/p>\n<p><span style=\"font-weight: 400;\">Los establecimientos con consigna de equipaje de LuggageHero son hoteles, cafeter\u00edas y tiendas <a href=\"https:\/\/luggagehero.com\/about\/certified-shops\/\"><span style=\"font-weight: 400;\">certificados<\/span><\/a>.Si reservas con antelaci\u00f3n, te aseguras espacio para tus maletas.La direcci\u00f3n y las indicaciones para llegar hasta nuestros establecimientos asociados las podr\u00e1s consultar al hacer la reserva. Todas las maletas se precintan con nuestros <\/span><a href=\"https:\/\/luggagehero.com\/about\/security-seal\/\">precintos de seguridad<\/a> y aseguramos cada bulto de equipaje hasta un valor de <pricing-component type=\"insurancecoverage\"><\/pricing-component> una vez dejes las maletas y pongas en marcha el contador de la consigna en la p\u00e1gina de tu reserva.<\/p>\n<p>&nbsp;<\/p>\n<p><img loading=\"lazy\" decoding=\"async\" class=\"aligncenter wp-image-5351 size-large\" src=\"https:\/\/luggagehero.com\/wp-content\/uploads\/2019\/02\/Luggage_storage_puerta_del_sol-800x400.jpg\" alt=\"Consigna de equipaje en la Puerta del Sol\" width=\"800\" height=\"400\" srcset=\"https:\/\/luggagehero.com\/wp-content\/uploads\/2019\/02\/Luggage_storage_puerta_del_sol-800x400.jpg 800w, https:\/\/luggagehero.com\/wp-content\/uploads\/2019\/02\/Luggage_storage_puerta_del_sol-300x150.jpg 300w, https:\/\/luggagehero.com\/wp-content\/uploads\/2019\/02\/Luggage_storage_puerta_del_sol-600x300.jpg 600w, https:\/\/luggagehero.com\/wp-content\/uploads\/2019\/02\/Luggage_storage_puerta_del_sol.jpg 1024w\" sizes=\"auto, (max-width: 800px) 100vw, 800px\" \/><\/p>\n<h2><\/h2>\n<h2 style=\"text-align: center;\">\u00a0Puerta del Sol<\/h2>\n<p>La plaza m\u00e1s famosa y c\u00e9ntrica de Madrid es la Puerta del Sol, que se encuentra a muy poca distancia a pie de la <a href=\"https:\/\/luggagehero.com\/madrid\/plaza-mayor\/\">Plaza Mayor<\/a>. La Puerta del Sol y sus alrededores est\u00e1n llenos de bares, restaurantes y tiendas. Esta plaza repleta de actividad acogi\u00f3 en un principio una de las puertas de la ciudad y deber\u00eda estar en lo alto de tu lista de visitas obligadas.<\/p>\n<p>Con su forma semicircular, es el punto de encuentro de muchas de las calles hist\u00f3ricas y m\u00e1s concurridas de la ciudad, como la de Mayor Arenal, Alcal\u00e1 y Preciados. Tambi\u00e9n es el punto de inicio de todas las principales carreteras radiales de Espa\u00f1a.<\/p>\n<p>Sol es una estaci\u00f3n de las l\u00edneas 1, 2 y 3 del metro de Madrid. Con la l\u00ednea 1 te puedes desplazar a <a href=\"https:\/\/luggagehero.com\/madrid\/atocha-train-station\/\">Atocha Cercan\u00edas<\/a> y con la l\u00ednea 2, desde Sol podr\u00e1s ir a la estaci\u00f3n de metro de <a href=\"https:\/\/luggagehero.com\/madrid\/noviciado\/\">Noviciado,<\/a> en el barrio de <a href=\"https:\/\/luggagehero.com\/madrid\/malasana\/\">Malasa\u00f1a.<\/a> Sol est\u00e1 situada en la Zona A y es la estaci\u00f3n m\u00e1s c\u00e9ntrica de metro, lo que te permitir\u00e1 desplazarte f\u00e1cilmente por toda <a href=\"https:\/\/luggagehero.com\/madrid\/\">Madrid<\/a>.<\/p>\n<p>&nbsp;<\/p>\n","protected":false},"excerpt":{"rendered":"<p>\u00bfBuscas una consigna de equipaje cerca de la estaci\u00f3n de la Puerta Del Sol? Puedes dejar las maletas en uno de nuestros puntos con consigna de equipaje que hay en los alrededores de la Puerta del Sol y visitar Madrid c\u00f3modamente. Los establecimientos con consigna de equipaje de LuggageHero son hoteles, cafeter\u00edas y tiendas certificados.Si [&hellip;]<\/p>\n","protected":false},"author":9,"featured_media":40153,"parent":6086,"menu_order":0,"comment_status":"closed","ping_status":"closed","template":"template-location.php","meta":{"_acf_changed":false,"footnotes":""},"class_list":["post-6112","page","type-page","status-publish","has-post-thumbnail","hentry"],"acf":[],"yoast_head":"<!-- This site is optimized with the Yoast SEO Premium plugin v27.0 (Yoast SEO v27.0) - https:\/\/yoast.com\/product\/yoast-seo-premium-wordpress\/ -->\n<title>Puerta Del Sol - LuggageHero<\/title>\n<meta name=\"robots\" content=\"index, follow, max-snippet:-1, max-image-preview:large, max-video-preview:-1\" \/>\n<link rel=\"canonical\" href=\"https:\/\/luggagehero.com\/es\/madrid\/puerta-del-sol\/\" \/>\n<meta property=\"og:locale\" content=\"es_ES\" \/>\n<meta property=\"og:type\" content=\"article\" \/>\n<meta property=\"og:title\" content=\"Puerta Del Sol\" \/>\n<meta property=\"og:description\" content=\"\u00bfBuscas una consigna de equipaje cerca de la estaci\u00f3n de la Puerta Del Sol? Puedes dejar las maletas en uno de nuestros puntos con consigna de equipaje que hay en los alrededores de la Puerta del Sol y visitar Madrid c\u00f3modamente. Los establecimientos con consigna de equipaje de LuggageHero son hoteles, cafeter\u00edas y tiendas certificados.Si [&hellip;]\" \/>\n<meta property=\"og:url\" content=\"https:\/\/luggagehero.com\/es\/madrid\/puerta-del-sol\/\" \/>\n<meta property=\"og:site_name\" content=\"LuggageHero\" \/>\n<meta property=\"article:publisher\" content=\"https:\/\/www.facebook.com\/luggagehero\" \/>\n<meta property=\"article:modified_time\" content=\"2023-08-29T12:48:59+00:00\" \/>\n<meta property=\"og:image\" content=\"https:\/\/luggagehero.com\/wp-content\/uploads\/2021\/11\/puerta-del-sol.jpg\" \/>\n\t<meta property=\"og:image:width\" content=\"2048\" \/>\n\t<meta property=\"og:image:height\" content=\"1536\" \/>\n\t<meta property=\"og:image:type\" content=\"image\/jpeg\" \/>\n<meta name=\"twitter:card\" content=\"summary_large_image\" \/>\n<meta name=\"twitter:site\" content=\"@luggagehero\" \/>\n<meta name=\"twitter:label1\" content=\"Est. reading time\" \/>\n\t<meta name=\"twitter:data1\" content=\"2 minutes\" \/>\n<script type=\"application\/ld+json\" class=\"yoast-schema-graph\">{\"@context\":\"https:\/\/schema.org\",\"@graph\":[{\"@type\":\"WebPage\",\"@id\":\"https:\/\/luggagehero.com\/es\/madrid\/puerta-del-sol\/\",\"url\":\"https:\/\/luggagehero.com\/es\/madrid\/puerta-del-sol\/\",\"name\":\"Puerta Del Sol - LuggageHero\",\"isPartOf\":{\"@id\":\"https:\/\/luggagehero.com\/es\/#website\"},\"primaryImageOfPage\":{\"@id\":\"https:\/\/luggagehero.com\/es\/madrid\/puerta-del-sol\/#primaryimage\"},\"image\":{\"@id\":\"https:\/\/luggagehero.com\/es\/madrid\/puerta-del-sol\/#primaryimage\"},\"thumbnailUrl\":\"https:\/\/luggagehero.com\/wp-content\/uploads\/2021\/11\/puerta-del-sol.jpg\",\"datePublished\":\"2019-04-08T12:50:15+00:00\",\"dateModified\":\"2023-08-29T12:48:59+00:00\",\"breadcrumb\":{\"@id\":\"https:\/\/luggagehero.com\/es\/madrid\/puerta-del-sol\/#breadcrumb\"},\"inLanguage\":\"es-ES\",\"potentialAction\":[{\"@type\":\"ReadAction\",\"target\":[\"https:\/\/luggagehero.com\/es\/madrid\/puerta-del-sol\/\"]}]},{\"@type\":\"ImageObject\",\"inLanguage\":\"es-ES\",\"@id\":\"https:\/\/luggagehero.com\/es\/madrid\/puerta-del-sol\/#primaryimage\",\"url\":\"https:\/\/luggagehero.com\/wp-content\/uploads\/2021\/11\/puerta-del-sol.jpg\",\"contentUrl\":\"https:\/\/luggagehero.com\/wp-content\/uploads\/2021\/11\/puerta-del-sol.jpg\",\"width\":2048,\"height\":1536},{\"@type\":\"BreadcrumbList\",\"@id\":\"https:\/\/luggagehero.com\/es\/madrid\/puerta-del-sol\/#breadcrumb\",\"itemListElement\":[{\"@type\":\"ListItem\",\"position\":1,\"name\":\"Home\",\"item\":\"https:\/\/luggagehero.com\/es\/\"},{\"@type\":\"ListItem\",\"position\":2,\"name\":\"Madrid\",\"item\":\"https:\/\/luggagehero.com\/es\/madrid\/\"},{\"@type\":\"ListItem\",\"position\":3,\"name\":\"Puerta Del Sol\"}]},{\"@type\":\"WebSite\",\"@id\":\"https:\/\/luggagehero.com\/es\/#website\",\"url\":\"https:\/\/luggagehero.com\/es\/\",\"name\":\"LuggageHero\",\"description\":\"Free yourself from luggage\",\"publisher\":{\"@id\":\"https:\/\/luggagehero.com\/es\/#organization\"},\"potentialAction\":[{\"@type\":\"SearchAction\",\"target\":{\"@type\":\"EntryPoint\",\"urlTemplate\":\"https:\/\/luggagehero.com\/es\/?s={search_term_string}\"},\"query-input\":{\"@type\":\"PropertyValueSpecification\",\"valueRequired\":true,\"valueName\":\"search_term_string\"}}],\"inLanguage\":\"es-ES\"},{\"@type\":\"Organization\",\"@id\":\"https:\/\/luggagehero.com\/es\/#organization\",\"name\":\"LuggageHero\",\"url\":\"https:\/\/luggagehero.com\/es\/\",\"logo\":{\"@type\":\"ImageObject\",\"inLanguage\":\"es-ES\",\"@id\":\"https:\/\/luggagehero.com\/es\/#\/schema\/logo\/image\/\",\"url\":\"https:\/\/luggagehero.com\/wp-content\/uploads\/2017\/04\/luggagehero_LOGO-RGB_kort_POS_200x200.png\",\"contentUrl\":\"https:\/\/luggagehero.com\/wp-content\/uploads\/2017\/04\/luggagehero_LOGO-RGB_kort_POS_200x200.png\",\"width\":200,\"height\":200,\"caption\":\"LuggageHero\"},\"image\":{\"@id\":\"https:\/\/luggagehero.com\/es\/#\/schema\/logo\/image\/\"},\"sameAs\":[\"https:\/\/www.facebook.com\/luggagehero\",\"https:\/\/x.com\/luggagehero\",\"https:\/\/www.instagram.com\/luggagehero\",\"https:\/\/www.linkedin.com\/company\/luggagehero\/\"]}]}<\/script>\n<!-- \/ Yoast SEO Premium plugin. -->","yoast_head_json":{"title":"Puerta Del Sol - LuggageHero","robots":{"index":"index","follow":"follow","max-snippet":"max-snippet:-1","max-image-preview":"max-image-preview:large","max-video-preview":"max-video-preview:-1"},"canonical":"https:\/\/luggagehero.com\/es\/madrid\/puerta-del-sol\/","og_locale":"es_ES","og_type":"article","og_title":"Puerta Del Sol","og_description":"\u00bfBuscas una consigna de equipaje cerca de la estaci\u00f3n de la Puerta Del Sol? Puedes dejar las maletas en uno de nuestros puntos con consigna de equipaje que hay en los alrededores de la Puerta del Sol y visitar Madrid c\u00f3modamente. Los establecimientos con consigna de equipaje de LuggageHero son hoteles, cafeter\u00edas y tiendas certificados.Si [&hellip;]","og_url":"https:\/\/luggagehero.com\/es\/madrid\/puerta-del-sol\/","og_site_name":"LuggageHero","article_publisher":"https:\/\/www.facebook.com\/luggagehero","article_modified_time":"2023-08-29T12:48:59+00:00","og_image":[{"width":2048,"height":1536,"url":"https:\/\/luggagehero.com\/wp-content\/uploads\/2021\/11\/puerta-del-sol.jpg","type":"image\/jpeg"}],"twitter_card":"summary_large_image","twitter_site":"@luggagehero","twitter_misc":{"Est. reading time":"2 minutes"},"schema":{"@context":"https:\/\/schema.org","@graph":[{"@type":"WebPage","@id":"https:\/\/luggagehero.com\/es\/madrid\/puerta-del-sol\/","url":"https:\/\/luggagehero.com\/es\/madrid\/puerta-del-sol\/","name":"Puerta Del Sol - LuggageHero","isPartOf":{"@id":"https:\/\/luggagehero.com\/es\/#website"},"primaryImageOfPage":{"@id":"https:\/\/luggagehero.com\/es\/madrid\/puerta-del-sol\/#primaryimage"},"image":{"@id":"https:\/\/luggagehero.com\/es\/madrid\/puerta-del-sol\/#primaryimage"},"thumbnailUrl":"https:\/\/luggagehero.com\/wp-content\/uploads\/2021\/11\/puerta-del-sol.jpg","datePublished":"2019-04-08T12:50:15+00:00","dateModified":"2023-08-29T12:48:59+00:00","breadcrumb":{"@id":"https:\/\/luggagehero.com\/es\/madrid\/puerta-del-sol\/#breadcrumb"},"inLanguage":"es-ES","potentialAction":[{"@type":"ReadAction","target":["https:\/\/luggagehero.com\/es\/madrid\/puerta-del-sol\/"]}]},{"@type":"ImageObject","inLanguage":"es-ES","@id":"https:\/\/luggagehero.com\/es\/madrid\/puerta-del-sol\/#primaryimage","url":"https:\/\/luggagehero.com\/wp-content\/uploads\/2021\/11\/puerta-del-sol.jpg","contentUrl":"https:\/\/luggagehero.com\/wp-content\/uploads\/2021\/11\/puerta-del-sol.jpg","width":2048,"height":1536},{"@type":"BreadcrumbList","@id":"https:\/\/luggagehero.com\/es\/madrid\/puerta-del-sol\/#breadcrumb","itemListElement":[{"@type":"ListItem","position":1,"name":"Home","item":"https:\/\/luggagehero.com\/es\/"},{"@type":"ListItem","position":2,"name":"Madrid","item":"https:\/\/luggagehero.com\/es\/madrid\/"},{"@type":"ListItem","position":3,"name":"Puerta Del Sol"}]},{"@type":"WebSite","@id":"https:\/\/luggagehero.com\/es\/#website","url":"https:\/\/luggagehero.com\/es\/","name":"LuggageHero","description":"Free yourself from luggage","publisher":{"@id":"https:\/\/luggagehero.com\/es\/#organization"},"potentialAction":[{"@type":"SearchAction","target":{"@type":"EntryPoint","urlTemplate":"https:\/\/luggagehero.com\/es\/?s={search_term_string}"},"query-input":{"@type":"PropertyValueSpecification","valueRequired":true,"valueName":"search_term_string"}}],"inLanguage":"es-ES"},{"@type":"Organization","@id":"https:\/\/luggagehero.com\/es\/#organization","name":"LuggageHero","url":"https:\/\/luggagehero.com\/es\/","logo":{"@type":"ImageObject","inLanguage":"es-ES","@id":"https:\/\/luggagehero.com\/es\/#\/schema\/logo\/image\/","url":"https:\/\/luggagehero.com\/wp-content\/uploads\/2017\/04\/luggagehero_LOGO-RGB_kort_POS_200x200.png","contentUrl":"https:\/\/luggagehero.com\/wp-content\/uploads\/2017\/04\/luggagehero_LOGO-RGB_kort_POS_200x200.png","width":200,"height":200,"caption":"LuggageHero"},"image":{"@id":"https:\/\/luggagehero.com\/es\/#\/schema\/logo\/image\/"},"sameAs":["https:\/\/www.facebook.com\/luggagehero","https:\/\/x.com\/luggagehero","https:\/\/www.instagram.com\/luggagehero","https:\/\/www.linkedin.com\/company\/luggagehero\/"]}]}},"place_id":"","place_latitude_longitude":"40.416942713269975, -3.703569232906913","place_name":"Puerta Del Sol","criteria_title":"","criteria_description":"","meta_title":"","meta_description":"","children_criteria_title":"","children_criteria_description":"","children_meta_title":"","children_meta_description":"","_edit_last":"46","use_global_content":"","poi_type":"","content_raw":"\u00bfBuscas una consigna de equipaje cerca de la estaci\u00f3n de la Puerta Del Sol? Puedes dejar las maletas en uno de nuestros puntos con consigna de equipaje que hay en los alrededores de la Puerta del Sol y visitar <a href=\"https:\/\/luggagehero.com\/madrid\/\">Madrid<\/a> c\u00f3modamente.\r\n\r\n<span style=\"font-weight: 400;\">Los establecimientos con consigna de equipaje de LuggageHero son hoteles, cafeter\u00edas y tiendas <a href=\"https:\/\/luggagehero.com\/about\/certified-shops\/\"><span style=\"font-weight: 400;\">certificados<\/span><\/a>.Si reservas con antelaci\u00f3n, te aseguras espacio para tus maletas.La direcci\u00f3n y las indicaciones para llegar hasta nuestros establecimientos asociados las podr\u00e1s consultar al hacer la reserva. Todas las maletas se precintan con nuestros <\/span><a href=\"https:\/\/luggagehero.com\/about\/security-seal\/\">precintos de seguridad<\/a> y aseguramos cada bulto de equipaje hasta un valor de [pricing insurancecoverage] una vez dejes las maletas y pongas en marcha el contador de la consigna en la p\u00e1gina de tu reserva.\r\n\r\n&nbsp;\r\n\r\n<img class=\"aligncenter wp-image-5351 size-large\" src=\"https:\/\/luggagehero.com\/wp-content\/uploads\/2019\/02\/Luggage_storage_puerta_del_sol-800x400.jpg\" alt=\"Consigna de equipaje en la Puerta del Sol\" width=\"800\" height=\"400\" \/>\r\n<h2><\/h2>\r\n<h2 style=\"text-align: center;\">\u00a0Puerta del Sol<\/h2>\r\nLa plaza m\u00e1s famosa y c\u00e9ntrica de Madrid es la Puerta del Sol, que se encuentra a muy poca distancia a pie de la <a href=\"https:\/\/luggagehero.com\/madrid\/plaza-mayor\/\">Plaza Mayor<\/a>. La Puerta del Sol y sus alrededores est\u00e1n llenos de bares, restaurantes y tiendas. Esta plaza repleta de actividad acogi\u00f3 en un principio una de las puertas de la ciudad y deber\u00eda estar en lo alto de tu lista de visitas obligadas.\r\n\r\nCon su forma semicircular, es el punto de encuentro de muchas de las calles hist\u00f3ricas y m\u00e1s concurridas de la ciudad, como la de Mayor Arenal, Alcal\u00e1 y Preciados. Tambi\u00e9n es el punto de inicio de todas las principales carreteras radiales de Espa\u00f1a.\r\n\r\nSol es una estaci\u00f3n de las l\u00edneas 1, 2 y 3 del metro de Madrid. Con la l\u00ednea 1 te puedes desplazar a <a href=\"https:\/\/luggagehero.com\/madrid\/atocha-train-station\/\">Atocha Cercan\u00edas<\/a> y con la l\u00ednea 2, desde Sol podr\u00e1s ir a la estaci\u00f3n de metro de <a href=\"https:\/\/luggagehero.com\/madrid\/noviciado\/\">Noviciado,<\/a> en el barrio de <a href=\"https:\/\/luggagehero.com\/madrid\/malasana\/\">Malasa\u00f1a.<\/a> Sol est\u00e1 situada en la Zona A y es la estaci\u00f3n m\u00e1s c\u00e9ntrica de metro, lo que te permitir\u00e1 desplazarte f\u00e1cilmente por toda <a href=\"https:\/\/luggagehero.com\/madrid\/\">Madrid<\/a>.\r\n\r\n&nbsp;","_links":{"self":[{"href":"https:\/\/luggagehero.com\/es\/wp-json\/wp\/v2\/pages\/6112","targetHints":{"allow":["GET"]}}],"collection":[{"href":"https:\/\/luggagehero.com\/es\/wp-json\/wp\/v2\/pages"}],"about":[{"href":"https:\/\/luggagehero.com\/es\/wp-json\/wp\/v2\/types\/page"}],"author":[{"embeddable":true,"href":"https:\/\/luggagehero.com\/es\/wp-json\/wp\/v2\/users\/9"}],"replies":[{"embeddable":true,"href":"https:\/\/luggagehero.com\/es\/wp-json\/wp\/v2\/comments?post=6112"}],"version-history":[{"count":0,"href":"https:\/\/luggagehero.com\/es\/wp-json\/wp\/v2\/pages\/6112\/revisions"}],"up":[{"embeddable":true,"href":"https:\/\/luggagehero.com\/es\/wp-json\/wp\/v2\/pages\/6086"}],"wp:featuredmedia":[{"embeddable":true,"href":"https:\/\/luggagehero.com\/es\/wp-json\/wp\/v2\/media\/40153"}],"wp:attachment":[{"href":"https:\/\/luggagehero.com\/es\/wp-json\/wp\/v2\/media?parent=6112"}],"curies":[{"name":"wp","href":"https:\/\/api.w.org\/{rel}","templated":true}]}}