{"id":6113,"date":"2019-04-08T12:50:17","date_gmt":"2019-04-08T12:50:17","guid":{"rendered":"https:\/\/luggagehero.com\/madrid\/mendez-alvaro-bus-station\/"},"modified":"2021-12-06T09:49:09","modified_gmt":"2021-12-06T09:49:09","slug":"mendez-alvaro-bus-station","status":"publish","type":"page","link":"https:\/\/luggagehero.com\/es\/madrid\/mendez-alvaro-bus-station\/","title":{"rendered":"Estacion de autobuses Mendez Alvaro"},"content":{"rendered":"<p>\u00bfBuscas una consigna de equipaje en la Estaci\u00f3n de autobuses M\u00e9ndez \u00c1lvaro? Puedes dejar las maletas en uno de nuestros puntos con consigna de equipaje que hay en los alrededores de M\u00e9ndez \u00c1lvaro y visitar <a href=\"http:\/\/luggagehero.com\/es\/madrid\/\">Madrid<\/a> c\u00f3modamente.<\/p>\n<p>Los establecimientos con consigna de equipaje de <a href=\"https:\/\/luggagehero.com\/es\/\">LuggageHero<\/a> son hoteles, cafeter\u00edas y tiendas certificados. Si reservas con antelaci\u00f3n, te aseguras espacio para tus maletas. La direcci\u00f3n y las indicaciones para llegar hasta nuestros establecimientos asociados, las podr\u00e1s consultar al hacer la reserva. Todas las maletas se precintan con nuestros <a href=\"https:\/\/luggagehero.com\/about\/security-seal\/\">precintos de seguridad.<\/a> Tambi\u00e9n\u00a0<a href=\"https:\/\/luggagehero.com\/about\/insurance\/\">aseguramos<\/a> cada bulto de equipaje \u00a0hasta un valor de <pricing-component type=\"insurancecoverage\"><\/pricing-component> una vez que dejes las maletas y pongas en marcha el contador de la consigna en la p\u00e1gina de tu reserva.<\/p>\n<h4><strong>Descarga nuestra aplicaci\u00f3n<br \/>\n<\/strong><\/h4>\n<p>Para hac\u00e9rtelo m\u00e1s f\u00e1cil, puedes descargar la aplicaci\u00f3n de LuggageHero. En la app podr\u00e1s ver todas las ubicaciones de consignas de equipaje en Madrid en lugares como<a href=\"https:\/\/luggagehero.com\/es\/madrid\/atocha-train-station\/\">\u00a0la estaci\u00f3n de Atocha<\/a>,<a href=\"https:\/\/luggagehero.com\/es\/madrid\/chamartin-train-station\/\">\u00a0la estaci\u00f3n de Chamart\u00edn<\/a>\u00a0o el barrio de\u00a0<a href=\"https:\/\/luggagehero.com\/es\/madrid\/malasana\/\">Malasa\u00f1a<\/a>, y realizar tu reserva cuando encuentres la ubicaci\u00f3n perfecta para ti.<\/p>\n\n<div class=\"block-app-downloader\">\n\t<ul class=\"app-images\">\n\t\t\t\t\t<li class=\"app-img\">\n\t\t\t\t<img decoding=\"async\" loading=\"lazy\" src=\"https:\/\/luggagehero.com\/wp-content\/uploads\/2020\/08\/app-1.png\" alt=\"App screenshot\">\n\t\t\t<\/li>\n\t\t\t\t\t<li class=\"app-img\">\n\t\t\t\t<img decoding=\"async\" loading=\"lazy\" src=\"https:\/\/luggagehero.com\/wp-content\/uploads\/2020\/08\/app-2.png\" alt=\"App screenshot\">\n\t\t\t<\/li>\n\t\t\t\t\t<li class=\"app-img\">\n\t\t\t\t<img decoding=\"async\" loading=\"lazy\" src=\"https:\/\/luggagehero.com\/wp-content\/uploads\/2020\/08\/app-3.png\" alt=\"App screenshot\">\n\t\t\t<\/li>\n\t\t\t\t\t<li class=\"app-img\">\n\t\t\t\t<img decoding=\"async\" loading=\"lazy\" src=\"https:\/\/luggagehero.com\/wp-content\/uploads\/2020\/08\/app-4.png\" alt=\"App screenshot\">\n\t\t\t<\/li>\n\t\t\t\t\t<li class=\"app-img\">\n\t\t\t\t<img decoding=\"async\" loading=\"lazy\" src=\"https:\/\/luggagehero.com\/wp-content\/uploads\/2020\/08\/app-5.png\" alt=\"App screenshot\">\n\t\t\t<\/li>\n\t\t\t<\/ul>\n\n\t<div class=\"apps-box\">\n\t\t<p> Use LuggageHero en cualquier lugar con la aplicaci\u00f3n oficial para iPhone y Android<\/p>\n\t\t<a href=\"https:\/\/apps.apple.com\/us\/app\/luggagehero-luggage-storage\/id1481057935\" target=\"_blank\">\n\t\t\t<img decoding=\"async\" loading=\"lazy\" src=\"https:\/\/luggagehero.com\/wp-content\/uploads\/2020\/08\/badge-as.png\" alt=\"Download on the ios App Store\">\n\t\t<\/a>\n\n\t\t<a href=\"https:\/\/play.google.com\/store\/apps\/details?id=com.luggagehero.android\" target=\"_blank\">\n\t\t\t<img decoding=\"async\" loading=\"lazy\" src=\"https:\/\/luggagehero.com\/wp-content\/uploads\/2020\/08\/badge-gp.png\" alt=\"Get it on Google Play\">\n\t\t<\/a>\n\t<\/div>\n<\/div>\n<h4><strong>\u00bfListo para dejar las maletas?<\/strong><\/h4>\n<p>\u00a1Encuentra el lugar perfecto y elige entre m\u00e1s de\u00a0<strong>50 ubicaciones en toda Madrid!\u00a0<\/strong>Encu\u00e9ntralas m\u00e1s f\u00e1cilmente con el mapa de Google aqu\u00ed \ud83d\udc47<\/p>\n<map-of-shops><\/map-of-shops>\n<p>&nbsp;<\/p>\n<p>&nbsp;<\/p>\n<h2 style=\"text-align: center;\">Estaci\u00f3n de autobuses M\u00e9ndez \u00c1lvaro<\/h2>\n<p>La principal estaci\u00f3n de autobuses de Madrid, la estaci\u00f3n de M\u00e9ndez \u00c1lvaro, tambi\u00e9n conocida como Estaci\u00f3n Sur, es la estaci\u00f3n de autobuses m\u00e1s concurrida de Madrid. Est\u00e1 situada en el enorme intercambiador llamado M\u00e9ndez \u00c1lvaro. M\u00e9ndez \u00c1lvaro tambi\u00e9n incluye una estaci\u00f3n de metro y de tren. Llegar a la Estaci\u00f3n Sur es muy f\u00e1cil. Puedes coger el metro que lleva a la estaci\u00f3n de M\u00e9ndez \u00c1lvaro o uno de los trenes de Cercan\u00edas en las estaciones de <a href=\"https:\/\/luggagehero.com\/madrid\/chamartin-train-station\/\">Chamart\u00edn<\/a> o <a href=\"https:\/\/luggagehero.com\/madrid\/atocha-train-station\/\">Atocha<\/a>.<\/p>\n<p><img loading=\"lazy\" decoding=\"async\" class=\"wp-image-5235 size-large aligncenter\" src=\"https:\/\/luggagehero.com\/wp-content\/uploads\/2019\/02\/EstacionMendezAlvaroMadrid_luggagestorage-800x534.jpg\" alt=\"Consigna de equipaje estaci\u00f3n de M\u00e9ndez \u00c1lvaro\" width=\"800\" height=\"534\" srcset=\"https:\/\/luggagehero.com\/wp-content\/uploads\/2019\/02\/EstacionMendezAlvaroMadrid_luggagestorage-800x534.jpg 800w, https:\/\/luggagehero.com\/wp-content\/uploads\/2019\/02\/EstacionMendezAlvaroMadrid_luggagestorage-300x200.jpg 300w, https:\/\/luggagehero.com\/wp-content\/uploads\/2019\/02\/EstacionMendezAlvaroMadrid_luggagestorage-600x400.jpg 600w, https:\/\/luggagehero.com\/wp-content\/uploads\/2019\/02\/EstacionMendezAlvaroMadrid_luggagestorage.jpg 1000w\" sizes=\"auto, (max-width: 800px) 100vw, 800px\" \/><\/p>\n<p>Cerca de la Estaci\u00f3n Sur de Autobuses encontrar\u00e1s el Parque Tierno Galv\u00e1n, donde se halla el Planetario de Madrid, un lugar que vale la pena visitar por el magn\u00edfico espect\u00e1culo que presenta. La estaci\u00f3n cuenta tambi\u00e9n con varios restaurantes y cafeter\u00edas, as\u00ed como con una peque\u00f1a zona comercial y de servicios.<\/p>\n<p>Por la Estaci\u00f3n Sur tambi\u00e9n pasan rutas internacionales, como las que tienen por destino el Algarve y <a href=\"https:\/\/luggagehero.com\/es\/lisboa\/\">Lisboa<\/a> en Portugal, <a href=\"https:\/\/luggagehero.com\/es\/paris\/\">Par\u00eds<\/a> en Francia y <a href=\"https:\/\/luggagehero.com\/venice\/\">Venecia<\/a> en Italia.<\/p>\n<h4><strong>Descarga la aplicaci\u00f3n de LuggageHero y\u00a0 podr\u00e1s ver todas sus ubicaciones<\/strong><\/h4>\n\n<div class=\"block-app-downloader\">\n\t<ul class=\"app-images\">\n\t\t\t\t\t<li class=\"app-img\">\n\t\t\t\t<img decoding=\"async\" loading=\"lazy\" src=\"https:\/\/luggagehero.com\/wp-content\/uploads\/2020\/08\/app-1.png\" alt=\"App screenshot\">\n\t\t\t<\/li>\n\t\t\t\t\t<li class=\"app-img\">\n\t\t\t\t<img decoding=\"async\" loading=\"lazy\" src=\"https:\/\/luggagehero.com\/wp-content\/uploads\/2020\/08\/app-2.png\" alt=\"App screenshot\">\n\t\t\t<\/li>\n\t\t\t\t\t<li class=\"app-img\">\n\t\t\t\t<img decoding=\"async\" loading=\"lazy\" src=\"https:\/\/luggagehero.com\/wp-content\/uploads\/2020\/08\/app-3.png\" alt=\"App screenshot\">\n\t\t\t<\/li>\n\t\t\t\t\t<li class=\"app-img\">\n\t\t\t\t<img decoding=\"async\" loading=\"lazy\" src=\"https:\/\/luggagehero.com\/wp-content\/uploads\/2020\/08\/app-4.png\" alt=\"App screenshot\">\n\t\t\t<\/li>\n\t\t\t\t\t<li class=\"app-img\">\n\t\t\t\t<img decoding=\"async\" loading=\"lazy\" src=\"https:\/\/luggagehero.com\/wp-content\/uploads\/2020\/08\/app-5.png\" alt=\"App screenshot\">\n\t\t\t<\/li>\n\t\t\t<\/ul>\n\n\t<div class=\"apps-box\">\n\t\t<p> Use LuggageHero en cualquier lugar con la aplicaci\u00f3n oficial para iPhone y Android<\/p>\n\t\t<a href=\"https:\/\/apps.apple.com\/us\/app\/luggagehero-luggage-storage\/id1481057935\" target=\"_blank\">\n\t\t\t<img decoding=\"async\" loading=\"lazy\" src=\"https:\/\/luggagehero.com\/wp-content\/uploads\/2020\/08\/badge-as.png\" alt=\"Download on the ios App Store\">\n\t\t<\/a>\n\n\t\t<a href=\"https:\/\/play.google.com\/store\/apps\/details?id=com.luggagehero.android\" target=\"_blank\">\n\t\t\t<img decoding=\"async\" loading=\"lazy\" src=\"https:\/\/luggagehero.com\/wp-content\/uploads\/2020\/08\/badge-gp.png\" alt=\"Get it on Google Play\">\n\t\t<\/a>\n\t<\/div>\n<\/div>\n","protected":false},"excerpt":{"rendered":"<p>\u00bfBuscas una consigna de equipaje en la Estaci\u00f3n de autobuses M\u00e9ndez \u00c1lvaro? Puedes dejar las maletas en uno de nuestros puntos con consigna de equipaje que hay en los alrededores de M\u00e9ndez \u00c1lvaro y visitar Madrid c\u00f3modamente. Los establecimientos con consigna de equipaje de LuggageHero son hoteles, cafeter\u00edas y tiendas certificados. Si reservas con antelaci\u00f3n, [&hellip;]<\/p>\n","protected":false},"author":9,"featured_media":5239,"parent":6086,"menu_order":0,"comment_status":"closed","ping_status":"closed","template":"template-location.php","meta":{"_acf_changed":false,"footnotes":""},"class_list":["post-6113","page","type-page","status-publish","has-post-thumbnail","hentry"],"acf":[],"yoast_head":"<!-- This site is optimized with the Yoast SEO Premium plugin v27.0 (Yoast SEO v27.0) - https:\/\/yoast.com\/product\/yoast-seo-premium-wordpress\/ -->\n<title>Estacion de autobuses Mendez Alvaro - LuggageHero<\/title>\n<meta name=\"robots\" content=\"index, follow, max-snippet:-1, max-image-preview:large, max-video-preview:-1\" \/>\n<link rel=\"canonical\" href=\"https:\/\/luggagehero.com\/es\/madrid\/mendez-alvaro-bus-station\/\" \/>\n<meta property=\"og:locale\" content=\"es_ES\" \/>\n<meta property=\"og:type\" content=\"article\" \/>\n<meta property=\"og:title\" content=\"Estacion de autobuses Mendez Alvaro\" \/>\n<meta property=\"og:description\" content=\"\u00bfBuscas una consigna de equipaje en la Estaci\u00f3n de autobuses M\u00e9ndez \u00c1lvaro? Puedes dejar las maletas en uno de nuestros puntos con consigna de equipaje que hay en los alrededores de M\u00e9ndez \u00c1lvaro y visitar Madrid c\u00f3modamente. Los establecimientos con consigna de equipaje de LuggageHero son hoteles, cafeter\u00edas y tiendas certificados. Si reservas con antelaci\u00f3n, [&hellip;]\" \/>\n<meta property=\"og:url\" content=\"https:\/\/luggagehero.com\/es\/madrid\/mendez-alvaro-bus-station\/\" \/>\n<meta property=\"og:site_name\" content=\"LuggageHero\" \/>\n<meta property=\"article:publisher\" content=\"https:\/\/www.facebook.com\/luggagehero\" \/>\n<meta property=\"article:modified_time\" content=\"2021-12-06T09:49:09+00:00\" \/>\n<meta property=\"og:image\" content=\"https:\/\/luggagehero.com\/wp-content\/uploads\/2019\/02\/EstacionMendezAlvaroMadrid_luggagestorage.jpg\" \/>\n\t<meta property=\"og:image:width\" content=\"1000\" \/>\n\t<meta property=\"og:image:height\" content=\"667\" \/>\n\t<meta property=\"og:image:type\" content=\"image\/jpeg\" \/>\n<meta name=\"twitter:card\" content=\"summary_large_image\" \/>\n<meta name=\"twitter:site\" content=\"@luggagehero\" \/>\n<meta name=\"twitter:label1\" content=\"Est. reading time\" \/>\n\t<meta name=\"twitter:data1\" content=\"2 minutes\" \/>\n<script type=\"application\/ld+json\" class=\"yoast-schema-graph\">{\"@context\":\"https:\/\/schema.org\",\"@graph\":[{\"@type\":\"WebPage\",\"@id\":\"https:\/\/luggagehero.com\/es\/madrid\/mendez-alvaro-bus-station\/\",\"url\":\"https:\/\/luggagehero.com\/es\/madrid\/mendez-alvaro-bus-station\/\",\"name\":\"Estacion de autobuses Mendez Alvaro - LuggageHero\",\"isPartOf\":{\"@id\":\"https:\/\/luggagehero.com\/es\/#website\"},\"primaryImageOfPage\":{\"@id\":\"https:\/\/luggagehero.com\/es\/madrid\/mendez-alvaro-bus-station\/#primaryimage\"},\"image\":{\"@id\":\"https:\/\/luggagehero.com\/es\/madrid\/mendez-alvaro-bus-station\/#primaryimage\"},\"thumbnailUrl\":\"https:\/\/luggagehero.com\/wp-content\/uploads\/2019\/02\/EstacionMendezAlvaroMadrid_luggagestorage.jpg\",\"datePublished\":\"2019-04-08T12:50:17+00:00\",\"dateModified\":\"2021-12-06T09:49:09+00:00\",\"breadcrumb\":{\"@id\":\"https:\/\/luggagehero.com\/es\/madrid\/mendez-alvaro-bus-station\/#breadcrumb\"},\"inLanguage\":\"es-ES\",\"potentialAction\":[{\"@type\":\"ReadAction\",\"target\":[\"https:\/\/luggagehero.com\/es\/madrid\/mendez-alvaro-bus-station\/\"]}]},{\"@type\":\"ImageObject\",\"inLanguage\":\"es-ES\",\"@id\":\"https:\/\/luggagehero.com\/es\/madrid\/mendez-alvaro-bus-station\/#primaryimage\",\"url\":\"https:\/\/luggagehero.com\/wp-content\/uploads\/2019\/02\/EstacionMendezAlvaroMadrid_luggagestorage.jpg\",\"contentUrl\":\"https:\/\/luggagehero.com\/wp-content\/uploads\/2019\/02\/EstacionMendezAlvaroMadrid_luggagestorage.jpg\",\"width\":1000,\"height\":667,\"caption\":\"Luggage storage Alvaro Mendez Station\"},{\"@type\":\"BreadcrumbList\",\"@id\":\"https:\/\/luggagehero.com\/es\/madrid\/mendez-alvaro-bus-station\/#breadcrumb\",\"itemListElement\":[{\"@type\":\"ListItem\",\"position\":1,\"name\":\"Home\",\"item\":\"https:\/\/luggagehero.com\/es\/\"},{\"@type\":\"ListItem\",\"position\":2,\"name\":\"Madrid\",\"item\":\"https:\/\/luggagehero.com\/es\/madrid\/\"},{\"@type\":\"ListItem\",\"position\":3,\"name\":\"Estacion de autobuses Mendez Alvaro\"}]},{\"@type\":\"WebSite\",\"@id\":\"https:\/\/luggagehero.com\/es\/#website\",\"url\":\"https:\/\/luggagehero.com\/es\/\",\"name\":\"LuggageHero\",\"description\":\"Free yourself from luggage\",\"publisher\":{\"@id\":\"https:\/\/luggagehero.com\/es\/#organization\"},\"potentialAction\":[{\"@type\":\"SearchAction\",\"target\":{\"@type\":\"EntryPoint\",\"urlTemplate\":\"https:\/\/luggagehero.com\/es\/?s={search_term_string}\"},\"query-input\":{\"@type\":\"PropertyValueSpecification\",\"valueRequired\":true,\"valueName\":\"search_term_string\"}}],\"inLanguage\":\"es-ES\"},{\"@type\":\"Organization\",\"@id\":\"https:\/\/luggagehero.com\/es\/#organization\",\"name\":\"LuggageHero\",\"url\":\"https:\/\/luggagehero.com\/es\/\",\"logo\":{\"@type\":\"ImageObject\",\"inLanguage\":\"es-ES\",\"@id\":\"https:\/\/luggagehero.com\/es\/#\/schema\/logo\/image\/\",\"url\":\"https:\/\/luggagehero.com\/wp-content\/uploads\/2017\/04\/luggagehero_LOGO-RGB_kort_POS_200x200.png\",\"contentUrl\":\"https:\/\/luggagehero.com\/wp-content\/uploads\/2017\/04\/luggagehero_LOGO-RGB_kort_POS_200x200.png\",\"width\":200,\"height\":200,\"caption\":\"LuggageHero\"},\"image\":{\"@id\":\"https:\/\/luggagehero.com\/es\/#\/schema\/logo\/image\/\"},\"sameAs\":[\"https:\/\/www.facebook.com\/luggagehero\",\"https:\/\/x.com\/luggagehero\",\"https:\/\/www.instagram.com\/luggagehero\",\"https:\/\/www.linkedin.com\/company\/luggagehero\/\"]}]}<\/script>\n<!-- \/ Yoast SEO Premium plugin. -->","yoast_head_json":{"title":"Estacion de autobuses Mendez Alvaro - LuggageHero","robots":{"index":"index","follow":"follow","max-snippet":"max-snippet:-1","max-image-preview":"max-image-preview:large","max-video-preview":"max-video-preview:-1"},"canonical":"https:\/\/luggagehero.com\/es\/madrid\/mendez-alvaro-bus-station\/","og_locale":"es_ES","og_type":"article","og_title":"Estacion de autobuses Mendez Alvaro","og_description":"\u00bfBuscas una consigna de equipaje en la Estaci\u00f3n de autobuses M\u00e9ndez \u00c1lvaro? Puedes dejar las maletas en uno de nuestros puntos con consigna de equipaje que hay en los alrededores de M\u00e9ndez \u00c1lvaro y visitar Madrid c\u00f3modamente. Los establecimientos con consigna de equipaje de LuggageHero son hoteles, cafeter\u00edas y tiendas certificados. Si reservas con antelaci\u00f3n, [&hellip;]","og_url":"https:\/\/luggagehero.com\/es\/madrid\/mendez-alvaro-bus-station\/","og_site_name":"LuggageHero","article_publisher":"https:\/\/www.facebook.com\/luggagehero","article_modified_time":"2021-12-06T09:49:09+00:00","og_image":[{"width":1000,"height":667,"url":"https:\/\/luggagehero.com\/wp-content\/uploads\/2019\/02\/EstacionMendezAlvaroMadrid_luggagestorage.jpg","type":"image\/jpeg"}],"twitter_card":"summary_large_image","twitter_site":"@luggagehero","twitter_misc":{"Est. reading time":"2 minutes"},"schema":{"@context":"https:\/\/schema.org","@graph":[{"@type":"WebPage","@id":"https:\/\/luggagehero.com\/es\/madrid\/mendez-alvaro-bus-station\/","url":"https:\/\/luggagehero.com\/es\/madrid\/mendez-alvaro-bus-station\/","name":"Estacion de autobuses Mendez Alvaro - LuggageHero","isPartOf":{"@id":"https:\/\/luggagehero.com\/es\/#website"},"primaryImageOfPage":{"@id":"https:\/\/luggagehero.com\/es\/madrid\/mendez-alvaro-bus-station\/#primaryimage"},"image":{"@id":"https:\/\/luggagehero.com\/es\/madrid\/mendez-alvaro-bus-station\/#primaryimage"},"thumbnailUrl":"https:\/\/luggagehero.com\/wp-content\/uploads\/2019\/02\/EstacionMendezAlvaroMadrid_luggagestorage.jpg","datePublished":"2019-04-08T12:50:17+00:00","dateModified":"2021-12-06T09:49:09+00:00","breadcrumb":{"@id":"https:\/\/luggagehero.com\/es\/madrid\/mendez-alvaro-bus-station\/#breadcrumb"},"inLanguage":"es-ES","potentialAction":[{"@type":"ReadAction","target":["https:\/\/luggagehero.com\/es\/madrid\/mendez-alvaro-bus-station\/"]}]},{"@type":"ImageObject","inLanguage":"es-ES","@id":"https:\/\/luggagehero.com\/es\/madrid\/mendez-alvaro-bus-station\/#primaryimage","url":"https:\/\/luggagehero.com\/wp-content\/uploads\/2019\/02\/EstacionMendezAlvaroMadrid_luggagestorage.jpg","contentUrl":"https:\/\/luggagehero.com\/wp-content\/uploads\/2019\/02\/EstacionMendezAlvaroMadrid_luggagestorage.jpg","width":1000,"height":667,"caption":"Luggage storage Alvaro Mendez Station"},{"@type":"BreadcrumbList","@id":"https:\/\/luggagehero.com\/es\/madrid\/mendez-alvaro-bus-station\/#breadcrumb","itemListElement":[{"@type":"ListItem","position":1,"name":"Home","item":"https:\/\/luggagehero.com\/es\/"},{"@type":"ListItem","position":2,"name":"Madrid","item":"https:\/\/luggagehero.com\/es\/madrid\/"},{"@type":"ListItem","position":3,"name":"Estacion de autobuses Mendez Alvaro"}]},{"@type":"WebSite","@id":"https:\/\/luggagehero.com\/es\/#website","url":"https:\/\/luggagehero.com\/es\/","name":"LuggageHero","description":"Free yourself from luggage","publisher":{"@id":"https:\/\/luggagehero.com\/es\/#organization"},"potentialAction":[{"@type":"SearchAction","target":{"@type":"EntryPoint","urlTemplate":"https:\/\/luggagehero.com\/es\/?s={search_term_string}"},"query-input":{"@type":"PropertyValueSpecification","valueRequired":true,"valueName":"search_term_string"}}],"inLanguage":"es-ES"},{"@type":"Organization","@id":"https:\/\/luggagehero.com\/es\/#organization","name":"LuggageHero","url":"https:\/\/luggagehero.com\/es\/","logo":{"@type":"ImageObject","inLanguage":"es-ES","@id":"https:\/\/luggagehero.com\/es\/#\/schema\/logo\/image\/","url":"https:\/\/luggagehero.com\/wp-content\/uploads\/2017\/04\/luggagehero_LOGO-RGB_kort_POS_200x200.png","contentUrl":"https:\/\/luggagehero.com\/wp-content\/uploads\/2017\/04\/luggagehero_LOGO-RGB_kort_POS_200x200.png","width":200,"height":200,"caption":"LuggageHero"},"image":{"@id":"https:\/\/luggagehero.com\/es\/#\/schema\/logo\/image\/"},"sameAs":["https:\/\/www.facebook.com\/luggagehero","https:\/\/x.com\/luggagehero","https:\/\/www.instagram.com\/luggagehero","https:\/\/www.linkedin.com\/company\/luggagehero\/"]}]}},"place_id":"","place_latitude_longitude":"40.3961,-3.6785","place_name":"Mendez Alvaro","criteria_title":"","criteria_description":"","meta_title":"","meta_description":"","children_criteria_title":"","children_criteria_description":"","children_meta_title":"","children_meta_description":"","_edit_last":"47","use_global_content":"","poi_type":"","content_raw":"\u00bfBuscas una consigna de equipaje en la Estaci\u00f3n de autobuses M\u00e9ndez \u00c1lvaro? Puedes dejar las maletas en uno de nuestros puntos con consigna de equipaje que hay en los alrededores de M\u00e9ndez \u00c1lvaro y visitar <a href=\"http:\/\/luggagehero.com\/es\/madrid\/\">Madrid<\/a> c\u00f3modamente.\r\n\r\nLos establecimientos con consigna de equipaje de <a href=\"https:\/\/luggagehero.com\/es\/\">LuggageHero<\/a> son hoteles, cafeter\u00edas y tiendas certificados. Si reservas con antelaci\u00f3n, te aseguras espacio para tus maletas. La direcci\u00f3n y las indicaciones para llegar hasta nuestros establecimientos asociados, las podr\u00e1s consultar al hacer la reserva. Todas las maletas se precintan con nuestros <a href=\"https:\/\/luggagehero.com\/about\/security-seal\/\">precintos de seguridad.<\/a> Tambi\u00e9n\u00a0<a href=\"https:\/\/luggagehero.com\/about\/insurance\/\">aseguramos<\/a> cada bulto de equipaje \u00a0hasta un valor de [pricing insurancecoverage] una vez que dejes las maletas y pongas en marcha el contador de la consigna en la p\u00e1gina de tu reserva.\r\n<h4><strong>Descarga nuestra aplicaci\u00f3n\r\n<\/strong><\/h4>\r\nPara hac\u00e9rtelo m\u00e1s f\u00e1cil, puedes descargar la aplicaci\u00f3n de LuggageHero. En la app podr\u00e1s ver todas las ubicaciones de consignas de equipaje en Madrid en lugares como<a href=\"https:\/\/luggagehero.com\/es\/madrid\/atocha-train-station\/\">\u00a0la estaci\u00f3n de Atocha<\/a>,<a href=\"https:\/\/luggagehero.com\/es\/madrid\/chamartin-train-station\/\">\u00a0la estaci\u00f3n de Chamart\u00edn<\/a>\u00a0o el barrio de\u00a0<a href=\"https:\/\/luggagehero.com\/es\/madrid\/malasana\/\">Malasa\u00f1a<\/a>, y realizar tu reserva cuando encuentres la ubicaci\u00f3n perfecta para ti.\r\n\r\n[appdownloader]\r\n<h4><strong>\u00bfListo para dejar las maletas?<\/strong><\/h4>\r\n\u00a1Encuentra el lugar perfecto y elige entre m\u00e1s de\u00a0<strong>50 ubicaciones en toda Madrid!\u00a0<\/strong>Encu\u00e9ntralas m\u00e1s f\u00e1cilmente con el mapa de Google aqu\u00ed \ud83d\udc47\r\n\r\n[mapofshops]\r\n\r\n&nbsp;\r\n\r\n&nbsp;\r\n<h2 style=\"text-align: center;\">Estaci\u00f3n de autobuses M\u00e9ndez \u00c1lvaro<\/h2>\r\nLa principal estaci\u00f3n de autobuses de Madrid, la estaci\u00f3n de M\u00e9ndez \u00c1lvaro, tambi\u00e9n conocida como Estaci\u00f3n Sur, es la estaci\u00f3n de autobuses m\u00e1s concurrida de Madrid. Est\u00e1 situada en el enorme intercambiador llamado M\u00e9ndez \u00c1lvaro. M\u00e9ndez \u00c1lvaro tambi\u00e9n incluye una estaci\u00f3n de metro y de tren. Llegar a la Estaci\u00f3n Sur es muy f\u00e1cil. Puedes coger el metro que lleva a la estaci\u00f3n de M\u00e9ndez \u00c1lvaro o uno de los trenes de Cercan\u00edas en las estaciones de <a href=\"https:\/\/luggagehero.com\/madrid\/chamartin-train-station\/\">Chamart\u00edn<\/a> o <a href=\"https:\/\/luggagehero.com\/madrid\/atocha-train-station\/\">Atocha<\/a>.\r\n\r\n<img class=\"wp-image-5235 size-large aligncenter\" src=\"https:\/\/luggagehero.com\/wp-content\/uploads\/2019\/02\/EstacionMendezAlvaroMadrid_luggagestorage-800x534.jpg\" alt=\"Consigna de equipaje estaci\u00f3n de M\u00e9ndez \u00c1lvaro\" width=\"800\" height=\"534\" \/>\r\n\r\nCerca de la Estaci\u00f3n Sur de Autobuses encontrar\u00e1s el Parque Tierno Galv\u00e1n, donde se halla el Planetario de Madrid, un lugar que vale la pena visitar por el magn\u00edfico espect\u00e1culo que presenta. La estaci\u00f3n cuenta tambi\u00e9n con varios restaurantes y cafeter\u00edas, as\u00ed como con una peque\u00f1a zona comercial y de servicios.\r\n\r\nPor la Estaci\u00f3n Sur tambi\u00e9n pasan rutas internacionales, como las que tienen por destino el Algarve y <a href=\"https:\/\/luggagehero.com\/es\/lisboa\/\">Lisboa<\/a> en Portugal, <a href=\"https:\/\/luggagehero.com\/es\/paris\/\">Par\u00eds<\/a> en Francia y <a href=\"https:\/\/luggagehero.com\/venice\/\">Venecia<\/a> en Italia.\r\n<h4><strong>Descarga la aplicaci\u00f3n de LuggageHero y\u00a0 podr\u00e1s ver todas sus ubicaciones<\/strong><\/h4>\r\n[appdownloader]","_links":{"self":[{"href":"https:\/\/luggagehero.com\/es\/wp-json\/wp\/v2\/pages\/6113","targetHints":{"allow":["GET"]}}],"collection":[{"href":"https:\/\/luggagehero.com\/es\/wp-json\/wp\/v2\/pages"}],"about":[{"href":"https:\/\/luggagehero.com\/es\/wp-json\/wp\/v2\/types\/page"}],"author":[{"embeddable":true,"href":"https:\/\/luggagehero.com\/es\/wp-json\/wp\/v2\/users\/9"}],"replies":[{"embeddable":true,"href":"https:\/\/luggagehero.com\/es\/wp-json\/wp\/v2\/comments?post=6113"}],"version-history":[{"count":0,"href":"https:\/\/luggagehero.com\/es\/wp-json\/wp\/v2\/pages\/6113\/revisions"}],"up":[{"embeddable":true,"href":"https:\/\/luggagehero.com\/es\/wp-json\/wp\/v2\/pages\/6086"}],"wp:featuredmedia":[{"embeddable":true,"href":"https:\/\/luggagehero.com\/es\/wp-json\/wp\/v2\/media\/5239"}],"wp:attachment":[{"href":"https:\/\/luggagehero.com\/es\/wp-json\/wp\/v2\/media?parent=6113"}],"curies":[{"name":"wp","href":"https:\/\/api.w.org\/{rel}","templated":true}]}}