{"id":6114,"date":"2019-04-08T12:50:19","date_gmt":"2019-04-08T12:50:19","guid":{"rendered":"https:\/\/luggagehero.com\/madrid\/malasana\/"},"modified":"2023-08-22T11:12:00","modified_gmt":"2023-08-22T11:12:00","slug":"malasana","status":"publish","type":"page","link":"https:\/\/luggagehero.com\/es\/madrid\/malasana\/","title":{"rendered":"Malasa\u00f1a"},"content":{"rendered":"<p>\u00bfBuscas una consigna de equipaje en Malasa\u00f1a donde guardar tus maletas? Puedes dejar las maletas en uno de nuestros puntos con consigna de Malasa\u00f1a y visitar <a href=\"https:\/\/luggagehero.com\/madrid\/\">Madrid<\/a> c\u00f3modamente.<\/p>\n<p>&nbsp;<\/p>\n<h2 style=\"text-align: center;\">Guarda tus maletas en Malasa\u00f1a<\/h2>\n<p>Los establecimientos con consigna de equipaje de LuggageHero son <a href=\"https:\/\/luggagehero.com\/es\/about\/establecimientos-certificados\/\">hoteles, cafeter\u00edas y tiendas certificados<\/a>. Si reservas con antelaci\u00f3n, te aseguras espacio para tus maletas. La direcci\u00f3n y las indicaciones para llegar hasta nuestros establecimientos asociados las podr\u00e1s consultar al hacer la reserva. Todas las maletas se precintan con nuestros <a href=\"https:\/\/luggagehero.com\/about\/security-seal\/\">precintos de seguridad<\/a> y <a href=\"https:\/\/luggagehero.com\/about\/insurance\/\">aseguramos<\/a> cada bulto de equipaje hasta un valor de <pricing-component type=\"insurancecoverage\"><\/pricing-component> una vez dejes las maletas y se ponga en marcha el contador de la consigna en la p\u00e1gina de tu reserva.<\/p>\n<p><img loading=\"lazy\" decoding=\"async\" class=\"wp-image-5229 size-large aligncenter\" src=\"https:\/\/luggagehero.com\/wp-content\/uploads\/2019\/02\/Malasana_madrid_luggage-storage-800x449.jpg\" alt=\"Consigna de equipaje en Malasa\u00f1a\" width=\"800\" height=\"449\" srcset=\"https:\/\/luggagehero.com\/wp-content\/uploads\/2019\/02\/Malasana_madrid_luggage-storage-800x449.jpg 800w, https:\/\/luggagehero.com\/wp-content\/uploads\/2019\/02\/Malasana_madrid_luggage-storage-300x168.jpg 300w, https:\/\/luggagehero.com\/wp-content\/uploads\/2019\/02\/Malasana_madrid_luggage-storage-600x337.jpg 600w, https:\/\/luggagehero.com\/wp-content\/uploads\/2019\/02\/Malasana_madrid_luggage-storage.jpg 1024w\" sizes=\"auto, (max-width: 800px) 100vw, 800px\" \/><\/p>\n<h2><\/h2>\n<h2 style=\"text-align: center;\">Malasa\u00f1a<\/h2>\n<p>El barrio de Malasa\u00f1a de Madrid rebosa de vida en cualquier momento del d\u00eda y a menudo hasta bien entrada la noche. Malasa\u00f1a es uno de los barrios m\u00e1s de moda de Madrid. La zona est\u00e1 cerca de la parada de metro de Tribunal y a pocos minutos de <a href=\"https:\/\/luggagehero.com\/madrid\/puerta-del-sol\/\">Sol<\/a>. Tambi\u00e9n se encuentra a poca distancia a pie de la mayor\u00eda de museos y lugares de inter\u00e9s cultural m\u00e1s visitados.<\/p>\n<p>Los madrile\u00f1os saben que una forma ideal de disfrutar la ciudad es pasar el d\u00eda en uno de sus muchos barrios comiendo, bebiendo, relaj\u00e1ndose en el parque o comprando en las boutiques. Malasa\u00f1a te dar\u00e1 todo esto y un poco de historia y cultura tambi\u00e9n. La oferta de Malasa\u00f1a es inabarcable. En las \u00faltimas d\u00e9cadas, este barrio ha ido cambiando y, en la actualidad, restaurantes modernos y tiendas de segunda mano conviven con los bares tradicionales y los magn\u00edficos mercados.<\/p>\n<p>&nbsp;<\/p>\n","protected":false},"excerpt":{"rendered":"<p>\u00bfBuscas una consigna de equipaje en Malasa\u00f1a donde guardar tus maletas? Puedes dejar las maletas en uno de nuestros puntos con consigna de Malasa\u00f1a y visitar Madrid c\u00f3modamente. &nbsp; Guarda tus maletas en Malasa\u00f1a Los establecimientos con consigna de equipaje de LuggageHero son hoteles, cafeter\u00edas y tiendas certificados. Si reservas con antelaci\u00f3n, te aseguras espacio [&hellip;]<\/p>\n","protected":false},"author":9,"featured_media":5233,"parent":6086,"menu_order":0,"comment_status":"closed","ping_status":"closed","template":"template-location.php","meta":{"_acf_changed":false,"footnotes":""},"class_list":["post-6114","page","type-page","status-publish","has-post-thumbnail","hentry"],"acf":[],"yoast_head":"<!-- This site is optimized with the Yoast SEO Premium plugin v27.0 (Yoast SEO v27.0) - https:\/\/yoast.com\/product\/yoast-seo-premium-wordpress\/ -->\n<title>Malasa\u00f1a - LuggageHero<\/title>\n<meta name=\"robots\" content=\"index, follow, max-snippet:-1, max-image-preview:large, max-video-preview:-1\" \/>\n<link rel=\"canonical\" href=\"https:\/\/luggagehero.com\/es\/madrid\/malasana\/\" \/>\n<meta property=\"og:locale\" content=\"es_ES\" \/>\n<meta property=\"og:type\" content=\"article\" \/>\n<meta property=\"og:title\" content=\"Malasa\u00f1a\" \/>\n<meta property=\"og:description\" content=\"\u00bfBuscas una consigna de equipaje en Malasa\u00f1a donde guardar tus maletas? Puedes dejar las maletas en uno de nuestros puntos con consigna de Malasa\u00f1a y visitar Madrid c\u00f3modamente. &nbsp; Guarda tus maletas en Malasa\u00f1a Los establecimientos con consigna de equipaje de LuggageHero son hoteles, cafeter\u00edas y tiendas certificados. Si reservas con antelaci\u00f3n, te aseguras espacio [&hellip;]\" \/>\n<meta property=\"og:url\" content=\"https:\/\/luggagehero.com\/es\/madrid\/malasana\/\" \/>\n<meta property=\"og:site_name\" content=\"LuggageHero\" \/>\n<meta property=\"article:publisher\" content=\"https:\/\/www.facebook.com\/luggagehero\" \/>\n<meta property=\"article:modified_time\" content=\"2023-08-22T11:12:00+00:00\" \/>\n<meta property=\"og:image\" content=\"https:\/\/luggagehero.com\/wp-content\/uploads\/2019\/02\/Malasana_madrid_luggage-storage.jpg\" \/>\n\t<meta property=\"og:image:width\" content=\"1024\" \/>\n\t<meta property=\"og:image:height\" content=\"575\" \/>\n\t<meta property=\"og:image:type\" content=\"image\/jpeg\" \/>\n<meta name=\"twitter:card\" content=\"summary_large_image\" \/>\n<meta name=\"twitter:site\" content=\"@luggagehero\" \/>\n<meta name=\"twitter:label1\" content=\"Est. reading time\" \/>\n\t<meta name=\"twitter:data1\" content=\"2 minutes\" \/>\n<script type=\"application\/ld+json\" class=\"yoast-schema-graph\">{\"@context\":\"https:\/\/schema.org\",\"@graph\":[{\"@type\":\"WebPage\",\"@id\":\"https:\/\/luggagehero.com\/es\/madrid\/malasana\/\",\"url\":\"https:\/\/luggagehero.com\/es\/madrid\/malasana\/\",\"name\":\"Malasa\u00f1a - LuggageHero\",\"isPartOf\":{\"@id\":\"https:\/\/luggagehero.com\/es\/#website\"},\"primaryImageOfPage\":{\"@id\":\"https:\/\/luggagehero.com\/es\/madrid\/malasana\/#primaryimage\"},\"image\":{\"@id\":\"https:\/\/luggagehero.com\/es\/madrid\/malasana\/#primaryimage\"},\"thumbnailUrl\":\"https:\/\/luggagehero.com\/wp-content\/uploads\/2019\/02\/Malasana_madrid_luggage-storage.jpg\",\"datePublished\":\"2019-04-08T12:50:19+00:00\",\"dateModified\":\"2023-08-22T11:12:00+00:00\",\"breadcrumb\":{\"@id\":\"https:\/\/luggagehero.com\/es\/madrid\/malasana\/#breadcrumb\"},\"inLanguage\":\"es-ES\",\"potentialAction\":[{\"@type\":\"ReadAction\",\"target\":[\"https:\/\/luggagehero.com\/es\/madrid\/malasana\/\"]}]},{\"@type\":\"ImageObject\",\"inLanguage\":\"es-ES\",\"@id\":\"https:\/\/luggagehero.com\/es\/madrid\/malasana\/#primaryimage\",\"url\":\"https:\/\/luggagehero.com\/wp-content\/uploads\/2019\/02\/Malasana_madrid_luggage-storage.jpg\",\"contentUrl\":\"https:\/\/luggagehero.com\/wp-content\/uploads\/2019\/02\/Malasana_madrid_luggage-storage.jpg\",\"width\":1024,\"height\":575,\"caption\":\"Luggage storage Malasana\"},{\"@type\":\"BreadcrumbList\",\"@id\":\"https:\/\/luggagehero.com\/es\/madrid\/malasana\/#breadcrumb\",\"itemListElement\":[{\"@type\":\"ListItem\",\"position\":1,\"name\":\"Home\",\"item\":\"https:\/\/luggagehero.com\/es\/\"},{\"@type\":\"ListItem\",\"position\":2,\"name\":\"Madrid\",\"item\":\"https:\/\/luggagehero.com\/es\/madrid\/\"},{\"@type\":\"ListItem\",\"position\":3,\"name\":\"Malasa\u00f1a\"}]},{\"@type\":\"WebSite\",\"@id\":\"https:\/\/luggagehero.com\/es\/#website\",\"url\":\"https:\/\/luggagehero.com\/es\/\",\"name\":\"LuggageHero\",\"description\":\"Free yourself from luggage\",\"publisher\":{\"@id\":\"https:\/\/luggagehero.com\/es\/#organization\"},\"potentialAction\":[{\"@type\":\"SearchAction\",\"target\":{\"@type\":\"EntryPoint\",\"urlTemplate\":\"https:\/\/luggagehero.com\/es\/?s={search_term_string}\"},\"query-input\":{\"@type\":\"PropertyValueSpecification\",\"valueRequired\":true,\"valueName\":\"search_term_string\"}}],\"inLanguage\":\"es-ES\"},{\"@type\":\"Organization\",\"@id\":\"https:\/\/luggagehero.com\/es\/#organization\",\"name\":\"LuggageHero\",\"url\":\"https:\/\/luggagehero.com\/es\/\",\"logo\":{\"@type\":\"ImageObject\",\"inLanguage\":\"es-ES\",\"@id\":\"https:\/\/luggagehero.com\/es\/#\/schema\/logo\/image\/\",\"url\":\"https:\/\/luggagehero.com\/wp-content\/uploads\/2017\/04\/luggagehero_LOGO-RGB_kort_POS_200x200.png\",\"contentUrl\":\"https:\/\/luggagehero.com\/wp-content\/uploads\/2017\/04\/luggagehero_LOGO-RGB_kort_POS_200x200.png\",\"width\":200,\"height\":200,\"caption\":\"LuggageHero\"},\"image\":{\"@id\":\"https:\/\/luggagehero.com\/es\/#\/schema\/logo\/image\/\"},\"sameAs\":[\"https:\/\/www.facebook.com\/luggagehero\",\"https:\/\/x.com\/luggagehero\",\"https:\/\/www.instagram.com\/luggagehero\",\"https:\/\/www.linkedin.com\/company\/luggagehero\/\"]}]}<\/script>\n<!-- \/ Yoast SEO Premium plugin. -->","yoast_head_json":{"title":"Malasa\u00f1a - LuggageHero","robots":{"index":"index","follow":"follow","max-snippet":"max-snippet:-1","max-image-preview":"max-image-preview:large","max-video-preview":"max-video-preview:-1"},"canonical":"https:\/\/luggagehero.com\/es\/madrid\/malasana\/","og_locale":"es_ES","og_type":"article","og_title":"Malasa\u00f1a","og_description":"\u00bfBuscas una consigna de equipaje en Malasa\u00f1a donde guardar tus maletas? Puedes dejar las maletas en uno de nuestros puntos con consigna de Malasa\u00f1a y visitar Madrid c\u00f3modamente. &nbsp; Guarda tus maletas en Malasa\u00f1a Los establecimientos con consigna de equipaje de LuggageHero son hoteles, cafeter\u00edas y tiendas certificados. Si reservas con antelaci\u00f3n, te aseguras espacio [&hellip;]","og_url":"https:\/\/luggagehero.com\/es\/madrid\/malasana\/","og_site_name":"LuggageHero","article_publisher":"https:\/\/www.facebook.com\/luggagehero","article_modified_time":"2023-08-22T11:12:00+00:00","og_image":[{"width":1024,"height":575,"url":"https:\/\/luggagehero.com\/wp-content\/uploads\/2019\/02\/Malasana_madrid_luggage-storage.jpg","type":"image\/jpeg"}],"twitter_card":"summary_large_image","twitter_site":"@luggagehero","twitter_misc":{"Est. reading time":"2 minutes"},"schema":{"@context":"https:\/\/schema.org","@graph":[{"@type":"WebPage","@id":"https:\/\/luggagehero.com\/es\/madrid\/malasana\/","url":"https:\/\/luggagehero.com\/es\/madrid\/malasana\/","name":"Malasa\u00f1a - LuggageHero","isPartOf":{"@id":"https:\/\/luggagehero.com\/es\/#website"},"primaryImageOfPage":{"@id":"https:\/\/luggagehero.com\/es\/madrid\/malasana\/#primaryimage"},"image":{"@id":"https:\/\/luggagehero.com\/es\/madrid\/malasana\/#primaryimage"},"thumbnailUrl":"https:\/\/luggagehero.com\/wp-content\/uploads\/2019\/02\/Malasana_madrid_luggage-storage.jpg","datePublished":"2019-04-08T12:50:19+00:00","dateModified":"2023-08-22T11:12:00+00:00","breadcrumb":{"@id":"https:\/\/luggagehero.com\/es\/madrid\/malasana\/#breadcrumb"},"inLanguage":"es-ES","potentialAction":[{"@type":"ReadAction","target":["https:\/\/luggagehero.com\/es\/madrid\/malasana\/"]}]},{"@type":"ImageObject","inLanguage":"es-ES","@id":"https:\/\/luggagehero.com\/es\/madrid\/malasana\/#primaryimage","url":"https:\/\/luggagehero.com\/wp-content\/uploads\/2019\/02\/Malasana_madrid_luggage-storage.jpg","contentUrl":"https:\/\/luggagehero.com\/wp-content\/uploads\/2019\/02\/Malasana_madrid_luggage-storage.jpg","width":1024,"height":575,"caption":"Luggage storage Malasana"},{"@type":"BreadcrumbList","@id":"https:\/\/luggagehero.com\/es\/madrid\/malasana\/#breadcrumb","itemListElement":[{"@type":"ListItem","position":1,"name":"Home","item":"https:\/\/luggagehero.com\/es\/"},{"@type":"ListItem","position":2,"name":"Madrid","item":"https:\/\/luggagehero.com\/es\/madrid\/"},{"@type":"ListItem","position":3,"name":"Malasa\u00f1a"}]},{"@type":"WebSite","@id":"https:\/\/luggagehero.com\/es\/#website","url":"https:\/\/luggagehero.com\/es\/","name":"LuggageHero","description":"Free yourself from luggage","publisher":{"@id":"https:\/\/luggagehero.com\/es\/#organization"},"potentialAction":[{"@type":"SearchAction","target":{"@type":"EntryPoint","urlTemplate":"https:\/\/luggagehero.com\/es\/?s={search_term_string}"},"query-input":{"@type":"PropertyValueSpecification","valueRequired":true,"valueName":"search_term_string"}}],"inLanguage":"es-ES"},{"@type":"Organization","@id":"https:\/\/luggagehero.com\/es\/#organization","name":"LuggageHero","url":"https:\/\/luggagehero.com\/es\/","logo":{"@type":"ImageObject","inLanguage":"es-ES","@id":"https:\/\/luggagehero.com\/es\/#\/schema\/logo\/image\/","url":"https:\/\/luggagehero.com\/wp-content\/uploads\/2017\/04\/luggagehero_LOGO-RGB_kort_POS_200x200.png","contentUrl":"https:\/\/luggagehero.com\/wp-content\/uploads\/2017\/04\/luggagehero_LOGO-RGB_kort_POS_200x200.png","width":200,"height":200,"caption":"LuggageHero"},"image":{"@id":"https:\/\/luggagehero.com\/es\/#\/schema\/logo\/image\/"},"sameAs":["https:\/\/www.facebook.com\/luggagehero","https:\/\/x.com\/luggagehero","https:\/\/www.instagram.com\/luggagehero","https:\/\/www.linkedin.com\/company\/luggagehero\/"]}]}},"place_id":"","place_latitude_longitude":"40.42461804036525, -3.7076707133302476","place_name":"Malasa\u00f1a","criteria_title":"","criteria_description":"","meta_title":"","meta_description":"","children_criteria_title":"","children_criteria_description":"","children_meta_title":"","children_meta_description":"","_edit_last":"46","use_global_content":"","poi_type":"","content_raw":"\u00bfBuscas una consigna de equipaje en Malasa\u00f1a donde guardar tus maletas? Puedes dejar las maletas en uno de nuestros puntos con consigna de Malasa\u00f1a y visitar <a href=\"https:\/\/luggagehero.com\/madrid\/\">Madrid<\/a> c\u00f3modamente.\r\n\r\n&nbsp;\r\n<h2 style=\"text-align: center;\">Guarda tus maletas en Malasa\u00f1a<\/h2>\r\nLos establecimientos con consigna de equipaje de LuggageHero son <a href=\"https:\/\/luggagehero.com\/es\/about\/establecimientos-certificados\/\">hoteles, cafeter\u00edas y tiendas certificados<\/a>. Si reservas con antelaci\u00f3n, te aseguras espacio para tus maletas. La direcci\u00f3n y las indicaciones para llegar hasta nuestros establecimientos asociados las podr\u00e1s consultar al hacer la reserva. Todas las maletas se precintan con nuestros <a href=\"https:\/\/luggagehero.com\/about\/security-seal\/\">precintos de seguridad<\/a> y <a href=\"https:\/\/luggagehero.com\/about\/insurance\/\">aseguramos<\/a> cada bulto de equipaje hasta un valor de [pricing insurancecoverage] una vez dejes las maletas y se ponga en marcha el contador de la consigna en la p\u00e1gina de tu reserva.\r\n\r\n<img class=\"wp-image-5229 size-large aligncenter\" src=\"https:\/\/luggagehero.com\/wp-content\/uploads\/2019\/02\/Malasana_madrid_luggage-storage-800x449.jpg\" alt=\"Consigna de equipaje en Malasa\u00f1a\" width=\"800\" height=\"449\" \/>\r\n<h2><\/h2>\r\n<h2 style=\"text-align: center;\">Malasa\u00f1a<\/h2>\r\nEl barrio de Malasa\u00f1a de Madrid rebosa de vida en cualquier momento del d\u00eda y a menudo hasta bien entrada la noche. Malasa\u00f1a es uno de los barrios m\u00e1s de moda de Madrid. La zona est\u00e1 cerca de la parada de metro de Tribunal y a pocos minutos de <a href=\"https:\/\/luggagehero.com\/madrid\/puerta-del-sol\/\">Sol<\/a>. Tambi\u00e9n se encuentra a poca distancia a pie de la mayor\u00eda de museos y lugares de inter\u00e9s cultural m\u00e1s visitados.\r\n\r\nLos madrile\u00f1os saben que una forma ideal de disfrutar la ciudad es pasar el d\u00eda en uno de sus muchos barrios comiendo, bebiendo, relaj\u00e1ndose en el parque o comprando en las boutiques. Malasa\u00f1a te dar\u00e1 todo esto y un poco de historia y cultura tambi\u00e9n. La oferta de Malasa\u00f1a es inabarcable. En las \u00faltimas d\u00e9cadas, este barrio ha ido cambiando y, en la actualidad, restaurantes modernos y tiendas de segunda mano conviven con los bares tradicionales y los magn\u00edficos mercados.\r\n\r\n&nbsp;","_links":{"self":[{"href":"https:\/\/luggagehero.com\/es\/wp-json\/wp\/v2\/pages\/6114","targetHints":{"allow":["GET"]}}],"collection":[{"href":"https:\/\/luggagehero.com\/es\/wp-json\/wp\/v2\/pages"}],"about":[{"href":"https:\/\/luggagehero.com\/es\/wp-json\/wp\/v2\/types\/page"}],"author":[{"embeddable":true,"href":"https:\/\/luggagehero.com\/es\/wp-json\/wp\/v2\/users\/9"}],"replies":[{"embeddable":true,"href":"https:\/\/luggagehero.com\/es\/wp-json\/wp\/v2\/comments?post=6114"}],"version-history":[{"count":0,"href":"https:\/\/luggagehero.com\/es\/wp-json\/wp\/v2\/pages\/6114\/revisions"}],"up":[{"embeddable":true,"href":"https:\/\/luggagehero.com\/es\/wp-json\/wp\/v2\/pages\/6086"}],"wp:featuredmedia":[{"embeddable":true,"href":"https:\/\/luggagehero.com\/es\/wp-json\/wp\/v2\/media\/5233"}],"wp:attachment":[{"href":"https:\/\/luggagehero.com\/es\/wp-json\/wp\/v2\/media?parent=6114"}],"curies":[{"name":"wp","href":"https:\/\/api.w.org\/{rel}","templated":true}]}}