{"id":6115,"date":"2019-04-08T12:50:20","date_gmt":"2019-04-08T12:50:20","guid":{"rendered":"https:\/\/luggagehero.com\/madrid\/city-center\/"},"modified":"2023-08-22T11:11:25","modified_gmt":"2023-08-22T11:11:25","slug":"city-center","status":"publish","type":"page","link":"https:\/\/luggagehero.com\/es\/madrid\/city-center\/","title":{"rendered":"Centro de la ciudad"},"content":{"rendered":"<p>\u00bfBuscas una consigna de equipaje en el centro de Madrid? Puedes dejar las maletas en uno de nuestros puntos con consigna de equipaje que hay en el centro y visitar <a href=\"https:\/\/luggagehero.com\/madrid\/\">Madrid<\/a> c\u00f3modamente.<\/p>\n<p>&nbsp;<\/p>\n<h2 style=\"text-align: center;\">Guarda tus maletas en el centro de Madrid<\/h2>\n<p>Los establecimientos con consigna de equipaje de LuggageHero son <a href=\"https:\/\/luggagehero.com\/es\/about\/establecimientos-certificados\/\">hoteles, cafeter\u00edas y tiendas certificados<\/a>. Si reservas con antelaci\u00f3n, te aseguras espacio para tus maletas. La direcci\u00f3n y las indicaciones para llegar hasta nuestros establecimientos asociados las podr\u00e1s consultar al hacer la reserva. Todas las maletas se precintan con nuestros <a href=\"https:\/\/luggagehero.com\/about\/security-seal\/\">precintos de seguridad<\/a> y <a href=\"https:\/\/luggagehero.com\/about\/insurance\/\">aseguramos<\/a> cada bulto de equipaje hasta un valor de <pricing-component type=\"insurancecoverage\"><\/pricing-component> una vez dejes las maletas y se ponga en marcha el contador de la consigna en la p\u00e1gina de tu reserva.<\/p>\n<p>&nbsp;<\/p>\n<p><img loading=\"lazy\" decoding=\"async\" class=\"wp-image-5167 size-large aligncenter\" src=\"https:\/\/luggagehero.com\/wp-content\/uploads\/2019\/02\/pexels-photo-670261-2-800x614.jpeg\" alt=\"Busca una consigna de equipaje en Madrid\" width=\"800\" height=\"614\" srcset=\"https:\/\/luggagehero.com\/wp-content\/uploads\/2019\/02\/pexels-photo-670261-2-800x614.jpeg 800w, https:\/\/luggagehero.com\/wp-content\/uploads\/2019\/02\/pexels-photo-670261-2-300x230.jpeg 300w, https:\/\/luggagehero.com\/wp-content\/uploads\/2019\/02\/pexels-photo-670261-2-600x461.jpeg 600w, https:\/\/luggagehero.com\/wp-content\/uploads\/2019\/02\/pexels-photo-670261-2.jpeg 1920w\" sizes=\"auto, (max-width: 800px) 100vw, 800px\" \/><\/p>\n<p>&nbsp;<\/p>\n<h2 style=\"text-align: center;\">Centro de Madrid<\/h2>\n<p>Madrid, la capital de Espa\u00f1a, es una ciudad con avenidas elegantes y parques amplios y cuidados, como el Buen Retiro. La ciudad transmite un mensaje muy sencillo: aqu\u00ed se sabe vivir bien. En el centro de la ciudad encontrar\u00e1s muchos lugares de inter\u00e9s, como la bas\u00edlica de San Francisco el Grande, <a href=\"https:\/\/luggagehero.com\/madrid\/plaza-mayor\/\">la plaza Mayor<\/a> o el Mueso Nacional Centro de Arte Reina Sof\u00eda.<\/p>\n<p>A Madrid tambi\u00e9n se la conoce por ser una capital gastron\u00f3mica. La ciudad, al adoptar toda la creatividad e innovaci\u00f3n de la revoluci\u00f3n gastron\u00f3mica espa\u00f1ola, ha sabido ir m\u00e1s all\u00e1 de los principios humildes de su cocina local para convertirse en una de las capitales culinarias m\u00e1s ricas de Europa.<\/p>\n<p>Cuando visitas Madrid existen varios motivos para dejar el equipaje. Por ello, LuggageHero ofrece m\u00e1s de 50 puntos con consigna de equipaje en el centro de ciudad, cerca de los principales lugares de inter\u00e9s y estaciones como la de <a href=\"https:\/\/luggagehero.com\/madrid\/atocha-train-station\/\">Atocha<\/a> o la de <a href=\"https:\/\/luggagehero.com\/madrid\/chamartin-train-station\/\">Chamart\u00edn<\/a>, para que puedas dejar las maletas. As\u00ed, tendr\u00e1s la oportunidad perfecta para explorar la ciudad sin tener que ir cargando las maletas.<\/p>\n<p>&nbsp;<\/p>\n","protected":false},"excerpt":{"rendered":"<p>\u00bfBuscas una consigna de equipaje en el centro de Madrid? Puedes dejar las maletas en uno de nuestros puntos con consigna de equipaje que hay en el centro y visitar Madrid c\u00f3modamente. &nbsp; Guarda tus maletas en el centro de Madrid Los establecimientos con consigna de equipaje de LuggageHero son hoteles, cafeter\u00edas y tiendas certificados. [&hellip;]<\/p>\n","protected":false},"author":9,"featured_media":5227,"parent":6086,"menu_order":0,"comment_status":"closed","ping_status":"closed","template":"template-location.php","meta":{"_acf_changed":false,"footnotes":""},"class_list":["post-6115","page","type-page","status-publish","has-post-thumbnail","hentry"],"acf":[],"yoast_head":"<!-- This site is optimized with the Yoast SEO Premium plugin v27.0 (Yoast SEO v27.0) - https:\/\/yoast.com\/product\/yoast-seo-premium-wordpress\/ -->\n<title>Centro de la ciudad - LuggageHero<\/title>\n<meta name=\"robots\" content=\"index, follow, max-snippet:-1, max-image-preview:large, max-video-preview:-1\" \/>\n<link rel=\"canonical\" href=\"https:\/\/luggagehero.com\/es\/madrid\/city-center\/\" \/>\n<meta property=\"og:locale\" content=\"es_ES\" \/>\n<meta property=\"og:type\" content=\"article\" \/>\n<meta property=\"og:title\" content=\"Centro de la ciudad\" \/>\n<meta property=\"og:description\" content=\"\u00bfBuscas una consigna de equipaje en el centro de Madrid? Puedes dejar las maletas en uno de nuestros puntos con consigna de equipaje que hay en el centro y visitar Madrid c\u00f3modamente. &nbsp; Guarda tus maletas en el centro de Madrid Los establecimientos con consigna de equipaje de LuggageHero son hoteles, cafeter\u00edas y tiendas certificados. [&hellip;]\" \/>\n<meta property=\"og:url\" content=\"https:\/\/luggagehero.com\/es\/madrid\/city-center\/\" \/>\n<meta property=\"og:site_name\" content=\"LuggageHero\" \/>\n<meta property=\"article:publisher\" content=\"https:\/\/www.facebook.com\/luggagehero\" \/>\n<meta property=\"article:modified_time\" content=\"2023-08-22T11:11:25+00:00\" \/>\n<meta property=\"og:image\" content=\"https:\/\/luggagehero.com\/wp-content\/uploads\/2019\/02\/pexels-photo-670261-2.jpeg\" \/>\n\t<meta property=\"og:image:width\" content=\"1920\" \/>\n\t<meta property=\"og:image:height\" content=\"1474\" \/>\n\t<meta property=\"og:image:type\" content=\"image\/jpeg\" \/>\n<meta name=\"twitter:card\" content=\"summary_large_image\" \/>\n<meta name=\"twitter:site\" content=\"@luggagehero\" \/>\n<meta name=\"twitter:label1\" content=\"Est. reading time\" \/>\n\t<meta name=\"twitter:data1\" content=\"2 minutes\" \/>\n<script type=\"application\/ld+json\" class=\"yoast-schema-graph\">{\"@context\":\"https:\/\/schema.org\",\"@graph\":[{\"@type\":\"WebPage\",\"@id\":\"https:\/\/luggagehero.com\/es\/madrid\/city-center\/\",\"url\":\"https:\/\/luggagehero.com\/es\/madrid\/city-center\/\",\"name\":\"Centro de la ciudad - LuggageHero\",\"isPartOf\":{\"@id\":\"https:\/\/luggagehero.com\/es\/#website\"},\"primaryImageOfPage\":{\"@id\":\"https:\/\/luggagehero.com\/es\/madrid\/city-center\/#primaryimage\"},\"image\":{\"@id\":\"https:\/\/luggagehero.com\/es\/madrid\/city-center\/#primaryimage\"},\"thumbnailUrl\":\"https:\/\/luggagehero.com\/wp-content\/uploads\/2019\/02\/pexels-photo-670261-2.jpeg\",\"datePublished\":\"2019-04-08T12:50:20+00:00\",\"dateModified\":\"2023-08-22T11:11:25+00:00\",\"breadcrumb\":{\"@id\":\"https:\/\/luggagehero.com\/es\/madrid\/city-center\/#breadcrumb\"},\"inLanguage\":\"es-ES\",\"potentialAction\":[{\"@type\":\"ReadAction\",\"target\":[\"https:\/\/luggagehero.com\/es\/madrid\/city-center\/\"]}]},{\"@type\":\"ImageObject\",\"inLanguage\":\"es-ES\",\"@id\":\"https:\/\/luggagehero.com\/es\/madrid\/city-center\/#primaryimage\",\"url\":\"https:\/\/luggagehero.com\/wp-content\/uploads\/2019\/02\/pexels-photo-670261-2.jpeg\",\"contentUrl\":\"https:\/\/luggagehero.com\/wp-content\/uploads\/2019\/02\/pexels-photo-670261-2.jpeg\",\"width\":1920,\"height\":1474,\"caption\":\"Find luggage storage in Madrid\"},{\"@type\":\"BreadcrumbList\",\"@id\":\"https:\/\/luggagehero.com\/es\/madrid\/city-center\/#breadcrumb\",\"itemListElement\":[{\"@type\":\"ListItem\",\"position\":1,\"name\":\"Home\",\"item\":\"https:\/\/luggagehero.com\/es\/\"},{\"@type\":\"ListItem\",\"position\":2,\"name\":\"Madrid\",\"item\":\"https:\/\/luggagehero.com\/es\/madrid\/\"},{\"@type\":\"ListItem\",\"position\":3,\"name\":\"Centro de la ciudad\"}]},{\"@type\":\"WebSite\",\"@id\":\"https:\/\/luggagehero.com\/es\/#website\",\"url\":\"https:\/\/luggagehero.com\/es\/\",\"name\":\"LuggageHero\",\"description\":\"Free yourself from luggage\",\"publisher\":{\"@id\":\"https:\/\/luggagehero.com\/es\/#organization\"},\"potentialAction\":[{\"@type\":\"SearchAction\",\"target\":{\"@type\":\"EntryPoint\",\"urlTemplate\":\"https:\/\/luggagehero.com\/es\/?s={search_term_string}\"},\"query-input\":{\"@type\":\"PropertyValueSpecification\",\"valueRequired\":true,\"valueName\":\"search_term_string\"}}],\"inLanguage\":\"es-ES\"},{\"@type\":\"Organization\",\"@id\":\"https:\/\/luggagehero.com\/es\/#organization\",\"name\":\"LuggageHero\",\"url\":\"https:\/\/luggagehero.com\/es\/\",\"logo\":{\"@type\":\"ImageObject\",\"inLanguage\":\"es-ES\",\"@id\":\"https:\/\/luggagehero.com\/es\/#\/schema\/logo\/image\/\",\"url\":\"https:\/\/luggagehero.com\/wp-content\/uploads\/2017\/04\/luggagehero_LOGO-RGB_kort_POS_200x200.png\",\"contentUrl\":\"https:\/\/luggagehero.com\/wp-content\/uploads\/2017\/04\/luggagehero_LOGO-RGB_kort_POS_200x200.png\",\"width\":200,\"height\":200,\"caption\":\"LuggageHero\"},\"image\":{\"@id\":\"https:\/\/luggagehero.com\/es\/#\/schema\/logo\/image\/\"},\"sameAs\":[\"https:\/\/www.facebook.com\/luggagehero\",\"https:\/\/x.com\/luggagehero\",\"https:\/\/www.instagram.com\/luggagehero\",\"https:\/\/www.linkedin.com\/company\/luggagehero\/\"]}]}<\/script>\n<!-- \/ Yoast SEO Premium plugin. -->","yoast_head_json":{"title":"Centro de la ciudad - LuggageHero","robots":{"index":"index","follow":"follow","max-snippet":"max-snippet:-1","max-image-preview":"max-image-preview:large","max-video-preview":"max-video-preview:-1"},"canonical":"https:\/\/luggagehero.com\/es\/madrid\/city-center\/","og_locale":"es_ES","og_type":"article","og_title":"Centro de la ciudad","og_description":"\u00bfBuscas una consigna de equipaje en el centro de Madrid? Puedes dejar las maletas en uno de nuestros puntos con consigna de equipaje que hay en el centro y visitar Madrid c\u00f3modamente. &nbsp; Guarda tus maletas en el centro de Madrid Los establecimientos con consigna de equipaje de LuggageHero son hoteles, cafeter\u00edas y tiendas certificados. [&hellip;]","og_url":"https:\/\/luggagehero.com\/es\/madrid\/city-center\/","og_site_name":"LuggageHero","article_publisher":"https:\/\/www.facebook.com\/luggagehero","article_modified_time":"2023-08-22T11:11:25+00:00","og_image":[{"width":1920,"height":1474,"url":"https:\/\/luggagehero.com\/wp-content\/uploads\/2019\/02\/pexels-photo-670261-2.jpeg","type":"image\/jpeg"}],"twitter_card":"summary_large_image","twitter_site":"@luggagehero","twitter_misc":{"Est. reading time":"2 minutes"},"schema":{"@context":"https:\/\/schema.org","@graph":[{"@type":"WebPage","@id":"https:\/\/luggagehero.com\/es\/madrid\/city-center\/","url":"https:\/\/luggagehero.com\/es\/madrid\/city-center\/","name":"Centro de la ciudad - LuggageHero","isPartOf":{"@id":"https:\/\/luggagehero.com\/es\/#website"},"primaryImageOfPage":{"@id":"https:\/\/luggagehero.com\/es\/madrid\/city-center\/#primaryimage"},"image":{"@id":"https:\/\/luggagehero.com\/es\/madrid\/city-center\/#primaryimage"},"thumbnailUrl":"https:\/\/luggagehero.com\/wp-content\/uploads\/2019\/02\/pexels-photo-670261-2.jpeg","datePublished":"2019-04-08T12:50:20+00:00","dateModified":"2023-08-22T11:11:25+00:00","breadcrumb":{"@id":"https:\/\/luggagehero.com\/es\/madrid\/city-center\/#breadcrumb"},"inLanguage":"es-ES","potentialAction":[{"@type":"ReadAction","target":["https:\/\/luggagehero.com\/es\/madrid\/city-center\/"]}]},{"@type":"ImageObject","inLanguage":"es-ES","@id":"https:\/\/luggagehero.com\/es\/madrid\/city-center\/#primaryimage","url":"https:\/\/luggagehero.com\/wp-content\/uploads\/2019\/02\/pexels-photo-670261-2.jpeg","contentUrl":"https:\/\/luggagehero.com\/wp-content\/uploads\/2019\/02\/pexels-photo-670261-2.jpeg","width":1920,"height":1474,"caption":"Find luggage storage in Madrid"},{"@type":"BreadcrumbList","@id":"https:\/\/luggagehero.com\/es\/madrid\/city-center\/#breadcrumb","itemListElement":[{"@type":"ListItem","position":1,"name":"Home","item":"https:\/\/luggagehero.com\/es\/"},{"@type":"ListItem","position":2,"name":"Madrid","item":"https:\/\/luggagehero.com\/es\/madrid\/"},{"@type":"ListItem","position":3,"name":"Centro de la ciudad"}]},{"@type":"WebSite","@id":"https:\/\/luggagehero.com\/es\/#website","url":"https:\/\/luggagehero.com\/es\/","name":"LuggageHero","description":"Free yourself from luggage","publisher":{"@id":"https:\/\/luggagehero.com\/es\/#organization"},"potentialAction":[{"@type":"SearchAction","target":{"@type":"EntryPoint","urlTemplate":"https:\/\/luggagehero.com\/es\/?s={search_term_string}"},"query-input":{"@type":"PropertyValueSpecification","valueRequired":true,"valueName":"search_term_string"}}],"inLanguage":"es-ES"},{"@type":"Organization","@id":"https:\/\/luggagehero.com\/es\/#organization","name":"LuggageHero","url":"https:\/\/luggagehero.com\/es\/","logo":{"@type":"ImageObject","inLanguage":"es-ES","@id":"https:\/\/luggagehero.com\/es\/#\/schema\/logo\/image\/","url":"https:\/\/luggagehero.com\/wp-content\/uploads\/2017\/04\/luggagehero_LOGO-RGB_kort_POS_200x200.png","contentUrl":"https:\/\/luggagehero.com\/wp-content\/uploads\/2017\/04\/luggagehero_LOGO-RGB_kort_POS_200x200.png","width":200,"height":200,"caption":"LuggageHero"},"image":{"@id":"https:\/\/luggagehero.com\/es\/#\/schema\/logo\/image\/"},"sameAs":["https:\/\/www.facebook.com\/luggagehero","https:\/\/x.com\/luggagehero","https:\/\/www.instagram.com\/luggagehero","https:\/\/www.linkedin.com\/company\/luggagehero\/"]}]}},"place_id":"","place_latitude_longitude":"40.41655388316934, -3.7028070349792905","place_name":"Centro de la ciudad","criteria_title":"","criteria_description":"","meta_title":"","meta_description":"","children_criteria_title":"","children_criteria_description":"","children_meta_title":"","children_meta_description":"","_edit_last":"46","use_global_content":"","poi_type":"","content_raw":"\u00bfBuscas una consigna de equipaje en el centro de Madrid? Puedes dejar las maletas en uno de nuestros puntos con consigna de equipaje que hay en el centro y visitar <a href=\"https:\/\/luggagehero.com\/madrid\/\">Madrid<\/a> c\u00f3modamente.\r\n\r\n&nbsp;\r\n<h2 style=\"text-align: center;\">Guarda tus maletas en el centro de Madrid<\/h2>\r\nLos establecimientos con consigna de equipaje de LuggageHero son <a href=\"https:\/\/luggagehero.com\/es\/about\/establecimientos-certificados\/\">hoteles, cafeter\u00edas y tiendas certificados<\/a>. Si reservas con antelaci\u00f3n, te aseguras espacio para tus maletas. La direcci\u00f3n y las indicaciones para llegar hasta nuestros establecimientos asociados las podr\u00e1s consultar al hacer la reserva. Todas las maletas se precintan con nuestros <a href=\"https:\/\/luggagehero.com\/about\/security-seal\/\">precintos de seguridad<\/a> y <a href=\"https:\/\/luggagehero.com\/about\/insurance\/\">aseguramos<\/a> cada bulto de equipaje hasta un valor de [pricing insurancecoverage] una vez dejes las maletas y se ponga en marcha el contador de la consigna en la p\u00e1gina de tu reserva.\r\n\r\n&nbsp;\r\n\r\n<img class=\"wp-image-5167 size-large aligncenter\" src=\"https:\/\/luggagehero.com\/wp-content\/uploads\/2019\/02\/pexels-photo-670261-2-800x614.jpeg\" alt=\"Busca una consigna de equipaje en Madrid\" width=\"800\" height=\"614\" \/>\r\n\r\n&nbsp;\r\n<h2 style=\"text-align: center;\">Centro de Madrid<\/h2>\r\nMadrid, la capital de Espa\u00f1a, es una ciudad con avenidas elegantes y parques amplios y cuidados, como el Buen Retiro. La ciudad transmite un mensaje muy sencillo: aqu\u00ed se sabe vivir bien. En el centro de la ciudad encontrar\u00e1s muchos lugares de inter\u00e9s, como la bas\u00edlica de San Francisco el Grande, <a href=\"https:\/\/luggagehero.com\/madrid\/plaza-mayor\/\">la plaza Mayor<\/a> o el Mueso Nacional Centro de Arte Reina Sof\u00eda.\r\n\r\nA Madrid tambi\u00e9n se la conoce por ser una capital gastron\u00f3mica. La ciudad, al adoptar toda la creatividad e innovaci\u00f3n de la revoluci\u00f3n gastron\u00f3mica espa\u00f1ola, ha sabido ir m\u00e1s all\u00e1 de los principios humildes de su cocina local para convertirse en una de las capitales culinarias m\u00e1s ricas de Europa.\r\n\r\nCuando visitas Madrid existen varios motivos para dejar el equipaje. Por ello, LuggageHero ofrece m\u00e1s de 50 puntos con consigna de equipaje en el centro de ciudad, cerca de los principales lugares de inter\u00e9s y estaciones como la de <a href=\"https:\/\/luggagehero.com\/madrid\/atocha-train-station\/\">Atocha<\/a> o la de <a href=\"https:\/\/luggagehero.com\/madrid\/chamartin-train-station\/\">Chamart\u00edn<\/a>, para que puedas dejar las maletas. As\u00ed, tendr\u00e1s la oportunidad perfecta para explorar la ciudad sin tener que ir cargando las maletas.\r\n\r\n&nbsp;","_links":{"self":[{"href":"https:\/\/luggagehero.com\/es\/wp-json\/wp\/v2\/pages\/6115","targetHints":{"allow":["GET"]}}],"collection":[{"href":"https:\/\/luggagehero.com\/es\/wp-json\/wp\/v2\/pages"}],"about":[{"href":"https:\/\/luggagehero.com\/es\/wp-json\/wp\/v2\/types\/page"}],"author":[{"embeddable":true,"href":"https:\/\/luggagehero.com\/es\/wp-json\/wp\/v2\/users\/9"}],"replies":[{"embeddable":true,"href":"https:\/\/luggagehero.com\/es\/wp-json\/wp\/v2\/comments?post=6115"}],"version-history":[{"count":0,"href":"https:\/\/luggagehero.com\/es\/wp-json\/wp\/v2\/pages\/6115\/revisions"}],"up":[{"embeddable":true,"href":"https:\/\/luggagehero.com\/es\/wp-json\/wp\/v2\/pages\/6086"}],"wp:featuredmedia":[{"embeddable":true,"href":"https:\/\/luggagehero.com\/es\/wp-json\/wp\/v2\/media\/5227"}],"wp:attachment":[{"href":"https:\/\/luggagehero.com\/es\/wp-json\/wp\/v2\/media?parent=6115"}],"curies":[{"name":"wp","href":"https:\/\/api.w.org\/{rel}","templated":true}]}}