{"id":6117,"date":"2019-04-08T12:50:24","date_gmt":"2019-04-08T12:50:24","guid":{"rendered":"https:\/\/luggagehero.com\/madrid\/plaza-mayor\/"},"modified":"2023-09-04T08:41:26","modified_gmt":"2023-09-04T08:41:26","slug":"plaza-mayor","status":"publish","type":"page","link":"https:\/\/luggagehero.com\/es\/madrid\/plaza-mayor\/","title":{"rendered":"Plaza mayor"},"content":{"rendered":"<p><span style=\"font-weight: 400;\">\u00bfBuscas una consigna de equipaje cerca de la plaza Mayor? Puedes dejar las maletas en uno de nuestros puntos con consigna de equipaje que hay en los alrededores de la plaza Mayor y visitar Madrid c\u00f3modamente. <\/span><\/p>\n<p><span style=\"font-weight: 400;\">Los establecimientos con consigna de equipaje de LuggageHero son <\/span><a href=\"https:\/\/luggagehero.com\/about\/certified-shops\/\">hoteles, cafeter\u00edas y tiendas certificados.<\/a><span style=\"font-weight: 400;\">Si reservas con antelaci\u00f3n, te aseguras espacio para tus maletas.La direcci\u00f3n y las indicaciones para llegar hasta nuestros establecimientos asociados las podr\u00e1s consultar al hacer la reserva. Todas las maletas se precintan con nuestros<\/span> <a href=\"https:\/\/luggagehero.com\/about\/security-seal\/\"><span style=\"font-weight: 400;\">precintos de seguridad<\/span><\/a> y<span style=\"font-weight: 400;\"> aseguramos cada bulto de equipaje hasta un valor de <pricing-component type=\"insurancecoverage\"><\/pricing-component> una vez dejes las maletas y pongas en marcha el contador de la consigna en la p\u00e1gina de tu reserva.<\/span><\/p>\n<p>LuggageHero tiene m\u00e1s de 50 puntos con consigna de equipaje en <a href=\"https:\/\/luggagehero.com\/madrid\/\">Madrid<\/a>. D\u00e9janos el equipaje y disfruta de la ciudad de Madrid sin tener que cargar las maletas.<\/p>\n<p>&nbsp;<\/p>\n<p><img loading=\"lazy\" decoding=\"async\" class=\"wp-image-5163 size-large aligncenter\" src=\"https:\/\/luggagehero.com\/wp-content\/uploads\/2019\/02\/pexels-photo-930595-800x534.jpeg\" alt=\"Deja el equipaje cerca de la plaza Mayor, Madrid\" width=\"800\" height=\"534\" srcset=\"https:\/\/luggagehero.com\/wp-content\/uploads\/2019\/02\/pexels-photo-930595-800x534.jpeg 800w, https:\/\/luggagehero.com\/wp-content\/uploads\/2019\/02\/pexels-photo-930595-300x200.jpeg 300w, https:\/\/luggagehero.com\/wp-content\/uploads\/2019\/02\/pexels-photo-930595-600x400.jpeg 600w, https:\/\/luggagehero.com\/wp-content\/uploads\/2019\/02\/pexels-photo-930595.jpeg 1280w\" sizes=\"auto, (max-width: 800px) 100vw, 800px\" \/><\/p>\n<h2><\/h2>\n<h2 style=\"text-align: center;\">Plaza Mayor<\/h2>\n<p>La plaza Mayor es una gran plaza arqueada del centro de Madrid. Es muy frecuentada tanto por los turistas como por los madrile\u00f1os. La plaza Mayor de Madrid es uno de los hitos m\u00e1s famosos de Espa\u00f1a y tiene una rica historia que se remonta a varios siglos. Ha sido el escenario de innumerables acontecimientos p\u00fablicos importantes y ha sufrido sus propias cat\u00e1strofes.<\/p>\n<p>En la actualidad, en la plaza encontrar\u00e1s diversas cafeter\u00edas y restaurantes con agradables terrazas. En ella se celebran una gran cantidad de eventos especiales, como talleres de yoga multitudinarios, conciertos y festivales. Desde 1860 se instaur\u00f3 una tradici\u00f3n en la plaza Mayor que no deber\u00edas perderte si tienes la oportunidad: los mercados navide\u00f1os.<\/p>\n<p>Llegar a la plaza Mayor es muy f\u00e1cil. Hay diversas paradas de autob\u00fas, metro y tren muy cerca de la plaza. Desde <a href=\"https:\/\/luggagehero.com\/madrid\/chamartin-train-station\/\">Chamart\u00edn<\/a> puedes coger el tren C3, que tarda unos 13 minutos. Si coges el tren desde la <a href=\"https:\/\/luggagehero.com\/madrid\/atocha-train-station\/\">estaci\u00f3n de Atocha<\/a> tendr\u00e1s que andar 6 minutos para llegar a tu destino.<\/p>\n<p>&nbsp;<\/p>\n","protected":false},"excerpt":{"rendered":"<p>\u00bfBuscas una consigna de equipaje cerca de la plaza Mayor? Puedes dejar las maletas en uno de nuestros puntos con consigna de equipaje que hay en los alrededores de la plaza Mayor y visitar Madrid c\u00f3modamente. Los establecimientos con consigna de equipaje de LuggageHero son hoteles, cafeter\u00edas y tiendas certificados.Si reservas con antelaci\u00f3n, te aseguras [&hellip;]<\/p>\n","protected":false},"author":9,"featured_media":6452,"parent":6086,"menu_order":0,"comment_status":"closed","ping_status":"closed","template":"template-location.php","meta":{"_acf_changed":false,"footnotes":""},"class_list":["post-6117","page","type-page","status-publish","has-post-thumbnail","hentry"],"acf":[],"yoast_head":"<!-- This site is optimized with the Yoast SEO Premium plugin v27.0 (Yoast SEO v27.0) - https:\/\/yoast.com\/product\/yoast-seo-premium-wordpress\/ -->\n<title>Plaza mayor - LuggageHero<\/title>\n<meta name=\"robots\" content=\"index, follow, max-snippet:-1, max-image-preview:large, max-video-preview:-1\" \/>\n<link rel=\"canonical\" href=\"https:\/\/luggagehero.com\/es\/madrid\/plaza-mayor\/\" \/>\n<meta property=\"og:locale\" content=\"es_ES\" \/>\n<meta property=\"og:type\" content=\"article\" \/>\n<meta property=\"og:title\" content=\"Plaza mayor\" \/>\n<meta property=\"og:description\" content=\"\u00bfBuscas una consigna de equipaje cerca de la plaza Mayor? Puedes dejar las maletas en uno de nuestros puntos con consigna de equipaje que hay en los alrededores de la plaza Mayor y visitar Madrid c\u00f3modamente. Los establecimientos con consigna de equipaje de LuggageHero son hoteles, cafeter\u00edas y tiendas certificados.Si reservas con antelaci\u00f3n, te aseguras [&hellip;]\" \/>\n<meta property=\"og:url\" content=\"https:\/\/luggagehero.com\/es\/madrid\/plaza-mayor\/\" \/>\n<meta property=\"og:site_name\" content=\"LuggageHero\" \/>\n<meta property=\"article:publisher\" content=\"https:\/\/www.facebook.com\/luggagehero\" \/>\n<meta property=\"article:modified_time\" content=\"2023-09-04T08:41:26+00:00\" \/>\n<meta property=\"og:image\" content=\"https:\/\/luggagehero.com\/wp-content\/uploads\/2019\/02\/pexels-photo-930595.jpeg\" \/>\n\t<meta property=\"og:image:width\" content=\"1280\" \/>\n\t<meta property=\"og:image:height\" content=\"854\" \/>\n\t<meta property=\"og:image:type\" content=\"image\/jpeg\" \/>\n<meta name=\"twitter:card\" content=\"summary_large_image\" \/>\n<meta name=\"twitter:site\" content=\"@luggagehero\" \/>\n<meta name=\"twitter:label1\" content=\"Est. reading time\" \/>\n\t<meta name=\"twitter:data1\" content=\"2 minutes\" \/>\n<script type=\"application\/ld+json\" class=\"yoast-schema-graph\">{\"@context\":\"https:\/\/schema.org\",\"@graph\":[{\"@type\":\"WebPage\",\"@id\":\"https:\/\/luggagehero.com\/es\/madrid\/plaza-mayor\/\",\"url\":\"https:\/\/luggagehero.com\/es\/madrid\/plaza-mayor\/\",\"name\":\"Plaza mayor - LuggageHero\",\"isPartOf\":{\"@id\":\"https:\/\/luggagehero.com\/es\/#website\"},\"primaryImageOfPage\":{\"@id\":\"https:\/\/luggagehero.com\/es\/madrid\/plaza-mayor\/#primaryimage\"},\"image\":{\"@id\":\"https:\/\/luggagehero.com\/es\/madrid\/plaza-mayor\/#primaryimage\"},\"thumbnailUrl\":\"https:\/\/luggagehero.com\/wp-content\/uploads\/2019\/02\/pexels-photo-930595.jpeg\",\"datePublished\":\"2019-04-08T12:50:24+00:00\",\"dateModified\":\"2023-09-04T08:41:26+00:00\",\"breadcrumb\":{\"@id\":\"https:\/\/luggagehero.com\/es\/madrid\/plaza-mayor\/#breadcrumb\"},\"inLanguage\":\"es-ES\",\"potentialAction\":[{\"@type\":\"ReadAction\",\"target\":[\"https:\/\/luggagehero.com\/es\/madrid\/plaza-mayor\/\"]}]},{\"@type\":\"ImageObject\",\"inLanguage\":\"es-ES\",\"@id\":\"https:\/\/luggagehero.com\/es\/madrid\/plaza-mayor\/#primaryimage\",\"url\":\"https:\/\/luggagehero.com\/wp-content\/uploads\/2019\/02\/pexels-photo-930595.jpeg\",\"contentUrl\":\"https:\/\/luggagehero.com\/wp-content\/uploads\/2019\/02\/pexels-photo-930595.jpeg\",\"width\":1280,\"height\":854},{\"@type\":\"BreadcrumbList\",\"@id\":\"https:\/\/luggagehero.com\/es\/madrid\/plaza-mayor\/#breadcrumb\",\"itemListElement\":[{\"@type\":\"ListItem\",\"position\":1,\"name\":\"Home\",\"item\":\"https:\/\/luggagehero.com\/es\/\"},{\"@type\":\"ListItem\",\"position\":2,\"name\":\"Madrid\",\"item\":\"https:\/\/luggagehero.com\/es\/madrid\/\"},{\"@type\":\"ListItem\",\"position\":3,\"name\":\"Plaza mayor\"}]},{\"@type\":\"WebSite\",\"@id\":\"https:\/\/luggagehero.com\/es\/#website\",\"url\":\"https:\/\/luggagehero.com\/es\/\",\"name\":\"LuggageHero\",\"description\":\"Free yourself from luggage\",\"publisher\":{\"@id\":\"https:\/\/luggagehero.com\/es\/#organization\"},\"potentialAction\":[{\"@type\":\"SearchAction\",\"target\":{\"@type\":\"EntryPoint\",\"urlTemplate\":\"https:\/\/luggagehero.com\/es\/?s={search_term_string}\"},\"query-input\":{\"@type\":\"PropertyValueSpecification\",\"valueRequired\":true,\"valueName\":\"search_term_string\"}}],\"inLanguage\":\"es-ES\"},{\"@type\":\"Organization\",\"@id\":\"https:\/\/luggagehero.com\/es\/#organization\",\"name\":\"LuggageHero\",\"url\":\"https:\/\/luggagehero.com\/es\/\",\"logo\":{\"@type\":\"ImageObject\",\"inLanguage\":\"es-ES\",\"@id\":\"https:\/\/luggagehero.com\/es\/#\/schema\/logo\/image\/\",\"url\":\"https:\/\/luggagehero.com\/wp-content\/uploads\/2017\/04\/luggagehero_LOGO-RGB_kort_POS_200x200.png\",\"contentUrl\":\"https:\/\/luggagehero.com\/wp-content\/uploads\/2017\/04\/luggagehero_LOGO-RGB_kort_POS_200x200.png\",\"width\":200,\"height\":200,\"caption\":\"LuggageHero\"},\"image\":{\"@id\":\"https:\/\/luggagehero.com\/es\/#\/schema\/logo\/image\/\"},\"sameAs\":[\"https:\/\/www.facebook.com\/luggagehero\",\"https:\/\/x.com\/luggagehero\",\"https:\/\/www.instagram.com\/luggagehero\",\"https:\/\/www.linkedin.com\/company\/luggagehero\/\"]}]}<\/script>\n<!-- \/ Yoast SEO Premium plugin. -->","yoast_head_json":{"title":"Plaza mayor - LuggageHero","robots":{"index":"index","follow":"follow","max-snippet":"max-snippet:-1","max-image-preview":"max-image-preview:large","max-video-preview":"max-video-preview:-1"},"canonical":"https:\/\/luggagehero.com\/es\/madrid\/plaza-mayor\/","og_locale":"es_ES","og_type":"article","og_title":"Plaza mayor","og_description":"\u00bfBuscas una consigna de equipaje cerca de la plaza Mayor? Puedes dejar las maletas en uno de nuestros puntos con consigna de equipaje que hay en los alrededores de la plaza Mayor y visitar Madrid c\u00f3modamente. Los establecimientos con consigna de equipaje de LuggageHero son hoteles, cafeter\u00edas y tiendas certificados.Si reservas con antelaci\u00f3n, te aseguras [&hellip;]","og_url":"https:\/\/luggagehero.com\/es\/madrid\/plaza-mayor\/","og_site_name":"LuggageHero","article_publisher":"https:\/\/www.facebook.com\/luggagehero","article_modified_time":"2023-09-04T08:41:26+00:00","og_image":[{"width":1280,"height":854,"url":"https:\/\/luggagehero.com\/wp-content\/uploads\/2019\/02\/pexels-photo-930595.jpeg","type":"image\/jpeg"}],"twitter_card":"summary_large_image","twitter_site":"@luggagehero","twitter_misc":{"Est. reading time":"2 minutes"},"schema":{"@context":"https:\/\/schema.org","@graph":[{"@type":"WebPage","@id":"https:\/\/luggagehero.com\/es\/madrid\/plaza-mayor\/","url":"https:\/\/luggagehero.com\/es\/madrid\/plaza-mayor\/","name":"Plaza mayor - LuggageHero","isPartOf":{"@id":"https:\/\/luggagehero.com\/es\/#website"},"primaryImageOfPage":{"@id":"https:\/\/luggagehero.com\/es\/madrid\/plaza-mayor\/#primaryimage"},"image":{"@id":"https:\/\/luggagehero.com\/es\/madrid\/plaza-mayor\/#primaryimage"},"thumbnailUrl":"https:\/\/luggagehero.com\/wp-content\/uploads\/2019\/02\/pexels-photo-930595.jpeg","datePublished":"2019-04-08T12:50:24+00:00","dateModified":"2023-09-04T08:41:26+00:00","breadcrumb":{"@id":"https:\/\/luggagehero.com\/es\/madrid\/plaza-mayor\/#breadcrumb"},"inLanguage":"es-ES","potentialAction":[{"@type":"ReadAction","target":["https:\/\/luggagehero.com\/es\/madrid\/plaza-mayor\/"]}]},{"@type":"ImageObject","inLanguage":"es-ES","@id":"https:\/\/luggagehero.com\/es\/madrid\/plaza-mayor\/#primaryimage","url":"https:\/\/luggagehero.com\/wp-content\/uploads\/2019\/02\/pexels-photo-930595.jpeg","contentUrl":"https:\/\/luggagehero.com\/wp-content\/uploads\/2019\/02\/pexels-photo-930595.jpeg","width":1280,"height":854},{"@type":"BreadcrumbList","@id":"https:\/\/luggagehero.com\/es\/madrid\/plaza-mayor\/#breadcrumb","itemListElement":[{"@type":"ListItem","position":1,"name":"Home","item":"https:\/\/luggagehero.com\/es\/"},{"@type":"ListItem","position":2,"name":"Madrid","item":"https:\/\/luggagehero.com\/es\/madrid\/"},{"@type":"ListItem","position":3,"name":"Plaza mayor"}]},{"@type":"WebSite","@id":"https:\/\/luggagehero.com\/es\/#website","url":"https:\/\/luggagehero.com\/es\/","name":"LuggageHero","description":"Free yourself from luggage","publisher":{"@id":"https:\/\/luggagehero.com\/es\/#organization"},"potentialAction":[{"@type":"SearchAction","target":{"@type":"EntryPoint","urlTemplate":"https:\/\/luggagehero.com\/es\/?s={search_term_string}"},"query-input":{"@type":"PropertyValueSpecification","valueRequired":true,"valueName":"search_term_string"}}],"inLanguage":"es-ES"},{"@type":"Organization","@id":"https:\/\/luggagehero.com\/es\/#organization","name":"LuggageHero","url":"https:\/\/luggagehero.com\/es\/","logo":{"@type":"ImageObject","inLanguage":"es-ES","@id":"https:\/\/luggagehero.com\/es\/#\/schema\/logo\/image\/","url":"https:\/\/luggagehero.com\/wp-content\/uploads\/2017\/04\/luggagehero_LOGO-RGB_kort_POS_200x200.png","contentUrl":"https:\/\/luggagehero.com\/wp-content\/uploads\/2017\/04\/luggagehero_LOGO-RGB_kort_POS_200x200.png","width":200,"height":200,"caption":"LuggageHero"},"image":{"@id":"https:\/\/luggagehero.com\/es\/#\/schema\/logo\/image\/"},"sameAs":["https:\/\/www.facebook.com\/luggagehero","https:\/\/x.com\/luggagehero","https:\/\/www.instagram.com\/luggagehero","https:\/\/www.linkedin.com\/company\/luggagehero\/"]}]}},"place_id":"","place_latitude_longitude":"40.4134,-3.7064","place_name":"Plaza mayor","criteria_title":"","criteria_description":"","meta_title":"","meta_description":"","children_criteria_title":"","children_criteria_description":"","children_meta_title":"","children_meta_description":"","_edit_last":"9","use_global_content":"","poi_type":"","content_raw":"<span style=\"font-weight: 400;\">\u00bfBuscas una consigna de equipaje cerca de la plaza Mayor? Puedes dejar las maletas en uno de nuestros puntos con consigna de equipaje que hay en los alrededores de la plaza Mayor y visitar Madrid c\u00f3modamente. <\/span>\r\n\r\n<span style=\"font-weight: 400;\">Los establecimientos con consigna de equipaje de LuggageHero son <\/span><a href=\"https:\/\/luggagehero.com\/about\/certified-shops\/\">hoteles, cafeter\u00edas y tiendas certificados.<\/a><span style=\"font-weight: 400;\">Si reservas con antelaci\u00f3n, te aseguras espacio para tus maletas.La direcci\u00f3n y las indicaciones para llegar hasta nuestros establecimientos asociados las podr\u00e1s consultar al hacer la reserva. Todas las maletas se precintan con nuestros<\/span> <a href=\"https:\/\/luggagehero.com\/about\/security-seal\/\"><span style=\"font-weight: 400;\">precintos de seguridad<\/span><\/a> y<span style=\"font-weight: 400;\"> aseguramos cada bulto de equipaje hasta un valor de [pricing insurancecoverage] una vez dejes las maletas y pongas en marcha el contador de la consigna en la p\u00e1gina de tu reserva.<\/span>\r\n\r\nLuggageHero tiene m\u00e1s de 50 puntos con consigna de equipaje en <a href=\"https:\/\/luggagehero.com\/madrid\/\">Madrid<\/a>. D\u00e9janos el equipaje y disfruta de la ciudad de Madrid sin tener que cargar las maletas.\r\n\r\n&nbsp;\r\n\r\n<img class=\"wp-image-5163 size-large aligncenter\" src=\"https:\/\/luggagehero.com\/wp-content\/uploads\/2019\/02\/pexels-photo-930595-800x534.jpeg\" alt=\"Deja el equipaje cerca de la plaza Mayor, Madrid\" width=\"800\" height=\"534\" \/>\r\n<h2><\/h2>\r\n<h2 style=\"text-align: center;\">Plaza Mayor<\/h2>\r\nLa plaza Mayor es una gran plaza arqueada del centro de Madrid. Es muy frecuentada tanto por los turistas como por los madrile\u00f1os. La plaza Mayor de Madrid es uno de los hitos m\u00e1s famosos de Espa\u00f1a y tiene una rica historia que se remonta a varios siglos. Ha sido el escenario de innumerables acontecimientos p\u00fablicos importantes y ha sufrido sus propias cat\u00e1strofes.\r\n\r\nEn la actualidad, en la plaza encontrar\u00e1s diversas cafeter\u00edas y restaurantes con agradables terrazas. En ella se celebran una gran cantidad de eventos especiales, como talleres de yoga multitudinarios, conciertos y festivales. Desde 1860 se instaur\u00f3 una tradici\u00f3n en la plaza Mayor que no deber\u00edas perderte si tienes la oportunidad: los mercados navide\u00f1os.\r\n\r\nLlegar a la plaza Mayor es muy f\u00e1cil. Hay diversas paradas de autob\u00fas, metro y tren muy cerca de la plaza. Desde <a href=\"https:\/\/luggagehero.com\/madrid\/chamartin-train-station\/\">Chamart\u00edn<\/a> puedes coger el tren C3, que tarda unos 13 minutos. Si coges el tren desde la <a href=\"https:\/\/luggagehero.com\/madrid\/atocha-train-station\/\">estaci\u00f3n de Atocha<\/a> tendr\u00e1s que andar 6 minutos para llegar a tu destino.\r\n\r\n&nbsp;","_links":{"self":[{"href":"https:\/\/luggagehero.com\/es\/wp-json\/wp\/v2\/pages\/6117","targetHints":{"allow":["GET"]}}],"collection":[{"href":"https:\/\/luggagehero.com\/es\/wp-json\/wp\/v2\/pages"}],"about":[{"href":"https:\/\/luggagehero.com\/es\/wp-json\/wp\/v2\/types\/page"}],"author":[{"embeddable":true,"href":"https:\/\/luggagehero.com\/es\/wp-json\/wp\/v2\/users\/9"}],"replies":[{"embeddable":true,"href":"https:\/\/luggagehero.com\/es\/wp-json\/wp\/v2\/comments?post=6117"}],"version-history":[{"count":0,"href":"https:\/\/luggagehero.com\/es\/wp-json\/wp\/v2\/pages\/6117\/revisions"}],"up":[{"embeddable":true,"href":"https:\/\/luggagehero.com\/es\/wp-json\/wp\/v2\/pages\/6086"}],"wp:featuredmedia":[{"embeddable":true,"href":"https:\/\/luggagehero.com\/es\/wp-json\/wp\/v2\/media\/6452"}],"wp:attachment":[{"href":"https:\/\/luggagehero.com\/es\/wp-json\/wp\/v2\/media?parent=6117"}],"curies":[{"name":"wp","href":"https:\/\/api.w.org\/{rel}","templated":true}]}}