{"id":6120,"date":"2019-04-08T12:50:31","date_gmt":"2019-04-08T12:50:31","guid":{"rendered":"https:\/\/luggagehero.com\/contact-us\/"},"modified":"2023-12-21T08:46:02","modified_gmt":"2023-12-21T08:46:02","slug":"contact-us","status":"publish","type":"page","link":"https:\/\/luggagehero.com\/es\/contact-us\/","title":{"rendered":"Ponte en contacto con nosotros"},"content":{"rendered":"<h1 style=\"text-align: center;\">Ponte en contacto con el equipo de LuggageHero.com<\/h1>\n<p>\u00bfNecesitas ayuda inmediata con respecto a una reserva activa? Ponte en contacto con nuestros agentes por chat. El chat est\u00e1 disponible en todas las p\u00e1ginas de nuestro sitio web.<\/p>\n<p>Si tienes una reserva con LuggageHero.com y necesitas ayuda, responde a cualquiera de los e-mails de confirmaci\u00f3n de la reserva que te enviamos o escr\u00edbenos a contact@luggagehero.com.<\/p>\n<p>La respuesta al e-mail de confirmaci\u00f3n de la reserva se enviar\u00e1 directamente a nuestro equipo de asistencia. La respuesta puede tardar 1-3 d\u00edas laborables.<\/p>\n<p>&nbsp;<\/p>\n<h3>Preguntas frecuentes sobre reservas<\/h3>\n<p>Ver <a href=\"https:\/\/luggagehero.com\/about\/faq\/\">Preguntas frecuentes<\/a><\/p>\n<p>&nbsp;<\/p>\n<h3>Busca una consigna de equipaje<\/h3>\n<p>Utiliza nuestro motor de reservas online para buscar ubicaciones con consigna de equipaje. Puedes consultar nuestra lista de establecimientos o nuestro mapa <a href=\"https:\/\/app.luggagehero.com\">aqu\u00ed<\/a>.<\/p>\n<p>&nbsp;<\/p>\n<h3>Acerca de LuggageHero.com y nuestro negocio<\/h3>\n<p>Ver <a href=\"https:\/\/luggagehero.com\/about\/\">acerca de LuggageHero.com<\/a><\/p>\n<p>&nbsp;<\/p>\n<h3>Dar de baja el e-mail<\/h3>\n<p>Si deseas eliminar tu informaci\u00f3n de usuario o darte de baja de nuestra lista del bolet\u00edn, ponte en contacto con nosotros en contact@luggagehero.com. Tambi\u00e9n puedes darte de baja simplemente haciendo clic en el bot\u00f3n \u00abDarse de baja\u00bb en cualquiera de los e-mails que has recibido de LuggageHero.com.<\/p>\n<p>&nbsp;<\/p>\n<h3>T\u00e9rminos y condiciones<\/h3>\n<p>Ver <a href=\"https:\/\/luggagehero.com\/terms-conditions\/\">T\u00e9rminos y condiciones<\/a><\/p>\n<p>&nbsp;<\/p>\n","protected":false},"excerpt":{"rendered":"<p>Ponte en contacto con el equipo de LuggageHero.com \u00bfNecesitas ayuda inmediata con respecto a una reserva activa? Ponte en contacto con nuestros agentes por chat. El chat est\u00e1 disponible en todas las p\u00e1ginas de nuestro sitio web. Si tienes una reserva con LuggageHero.com y necesitas ayuda, responde a cualquiera de los e-mails de confirmaci\u00f3n de [&hellip;]<\/p>\n","protected":false},"author":9,"featured_media":0,"parent":0,"menu_order":0,"comment_status":"closed","ping_status":"closed","template":"","meta":{"_acf_changed":false,"footnotes":""},"class_list":["post-6120","page","type-page","status-publish","hentry"],"acf":[],"yoast_head":"<!-- This site is optimized with the Yoast SEO Premium plugin v27.0 (Yoast SEO v27.0) - https:\/\/yoast.com\/product\/yoast-seo-premium-wordpress\/ -->\n<title>Ponte en contacto con nosotros - LuggageHero<\/title>\n<meta name=\"robots\" content=\"index, follow, max-snippet:-1, max-image-preview:large, max-video-preview:-1\" \/>\n<link rel=\"canonical\" href=\"https:\/\/luggagehero.com\/es\/contact-us\/\" \/>\n<meta property=\"og:locale\" content=\"es_ES\" \/>\n<meta property=\"og:type\" content=\"article\" \/>\n<meta property=\"og:title\" content=\"Ponte en contacto con nosotros\" \/>\n<meta property=\"og:description\" content=\"Ponte en contacto con el equipo de LuggageHero.com \u00bfNecesitas ayuda inmediata con respecto a una reserva activa? Ponte en contacto con nuestros agentes por chat. El chat est\u00e1 disponible en todas las p\u00e1ginas de nuestro sitio web. Si tienes una reserva con LuggageHero.com y necesitas ayuda, responde a cualquiera de los e-mails de confirmaci\u00f3n de [&hellip;]\" \/>\n<meta property=\"og:url\" content=\"https:\/\/luggagehero.com\/es\/contact-us\/\" \/>\n<meta property=\"og:site_name\" content=\"LuggageHero\" \/>\n<meta property=\"article:publisher\" content=\"https:\/\/www.facebook.com\/luggagehero\" \/>\n<meta property=\"article:modified_time\" content=\"2023-12-21T08:46:02+00:00\" \/>\n<meta property=\"og:image\" content=\"https:\/\/luggagehero.com\/wp-content\/uploads\/2017\/05\/luggagehero-luggage-storage-2.png\" \/>\n\t<meta property=\"og:image:width\" content=\"200\" \/>\n\t<meta property=\"og:image:height\" content=\"200\" \/>\n\t<meta property=\"og:image:type\" content=\"image\/png\" \/>\n<meta name=\"twitter:card\" content=\"summary_large_image\" \/>\n<meta name=\"twitter:site\" content=\"@luggagehero\" \/>\n<meta name=\"twitter:label1\" content=\"Est. reading time\" \/>\n\t<meta name=\"twitter:data1\" content=\"1 minute\" \/>\n<script type=\"application\/ld+json\" class=\"yoast-schema-graph\">{\"@context\":\"https:\/\/schema.org\",\"@graph\":[{\"@type\":\"WebPage\",\"@id\":\"https:\/\/luggagehero.com\/es\/contact-us\/\",\"url\":\"https:\/\/luggagehero.com\/es\/contact-us\/\",\"name\":\"Ponte en contacto con nosotros - LuggageHero\",\"isPartOf\":{\"@id\":\"https:\/\/luggagehero.com\/es\/#website\"},\"datePublished\":\"2019-04-08T12:50:31+00:00\",\"dateModified\":\"2023-12-21T08:46:02+00:00\",\"breadcrumb\":{\"@id\":\"https:\/\/luggagehero.com\/es\/contact-us\/#breadcrumb\"},\"inLanguage\":\"es-ES\",\"potentialAction\":[{\"@type\":\"ReadAction\",\"target\":[\"https:\/\/luggagehero.com\/es\/contact-us\/\"]}]},{\"@type\":\"BreadcrumbList\",\"@id\":\"https:\/\/luggagehero.com\/es\/contact-us\/#breadcrumb\",\"itemListElement\":[{\"@type\":\"ListItem\",\"position\":1,\"name\":\"Home\",\"item\":\"https:\/\/luggagehero.com\/es\/\"},{\"@type\":\"ListItem\",\"position\":2,\"name\":\"Ponte en contacto con nosotros\"}]},{\"@type\":\"WebSite\",\"@id\":\"https:\/\/luggagehero.com\/es\/#website\",\"url\":\"https:\/\/luggagehero.com\/es\/\",\"name\":\"LuggageHero\",\"description\":\"Free yourself from luggage\",\"publisher\":{\"@id\":\"https:\/\/luggagehero.com\/es\/#organization\"},\"potentialAction\":[{\"@type\":\"SearchAction\",\"target\":{\"@type\":\"EntryPoint\",\"urlTemplate\":\"https:\/\/luggagehero.com\/es\/?s={search_term_string}\"},\"query-input\":{\"@type\":\"PropertyValueSpecification\",\"valueRequired\":true,\"valueName\":\"search_term_string\"}}],\"inLanguage\":\"es-ES\"},{\"@type\":\"Organization\",\"@id\":\"https:\/\/luggagehero.com\/es\/#organization\",\"name\":\"LuggageHero\",\"url\":\"https:\/\/luggagehero.com\/es\/\",\"logo\":{\"@type\":\"ImageObject\",\"inLanguage\":\"es-ES\",\"@id\":\"https:\/\/luggagehero.com\/es\/#\/schema\/logo\/image\/\",\"url\":\"https:\/\/luggagehero.com\/wp-content\/uploads\/2017\/04\/luggagehero_LOGO-RGB_kort_POS_200x200.png\",\"contentUrl\":\"https:\/\/luggagehero.com\/wp-content\/uploads\/2017\/04\/luggagehero_LOGO-RGB_kort_POS_200x200.png\",\"width\":200,\"height\":200,\"caption\":\"LuggageHero\"},\"image\":{\"@id\":\"https:\/\/luggagehero.com\/es\/#\/schema\/logo\/image\/\"},\"sameAs\":[\"https:\/\/www.facebook.com\/luggagehero\",\"https:\/\/x.com\/luggagehero\",\"https:\/\/www.instagram.com\/luggagehero\",\"https:\/\/www.linkedin.com\/company\/luggagehero\/\"]}]}<\/script>\n<!-- \/ Yoast SEO Premium plugin. -->","yoast_head_json":{"title":"Ponte en contacto con nosotros - LuggageHero","robots":{"index":"index","follow":"follow","max-snippet":"max-snippet:-1","max-image-preview":"max-image-preview:large","max-video-preview":"max-video-preview:-1"},"canonical":"https:\/\/luggagehero.com\/es\/contact-us\/","og_locale":"es_ES","og_type":"article","og_title":"Ponte en contacto con nosotros","og_description":"Ponte en contacto con el equipo de LuggageHero.com \u00bfNecesitas ayuda inmediata con respecto a una reserva activa? Ponte en contacto con nuestros agentes por chat. El chat est\u00e1 disponible en todas las p\u00e1ginas de nuestro sitio web. Si tienes una reserva con LuggageHero.com y necesitas ayuda, responde a cualquiera de los e-mails de confirmaci\u00f3n de [&hellip;]","og_url":"https:\/\/luggagehero.com\/es\/contact-us\/","og_site_name":"LuggageHero","article_publisher":"https:\/\/www.facebook.com\/luggagehero","article_modified_time":"2023-12-21T08:46:02+00:00","og_image":[{"width":200,"height":200,"url":"https:\/\/luggagehero.com\/wp-content\/uploads\/2017\/05\/luggagehero-luggage-storage-2.png","type":"image\/png"}],"twitter_card":"summary_large_image","twitter_site":"@luggagehero","twitter_misc":{"Est. reading time":"1 minute"},"schema":{"@context":"https:\/\/schema.org","@graph":[{"@type":"WebPage","@id":"https:\/\/luggagehero.com\/es\/contact-us\/","url":"https:\/\/luggagehero.com\/es\/contact-us\/","name":"Ponte en contacto con nosotros - LuggageHero","isPartOf":{"@id":"https:\/\/luggagehero.com\/es\/#website"},"datePublished":"2019-04-08T12:50:31+00:00","dateModified":"2023-12-21T08:46:02+00:00","breadcrumb":{"@id":"https:\/\/luggagehero.com\/es\/contact-us\/#breadcrumb"},"inLanguage":"es-ES","potentialAction":[{"@type":"ReadAction","target":["https:\/\/luggagehero.com\/es\/contact-us\/"]}]},{"@type":"BreadcrumbList","@id":"https:\/\/luggagehero.com\/es\/contact-us\/#breadcrumb","itemListElement":[{"@type":"ListItem","position":1,"name":"Home","item":"https:\/\/luggagehero.com\/es\/"},{"@type":"ListItem","position":2,"name":"Ponte en contacto con nosotros"}]},{"@type":"WebSite","@id":"https:\/\/luggagehero.com\/es\/#website","url":"https:\/\/luggagehero.com\/es\/","name":"LuggageHero","description":"Free yourself from luggage","publisher":{"@id":"https:\/\/luggagehero.com\/es\/#organization"},"potentialAction":[{"@type":"SearchAction","target":{"@type":"EntryPoint","urlTemplate":"https:\/\/luggagehero.com\/es\/?s={search_term_string}"},"query-input":{"@type":"PropertyValueSpecification","valueRequired":true,"valueName":"search_term_string"}}],"inLanguage":"es-ES"},{"@type":"Organization","@id":"https:\/\/luggagehero.com\/es\/#organization","name":"LuggageHero","url":"https:\/\/luggagehero.com\/es\/","logo":{"@type":"ImageObject","inLanguage":"es-ES","@id":"https:\/\/luggagehero.com\/es\/#\/schema\/logo\/image\/","url":"https:\/\/luggagehero.com\/wp-content\/uploads\/2017\/04\/luggagehero_LOGO-RGB_kort_POS_200x200.png","contentUrl":"https:\/\/luggagehero.com\/wp-content\/uploads\/2017\/04\/luggagehero_LOGO-RGB_kort_POS_200x200.png","width":200,"height":200,"caption":"LuggageHero"},"image":{"@id":"https:\/\/luggagehero.com\/es\/#\/schema\/logo\/image\/"},"sameAs":["https:\/\/www.facebook.com\/luggagehero","https:\/\/x.com\/luggagehero","https:\/\/www.instagram.com\/luggagehero","https:\/\/www.linkedin.com\/company\/luggagehero\/"]}]}},"place_id":"","place_latitude_longitude":"","place_name":"","criteria_title":"","criteria_description":"","meta_title":"","meta_description":"","children_criteria_title":"","children_criteria_description":"","children_meta_title":"","children_meta_description":"","_edit_last":"46","use_global_content":"","poi_type":"","content_raw":"<h1 style=\"text-align: center;\">Ponte en contacto con el equipo de LuggageHero.com<\/h1>\r\n\u00bfNecesitas ayuda inmediata con respecto a una reserva activa? Ponte en contacto con nuestros agentes por chat. El chat est\u00e1 disponible en todas las p\u00e1ginas de nuestro sitio web.\r\n\r\nSi tienes una reserva con LuggageHero.com y necesitas ayuda, responde a cualquiera de los e-mails de confirmaci\u00f3n de la reserva que te enviamos o escr\u00edbenos a contact@luggagehero.com.\r\n\r\nLa respuesta al e-mail de confirmaci\u00f3n de la reserva se enviar\u00e1 directamente a nuestro equipo de asistencia. La respuesta puede tardar 1-3 d\u00edas laborables.\r\n\r\n&nbsp;\r\n<h3>Preguntas frecuentes sobre reservas<\/h3>\r\nVer <a href=\"https:\/\/luggagehero.com\/about\/faq\/\">Preguntas frecuentes<\/a>\r\n\r\n&nbsp;\r\n<h3>Busca una consigna de equipaje<\/h3>\r\nUtiliza nuestro motor de reservas online para buscar ubicaciones con consigna de equipaje. Puedes consultar nuestra lista de establecimientos o nuestro mapa <a href=\"https:\/\/app.luggagehero.com\">aqu\u00ed<\/a>.\r\n\r\n&nbsp;\r\n<h3>Acerca de LuggageHero.com y nuestro negocio<\/h3>\r\nVer <a href=\"https:\/\/luggagehero.com\/about\/\">acerca de LuggageHero.com<\/a>\r\n\r\n&nbsp;\r\n<h3>Dar de baja el e-mail<\/h3>\r\nSi deseas eliminar tu informaci\u00f3n de usuario o darte de baja de nuestra lista del bolet\u00edn, ponte en contacto con nosotros en contact@luggagehero.com. Tambi\u00e9n puedes darte de baja simplemente haciendo clic en el bot\u00f3n \u00abDarse de baja\u00bb en cualquiera de los e-mails que has recibido de LuggageHero.com.\r\n\r\n&nbsp;\r\n<h3>T\u00e9rminos y condiciones<\/h3>\r\nVer <a href=\"https:\/\/luggagehero.com\/terms-conditions\/\">T\u00e9rminos y condiciones<\/a>\r\n\r\n&nbsp;","_links":{"self":[{"href":"https:\/\/luggagehero.com\/es\/wp-json\/wp\/v2\/pages\/6120","targetHints":{"allow":["GET"]}}],"collection":[{"href":"https:\/\/luggagehero.com\/es\/wp-json\/wp\/v2\/pages"}],"about":[{"href":"https:\/\/luggagehero.com\/es\/wp-json\/wp\/v2\/types\/page"}],"author":[{"embeddable":true,"href":"https:\/\/luggagehero.com\/es\/wp-json\/wp\/v2\/users\/9"}],"replies":[{"embeddable":true,"href":"https:\/\/luggagehero.com\/es\/wp-json\/wp\/v2\/comments?post=6120"}],"version-history":[{"count":0,"href":"https:\/\/luggagehero.com\/es\/wp-json\/wp\/v2\/pages\/6120\/revisions"}],"wp:attachment":[{"href":"https:\/\/luggagehero.com\/es\/wp-json\/wp\/v2\/media?parent=6120"}],"curies":[{"name":"wp","href":"https:\/\/api.w.org\/{rel}","templated":true}]}}