{"id":10501,"date":"2019-10-08T11:02:48","date_gmt":"2019-10-08T11:02:48","guid":{"rendered":"https:\/\/luggagehero.com\/paris\/place-de-la-bastille-2\/"},"modified":"2025-02-28T09:27:42","modified_gmt":"2025-02-28T09:27:42","slug":"montmartre-sacre-coeur","status":"publish","type":"page","link":"https:\/\/luggagehero.com\/fr\/paris\/montmartre-sacre-coeur\/","title":{"rendered":"Montmartre &#038; Sacr\u00e9-C\u0153ur"},"content":{"rendered":"<p>Are you looking for luggage storage near Montmartre &amp; Sacr\u00e9-C\u0153ur ? You can store your bags with one of our luggage storage locations just around the corner from the station and enjoy your day in <a href=\"https:\/\/luggagehero.com\/paris\/\">Paris<\/a> hassle-free.<\/p>\n<p>LuggageHero storage sites are\u00a0<a href=\"https:\/\/luggagehero.com\/about\/certified-shops\/\">certified<\/a>\u00a0hotels, cafes, and shops. Advance bookings ensure space for your bags. The address and directions to our storage locations are available at the time of booking. All bags are sealed off with our\u00a0<a href=\"https:\/\/luggagehero.com\/about\/security-seal\/\">security seals<\/a> ensuring each piece of luggage up to <pricing-component type=\"insurancecoverage\"><\/pricing-component> once you have dropped off your bags and started our storage timer on your booking page.<\/p>\n<p>&nbsp;<\/p>\n<h2><img loading=\"lazy\" decoding=\"async\" class=\"aligncenter wp-image-10502 size-full\" src=\"https:\/\/luggagehero.com\/wp-content\/uploads\/2019\/10\/shutterstock_515114275.jpg\" alt=\"\" width=\"1000\" height=\"667\" srcset=\"https:\/\/luggagehero.com\/wp-content\/uploads\/2019\/10\/shutterstock_515114275.jpg 1000w, https:\/\/luggagehero.com\/wp-content\/uploads\/2019\/10\/shutterstock_515114275-300x200.jpg 300w, https:\/\/luggagehero.com\/wp-content\/uploads\/2019\/10\/shutterstock_515114275-600x400.jpg 600w, https:\/\/luggagehero.com\/wp-content\/uploads\/2019\/10\/shutterstock_515114275-800x534.jpg 800w\" sizes=\"auto, (max-width: 1000px) 100vw, 1000px\" \/><\/h2>\n<h2 style=\"text-align: center;\">Montmartre &amp; Sacr\u00e9-C\u0153ur<\/h2>\n<p>&nbsp;<\/p>\n<p><span style=\"font-weight: 400;\">Montmartre is a large hill in Paris\u2019 18th aggrandisement. It\u2019s largely known for its artistic history. At the end of the 19th century during the Belle Epoque, many artists such as Monet, Degas, Renoir and PIcasso lived in and around Montmartre and created from their own studios. <\/span><span style=\"font-weight: 400;\"><br \/>\n<\/span><span style=\"font-weight: 400;\"><br \/>\n<\/span><span style=\"font-weight: 400;\">In the 19th century, this place was famous for its cafes and cabarets, and it\u2019s no coincidence that today Montmartre stands as a popular clubbing district.\u00a0<\/span><\/p>\n<p><span style=\"font-weight: 400;\">But what <\/span><span style=\"font-weight: 400;\">people mostly associate with Montmartre is the Sacr\u00e9-C\u0153ur, the white-domed Basilica which is a highly visible landmark in the city. Also known as The Basilica of the Sacred Heart of Paris, this Roman Catholic church is the second most visited landmark in Paris. <\/span><\/p>\n<p><span style=\"font-weight: 400;\">The complex includes a garden for meditations and the dome is open to tourists and provides a beautiful view of <a href=\"https:\/\/luggagehero.com\/paris\/\" target=\"_blank\" rel=\"noopener noreferrer\">Paris<\/a>. <\/span><span style=\"font-weight: 400;\">You may reach Montmartre by taking line 12 or 2 on the metropolitan. <\/span><span style=\"font-weight: 400;\"><br \/>\n<\/span><span style=\"font-weight: 400;\"><br \/>\n<\/span><span style=\"font-weight: 400;\">Say you arrive in Paris and your flight gets delayed until the next day. You want to spend those two days comfortably and use your time wisely so you can see as much as possible. And what better way to use your time wisely than to let us hold onto your luggage so you can make the most of your short trip?<\/span><\/p>\n<p><span style=\"font-weight: 400;\">With our closest luggage-storage location just two blocks from Montmartre, we guarantee you will have a hassle-free trip, see more, experience more, all while we hold on to your bags. Other tourist-loving places that you want to visit include the <a href=\"https:\/\/luggagehero.com\/paris\/eiffel-tower\/\" target=\"_blank\" rel=\"noopener noreferrer\">Eiffel Tower<\/a>, <a href=\"https:\/\/luggagehero.com\/paris\/louvre\/\" target=\"_blank\" rel=\"noopener noreferrer\">Louvre<\/a> and <a href=\"https:\/\/luggagehero.com\/paris\/place-de-la-bastille\/\" target=\"_blank\" rel=\"noopener noreferrer\">Place de la Bastille<\/a> &#8211; all just a 30 minute bus ride away.<\/span><\/p>\n<p>Get the most out of your Paris experience and let us be of service to you!<span style=\"font-weight: 400;\"><br \/>\n<\/span><\/p>\n","protected":false},"excerpt":{"rendered":"<p>Are you looking for luggage storage near Montmartre &amp; Sacr\u00e9-C\u0153ur ? You can store your bags with one of our luggage storage locations just around the corner from the station and enjoy your day in Paris hassle-free. LuggageHero storage sites are\u00a0certified\u00a0hotels, cafes, and shops. Advance bookings ensure space for your bags. The address and directions [&hellip;]<\/p>\n","protected":false},"author":22,"featured_media":0,"parent":7134,"menu_order":0,"comment_status":"closed","ping_status":"closed","template":"template-location.php","meta":{"_acf_changed":false,"footnotes":""},"class_list":["post-10501","page","type-page","status-publish","hentry"],"acf":[],"yoast_head":"<!-- This site is optimized with the Yoast SEO Premium plugin v27.0 (Yoast SEO v27.0) - https:\/\/yoast.com\/product\/yoast-seo-premium-wordpress\/ -->\n<title>Montmartre &amp; Sacr\u00e9-C\u0153ur - LuggageHero<\/title>\n<meta name=\"robots\" content=\"index, follow, max-snippet:-1, max-image-preview:large, max-video-preview:-1\" \/>\n<link rel=\"canonical\" href=\"https:\/\/luggagehero.com\/fr\/paris\/montmartre-sacre-coeur\/\" \/>\n<meta property=\"og:locale\" content=\"fr_FR\" \/>\n<meta property=\"og:type\" content=\"article\" \/>\n<meta property=\"og:title\" content=\"Montmartre &amp; Sacr\u00e9-C\u0153ur\" \/>\n<meta property=\"og:description\" content=\"Are you looking for luggage storage near Montmartre &amp; Sacr\u00e9-C\u0153ur ? You can store your bags with one of our luggage storage locations just around the corner from the station and enjoy your day in Paris hassle-free. LuggageHero storage sites are\u00a0certified\u00a0hotels, cafes, and shops. Advance bookings ensure space for your bags. The address and directions [&hellip;]\" \/>\n<meta property=\"og:url\" content=\"https:\/\/luggagehero.com\/fr\/paris\/montmartre-sacre-coeur\/\" \/>\n<meta property=\"og:site_name\" content=\"LuggageHero\" \/>\n<meta property=\"article:publisher\" content=\"https:\/\/www.facebook.com\/luggagehero\" \/>\n<meta property=\"article:modified_time\" content=\"2025-02-28T09:27:42+00:00\" \/>\n<meta property=\"og:image\" content=\"https:\/\/luggagehero.com\/wp-content\/uploads\/2019\/10\/shutterstock_515114275.jpg\" \/>\n<meta name=\"twitter:card\" content=\"summary_large_image\" \/>\n<meta name=\"twitter:site\" content=\"@luggagehero\" \/>\n<meta name=\"twitter:label1\" content=\"Est. reading time\" \/>\n\t<meta name=\"twitter:data1\" content=\"2 minutes\" \/>\n<script type=\"application\/ld+json\" class=\"yoast-schema-graph\">{\"@context\":\"https:\/\/schema.org\",\"@graph\":[{\"@type\":\"WebPage\",\"@id\":\"https:\/\/luggagehero.com\/fr\/paris\/montmartre-sacre-coeur\/\",\"url\":\"https:\/\/luggagehero.com\/fr\/paris\/montmartre-sacre-coeur\/\",\"name\":\"Montmartre & Sacr\u00e9-C\u0153ur - LuggageHero\",\"isPartOf\":{\"@id\":\"https:\/\/luggagehero.com\/fr\/#website\"},\"primaryImageOfPage\":{\"@id\":\"https:\/\/luggagehero.com\/fr\/paris\/montmartre-sacre-coeur\/#primaryimage\"},\"image\":{\"@id\":\"https:\/\/luggagehero.com\/fr\/paris\/montmartre-sacre-coeur\/#primaryimage\"},\"thumbnailUrl\":\"https:\/\/luggagehero.com\/wp-content\/uploads\/2019\/10\/shutterstock_515114275.jpg\",\"datePublished\":\"2019-10-08T11:02:48+00:00\",\"dateModified\":\"2025-02-28T09:27:42+00:00\",\"breadcrumb\":{\"@id\":\"https:\/\/luggagehero.com\/fr\/paris\/montmartre-sacre-coeur\/#breadcrumb\"},\"inLanguage\":\"fr-FR\",\"potentialAction\":[{\"@type\":\"ReadAction\",\"target\":[\"https:\/\/luggagehero.com\/fr\/paris\/montmartre-sacre-coeur\/\"]}]},{\"@type\":\"ImageObject\",\"inLanguage\":\"fr-FR\",\"@id\":\"https:\/\/luggagehero.com\/fr\/paris\/montmartre-sacre-coeur\/#primaryimage\",\"url\":\"https:\/\/luggagehero.com\/wp-content\/uploads\/2019\/10\/shutterstock_515114275.jpg\",\"contentUrl\":\"https:\/\/luggagehero.com\/wp-content\/uploads\/2019\/10\/shutterstock_515114275.jpg\"},{\"@type\":\"BreadcrumbList\",\"@id\":\"https:\/\/luggagehero.com\/fr\/paris\/montmartre-sacre-coeur\/#breadcrumb\",\"itemListElement\":[{\"@type\":\"ListItem\",\"position\":1,\"name\":\"Home\",\"item\":\"https:\/\/luggagehero.com\/fr\/\"},{\"@type\":\"ListItem\",\"position\":2,\"name\":\"Paris\",\"item\":\"https:\/\/luggagehero.com\/fr\/paris\/\"},{\"@type\":\"ListItem\",\"position\":3,\"name\":\"Montmartre &#038; Sacr\u00e9-C\u0153ur\"}]},{\"@type\":\"WebSite\",\"@id\":\"https:\/\/luggagehero.com\/fr\/#website\",\"url\":\"https:\/\/luggagehero.com\/fr\/\",\"name\":\"LuggageHero\",\"description\":\"Free yourself from luggage\",\"publisher\":{\"@id\":\"https:\/\/luggagehero.com\/fr\/#organization\"},\"potentialAction\":[{\"@type\":\"SearchAction\",\"target\":{\"@type\":\"EntryPoint\",\"urlTemplate\":\"https:\/\/luggagehero.com\/fr\/?s={search_term_string}\"},\"query-input\":{\"@type\":\"PropertyValueSpecification\",\"valueRequired\":true,\"valueName\":\"search_term_string\"}}],\"inLanguage\":\"fr-FR\"},{\"@type\":\"Organization\",\"@id\":\"https:\/\/luggagehero.com\/fr\/#organization\",\"name\":\"LuggageHero\",\"url\":\"https:\/\/luggagehero.com\/fr\/\",\"logo\":{\"@type\":\"ImageObject\",\"inLanguage\":\"fr-FR\",\"@id\":\"https:\/\/luggagehero.com\/fr\/#\/schema\/logo\/image\/\",\"url\":\"https:\/\/luggagehero.com\/wp-content\/uploads\/2017\/04\/luggagehero_LOGO-RGB_kort_POS_200x200.png\",\"contentUrl\":\"https:\/\/luggagehero.com\/wp-content\/uploads\/2017\/04\/luggagehero_LOGO-RGB_kort_POS_200x200.png\",\"width\":200,\"height\":200,\"caption\":\"LuggageHero\"},\"image\":{\"@id\":\"https:\/\/luggagehero.com\/fr\/#\/schema\/logo\/image\/\"},\"sameAs\":[\"https:\/\/www.facebook.com\/luggagehero\",\"https:\/\/x.com\/luggagehero\",\"https:\/\/www.instagram.com\/luggagehero\",\"https:\/\/www.linkedin.com\/company\/luggagehero\/\"]}]}<\/script>\n<!-- \/ Yoast SEO Premium plugin. -->","yoast_head_json":{"title":"Montmartre & Sacr\u00e9-C\u0153ur - LuggageHero","robots":{"index":"index","follow":"follow","max-snippet":"max-snippet:-1","max-image-preview":"max-image-preview:large","max-video-preview":"max-video-preview:-1"},"canonical":"https:\/\/luggagehero.com\/fr\/paris\/montmartre-sacre-coeur\/","og_locale":"fr_FR","og_type":"article","og_title":"Montmartre & Sacr\u00e9-C\u0153ur","og_description":"Are you looking for luggage storage near Montmartre &amp; Sacr\u00e9-C\u0153ur ? You can store your bags with one of our luggage storage locations just around the corner from the station and enjoy your day in Paris hassle-free. LuggageHero storage sites are\u00a0certified\u00a0hotels, cafes, and shops. Advance bookings ensure space for your bags. The address and directions [&hellip;]","og_url":"https:\/\/luggagehero.com\/fr\/paris\/montmartre-sacre-coeur\/","og_site_name":"LuggageHero","article_publisher":"https:\/\/www.facebook.com\/luggagehero","article_modified_time":"2025-02-28T09:27:42+00:00","og_image":[{"url":"https:\/\/luggagehero.com\/wp-content\/uploads\/2019\/10\/shutterstock_515114275.jpg","type":"","width":"","height":""}],"twitter_card":"summary_large_image","twitter_site":"@luggagehero","twitter_misc":{"Est. reading time":"2 minutes"},"schema":{"@context":"https:\/\/schema.org","@graph":[{"@type":"WebPage","@id":"https:\/\/luggagehero.com\/fr\/paris\/montmartre-sacre-coeur\/","url":"https:\/\/luggagehero.com\/fr\/paris\/montmartre-sacre-coeur\/","name":"Montmartre & Sacr\u00e9-C\u0153ur - LuggageHero","isPartOf":{"@id":"https:\/\/luggagehero.com\/fr\/#website"},"primaryImageOfPage":{"@id":"https:\/\/luggagehero.com\/fr\/paris\/montmartre-sacre-coeur\/#primaryimage"},"image":{"@id":"https:\/\/luggagehero.com\/fr\/paris\/montmartre-sacre-coeur\/#primaryimage"},"thumbnailUrl":"https:\/\/luggagehero.com\/wp-content\/uploads\/2019\/10\/shutterstock_515114275.jpg","datePublished":"2019-10-08T11:02:48+00:00","dateModified":"2025-02-28T09:27:42+00:00","breadcrumb":{"@id":"https:\/\/luggagehero.com\/fr\/paris\/montmartre-sacre-coeur\/#breadcrumb"},"inLanguage":"fr-FR","potentialAction":[{"@type":"ReadAction","target":["https:\/\/luggagehero.com\/fr\/paris\/montmartre-sacre-coeur\/"]}]},{"@type":"ImageObject","inLanguage":"fr-FR","@id":"https:\/\/luggagehero.com\/fr\/paris\/montmartre-sacre-coeur\/#primaryimage","url":"https:\/\/luggagehero.com\/wp-content\/uploads\/2019\/10\/shutterstock_515114275.jpg","contentUrl":"https:\/\/luggagehero.com\/wp-content\/uploads\/2019\/10\/shutterstock_515114275.jpg"},{"@type":"BreadcrumbList","@id":"https:\/\/luggagehero.com\/fr\/paris\/montmartre-sacre-coeur\/#breadcrumb","itemListElement":[{"@type":"ListItem","position":1,"name":"Home","item":"https:\/\/luggagehero.com\/fr\/"},{"@type":"ListItem","position":2,"name":"Paris","item":"https:\/\/luggagehero.com\/fr\/paris\/"},{"@type":"ListItem","position":3,"name":"Montmartre &#038; Sacr\u00e9-C\u0153ur"}]},{"@type":"WebSite","@id":"https:\/\/luggagehero.com\/fr\/#website","url":"https:\/\/luggagehero.com\/fr\/","name":"LuggageHero","description":"Free yourself from luggage","publisher":{"@id":"https:\/\/luggagehero.com\/fr\/#organization"},"potentialAction":[{"@type":"SearchAction","target":{"@type":"EntryPoint","urlTemplate":"https:\/\/luggagehero.com\/fr\/?s={search_term_string}"},"query-input":{"@type":"PropertyValueSpecification","valueRequired":true,"valueName":"search_term_string"}}],"inLanguage":"fr-FR"},{"@type":"Organization","@id":"https:\/\/luggagehero.com\/fr\/#organization","name":"LuggageHero","url":"https:\/\/luggagehero.com\/fr\/","logo":{"@type":"ImageObject","inLanguage":"fr-FR","@id":"https:\/\/luggagehero.com\/fr\/#\/schema\/logo\/image\/","url":"https:\/\/luggagehero.com\/wp-content\/uploads\/2017\/04\/luggagehero_LOGO-RGB_kort_POS_200x200.png","contentUrl":"https:\/\/luggagehero.com\/wp-content\/uploads\/2017\/04\/luggagehero_LOGO-RGB_kort_POS_200x200.png","width":200,"height":200,"caption":"LuggageHero"},"image":{"@id":"https:\/\/luggagehero.com\/fr\/#\/schema\/logo\/image\/"},"sameAs":["https:\/\/www.facebook.com\/luggagehero","https:\/\/x.com\/luggagehero","https:\/\/www.instagram.com\/luggagehero","https:\/\/www.linkedin.com\/company\/luggagehero\/"]}]}},"place_id":"","place_latitude_longitude":"46.81128734264074, -71.24438081737583","place_name":"Montmartre & Sacr\u00e9-C\u0153ur","criteria_title":"","criteria_description":"","meta_title":"","meta_description":"","children_criteria_title":"","children_criteria_description":"","children_meta_title":"","children_meta_description":"","_edit_last":"3","use_global_content":"","poi_type":"","content_raw":"Are you looking for luggage storage near Montmartre &amp; Sacr\u00e9-C\u0153ur ? You can store your bags with one of our luggage storage locations just around the corner from the station and enjoy your day in <a href=\"https:\/\/luggagehero.com\/paris\/\">Paris<\/a> hassle-free.\r\n\r\nLuggageHero storage sites are\u00a0<a href=\"https:\/\/luggagehero.com\/about\/certified-shops\/\">certified<\/a>\u00a0hotels, cafes, and shops. Advance bookings ensure space for your bags. The address and directions to our storage locations are available at the time of booking. All bags are sealed off with our\u00a0<a href=\"https:\/\/luggagehero.com\/about\/security-seal\/\">security seals<\/a> ensuring each piece of luggage up to [pricing insurancecoverage] once you have dropped off your bags and started our storage timer on your booking page.\r\n\r\n&nbsp;\r\n<h2><img class=\"aligncenter wp-image-10502 size-full\" src=\"https:\/\/luggagehero.com\/wp-content\/uploads\/2019\/10\/shutterstock_515114275.jpg\" alt=\"\" width=\"1000\" height=\"667\" \/><\/h2>\r\n<h2 style=\"text-align: center;\">Montmartre &amp; Sacr\u00e9-C\u0153ur<\/h2>\r\n&nbsp;\r\n\r\n<span style=\"font-weight: 400;\">Montmartre is a large hill in Paris\u2019 18th aggrandisement. It\u2019s largely known for its artistic history. At the end of the 19th century during the Belle Epoque, many artists such as Monet, Degas, Renoir and PIcasso lived in and around Montmartre and created from their own studios. <\/span><span style=\"font-weight: 400;\">\r\n<\/span><span style=\"font-weight: 400;\">\r\n<\/span><span style=\"font-weight: 400;\">In the 19th century, this place was famous for its cafes and cabarets, and it\u2019s no coincidence that today Montmartre stands as a popular clubbing district.\u00a0<\/span>\r\n\r\n<span style=\"font-weight: 400;\">But what <\/span><span style=\"font-weight: 400;\">people mostly associate with Montmartre is the Sacr\u00e9-C\u0153ur, the white-domed Basilica which is a highly visible landmark in the city. Also known as The Basilica of the Sacred Heart of Paris, this Roman Catholic church is the second most visited landmark in Paris. <\/span>\r\n\r\n<span style=\"font-weight: 400;\">The complex includes a garden for meditations and the dome is open to tourists and provides a beautiful view of <a href=\"https:\/\/luggagehero.com\/paris\/\" target=\"_blank\" rel=\"noopener noreferrer\">Paris<\/a>. <\/span><span style=\"font-weight: 400;\">You may reach Montmartre by taking line 12 or 2 on the metropolitan. <\/span><span style=\"font-weight: 400;\">\r\n<\/span><span style=\"font-weight: 400;\">\r\n<\/span><span style=\"font-weight: 400;\">Say you arrive in Paris and your flight gets delayed until the next day. You want to spend those two days comfortably and use your time wisely so you can see as much as possible. And what better way to use your time wisely than to let us hold onto your luggage so you can make the most of your short trip?<\/span>\r\n\r\n<span style=\"font-weight: 400;\">With our closest luggage-storage location just two blocks from Montmartre, we guarantee you will have a hassle-free trip, see more, experience more, all while we hold on to your bags. Other tourist-loving places that you want to visit include the <a href=\"https:\/\/luggagehero.com\/paris\/eiffel-tower\/\" target=\"_blank\" rel=\"noopener noreferrer\">Eiffel Tower<\/a>, <a href=\"https:\/\/luggagehero.com\/paris\/louvre\/\" target=\"_blank\" rel=\"noopener noreferrer\">Louvre<\/a> and <a href=\"https:\/\/luggagehero.com\/paris\/place-de-la-bastille\/\" target=\"_blank\" rel=\"noopener noreferrer\">Place de la Bastille<\/a> - all just a 30 minute bus ride away.<\/span>\r\n\r\nGet the most out of your Paris experience and let us be of service to you!<span style=\"font-weight: 400;\">\r\n<\/span>","_links":{"self":[{"href":"https:\/\/luggagehero.com\/fr\/wp-json\/wp\/v2\/pages\/10501","targetHints":{"allow":["GET"]}}],"collection":[{"href":"https:\/\/luggagehero.com\/fr\/wp-json\/wp\/v2\/pages"}],"about":[{"href":"https:\/\/luggagehero.com\/fr\/wp-json\/wp\/v2\/types\/page"}],"author":[{"embeddable":true,"href":"https:\/\/luggagehero.com\/fr\/wp-json\/wp\/v2\/users\/22"}],"replies":[{"embeddable":true,"href":"https:\/\/luggagehero.com\/fr\/wp-json\/wp\/v2\/comments?post=10501"}],"version-history":[{"count":0,"href":"https:\/\/luggagehero.com\/fr\/wp-json\/wp\/v2\/pages\/10501\/revisions"}],"up":[{"embeddable":true,"href":"https:\/\/luggagehero.com\/fr\/wp-json\/wp\/v2\/pages\/7134"}],"wp:attachment":[{"href":"https:\/\/luggagehero.com\/fr\/wp-json\/wp\/v2\/media?parent=10501"}],"curies":[{"name":"wp","href":"https:\/\/api.w.org\/{rel}","templated":true}]}}