{"id":11004,"date":"2019-10-28T15:00:21","date_gmt":"2019-10-28T15:00:21","guid":{"rendered":"https:\/\/luggagehero.com\/port-authority-bus-terminal\/"},"modified":"2023-08-22T11:32:32","modified_gmt":"2023-08-22T11:32:32","slug":"port-authority-bus-terminal","status":"publish","type":"page","link":"https:\/\/luggagehero.com\/fr\/newyork\/port-authority-bus-terminal\/","title":{"rendered":"Port Authority Bus Terminal"},"content":{"rendered":"<p style=\"text-align: left;\">Vous avez besoin d\u2019une consigne \u00e0 bagages pr\u00e8s de Port Authority Bus Terminal New York ? D\u00e9posez vos affaires dans l\u2019un de nos \u00e9tablissements partenaires situ\u00e9s dans le quartier. Possibilit\u00e9 de laisser vos bagages toute la nuit. Notez que le Port Authority Bus Terminal <strong>NE DISPOSE PAS<\/strong> de consignes \u00e0 bagages.<\/p>\n<p style=\"text-align: left;\">Port Authority Bus Terminal est la gare routi\u00e8re centrale pour les bus inter-\u00c9tats \u00e0 New York City. Le b\u00e2timent compte trois niveaux et offre de nombreux restaurants, services et commerces. La gare routi\u00e8re dispose \u00e9galement d\u2019un acc\u00e8s direct au m\u00e9tro de New York City ainsi qu\u2019un service de navettes vers Grand Central.<\/p>\n<p>Si vous arrivez de\/partez pour l\u2019a\u00e9roport JFK, Port Authority peut \u00eatre votre point d\u2019arriv\u00e9e ou de d\u00e9part. Avec plusieurs LuggageHeroes \u00e0 proximit\u00e9, vous acc\u00e9derez facilement \u00e0 <a href=\"https:\/\/luggagehero.com\/newyork\/times-square\/\">Times Square<\/a>, Bryant Park, la New York Public Library, le <a href=\"https:\/\/luggagehero.com\/newyork\/rockefeller-plaza\/\">Rockefeller Center<\/a> ou la cath\u00e9drale Saint-Patrick sans le poids de vos bagages.<\/p>\n<p>Toutes nos boutiques sont <a href=\"https:\/\/luggagehero.com\/about\/certified-shops\/\">certifi\u00e9es par LuggageHero<\/a> et tous les bagages sont prot\u00e9g\u00e9s avec nos <a href=\"https:\/\/luggagehero.com\/about\/security-seal\/\">scell\u00e9s de s\u00e9curit\u00e9<\/a> assurant chaque bagage jusqu\u2019\u00e0 <pricing-component type=\"insurancecoverage\"><\/pricing-component>.<\/p>\n<p><img loading=\"lazy\" decoding=\"async\" class=\" wp-image-1930 aligncenter\" src=\"https:\/\/luggagehero.com\/wp-content\/uploads\/2018\/02\/Luggage_storage_port_authority_bus_terminal-720x540.jpg\" alt=\"Port Authority Bus Terminal\" width=\"405\" height=\"304\" \/><\/p>\n<h2><\/h2>\n<h2 style=\"text-align: center;\">Port Authority Bus Terminal<\/h2>\n<p>La gare routi\u00e8re de Port Authority est situ\u00e9e sur la 42e\u00a0rue et la 8e\u00a0avenue. Impossible de rater ce b\u00e2timent massif et son imposant \u00e9cran publicitaire qui illumine la jonction entre de la 42e\u00a0rue et la 8e\u00a0avenue.<\/p>\n<p>Que vous arriviez en bus ou en voiture en vous garant sur le parking du toit, vous ne serez qu\u2019\u00e0 quelques blocs des grandes attractions de la ville. Vous pourrez prendre un taxi devant la gare routi\u00e8re, sur la 8e\u00a0avenue. Des passages souterrains relient la gare aux lignes de m\u00e9tro A, C, E, N, Q, R, W, 1, 2, 3 et 7 ainsi qu\u2019au service de navettes vers <a href=\"https:\/\/luggagehero.com\/newyork\/grand-central-terminal\/\">Grand Central Terminal<\/a>.<\/p>\n<p>Les th\u00e9\u00e2tres de Broadway et le Carnegie Hall se situent \u00e0 quelques pas de la gare routi\u00e8re de Port Authority. Tous les lieux embl\u00e9matiques de New York, tels que <a href=\"https:\/\/luggagehero.com\/newyork\/times-square\/\">Times Square<\/a>, l\u2019<a href=\"https:\/\/luggagehero.com\/newyork\/empire-state-building\/\">Empire State Building<\/a>, <a href=\"https:\/\/luggagehero.com\/newyork\/grand-central-terminal\/\">Grand Central Terminal<\/a> et le Madison Square Garden, se trouvent \u00e0 quelques minutes de marche.<\/p>\n<p>De par sa connexion avec l\u2019a\u00e9roport JFK, Port Authority Bus Terminal est le point de d\u00e9part id\u00e9al pour partir explorer la ville ou conclure votre s\u00e9jour \u00e0 New York. D\u00e9posez vos bagages dans l\u2019un de nos espaces LuggageHero du quartier et partez \u00e0 la d\u00e9couverte des environs sans stress.<\/p>\n<h3><strong>T\u00e9l\u00e9chargez notre application gratuite<\/strong><\/h3>\n<p>T\u00e9l\u00e9charger facilement notre application LuggageHero et trouver facilement les espaces de consignes \u00e0 bagages pr\u00e8s de vous \u00e0 New York Port Authority Bus Terminal.<\/p>\n\n<div class=\"block-app-downloader\">\n\t<ul class=\"app-images\">\n\t\t\t\t\t<li class=\"app-img\">\n\t\t\t\t<img decoding=\"async\" loading=\"lazy\" src=\"https:\/\/luggagehero.com\/wp-content\/uploads\/2020\/08\/app-1.png\" alt=\"App screenshot\">\n\t\t\t<\/li>\n\t\t\t\t\t<li class=\"app-img\">\n\t\t\t\t<img decoding=\"async\" loading=\"lazy\" src=\"https:\/\/luggagehero.com\/wp-content\/uploads\/2020\/08\/app-2.png\" alt=\"App screenshot\">\n\t\t\t<\/li>\n\t\t\t\t\t<li class=\"app-img\">\n\t\t\t\t<img decoding=\"async\" loading=\"lazy\" src=\"https:\/\/luggagehero.com\/wp-content\/uploads\/2020\/08\/app-3.png\" alt=\"App screenshot\">\n\t\t\t<\/li>\n\t\t\t\t\t<li class=\"app-img\">\n\t\t\t\t<img decoding=\"async\" loading=\"lazy\" src=\"https:\/\/luggagehero.com\/wp-content\/uploads\/2020\/08\/app-4.png\" alt=\"App screenshot\">\n\t\t\t<\/li>\n\t\t\t\t\t<li class=\"app-img\">\n\t\t\t\t<img decoding=\"async\" loading=\"lazy\" src=\"https:\/\/luggagehero.com\/wp-content\/uploads\/2020\/08\/app-5.png\" alt=\"App screenshot\">\n\t\t\t<\/li>\n\t\t\t<\/ul>\n\n\t<div class=\"apps-box\">\n\t\t<p>Utilisez LuggageHero n'importe o\u00f9 avec l'application officielle pour iPhone et Android<\/p>\n\t\t<a href=\"https:\/\/apps.apple.com\/us\/app\/luggagehero-luggage-storage\/id1481057935\" target=\"_blank\">\n\t\t\t<img decoding=\"async\" loading=\"lazy\" src=\"https:\/\/luggagehero.com\/wp-content\/uploads\/2020\/08\/badge-as.png\" alt=\"Download on the ios App Store\">\n\t\t<\/a>\n\n\t\t<a href=\"https:\/\/play.google.com\/store\/apps\/details?id=com.luggagehero.android\" target=\"_blank\">\n\t\t\t<img decoding=\"async\" loading=\"lazy\" src=\"https:\/\/luggagehero.com\/wp-content\/uploads\/2020\/08\/badge-gp.png\" alt=\"Get it on Google Play\">\n\t\t<\/a>\n\t<\/div>\n<\/div>\n","protected":false},"excerpt":{"rendered":"<p>Vous avez besoin d\u2019une consigne \u00e0 bagages pr\u00e8s de Port Authority Bus Terminal New York ? D\u00e9posez vos affaires dans l\u2019un de nos \u00e9tablissements partenaires situ\u00e9s dans le quartier. Possibilit\u00e9 de laisser vos bagages toute la nuit. Notez que le Port Authority Bus Terminal NE DISPOSE PAS de consignes \u00e0 bagages. Port Authority Bus Terminal [&hellip;]<\/p>\n","protected":false},"author":9,"featured_media":0,"parent":11317,"menu_order":0,"comment_status":"closed","ping_status":"closed","template":"template-location.php","meta":{"_acf_changed":false,"footnotes":""},"class_list":["post-11004","page","type-page","status-publish","hentry"],"acf":[],"yoast_head":"<!-- This site is optimized with the Yoast SEO Premium plugin v27.0 (Yoast SEO v27.0) - https:\/\/yoast.com\/product\/yoast-seo-premium-wordpress\/ -->\n<title>Consignes \u00e0 bagages \u00e0 Port Authority Bus Terminal - \u00c0 partir de 1\u00a0$\/heure<\/title>\n<meta name=\"description\" content=\"Service de consignes \u00e0 bagages facile, pratique et \u00e9conomique pr\u00e8s de Port Authority Bus Terminal. \u00c0 partir de 1\u00a0$\/heure. Assurance de 3000\u00a0$ incluse et scell\u00e9 de s\u00e9curit\u00e9 fix\u00e9 sur chaque bagage.\" \/>\n<meta name=\"robots\" content=\"index, follow, max-snippet:-1, max-image-preview:large, max-video-preview:-1\" \/>\n<link rel=\"canonical\" href=\"https:\/\/luggagehero.com\/fr\/newyork\/port-authority-bus-terminal\/\" \/>\n<meta property=\"og:locale\" content=\"fr_FR\" \/>\n<meta property=\"og:type\" content=\"article\" \/>\n<meta property=\"og:title\" content=\"Port Authority Bus Terminal\" \/>\n<meta property=\"og:description\" content=\"Service de consignes \u00e0 bagages facile, pratique et \u00e9conomique pr\u00e8s de Port Authority Bus Terminal. \u00c0 partir de 1\u00a0$\/heure. Assurance de 3000\u00a0$ incluse et scell\u00e9 de s\u00e9curit\u00e9 fix\u00e9 sur chaque bagage.\" \/>\n<meta property=\"og:url\" content=\"https:\/\/luggagehero.com\/fr\/newyork\/port-authority-bus-terminal\/\" \/>\n<meta property=\"og:site_name\" content=\"LuggageHero\" \/>\n<meta property=\"article:publisher\" content=\"https:\/\/www.facebook.com\/luggagehero\" \/>\n<meta property=\"article:modified_time\" content=\"2023-08-22T11:32:32+00:00\" \/>\n<meta property=\"og:image\" content=\"https:\/\/luggagehero.com\/wp-content\/uploads\/2018\/02\/Luggage_storage_port_authority_bus_terminal-720x540.jpg\" \/>\n<meta name=\"twitter:card\" content=\"summary_large_image\" \/>\n<meta name=\"twitter:site\" content=\"@luggagehero\" \/>\n<meta name=\"twitter:label1\" content=\"Est. reading time\" \/>\n\t<meta name=\"twitter:data1\" content=\"3 minutes\" \/>\n<script type=\"application\/ld+json\" class=\"yoast-schema-graph\">{\"@context\":\"https:\/\/schema.org\",\"@graph\":[{\"@type\":\"WebPage\",\"@id\":\"https:\/\/luggagehero.com\/fr\/newyork\/port-authority-bus-terminal\/\",\"url\":\"https:\/\/luggagehero.com\/fr\/newyork\/port-authority-bus-terminal\/\",\"name\":\"Consignes \u00e0 bagages \u00e0 Port Authority Bus Terminal - \u00c0 partir de 1\u00a0$\/heure\",\"isPartOf\":{\"@id\":\"https:\/\/luggagehero.com\/fr\/#website\"},\"primaryImageOfPage\":{\"@id\":\"https:\/\/luggagehero.com\/fr\/newyork\/port-authority-bus-terminal\/#primaryimage\"},\"image\":{\"@id\":\"https:\/\/luggagehero.com\/fr\/newyork\/port-authority-bus-terminal\/#primaryimage\"},\"thumbnailUrl\":\"https:\/\/luggagehero.com\/wp-content\/uploads\/2018\/02\/Luggage_storage_port_authority_bus_terminal-720x540.jpg\",\"datePublished\":\"2019-10-28T15:00:21+00:00\",\"dateModified\":\"2023-08-22T11:32:32+00:00\",\"description\":\"Service de consignes \u00e0 bagages facile, pratique et \u00e9conomique pr\u00e8s de Port Authority Bus Terminal. \u00c0 partir de 1\u00a0$\/heure. Assurance de 3000\u00a0$ incluse et scell\u00e9 de s\u00e9curit\u00e9 fix\u00e9 sur chaque bagage.\",\"breadcrumb\":{\"@id\":\"https:\/\/luggagehero.com\/fr\/newyork\/port-authority-bus-terminal\/#breadcrumb\"},\"inLanguage\":\"fr-FR\",\"potentialAction\":[{\"@type\":\"ReadAction\",\"target\":[\"https:\/\/luggagehero.com\/fr\/newyork\/port-authority-bus-terminal\/\"]}]},{\"@type\":\"ImageObject\",\"inLanguage\":\"fr-FR\",\"@id\":\"https:\/\/luggagehero.com\/fr\/newyork\/port-authority-bus-terminal\/#primaryimage\",\"url\":\"https:\/\/luggagehero.com\/wp-content\/uploads\/2018\/02\/Luggage_storage_port_authority_bus_terminal-720x540.jpg\",\"contentUrl\":\"https:\/\/luggagehero.com\/wp-content\/uploads\/2018\/02\/Luggage_storage_port_authority_bus_terminal-720x540.jpg\"},{\"@type\":\"BreadcrumbList\",\"@id\":\"https:\/\/luggagehero.com\/fr\/newyork\/port-authority-bus-terminal\/#breadcrumb\",\"itemListElement\":[{\"@type\":\"ListItem\",\"position\":1,\"name\":\"Home\",\"item\":\"https:\/\/luggagehero.com\/fr\/\"},{\"@type\":\"ListItem\",\"position\":2,\"name\":\"New York City\",\"item\":\"https:\/\/luggagehero.com\/fr\/newyork\/\"},{\"@type\":\"ListItem\",\"position\":3,\"name\":\"Port Authority Bus Terminal\"}]},{\"@type\":\"WebSite\",\"@id\":\"https:\/\/luggagehero.com\/fr\/#website\",\"url\":\"https:\/\/luggagehero.com\/fr\/\",\"name\":\"LuggageHero\",\"description\":\"Free yourself from luggage\",\"publisher\":{\"@id\":\"https:\/\/luggagehero.com\/fr\/#organization\"},\"potentialAction\":[{\"@type\":\"SearchAction\",\"target\":{\"@type\":\"EntryPoint\",\"urlTemplate\":\"https:\/\/luggagehero.com\/fr\/?s={search_term_string}\"},\"query-input\":{\"@type\":\"PropertyValueSpecification\",\"valueRequired\":true,\"valueName\":\"search_term_string\"}}],\"inLanguage\":\"fr-FR\"},{\"@type\":\"Organization\",\"@id\":\"https:\/\/luggagehero.com\/fr\/#organization\",\"name\":\"LuggageHero\",\"url\":\"https:\/\/luggagehero.com\/fr\/\",\"logo\":{\"@type\":\"ImageObject\",\"inLanguage\":\"fr-FR\",\"@id\":\"https:\/\/luggagehero.com\/fr\/#\/schema\/logo\/image\/\",\"url\":\"https:\/\/luggagehero.com\/wp-content\/uploads\/2017\/04\/luggagehero_LOGO-RGB_kort_POS_200x200.png\",\"contentUrl\":\"https:\/\/luggagehero.com\/wp-content\/uploads\/2017\/04\/luggagehero_LOGO-RGB_kort_POS_200x200.png\",\"width\":200,\"height\":200,\"caption\":\"LuggageHero\"},\"image\":{\"@id\":\"https:\/\/luggagehero.com\/fr\/#\/schema\/logo\/image\/\"},\"sameAs\":[\"https:\/\/www.facebook.com\/luggagehero\",\"https:\/\/x.com\/luggagehero\",\"https:\/\/www.instagram.com\/luggagehero\",\"https:\/\/www.linkedin.com\/company\/luggagehero\/\"]}]}<\/script>\n<!-- \/ Yoast SEO Premium plugin. -->","yoast_head_json":{"title":"Consignes \u00e0 bagages \u00e0 Port Authority Bus Terminal - \u00c0 partir de 1\u00a0$\/heure","description":"Service de consignes \u00e0 bagages facile, pratique et \u00e9conomique pr\u00e8s de Port Authority Bus Terminal. \u00c0 partir de 1\u00a0$\/heure. Assurance de 3000\u00a0$ incluse et scell\u00e9 de s\u00e9curit\u00e9 fix\u00e9 sur chaque bagage.","robots":{"index":"index","follow":"follow","max-snippet":"max-snippet:-1","max-image-preview":"max-image-preview:large","max-video-preview":"max-video-preview:-1"},"canonical":"https:\/\/luggagehero.com\/fr\/newyork\/port-authority-bus-terminal\/","og_locale":"fr_FR","og_type":"article","og_title":"Port Authority Bus Terminal","og_description":"Service de consignes \u00e0 bagages facile, pratique et \u00e9conomique pr\u00e8s de Port Authority Bus Terminal. \u00c0 partir de 1\u00a0$\/heure. Assurance de 3000\u00a0$ incluse et scell\u00e9 de s\u00e9curit\u00e9 fix\u00e9 sur chaque bagage.","og_url":"https:\/\/luggagehero.com\/fr\/newyork\/port-authority-bus-terminal\/","og_site_name":"LuggageHero","article_publisher":"https:\/\/www.facebook.com\/luggagehero","article_modified_time":"2023-08-22T11:32:32+00:00","og_image":[{"url":"https:\/\/luggagehero.com\/wp-content\/uploads\/2018\/02\/Luggage_storage_port_authority_bus_terminal-720x540.jpg","type":"","width":"","height":""}],"twitter_card":"summary_large_image","twitter_site":"@luggagehero","twitter_misc":{"Est. reading time":"3 minutes"},"schema":{"@context":"https:\/\/schema.org","@graph":[{"@type":"WebPage","@id":"https:\/\/luggagehero.com\/fr\/newyork\/port-authority-bus-terminal\/","url":"https:\/\/luggagehero.com\/fr\/newyork\/port-authority-bus-terminal\/","name":"Consignes \u00e0 bagages \u00e0 Port Authority Bus Terminal - \u00c0 partir de 1\u00a0$\/heure","isPartOf":{"@id":"https:\/\/luggagehero.com\/fr\/#website"},"primaryImageOfPage":{"@id":"https:\/\/luggagehero.com\/fr\/newyork\/port-authority-bus-terminal\/#primaryimage"},"image":{"@id":"https:\/\/luggagehero.com\/fr\/newyork\/port-authority-bus-terminal\/#primaryimage"},"thumbnailUrl":"https:\/\/luggagehero.com\/wp-content\/uploads\/2018\/02\/Luggage_storage_port_authority_bus_terminal-720x540.jpg","datePublished":"2019-10-28T15:00:21+00:00","dateModified":"2023-08-22T11:32:32+00:00","description":"Service de consignes \u00e0 bagages facile, pratique et \u00e9conomique pr\u00e8s de Port Authority Bus Terminal. \u00c0 partir de 1\u00a0$\/heure. Assurance de 3000\u00a0$ incluse et scell\u00e9 de s\u00e9curit\u00e9 fix\u00e9 sur chaque bagage.","breadcrumb":{"@id":"https:\/\/luggagehero.com\/fr\/newyork\/port-authority-bus-terminal\/#breadcrumb"},"inLanguage":"fr-FR","potentialAction":[{"@type":"ReadAction","target":["https:\/\/luggagehero.com\/fr\/newyork\/port-authority-bus-terminal\/"]}]},{"@type":"ImageObject","inLanguage":"fr-FR","@id":"https:\/\/luggagehero.com\/fr\/newyork\/port-authority-bus-terminal\/#primaryimage","url":"https:\/\/luggagehero.com\/wp-content\/uploads\/2018\/02\/Luggage_storage_port_authority_bus_terminal-720x540.jpg","contentUrl":"https:\/\/luggagehero.com\/wp-content\/uploads\/2018\/02\/Luggage_storage_port_authority_bus_terminal-720x540.jpg"},{"@type":"BreadcrumbList","@id":"https:\/\/luggagehero.com\/fr\/newyork\/port-authority-bus-terminal\/#breadcrumb","itemListElement":[{"@type":"ListItem","position":1,"name":"Home","item":"https:\/\/luggagehero.com\/fr\/"},{"@type":"ListItem","position":2,"name":"New York City","item":"https:\/\/luggagehero.com\/fr\/newyork\/"},{"@type":"ListItem","position":3,"name":"Port Authority Bus Terminal"}]},{"@type":"WebSite","@id":"https:\/\/luggagehero.com\/fr\/#website","url":"https:\/\/luggagehero.com\/fr\/","name":"LuggageHero","description":"Free yourself from luggage","publisher":{"@id":"https:\/\/luggagehero.com\/fr\/#organization"},"potentialAction":[{"@type":"SearchAction","target":{"@type":"EntryPoint","urlTemplate":"https:\/\/luggagehero.com\/fr\/?s={search_term_string}"},"query-input":{"@type":"PropertyValueSpecification","valueRequired":true,"valueName":"search_term_string"}}],"inLanguage":"fr-FR"},{"@type":"Organization","@id":"https:\/\/luggagehero.com\/fr\/#organization","name":"LuggageHero","url":"https:\/\/luggagehero.com\/fr\/","logo":{"@type":"ImageObject","inLanguage":"fr-FR","@id":"https:\/\/luggagehero.com\/fr\/#\/schema\/logo\/image\/","url":"https:\/\/luggagehero.com\/wp-content\/uploads\/2017\/04\/luggagehero_LOGO-RGB_kort_POS_200x200.png","contentUrl":"https:\/\/luggagehero.com\/wp-content\/uploads\/2017\/04\/luggagehero_LOGO-RGB_kort_POS_200x200.png","width":200,"height":200,"caption":"LuggageHero"},"image":{"@id":"https:\/\/luggagehero.com\/fr\/#\/schema\/logo\/image\/"},"sameAs":["https:\/\/www.facebook.com\/luggagehero","https:\/\/x.com\/luggagehero","https:\/\/www.instagram.com\/luggagehero","https:\/\/www.linkedin.com\/company\/luggagehero\/"]}]}},"place_id":"","place_latitude_longitude":"40.7575,-73.9895","place_name":"Port Authority Bus Terminal","criteria_title":"","criteria_description":"","meta_title":"","meta_description":"","children_criteria_title":"","children_criteria_description":"","children_meta_title":"","children_meta_description":"","_edit_last":"46","use_global_content":"","poi_type":"PublicTransit","content_raw":"<p style=\"text-align: left;\">Vous avez besoin d\u2019une consigne \u00e0 bagages pr\u00e8s de Port Authority Bus Terminal New York ? D\u00e9posez vos affaires dans l\u2019un de nos \u00e9tablissements partenaires situ\u00e9s dans le quartier. Possibilit\u00e9 de laisser vos bagages toute la nuit. Notez que le Port Authority Bus Terminal <strong>NE DISPOSE PAS<\/strong> de consignes \u00e0 bagages.<\/p>\r\n<p style=\"text-align: left;\">Port Authority Bus Terminal est la gare routi\u00e8re centrale pour les bus inter-\u00c9tats \u00e0 New York City. Le b\u00e2timent compte trois niveaux et offre de nombreux restaurants, services et commerces. La gare routi\u00e8re dispose \u00e9galement d\u2019un acc\u00e8s direct au m\u00e9tro de New York City ainsi qu\u2019un service de navettes vers Grand Central.<\/p>\r\nSi vous arrivez de\/partez pour l\u2019a\u00e9roport JFK, Port Authority peut \u00eatre votre point d\u2019arriv\u00e9e ou de d\u00e9part. Avec plusieurs LuggageHeroes \u00e0 proximit\u00e9, vous acc\u00e9derez facilement \u00e0 <a href=\"https:\/\/luggagehero.com\/newyork\/times-square\/\">Times Square<\/a>, Bryant Park, la New York Public Library, le <a href=\"https:\/\/luggagehero.com\/newyork\/rockefeller-plaza\/\">Rockefeller Center<\/a> ou la cath\u00e9drale Saint-Patrick sans le poids de vos bagages.\r\n\r\nToutes nos boutiques sont <a href=\"https:\/\/luggagehero.com\/about\/certified-shops\/\">certifi\u00e9es par LuggageHero<\/a> et tous les bagages sont prot\u00e9g\u00e9s avec nos <a href=\"https:\/\/luggagehero.com\/about\/security-seal\/\">scell\u00e9s de s\u00e9curit\u00e9<\/a> assurant chaque bagage jusqu\u2019\u00e0 [pricing insurancecoverage].\r\n\r\n<img class=\" wp-image-1930 aligncenter\" src=\"https:\/\/luggagehero.com\/wp-content\/uploads\/2018\/02\/Luggage_storage_port_authority_bus_terminal-720x540.jpg\" alt=\"Port Authority Bus Terminal\" width=\"405\" height=\"304\" \/>\r\n<h2><\/h2>\r\n<h2 style=\"text-align: center;\">Port Authority Bus Terminal<\/h2>\r\nLa gare routi\u00e8re de Port Authority est situ\u00e9e sur la 42e\u00a0rue et la 8e\u00a0avenue. Impossible de rater ce b\u00e2timent massif et son imposant \u00e9cran publicitaire qui illumine la jonction entre de la 42e\u00a0rue et la 8e\u00a0avenue.\r\n\r\nQue vous arriviez en bus ou en voiture en vous garant sur le parking du toit, vous ne serez qu\u2019\u00e0 quelques blocs des grandes attractions de la ville. Vous pourrez prendre un taxi devant la gare routi\u00e8re, sur la 8e\u00a0avenue. Des passages souterrains relient la gare aux lignes de m\u00e9tro A, C, E, N, Q, R, W, 1, 2, 3 et 7 ainsi qu\u2019au service de navettes vers <a href=\"https:\/\/luggagehero.com\/newyork\/grand-central-terminal\/\">Grand Central Terminal<\/a>.\r\n\r\nLes th\u00e9\u00e2tres de Broadway et le Carnegie Hall se situent \u00e0 quelques pas de la gare routi\u00e8re de Port Authority. Tous les lieux embl\u00e9matiques de New York, tels que <a href=\"https:\/\/luggagehero.com\/newyork\/times-square\/\">Times Square<\/a>, l\u2019<a href=\"https:\/\/luggagehero.com\/newyork\/empire-state-building\/\">Empire State Building<\/a>, <a href=\"https:\/\/luggagehero.com\/newyork\/grand-central-terminal\/\">Grand Central Terminal<\/a> et le Madison Square Garden, se trouvent \u00e0 quelques minutes de marche.\r\n\r\nDe par sa connexion avec l\u2019a\u00e9roport JFK, Port Authority Bus Terminal est le point de d\u00e9part id\u00e9al pour partir explorer la ville ou conclure votre s\u00e9jour \u00e0 New York. D\u00e9posez vos bagages dans l\u2019un de nos espaces LuggageHero du quartier et partez \u00e0 la d\u00e9couverte des environs sans stress.\r\n<h3><strong>T\u00e9l\u00e9chargez notre application gratuite<\/strong><\/h3>\r\nT\u00e9l\u00e9charger facilement notre application LuggageHero et trouver facilement les espaces de consignes \u00e0 bagages pr\u00e8s de vous \u00e0 New York Port Authority Bus Terminal.\r\n\r\n[appdownloader]","_links":{"self":[{"href":"https:\/\/luggagehero.com\/fr\/wp-json\/wp\/v2\/pages\/11004","targetHints":{"allow":["GET"]}}],"collection":[{"href":"https:\/\/luggagehero.com\/fr\/wp-json\/wp\/v2\/pages"}],"about":[{"href":"https:\/\/luggagehero.com\/fr\/wp-json\/wp\/v2\/types\/page"}],"author":[{"embeddable":true,"href":"https:\/\/luggagehero.com\/fr\/wp-json\/wp\/v2\/users\/9"}],"replies":[{"embeddable":true,"href":"https:\/\/luggagehero.com\/fr\/wp-json\/wp\/v2\/comments?post=11004"}],"version-history":[{"count":0,"href":"https:\/\/luggagehero.com\/fr\/wp-json\/wp\/v2\/pages\/11004\/revisions"}],"up":[{"embeddable":true,"href":"https:\/\/luggagehero.com\/fr\/wp-json\/wp\/v2\/pages\/11317"}],"wp:attachment":[{"href":"https:\/\/luggagehero.com\/fr\/wp-json\/wp\/v2\/media?parent=11004"}],"curies":[{"name":"wp","href":"https:\/\/api.w.org\/{rel}","templated":true}]}}