{"id":11009,"date":"2019-10-28T15:00:56","date_gmt":"2019-10-28T15:00:56","guid":{"rendered":"https:\/\/luggagehero.com\/boston\/"},"modified":"2023-08-22T12:57:47","modified_gmt":"2023-08-22T12:57:47","slug":"boston","status":"publish","type":"page","link":"https:\/\/luggagehero.com\/fr\/boston\/","title":{"rendered":"Boston"},"content":{"rendered":"<p>Finies les gal\u00e8res pour trouver des consignes automatiques. LuggageHero vole au secours des voyageurs qui visitent la ville Boston\u00a0!<\/p>\n<p>Confiez vos bagages \u00e0 LuggageHero en utilisant son r\u00e9seau de plus de <strong>3<em>0\u00a0commerces locaux<\/em><\/strong> (caf\u00e9s, boutiques de souvenirs, restaurants, magasins de v\u00e9los, etc.) situ\u00e9s \u00e0 proximit\u00e9 des grands axes de circulation de la ville, notamment les gares et stations de m\u00e9tro <a href=\"https:\/\/luggagehero.com\/boston\/south-station\/\">South Station<\/a>, <a href=\"https:\/\/luggagehero.com\/boston\/north-station\/\">North Station<\/a> et <a href=\"https:\/\/luggagehero.com\/boston\/charles-mgh-station\/\">Charles\/MGH station<\/a>.<\/p>\n<p>Admettons que vous arriviez de l\u2019a\u00e9roport international Logan de Boston ou d\u2019un a\u00e9roport r\u00e9gional et que vous souhaitiez visiter les sites touristiques sans avoir \u00e0 tra\u00eener vos bagages dans toute la ville. Vous aimeriez peut-\u00eatre arpenter le<a href=\"https:\/\/luggagehero.com\/boston\/freedom-trail\/\"> Freedom Trail<\/a>, visiter le <a href=\"https:\/\/luggagehero.com\/boston\/faneuil-hall\/\">Faneuil Hall<\/a>, vous promener dans le jardin public <a href=\"https:\/\/luggagehero.com\/boston\/boston-common\/\">Boston Common<\/a>, visiter le <a href=\"https:\/\/luggagehero.com\/boston\/museum-of-fine-arts-boston\/\">Mus\u00e9e des Beaux-Arts de Boston<\/a> ou encore assister \u00e0 un match des Boston Red Sox \u00e0 <a href=\"https:\/\/luggagehero.com\/boston\/fenway-park\/\">Fenway Park<\/a>\u00a0? Quel que soit votre choix, nous sommes l\u00e0 pour vous all\u00e9ger.<\/p>\n<p>Rendez-vous sur la <a href=\"https:\/\/app.luggagehero.com\/home;location=Boston;lat=42,3600825;lon=-71,05888010000001\">plateforme de r\u00e9servation LuggageHero<\/a> pour trouver une consigne dans une boutique ou un autre commerce v\u00e9rifi\u00e9(e) par nos soins et y laisser vos bagages. Utilisez notre carte pour trouver la station de m\u00e9tro la plus proche et s\u00e9lectionner la boutique la mieux situ\u00e9e pour y d\u00e9poser vos bagages.<\/p>\n<p style=\"text-align: center;\"><img loading=\"lazy\" decoding=\"async\" class=\"aligncenter size-medium wp-image-3373\" src=\"https:\/\/luggagehero.com\/wp-content\/uploads\/2018\/05\/lugggagehero_piktogrammer_insurance3-300x300.png\" alt=\"Vos bagages sont en s\u00e9curit\u00e9 avec nous\" width=\"300\" height=\"300\" srcset=\"https:\/\/luggagehero.com\/wp-content\/uploads\/2018\/05\/lugggagehero_piktogrammer_insurance3-300x300.png 300w, https:\/\/luggagehero.com\/wp-content\/uploads\/2018\/05\/lugggagehero_piktogrammer_insurance3-160x160.png 160w, https:\/\/luggagehero.com\/wp-content\/uploads\/2018\/05\/lugggagehero_piktogrammer_insurance3.png 400w\" sizes=\"auto, (max-width: 300px) 100vw, 300px\" \/><\/p>\n<h3>Un concept simple et \u00e9conomique<\/h3>\n<p>Laisser vos bagages en consigne n\u2019a jamais \u00e9t\u00e9 si rapide, simple et \u00e9conomique. LuggageHero facture ses utilisateurs \u00e0 l\u2019heure <pricing-component type=\"hourlyrate\"><\/pricing-component>, contrairement \u00e0 la plupart des services de bagagerie ou de consignes automatiques qui facturent \u00e0 la journ\u00e9e. Nous vous garantissons un plafond maximal au prix avantageux de <pricing-component type=\"dailyrate\"><\/pricing-component> et nous vous offrons la possibilit\u00e9 de laisser vos bagages pendant plusieurs jours.<\/p>\n<h3>S\u00e9curit\u00e9<\/h3>\n<p>Contrairement \u00e0 d\u2019autres concepts similaires, toutes nos boutiques \u00e0 Boston ont \u00e9t\u00e9 v\u00e9rifi\u00e9es par un employ\u00e9 de LuggageHero. De plus, nous fournissons un scell\u00e9 de s\u00e9curit\u00e9 pour chaque bagage, assurant celui-ci et son contenu jusqu\u2019\u00e0 un montant de <pricing-component type=\"insurancecoverage\"><\/pricing-component>. Vous ne trouverez \u00e0 Boston aucun autre service de consignes \u00e0 bagages offrant les m\u00eames conditions. Notre service d\u2019assistance en ligne est disponible 24\u00a0heures sur 24, 7\u00a0jours sur 7.<\/p>\n<p>Nous vous facilitons la t\u00e2che avec un comparatif de tous les services de consignes \u00e0 bagages \u00e0 Boston, dont vous trouverez la liste <a href=\"https:\/\/luggagehero.com\/find-luggage-storage-boston\/\">ici<\/a>.<\/p>\n<p>\u00cates-vous pr\u00eat-e \u00e0 r\u00e9server votre consigne \u00e0 bagages \u00e0 Boston\u00a0? Faites votre choix parmi plus de <a href=\"https:\/\/app.luggagehero.com\/home;location=Boston;lat=42,3600825;lon=-71,05888010000001;bags=1;from=201904191200;to=201904191300\">30\u00a0\u00e9tablissements dans tout Boston<\/a>\u00a0! ???? Parcourez la liste <a href=\"https:\/\/app.luggagehero.com\/home;location=Boston;lat=42,3600825;lon=-71,05888010000001\">ici<\/a> pour trouver votre consigne.<\/p>\n","protected":false},"excerpt":{"rendered":"<p>Finies les gal\u00e8res pour trouver des consignes automatiques. LuggageHero vole au secours des voyageurs qui visitent la ville Boston\u00a0! Confiez vos bagages \u00e0 LuggageHero en utilisant son r\u00e9seau de plus de 30\u00a0commerces locaux (caf\u00e9s, boutiques de souvenirs, restaurants, magasins de v\u00e9los, etc.) situ\u00e9s \u00e0 proximit\u00e9 des grands axes de circulation de la ville, notamment les [&hellip;]<\/p>\n","protected":false},"author":9,"featured_media":19368,"parent":0,"menu_order":0,"comment_status":"closed","ping_status":"closed","template":"template-location.php","meta":{"_acf_changed":false,"footnotes":""},"class_list":["post-11009","page","type-page","status-publish","has-post-thumbnail","hentry"],"acf":[],"yoast_head":"<!-- This site is optimized with the Yoast SEO Premium plugin v27.0 (Yoast SEO v27.0) - https:\/\/yoast.com\/product\/yoast-seo-premium-wordpress\/ -->\n<title>Boston - LuggageHero<\/title>\n<meta name=\"robots\" content=\"index, follow, max-snippet:-1, max-image-preview:large, max-video-preview:-1\" \/>\n<link rel=\"canonical\" href=\"https:\/\/luggagehero.com\/fr\/boston\/\" \/>\n<meta property=\"og:locale\" content=\"fr_FR\" \/>\n<meta property=\"og:type\" content=\"article\" \/>\n<meta property=\"og:title\" content=\"Boston\" \/>\n<meta property=\"og:description\" content=\"Finies les gal\u00e8res pour trouver des consignes automatiques. LuggageHero vole au secours des voyageurs qui visitent la ville Boston\u00a0! Confiez vos bagages \u00e0 LuggageHero en utilisant son r\u00e9seau de plus de 30\u00a0commerces locaux (caf\u00e9s, boutiques de souvenirs, restaurants, magasins de v\u00e9los, etc.) situ\u00e9s \u00e0 proximit\u00e9 des grands axes de circulation de la ville, notamment les [&hellip;]\" \/>\n<meta property=\"og:url\" content=\"https:\/\/luggagehero.com\/fr\/boston\/\" \/>\n<meta property=\"og:site_name\" content=\"LuggageHero\" \/>\n<meta property=\"article:publisher\" content=\"https:\/\/www.facebook.com\/luggagehero\" \/>\n<meta property=\"article:modified_time\" content=\"2023-08-22T12:57:47+00:00\" \/>\n<meta property=\"og:image\" content=\"https:\/\/luggagehero.com\/wp-content\/uploads\/2020\/03\/shutterstock_145605907-800x533.jpg\" \/>\n\t<meta property=\"og:image:width\" content=\"800\" \/>\n\t<meta property=\"og:image:height\" content=\"533\" \/>\n\t<meta property=\"og:image:type\" content=\"image\/jpeg\" \/>\n<meta name=\"twitter:card\" content=\"summary_large_image\" \/>\n<meta name=\"twitter:site\" content=\"@luggagehero\" \/>\n<meta name=\"twitter:label1\" content=\"Est. reading time\" \/>\n\t<meta name=\"twitter:data1\" content=\"2 minutes\" \/>\n<script type=\"application\/ld+json\" class=\"yoast-schema-graph\">{\"@context\":\"https:\/\/schema.org\",\"@graph\":[{\"@type\":\"WebPage\",\"@id\":\"https:\/\/luggagehero.com\/fr\/boston\/\",\"url\":\"https:\/\/luggagehero.com\/fr\/boston\/\",\"name\":\"Boston - LuggageHero\",\"isPartOf\":{\"@id\":\"https:\/\/luggagehero.com\/fr\/#website\"},\"primaryImageOfPage\":{\"@id\":\"https:\/\/luggagehero.com\/fr\/boston\/#primaryimage\"},\"image\":{\"@id\":\"https:\/\/luggagehero.com\/fr\/boston\/#primaryimage\"},\"thumbnailUrl\":\"https:\/\/luggagehero.com\/wp-content\/uploads\/2020\/03\/shutterstock_145605907.jpg\",\"datePublished\":\"2019-10-28T15:00:56+00:00\",\"dateModified\":\"2023-08-22T12:57:47+00:00\",\"breadcrumb\":{\"@id\":\"https:\/\/luggagehero.com\/fr\/boston\/#breadcrumb\"},\"inLanguage\":\"fr-FR\",\"potentialAction\":[{\"@type\":\"ReadAction\",\"target\":[\"https:\/\/luggagehero.com\/fr\/boston\/\"]}]},{\"@type\":\"ImageObject\",\"inLanguage\":\"fr-FR\",\"@id\":\"https:\/\/luggagehero.com\/fr\/boston\/#primaryimage\",\"url\":\"https:\/\/luggagehero.com\/wp-content\/uploads\/2020\/03\/shutterstock_145605907.jpg\",\"contentUrl\":\"https:\/\/luggagehero.com\/wp-content\/uploads\/2020\/03\/shutterstock_145605907.jpg\",\"width\":2560,\"height\":1707,\"caption\":\"Luggage storage Boston LuggageHero\"},{\"@type\":\"BreadcrumbList\",\"@id\":\"https:\/\/luggagehero.com\/fr\/boston\/#breadcrumb\",\"itemListElement\":[{\"@type\":\"ListItem\",\"position\":1,\"name\":\"Home\",\"item\":\"https:\/\/luggagehero.com\/fr\/\"},{\"@type\":\"ListItem\",\"position\":2,\"name\":\"Boston\"}]},{\"@type\":\"WebSite\",\"@id\":\"https:\/\/luggagehero.com\/fr\/#website\",\"url\":\"https:\/\/luggagehero.com\/fr\/\",\"name\":\"LuggageHero\",\"description\":\"Free yourself from luggage\",\"publisher\":{\"@id\":\"https:\/\/luggagehero.com\/fr\/#organization\"},\"potentialAction\":[{\"@type\":\"SearchAction\",\"target\":{\"@type\":\"EntryPoint\",\"urlTemplate\":\"https:\/\/luggagehero.com\/fr\/?s={search_term_string}\"},\"query-input\":{\"@type\":\"PropertyValueSpecification\",\"valueRequired\":true,\"valueName\":\"search_term_string\"}}],\"inLanguage\":\"fr-FR\"},{\"@type\":\"Organization\",\"@id\":\"https:\/\/luggagehero.com\/fr\/#organization\",\"name\":\"LuggageHero\",\"url\":\"https:\/\/luggagehero.com\/fr\/\",\"logo\":{\"@type\":\"ImageObject\",\"inLanguage\":\"fr-FR\",\"@id\":\"https:\/\/luggagehero.com\/fr\/#\/schema\/logo\/image\/\",\"url\":\"https:\/\/luggagehero.com\/wp-content\/uploads\/2017\/04\/luggagehero_LOGO-RGB_kort_POS_200x200.png\",\"contentUrl\":\"https:\/\/luggagehero.com\/wp-content\/uploads\/2017\/04\/luggagehero_LOGO-RGB_kort_POS_200x200.png\",\"width\":200,\"height\":200,\"caption\":\"LuggageHero\"},\"image\":{\"@id\":\"https:\/\/luggagehero.com\/fr\/#\/schema\/logo\/image\/\"},\"sameAs\":[\"https:\/\/www.facebook.com\/luggagehero\",\"https:\/\/x.com\/luggagehero\",\"https:\/\/www.instagram.com\/luggagehero\",\"https:\/\/www.linkedin.com\/company\/luggagehero\/\"]}]}<\/script>\n<!-- \/ Yoast SEO Premium plugin. -->","yoast_head_json":{"title":"Boston - LuggageHero","robots":{"index":"index","follow":"follow","max-snippet":"max-snippet:-1","max-image-preview":"max-image-preview:large","max-video-preview":"max-video-preview:-1"},"canonical":"https:\/\/luggagehero.com\/fr\/boston\/","og_locale":"fr_FR","og_type":"article","og_title":"Boston","og_description":"Finies les gal\u00e8res pour trouver des consignes automatiques. LuggageHero vole au secours des voyageurs qui visitent la ville Boston\u00a0! Confiez vos bagages \u00e0 LuggageHero en utilisant son r\u00e9seau de plus de 30\u00a0commerces locaux (caf\u00e9s, boutiques de souvenirs, restaurants, magasins de v\u00e9los, etc.) situ\u00e9s \u00e0 proximit\u00e9 des grands axes de circulation de la ville, notamment les [&hellip;]","og_url":"https:\/\/luggagehero.com\/fr\/boston\/","og_site_name":"LuggageHero","article_publisher":"https:\/\/www.facebook.com\/luggagehero","article_modified_time":"2023-08-22T12:57:47+00:00","og_image":[{"width":800,"height":533,"url":"https:\/\/luggagehero.com\/wp-content\/uploads\/2020\/03\/shutterstock_145605907-800x533.jpg","type":"image\/jpeg"}],"twitter_card":"summary_large_image","twitter_site":"@luggagehero","twitter_misc":{"Est. reading time":"2 minutes"},"schema":{"@context":"https:\/\/schema.org","@graph":[{"@type":"WebPage","@id":"https:\/\/luggagehero.com\/fr\/boston\/","url":"https:\/\/luggagehero.com\/fr\/boston\/","name":"Boston - LuggageHero","isPartOf":{"@id":"https:\/\/luggagehero.com\/fr\/#website"},"primaryImageOfPage":{"@id":"https:\/\/luggagehero.com\/fr\/boston\/#primaryimage"},"image":{"@id":"https:\/\/luggagehero.com\/fr\/boston\/#primaryimage"},"thumbnailUrl":"https:\/\/luggagehero.com\/wp-content\/uploads\/2020\/03\/shutterstock_145605907.jpg","datePublished":"2019-10-28T15:00:56+00:00","dateModified":"2023-08-22T12:57:47+00:00","breadcrumb":{"@id":"https:\/\/luggagehero.com\/fr\/boston\/#breadcrumb"},"inLanguage":"fr-FR","potentialAction":[{"@type":"ReadAction","target":["https:\/\/luggagehero.com\/fr\/boston\/"]}]},{"@type":"ImageObject","inLanguage":"fr-FR","@id":"https:\/\/luggagehero.com\/fr\/boston\/#primaryimage","url":"https:\/\/luggagehero.com\/wp-content\/uploads\/2020\/03\/shutterstock_145605907.jpg","contentUrl":"https:\/\/luggagehero.com\/wp-content\/uploads\/2020\/03\/shutterstock_145605907.jpg","width":2560,"height":1707,"caption":"Luggage storage Boston LuggageHero"},{"@type":"BreadcrumbList","@id":"https:\/\/luggagehero.com\/fr\/boston\/#breadcrumb","itemListElement":[{"@type":"ListItem","position":1,"name":"Home","item":"https:\/\/luggagehero.com\/fr\/"},{"@type":"ListItem","position":2,"name":"Boston"}]},{"@type":"WebSite","@id":"https:\/\/luggagehero.com\/fr\/#website","url":"https:\/\/luggagehero.com\/fr\/","name":"LuggageHero","description":"Free yourself from luggage","publisher":{"@id":"https:\/\/luggagehero.com\/fr\/#organization"},"potentialAction":[{"@type":"SearchAction","target":{"@type":"EntryPoint","urlTemplate":"https:\/\/luggagehero.com\/fr\/?s={search_term_string}"},"query-input":{"@type":"PropertyValueSpecification","valueRequired":true,"valueName":"search_term_string"}}],"inLanguage":"fr-FR"},{"@type":"Organization","@id":"https:\/\/luggagehero.com\/fr\/#organization","name":"LuggageHero","url":"https:\/\/luggagehero.com\/fr\/","logo":{"@type":"ImageObject","inLanguage":"fr-FR","@id":"https:\/\/luggagehero.com\/fr\/#\/schema\/logo\/image\/","url":"https:\/\/luggagehero.com\/wp-content\/uploads\/2017\/04\/luggagehero_LOGO-RGB_kort_POS_200x200.png","contentUrl":"https:\/\/luggagehero.com\/wp-content\/uploads\/2017\/04\/luggagehero_LOGO-RGB_kort_POS_200x200.png","width":200,"height":200,"caption":"LuggageHero"},"image":{"@id":"https:\/\/luggagehero.com\/fr\/#\/schema\/logo\/image\/"},"sameAs":["https:\/\/www.facebook.com\/luggagehero","https:\/\/x.com\/luggagehero","https:\/\/www.instagram.com\/luggagehero","https:\/\/www.linkedin.com\/company\/luggagehero\/"]}]}},"place_id":"","place_latitude_longitude":"42.3563,-71.0624","place_name":"Boston","criteria_title":"Consignes \u00e0 bagages dans plus de 30\u00a0boutiques autour de [location]","criteria_description":"D\u00e9posez vos bagages dans une boutique locale certifi\u00e9e \u00e0 partir de 1\u00a0$\/heure","meta_title":"Consignes \u00e0 bagages Boston - Plus de 30\u00a0\u00e9tablissements - 24h\/24, 7j\/7 - \u00c0 partir de 1\u00a0$\/heure","meta_description":"Utilisez le plus grand r\u00e9seau actuel de consignes \u00e0 bagages \u00e0 Boston. 30\u00a0boutiques disponibles \u00e0 Boston. Ouvert 24h\/24, 7j\/7. Assurance d\u2019un montant de 3000\u00a0$. Avec scell\u00e9 de s\u00e9curit\u00e9 inclus.","children_criteria_title":"Consignes \u00e0 bagages [location]","children_criteria_description":"D\u00e9posez vos bagages dans une boutique locale certifi\u00e9e \u00e0 partir de 1\u00a0$\/heure","children_meta_title":"Consignes \u00e0 bagages [location]\u00a0: 7\u00a0jours sur 7 - \u00c0 partir de 1\u00a0$\/heure","children_meta_description":"Service de consignes \u00e0 bagages pratique et \u00e9conomique pr\u00e8s de [location]. \u00c0 partir de 1\u00a0$\/heure. Assurance de 3000\u00a0$ incluse et scell\u00e9 de s\u00e9curit\u00e9 fix\u00e9 sur chaque bagage. R\u00e9server en ligne.","_edit_last":"46","use_global_content":"","poi_type":"","content_raw":"Finies les gal\u00e8res pour trouver des consignes automatiques. LuggageHero vole au secours des voyageurs qui visitent la ville Boston\u00a0!\r\n\r\nConfiez vos bagages \u00e0 LuggageHero en utilisant son r\u00e9seau de plus de <strong>3<em>0\u00a0commerces locaux<\/em><\/strong> (caf\u00e9s, boutiques de souvenirs, restaurants, magasins de v\u00e9los, etc.) situ\u00e9s \u00e0 proximit\u00e9 des grands axes de circulation de la ville, notamment les gares et stations de m\u00e9tro <a href=\"https:\/\/luggagehero.com\/boston\/south-station\/\">South Station<\/a>, <a href=\"https:\/\/luggagehero.com\/boston\/north-station\/\">North Station<\/a> et <a href=\"https:\/\/luggagehero.com\/boston\/charles-mgh-station\/\">Charles\/MGH station<\/a>.\r\n\r\nAdmettons que vous arriviez de l\u2019a\u00e9roport international Logan de Boston ou d\u2019un a\u00e9roport r\u00e9gional et que vous souhaitiez visiter les sites touristiques sans avoir \u00e0 tra\u00eener vos bagages dans toute la ville. Vous aimeriez peut-\u00eatre arpenter le<a href=\"https:\/\/luggagehero.com\/boston\/freedom-trail\/\"> Freedom Trail<\/a>, visiter le <a href=\"https:\/\/luggagehero.com\/boston\/faneuil-hall\/\">Faneuil Hall<\/a>, vous promener dans le jardin public <a href=\"https:\/\/luggagehero.com\/boston\/boston-common\/\">Boston Common<\/a>, visiter le <a href=\"https:\/\/luggagehero.com\/boston\/museum-of-fine-arts-boston\/\">Mus\u00e9e des Beaux-Arts de Boston<\/a> ou encore assister \u00e0 un match des Boston Red Sox \u00e0 <a href=\"https:\/\/luggagehero.com\/boston\/fenway-park\/\">Fenway Park<\/a>\u00a0? Quel que soit votre choix, nous sommes l\u00e0 pour vous all\u00e9ger.\r\n\r\nRendez-vous sur la <a href=\"https:\/\/app.luggagehero.com\/home;location=Boston;lat=42,3600825;lon=-71,05888010000001\">plateforme de r\u00e9servation LuggageHero<\/a> pour trouver une consigne dans une boutique ou un autre commerce v\u00e9rifi\u00e9(e) par nos soins et y laisser vos bagages. Utilisez notre carte pour trouver la station de m\u00e9tro la plus proche et s\u00e9lectionner la boutique la mieux situ\u00e9e pour y d\u00e9poser vos bagages.\r\n<p style=\"text-align: center;\"><img class=\"aligncenter size-medium wp-image-3373\" src=\"https:\/\/luggagehero.com\/wp-content\/uploads\/2018\/05\/lugggagehero_piktogrammer_insurance3-300x300.png\" alt=\"Vos bagages sont en s\u00e9curit\u00e9 avec nous\" width=\"300\" height=\"300\" \/><\/p>\r\n\r\n<h3>Un concept simple et \u00e9conomique<\/h3>\r\nLaisser vos bagages en consigne n\u2019a jamais \u00e9t\u00e9 si rapide, simple et \u00e9conomique. LuggageHero facture ses utilisateurs \u00e0 l\u2019heure [pricing hourlyrate], contrairement \u00e0 la plupart des services de bagagerie ou de consignes automatiques qui facturent \u00e0 la journ\u00e9e. Nous vous garantissons un plafond maximal au prix avantageux de [pricing dailyrate] et nous vous offrons la possibilit\u00e9 de laisser vos bagages pendant plusieurs jours.\r\n<h3>S\u00e9curit\u00e9<\/h3>\r\nContrairement \u00e0 d\u2019autres concepts similaires, toutes nos boutiques \u00e0 Boston ont \u00e9t\u00e9 v\u00e9rifi\u00e9es par un employ\u00e9 de LuggageHero. De plus, nous fournissons un scell\u00e9 de s\u00e9curit\u00e9 pour chaque bagage, assurant celui-ci et son contenu jusqu\u2019\u00e0 un montant de [pricing insurancecoverage]. Vous ne trouverez \u00e0 Boston aucun autre service de consignes \u00e0 bagages offrant les m\u00eames conditions. Notre service d\u2019assistance en ligne est disponible 24\u00a0heures sur 24, 7\u00a0jours sur 7.\r\n\r\nNous vous facilitons la t\u00e2che avec un comparatif de tous les services de consignes \u00e0 bagages \u00e0 Boston, dont vous trouverez la liste <a href=\"https:\/\/luggagehero.com\/find-luggage-storage-boston\/\">ici<\/a>.\r\n\r\n\u00cates-vous pr\u00eat-e \u00e0 r\u00e9server votre consigne \u00e0 bagages \u00e0 Boston\u00a0? Faites votre choix parmi plus de <a href=\"https:\/\/app.luggagehero.com\/home;location=Boston;lat=42,3600825;lon=-71,05888010000001;bags=1;from=201904191200;to=201904191300\">30\u00a0\u00e9tablissements dans tout Boston<\/a>\u00a0! ???? Parcourez la liste <a href=\"https:\/\/app.luggagehero.com\/home;location=Boston;lat=42,3600825;lon=-71,05888010000001\">ici<\/a> pour trouver votre consigne.","_links":{"self":[{"href":"https:\/\/luggagehero.com\/fr\/wp-json\/wp\/v2\/pages\/11009","targetHints":{"allow":["GET"]}}],"collection":[{"href":"https:\/\/luggagehero.com\/fr\/wp-json\/wp\/v2\/pages"}],"about":[{"href":"https:\/\/luggagehero.com\/fr\/wp-json\/wp\/v2\/types\/page"}],"author":[{"embeddable":true,"href":"https:\/\/luggagehero.com\/fr\/wp-json\/wp\/v2\/users\/9"}],"replies":[{"embeddable":true,"href":"https:\/\/luggagehero.com\/fr\/wp-json\/wp\/v2\/comments?post=11009"}],"version-history":[{"count":0,"href":"https:\/\/luggagehero.com\/fr\/wp-json\/wp\/v2\/pages\/11009\/revisions"}],"wp:featuredmedia":[{"embeddable":true,"href":"https:\/\/luggagehero.com\/fr\/wp-json\/wp\/v2\/media\/19368"}],"wp:attachment":[{"href":"https:\/\/luggagehero.com\/fr\/wp-json\/wp\/v2\/media?parent=11009"}],"curies":[{"name":"wp","href":"https:\/\/api.w.org\/{rel}","templated":true}]}}