{"id":11013,"date":"2019-10-28T15:01:32","date_gmt":"2019-10-28T15:01:32","guid":{"rendered":"https:\/\/luggagehero.com\/florence\/"},"modified":"2023-09-04T11:26:05","modified_gmt":"2023-09-04T11:26:05","slug":"florence","status":"publish","type":"page","link":"https:\/\/luggagehero.com\/fr\/florence\/","title":{"rendered":"Florence"},"content":{"rendered":"<p>Ne cherchez plus de consignes automatiques pour vos bagages. La prochaine fois que vous \u00eates \u00e0 Florence, n\u2019oubliez pas que LuggageHero est l\u00e0 pour voler \u00e0 votre secours\u00a0!<\/p>\n<p>D\u00e9posez vos valises dans l\u2019un des points du r\u00e9seau LuggageHero, soit plus de 30\u00a0boutiques locales \u00e0 proximit\u00e9 des grands axes de circulation et des quartiers les plus populaires de la ville, notamment la <a href=\"https:\/\/luggagehero.com\/florence\/santa-maria-novella-station\/\">gare Santa Maria Novella<\/a>, la <a href=\"https:\/\/luggagehero.com\/florence\/campo-de-marte-station\/\">gare Campo de Marte<\/a> et la <a href=\"https:\/\/luggagehero.com\/florence\/san-marco\/\">Piazza San Marco<\/a>. En bref\u00a0: le centre-ville de Florence.<\/p>\n<p>Admettons que vous arriviez de l\u2019a\u00e9roport de Florence-Peretola plusieurs heures avant que votre location ne soit pr\u00eate et que vous souhaitiez visiter les sites touristiques sans avoir \u00e0 tra\u00eener vos bagages derri\u00e8re vous. Vous aimeriez peut-\u00eatre visiter la <a href=\"https:\/\/luggagehero.com\/florence\/cathedral-santa-maria-del-fiore\/\">cath\u00e9drale Santa Maria del Fiore<\/a>\u00a0ou la <a href=\"https:\/\/luggagehero.com\/florence\/basilica-di-santo-spirito\/\">basilique Santo Spirito<\/a>\u00a0? Ou encore d\u00e9ambuler dans le <a href=\"https:\/\/luggagehero.com\/florence\/mercato-centrale\/\">Mercato Centrale<\/a> et profiter des sp\u00e9cialit\u00e9s locales. Quel que soit votre choix, nous sommes l\u00e0 pour vous all\u00e9ger.<\/p>\n<p>Rendez-vous sur la plateforme de r\u00e9servation LuggageHero pour trouver une consigne dans une boutique ou un autre commerce de notre r\u00e9seau, tous <a href=\"https:\/\/luggagehero.com\/about\/certified-shops\/\">v\u00e9rifi\u00e9s par nos soins<\/a>. En utilisant notre carte, vous pouvez localiser les boutiques les plus proches des gares que vous allez utiliser ou des attractions que vous allez visiter, et y d\u00e9poser vos bagages.<\/p>\n<p><img loading=\"lazy\" decoding=\"async\" class=\"aligncenter wp-image-2267\" title=\"Laissez vos bagages \u00e0 Londres avec un H\u00e9ros\" src=\"https:\/\/luggagehero.com\/wp-content\/uploads\/2017\/06\/LuggageHero_figur_fod-paa-kufferter-1-720x907.png\" alt=\"Laissez vos bagages \u00e0 Londres avec un H\u00e9ros\" width=\"333\" height=\"420\" \/><\/p>\n<p><strong>Vous payez \u00e0 l\u2019heure, contrairement \u00e0 d\u2019autres services\u00a0!<\/strong><\/p>\n<p>Nous offrons un service \u00e9conomique, rapide et pratique.<\/p>\n<p>LuggageHero facture uniquement chaque heure utilis\u00e9e <pricing-component type=\"hourlyrate\"><\/pricing-component>, contrairement \u00e0 la plupart des autres services de consignes, qui facturent \u00e0 la journ\u00e9e. Si vous souhaitez d\u00e9poser vos bagages pour la journ\u00e9e ou plus, nous vous garantissons un plafond maximal par jour au prix int\u00e9ressant de <pricing-component type=\"firstdaymax\"><\/pricing-component>.<\/p>\n<p><strong>Nous prenons soin de vous.<\/strong><\/p>\n<p>Votre s\u00fbret\u00e9 et votre s\u00e9curit\u00e9 sont nos priorit\u00e9s. C\u2019est pourquoi des employ\u00e9s de LuggageHero v\u00e9rifient et certifient toutes nos boutiques \u00e0 Florence. Nous apposons \u00e9galement un scell\u00e9 sur tous les bagages afin d\u2019\u00e9viter tout risque de vol. De plus, nous assurons chaque bagage et son contenu jusqu\u2019\u00e0 <pricing-component type=\"insurancecoverage\"><\/pricing-component>. En cas de probl\u00e8me, LuggageHero est \u00e0 votre disposition 24\u00a0heures\/24 et 7\u00a0jours\/7 via notre syst\u00e8me d\u2019assistance en ligne.<\/p>\n<p><strong>\u00cates-vous pr\u00eat-e \u00e0 nous confier vos valises\u00a0?<\/strong><\/p>\n<p>Trouvez l\u2019endroit id\u00e9al parmi plus de <strong>30\u00a0\u00e9tablissements dans tout Florence\u00a0!<\/strong><\/p>\n<h4><\/h4>\n<h4 style=\"text-align: left;\">S\u00e9curit\u00e9<\/h4>\n<p>Nous <a href=\"https:\/\/luggagehero.com\/about\/certified-shops\/\">certifions<\/a> et formons scrupuleusement les exploitants de tous nos \u00e9tablissements LuggageHero \u00e0 Florence \u00e0 la manipulation de vos effets personnels pour vous garantir une s\u00e9curit\u00e9 maximale.<\/p>\n<p>Toutes nos boutiques \u00e0 Florence ont \u00e9t\u00e9 v\u00e9rifi\u00e9es par un employ\u00e9 de LuggageHero, qui proc\u00e8de r\u00e9guli\u00e8rement \u00e0 des contr\u00f4les qualit\u00e9 pour s\u2019assurer que les effets personnels de nos clients sont stock\u00e9s de mani\u00e8re s\u00fbre et s\u00e9curis\u00e9e.<\/p>\n<p>De plus, nous fournissons un <a href=\"https:\/\/luggagehero.com\/about\/security-seal\/\"><strong>scell\u00e9 de s\u00e9curit\u00e9<\/strong><\/a> pour chaque bagage. Ce dernier vous est remis lorsque vous arrivez \u00e0 la boutique et garantit que personne ne puisse acc\u00e9der \u00e0 vos affaires.<\/p>\n<p>De plus, chaque bagage et son contenu sont assur\u00e9s jusqu\u2019\u00e0 un montant de <pricing-component type=\"insurancecoverage\"><\/pricing-component>.<\/p>\n<p>Si vous avez besoin d\u2019aide, n\u2019oubliez pas que notre service d\u2019assistance en ligne est disponible 24h\/24, 7j\/7.<\/p>\n<h4>Guide des consignes \u00e0 bagages \u00e0 Florence<\/h4>\n<p>Nous avons \u00e9labor\u00e9 un guide ainsi qu\u2019une carte sp\u00e9cialement con\u00e7ue sur laquelle figurent tous nos \u00e9tablissements o\u00f9 d\u00e9poser vos bagages lorsque vous visitez la superbe ville de Florence. Cliquez sur le lien suivant pour en savoir plus sur ces \u00e9tablissements et d\u00e9couvrir comment utiliser notre service de consignes \u00e0 Florence\u00a0: <a href=\"https:\/\/luggagehero.com\/find-luggage-storage-florence\/\">Guide 2019\u00a0: <\/a><a href=\"https:\/\/luggagehero.com\/find-luggage-storage-florence\/\">trouver une consigne \u00e0 Florence<\/a><\/p>\n<h4><\/h4>\n<h4 style=\"text-align: left;\">R\u00e9servez sans risque<\/h4>\n<p>Nous mettons tout en \u0153uvre pour que vos voyages se d\u00e9roulent de fa\u00e7on aussi simple et harmonieuse que possible, c\u2019est pourquoi nous avons \u00e0 c\u0153ur de ne vous <strong>facturer AUCUN FRAIS<\/strong> tant que vous n\u2019avez pas d\u00e9pos\u00e9 vos bagages.<\/p>\n<p>Utilisez notre service de r\u00e9servation en ligne pour choisir une consigne \u00e0 bagages \u00e0 Florence la plus pratique pour vous, selon l\u2019endroit o\u00f9 vous vous trouvez et votre programme. Vous pouvez soit r\u00e9server en arrivant \u00e0 la boutique ou r\u00e9server en ligne \u00e0 l\u2019avance afin de garantir votre place. Effectuez une r\u00e9servation \u00e0 l\u2019avance et vous serez s\u00fbr-e d\u2019avoir une place pour vos bagages.<\/p>\n<p>Mais nous savons que parfois les plans changent, surtout lorsque vous \u00eates en voyage. Donc si vous d\u00e9cidez de ne pas venir, vous ne payez rien du tout. Nada. Z\u00e9ro. Niet. Nichts. Rien\u00a0! Et non, vous n\u2019avez m\u00eame pas besoin d\u2019annuler\u00a0!<\/p>\n","protected":false},"excerpt":{"rendered":"<p>Ne cherchez plus de consignes automatiques pour vos bagages. La prochaine fois que vous \u00eates \u00e0 Florence, n\u2019oubliez pas que LuggageHero est l\u00e0 pour voler \u00e0 votre secours\u00a0! D\u00e9posez vos valises dans l\u2019un des points du r\u00e9seau LuggageHero, soit plus de 30\u00a0boutiques locales \u00e0 proximit\u00e9 des grands axes de circulation et des quartiers les plus [&hellip;]<\/p>\n","protected":false},"author":9,"featured_media":9754,"parent":0,"menu_order":0,"comment_status":"closed","ping_status":"closed","template":"template-location.php","meta":{"_acf_changed":false,"footnotes":""},"class_list":["post-11013","page","type-page","status-publish","has-post-thumbnail","hentry"],"acf":[],"yoast_head":"<!-- This site is optimized with the Yoast SEO Premium plugin v27.0 (Yoast SEO v27.0) - https:\/\/yoast.com\/product\/yoast-seo-premium-wordpress\/ -->\n<title>Florence - LuggageHero<\/title>\n<meta name=\"robots\" content=\"index, follow, max-snippet:-1, max-image-preview:large, max-video-preview:-1\" \/>\n<link rel=\"canonical\" href=\"https:\/\/luggagehero.com\/fr\/florence\/\" \/>\n<meta property=\"og:locale\" content=\"fr_FR\" \/>\n<meta property=\"og:type\" content=\"article\" \/>\n<meta property=\"og:title\" content=\"Florence\" \/>\n<meta property=\"og:description\" content=\"Ne cherchez plus de consignes automatiques pour vos bagages. La prochaine fois que vous \u00eates \u00e0 Florence, n\u2019oubliez pas que LuggageHero est l\u00e0 pour voler \u00e0 votre secours\u00a0! D\u00e9posez vos valises dans l\u2019un des points du r\u00e9seau LuggageHero, soit plus de 30\u00a0boutiques locales \u00e0 proximit\u00e9 des grands axes de circulation et des quartiers les plus [&hellip;]\" \/>\n<meta property=\"og:url\" content=\"https:\/\/luggagehero.com\/fr\/florence\/\" \/>\n<meta property=\"og:site_name\" content=\"LuggageHero\" \/>\n<meta property=\"article:publisher\" content=\"https:\/\/www.facebook.com\/luggagehero\" \/>\n<meta property=\"article:modified_time\" content=\"2023-09-04T11:26:05+00:00\" \/>\n<meta property=\"og:image\" content=\"https:\/\/luggagehero.com\/wp-content\/uploads\/2019\/09\/shutterstock_763412554-800x537.jpg\" \/>\n\t<meta property=\"og:image:width\" content=\"800\" \/>\n\t<meta property=\"og:image:height\" content=\"537\" \/>\n\t<meta property=\"og:image:type\" content=\"image\/jpeg\" \/>\n<meta name=\"twitter:card\" content=\"summary_large_image\" \/>\n<meta name=\"twitter:site\" content=\"@luggagehero\" \/>\n<meta name=\"twitter:label1\" content=\"Est. reading time\" \/>\n\t<meta name=\"twitter:data1\" content=\"4 minutes\" \/>\n<script type=\"application\/ld+json\" class=\"yoast-schema-graph\">{\"@context\":\"https:\/\/schema.org\",\"@graph\":[{\"@type\":\"WebPage\",\"@id\":\"https:\/\/luggagehero.com\/fr\/florence\/\",\"url\":\"https:\/\/luggagehero.com\/fr\/florence\/\",\"name\":\"Florence - LuggageHero\",\"isPartOf\":{\"@id\":\"https:\/\/luggagehero.com\/fr\/#website\"},\"primaryImageOfPage\":{\"@id\":\"https:\/\/luggagehero.com\/fr\/florence\/#primaryimage\"},\"image\":{\"@id\":\"https:\/\/luggagehero.com\/fr\/florence\/#primaryimage\"},\"thumbnailUrl\":\"https:\/\/luggagehero.com\/wp-content\/uploads\/2019\/09\/shutterstock_763412554.jpg\",\"datePublished\":\"2019-10-28T15:01:32+00:00\",\"dateModified\":\"2023-09-04T11:26:05+00:00\",\"breadcrumb\":{\"@id\":\"https:\/\/luggagehero.com\/fr\/florence\/#breadcrumb\"},\"inLanguage\":\"fr-FR\",\"potentialAction\":[{\"@type\":\"ReadAction\",\"target\":[\"https:\/\/luggagehero.com\/fr\/florence\/\"]}]},{\"@type\":\"ImageObject\",\"inLanguage\":\"fr-FR\",\"@id\":\"https:\/\/luggagehero.com\/fr\/florence\/#primaryimage\",\"url\":\"https:\/\/luggagehero.com\/wp-content\/uploads\/2019\/09\/shutterstock_763412554.jpg\",\"contentUrl\":\"https:\/\/luggagehero.com\/wp-content\/uploads\/2019\/09\/shutterstock_763412554.jpg\",\"width\":5720,\"height\":3840,\"caption\":\"florence luggage storage\"},{\"@type\":\"BreadcrumbList\",\"@id\":\"https:\/\/luggagehero.com\/fr\/florence\/#breadcrumb\",\"itemListElement\":[{\"@type\":\"ListItem\",\"position\":1,\"name\":\"Home\",\"item\":\"https:\/\/luggagehero.com\/fr\/\"},{\"@type\":\"ListItem\",\"position\":2,\"name\":\"Florence\"}]},{\"@type\":\"WebSite\",\"@id\":\"https:\/\/luggagehero.com\/fr\/#website\",\"url\":\"https:\/\/luggagehero.com\/fr\/\",\"name\":\"LuggageHero\",\"description\":\"Free yourself from luggage\",\"publisher\":{\"@id\":\"https:\/\/luggagehero.com\/fr\/#organization\"},\"potentialAction\":[{\"@type\":\"SearchAction\",\"target\":{\"@type\":\"EntryPoint\",\"urlTemplate\":\"https:\/\/luggagehero.com\/fr\/?s={search_term_string}\"},\"query-input\":{\"@type\":\"PropertyValueSpecification\",\"valueRequired\":true,\"valueName\":\"search_term_string\"}}],\"inLanguage\":\"fr-FR\"},{\"@type\":\"Organization\",\"@id\":\"https:\/\/luggagehero.com\/fr\/#organization\",\"name\":\"LuggageHero\",\"url\":\"https:\/\/luggagehero.com\/fr\/\",\"logo\":{\"@type\":\"ImageObject\",\"inLanguage\":\"fr-FR\",\"@id\":\"https:\/\/luggagehero.com\/fr\/#\/schema\/logo\/image\/\",\"url\":\"https:\/\/luggagehero.com\/wp-content\/uploads\/2017\/04\/luggagehero_LOGO-RGB_kort_POS_200x200.png\",\"contentUrl\":\"https:\/\/luggagehero.com\/wp-content\/uploads\/2017\/04\/luggagehero_LOGO-RGB_kort_POS_200x200.png\",\"width\":200,\"height\":200,\"caption\":\"LuggageHero\"},\"image\":{\"@id\":\"https:\/\/luggagehero.com\/fr\/#\/schema\/logo\/image\/\"},\"sameAs\":[\"https:\/\/www.facebook.com\/luggagehero\",\"https:\/\/x.com\/luggagehero\",\"https:\/\/www.instagram.com\/luggagehero\",\"https:\/\/www.linkedin.com\/company\/luggagehero\/\"]}]}<\/script>\n<!-- \/ Yoast SEO Premium plugin. -->","yoast_head_json":{"title":"Florence - LuggageHero","robots":{"index":"index","follow":"follow","max-snippet":"max-snippet:-1","max-image-preview":"max-image-preview:large","max-video-preview":"max-video-preview:-1"},"canonical":"https:\/\/luggagehero.com\/fr\/florence\/","og_locale":"fr_FR","og_type":"article","og_title":"Florence","og_description":"Ne cherchez plus de consignes automatiques pour vos bagages. La prochaine fois que vous \u00eates \u00e0 Florence, n\u2019oubliez pas que LuggageHero est l\u00e0 pour voler \u00e0 votre secours\u00a0! D\u00e9posez vos valises dans l\u2019un des points du r\u00e9seau LuggageHero, soit plus de 30\u00a0boutiques locales \u00e0 proximit\u00e9 des grands axes de circulation et des quartiers les plus [&hellip;]","og_url":"https:\/\/luggagehero.com\/fr\/florence\/","og_site_name":"LuggageHero","article_publisher":"https:\/\/www.facebook.com\/luggagehero","article_modified_time":"2023-09-04T11:26:05+00:00","og_image":[{"width":800,"height":537,"url":"https:\/\/luggagehero.com\/wp-content\/uploads\/2019\/09\/shutterstock_763412554-800x537.jpg","type":"image\/jpeg"}],"twitter_card":"summary_large_image","twitter_site":"@luggagehero","twitter_misc":{"Est. reading time":"4 minutes"},"schema":{"@context":"https:\/\/schema.org","@graph":[{"@type":"WebPage","@id":"https:\/\/luggagehero.com\/fr\/florence\/","url":"https:\/\/luggagehero.com\/fr\/florence\/","name":"Florence - LuggageHero","isPartOf":{"@id":"https:\/\/luggagehero.com\/fr\/#website"},"primaryImageOfPage":{"@id":"https:\/\/luggagehero.com\/fr\/florence\/#primaryimage"},"image":{"@id":"https:\/\/luggagehero.com\/fr\/florence\/#primaryimage"},"thumbnailUrl":"https:\/\/luggagehero.com\/wp-content\/uploads\/2019\/09\/shutterstock_763412554.jpg","datePublished":"2019-10-28T15:01:32+00:00","dateModified":"2023-09-04T11:26:05+00:00","breadcrumb":{"@id":"https:\/\/luggagehero.com\/fr\/florence\/#breadcrumb"},"inLanguage":"fr-FR","potentialAction":[{"@type":"ReadAction","target":["https:\/\/luggagehero.com\/fr\/florence\/"]}]},{"@type":"ImageObject","inLanguage":"fr-FR","@id":"https:\/\/luggagehero.com\/fr\/florence\/#primaryimage","url":"https:\/\/luggagehero.com\/wp-content\/uploads\/2019\/09\/shutterstock_763412554.jpg","contentUrl":"https:\/\/luggagehero.com\/wp-content\/uploads\/2019\/09\/shutterstock_763412554.jpg","width":5720,"height":3840,"caption":"florence luggage storage"},{"@type":"BreadcrumbList","@id":"https:\/\/luggagehero.com\/fr\/florence\/#breadcrumb","itemListElement":[{"@type":"ListItem","position":1,"name":"Home","item":"https:\/\/luggagehero.com\/fr\/"},{"@type":"ListItem","position":2,"name":"Florence"}]},{"@type":"WebSite","@id":"https:\/\/luggagehero.com\/fr\/#website","url":"https:\/\/luggagehero.com\/fr\/","name":"LuggageHero","description":"Free yourself from luggage","publisher":{"@id":"https:\/\/luggagehero.com\/fr\/#organization"},"potentialAction":[{"@type":"SearchAction","target":{"@type":"EntryPoint","urlTemplate":"https:\/\/luggagehero.com\/fr\/?s={search_term_string}"},"query-input":{"@type":"PropertyValueSpecification","valueRequired":true,"valueName":"search_term_string"}}],"inLanguage":"fr-FR"},{"@type":"Organization","@id":"https:\/\/luggagehero.com\/fr\/#organization","name":"LuggageHero","url":"https:\/\/luggagehero.com\/fr\/","logo":{"@type":"ImageObject","inLanguage":"fr-FR","@id":"https:\/\/luggagehero.com\/fr\/#\/schema\/logo\/image\/","url":"https:\/\/luggagehero.com\/wp-content\/uploads\/2017\/04\/luggagehero_LOGO-RGB_kort_POS_200x200.png","contentUrl":"https:\/\/luggagehero.com\/wp-content\/uploads\/2017\/04\/luggagehero_LOGO-RGB_kort_POS_200x200.png","width":200,"height":200,"caption":"LuggageHero"},"image":{"@id":"https:\/\/luggagehero.com\/fr\/#\/schema\/logo\/image\/"},"sameAs":["https:\/\/www.facebook.com\/luggagehero","https:\/\/x.com\/luggagehero","https:\/\/www.instagram.com\/luggagehero","https:\/\/www.linkedin.com\/company\/luggagehero\/"]}]}},"place_id":"","place_latitude_longitude":"43.7767,11.2479","place_name":"Florence","criteria_title":"Consignes \u00e0 bagages dans plus de 30\u00a0\u00e9tablissements autour de [location]","criteria_description":"D\u00e9posez vos valises dans une boutique locale certifi\u00e9e \u00e0 partir de 1\u00a0\u20ac\/heure","meta_title":"Consignes \u00e0 bagages [location] - Plus de 30\u00a0\u00e9tablissements - 24h\/24, 7j\/7 - \u00c0 partir de 1\u00a0\u20ac\/heure","meta_description":"Utilisez le plus grand r\u00e9seau actuel de consignes \u00e0 bagages \u00e0 [location]. Plus de 30\u00a0\u00e9tablissements disponibles \u00e0 [location]. Ouvert 24h\/24, 7j\/7. Assurance de 2500\u00a0\u20ac. Scell\u00e9 de s\u00e9curit\u00e9 inclus.","children_criteria_title":"Consignes \u00e0 bagages [location]","children_criteria_description":"D\u00e9posez vos valises dans une boutique locale certifi\u00e9e \u00e0 partir de 1\u00a0\u20ac\/heure","children_meta_title":"Consignes \u00e0 bagages [location]\u00a0: 7\u00a0jours sur 7 - \u00c0 partir de 1\u00a0\u20ac\/heure","children_meta_description":"Service de consignes \u00e0 bagages pratique et \u00e9conomique pr\u00e8s de [location]. \u00c0 partir de 1\u00a0\u20ac\/heure. Assurance de 2500\u00a0\u20ac incluse avec scell\u00e9 de s\u00e9curit\u00e9 fix\u00e9 sur chaque bagage. R\u00e9server en ligne.","_edit_last":"46","use_global_content":"","poi_type":"","content_raw":"Ne cherchez plus de consignes automatiques pour vos bagages. La prochaine fois que vous \u00eates \u00e0 Florence, n\u2019oubliez pas que LuggageHero est l\u00e0 pour voler \u00e0 votre secours\u00a0!\r\n\r\nD\u00e9posez vos valises dans l\u2019un des points du r\u00e9seau LuggageHero, soit plus de 30\u00a0boutiques locales \u00e0 proximit\u00e9 des grands axes de circulation et des quartiers les plus populaires de la ville, notamment la <a href=\"https:\/\/luggagehero.com\/florence\/santa-maria-novella-station\/\">gare Santa Maria Novella<\/a>, la <a href=\"https:\/\/luggagehero.com\/florence\/campo-de-marte-station\/\">gare Campo de Marte<\/a> et la <a href=\"https:\/\/luggagehero.com\/florence\/san-marco\/\">Piazza San Marco<\/a>. En bref\u00a0: le centre-ville de Florence.\r\n\r\nAdmettons que vous arriviez de l\u2019a\u00e9roport de Florence-Peretola plusieurs heures avant que votre location ne soit pr\u00eate et que vous souhaitiez visiter les sites touristiques sans avoir \u00e0 tra\u00eener vos bagages derri\u00e8re vous. Vous aimeriez peut-\u00eatre visiter la <a href=\"https:\/\/luggagehero.com\/florence\/cathedral-santa-maria-del-fiore\/\">cath\u00e9drale Santa Maria del Fiore<\/a>\u00a0ou la <a href=\"https:\/\/luggagehero.com\/florence\/basilica-di-santo-spirito\/\">basilique Santo Spirito<\/a>\u00a0? Ou encore d\u00e9ambuler dans le <a href=\"https:\/\/luggagehero.com\/florence\/mercato-centrale\/\">Mercato Centrale<\/a> et profiter des sp\u00e9cialit\u00e9s locales. Quel que soit votre choix, nous sommes l\u00e0 pour vous all\u00e9ger.\r\n\r\nRendez-vous sur la plateforme de r\u00e9servation LuggageHero pour trouver une consigne dans une boutique ou un autre commerce de notre r\u00e9seau, tous <a href=\"https:\/\/luggagehero.com\/about\/certified-shops\/\">v\u00e9rifi\u00e9s par nos soins<\/a>. En utilisant notre carte, vous pouvez localiser les boutiques les plus proches des gares que vous allez utiliser ou des attractions que vous allez visiter, et y d\u00e9poser vos bagages.\r\n\r\n<img class=\"aligncenter wp-image-2267\" title=\"Laissez vos bagages \u00e0 Londres avec un H\u00e9ros\" src=\"https:\/\/luggagehero.com\/wp-content\/uploads\/2017\/06\/LuggageHero_figur_fod-paa-kufferter-1-720x907.png\" alt=\"Laissez vos bagages \u00e0 Londres avec un H\u00e9ros\" width=\"333\" height=\"420\" \/>\r\n\r\n<strong>Vous payez \u00e0 l\u2019heure, contrairement \u00e0 d\u2019autres services\u00a0!<\/strong>\r\n\r\nNous offrons un service \u00e9conomique, rapide et pratique.\r\n\r\nLuggageHero facture uniquement chaque heure utilis\u00e9e [pricing hourlyrate], contrairement \u00e0 la plupart des autres services de consignes, qui facturent \u00e0 la journ\u00e9e. Si vous souhaitez d\u00e9poser vos bagages pour la journ\u00e9e ou plus, nous vous garantissons un plafond maximal par jour au prix int\u00e9ressant de [pricing firstdaymax].\r\n\r\n<strong>Nous prenons soin de vous.<\/strong>\r\n\r\nVotre s\u00fbret\u00e9 et votre s\u00e9curit\u00e9 sont nos priorit\u00e9s. C\u2019est pourquoi des employ\u00e9s de LuggageHero v\u00e9rifient et certifient toutes nos boutiques \u00e0 Florence. Nous apposons \u00e9galement un scell\u00e9 sur tous les bagages afin d\u2019\u00e9viter tout risque de vol. De plus, nous assurons chaque bagage et son contenu jusqu\u2019\u00e0 [pricing insurancecoverage]. En cas de probl\u00e8me, LuggageHero est \u00e0 votre disposition 24\u00a0heures\/24 et 7\u00a0jours\/7 via notre syst\u00e8me d\u2019assistance en ligne.\r\n\r\n<strong>\u00cates-vous pr\u00eat-e \u00e0 nous confier vos valises\u00a0?<\/strong>\r\n\r\nTrouvez l\u2019endroit id\u00e9al parmi plus de <strong>30\u00a0\u00e9tablissements dans tout Florence\u00a0!<\/strong>\r\n<h4><\/h4>\r\n<h4 style=\"text-align: left;\">S\u00e9curit\u00e9<\/h4>\r\nNous <a href=\"https:\/\/luggagehero.com\/about\/certified-shops\/\">certifions<\/a> et formons scrupuleusement les exploitants de tous nos \u00e9tablissements LuggageHero \u00e0 Florence \u00e0 la manipulation de vos effets personnels pour vous garantir une s\u00e9curit\u00e9 maximale.\r\n\r\nToutes nos boutiques \u00e0 Florence ont \u00e9t\u00e9 v\u00e9rifi\u00e9es par un employ\u00e9 de LuggageHero, qui proc\u00e8de r\u00e9guli\u00e8rement \u00e0 des contr\u00f4les qualit\u00e9 pour s\u2019assurer que les effets personnels de nos clients sont stock\u00e9s de mani\u00e8re s\u00fbre et s\u00e9curis\u00e9e.\r\n\r\nDe plus, nous fournissons un <a href=\"https:\/\/luggagehero.com\/about\/security-seal\/\"><strong>scell\u00e9 de s\u00e9curit\u00e9<\/strong><\/a> pour chaque bagage. Ce dernier vous est remis lorsque vous arrivez \u00e0 la boutique et garantit que personne ne puisse acc\u00e9der \u00e0 vos affaires.\r\n\r\nDe plus, chaque bagage et son contenu sont assur\u00e9s jusqu\u2019\u00e0 un montant de [pricing insurancecoverage].\r\n\r\nSi vous avez besoin d\u2019aide, n\u2019oubliez pas que notre service d\u2019assistance en ligne est disponible 24h\/24, 7j\/7.\r\n<h4>Guide des consignes \u00e0 bagages \u00e0 Florence<\/h4>\r\nNous avons \u00e9labor\u00e9 un guide ainsi qu\u2019une carte sp\u00e9cialement con\u00e7ue sur laquelle figurent tous nos \u00e9tablissements o\u00f9 d\u00e9poser vos bagages lorsque vous visitez la superbe ville de Florence. Cliquez sur le lien suivant pour en savoir plus sur ces \u00e9tablissements et d\u00e9couvrir comment utiliser notre service de consignes \u00e0 Florence\u00a0: <a href=\"https:\/\/luggagehero.com\/find-luggage-storage-florence\/\">Guide 2019\u00a0: <\/a><a href=\"https:\/\/luggagehero.com\/find-luggage-storage-florence\/\">trouver une consigne \u00e0 Florence<\/a>\r\n<h4><\/h4>\r\n<h4 style=\"text-align: left;\">R\u00e9servez sans risque<\/h4>\r\nNous mettons tout en \u0153uvre pour que vos voyages se d\u00e9roulent de fa\u00e7on aussi simple et harmonieuse que possible, c\u2019est pourquoi nous avons \u00e0 c\u0153ur de ne vous <strong>facturer AUCUN FRAIS<\/strong> tant que vous n\u2019avez pas d\u00e9pos\u00e9 vos bagages.\r\n\r\nUtilisez notre service de r\u00e9servation en ligne pour choisir une consigne \u00e0 bagages \u00e0 Florence la plus pratique pour vous, selon l\u2019endroit o\u00f9 vous vous trouvez et votre programme. Vous pouvez soit r\u00e9server en arrivant \u00e0 la boutique ou r\u00e9server en ligne \u00e0 l\u2019avance afin de garantir votre place. Effectuez une r\u00e9servation \u00e0 l\u2019avance et vous serez s\u00fbr-e d\u2019avoir une place pour vos bagages.\r\n\r\nMais nous savons que parfois les plans changent, surtout lorsque vous \u00eates en voyage. Donc si vous d\u00e9cidez de ne pas venir, vous ne payez rien du tout. Nada. Z\u00e9ro. Niet. Nichts. Rien\u00a0! Et non, vous n\u2019avez m\u00eame pas besoin d\u2019annuler\u00a0!","_links":{"self":[{"href":"https:\/\/luggagehero.com\/fr\/wp-json\/wp\/v2\/pages\/11013","targetHints":{"allow":["GET"]}}],"collection":[{"href":"https:\/\/luggagehero.com\/fr\/wp-json\/wp\/v2\/pages"}],"about":[{"href":"https:\/\/luggagehero.com\/fr\/wp-json\/wp\/v2\/types\/page"}],"author":[{"embeddable":true,"href":"https:\/\/luggagehero.com\/fr\/wp-json\/wp\/v2\/users\/9"}],"replies":[{"embeddable":true,"href":"https:\/\/luggagehero.com\/fr\/wp-json\/wp\/v2\/comments?post=11013"}],"version-history":[{"count":0,"href":"https:\/\/luggagehero.com\/fr\/wp-json\/wp\/v2\/pages\/11013\/revisions"}],"wp:featuredmedia":[{"embeddable":true,"href":"https:\/\/luggagehero.com\/fr\/wp-json\/wp\/v2\/media\/9754"}],"wp:attachment":[{"href":"https:\/\/luggagehero.com\/fr\/wp-json\/wp\/v2\/media?parent=11013"}],"curies":[{"name":"wp","href":"https:\/\/api.w.org\/{rel}","templated":true}]}}