{"id":11303,"date":"2019-11-05T10:27:11","date_gmt":"2019-11-05T10:27:11","guid":{"rendered":"https:\/\/luggagehero.com\/rome-termini\/"},"modified":"2023-08-28T07:03:53","modified_gmt":"2023-08-28T07:03:53","slug":"rome-termini","status":"publish","type":"page","link":"https:\/\/luggagehero.com\/fr\/rome\/rome-termini\/","title":{"rendered":"Rome-Termini"},"content":{"rendered":"<p><span style=\"font-weight: 400;\">Vous cherchez une consigne \u00e0 bagages pr\u00e8s de la gare de Rome-Termini\u00a0? Vous pouvez laisser vos valises dans l\u2019un de nos \u00e9tablissements partenaires juste \u00e0 c\u00f4t\u00e9 de la gare Rome-Termini et partir explorer <a href=\"https:\/\/luggagehero.com\/rome\/\">Rome<\/a> sans stress.<\/span><\/p>\n<p><span style=\"font-weight: 400;\">Les \u00e9tablissements LuggageHero sont des boutiques, h\u00f4tels et caf\u00e9s <\/span><a href=\"https:\/\/luggagehero.com\/about\/certified-shops\/\"><span style=\"font-weight: 400;\">certifi\u00e9s<\/span><\/a><span style=\"font-weight: 400;\">.Les r\u00e9servations \u00e0 l\u2019avance vous garantissent d\u2019avoir une place pour vos bagages.L\u2019adresse et l\u2019itin\u00e9raire de l\u2019\u00e9tablissement partenaire vous sont envoy\u00e9s au moment de la r\u00e9servation.Une fois que vous avez d\u00e9pos\u00e9 votre bagage et lanc\u00e9 le compteur sur votre page de r\u00e9servation<\/span>, le commer\u00e7ant fixe un <a href=\"https:\/\/luggagehero.com\/about\/security-seal\/\"><span style=\"font-weight: 400;\">scell\u00e9 de s\u00e9curit\u00e9<\/span><\/a><span style=\"font-weight: 400;\"> qui assure votre bagage jusqu\u2019\u00e0 un montant de <pricing-component type=\"insurancecoverage\"><\/pricing-component>.<\/span><\/p>\n<p><img loading=\"lazy\" decoding=\"async\" class=\"aligncenter wp-image-6348 size-large\" src=\"https:\/\/luggagehero.com\/wp-content\/uploads\/2019\/04\/shutterstock_1098160079-800x534.jpg\" alt=\"\" width=\"800\" height=\"534\" srcset=\"https:\/\/luggagehero.com\/wp-content\/uploads\/2019\/04\/shutterstock_1098160079-800x534.jpg 800w, https:\/\/luggagehero.com\/wp-content\/uploads\/2019\/04\/shutterstock_1098160079-300x200.jpg 300w, https:\/\/luggagehero.com\/wp-content\/uploads\/2019\/04\/shutterstock_1098160079-600x400.jpg 600w, https:\/\/luggagehero.com\/wp-content\/uploads\/2019\/04\/shutterstock_1098160079.jpg 1000w\" sizes=\"auto, (max-width: 800px) 100vw, 800px\" \/><\/p>\n<h2 style=\"text-align: center;\">Rome-Termini<\/h2>\n<p>Bien plus qu\u2019une simple gare, Rome-Termini compte de nombreux commerces et restaurants, mais aussi des agences de location de voitures, des bureaux de change, des toilettes, une poste et des agences de voyage.<\/p>\n<p>Rome-Termini est la plus grande gare ferroviaire de Rome et l\u2019une des plus vastes d\u2019Europe. Elle compte 29\u00a0quais et offre des d\u00e9parts quotidiens vers de nombreuses destinations dans toute l\u2019Italie et l\u2019Europe. La gare est reli\u00e9e \u00e0 la ligne bleue et \u00e0 la ligne rouge du m\u00e9tro desservant la plupart des quartiers de Rome. La gare de Termini est le terminus des trains en provenance de l\u2019a\u00e9roport principal de Rome-Fumicino et de l\u2019a\u00e9roport Ciampino.<\/p>\n<h3><b>Les consignes \u00e0 bagages: 2 fois moins ch\u00e8res que les casiers des gares et des a\u00e9roports<\/b><\/h3>\n<p><span style=\"font-weight: 400;\">Les gardes bagages classiques, \u00e9galement appel\u00e9s d\u00e9pose bagages ou service de stockage de bagages, sont g\u00e9n\u00e9ralement au moins deux fois plus chers sur une base quotidienne que le service de consignes \u00e0 bagages de LuggageHero. Encore r\u00e9cemment, les voyageurs ne pouvaient d\u00e9poser leurs bagages que dans un type de casier bagage, qui offre tr\u00e8s peu de flexibilit\u00e9 en termes de prix et de localisation. Aujourd&#8217;hui, LuggageHero propose d&#8217;innombrables espaces de consignes \u00e0 bagages dans des magasins et des consignes bagages h\u00f4tels dans diff\u00e9rentes villes afin que vous ayez toujours la possibilit\u00e9 de d\u00e9poser vos valises dans un environnement s\u00fbr. Contrairement aux consignes gares et des a\u00e9roports, LuggageHero propose un tarif horaire et journalier pour une flexibilit\u00e9 maximale. LuggageHero s&#8217;efforce de proposer \u00e0 tout moment une consigne \u00e0 bagages s\u00fbre et bon march\u00e9 pr\u00e8s de chez vous.<\/span><\/p>\n<h3><b>Consigne bagages pour valises et bagages de toute taille<\/b><\/h3>\n<p><span style=\"font-weight: 400;\">Nous v\u00e9rifions tous les h\u00f4tels et les magasins locaux afin de pouvoir vous proposer un espace de garde valise ou bagage pour tout ce dont vous avez besoin : \u00e9quipement de ski, mat\u00e9riel photo, sacs \u00e0 dos ou autre. C&#8217;est une autre fa\u00e7on pour nous de vous offrir la plus grande flexibilit\u00e9 en mati\u00e8re de consigne de bagage, de d\u00e9pose valises et de d\u00e9p\u00f4t bagage.\u00a0<\/span><\/p>\n<h3><b>Nos consignes \u00e0 bagages sont similaires \u00e0 celles des h\u00f4tels<\/b><\/h3>\n<p><span style=\"font-weight: 400;\">De nombreux voyageurs et clients d&#8217;h\u00f4tels ont demand\u00e9 au personnel de la r\u00e9ception s&#8217;ils pouvaient stocker leurs bagages jusqu&#8217;\u00e0 ce qu&#8217;ils quittent la ville plus tard dans la journ\u00e9e. Nous offrons, plus ou moins, ce m\u00eame service, pour tout le monde &#8211; peu importe si vous s\u00e9journez dans un h\u00f4tel, un Airbnb ou ailleurs. Nous sommes toujours pr\u00eats \u00e0 vous aider.\u00a0<\/span><\/p>\n<h3><b>D\u00e9posez vos sacs dans des espaces de consignes v\u00e9rifi\u00e9s avec ce code de r\u00e9duction<\/b><\/h3>\n<p><span style=\"font-weight: 400;\">Clients fid\u00e8les ou nouveaux clients, nous vous offrons un code de r\u00e9duction pour deux heures de d\u00e9p\u00f4t de bagages GRATUIT. Ce code de r\u00e9duction est valable le reste de l&#8217;ann\u00e9e dans TOUTES les villes et dans TOUS nos espaces de garde bagage, y compris les magasins partenaires Premium!\u00a0<\/span><\/p>\n","protected":false},"excerpt":{"rendered":"<p>Vous cherchez une consigne \u00e0 bagages pr\u00e8s de la gare de Rome-Termini\u00a0? Vous pouvez laisser vos valises dans l\u2019un de nos \u00e9tablissements partenaires juste \u00e0 c\u00f4t\u00e9 de la gare Rome-Termini et partir explorer Rome sans stress. Les \u00e9tablissements LuggageHero sont des boutiques, h\u00f4tels et caf\u00e9s certifi\u00e9s.Les r\u00e9servations \u00e0 l\u2019avance vous garantissent d\u2019avoir une place pour [&hellip;]<\/p>\n","protected":false},"author":9,"featured_media":40902,"parent":11321,"menu_order":0,"comment_status":"closed","ping_status":"closed","template":"template-location.php","meta":{"_acf_changed":false,"footnotes":""},"class_list":["post-11303","page","type-page","status-publish","has-post-thumbnail","hentry"],"acf":[],"yoast_head":"<!-- This site is optimized with the Yoast SEO Premium plugin v27.0 (Yoast SEO v27.0) - https:\/\/yoast.com\/product\/yoast-seo-premium-wordpress\/ -->\n<title>Rome-Termini - LuggageHero<\/title>\n<meta name=\"robots\" content=\"index, follow, max-snippet:-1, max-image-preview:large, max-video-preview:-1\" \/>\n<link rel=\"canonical\" href=\"https:\/\/luggagehero.com\/fr\/rome\/rome-termini\/\" \/>\n<meta property=\"og:locale\" content=\"fr_FR\" \/>\n<meta property=\"og:type\" content=\"article\" \/>\n<meta property=\"og:title\" content=\"Rome-Termini\" \/>\n<meta property=\"og:description\" content=\"Vous cherchez une consigne \u00e0 bagages pr\u00e8s de la gare de Rome-Termini\u00a0? Vous pouvez laisser vos valises dans l\u2019un de nos \u00e9tablissements partenaires juste \u00e0 c\u00f4t\u00e9 de la gare Rome-Termini et partir explorer Rome sans stress. Les \u00e9tablissements LuggageHero sont des boutiques, h\u00f4tels et caf\u00e9s certifi\u00e9s.Les r\u00e9servations \u00e0 l\u2019avance vous garantissent d\u2019avoir une place pour [&hellip;]\" \/>\n<meta property=\"og:url\" content=\"https:\/\/luggagehero.com\/fr\/rome\/rome-termini\/\" \/>\n<meta property=\"og:site_name\" content=\"LuggageHero\" \/>\n<meta property=\"article:publisher\" content=\"https:\/\/www.facebook.com\/luggagehero\" \/>\n<meta property=\"article:modified_time\" content=\"2023-08-28T07:03:53+00:00\" \/>\n<meta property=\"og:image\" content=\"https:\/\/luggagehero.com\/wp-content\/uploads\/2021\/11\/romet.jpg\" \/>\n\t<meta property=\"og:image:width\" content=\"686\" \/>\n\t<meta property=\"og:image:height\" content=\"386\" \/>\n\t<meta property=\"og:image:type\" content=\"image\/jpeg\" \/>\n<meta name=\"twitter:card\" content=\"summary_large_image\" \/>\n<meta name=\"twitter:site\" content=\"@luggagehero\" \/>\n<meta name=\"twitter:label1\" content=\"Est. reading time\" \/>\n\t<meta name=\"twitter:data1\" content=\"3 minutes\" \/>\n<script type=\"application\/ld+json\" class=\"yoast-schema-graph\">{\"@context\":\"https:\/\/schema.org\",\"@graph\":[{\"@type\":\"WebPage\",\"@id\":\"https:\/\/luggagehero.com\/fr\/rome\/rome-termini\/\",\"url\":\"https:\/\/luggagehero.com\/fr\/rome\/rome-termini\/\",\"name\":\"Rome-Termini - LuggageHero\",\"isPartOf\":{\"@id\":\"https:\/\/luggagehero.com\/fr\/#website\"},\"primaryImageOfPage\":{\"@id\":\"https:\/\/luggagehero.com\/fr\/rome\/rome-termini\/#primaryimage\"},\"image\":{\"@id\":\"https:\/\/luggagehero.com\/fr\/rome\/rome-termini\/#primaryimage\"},\"thumbnailUrl\":\"https:\/\/luggagehero.com\/wp-content\/uploads\/2021\/11\/romet.jpg\",\"datePublished\":\"2019-11-05T10:27:11+00:00\",\"dateModified\":\"2023-08-28T07:03:53+00:00\",\"breadcrumb\":{\"@id\":\"https:\/\/luggagehero.com\/fr\/rome\/rome-termini\/#breadcrumb\"},\"inLanguage\":\"fr-FR\",\"potentialAction\":[{\"@type\":\"ReadAction\",\"target\":[\"https:\/\/luggagehero.com\/fr\/rome\/rome-termini\/\"]}]},{\"@type\":\"ImageObject\",\"inLanguage\":\"fr-FR\",\"@id\":\"https:\/\/luggagehero.com\/fr\/rome\/rome-termini\/#primaryimage\",\"url\":\"https:\/\/luggagehero.com\/wp-content\/uploads\/2021\/11\/romet.jpg\",\"contentUrl\":\"https:\/\/luggagehero.com\/wp-content\/uploads\/2021\/11\/romet.jpg\",\"width\":686,\"height\":386},{\"@type\":\"BreadcrumbList\",\"@id\":\"https:\/\/luggagehero.com\/fr\/rome\/rome-termini\/#breadcrumb\",\"itemListElement\":[{\"@type\":\"ListItem\",\"position\":1,\"name\":\"Home\",\"item\":\"https:\/\/luggagehero.com\/fr\/\"},{\"@type\":\"ListItem\",\"position\":2,\"name\":\"Rome\",\"item\":\"https:\/\/luggagehero.com\/fr\/rome\/\"},{\"@type\":\"ListItem\",\"position\":3,\"name\":\"Rome-Termini\"}]},{\"@type\":\"WebSite\",\"@id\":\"https:\/\/luggagehero.com\/fr\/#website\",\"url\":\"https:\/\/luggagehero.com\/fr\/\",\"name\":\"LuggageHero\",\"description\":\"Free yourself from luggage\",\"publisher\":{\"@id\":\"https:\/\/luggagehero.com\/fr\/#organization\"},\"potentialAction\":[{\"@type\":\"SearchAction\",\"target\":{\"@type\":\"EntryPoint\",\"urlTemplate\":\"https:\/\/luggagehero.com\/fr\/?s={search_term_string}\"},\"query-input\":{\"@type\":\"PropertyValueSpecification\",\"valueRequired\":true,\"valueName\":\"search_term_string\"}}],\"inLanguage\":\"fr-FR\"},{\"@type\":\"Organization\",\"@id\":\"https:\/\/luggagehero.com\/fr\/#organization\",\"name\":\"LuggageHero\",\"url\":\"https:\/\/luggagehero.com\/fr\/\",\"logo\":{\"@type\":\"ImageObject\",\"inLanguage\":\"fr-FR\",\"@id\":\"https:\/\/luggagehero.com\/fr\/#\/schema\/logo\/image\/\",\"url\":\"https:\/\/luggagehero.com\/wp-content\/uploads\/2017\/04\/luggagehero_LOGO-RGB_kort_POS_200x200.png\",\"contentUrl\":\"https:\/\/luggagehero.com\/wp-content\/uploads\/2017\/04\/luggagehero_LOGO-RGB_kort_POS_200x200.png\",\"width\":200,\"height\":200,\"caption\":\"LuggageHero\"},\"image\":{\"@id\":\"https:\/\/luggagehero.com\/fr\/#\/schema\/logo\/image\/\"},\"sameAs\":[\"https:\/\/www.facebook.com\/luggagehero\",\"https:\/\/x.com\/luggagehero\",\"https:\/\/www.instagram.com\/luggagehero\",\"https:\/\/www.linkedin.com\/company\/luggagehero\/\"]}]}<\/script>\n<!-- \/ Yoast SEO Premium plugin. -->","yoast_head_json":{"title":"Rome-Termini - LuggageHero","robots":{"index":"index","follow":"follow","max-snippet":"max-snippet:-1","max-image-preview":"max-image-preview:large","max-video-preview":"max-video-preview:-1"},"canonical":"https:\/\/luggagehero.com\/fr\/rome\/rome-termini\/","og_locale":"fr_FR","og_type":"article","og_title":"Rome-Termini","og_description":"Vous cherchez une consigne \u00e0 bagages pr\u00e8s de la gare de Rome-Termini\u00a0? Vous pouvez laisser vos valises dans l\u2019un de nos \u00e9tablissements partenaires juste \u00e0 c\u00f4t\u00e9 de la gare Rome-Termini et partir explorer Rome sans stress. Les \u00e9tablissements LuggageHero sont des boutiques, h\u00f4tels et caf\u00e9s certifi\u00e9s.Les r\u00e9servations \u00e0 l\u2019avance vous garantissent d\u2019avoir une place pour [&hellip;]","og_url":"https:\/\/luggagehero.com\/fr\/rome\/rome-termini\/","og_site_name":"LuggageHero","article_publisher":"https:\/\/www.facebook.com\/luggagehero","article_modified_time":"2023-08-28T07:03:53+00:00","og_image":[{"width":686,"height":386,"url":"https:\/\/luggagehero.com\/wp-content\/uploads\/2021\/11\/romet.jpg","type":"image\/jpeg"}],"twitter_card":"summary_large_image","twitter_site":"@luggagehero","twitter_misc":{"Est. reading time":"3 minutes"},"schema":{"@context":"https:\/\/schema.org","@graph":[{"@type":"WebPage","@id":"https:\/\/luggagehero.com\/fr\/rome\/rome-termini\/","url":"https:\/\/luggagehero.com\/fr\/rome\/rome-termini\/","name":"Rome-Termini - LuggageHero","isPartOf":{"@id":"https:\/\/luggagehero.com\/fr\/#website"},"primaryImageOfPage":{"@id":"https:\/\/luggagehero.com\/fr\/rome\/rome-termini\/#primaryimage"},"image":{"@id":"https:\/\/luggagehero.com\/fr\/rome\/rome-termini\/#primaryimage"},"thumbnailUrl":"https:\/\/luggagehero.com\/wp-content\/uploads\/2021\/11\/romet.jpg","datePublished":"2019-11-05T10:27:11+00:00","dateModified":"2023-08-28T07:03:53+00:00","breadcrumb":{"@id":"https:\/\/luggagehero.com\/fr\/rome\/rome-termini\/#breadcrumb"},"inLanguage":"fr-FR","potentialAction":[{"@type":"ReadAction","target":["https:\/\/luggagehero.com\/fr\/rome\/rome-termini\/"]}]},{"@type":"ImageObject","inLanguage":"fr-FR","@id":"https:\/\/luggagehero.com\/fr\/rome\/rome-termini\/#primaryimage","url":"https:\/\/luggagehero.com\/wp-content\/uploads\/2021\/11\/romet.jpg","contentUrl":"https:\/\/luggagehero.com\/wp-content\/uploads\/2021\/11\/romet.jpg","width":686,"height":386},{"@type":"BreadcrumbList","@id":"https:\/\/luggagehero.com\/fr\/rome\/rome-termini\/#breadcrumb","itemListElement":[{"@type":"ListItem","position":1,"name":"Home","item":"https:\/\/luggagehero.com\/fr\/"},{"@type":"ListItem","position":2,"name":"Rome","item":"https:\/\/luggagehero.com\/fr\/rome\/"},{"@type":"ListItem","position":3,"name":"Rome-Termini"}]},{"@type":"WebSite","@id":"https:\/\/luggagehero.com\/fr\/#website","url":"https:\/\/luggagehero.com\/fr\/","name":"LuggageHero","description":"Free yourself from luggage","publisher":{"@id":"https:\/\/luggagehero.com\/fr\/#organization"},"potentialAction":[{"@type":"SearchAction","target":{"@type":"EntryPoint","urlTemplate":"https:\/\/luggagehero.com\/fr\/?s={search_term_string}"},"query-input":{"@type":"PropertyValueSpecification","valueRequired":true,"valueName":"search_term_string"}}],"inLanguage":"fr-FR"},{"@type":"Organization","@id":"https:\/\/luggagehero.com\/fr\/#organization","name":"LuggageHero","url":"https:\/\/luggagehero.com\/fr\/","logo":{"@type":"ImageObject","inLanguage":"fr-FR","@id":"https:\/\/luggagehero.com\/fr\/#\/schema\/logo\/image\/","url":"https:\/\/luggagehero.com\/wp-content\/uploads\/2017\/04\/luggagehero_LOGO-RGB_kort_POS_200x200.png","contentUrl":"https:\/\/luggagehero.com\/wp-content\/uploads\/2017\/04\/luggagehero_LOGO-RGB_kort_POS_200x200.png","width":200,"height":200,"caption":"LuggageHero"},"image":{"@id":"https:\/\/luggagehero.com\/fr\/#\/schema\/logo\/image\/"},"sameAs":["https:\/\/www.facebook.com\/luggagehero","https:\/\/x.com\/luggagehero","https:\/\/www.instagram.com\/luggagehero","https:\/\/www.linkedin.com\/company\/luggagehero\/"]}]}},"place_id":"","place_latitude_longitude":"41.9011,12.5012","place_name":"Rome-Termini","criteria_title":"","criteria_description":"","meta_title":"","meta_description":"","children_criteria_title":"","children_criteria_description":"","children_meta_title":"","children_meta_description":"","_edit_last":"46","use_global_content":"0","poi_type":"PublicTransit","content_raw":"<span style=\"font-weight: 400;\">Vous cherchez une consigne \u00e0 bagages pr\u00e8s de la gare de Rome-Termini\u00a0? Vous pouvez laisser vos valises dans l\u2019un de nos \u00e9tablissements partenaires juste \u00e0 c\u00f4t\u00e9 de la gare Rome-Termini et partir explorer <a href=\"https:\/\/luggagehero.com\/rome\/\">Rome<\/a> sans stress.<\/span>\r\n\r\n<span style=\"font-weight: 400;\">Les \u00e9tablissements LuggageHero sont des boutiques, h\u00f4tels et caf\u00e9s <\/span><a href=\"https:\/\/luggagehero.com\/about\/certified-shops\/\"><span style=\"font-weight: 400;\">certifi\u00e9s<\/span><\/a><span style=\"font-weight: 400;\">.Les r\u00e9servations \u00e0 l\u2019avance vous garantissent d\u2019avoir une place pour vos bagages.L\u2019adresse et l\u2019itin\u00e9raire de l\u2019\u00e9tablissement partenaire vous sont envoy\u00e9s au moment de la r\u00e9servation.Une fois que vous avez d\u00e9pos\u00e9 votre bagage et lanc\u00e9 le compteur sur votre page de r\u00e9servation<\/span>, le commer\u00e7ant fixe un <a href=\"https:\/\/luggagehero.com\/about\/security-seal\/\"><span style=\"font-weight: 400;\">scell\u00e9 de s\u00e9curit\u00e9<\/span><\/a><span style=\"font-weight: 400;\"> qui assure votre bagage jusqu\u2019\u00e0 un montant de [pricing insurancecoverage].<\/span>\r\n\r\n<img class=\"aligncenter wp-image-6348 size-large\" src=\"https:\/\/luggagehero.com\/wp-content\/uploads\/2019\/04\/shutterstock_1098160079-800x534.jpg\" alt=\"\" width=\"800\" height=\"534\" \/>\r\n<h2 style=\"text-align: center;\">Rome-Termini<\/h2>\r\nBien plus qu\u2019une simple gare, Rome-Termini compte de nombreux commerces et restaurants, mais aussi des agences de location de voitures, des bureaux de change, des toilettes, une poste et des agences de voyage.\r\n\r\nRome-Termini est la plus grande gare ferroviaire de Rome et l\u2019une des plus vastes d\u2019Europe. Elle compte 29\u00a0quais et offre des d\u00e9parts quotidiens vers de nombreuses destinations dans toute l\u2019Italie et l\u2019Europe. La gare est reli\u00e9e \u00e0 la ligne bleue et \u00e0 la ligne rouge du m\u00e9tro desservant la plupart des quartiers de Rome. La gare de Termini est le terminus des trains en provenance de l\u2019a\u00e9roport principal de Rome-Fumicino et de l\u2019a\u00e9roport Ciampino.\r\n<h3><b>Les consignes \u00e0 bagages: 2 fois moins ch\u00e8res que les casiers des gares et des a\u00e9roports<\/b><\/h3>\r\n<span style=\"font-weight: 400;\">Les gardes bagages classiques, \u00e9galement appel\u00e9s d\u00e9pose bagages ou service de stockage de bagages, sont g\u00e9n\u00e9ralement au moins deux fois plus chers sur une base quotidienne que le service de consignes \u00e0 bagages de LuggageHero. Encore r\u00e9cemment, les voyageurs ne pouvaient d\u00e9poser leurs bagages que dans un type de casier bagage, qui offre tr\u00e8s peu de flexibilit\u00e9 en termes de prix et de localisation. Aujourd'hui, LuggageHero propose d'innombrables espaces de consignes \u00e0 bagages dans des magasins et des consignes bagages h\u00f4tels dans diff\u00e9rentes villes afin que vous ayez toujours la possibilit\u00e9 de d\u00e9poser vos valises dans un environnement s\u00fbr. Contrairement aux consignes gares et des a\u00e9roports, LuggageHero propose un tarif horaire et journalier pour une flexibilit\u00e9 maximale. LuggageHero s'efforce de proposer \u00e0 tout moment une consigne \u00e0 bagages s\u00fbre et bon march\u00e9 pr\u00e8s de chez vous.<\/span>\r\n<h3><b>Consigne bagages pour valises et bagages de toute taille<\/b><\/h3>\r\n<span style=\"font-weight: 400;\">Nous v\u00e9rifions tous les h\u00f4tels et les magasins locaux afin de pouvoir vous proposer un espace de garde valise ou bagage pour tout ce dont vous avez besoin : \u00e9quipement de ski, mat\u00e9riel photo, sacs \u00e0 dos ou autre. C'est une autre fa\u00e7on pour nous de vous offrir la plus grande flexibilit\u00e9 en mati\u00e8re de consigne de bagage, de d\u00e9pose valises et de d\u00e9p\u00f4t bagage.\u00a0<\/span>\r\n<h3><b>Nos consignes \u00e0 bagages sont similaires \u00e0 celles des h\u00f4tels<\/b><\/h3>\r\n<span style=\"font-weight: 400;\">De nombreux voyageurs et clients d'h\u00f4tels ont demand\u00e9 au personnel de la r\u00e9ception s'ils pouvaient stocker leurs bagages jusqu'\u00e0 ce qu'ils quittent la ville plus tard dans la journ\u00e9e. Nous offrons, plus ou moins, ce m\u00eame service, pour tout le monde - peu importe si vous s\u00e9journez dans un h\u00f4tel, un Airbnb ou ailleurs. Nous sommes toujours pr\u00eats \u00e0 vous aider.\u00a0<\/span>\r\n<h3><b>D\u00e9posez vos sacs dans des espaces de consignes v\u00e9rifi\u00e9s avec ce code de r\u00e9duction<\/b><\/h3>\r\n<span style=\"font-weight: 400;\">Clients fid\u00e8les ou nouveaux clients, nous vous offrons un code de r\u00e9duction pour deux heures de d\u00e9p\u00f4t de bagages GRATUIT. Ce code de r\u00e9duction est valable le reste de l'ann\u00e9e dans TOUTES les villes et dans TOUS nos espaces de garde bagage, y compris les magasins partenaires Premium!\u00a0<\/span>","_links":{"self":[{"href":"https:\/\/luggagehero.com\/fr\/wp-json\/wp\/v2\/pages\/11303","targetHints":{"allow":["GET"]}}],"collection":[{"href":"https:\/\/luggagehero.com\/fr\/wp-json\/wp\/v2\/pages"}],"about":[{"href":"https:\/\/luggagehero.com\/fr\/wp-json\/wp\/v2\/types\/page"}],"author":[{"embeddable":true,"href":"https:\/\/luggagehero.com\/fr\/wp-json\/wp\/v2\/users\/9"}],"replies":[{"embeddable":true,"href":"https:\/\/luggagehero.com\/fr\/wp-json\/wp\/v2\/comments?post=11303"}],"version-history":[{"count":0,"href":"https:\/\/luggagehero.com\/fr\/wp-json\/wp\/v2\/pages\/11303\/revisions"}],"up":[{"embeddable":true,"href":"https:\/\/luggagehero.com\/fr\/wp-json\/wp\/v2\/pages\/11321"}],"wp:featuredmedia":[{"embeddable":true,"href":"https:\/\/luggagehero.com\/fr\/wp-json\/wp\/v2\/media\/40902"}],"wp:attachment":[{"href":"https:\/\/luggagehero.com\/fr\/wp-json\/wp\/v2\/media?parent=11303"}],"curies":[{"name":"wp","href":"https:\/\/api.w.org\/{rel}","templated":true}]}}