{"id":11307,"date":"2019-11-05T10:27:14","date_gmt":"2019-11-05T10:27:14","guid":{"rendered":"https:\/\/luggagehero.com\/miami\/"},"modified":"2023-08-22T11:30:35","modified_gmt":"2023-08-22T11:30:35","slug":"miami","status":"publish","type":"page","link":"https:\/\/luggagehero.com\/fr\/miami\/","title":{"rendered":"Miami"},"content":{"rendered":"<p>Finies les gal\u00e8res pour trouver des consignes automatiques. LuggageHero vole au secours des voyageurs qui visitent la ville Miami\u00a0!<\/p>\n<p>Confiez vos bagages \u00e0 LuggageHero en utilisant son r\u00e9seau de plus de <strong>25<em>\u00a0commerces locaux<\/em><\/strong> (caf\u00e9s, boutiques de souvenirs, restaurants, magasins de v\u00e9los, etc.) situ\u00e9s \u00e0 proximit\u00e9 des grands axes de circulation de la ville, notamment la gare <a href=\"https:\/\/luggagehero.com\/miami\/government-center-station\/\">Government Center Station<\/a>, le quartier <a href=\"https:\/\/luggagehero.com\/miami\/downtown-miami\/\">Downtown<\/a>, la salle omnisports <a href=\"https:\/\/luggagehero.com\/miami\/american-airlines-arena\/\">American Airlines Arena<\/a> et la gare <a href=\"https:\/\/luggagehero.com\/miami\/miami-central\/\">Miami Central<\/a>.<\/p>\n<p>Admettons que vous arriviez de l\u2019a\u00e9roport international de Miami et que vous souhaitiez visiter les sites touristiques sans avoir \u00e0 tra\u00eener vos bagages dans toute la ville. Vous aimeriez peut-\u00eatre visiter <a href=\"https:\/\/luggagehero.com\/miami\/miami-beach\/\">Miami Beach<\/a>, assister \u00e0 un match de football am\u00e9ricain ou de baseball au <a href=\"https:\/\/luggagehero.com\/miami\/hard-rock-stadium\/\">Hard Rock Stadium<\/a>, passer la journ\u00e9e \u00e0 <a href=\"https:\/\/luggagehero.com\/miami\/north-beach\/\">North Beach<\/a> ou encore faire du shopping au centre commercial <a href=\"https:\/\/luggagehero.com\/miami\/bayside-marketplace\/\">Bayside Marketplace<\/a>\u00a0? Quel que soit votre choix, nous sommes l\u00e0 pour vous all\u00e9ger.<\/p>\n<p>Rendez-vous sur la <a href=\"https:\/\/app.luggagehero.com\/home;location=Miami;lat=25,7616798;lon=-80,19179020000001\">plateforme de r\u00e9servation LuggageHero<\/a> pour trouver une consigne dans une boutique ou un autre commerce v\u00e9rifi\u00e9(e) par nos soins et y laisser vos bagages. Utilisez notre carte pour trouver la station de m\u00e9tro la plus proche et choisir la boutique la mieux situ\u00e9e pour y d\u00e9poser vos bagages.<\/p>\n<p style=\"text-align: center;\"><img loading=\"lazy\" decoding=\"async\" class=\"aligncenter size-medium wp-image-3373\" src=\"https:\/\/luggagehero.com\/wp-content\/uploads\/2018\/05\/lugggagehero_piktogrammer_insurance3-300x300.png\" alt=\"Vos bagages sont en s\u00e9curit\u00e9 avec nous.\" width=\"300\" height=\"300\" srcset=\"https:\/\/luggagehero.com\/wp-content\/uploads\/2018\/05\/lugggagehero_piktogrammer_insurance3-300x300.png 300w, https:\/\/luggagehero.com\/wp-content\/uploads\/2018\/05\/lugggagehero_piktogrammer_insurance3-160x160.png 160w, https:\/\/luggagehero.com\/wp-content\/uploads\/2018\/05\/lugggagehero_piktogrammer_insurance3.png 400w\" sizes=\"auto, (max-width: 300px) 100vw, 300px\" \/><\/p>\n<h3>Un concept simple et \u00e9conomique<\/h3>\n<p>Laisser ses bagages en consigne n\u2019a jamais \u00e9t\u00e9 aussi rapide, simple et \u00e9conomique. LuggageHero facture ses utilisateurs \u00e0 l\u2019heure <pricing-component type=\"hourlyrate\"><\/pricing-component>, contrairement \u00e0 la plupart des services de bagagerie ou de consignes automatiques qui facturent \u00e0 la journ\u00e9e. Nous vous garantissons \u00e9galement un plafond maximal au prix avantageux de <pricing-component type=\"dailyrate\"><\/pricing-component> et nous vous offrons la possibilit\u00e9 de laisser vos bagages pendant plusieurs jours.<\/p>\n<h3>S\u00e9curit\u00e9<\/h3>\n<p>Contrairement \u00e0 d\u2019autres concepts similaires, toutes nos boutiques \u00e0 Miami ont \u00e9t\u00e9 v\u00e9rifi\u00e9es par un employ\u00e9 de LuggageHero. De plus, nous fournissons un scell\u00e9 de s\u00e9curit\u00e9 pour chaque bagage, assurant celui-ci et son contenu jusqu\u2019\u00e0 un montant de <pricing-component type=\"insurancecoverage\"><\/pricing-component>. Vous ne trouverez \u00e0 Miami aucun autre service de consignes \u00e0 bagages offrant les m\u00eames conditions. Notre service d\u2019assistance en ligne est disponible 24\u00a0heures sur 24, 7\u00a0jours sur 7.<\/p>\n<p>Nous vous facilitons la t\u00e2che avec un comparatif de tous les services de consignes \u00e0 bagages \u00e0 Miami, dont vous trouverez la liste <a href=\"https:\/\/luggagehero.com\/find-luggage-storage-miami\/\">ici<\/a>.<\/p>\n<p>\u00cates-vous pr\u00eat-e \u00e0 r\u00e9server votre consigne \u00e0 bagages \u00e0 Miami\u00a0? Parcourez la liste <a href=\"https:\/\/app.luggagehero.com\/home;location=Miami;lat=25,7616798;lon=-80,19179020000001\">ici<\/a> pour trouver votre consigne.<\/p>\n","protected":false},"excerpt":{"rendered":"<p>Finies les gal\u00e8res pour trouver des consignes automatiques. LuggageHero vole au secours des voyageurs qui visitent la ville Miami\u00a0! Confiez vos bagages \u00e0 LuggageHero en utilisant son r\u00e9seau de plus de 25\u00a0commerces locaux (caf\u00e9s, boutiques de souvenirs, restaurants, magasins de v\u00e9los, etc.) situ\u00e9s \u00e0 proximit\u00e9 des grands axes de circulation de la ville, notamment la [&hellip;]<\/p>\n","protected":false},"author":9,"featured_media":7536,"parent":0,"menu_order":0,"comment_status":"closed","ping_status":"closed","template":"template-location.php","meta":{"_acf_changed":false,"footnotes":""},"class_list":["post-11307","page","type-page","status-publish","has-post-thumbnail","hentry"],"acf":[],"yoast_head":"<!-- This site is optimized with the Yoast SEO Premium plugin v27.0 (Yoast SEO v27.0) - https:\/\/yoast.com\/product\/yoast-seo-premium-wordpress\/ -->\n<title>Miami - LuggageHero<\/title>\n<meta name=\"robots\" content=\"index, follow, max-snippet:-1, max-image-preview:large, max-video-preview:-1\" \/>\n<link rel=\"canonical\" href=\"https:\/\/luggagehero.com\/fr\/miami\/\" \/>\n<meta property=\"og:locale\" content=\"fr_FR\" \/>\n<meta property=\"og:type\" content=\"article\" \/>\n<meta property=\"og:title\" content=\"Miami\" \/>\n<meta property=\"og:description\" content=\"Finies les gal\u00e8res pour trouver des consignes automatiques. LuggageHero vole au secours des voyageurs qui visitent la ville Miami\u00a0! Confiez vos bagages \u00e0 LuggageHero en utilisant son r\u00e9seau de plus de 25\u00a0commerces locaux (caf\u00e9s, boutiques de souvenirs, restaurants, magasins de v\u00e9los, etc.) situ\u00e9s \u00e0 proximit\u00e9 des grands axes de circulation de la ville, notamment la [&hellip;]\" \/>\n<meta property=\"og:url\" content=\"https:\/\/luggagehero.com\/fr\/miami\/\" \/>\n<meta property=\"og:site_name\" content=\"LuggageHero\" \/>\n<meta property=\"article:publisher\" content=\"https:\/\/www.facebook.com\/luggagehero\" \/>\n<meta property=\"article:modified_time\" content=\"2023-08-22T11:30:35+00:00\" \/>\n<meta property=\"og:image\" content=\"https:\/\/luggagehero.com\/wp-content\/uploads\/2019\/05\/shutterstock_469708088.jpg\" \/>\n\t<meta property=\"og:image:width\" content=\"1000\" \/>\n\t<meta property=\"og:image:height\" content=\"523\" \/>\n\t<meta property=\"og:image:type\" content=\"image\/jpeg\" \/>\n<meta name=\"twitter:card\" content=\"summary_large_image\" \/>\n<meta name=\"twitter:site\" content=\"@luggagehero\" \/>\n<meta name=\"twitter:label1\" content=\"Est. reading time\" \/>\n\t<meta name=\"twitter:data1\" content=\"2 minutes\" \/>\n<script type=\"application\/ld+json\" class=\"yoast-schema-graph\">{\"@context\":\"https:\/\/schema.org\",\"@graph\":[{\"@type\":\"WebPage\",\"@id\":\"https:\/\/luggagehero.com\/fr\/miami\/\",\"url\":\"https:\/\/luggagehero.com\/fr\/miami\/\",\"name\":\"Miami - LuggageHero\",\"isPartOf\":{\"@id\":\"https:\/\/luggagehero.com\/fr\/#website\"},\"primaryImageOfPage\":{\"@id\":\"https:\/\/luggagehero.com\/fr\/miami\/#primaryimage\"},\"image\":{\"@id\":\"https:\/\/luggagehero.com\/fr\/miami\/#primaryimage\"},\"thumbnailUrl\":\"https:\/\/luggagehero.com\/wp-content\/uploads\/2019\/05\/shutterstock_469708088.jpg\",\"datePublished\":\"2019-11-05T10:27:14+00:00\",\"dateModified\":\"2023-08-22T11:30:35+00:00\",\"breadcrumb\":{\"@id\":\"https:\/\/luggagehero.com\/fr\/miami\/#breadcrumb\"},\"inLanguage\":\"fr-FR\",\"potentialAction\":[{\"@type\":\"ReadAction\",\"target\":[\"https:\/\/luggagehero.com\/fr\/miami\/\"]}]},{\"@type\":\"ImageObject\",\"inLanguage\":\"fr-FR\",\"@id\":\"https:\/\/luggagehero.com\/fr\/miami\/#primaryimage\",\"url\":\"https:\/\/luggagehero.com\/wp-content\/uploads\/2019\/05\/shutterstock_469708088.jpg\",\"contentUrl\":\"https:\/\/luggagehero.com\/wp-content\/uploads\/2019\/05\/shutterstock_469708088.jpg\",\"width\":1000,\"height\":523,\"caption\":\"Head to beach worry free when storing your bags with LuggageHero\"},{\"@type\":\"BreadcrumbList\",\"@id\":\"https:\/\/luggagehero.com\/fr\/miami\/#breadcrumb\",\"itemListElement\":[{\"@type\":\"ListItem\",\"position\":1,\"name\":\"Home\",\"item\":\"https:\/\/luggagehero.com\/fr\/\"},{\"@type\":\"ListItem\",\"position\":2,\"name\":\"Miami\"}]},{\"@type\":\"WebSite\",\"@id\":\"https:\/\/luggagehero.com\/fr\/#website\",\"url\":\"https:\/\/luggagehero.com\/fr\/\",\"name\":\"LuggageHero\",\"description\":\"Free yourself from luggage\",\"publisher\":{\"@id\":\"https:\/\/luggagehero.com\/fr\/#organization\"},\"potentialAction\":[{\"@type\":\"SearchAction\",\"target\":{\"@type\":\"EntryPoint\",\"urlTemplate\":\"https:\/\/luggagehero.com\/fr\/?s={search_term_string}\"},\"query-input\":{\"@type\":\"PropertyValueSpecification\",\"valueRequired\":true,\"valueName\":\"search_term_string\"}}],\"inLanguage\":\"fr-FR\"},{\"@type\":\"Organization\",\"@id\":\"https:\/\/luggagehero.com\/fr\/#organization\",\"name\":\"LuggageHero\",\"url\":\"https:\/\/luggagehero.com\/fr\/\",\"logo\":{\"@type\":\"ImageObject\",\"inLanguage\":\"fr-FR\",\"@id\":\"https:\/\/luggagehero.com\/fr\/#\/schema\/logo\/image\/\",\"url\":\"https:\/\/luggagehero.com\/wp-content\/uploads\/2017\/04\/luggagehero_LOGO-RGB_kort_POS_200x200.png\",\"contentUrl\":\"https:\/\/luggagehero.com\/wp-content\/uploads\/2017\/04\/luggagehero_LOGO-RGB_kort_POS_200x200.png\",\"width\":200,\"height\":200,\"caption\":\"LuggageHero\"},\"image\":{\"@id\":\"https:\/\/luggagehero.com\/fr\/#\/schema\/logo\/image\/\"},\"sameAs\":[\"https:\/\/www.facebook.com\/luggagehero\",\"https:\/\/x.com\/luggagehero\",\"https:\/\/www.instagram.com\/luggagehero\",\"https:\/\/www.linkedin.com\/company\/luggagehero\/\"]}]}<\/script>\n<!-- \/ Yoast SEO Premium plugin. -->","yoast_head_json":{"title":"Miami - LuggageHero","robots":{"index":"index","follow":"follow","max-snippet":"max-snippet:-1","max-image-preview":"max-image-preview:large","max-video-preview":"max-video-preview:-1"},"canonical":"https:\/\/luggagehero.com\/fr\/miami\/","og_locale":"fr_FR","og_type":"article","og_title":"Miami","og_description":"Finies les gal\u00e8res pour trouver des consignes automatiques. LuggageHero vole au secours des voyageurs qui visitent la ville Miami\u00a0! Confiez vos bagages \u00e0 LuggageHero en utilisant son r\u00e9seau de plus de 25\u00a0commerces locaux (caf\u00e9s, boutiques de souvenirs, restaurants, magasins de v\u00e9los, etc.) situ\u00e9s \u00e0 proximit\u00e9 des grands axes de circulation de la ville, notamment la [&hellip;]","og_url":"https:\/\/luggagehero.com\/fr\/miami\/","og_site_name":"LuggageHero","article_publisher":"https:\/\/www.facebook.com\/luggagehero","article_modified_time":"2023-08-22T11:30:35+00:00","og_image":[{"width":1000,"height":523,"url":"https:\/\/luggagehero.com\/wp-content\/uploads\/2019\/05\/shutterstock_469708088.jpg","type":"image\/jpeg"}],"twitter_card":"summary_large_image","twitter_site":"@luggagehero","twitter_misc":{"Est. reading time":"2 minutes"},"schema":{"@context":"https:\/\/schema.org","@graph":[{"@type":"WebPage","@id":"https:\/\/luggagehero.com\/fr\/miami\/","url":"https:\/\/luggagehero.com\/fr\/miami\/","name":"Miami - LuggageHero","isPartOf":{"@id":"https:\/\/luggagehero.com\/fr\/#website"},"primaryImageOfPage":{"@id":"https:\/\/luggagehero.com\/fr\/miami\/#primaryimage"},"image":{"@id":"https:\/\/luggagehero.com\/fr\/miami\/#primaryimage"},"thumbnailUrl":"https:\/\/luggagehero.com\/wp-content\/uploads\/2019\/05\/shutterstock_469708088.jpg","datePublished":"2019-11-05T10:27:14+00:00","dateModified":"2023-08-22T11:30:35+00:00","breadcrumb":{"@id":"https:\/\/luggagehero.com\/fr\/miami\/#breadcrumb"},"inLanguage":"fr-FR","potentialAction":[{"@type":"ReadAction","target":["https:\/\/luggagehero.com\/fr\/miami\/"]}]},{"@type":"ImageObject","inLanguage":"fr-FR","@id":"https:\/\/luggagehero.com\/fr\/miami\/#primaryimage","url":"https:\/\/luggagehero.com\/wp-content\/uploads\/2019\/05\/shutterstock_469708088.jpg","contentUrl":"https:\/\/luggagehero.com\/wp-content\/uploads\/2019\/05\/shutterstock_469708088.jpg","width":1000,"height":523,"caption":"Head to beach worry free when storing your bags with LuggageHero"},{"@type":"BreadcrumbList","@id":"https:\/\/luggagehero.com\/fr\/miami\/#breadcrumb","itemListElement":[{"@type":"ListItem","position":1,"name":"Home","item":"https:\/\/luggagehero.com\/fr\/"},{"@type":"ListItem","position":2,"name":"Miami"}]},{"@type":"WebSite","@id":"https:\/\/luggagehero.com\/fr\/#website","url":"https:\/\/luggagehero.com\/fr\/","name":"LuggageHero","description":"Free yourself from luggage","publisher":{"@id":"https:\/\/luggagehero.com\/fr\/#organization"},"potentialAction":[{"@type":"SearchAction","target":{"@type":"EntryPoint","urlTemplate":"https:\/\/luggagehero.com\/fr\/?s={search_term_string}"},"query-input":{"@type":"PropertyValueSpecification","valueRequired":true,"valueName":"search_term_string"}}],"inLanguage":"fr-FR"},{"@type":"Organization","@id":"https:\/\/luggagehero.com\/fr\/#organization","name":"LuggageHero","url":"https:\/\/luggagehero.com\/fr\/","logo":{"@type":"ImageObject","inLanguage":"fr-FR","@id":"https:\/\/luggagehero.com\/fr\/#\/schema\/logo\/image\/","url":"https:\/\/luggagehero.com\/wp-content\/uploads\/2017\/04\/luggagehero_LOGO-RGB_kort_POS_200x200.png","contentUrl":"https:\/\/luggagehero.com\/wp-content\/uploads\/2017\/04\/luggagehero_LOGO-RGB_kort_POS_200x200.png","width":200,"height":200,"caption":"LuggageHero"},"image":{"@id":"https:\/\/luggagehero.com\/fr\/#\/schema\/logo\/image\/"},"sameAs":["https:\/\/www.facebook.com\/luggagehero","https:\/\/x.com\/luggagehero","https:\/\/www.instagram.com\/luggagehero","https:\/\/www.linkedin.com\/company\/luggagehero\/"]}]}},"place_id":"","place_latitude_longitude":"25.7669,-80.1921","place_name":"Miami","criteria_title":"Consignes \u00e0 bagages dans plus de 20\u00a0boutiques autour de [location]","criteria_description":"D\u00e9posez vos bagages dans une boutique locale certifi\u00e9e \u00e0 partir de 1\u00a0$\/heure","meta_title":"Consignes \u00e0 bagages [location] - 24h\/24, 7j\/7 - \u00c0 partir de 1\u00a0$\/heure","meta_description":"Utilisez le plus grand r\u00e9seau actuel de consignes \u00e0 bagages \u00e0 [location]. Ouvert 24h\/24, 7j\/7. Assurance d\u2019un montant de 3000\u00a0$. Scell\u00e9 de s\u00e9curit\u00e9 inclus.","children_criteria_title":"Consignes \u00e0 bagages [location]","children_criteria_description":"D\u00e9posez vos bagages dans une boutique locale \u00e0 partir de 1\u00a0$\/heure","children_meta_title":"Consignes \u00e0 bagages [location]\u00a0: 7\u00a0jours sur 7 - \u00c0 partir de 1\u00a0$\/heure","children_meta_description":"Service de consignes \u00e0 bagages pratique et \u00e9conomique pr\u00e8s de [location]. \u00c0 partir de 1\u00a0$\/heure. Assurance de 3000\u00a0$ incluse et scell\u00e9 de s\u00e9curit\u00e9 fix\u00e9 sur chaque bagage. R\u00e9server en ligne.","_edit_last":"46","use_global_content":"","poi_type":"","content_raw":"Finies les gal\u00e8res pour trouver des consignes automatiques. LuggageHero vole au secours des voyageurs qui visitent la ville Miami\u00a0!\r\n\r\nConfiez vos bagages \u00e0 LuggageHero en utilisant son r\u00e9seau de plus de <strong>25<em>\u00a0commerces locaux<\/em><\/strong> (caf\u00e9s, boutiques de souvenirs, restaurants, magasins de v\u00e9los, etc.) situ\u00e9s \u00e0 proximit\u00e9 des grands axes de circulation de la ville, notamment la gare <a href=\"https:\/\/luggagehero.com\/miami\/government-center-station\/\">Government Center Station<\/a>, le quartier <a href=\"https:\/\/luggagehero.com\/miami\/downtown-miami\/\">Downtown<\/a>, la salle omnisports <a href=\"https:\/\/luggagehero.com\/miami\/american-airlines-arena\/\">American Airlines Arena<\/a> et la gare <a href=\"https:\/\/luggagehero.com\/miami\/miami-central\/\">Miami Central<\/a>.\r\n\r\nAdmettons que vous arriviez de l\u2019a\u00e9roport international de Miami et que vous souhaitiez visiter les sites touristiques sans avoir \u00e0 tra\u00eener vos bagages dans toute la ville. Vous aimeriez peut-\u00eatre visiter <a href=\"https:\/\/luggagehero.com\/miami\/miami-beach\/\">Miami Beach<\/a>, assister \u00e0 un match de football am\u00e9ricain ou de baseball au <a href=\"https:\/\/luggagehero.com\/miami\/hard-rock-stadium\/\">Hard Rock Stadium<\/a>, passer la journ\u00e9e \u00e0 <a href=\"https:\/\/luggagehero.com\/miami\/north-beach\/\">North Beach<\/a> ou encore faire du shopping au centre commercial <a href=\"https:\/\/luggagehero.com\/miami\/bayside-marketplace\/\">Bayside Marketplace<\/a>\u00a0? Quel que soit votre choix, nous sommes l\u00e0 pour vous all\u00e9ger.\r\n\r\nRendez-vous sur la <a href=\"https:\/\/app.luggagehero.com\/home;location=Miami;lat=25,7616798;lon=-80,19179020000001\">plateforme de r\u00e9servation LuggageHero<\/a> pour trouver une consigne dans une boutique ou un autre commerce v\u00e9rifi\u00e9(e) par nos soins et y laisser vos bagages. Utilisez notre carte pour trouver la station de m\u00e9tro la plus proche et choisir la boutique la mieux situ\u00e9e pour y d\u00e9poser vos bagages.\r\n<p style=\"text-align: center;\"><img class=\"aligncenter size-medium wp-image-3373\" src=\"https:\/\/luggagehero.com\/wp-content\/uploads\/2018\/05\/lugggagehero_piktogrammer_insurance3-300x300.png\" alt=\"Vos bagages sont en s\u00e9curit\u00e9 avec nous.\" width=\"300\" height=\"300\" \/><\/p>\r\n\r\n<h3>Un concept simple et \u00e9conomique<\/h3>\r\nLaisser ses bagages en consigne n\u2019a jamais \u00e9t\u00e9 aussi rapide, simple et \u00e9conomique. LuggageHero facture ses utilisateurs \u00e0 l\u2019heure [pricing hourlyrate], contrairement \u00e0 la plupart des services de bagagerie ou de consignes automatiques qui facturent \u00e0 la journ\u00e9e. Nous vous garantissons \u00e9galement un plafond maximal au prix avantageux de [pricing dailyrate] et nous vous offrons la possibilit\u00e9 de laisser vos bagages pendant plusieurs jours.\r\n<h3>S\u00e9curit\u00e9<\/h3>\r\nContrairement \u00e0 d\u2019autres concepts similaires, toutes nos boutiques \u00e0 Miami ont \u00e9t\u00e9 v\u00e9rifi\u00e9es par un employ\u00e9 de LuggageHero. De plus, nous fournissons un scell\u00e9 de s\u00e9curit\u00e9 pour chaque bagage, assurant celui-ci et son contenu jusqu\u2019\u00e0 un montant de [pricing insurancecoverage]. Vous ne trouverez \u00e0 Miami aucun autre service de consignes \u00e0 bagages offrant les m\u00eames conditions. Notre service d\u2019assistance en ligne est disponible 24\u00a0heures sur 24, 7\u00a0jours sur 7.\r\n\r\nNous vous facilitons la t\u00e2che avec un comparatif de tous les services de consignes \u00e0 bagages \u00e0 Miami, dont vous trouverez la liste <a href=\"https:\/\/luggagehero.com\/find-luggage-storage-miami\/\">ici<\/a>.\r\n\r\n\u00cates-vous pr\u00eat-e \u00e0 r\u00e9server votre consigne \u00e0 bagages \u00e0 Miami\u00a0? Parcourez la liste <a href=\"https:\/\/app.luggagehero.com\/home;location=Miami;lat=25,7616798;lon=-80,19179020000001\">ici<\/a> pour trouver votre consigne.","_links":{"self":[{"href":"https:\/\/luggagehero.com\/fr\/wp-json\/wp\/v2\/pages\/11307","targetHints":{"allow":["GET"]}}],"collection":[{"href":"https:\/\/luggagehero.com\/fr\/wp-json\/wp\/v2\/pages"}],"about":[{"href":"https:\/\/luggagehero.com\/fr\/wp-json\/wp\/v2\/types\/page"}],"author":[{"embeddable":true,"href":"https:\/\/luggagehero.com\/fr\/wp-json\/wp\/v2\/users\/9"}],"replies":[{"embeddable":true,"href":"https:\/\/luggagehero.com\/fr\/wp-json\/wp\/v2\/comments?post=11307"}],"version-history":[{"count":0,"href":"https:\/\/luggagehero.com\/fr\/wp-json\/wp\/v2\/pages\/11307\/revisions"}],"wp:featuredmedia":[{"embeddable":true,"href":"https:\/\/luggagehero.com\/fr\/wp-json\/wp\/v2\/media\/7536"}],"wp:attachment":[{"href":"https:\/\/luggagehero.com\/fr\/wp-json\/wp\/v2\/media?parent=11307"}],"curies":[{"name":"wp","href":"https:\/\/api.w.org\/{rel}","templated":true}]}}