{"id":11315,"date":"2019-11-05T10:27:19","date_gmt":"2019-11-05T10:27:19","guid":{"rendered":"https:\/\/luggagehero.com\/gare-centrale-de-copenhague\/"},"modified":"2023-01-12T14:28:14","modified_gmt":"2023-01-12T14:28:14","slug":"gare-centrale-de-copenhague","status":"publish","type":"page","link":"https:\/\/luggagehero.com\/fr\/copenhague\/gare-centrale-de-copenhague\/","title":{"rendered":"Gare centrale de Copenhague"},"content":{"rendered":"<p>Vous avez besoin d\u2019une consigne \u00e0 bagages pr\u00e8s de la gare centrale de Copenhague\u00a0? Avec LuggageHero, laisser ses bagages en consigne n\u2019a jamais \u00e9t\u00e9 aussi pratique. Vous trouverez nos consignes \u00e0 bagages juste \u00e0 c\u00f4t\u00e9 de la gare. D\u00e9posez vos valises dans une consigne pr\u00e8s de la gare centrale de Copenhague et rejoignez facilement l\u2019<a href=\"https:\/\/luggagehero.com\/copenhagen\/copenhagen-airport\/\">a\u00e9roport de Copenhague<\/a> ainsi que les lignes de m\u00e9tro de la ville et les Jardins de <a href=\"https:\/\/luggagehero.com\/copenhagen\/tivoli\/\">Tivoli<\/a>, situ\u00e9s de l\u2019autre c\u00f4t\u00e9 de la rue.<\/p>\n<p>Les \u00e9tablissements LuggageHero sont des boutiques, h\u00f4tels et caf\u00e9s <a href=\"https:\/\/luggagehero.com\/about\/certified-shops\/\">certifi\u00e9s<\/a>. Les r\u00e9servations \u00e0 l\u2019avance vous garantissent d\u2019avoir une place pour vos bagages. L\u2019adresse et l\u2019itin\u00e9raire de l\u2019\u00e9tablissement partenaire vous sont envoy\u00e9s au moment de la r\u00e9servation. Une fois que vous avez d\u00e9pos\u00e9 votre bagage et lanc\u00e9 le compteur sur votre page de r\u00e9servation, le commer\u00e7ant fixe un <a href=\"https:\/\/luggagehero.com\/about\/security-seal\/\">scell\u00e9 de s\u00e9curit\u00e9<\/a> qui assure votre bagage jusqu\u2019\u00e0 un montant de <pricing-component type=\"insurancecoverage\"><\/pricing-component>.<\/p>\n<p><img loading=\"lazy\" decoding=\"async\" class=\"aligncenter size-large wp-image-10297\" src=\"https:\/\/luggagehero.com\/wp-content\/uploads\/2019\/10\/shutterstock_1199662321-800x534.jpg\" alt=\"\" width=\"800\" height=\"534\" \/><\/p>\n<h2 style=\"text-align: center;\">Gare centrale de Copenhague<\/h2>\n<p>La gare centrale de Copenhague est la plus grande gare ferroviaire du Danemark, m\u00eame si la <a href=\"https:\/\/luggagehero.com\/copenhagen\/norreport-station\/\">gare de N\u00f8rreport<\/a> est plus importante en termes de fr\u00e9quentation, si l\u2019on inclut les lignes de m\u00e9tro et de trains de banlieue. La gare centrale est situ\u00e9e entre le quartier du centre-ville et Vesterbro, \u00e0 deux pas des <a href=\"https:\/\/luggagehero.com\/copenhagen\/tivoli\/\">Jardins de Tivoli<\/a>.<\/p>\n<p>Depuis la gare centrale de Copenhague, vous rejoindrez facilement la plupart des quartiers de la ville en train de banlieue ou en m\u00e9tro. Si vous d\u00e9cidez de laisser vos bagages dans le quartier de la gare, vous remarquerez que de nombreuses attractions touristiques se situent \u00e0 quelques minutes \u00e0 pied de la gare. Derri\u00e8re la gare se situe le complexe DGI-byen, point de d\u00e9part et d\u2019arriv\u00e9e de nombreuses lignes de bus internationales, le long de la rue Ingerslevsgade. Vous y trouverez des bus des compagnies Nettbus, Flixbus, Neptun et Kombardo express<\/p>\n\n<div class=\"block-app-downloader\">\n\t<ul class=\"app-images\">\n\t\t\t\t\t<li class=\"app-img\">\n\t\t\t\t<img decoding=\"async\" loading=\"lazy\" src=\"https:\/\/luggagehero.com\/wp-content\/uploads\/2020\/08\/app-1.png\" alt=\"App screenshot\">\n\t\t\t<\/li>\n\t\t\t\t\t<li class=\"app-img\">\n\t\t\t\t<img decoding=\"async\" loading=\"lazy\" src=\"https:\/\/luggagehero.com\/wp-content\/uploads\/2020\/08\/app-2.png\" alt=\"App screenshot\">\n\t\t\t<\/li>\n\t\t\t\t\t<li class=\"app-img\">\n\t\t\t\t<img decoding=\"async\" loading=\"lazy\" src=\"https:\/\/luggagehero.com\/wp-content\/uploads\/2020\/08\/app-3.png\" alt=\"App screenshot\">\n\t\t\t<\/li>\n\t\t\t\t\t<li class=\"app-img\">\n\t\t\t\t<img decoding=\"async\" loading=\"lazy\" src=\"https:\/\/luggagehero.com\/wp-content\/uploads\/2020\/08\/app-4.png\" alt=\"App screenshot\">\n\t\t\t<\/li>\n\t\t\t\t\t<li class=\"app-img\">\n\t\t\t\t<img decoding=\"async\" loading=\"lazy\" src=\"https:\/\/luggagehero.com\/wp-content\/uploads\/2020\/08\/app-5.png\" alt=\"App screenshot\">\n\t\t\t<\/li>\n\t\t\t<\/ul>\n\n\t<div class=\"apps-box\">\n\t\t<p>Utilisez LuggageHero n'importe o\u00f9 avec l'application officielle pour iPhone et Android<\/p>\n\t\t<a href=\"https:\/\/apps.apple.com\/us\/app\/luggagehero-luggage-storage\/id1481057935\" target=\"_blank\">\n\t\t\t<img decoding=\"async\" loading=\"lazy\" src=\"https:\/\/luggagehero.com\/wp-content\/uploads\/2020\/08\/badge-as.png\" alt=\"Download on the ios App Store\">\n\t\t<\/a>\n\n\t\t<a href=\"https:\/\/play.google.com\/store\/apps\/details?id=com.luggagehero.android\" target=\"_blank\">\n\t\t\t<img decoding=\"async\" loading=\"lazy\" src=\"https:\/\/luggagehero.com\/wp-content\/uploads\/2020\/08\/badge-gp.png\" alt=\"Get it on Google Play\">\n\t\t<\/a>\n\t<\/div>\n<\/div>\n<h3><b>Les consignes \u00e0 bagages: 2 fois moins ch\u00e8res que les casiers des gares et des a\u00e9roports<\/b><\/h3>\n<p><span style=\"font-weight: 400;\">Les gardes bagages classiques, \u00e9galement appel\u00e9s d\u00e9pose bagages ou service de stockage de bagages, sont g\u00e9n\u00e9ralement au moins deux fois plus chers sur une base quotidienne que le service de consignes \u00e0 bagages de LuggageHero. Encore r\u00e9cemment, les voyageurs ne pouvaient d\u00e9poser leurs bagages que dans un type de casier bagage, qui offre tr\u00e8s peu de flexibilit\u00e9 en termes de prix et de localisation. Aujourd&#8217;hui, LuggageHero propose d&#8217;innombrables espaces de consignes \u00e0 bagages dans des magasins et des consignes bagages h\u00f4tels dans diff\u00e9rentes villes afin que vous ayez toujours la possibilit\u00e9 de d\u00e9poser vos valises dans un environnement s\u00fbr. Contrairement aux consignes gares et des a\u00e9roports, LuggageHero propose un tarif horaire et journalier pour une flexibilit\u00e9 maximale. LuggageHero s&#8217;efforce de proposer \u00e0 tout moment une consigne \u00e0 bagages s\u00fbre et bon march\u00e9 pr\u00e8s de chez vous.<\/span><\/p>\n<h3><b>Consigne bagages pour valises et bagages de toute taille<\/b><\/h3>\n<p><span style=\"font-weight: 400;\">Nous v\u00e9rifions tous les h\u00f4tels et les magasins locaux afin de pouvoir vous proposer un espace de garde valise ou bagage pour tout ce dont vous avez besoin : \u00e9quipement de ski, mat\u00e9riel photo, sacs \u00e0 dos ou autre. C&#8217;est une autre fa\u00e7on pour nous de vous offrir la plus grande flexibilit\u00e9 en mati\u00e8re de consigne de bagage, de d\u00e9pose valises et de d\u00e9p\u00f4t bagage.\u00a0<\/span><\/p>\n<h3><b>Nos consignes \u00e0 bagages sont similaires \u00e0 celles des h\u00f4tels<\/b><\/h3>\n<p><span style=\"font-weight: 400;\">De nombreux voyageurs et clients d&#8217;h\u00f4tels ont demand\u00e9 au personnel de la r\u00e9ception s&#8217;ils pouvaient stocker leurs bagages jusqu&#8217;\u00e0 ce qu&#8217;ils quittent la ville plus tard dans la journ\u00e9e. Nous offrons, plus ou moins, ce m\u00eame service, pour tout le monde &#8211; peu importe si vous s\u00e9journez dans un h\u00f4tel, un Airbnb ou ailleurs. Nous sommes toujours pr\u00eats \u00e0 vous aider.\u00a0<\/span><\/p>\n<h3><b>D\u00e9posez vos sacs dans des espaces de consignes v\u00e9rifi\u00e9s avec ce code de r\u00e9duction<\/b><\/h3>\n<p><span style=\"font-weight: 400;\">Clients fid\u00e8les ou nouveaux clients, nous vous offrons un code de r\u00e9duction pour deux heures de d\u00e9p\u00f4t de bagages GRATUIT. Ce code de r\u00e9duction est valable le reste de l&#8217;ann\u00e9e dans TOUTES les villes et dans TOUS nos espaces de garde bagage, y compris les magasins partenaires Premium!\u00a0<\/span><\/p>\n","protected":false},"excerpt":{"rendered":"<p>Vous avez besoin d\u2019une consigne \u00e0 bagages pr\u00e8s de la gare centrale de Copenhague\u00a0? Avec LuggageHero, laisser ses bagages en consigne n\u2019a jamais \u00e9t\u00e9 aussi pratique. Vous trouverez nos consignes \u00e0 bagages juste \u00e0 c\u00f4t\u00e9 de la gare. D\u00e9posez vos valises dans une consigne pr\u00e8s de la gare centrale de Copenhague et rejoignez facilement l\u2019a\u00e9roport [&hellip;]<\/p>\n","protected":false},"author":9,"featured_media":39407,"parent":11316,"menu_order":0,"comment_status":"closed","ping_status":"closed","template":"template-location.php","meta":{"_acf_changed":false,"footnotes":""},"class_list":["post-11315","page","type-page","status-publish","has-post-thumbnail","hentry"],"acf":[],"yoast_head":"<!-- This site is optimized with the Yoast SEO Premium plugin v27.0 (Yoast SEO v27.0) - https:\/\/yoast.com\/product\/yoast-seo-premium-wordpress\/ -->\n<title>Gare centrale de Copenhague - LuggageHero<\/title>\n<meta name=\"robots\" content=\"index, follow, max-snippet:-1, max-image-preview:large, max-video-preview:-1\" \/>\n<link rel=\"canonical\" href=\"https:\/\/luggagehero.com\/fr\/copenhague\/gare-centrale-de-copenhague\/\" \/>\n<meta property=\"og:locale\" content=\"fr_FR\" \/>\n<meta property=\"og:type\" content=\"article\" \/>\n<meta property=\"og:title\" content=\"Gare centrale de Copenhague\" \/>\n<meta property=\"og:description\" content=\"Vous avez besoin d\u2019une consigne \u00e0 bagages pr\u00e8s de la gare centrale de Copenhague\u00a0? Avec LuggageHero, laisser ses bagages en consigne n\u2019a jamais \u00e9t\u00e9 aussi pratique. Vous trouverez nos consignes \u00e0 bagages juste \u00e0 c\u00f4t\u00e9 de la gare. D\u00e9posez vos valises dans une consigne pr\u00e8s de la gare centrale de Copenhague et rejoignez facilement l\u2019a\u00e9roport [&hellip;]\" \/>\n<meta property=\"og:url\" content=\"https:\/\/luggagehero.com\/fr\/copenhague\/gare-centrale-de-copenhague\/\" \/>\n<meta property=\"og:site_name\" content=\"LuggageHero\" \/>\n<meta property=\"article:publisher\" content=\"https:\/\/www.facebook.com\/luggagehero\" \/>\n<meta property=\"article:modified_time\" content=\"2023-01-12T14:28:14+00:00\" \/>\n<meta property=\"og:image\" content=\"https:\/\/luggagehero.com\/wp-content\/uploads\/2021\/10\/copenhagen-station3.jpg\" \/>\n\t<meta property=\"og:image:width\" content=\"774\" \/>\n\t<meta property=\"og:image:height\" content=\"330\" \/>\n\t<meta property=\"og:image:type\" content=\"image\/jpeg\" \/>\n<meta name=\"twitter:card\" content=\"summary_large_image\" \/>\n<meta name=\"twitter:site\" content=\"@luggagehero\" \/>\n<meta name=\"twitter:label1\" content=\"Est. reading time\" \/>\n\t<meta name=\"twitter:data1\" content=\"4 minutes\" \/>\n<script type=\"application\/ld+json\" class=\"yoast-schema-graph\">{\"@context\":\"https:\/\/schema.org\",\"@graph\":[{\"@type\":\"WebPage\",\"@id\":\"https:\/\/luggagehero.com\/fr\/copenhague\/gare-centrale-de-copenhague\/\",\"url\":\"https:\/\/luggagehero.com\/fr\/copenhague\/gare-centrale-de-copenhague\/\",\"name\":\"Gare centrale de Copenhague - LuggageHero\",\"isPartOf\":{\"@id\":\"https:\/\/luggagehero.com\/fr\/#website\"},\"primaryImageOfPage\":{\"@id\":\"https:\/\/luggagehero.com\/fr\/copenhague\/gare-centrale-de-copenhague\/#primaryimage\"},\"image\":{\"@id\":\"https:\/\/luggagehero.com\/fr\/copenhague\/gare-centrale-de-copenhague\/#primaryimage\"},\"thumbnailUrl\":\"https:\/\/luggagehero.com\/wp-content\/uploads\/2021\/10\/copenhagen-station3.jpg\",\"datePublished\":\"2019-11-05T10:27:19+00:00\",\"dateModified\":\"2023-01-12T14:28:14+00:00\",\"breadcrumb\":{\"@id\":\"https:\/\/luggagehero.com\/fr\/copenhague\/gare-centrale-de-copenhague\/#breadcrumb\"},\"inLanguage\":\"fr-FR\",\"potentialAction\":[{\"@type\":\"ReadAction\",\"target\":[\"https:\/\/luggagehero.com\/fr\/copenhague\/gare-centrale-de-copenhague\/\"]}]},{\"@type\":\"ImageObject\",\"inLanguage\":\"fr-FR\",\"@id\":\"https:\/\/luggagehero.com\/fr\/copenhague\/gare-centrale-de-copenhague\/#primaryimage\",\"url\":\"https:\/\/luggagehero.com\/wp-content\/uploads\/2021\/10\/copenhagen-station3.jpg\",\"contentUrl\":\"https:\/\/luggagehero.com\/wp-content\/uploads\/2021\/10\/copenhagen-station3.jpg\",\"width\":774,\"height\":330,\"caption\":\"Luggage storage Copenhagen LuggageHero\"},{\"@type\":\"BreadcrumbList\",\"@id\":\"https:\/\/luggagehero.com\/fr\/copenhague\/gare-centrale-de-copenhague\/#breadcrumb\",\"itemListElement\":[{\"@type\":\"ListItem\",\"position\":1,\"name\":\"Home\",\"item\":\"https:\/\/luggagehero.com\/fr\/\"},{\"@type\":\"ListItem\",\"position\":2,\"name\":\"Copenhague\",\"item\":\"https:\/\/luggagehero.com\/fr\/copenhague\/\"},{\"@type\":\"ListItem\",\"position\":3,\"name\":\"Gare centrale de Copenhague\"}]},{\"@type\":\"WebSite\",\"@id\":\"https:\/\/luggagehero.com\/fr\/#website\",\"url\":\"https:\/\/luggagehero.com\/fr\/\",\"name\":\"LuggageHero\",\"description\":\"Free yourself from luggage\",\"publisher\":{\"@id\":\"https:\/\/luggagehero.com\/fr\/#organization\"},\"potentialAction\":[{\"@type\":\"SearchAction\",\"target\":{\"@type\":\"EntryPoint\",\"urlTemplate\":\"https:\/\/luggagehero.com\/fr\/?s={search_term_string}\"},\"query-input\":{\"@type\":\"PropertyValueSpecification\",\"valueRequired\":true,\"valueName\":\"search_term_string\"}}],\"inLanguage\":\"fr-FR\"},{\"@type\":\"Organization\",\"@id\":\"https:\/\/luggagehero.com\/fr\/#organization\",\"name\":\"LuggageHero\",\"url\":\"https:\/\/luggagehero.com\/fr\/\",\"logo\":{\"@type\":\"ImageObject\",\"inLanguage\":\"fr-FR\",\"@id\":\"https:\/\/luggagehero.com\/fr\/#\/schema\/logo\/image\/\",\"url\":\"https:\/\/luggagehero.com\/wp-content\/uploads\/2017\/04\/luggagehero_LOGO-RGB_kort_POS_200x200.png\",\"contentUrl\":\"https:\/\/luggagehero.com\/wp-content\/uploads\/2017\/04\/luggagehero_LOGO-RGB_kort_POS_200x200.png\",\"width\":200,\"height\":200,\"caption\":\"LuggageHero\"},\"image\":{\"@id\":\"https:\/\/luggagehero.com\/fr\/#\/schema\/logo\/image\/\"},\"sameAs\":[\"https:\/\/www.facebook.com\/luggagehero\",\"https:\/\/x.com\/luggagehero\",\"https:\/\/www.instagram.com\/luggagehero\",\"https:\/\/www.linkedin.com\/company\/luggagehero\/\"]}]}<\/script>\n<!-- \/ Yoast SEO Premium plugin. -->","yoast_head_json":{"title":"Gare centrale de Copenhague - LuggageHero","robots":{"index":"index","follow":"follow","max-snippet":"max-snippet:-1","max-image-preview":"max-image-preview:large","max-video-preview":"max-video-preview:-1"},"canonical":"https:\/\/luggagehero.com\/fr\/copenhague\/gare-centrale-de-copenhague\/","og_locale":"fr_FR","og_type":"article","og_title":"Gare centrale de Copenhague","og_description":"Vous avez besoin d\u2019une consigne \u00e0 bagages pr\u00e8s de la gare centrale de Copenhague\u00a0? Avec LuggageHero, laisser ses bagages en consigne n\u2019a jamais \u00e9t\u00e9 aussi pratique. Vous trouverez nos consignes \u00e0 bagages juste \u00e0 c\u00f4t\u00e9 de la gare. D\u00e9posez vos valises dans une consigne pr\u00e8s de la gare centrale de Copenhague et rejoignez facilement l\u2019a\u00e9roport [&hellip;]","og_url":"https:\/\/luggagehero.com\/fr\/copenhague\/gare-centrale-de-copenhague\/","og_site_name":"LuggageHero","article_publisher":"https:\/\/www.facebook.com\/luggagehero","article_modified_time":"2023-01-12T14:28:14+00:00","og_image":[{"width":774,"height":330,"url":"https:\/\/luggagehero.com\/wp-content\/uploads\/2021\/10\/copenhagen-station3.jpg","type":"image\/jpeg"}],"twitter_card":"summary_large_image","twitter_site":"@luggagehero","twitter_misc":{"Est. reading time":"4 minutes"},"schema":{"@context":"https:\/\/schema.org","@graph":[{"@type":"WebPage","@id":"https:\/\/luggagehero.com\/fr\/copenhague\/gare-centrale-de-copenhague\/","url":"https:\/\/luggagehero.com\/fr\/copenhague\/gare-centrale-de-copenhague\/","name":"Gare centrale de Copenhague - LuggageHero","isPartOf":{"@id":"https:\/\/luggagehero.com\/fr\/#website"},"primaryImageOfPage":{"@id":"https:\/\/luggagehero.com\/fr\/copenhague\/gare-centrale-de-copenhague\/#primaryimage"},"image":{"@id":"https:\/\/luggagehero.com\/fr\/copenhague\/gare-centrale-de-copenhague\/#primaryimage"},"thumbnailUrl":"https:\/\/luggagehero.com\/wp-content\/uploads\/2021\/10\/copenhagen-station3.jpg","datePublished":"2019-11-05T10:27:19+00:00","dateModified":"2023-01-12T14:28:14+00:00","breadcrumb":{"@id":"https:\/\/luggagehero.com\/fr\/copenhague\/gare-centrale-de-copenhague\/#breadcrumb"},"inLanguage":"fr-FR","potentialAction":[{"@type":"ReadAction","target":["https:\/\/luggagehero.com\/fr\/copenhague\/gare-centrale-de-copenhague\/"]}]},{"@type":"ImageObject","inLanguage":"fr-FR","@id":"https:\/\/luggagehero.com\/fr\/copenhague\/gare-centrale-de-copenhague\/#primaryimage","url":"https:\/\/luggagehero.com\/wp-content\/uploads\/2021\/10\/copenhagen-station3.jpg","contentUrl":"https:\/\/luggagehero.com\/wp-content\/uploads\/2021\/10\/copenhagen-station3.jpg","width":774,"height":330,"caption":"Luggage storage Copenhagen LuggageHero"},{"@type":"BreadcrumbList","@id":"https:\/\/luggagehero.com\/fr\/copenhague\/gare-centrale-de-copenhague\/#breadcrumb","itemListElement":[{"@type":"ListItem","position":1,"name":"Home","item":"https:\/\/luggagehero.com\/fr\/"},{"@type":"ListItem","position":2,"name":"Copenhague","item":"https:\/\/luggagehero.com\/fr\/copenhague\/"},{"@type":"ListItem","position":3,"name":"Gare centrale de Copenhague"}]},{"@type":"WebSite","@id":"https:\/\/luggagehero.com\/fr\/#website","url":"https:\/\/luggagehero.com\/fr\/","name":"LuggageHero","description":"Free yourself from luggage","publisher":{"@id":"https:\/\/luggagehero.com\/fr\/#organization"},"potentialAction":[{"@type":"SearchAction","target":{"@type":"EntryPoint","urlTemplate":"https:\/\/luggagehero.com\/fr\/?s={search_term_string}"},"query-input":{"@type":"PropertyValueSpecification","valueRequired":true,"valueName":"search_term_string"}}],"inLanguage":"fr-FR"},{"@type":"Organization","@id":"https:\/\/luggagehero.com\/fr\/#organization","name":"LuggageHero","url":"https:\/\/luggagehero.com\/fr\/","logo":{"@type":"ImageObject","inLanguage":"fr-FR","@id":"https:\/\/luggagehero.com\/fr\/#\/schema\/logo\/image\/","url":"https:\/\/luggagehero.com\/wp-content\/uploads\/2017\/04\/luggagehero_LOGO-RGB_kort_POS_200x200.png","contentUrl":"https:\/\/luggagehero.com\/wp-content\/uploads\/2017\/04\/luggagehero_LOGO-RGB_kort_POS_200x200.png","width":200,"height":200,"caption":"LuggageHero"},"image":{"@id":"https:\/\/luggagehero.com\/fr\/#\/schema\/logo\/image\/"},"sameAs":["https:\/\/www.facebook.com\/luggagehero","https:\/\/x.com\/luggagehero","https:\/\/www.instagram.com\/luggagehero","https:\/\/www.linkedin.com\/company\/luggagehero\/"]}]}},"place_id":"","place_latitude_longitude":"55.6730,12.5766","place_name":"Gare centrale de Copenhague","criteria_title":"","criteria_description":"","meta_title":"","meta_description":"","children_criteria_title":"","children_criteria_description":"","children_meta_title":"","children_meta_description":"","_edit_last":"9","use_global_content":"0","poi_type":"","content_raw":"Vous avez besoin d\u2019une consigne \u00e0 bagages pr\u00e8s de la gare centrale de Copenhague\u00a0? Avec LuggageHero, laisser ses bagages en consigne n\u2019a jamais \u00e9t\u00e9 aussi pratique. Vous trouverez nos consignes \u00e0 bagages juste \u00e0 c\u00f4t\u00e9 de la gare. D\u00e9posez vos valises dans une consigne pr\u00e8s de la gare centrale de Copenhague et rejoignez facilement l\u2019<a href=\"https:\/\/luggagehero.com\/copenhagen\/copenhagen-airport\/\">a\u00e9roport de Copenhague<\/a> ainsi que les lignes de m\u00e9tro de la ville et les Jardins de <a href=\"https:\/\/luggagehero.com\/copenhagen\/tivoli\/\">Tivoli<\/a>, situ\u00e9s de l\u2019autre c\u00f4t\u00e9 de la rue.\r\n\r\nLes \u00e9tablissements LuggageHero sont des boutiques, h\u00f4tels et caf\u00e9s <a href=\"https:\/\/luggagehero.com\/about\/certified-shops\/\">certifi\u00e9s<\/a>. Les r\u00e9servations \u00e0 l\u2019avance vous garantissent d\u2019avoir une place pour vos bagages. L\u2019adresse et l\u2019itin\u00e9raire de l\u2019\u00e9tablissement partenaire vous sont envoy\u00e9s au moment de la r\u00e9servation. Une fois que vous avez d\u00e9pos\u00e9 votre bagage et lanc\u00e9 le compteur sur votre page de r\u00e9servation, le commer\u00e7ant fixe un <a href=\"https:\/\/luggagehero.com\/about\/security-seal\/\">scell\u00e9 de s\u00e9curit\u00e9<\/a> qui assure votre bagage jusqu\u2019\u00e0 un montant de [pricing insurancecoverage].\r\n\r\n<img class=\"aligncenter size-large wp-image-10297\" src=\"https:\/\/luggagehero.com\/wp-content\/uploads\/2019\/10\/shutterstock_1199662321-800x534.jpg\" alt=\"\" width=\"800\" height=\"534\" \/>\r\n<h2 style=\"text-align: center;\">Gare centrale de Copenhague<\/h2>\r\nLa gare centrale de Copenhague est la plus grande gare ferroviaire du Danemark, m\u00eame si la <a href=\"https:\/\/luggagehero.com\/copenhagen\/norreport-station\/\">gare de N\u00f8rreport<\/a> est plus importante en termes de fr\u00e9quentation, si l\u2019on inclut les lignes de m\u00e9tro et de trains de banlieue. La gare centrale est situ\u00e9e entre le quartier du centre-ville et Vesterbro, \u00e0 deux pas des <a href=\"https:\/\/luggagehero.com\/copenhagen\/tivoli\/\">Jardins de Tivoli<\/a>.\r\n\r\nDepuis la gare centrale de Copenhague, vous rejoindrez facilement la plupart des quartiers de la ville en train de banlieue ou en m\u00e9tro. Si vous d\u00e9cidez de laisser vos bagages dans le quartier de la gare, vous remarquerez que de nombreuses attractions touristiques se situent \u00e0 quelques minutes \u00e0 pied de la gare. Derri\u00e8re la gare se situe le complexe DGI-byen, point de d\u00e9part et d\u2019arriv\u00e9e de nombreuses lignes de bus internationales, le long de la rue Ingerslevsgade. Vous y trouverez des bus des compagnies Nettbus, Flixbus, Neptun et Kombardo express\r\n\r\n[appdownloader]\r\n<h3><b>Les consignes \u00e0 bagages: 2 fois moins ch\u00e8res que les casiers des gares et des a\u00e9roports<\/b><\/h3>\r\n<span style=\"font-weight: 400;\">Les gardes bagages classiques, \u00e9galement appel\u00e9s d\u00e9pose bagages ou service de stockage de bagages, sont g\u00e9n\u00e9ralement au moins deux fois plus chers sur une base quotidienne que le service de consignes \u00e0 bagages de LuggageHero. Encore r\u00e9cemment, les voyageurs ne pouvaient d\u00e9poser leurs bagages que dans un type de casier bagage, qui offre tr\u00e8s peu de flexibilit\u00e9 en termes de prix et de localisation. Aujourd'hui, LuggageHero propose d'innombrables espaces de consignes \u00e0 bagages dans des magasins et des consignes bagages h\u00f4tels dans diff\u00e9rentes villes afin que vous ayez toujours la possibilit\u00e9 de d\u00e9poser vos valises dans un environnement s\u00fbr. Contrairement aux consignes gares et des a\u00e9roports, LuggageHero propose un tarif horaire et journalier pour une flexibilit\u00e9 maximale. LuggageHero s'efforce de proposer \u00e0 tout moment une consigne \u00e0 bagages s\u00fbre et bon march\u00e9 pr\u00e8s de chez vous.<\/span>\r\n<h3><b>Consigne bagages pour valises et bagages de toute taille<\/b><\/h3>\r\n<span style=\"font-weight: 400;\">Nous v\u00e9rifions tous les h\u00f4tels et les magasins locaux afin de pouvoir vous proposer un espace de garde valise ou bagage pour tout ce dont vous avez besoin : \u00e9quipement de ski, mat\u00e9riel photo, sacs \u00e0 dos ou autre. C'est une autre fa\u00e7on pour nous de vous offrir la plus grande flexibilit\u00e9 en mati\u00e8re de consigne de bagage, de d\u00e9pose valises et de d\u00e9p\u00f4t bagage.\u00a0<\/span>\r\n<h3><b>Nos consignes \u00e0 bagages sont similaires \u00e0 celles des h\u00f4tels<\/b><\/h3>\r\n<span style=\"font-weight: 400;\">De nombreux voyageurs et clients d'h\u00f4tels ont demand\u00e9 au personnel de la r\u00e9ception s'ils pouvaient stocker leurs bagages jusqu'\u00e0 ce qu'ils quittent la ville plus tard dans la journ\u00e9e. Nous offrons, plus ou moins, ce m\u00eame service, pour tout le monde - peu importe si vous s\u00e9journez dans un h\u00f4tel, un Airbnb ou ailleurs. Nous sommes toujours pr\u00eats \u00e0 vous aider.\u00a0<\/span>\r\n<h3><b>D\u00e9posez vos sacs dans des espaces de consignes v\u00e9rifi\u00e9s avec ce code de r\u00e9duction<\/b><\/h3>\r\n<span style=\"font-weight: 400;\">Clients fid\u00e8les ou nouveaux clients, nous vous offrons un code de r\u00e9duction pour deux heures de d\u00e9p\u00f4t de bagages GRATUIT. Ce code de r\u00e9duction est valable le reste de l'ann\u00e9e dans TOUTES les villes et dans TOUS nos espaces de garde bagage, y compris les magasins partenaires Premium!\u00a0<\/span>","_links":{"self":[{"href":"https:\/\/luggagehero.com\/fr\/wp-json\/wp\/v2\/pages\/11315","targetHints":{"allow":["GET"]}}],"collection":[{"href":"https:\/\/luggagehero.com\/fr\/wp-json\/wp\/v2\/pages"}],"about":[{"href":"https:\/\/luggagehero.com\/fr\/wp-json\/wp\/v2\/types\/page"}],"author":[{"embeddable":true,"href":"https:\/\/luggagehero.com\/fr\/wp-json\/wp\/v2\/users\/9"}],"replies":[{"embeddable":true,"href":"https:\/\/luggagehero.com\/fr\/wp-json\/wp\/v2\/comments?post=11315"}],"version-history":[{"count":0,"href":"https:\/\/luggagehero.com\/fr\/wp-json\/wp\/v2\/pages\/11315\/revisions"}],"up":[{"embeddable":true,"href":"https:\/\/luggagehero.com\/fr\/wp-json\/wp\/v2\/pages\/11316"}],"wp:featuredmedia":[{"embeddable":true,"href":"https:\/\/luggagehero.com\/fr\/wp-json\/wp\/v2\/media\/39407"}],"wp:attachment":[{"href":"https:\/\/luggagehero.com\/fr\/wp-json\/wp\/v2\/media?parent=11315"}],"curies":[{"name":"wp","href":"https:\/\/api.w.org\/{rel}","templated":true}]}}