{"id":11318,"date":"2019-11-05T10:27:21","date_gmt":"2019-11-05T10:27:21","guid":{"rendered":"https:\/\/luggagehero.com\/lisbonne\/"},"modified":"2023-08-28T07:01:43","modified_gmt":"2023-08-28T07:01:43","slug":"lisbonne","status":"publish","type":"page","link":"https:\/\/luggagehero.com\/fr\/lisbonne\/","title":{"rendered":"Lisbonne"},"content":{"rendered":"<p><span style=\"font-weight: 400;\">Ne cherchez plus de consignes automatiques pour vos bagages. La prochaine fois que vous \u00eates \u00e0 Lisbonne, n\u2019oubliez pas que LuggageHero est l\u00e0 pour voler \u00e0 votre secours\u00a0!<\/span><\/p>\n<p><span style=\"font-weight: 400;\">D\u00e9posez vos valises dans l\u2019un des points du r\u00e9seau LuggageHero, soit plus de 30\u00a0boutiques locales \u00e0 proximit\u00e9 des grands axes de circulation et des quartiers les plus populaires de la ville, notamment la <a href=\"https:\/\/luggagehero.com\/lisbon\/rossio-railway-station\/\">gare du Rossio<\/a>, la <a href=\"https:\/\/luggagehero.com\/lisbon\/santa-apolonia\/\">gare de Santa Apolonia<\/a>, la gare de Cais do Sodr\u00e9, la station de m\u00e9tro <a href=\"https:\/\/luggagehero.com\/lisbon\/baixa-chiado\/\">Baixa-Chiado<\/a>, l\u2019<a href=\"https:\/\/luggagehero.com\/lisbon\/avenida\/\">Avenida da Liberdade<\/a> et le centre-ville de Lisbonne. Vous pourriez envisager de partir pour la journ\u00e9e d\u00e9couvrir la superbe ville de <a href=\"https:\/\/luggagehero.com\/lisbon\/sintra\/\">Sintra<\/a>\u00a0?<\/span><\/p>\n<p><span style=\"font-weight: 400;\">Admettons que vous arriviez de l\u2019a\u00e9roport de Lisbonne-Humberto Delgado plusieurs heures avant que votre location ne soit pr\u00eate et que vous souhaitiez visiter les sites touristiques sans avoir \u00e0 tra\u00eener vos valises derri\u00e8re vous. Vous aimeriez peut-\u00eatre visiter la <a href=\"https:\/\/luggagehero.com\/lisbon\/tower-of-belem\/\">tour de Bel\u00e9m<\/a>, parcourir la ville \u00e0 bord du c\u00e9l\u00e8bre tramway ou faire du shopping sur l\u2019<a href=\"https:\/\/luggagehero.com\/lisbon\/avenida\/\">Avenida da Liberdade<\/a>\u00a0? Quel que soit votre choix, nous sommes l\u00e0 pour vous all\u00e9ger.<\/span><\/p>\n<p><span style=\"font-weight: 400;\">Rendez-vous sur notre plateforme de r\u00e9servation LuggageHero pour trouver une consigne dans une boutique ou un autre commerce de notre r\u00e9seau, tous <\/span><a href=\"https:\/\/luggagehero.com\/about\/certified-shops\/\"><span style=\"font-weight: 400;\">v\u00e9rifi\u00e9s par nos soins<\/span><\/a><span style=\"font-weight: 400;\">. En utilisant notre carte, vous pouvez localiser les \u00e9tablissements les plus proches des stations de m\u00e9tro que vous allez utiliser, et y d\u00e9poser vos bagages.<\/span><\/p>\n<p><img loading=\"lazy\" decoding=\"async\" class=\"wp-image-5030 size-large aligncenter\" src=\"https:\/\/luggagehero.com\/wp-content\/uploads\/2019\/01\/sea-city-landscape-sky-800x529.jpg\" alt=\"Laissez vos bagages en consigne \u00e0 Lisbonne\" width=\"800\" height=\"529\" srcset=\"https:\/\/luggagehero.com\/wp-content\/uploads\/2019\/01\/sea-city-landscape-sky-800x529.jpg 800w, https:\/\/luggagehero.com\/wp-content\/uploads\/2019\/01\/sea-city-landscape-sky-300x198.jpg 300w, https:\/\/luggagehero.com\/wp-content\/uploads\/2019\/01\/sea-city-landscape-sky-600x397.jpg 600w, https:\/\/luggagehero.com\/wp-content\/uploads\/2019\/01\/sea-city-landscape-sky.jpg 1280w\" sizes=\"auto, (max-width: 800px) 100vw, 800px\" \/><\/p>\n<p><b>Vous payez \u00e0 l\u2019heure, contrairement \u00e0 d\u2019autres services\u00a0!<\/b><\/p>\n<p><span style=\"font-weight: 400;\">Notre service de consignes est rapide, pratique et \u00e9conomique.<\/span><\/p>\n<p><span style=\"font-weight: 400;\">LuggageHero facture uniquement chaque heure utilis\u00e9e <pricing-component type=\"hourlyrate\"><\/pricing-component>, contrairement \u00e0 la plupart des autres services de consignes, qui facturent \u00e0 la journ\u00e9e. Mais si vous souhaitez d\u00e9poser vos bagages pour la journ\u00e9e ou plus, nous vous garantissons un plafond maximal par jour au prix int\u00e9ressant de <pricing-component type=\"firstdaymax\"><\/pricing-component>.<\/span><\/p>\n<p><b>Nous prenons soin de vous.<\/b><\/p>\n<p><span style=\"font-weight: 400;\">Votre s\u00fbret\u00e9 et s\u00e9curit\u00e9 sont nos priorit\u00e9s. C\u2019est pourquoi des employ\u00e9s de LuggageHero v\u00e9rifient et certifient toutes nos boutiques \u00e0 Lisbonne. Nous nous assurons chaque bagage et son contenu jusqu\u2019\u00e0 <pricing-component type=\"insurancecoverage\"><\/pricing-component>. <\/span><\/p>\n<p><span style=\"font-weight: 400;\">En cas de probl\u00e8me, LuggageHero est \u00e0 votre disposition 24\u00a0heures\/24 et 7\u00a0jours\/7 via notre syst\u00e8me d\u2019assistance en ligne.<\/span><\/p>\n<h3><b>Les consignes \u00e0 bagages: 2 fois moins ch\u00e8res que les casiers des gares et des a\u00e9roports<\/b><\/h3>\n<p><span style=\"font-weight: 400;\">Les gardes bagages classiques, \u00e9galement appel\u00e9s d\u00e9pose bagages ou service de stockage de bagages, sont g\u00e9n\u00e9ralement au moins deux fois plus chers sur une base quotidienne que le service de consignes \u00e0 bagages de LuggageHero. Encore r\u00e9cemment, les voyageurs ne pouvaient d\u00e9poser leurs bagages que dans un type de casier bagage, qui offre tr\u00e8s peu de flexibilit\u00e9 en termes de prix et de localisation. Aujourd&#8217;hui, LuggageHero propose d&#8217;innombrables espaces de consignes \u00e0 bagages dans des magasins et des consignes bagages h\u00f4tels dans diff\u00e9rentes villes afin que vous ayez toujours la possibilit\u00e9 de d\u00e9poser vos valises dans un environnement s\u00fbr. Contrairement aux consignes gares et des a\u00e9roports, LuggageHero propose un tarif horaire et journalier pour une flexibilit\u00e9 maximale. LuggageHero s&#8217;efforce de proposer \u00e0 tout moment une consigne \u00e0 bagages s\u00fbre et bon march\u00e9 pr\u00e8s de chez vous.<\/span><\/p>\n<h3><b>Consigne bagages pour valises et bagages de toute taille<\/b><\/h3>\n<p><span style=\"font-weight: 400;\">Nous v\u00e9rifions tous les h\u00f4tels et les magasins locaux afin de pouvoir vous proposer un espace de garde valise ou bagage pour tout ce dont vous avez besoin : \u00e9quipement de ski, mat\u00e9riel photo, sacs \u00e0 dos ou autre. C&#8217;est une autre fa\u00e7on pour nous de vous offrir la plus grande flexibilit\u00e9 en mati\u00e8re de consigne de bagage, de d\u00e9pose valises et de d\u00e9p\u00f4t bagage.\u00a0<\/span><\/p>\n<h3><b>Nos consignes \u00e0 bagages sont similaires \u00e0 celles des h\u00f4tels<\/b><\/h3>\n<p><span style=\"font-weight: 400;\">De nombreux voyageurs et clients d&#8217;h\u00f4tels ont demand\u00e9 au personnel de la r\u00e9ception s&#8217;ils pouvaient stocker leurs bagages jusqu&#8217;\u00e0 ce qu&#8217;ils quittent la ville plus tard dans la journ\u00e9e. Nous offrons, plus ou moins, ce m\u00eame service, pour tout le monde &#8211; peu importe si vous s\u00e9journez dans un h\u00f4tel, un Airbnb ou ailleurs. Nous sommes toujours pr\u00eats \u00e0 vous aider.\u00a0<\/span><\/p>\n<h3><b>D\u00e9posez vos sacs dans des espaces de consignes v\u00e9rifi\u00e9s avec ce code de r\u00e9duction<\/b><\/h3>\n<p><span style=\"font-weight: 400;\">Clients fid\u00e8les ou nouveaux clients, nous vous offrons un code de r\u00e9duction pour deux heures de d\u00e9p\u00f4t de bagages GRATUIT. Ce code de r\u00e9duction est valable le reste de l&#8217;ann\u00e9e dans TOUTES les villes et dans TOUS nos espaces de garde bagage, y compris les magasins partenaires Premium! <\/span><\/p>\n\n<div class=\"block-app-downloader\">\n\t<ul class=\"app-images\">\n\t\t\t\t\t<li class=\"app-img\">\n\t\t\t\t<img decoding=\"async\" loading=\"lazy\" src=\"https:\/\/luggagehero.com\/wp-content\/uploads\/2020\/08\/app-1.png\" alt=\"App screenshot\">\n\t\t\t<\/li>\n\t\t\t\t\t<li class=\"app-img\">\n\t\t\t\t<img decoding=\"async\" loading=\"lazy\" src=\"https:\/\/luggagehero.com\/wp-content\/uploads\/2020\/08\/app-2.png\" alt=\"App screenshot\">\n\t\t\t<\/li>\n\t\t\t\t\t<li class=\"app-img\">\n\t\t\t\t<img decoding=\"async\" loading=\"lazy\" src=\"https:\/\/luggagehero.com\/wp-content\/uploads\/2020\/08\/app-3.png\" alt=\"App screenshot\">\n\t\t\t<\/li>\n\t\t\t\t\t<li class=\"app-img\">\n\t\t\t\t<img decoding=\"async\" loading=\"lazy\" src=\"https:\/\/luggagehero.com\/wp-content\/uploads\/2020\/08\/app-4.png\" alt=\"App screenshot\">\n\t\t\t<\/li>\n\t\t\t\t\t<li class=\"app-img\">\n\t\t\t\t<img decoding=\"async\" loading=\"lazy\" src=\"https:\/\/luggagehero.com\/wp-content\/uploads\/2020\/08\/app-5.png\" alt=\"App screenshot\">\n\t\t\t<\/li>\n\t\t\t<\/ul>\n\n\t<div class=\"apps-box\">\n\t\t<p>Utilisez LuggageHero n'importe o\u00f9 avec l'application officielle pour iPhone et Android<\/p>\n\t\t<a href=\"https:\/\/apps.apple.com\/us\/app\/luggagehero-luggage-storage\/id1481057935\" target=\"_blank\">\n\t\t\t<img decoding=\"async\" loading=\"lazy\" src=\"https:\/\/luggagehero.com\/wp-content\/uploads\/2020\/08\/badge-as.png\" alt=\"Download on the ios App Store\">\n\t\t<\/a>\n\n\t\t<a href=\"https:\/\/play.google.com\/store\/apps\/details?id=com.luggagehero.android\" target=\"_blank\">\n\t\t\t<img decoding=\"async\" loading=\"lazy\" src=\"https:\/\/luggagehero.com\/wp-content\/uploads\/2020\/08\/badge-gp.png\" alt=\"Get it on Google Play\">\n\t\t<\/a>\n\t<\/div>\n<\/div>\n","protected":false},"excerpt":{"rendered":"<p>Ne cherchez plus de consignes automatiques pour vos bagages. La prochaine fois que vous \u00eates \u00e0 Lisbonne, n\u2019oubliez pas que LuggageHero est l\u00e0 pour voler \u00e0 votre secours\u00a0! D\u00e9posez vos valises dans l\u2019un des points du r\u00e9seau LuggageHero, soit plus de 30\u00a0boutiques locales \u00e0 proximit\u00e9 des grands axes de circulation et des quartiers les plus [&hellip;]<\/p>\n","protected":false},"author":9,"featured_media":11351,"parent":0,"menu_order":0,"comment_status":"closed","ping_status":"closed","template":"template-location.php","meta":{"_acf_changed":false,"footnotes":""},"class_list":["post-11318","page","type-page","status-publish","has-post-thumbnail","hentry"],"acf":[],"yoast_head":"<!-- This site is optimized with the Yoast SEO Premium plugin v27.0 (Yoast SEO v27.0) - https:\/\/yoast.com\/product\/yoast-seo-premium-wordpress\/ -->\n<title>Lisbonne - LuggageHero<\/title>\n<meta name=\"robots\" content=\"index, follow, max-snippet:-1, max-image-preview:large, max-video-preview:-1\" \/>\n<link rel=\"canonical\" href=\"https:\/\/luggagehero.com\/fr\/lisbonne\/\" \/>\n<meta property=\"og:locale\" content=\"fr_FR\" \/>\n<meta property=\"og:type\" content=\"article\" \/>\n<meta property=\"og:title\" content=\"Lisbonne\" \/>\n<meta property=\"og:description\" content=\"Ne cherchez plus de consignes automatiques pour vos bagages. La prochaine fois que vous \u00eates \u00e0 Lisbonne, n\u2019oubliez pas que LuggageHero est l\u00e0 pour voler \u00e0 votre secours\u00a0! D\u00e9posez vos valises dans l\u2019un des points du r\u00e9seau LuggageHero, soit plus de 30\u00a0boutiques locales \u00e0 proximit\u00e9 des grands axes de circulation et des quartiers les plus [&hellip;]\" \/>\n<meta property=\"og:url\" content=\"https:\/\/luggagehero.com\/fr\/lisbonne\/\" \/>\n<meta property=\"og:site_name\" content=\"LuggageHero\" \/>\n<meta property=\"article:publisher\" content=\"https:\/\/www.facebook.com\/luggagehero\" \/>\n<meta property=\"article:modified_time\" content=\"2023-08-28T07:01:43+00:00\" \/>\n<meta property=\"og:image\" content=\"https:\/\/luggagehero.com\/wp-content\/uploads\/2019\/01\/sea-city-landscape-sky.jpg\" \/>\n\t<meta property=\"og:image:width\" content=\"1280\" \/>\n\t<meta property=\"og:image:height\" content=\"846\" \/>\n\t<meta property=\"og:image:type\" content=\"image\/jpeg\" \/>\n<meta name=\"twitter:card\" content=\"summary_large_image\" \/>\n<meta name=\"twitter:site\" content=\"@luggagehero\" \/>\n<meta name=\"twitter:label1\" content=\"Est. reading time\" \/>\n\t<meta name=\"twitter:data1\" content=\"4 minutes\" \/>\n<script type=\"application\/ld+json\" class=\"yoast-schema-graph\">{\"@context\":\"https:\/\/schema.org\",\"@graph\":[{\"@type\":\"WebPage\",\"@id\":\"https:\/\/luggagehero.com\/fr\/lisbonne\/\",\"url\":\"https:\/\/luggagehero.com\/fr\/lisbonne\/\",\"name\":\"Lisbonne - LuggageHero\",\"isPartOf\":{\"@id\":\"https:\/\/luggagehero.com\/fr\/#website\"},\"primaryImageOfPage\":{\"@id\":\"https:\/\/luggagehero.com\/fr\/lisbonne\/#primaryimage\"},\"image\":{\"@id\":\"https:\/\/luggagehero.com\/fr\/lisbonne\/#primaryimage\"},\"thumbnailUrl\":\"https:\/\/luggagehero.com\/wp-content\/uploads\/2019\/01\/sea-city-landscape-sky.jpg\",\"datePublished\":\"2019-11-05T10:27:21+00:00\",\"dateModified\":\"2023-08-28T07:01:43+00:00\",\"breadcrumb\":{\"@id\":\"https:\/\/luggagehero.com\/fr\/lisbonne\/#breadcrumb\"},\"inLanguage\":\"fr-FR\",\"potentialAction\":[{\"@type\":\"ReadAction\",\"target\":[\"https:\/\/luggagehero.com\/fr\/lisbonne\/\"]}]},{\"@type\":\"ImageObject\",\"inLanguage\":\"fr-FR\",\"@id\":\"https:\/\/luggagehero.com\/fr\/lisbonne\/#primaryimage\",\"url\":\"https:\/\/luggagehero.com\/wp-content\/uploads\/2019\/01\/sea-city-landscape-sky.jpg\",\"contentUrl\":\"https:\/\/luggagehero.com\/wp-content\/uploads\/2019\/01\/sea-city-landscape-sky.jpg\",\"width\":1280,\"height\":846},{\"@type\":\"BreadcrumbList\",\"@id\":\"https:\/\/luggagehero.com\/fr\/lisbonne\/#breadcrumb\",\"itemListElement\":[{\"@type\":\"ListItem\",\"position\":1,\"name\":\"Home\",\"item\":\"https:\/\/luggagehero.com\/fr\/\"},{\"@type\":\"ListItem\",\"position\":2,\"name\":\"Lisbonne\"}]},{\"@type\":\"WebSite\",\"@id\":\"https:\/\/luggagehero.com\/fr\/#website\",\"url\":\"https:\/\/luggagehero.com\/fr\/\",\"name\":\"LuggageHero\",\"description\":\"Free yourself from luggage\",\"publisher\":{\"@id\":\"https:\/\/luggagehero.com\/fr\/#organization\"},\"potentialAction\":[{\"@type\":\"SearchAction\",\"target\":{\"@type\":\"EntryPoint\",\"urlTemplate\":\"https:\/\/luggagehero.com\/fr\/?s={search_term_string}\"},\"query-input\":{\"@type\":\"PropertyValueSpecification\",\"valueRequired\":true,\"valueName\":\"search_term_string\"}}],\"inLanguage\":\"fr-FR\"},{\"@type\":\"Organization\",\"@id\":\"https:\/\/luggagehero.com\/fr\/#organization\",\"name\":\"LuggageHero\",\"url\":\"https:\/\/luggagehero.com\/fr\/\",\"logo\":{\"@type\":\"ImageObject\",\"inLanguage\":\"fr-FR\",\"@id\":\"https:\/\/luggagehero.com\/fr\/#\/schema\/logo\/image\/\",\"url\":\"https:\/\/luggagehero.com\/wp-content\/uploads\/2017\/04\/luggagehero_LOGO-RGB_kort_POS_200x200.png\",\"contentUrl\":\"https:\/\/luggagehero.com\/wp-content\/uploads\/2017\/04\/luggagehero_LOGO-RGB_kort_POS_200x200.png\",\"width\":200,\"height\":200,\"caption\":\"LuggageHero\"},\"image\":{\"@id\":\"https:\/\/luggagehero.com\/fr\/#\/schema\/logo\/image\/\"},\"sameAs\":[\"https:\/\/www.facebook.com\/luggagehero\",\"https:\/\/x.com\/luggagehero\",\"https:\/\/www.instagram.com\/luggagehero\",\"https:\/\/www.linkedin.com\/company\/luggagehero\/\"]}]}<\/script>\n<!-- \/ Yoast SEO Premium plugin. -->","yoast_head_json":{"title":"Lisbonne - LuggageHero","robots":{"index":"index","follow":"follow","max-snippet":"max-snippet:-1","max-image-preview":"max-image-preview:large","max-video-preview":"max-video-preview:-1"},"canonical":"https:\/\/luggagehero.com\/fr\/lisbonne\/","og_locale":"fr_FR","og_type":"article","og_title":"Lisbonne","og_description":"Ne cherchez plus de consignes automatiques pour vos bagages. La prochaine fois que vous \u00eates \u00e0 Lisbonne, n\u2019oubliez pas que LuggageHero est l\u00e0 pour voler \u00e0 votre secours\u00a0! D\u00e9posez vos valises dans l\u2019un des points du r\u00e9seau LuggageHero, soit plus de 30\u00a0boutiques locales \u00e0 proximit\u00e9 des grands axes de circulation et des quartiers les plus [&hellip;]","og_url":"https:\/\/luggagehero.com\/fr\/lisbonne\/","og_site_name":"LuggageHero","article_publisher":"https:\/\/www.facebook.com\/luggagehero","article_modified_time":"2023-08-28T07:01:43+00:00","og_image":[{"width":1280,"height":846,"url":"https:\/\/luggagehero.com\/wp-content\/uploads\/2019\/01\/sea-city-landscape-sky.jpg","type":"image\/jpeg"}],"twitter_card":"summary_large_image","twitter_site":"@luggagehero","twitter_misc":{"Est. reading time":"4 minutes"},"schema":{"@context":"https:\/\/schema.org","@graph":[{"@type":"WebPage","@id":"https:\/\/luggagehero.com\/fr\/lisbonne\/","url":"https:\/\/luggagehero.com\/fr\/lisbonne\/","name":"Lisbonne - LuggageHero","isPartOf":{"@id":"https:\/\/luggagehero.com\/fr\/#website"},"primaryImageOfPage":{"@id":"https:\/\/luggagehero.com\/fr\/lisbonne\/#primaryimage"},"image":{"@id":"https:\/\/luggagehero.com\/fr\/lisbonne\/#primaryimage"},"thumbnailUrl":"https:\/\/luggagehero.com\/wp-content\/uploads\/2019\/01\/sea-city-landscape-sky.jpg","datePublished":"2019-11-05T10:27:21+00:00","dateModified":"2023-08-28T07:01:43+00:00","breadcrumb":{"@id":"https:\/\/luggagehero.com\/fr\/lisbonne\/#breadcrumb"},"inLanguage":"fr-FR","potentialAction":[{"@type":"ReadAction","target":["https:\/\/luggagehero.com\/fr\/lisbonne\/"]}]},{"@type":"ImageObject","inLanguage":"fr-FR","@id":"https:\/\/luggagehero.com\/fr\/lisbonne\/#primaryimage","url":"https:\/\/luggagehero.com\/wp-content\/uploads\/2019\/01\/sea-city-landscape-sky.jpg","contentUrl":"https:\/\/luggagehero.com\/wp-content\/uploads\/2019\/01\/sea-city-landscape-sky.jpg","width":1280,"height":846},{"@type":"BreadcrumbList","@id":"https:\/\/luggagehero.com\/fr\/lisbonne\/#breadcrumb","itemListElement":[{"@type":"ListItem","position":1,"name":"Home","item":"https:\/\/luggagehero.com\/fr\/"},{"@type":"ListItem","position":2,"name":"Lisbonne"}]},{"@type":"WebSite","@id":"https:\/\/luggagehero.com\/fr\/#website","url":"https:\/\/luggagehero.com\/fr\/","name":"LuggageHero","description":"Free yourself from luggage","publisher":{"@id":"https:\/\/luggagehero.com\/fr\/#organization"},"potentialAction":[{"@type":"SearchAction","target":{"@type":"EntryPoint","urlTemplate":"https:\/\/luggagehero.com\/fr\/?s={search_term_string}"},"query-input":{"@type":"PropertyValueSpecification","valueRequired":true,"valueName":"search_term_string"}}],"inLanguage":"fr-FR"},{"@type":"Organization","@id":"https:\/\/luggagehero.com\/fr\/#organization","name":"LuggageHero","url":"https:\/\/luggagehero.com\/fr\/","logo":{"@type":"ImageObject","inLanguage":"fr-FR","@id":"https:\/\/luggagehero.com\/fr\/#\/schema\/logo\/image\/","url":"https:\/\/luggagehero.com\/wp-content\/uploads\/2017\/04\/luggagehero_LOGO-RGB_kort_POS_200x200.png","contentUrl":"https:\/\/luggagehero.com\/wp-content\/uploads\/2017\/04\/luggagehero_LOGO-RGB_kort_POS_200x200.png","width":200,"height":200,"caption":"LuggageHero"},"image":{"@id":"https:\/\/luggagehero.com\/fr\/#\/schema\/logo\/image\/"},"sameAs":["https:\/\/www.facebook.com\/luggagehero","https:\/\/x.com\/luggagehero","https:\/\/www.instagram.com\/luggagehero","https:\/\/www.linkedin.com\/company\/luggagehero\/"]}]}},"place_id":"","place_latitude_longitude":"38.7152,-9.1360","place_name":"Lisbonne","criteria_title":"Consignes \u00e0 bagages dans plus de 30\u00a0boutiques autour de [location]","criteria_description":"D\u00e9posez vos valises dans une boutique locale certifi\u00e9e \u00e0 partir de 1\u00a0\u20ac\/heure","meta_title":"Consignes \u00e0 bagages [location] - Plus de 30\u00a0\u00e9tablissements - 24h\/24, 7j\/7 - \u00c0 partir de 1\u00a0\u20ac\/heure","meta_description":"Utilisez le plus grand r\u00e9seau actuel de consignes \u00e0 bagages \u00e0 [location]. Ouvert 24h\/24, 7j\/7. Assurance de 2500\u00a0\u20ac + scell\u00e9 de s\u00e9curit\u00e9","children_criteria_title":"Consignes \u00e0 bagages [location]","children_criteria_description":"D\u00e9posez vos valises dans une boutique locale certifi\u00e9e \u00e0 partir de 1\u00a0\u20ac\/heure","children_meta_title":"Consignes \u00e0 bagages [location]\u00a0: 7\u00a0jours sur 7 - \u00c0 partir de 1\u00a0\u20ac\/heure","children_meta_description":"Service de consignes \u00e0 bagages pratique et \u00e9conomique pr\u00e8s de [location] - \u00c0 partir de 1\u00a0\u20ac\/heure. Assurance de 2500\u00a0\u20ac incluse et scell\u00e9 de s\u00e9curit\u00e9 fix\u00e9 sur chaque bagage.","_edit_last":"46","use_global_content":"0","poi_type":"","content_raw":"<span style=\"font-weight: 400;\">Ne cherchez plus de consignes automatiques pour vos bagages. La prochaine fois que vous \u00eates \u00e0 Lisbonne, n\u2019oubliez pas que LuggageHero est l\u00e0 pour voler \u00e0 votre secours\u00a0!<\/span>\r\n\r\n<span style=\"font-weight: 400;\">D\u00e9posez vos valises dans l\u2019un des points du r\u00e9seau LuggageHero, soit plus de 30\u00a0boutiques locales \u00e0 proximit\u00e9 des grands axes de circulation et des quartiers les plus populaires de la ville, notamment la <a href=\"https:\/\/luggagehero.com\/lisbon\/rossio-railway-station\/\">gare du Rossio<\/a>, la <a href=\"https:\/\/luggagehero.com\/lisbon\/santa-apolonia\/\">gare de Santa Apolonia<\/a>, la gare de Cais do Sodr\u00e9, la station de m\u00e9tro <a href=\"https:\/\/luggagehero.com\/lisbon\/baixa-chiado\/\">Baixa-Chiado<\/a>, l\u2019<a href=\"https:\/\/luggagehero.com\/lisbon\/avenida\/\">Avenida da Liberdade<\/a> et le centre-ville de Lisbonne. Vous pourriez envisager de partir pour la journ\u00e9e d\u00e9couvrir la superbe ville de <a href=\"https:\/\/luggagehero.com\/lisbon\/sintra\/\">Sintra<\/a>\u00a0?<\/span>\r\n\r\n<span style=\"font-weight: 400;\">Admettons que vous arriviez de l\u2019a\u00e9roport de Lisbonne-Humberto Delgado plusieurs heures avant que votre location ne soit pr\u00eate et que vous souhaitiez visiter les sites touristiques sans avoir \u00e0 tra\u00eener vos valises derri\u00e8re vous. Vous aimeriez peut-\u00eatre visiter la <a href=\"https:\/\/luggagehero.com\/lisbon\/tower-of-belem\/\">tour de Bel\u00e9m<\/a>, parcourir la ville \u00e0 bord du c\u00e9l\u00e8bre tramway ou faire du shopping sur l\u2019<a href=\"https:\/\/luggagehero.com\/lisbon\/avenida\/\">Avenida da Liberdade<\/a>\u00a0? Quel que soit votre choix, nous sommes l\u00e0 pour vous all\u00e9ger.<\/span>\r\n\r\n<span style=\"font-weight: 400;\">Rendez-vous sur notre plateforme de r\u00e9servation LuggageHero pour trouver une consigne dans une boutique ou un autre commerce de notre r\u00e9seau, tous <\/span><a href=\"https:\/\/luggagehero.com\/about\/certified-shops\/\"><span style=\"font-weight: 400;\">v\u00e9rifi\u00e9s par nos soins<\/span><\/a><span style=\"font-weight: 400;\">. En utilisant notre carte, vous pouvez localiser les \u00e9tablissements les plus proches des stations de m\u00e9tro que vous allez utiliser, et y d\u00e9poser vos bagages.<\/span>\r\n\r\n<img class=\"wp-image-5030 size-large aligncenter\" src=\"https:\/\/luggagehero.com\/wp-content\/uploads\/2019\/01\/sea-city-landscape-sky-800x529.jpg\" alt=\"Laissez vos bagages en consigne \u00e0 Lisbonne\" width=\"800\" height=\"529\" \/>\r\n\r\n<b>Vous payez \u00e0 l\u2019heure, contrairement \u00e0 d\u2019autres services\u00a0!<\/b>\r\n\r\n<span style=\"font-weight: 400;\">Notre service de consignes est rapide, pratique et \u00e9conomique.<\/span>\r\n\r\n<span style=\"font-weight: 400;\">LuggageHero facture uniquement chaque heure utilis\u00e9e [pricing hourlyrate], contrairement \u00e0 la plupart des autres services de consignes, qui facturent \u00e0 la journ\u00e9e. Mais si vous souhaitez d\u00e9poser vos bagages pour la journ\u00e9e ou plus, nous vous garantissons un plafond maximal par jour au prix int\u00e9ressant de [pricing firstdaymax].<\/span>\r\n\r\n<b>Nous prenons soin de vous.<\/b>\r\n\r\n<span style=\"font-weight: 400;\">Votre s\u00fbret\u00e9 et s\u00e9curit\u00e9 sont nos priorit\u00e9s. C\u2019est pourquoi des employ\u00e9s de LuggageHero v\u00e9rifient et certifient toutes nos boutiques \u00e0 Lisbonne. Nous nous assurons chaque bagage et son contenu jusqu\u2019\u00e0 [pricing insurancecoverage]. <\/span>\r\n\r\n<span style=\"font-weight: 400;\">En cas de probl\u00e8me, LuggageHero est \u00e0 votre disposition 24\u00a0heures\/24 et 7\u00a0jours\/7 via notre syst\u00e8me d\u2019assistance en ligne.<\/span>\r\n<h3><b>Les consignes \u00e0 bagages: 2 fois moins ch\u00e8res que les casiers des gares et des a\u00e9roports<\/b><\/h3>\r\n<span style=\"font-weight: 400;\">Les gardes bagages classiques, \u00e9galement appel\u00e9s d\u00e9pose bagages ou service de stockage de bagages, sont g\u00e9n\u00e9ralement au moins deux fois plus chers sur une base quotidienne que le service de consignes \u00e0 bagages de LuggageHero. Encore r\u00e9cemment, les voyageurs ne pouvaient d\u00e9poser leurs bagages que dans un type de casier bagage, qui offre tr\u00e8s peu de flexibilit\u00e9 en termes de prix et de localisation. Aujourd'hui, LuggageHero propose d'innombrables espaces de consignes \u00e0 bagages dans des magasins et des consignes bagages h\u00f4tels dans diff\u00e9rentes villes afin que vous ayez toujours la possibilit\u00e9 de d\u00e9poser vos valises dans un environnement s\u00fbr. Contrairement aux consignes gares et des a\u00e9roports, LuggageHero propose un tarif horaire et journalier pour une flexibilit\u00e9 maximale. LuggageHero s'efforce de proposer \u00e0 tout moment une consigne \u00e0 bagages s\u00fbre et bon march\u00e9 pr\u00e8s de chez vous.<\/span>\r\n<h3><b>Consigne bagages pour valises et bagages de toute taille<\/b><\/h3>\r\n<span style=\"font-weight: 400;\">Nous v\u00e9rifions tous les h\u00f4tels et les magasins locaux afin de pouvoir vous proposer un espace de garde valise ou bagage pour tout ce dont vous avez besoin : \u00e9quipement de ski, mat\u00e9riel photo, sacs \u00e0 dos ou autre. C'est une autre fa\u00e7on pour nous de vous offrir la plus grande flexibilit\u00e9 en mati\u00e8re de consigne de bagage, de d\u00e9pose valises et de d\u00e9p\u00f4t bagage.\u00a0<\/span>\r\n<h3><b>Nos consignes \u00e0 bagages sont similaires \u00e0 celles des h\u00f4tels<\/b><\/h3>\r\n<span style=\"font-weight: 400;\">De nombreux voyageurs et clients d'h\u00f4tels ont demand\u00e9 au personnel de la r\u00e9ception s'ils pouvaient stocker leurs bagages jusqu'\u00e0 ce qu'ils quittent la ville plus tard dans la journ\u00e9e. Nous offrons, plus ou moins, ce m\u00eame service, pour tout le monde - peu importe si vous s\u00e9journez dans un h\u00f4tel, un Airbnb ou ailleurs. Nous sommes toujours pr\u00eats \u00e0 vous aider.\u00a0<\/span>\r\n<h3><b>D\u00e9posez vos sacs dans des espaces de consignes v\u00e9rifi\u00e9s avec ce code de r\u00e9duction<\/b><\/h3>\r\n<span style=\"font-weight: 400;\">Clients fid\u00e8les ou nouveaux clients, nous vous offrons un code de r\u00e9duction pour deux heures de d\u00e9p\u00f4t de bagages GRATUIT. Ce code de r\u00e9duction est valable le reste de l'ann\u00e9e dans TOUTES les villes et dans TOUS nos espaces de garde bagage, y compris les magasins partenaires Premium! <\/span>\r\n\r\n[appdownloader]","_links":{"self":[{"href":"https:\/\/luggagehero.com\/fr\/wp-json\/wp\/v2\/pages\/11318","targetHints":{"allow":["GET"]}}],"collection":[{"href":"https:\/\/luggagehero.com\/fr\/wp-json\/wp\/v2\/pages"}],"about":[{"href":"https:\/\/luggagehero.com\/fr\/wp-json\/wp\/v2\/types\/page"}],"author":[{"embeddable":true,"href":"https:\/\/luggagehero.com\/fr\/wp-json\/wp\/v2\/users\/9"}],"replies":[{"embeddable":true,"href":"https:\/\/luggagehero.com\/fr\/wp-json\/wp\/v2\/comments?post=11318"}],"version-history":[{"count":0,"href":"https:\/\/luggagehero.com\/fr\/wp-json\/wp\/v2\/pages\/11318\/revisions"}],"wp:featuredmedia":[{"embeddable":true,"href":"https:\/\/luggagehero.com\/fr\/wp-json\/wp\/v2\/media\/11351"}],"wp:attachment":[{"href":"https:\/\/luggagehero.com\/fr\/wp-json\/wp\/v2\/media?parent=11318"}],"curies":[{"name":"wp","href":"https:\/\/api.w.org\/{rel}","templated":true}]}}