{"id":12151,"date":"2019-11-27T13:17:57","date_gmt":"2019-11-27T13:17:57","guid":{"rendered":"https:\/\/luggagehero.com\/manchester\/manchester-piccadilly\/"},"modified":"2023-09-05T07:40:48","modified_gmt":"2023-09-05T07:40:48","slug":"manchester-piccadilly","status":"publish","type":"page","link":"https:\/\/luggagehero.com\/fr\/manchester\/manchester-piccadilly\/","title":{"rendered":"Manchester Piccadilly"},"content":{"rendered":"<p><span style=\"font-weight: 400;\">Vous cherchez une consigne \u00e0 bagages pr\u00e8s de la gare de Manchester Piccadilly\u00a0? Vous pouvez laisser vos valises dans l\u2019un de nos \u00e9tablissements partenaires du quartier de la gare et partir explorer <a href=\"https:\/\/luggagehero.com\/manchester\/\">Manchester<\/a> sans stress.<\/span><\/p>\n<p><span style=\"font-weight: 400;\">Les \u00e9tablissements LuggageHero sont des <\/span><a href=\"https:\/\/luggagehero.com\/about\/certified-shops\/\"><span style=\"font-weight: 400;\">boutiques, h\u00f4tels et caf\u00e9s certifi\u00e9s<\/span><\/a><span style=\"font-weight: 400;\">. Les r\u00e9servations \u00e0 l\u2019avance vous garantissent d\u2019avoir une place pour vos bagages. L\u2019adresse et l\u2019itin\u00e9raire de l\u2019\u00e9tablissement partenaire vous sont envoy\u00e9s au moment de la r\u00e9servation. Une fois que vous avez d\u00e9pos\u00e9 votre bagage et lanc\u00e9 le compteur sur votre page de r\u00e9servation<\/span>, le commer\u00e7ant fixe un <a href=\"https:\/\/luggagehero.com\/about\/security-seal\/\"><span style=\"font-weight: 400;\">scell\u00e9 de s\u00e9curit\u00e9<\/span><\/a><span style=\"font-weight: 400;\"> qui assure votre bagage jusqu\u2019\u00e0 un montant de <pricing-component type=\"insurancecoverage\"><\/pricing-component>.<\/span><\/p>\n","protected":false},"excerpt":{"rendered":"<p>Vous cherchez une consigne \u00e0 bagages pr\u00e8s de la gare de Manchester Piccadilly\u00a0? Vous pouvez laisser vos valises dans l\u2019un de nos \u00e9tablissements partenaires du quartier de la gare et partir explorer Manchester sans stress. Les \u00e9tablissements LuggageHero sont des boutiques, h\u00f4tels et caf\u00e9s certifi\u00e9s. Les r\u00e9servations \u00e0 l\u2019avance vous garantissent d\u2019avoir une place pour [&hellip;]<\/p>\n","protected":false},"author":9,"featured_media":0,"parent":11017,"menu_order":0,"comment_status":"closed","ping_status":"closed","template":"template-location.php","meta":{"_acf_changed":false,"footnotes":""},"class_list":["post-12151","page","type-page","status-publish","hentry"],"acf":[],"yoast_head":"<!-- This site is optimized with the Yoast SEO Premium plugin v27.0 (Yoast SEO v27.0) - https:\/\/yoast.com\/product\/yoast-seo-premium-wordpress\/ -->\n<title>Manchester Piccadilly - LuggageHero<\/title>\n<meta name=\"robots\" content=\"index, follow, max-snippet:-1, max-image-preview:large, max-video-preview:-1\" \/>\n<link rel=\"canonical\" href=\"https:\/\/luggagehero.com\/fr\/manchester\/manchester-piccadilly\/\" \/>\n<meta property=\"og:locale\" content=\"fr_FR\" \/>\n<meta property=\"og:type\" content=\"article\" \/>\n<meta property=\"og:title\" content=\"Manchester Piccadilly\" \/>\n<meta property=\"og:description\" content=\"Vous cherchez une consigne \u00e0 bagages pr\u00e8s de la gare de Manchester Piccadilly\u00a0? Vous pouvez laisser vos valises dans l\u2019un de nos \u00e9tablissements partenaires du quartier de la gare et partir explorer Manchester sans stress. Les \u00e9tablissements LuggageHero sont des boutiques, h\u00f4tels et caf\u00e9s certifi\u00e9s. Les r\u00e9servations \u00e0 l\u2019avance vous garantissent d\u2019avoir une place pour [&hellip;]\" \/>\n<meta property=\"og:url\" content=\"https:\/\/luggagehero.com\/fr\/manchester\/manchester-piccadilly\/\" \/>\n<meta property=\"og:site_name\" content=\"LuggageHero\" \/>\n<meta property=\"article:publisher\" content=\"https:\/\/www.facebook.com\/luggagehero\" \/>\n<meta property=\"article:modified_time\" content=\"2023-09-05T07:40:48+00:00\" \/>\n<meta property=\"og:image\" content=\"https:\/\/luggagehero.com\/wp-content\/uploads\/2017\/05\/luggagehero-luggage-storage-2.png\" \/>\n\t<meta property=\"og:image:width\" content=\"200\" \/>\n\t<meta property=\"og:image:height\" content=\"200\" \/>\n\t<meta property=\"og:image:type\" content=\"image\/png\" \/>\n<meta name=\"twitter:card\" content=\"summary_large_image\" \/>\n<meta name=\"twitter:site\" content=\"@luggagehero\" \/>\n<meta name=\"twitter:label1\" content=\"Est. reading time\" \/>\n\t<meta name=\"twitter:data1\" content=\"1 minute\" \/>\n<script type=\"application\/ld+json\" class=\"yoast-schema-graph\">{\"@context\":\"https:\/\/schema.org\",\"@graph\":[{\"@type\":\"WebPage\",\"@id\":\"https:\/\/luggagehero.com\/fr\/manchester\/manchester-piccadilly\/\",\"url\":\"https:\/\/luggagehero.com\/fr\/manchester\/manchester-piccadilly\/\",\"name\":\"Manchester Piccadilly - LuggageHero\",\"isPartOf\":{\"@id\":\"https:\/\/luggagehero.com\/fr\/#website\"},\"datePublished\":\"2019-11-27T13:17:57+00:00\",\"dateModified\":\"2023-09-05T07:40:48+00:00\",\"breadcrumb\":{\"@id\":\"https:\/\/luggagehero.com\/fr\/manchester\/manchester-piccadilly\/#breadcrumb\"},\"inLanguage\":\"fr-FR\",\"potentialAction\":[{\"@type\":\"ReadAction\",\"target\":[\"https:\/\/luggagehero.com\/fr\/manchester\/manchester-piccadilly\/\"]}]},{\"@type\":\"BreadcrumbList\",\"@id\":\"https:\/\/luggagehero.com\/fr\/manchester\/manchester-piccadilly\/#breadcrumb\",\"itemListElement\":[{\"@type\":\"ListItem\",\"position\":1,\"name\":\"Home\",\"item\":\"https:\/\/luggagehero.com\/fr\/\"},{\"@type\":\"ListItem\",\"position\":2,\"name\":\"Manchester\",\"item\":\"https:\/\/luggagehero.com\/fr\/manchester\/\"},{\"@type\":\"ListItem\",\"position\":3,\"name\":\"Manchester Piccadilly\"}]},{\"@type\":\"WebSite\",\"@id\":\"https:\/\/luggagehero.com\/fr\/#website\",\"url\":\"https:\/\/luggagehero.com\/fr\/\",\"name\":\"LuggageHero\",\"description\":\"Free yourself from luggage\",\"publisher\":{\"@id\":\"https:\/\/luggagehero.com\/fr\/#organization\"},\"potentialAction\":[{\"@type\":\"SearchAction\",\"target\":{\"@type\":\"EntryPoint\",\"urlTemplate\":\"https:\/\/luggagehero.com\/fr\/?s={search_term_string}\"},\"query-input\":{\"@type\":\"PropertyValueSpecification\",\"valueRequired\":true,\"valueName\":\"search_term_string\"}}],\"inLanguage\":\"fr-FR\"},{\"@type\":\"Organization\",\"@id\":\"https:\/\/luggagehero.com\/fr\/#organization\",\"name\":\"LuggageHero\",\"url\":\"https:\/\/luggagehero.com\/fr\/\",\"logo\":{\"@type\":\"ImageObject\",\"inLanguage\":\"fr-FR\",\"@id\":\"https:\/\/luggagehero.com\/fr\/#\/schema\/logo\/image\/\",\"url\":\"https:\/\/luggagehero.com\/wp-content\/uploads\/2017\/04\/luggagehero_LOGO-RGB_kort_POS_200x200.png\",\"contentUrl\":\"https:\/\/luggagehero.com\/wp-content\/uploads\/2017\/04\/luggagehero_LOGO-RGB_kort_POS_200x200.png\",\"width\":200,\"height\":200,\"caption\":\"LuggageHero\"},\"image\":{\"@id\":\"https:\/\/luggagehero.com\/fr\/#\/schema\/logo\/image\/\"},\"sameAs\":[\"https:\/\/www.facebook.com\/luggagehero\",\"https:\/\/x.com\/luggagehero\",\"https:\/\/www.instagram.com\/luggagehero\",\"https:\/\/www.linkedin.com\/company\/luggagehero\/\"]}]}<\/script>\n<!-- \/ Yoast SEO Premium plugin. -->","yoast_head_json":{"title":"Manchester Piccadilly - LuggageHero","robots":{"index":"index","follow":"follow","max-snippet":"max-snippet:-1","max-image-preview":"max-image-preview:large","max-video-preview":"max-video-preview:-1"},"canonical":"https:\/\/luggagehero.com\/fr\/manchester\/manchester-piccadilly\/","og_locale":"fr_FR","og_type":"article","og_title":"Manchester Piccadilly","og_description":"Vous cherchez une consigne \u00e0 bagages pr\u00e8s de la gare de Manchester Piccadilly\u00a0? Vous pouvez laisser vos valises dans l\u2019un de nos \u00e9tablissements partenaires du quartier de la gare et partir explorer Manchester sans stress. Les \u00e9tablissements LuggageHero sont des boutiques, h\u00f4tels et caf\u00e9s certifi\u00e9s. Les r\u00e9servations \u00e0 l\u2019avance vous garantissent d\u2019avoir une place pour [&hellip;]","og_url":"https:\/\/luggagehero.com\/fr\/manchester\/manchester-piccadilly\/","og_site_name":"LuggageHero","article_publisher":"https:\/\/www.facebook.com\/luggagehero","article_modified_time":"2023-09-05T07:40:48+00:00","og_image":[{"width":200,"height":200,"url":"https:\/\/luggagehero.com\/wp-content\/uploads\/2017\/05\/luggagehero-luggage-storage-2.png","type":"image\/png"}],"twitter_card":"summary_large_image","twitter_site":"@luggagehero","twitter_misc":{"Est. reading time":"1 minute"},"schema":{"@context":"https:\/\/schema.org","@graph":[{"@type":"WebPage","@id":"https:\/\/luggagehero.com\/fr\/manchester\/manchester-piccadilly\/","url":"https:\/\/luggagehero.com\/fr\/manchester\/manchester-piccadilly\/","name":"Manchester Piccadilly - LuggageHero","isPartOf":{"@id":"https:\/\/luggagehero.com\/fr\/#website"},"datePublished":"2019-11-27T13:17:57+00:00","dateModified":"2023-09-05T07:40:48+00:00","breadcrumb":{"@id":"https:\/\/luggagehero.com\/fr\/manchester\/manchester-piccadilly\/#breadcrumb"},"inLanguage":"fr-FR","potentialAction":[{"@type":"ReadAction","target":["https:\/\/luggagehero.com\/fr\/manchester\/manchester-piccadilly\/"]}]},{"@type":"BreadcrumbList","@id":"https:\/\/luggagehero.com\/fr\/manchester\/manchester-piccadilly\/#breadcrumb","itemListElement":[{"@type":"ListItem","position":1,"name":"Home","item":"https:\/\/luggagehero.com\/fr\/"},{"@type":"ListItem","position":2,"name":"Manchester","item":"https:\/\/luggagehero.com\/fr\/manchester\/"},{"@type":"ListItem","position":3,"name":"Manchester Piccadilly"}]},{"@type":"WebSite","@id":"https:\/\/luggagehero.com\/fr\/#website","url":"https:\/\/luggagehero.com\/fr\/","name":"LuggageHero","description":"Free yourself from luggage","publisher":{"@id":"https:\/\/luggagehero.com\/fr\/#organization"},"potentialAction":[{"@type":"SearchAction","target":{"@type":"EntryPoint","urlTemplate":"https:\/\/luggagehero.com\/fr\/?s={search_term_string}"},"query-input":{"@type":"PropertyValueSpecification","valueRequired":true,"valueName":"search_term_string"}}],"inLanguage":"fr-FR"},{"@type":"Organization","@id":"https:\/\/luggagehero.com\/fr\/#organization","name":"LuggageHero","url":"https:\/\/luggagehero.com\/fr\/","logo":{"@type":"ImageObject","inLanguage":"fr-FR","@id":"https:\/\/luggagehero.com\/fr\/#\/schema\/logo\/image\/","url":"https:\/\/luggagehero.com\/wp-content\/uploads\/2017\/04\/luggagehero_LOGO-RGB_kort_POS_200x200.png","contentUrl":"https:\/\/luggagehero.com\/wp-content\/uploads\/2017\/04\/luggagehero_LOGO-RGB_kort_POS_200x200.png","width":200,"height":200,"caption":"LuggageHero"},"image":{"@id":"https:\/\/luggagehero.com\/fr\/#\/schema\/logo\/image\/"},"sameAs":["https:\/\/www.facebook.com\/luggagehero","https:\/\/x.com\/luggagehero","https:\/\/www.instagram.com\/luggagehero","https:\/\/www.linkedin.com\/company\/luggagehero\/"]}]}},"place_id":"","place_latitude_longitude":"53.4774,-2.2312","place_name":"Manchester Piccadilly","criteria_title":"","criteria_description":"","meta_title":"","meta_description":"","children_criteria_title":"","children_criteria_description":"","children_meta_title":"","children_meta_description":"","_edit_last":"46","use_global_content":"","poi_type":"PublicTransit","content_raw":"<span style=\"font-weight: 400;\">Vous cherchez une consigne \u00e0 bagages pr\u00e8s de la gare de Manchester Piccadilly\u00a0? Vous pouvez laisser vos valises dans l\u2019un de nos \u00e9tablissements partenaires du quartier de la gare et partir explorer <a href=\"https:\/\/luggagehero.com\/manchester\/\">Manchester<\/a> sans stress.<\/span>\r\n\r\n<span style=\"font-weight: 400;\">Les \u00e9tablissements LuggageHero sont des <\/span><a href=\"https:\/\/luggagehero.com\/about\/certified-shops\/\"><span style=\"font-weight: 400;\">boutiques, h\u00f4tels et caf\u00e9s certifi\u00e9s<\/span><\/a><span style=\"font-weight: 400;\">. Les r\u00e9servations \u00e0 l\u2019avance vous garantissent d\u2019avoir une place pour vos bagages. L\u2019adresse et l\u2019itin\u00e9raire de l\u2019\u00e9tablissement partenaire vous sont envoy\u00e9s au moment de la r\u00e9servation. Une fois que vous avez d\u00e9pos\u00e9 votre bagage et lanc\u00e9 le compteur sur votre page de r\u00e9servation<\/span>, le commer\u00e7ant fixe un <a href=\"https:\/\/luggagehero.com\/about\/security-seal\/\"><span style=\"font-weight: 400;\">scell\u00e9 de s\u00e9curit\u00e9<\/span><\/a><span style=\"font-weight: 400;\"> qui assure votre bagage jusqu\u2019\u00e0 un montant de [pricing insurancecoverage].<\/span>","_links":{"self":[{"href":"https:\/\/luggagehero.com\/fr\/wp-json\/wp\/v2\/pages\/12151","targetHints":{"allow":["GET"]}}],"collection":[{"href":"https:\/\/luggagehero.com\/fr\/wp-json\/wp\/v2\/pages"}],"about":[{"href":"https:\/\/luggagehero.com\/fr\/wp-json\/wp\/v2\/types\/page"}],"author":[{"embeddable":true,"href":"https:\/\/luggagehero.com\/fr\/wp-json\/wp\/v2\/users\/9"}],"replies":[{"embeddable":true,"href":"https:\/\/luggagehero.com\/fr\/wp-json\/wp\/v2\/comments?post=12151"}],"version-history":[{"count":0,"href":"https:\/\/luggagehero.com\/fr\/wp-json\/wp\/v2\/pages\/12151\/revisions"}],"up":[{"embeddable":true,"href":"https:\/\/luggagehero.com\/fr\/wp-json\/wp\/v2\/pages\/11017"}],"wp:attachment":[{"href":"https:\/\/luggagehero.com\/fr\/wp-json\/wp\/v2\/media?parent=12151"}],"curies":[{"name":"wp","href":"https:\/\/api.w.org\/{rel}","templated":true}]}}