{"id":30151,"date":"2020-09-18T15:33:11","date_gmt":"2020-09-18T15:33:11","guid":{"rendered":"https:\/\/luggagehero.com\/?page_id=30151"},"modified":"2020-09-18T15:59:11","modified_gmt":"2020-09-18T15:59:11","slug":"ung-startup-vi-vil-uddanne-fremtidens-digitale-medarbejdere","status":"publish","type":"page","link":"https:\/\/luggagehero.com\/fr\/press-center\/press-releases\/ung-startup-vi-vil-uddanne-fremtidens-digitale-medarbejdere\/","title":{"rendered":"Ung startup &#8211; Vi vil uddanne fremtidens digitale medarbejdere"},"content":{"rendered":"<p>FOR RELEASE: SEPTEMBER 17, 2020<\/p>\n<h1><span style=\"font-weight: 400;\">Ung startup: Vi vil uddanne fremtidens digitale medarbejdere\u00a0<\/span><\/h1>\n<p><span style=\"font-weight: 400;\">K\u00d8BENHAVN: Startupvirksomheden og international markedsleder inden for bagageopbevaring branchen LuggageHero oplever hvordan et ambiti\u00f8st praktikprogram med fokus p\u00e5 digitale kompetencer, kan v\u00e6re til gavn for b\u00e5de de studerende, erhvervslivet og LuggageHero selv.\u00a0<\/span><\/p>\n<h2><span style=\"font-weight: 400;\">Startupvirksomheden LuggageHero har startet sit eget praktikprogram inspireret af egne erfaringer\u00a0<\/span><\/h2>\n<p><span style=\"font-weight: 400;\">LuggageHero tror p\u00e5, at et ambiti\u00f8st praktikprogram i digital marketing kan hj\u00e6lpe virksomheden i den internationale konkurrence samtidig med at hj\u00e6lpe de studerendes fremtidsudsigter. Praktikken er nemlig designet til at uddanne praktikanterne i en lang r\u00e6kke praktiske digitale processer og v\u00e6rkt\u00f8jer, s\u00e5ledes de kan blive mere konkurrencedygtige p\u00e5 arbejdsmarkedet. Her refereres der til processer og v\u00e6rkt\u00f8jer s\u00e5som SEO og Google Ads som eftersp\u00f8rges af b\u00e5de nationale og internationale virksomheder.\u00a0\u00a0<\/span><\/p>\n<p><span style=\"font-weight: 400;\">Simon Bro, Head of Marketing hos LuggageHero, startede praktikprogrammet i starten af \u00e5ret, fordi han selv landede sit f\u00f8rste fuldtidsjob p\u00e5 baggrund af den know how, han tilegnede sig i sin studiepraktik: <\/span><span style=\"font-weight: 400;\"><br \/>\n<\/span><i><span style=\"font-weight: 400;\">\u201cJeg fik mit f\u00f8rste job som et outcome af den erfaring, jeg fik gennem min praktik, hvor jeg for f\u00f8rste gang stiftede bekendtskab med SEO. I dag sidder jeg som Head of Marketing, og jeg tilskriver fortsat en stor del af \u00e5rsagen til min praktik. Faktisk v\u00e6gter jeg min praktik liges\u00e5 h\u00f8jt som den teoretiske del af min uddannelse\u201d.\u00a0<\/span><\/i><\/p>\n<p><b>Ogs\u00e5 praktikanterne oplever praktikken som en vigtig faktor for deres fremtidige jobmuligheder:\u00a0<\/b><\/p>\n<p><i><span style=\"font-weight: 400;\">\u201cMy main goal with my internship at LuggageHero was to switch from offline marketing to digital marketing. I chose LuggageHero because I like the brand image and the company vision. The best things about my internship was the great working environment, the outgoing colleagues and that I had flexible working hours.<\/span><\/i><\/p>\n<p><i><span style=\"font-weight: 400;\">I\u2019ve learned a lot about SEO during my internship and I feel that the internship has increased my possibilities for a job, as I can show my skills right away.\u201d<\/span><\/i><\/p>\n<p><span style=\"font-weight: 400;\">&#8211; Joanne, Digital Marketing Intern\u00a0<\/span><\/p>\n<p><span style=\"font-weight: 400;\">Joanne blev headhuntet af en stor international virksomhed ved afslutningen af sin praktikplads.\u00a0<\/span><\/p>\n<h2><span style=\"font-weight: 400;\">Stor usikkerhed p\u00e5 arbejdsmarkedet kalder p\u00e5 bedre kompetencer<\/span><\/h2>\n<p><span style=\"font-weight: 400;\">Jobm\u00e6ssigt st\u00e5r vi i Danmark, i skrivende stund, i en situation, hvor arbejdsl\u00f8sheden er h\u00f8j, og fremtiden er usikker. Det betyder, at der er f\u00e6rre jobs i spil og at konkurrencen for de nyuddannede er h\u00e5rdere end, hvad situationen har v\u00e6ret for ganske kort tid siden. Dertil er der en mangel p\u00e5 digitalt faglige medarbejdere, som kan bidrage til at v\u00e6kste de danske virksomheder. <\/span><\/p>\n<p><span style=\"font-weight: 400;\">Praktikken tillader de studerende at omdanne faglig viden til praktisk kunnen og giver dem et godt afs\u00e6t til en fremtidig karriere inden for den digitale palette. Det er for LuggageHero at se win-win, fordi praktikken fremmer de studerendes karrieremuligheder samtidigt med, at LuggageHero f\u00e5r gavn af de friske teoretiske kompetencer som de studerende kommer med fra deres respektive studieretninger:<\/span><\/p>\n<p><span style=\"font-weight: 400;\">\u201c<\/span><i><span style=\"font-weight: 400;\">Som praktiksted g\u00e5r vi op i at ans\u00e6tte studerende med et stort drive og et reelt \u00f8nske om at blive klogere p\u00e5 digital marketing. Vi oplever, hvordan praktikanternes arbejde direkte har bidraget til at v\u00e6kste LuggageHero samt forbedret deres egne professionelle fremtidsudsigter. Vi har s\u00e5gar haft tre praktikanter, som er blevet ansat i fuldtidsstillinger b\u00e5de her og hos andre virksomheder som et direkte outcome af deres erfaring erhvervet fra vores praktikplads. Og vi er stolte af, at vi kan tilbyde et st\u00e6rkt program og dermed uddanne dem til et digitalt erhvervsliv<\/span><\/i><span style=\"font-weight: 400;\">\u201d fort\u00e6ller Simon Bro, Head of Marketing hos LuggageHero.\u00a0<\/span><\/p>\n<p><span style=\"font-weight: 400;\">LuggageHero ser et generelt billede af, at mange virksomheder er gode til at byde de studerende velkommen og dermed tage del i udviklingen af de unges digitale kompetencer. Det er en gl\u00e6delig tendens, fordi de digitale f\u00e6rdigheder er, og fortsat vil v\u00e6re, en stor del af de danske virksomheders v\u00e6kst.\u00a0<\/span><\/p>\n<p><b>Fakta\u00a0<\/b><\/p>\n<ul>\n<li style=\"font-weight: 400;\"><span style=\"font-weight: 400;\">LuggageHero har siden starten af 2020 haft 7 praktikanter\u00a0<\/span><\/li>\n<li style=\"font-weight: 400;\"><span style=\"font-weight: 400;\">LuggageHero har fokus p\u00e5 at praktikanterne f\u00e5r praktiske f\u00e6rdigheder &#8211; s\u00e6rligt inden for SEO, Google Ads og SoMe<\/span><\/li>\n<li style=\"font-weight: 400;\"><span style=\"font-weight: 400;\">Praktikforl\u00f8bet varer 3-4 m\u00e5neder og indeholder opgaver inden for SEO, Google Ads, blogging, PR &amp; SoMe; TikTok, Instagram, Facebook m.fl.\u00a0<\/span><\/li>\n<li style=\"font-weight: 400;\"><span style=\"font-weight: 400;\">Arbejdsformen er frihed under ansvar. En form som tilgodeser den enkeltes m\u00e5de at arbejde p\u00e5<\/span><\/li>\n<li style=\"font-weight: 400;\"><span style=\"font-weight: 400;\">Praktikprogrammet er b\u00e5de for danske og internationale studerende\u00a0<\/span><\/li>\n<li style=\"font-weight: 400;\"><span style=\"font-weight: 400;\">LuggageHero holder til p\u00e5 Frederiksberg og har i dag 17 ansatte\u00a0<\/span><\/li>\n<li style=\"font-weight: 400;\"><span style=\"font-weight: 400;\">LuggageHero er et netv\u00e6rk af kortsigtede baggage opbevaringsmuligheder i butikker, p\u00e5 caf\u00e9er, hoteller mm.<\/span><\/li>\n<\/ul>\n<p>&nbsp;<\/p>\n<p><b>Kontakt\u00a0<\/b><\/p>\n<p><span style=\"font-weight: 400;\">Simon Bro, Head of Marketing\u00a0<\/span><\/p>\n<p><a href=\"mailto:Simon.bro@luggagehero.com\"><span style=\"font-weight: 400;\">Simon.bro@luggagehero.com<\/span><\/a><\/p>\n<p><span style=\"font-weight: 400;\">Tlf: 20 94 42 92<\/span><\/p>\n<p>&nbsp;<\/p>\n<p><span style=\"font-weight: 400;\">https:\/\/luggagehero.com\/<\/span><\/p>\n<p><a href=\"https:\/\/luggagehero.com\/internship\/\"><span style=\"font-weight: 400;\">https:\/\/luggagehero.com\/internship<\/span><\/a><\/p>\n<p><span style=\"font-weight: 400;\">LinkedIn: https:\/\/www.linkedin.com\/company\/luggagehero\/<\/span><\/p>\n<p><span style=\"font-weight: 400;\">Facebook: <\/span><a href=\"https:\/\/www.facebook.com\/luggagehero\"><span style=\"font-weight: 400;\">https:\/\/www.facebook.com\/luggagehero<\/span><\/a><\/p>\n","protected":false},"excerpt":{"rendered":"<p>FOR RELEASE: SEPTEMBER 17, 2020 Ung startup: Vi vil uddanne fremtidens digitale medarbejdere\u00a0 K\u00d8BENHAVN: Startupvirksomheden og international markedsleder inden for bagageopbevaring branchen LuggageHero oplever hvordan et ambiti\u00f8st praktikprogram med fokus p\u00e5 digitale kompetencer, kan v\u00e6re til gavn for b\u00e5de de studerende, erhvervslivet og LuggageHero selv.\u00a0 Startupvirksomheden LuggageHero har startet sit eget praktikprogram inspireret af egne [&hellip;]<\/p>\n","protected":false},"author":22,"featured_media":0,"parent":3522,"menu_order":0,"comment_status":"closed","ping_status":"closed","template":"","meta":{"_acf_changed":false,"footnotes":""},"class_list":["post-30151","page","type-page","status-publish","hentry"],"acf":[],"yoast_head":"<!-- This site is optimized with the Yoast SEO Premium plugin v27.0 (Yoast SEO v27.0) - https:\/\/yoast.com\/product\/yoast-seo-premium-wordpress\/ -->\n<title>Ung startup - Vi vil uddanne fremtidens digitale medarbejdere - LuggageHero<\/title>\n<meta name=\"robots\" content=\"index, follow, max-snippet:-1, max-image-preview:large, max-video-preview:-1\" \/>\n<link rel=\"canonical\" href=\"https:\/\/luggagehero.com\/fr\/press-center\/press-releases\/ung-startup-vi-vil-uddanne-fremtidens-digitale-medarbejdere\/\" \/>\n<meta property=\"og:locale\" content=\"fr_FR\" \/>\n<meta property=\"og:type\" content=\"article\" \/>\n<meta property=\"og:title\" content=\"Ung startup - Vi vil uddanne fremtidens digitale medarbejdere\" \/>\n<meta property=\"og:description\" content=\"FOR RELEASE: SEPTEMBER 17, 2020 Ung startup: Vi vil uddanne fremtidens digitale medarbejdere\u00a0 K\u00d8BENHAVN: Startupvirksomheden og international markedsleder inden for bagageopbevaring branchen LuggageHero oplever hvordan et ambiti\u00f8st praktikprogram med fokus p\u00e5 digitale kompetencer, kan v\u00e6re til gavn for b\u00e5de de studerende, erhvervslivet og LuggageHero selv.\u00a0 Startupvirksomheden LuggageHero har startet sit eget praktikprogram inspireret af egne [&hellip;]\" \/>\n<meta property=\"og:url\" content=\"https:\/\/luggagehero.com\/fr\/press-center\/press-releases\/ung-startup-vi-vil-uddanne-fremtidens-digitale-medarbejdere\/\" \/>\n<meta property=\"og:site_name\" content=\"LuggageHero\" \/>\n<meta property=\"article:publisher\" content=\"https:\/\/www.facebook.com\/luggagehero\" \/>\n<meta property=\"article:modified_time\" content=\"2020-09-18T15:59:11+00:00\" \/>\n<meta property=\"og:image\" content=\"https:\/\/luggagehero.com\/wp-content\/uploads\/2017\/05\/luggagehero-luggage-storage-2.png\" \/>\n\t<meta property=\"og:image:width\" content=\"200\" \/>\n\t<meta property=\"og:image:height\" content=\"200\" \/>\n\t<meta property=\"og:image:type\" content=\"image\/png\" \/>\n<meta name=\"twitter:card\" content=\"summary_large_image\" \/>\n<meta name=\"twitter:site\" content=\"@luggagehero\" \/>\n<meta name=\"twitter:label1\" content=\"Est. reading time\" \/>\n\t<meta name=\"twitter:data1\" content=\"4 minutes\" \/>\n<script type=\"application\/ld+json\" class=\"yoast-schema-graph\">{\"@context\":\"https:\/\/schema.org\",\"@graph\":[{\"@type\":\"WebPage\",\"@id\":\"https:\/\/luggagehero.com\/fr\/press-center\/press-releases\/ung-startup-vi-vil-uddanne-fremtidens-digitale-medarbejdere\/\",\"url\":\"https:\/\/luggagehero.com\/fr\/press-center\/press-releases\/ung-startup-vi-vil-uddanne-fremtidens-digitale-medarbejdere\/\",\"name\":\"Ung startup - Vi vil uddanne fremtidens digitale medarbejdere - LuggageHero\",\"isPartOf\":{\"@id\":\"https:\/\/luggagehero.com\/fr\/#website\"},\"datePublished\":\"2020-09-18T15:33:11+00:00\",\"dateModified\":\"2020-09-18T15:59:11+00:00\",\"breadcrumb\":{\"@id\":\"https:\/\/luggagehero.com\/fr\/press-center\/press-releases\/ung-startup-vi-vil-uddanne-fremtidens-digitale-medarbejdere\/#breadcrumb\"},\"inLanguage\":\"fr-FR\",\"potentialAction\":[{\"@type\":\"ReadAction\",\"target\":[\"https:\/\/luggagehero.com\/fr\/press-center\/press-releases\/ung-startup-vi-vil-uddanne-fremtidens-digitale-medarbejdere\/\"]}]},{\"@type\":\"BreadcrumbList\",\"@id\":\"https:\/\/luggagehero.com\/fr\/press-center\/press-releases\/ung-startup-vi-vil-uddanne-fremtidens-digitale-medarbejdere\/#breadcrumb\",\"itemListElement\":[{\"@type\":\"ListItem\",\"position\":1,\"name\":\"Home\",\"item\":\"https:\/\/luggagehero.com\/fr\/\"},{\"@type\":\"ListItem\",\"position\":2,\"name\":\"For the Press\",\"item\":\"https:\/\/luggagehero.com\/fr\/press-center\/\"},{\"@type\":\"ListItem\",\"position\":3,\"name\":\"Press Releases\",\"item\":\"https:\/\/luggagehero.com\/fr\/press-center\/press-releases\/\"},{\"@type\":\"ListItem\",\"position\":4,\"name\":\"Ung startup &#8211; Vi vil uddanne fremtidens digitale medarbejdere\"}]},{\"@type\":\"WebSite\",\"@id\":\"https:\/\/luggagehero.com\/fr\/#website\",\"url\":\"https:\/\/luggagehero.com\/fr\/\",\"name\":\"LuggageHero\",\"description\":\"Free yourself from luggage\",\"publisher\":{\"@id\":\"https:\/\/luggagehero.com\/fr\/#organization\"},\"potentialAction\":[{\"@type\":\"SearchAction\",\"target\":{\"@type\":\"EntryPoint\",\"urlTemplate\":\"https:\/\/luggagehero.com\/fr\/?s={search_term_string}\"},\"query-input\":{\"@type\":\"PropertyValueSpecification\",\"valueRequired\":true,\"valueName\":\"search_term_string\"}}],\"inLanguage\":\"fr-FR\"},{\"@type\":\"Organization\",\"@id\":\"https:\/\/luggagehero.com\/fr\/#organization\",\"name\":\"LuggageHero\",\"url\":\"https:\/\/luggagehero.com\/fr\/\",\"logo\":{\"@type\":\"ImageObject\",\"inLanguage\":\"fr-FR\",\"@id\":\"https:\/\/luggagehero.com\/fr\/#\/schema\/logo\/image\/\",\"url\":\"https:\/\/luggagehero.com\/wp-content\/uploads\/2017\/04\/luggagehero_LOGO-RGB_kort_POS_200x200.png\",\"contentUrl\":\"https:\/\/luggagehero.com\/wp-content\/uploads\/2017\/04\/luggagehero_LOGO-RGB_kort_POS_200x200.png\",\"width\":200,\"height\":200,\"caption\":\"LuggageHero\"},\"image\":{\"@id\":\"https:\/\/luggagehero.com\/fr\/#\/schema\/logo\/image\/\"},\"sameAs\":[\"https:\/\/www.facebook.com\/luggagehero\",\"https:\/\/x.com\/luggagehero\",\"https:\/\/www.instagram.com\/luggagehero\",\"https:\/\/www.linkedin.com\/company\/luggagehero\/\"]}]}<\/script>\n<!-- \/ Yoast SEO Premium plugin. -->","yoast_head_json":{"title":"Ung startup - Vi vil uddanne fremtidens digitale medarbejdere - LuggageHero","robots":{"index":"index","follow":"follow","max-snippet":"max-snippet:-1","max-image-preview":"max-image-preview:large","max-video-preview":"max-video-preview:-1"},"canonical":"https:\/\/luggagehero.com\/fr\/press-center\/press-releases\/ung-startup-vi-vil-uddanne-fremtidens-digitale-medarbejdere\/","og_locale":"fr_FR","og_type":"article","og_title":"Ung startup - Vi vil uddanne fremtidens digitale medarbejdere","og_description":"FOR RELEASE: SEPTEMBER 17, 2020 Ung startup: Vi vil uddanne fremtidens digitale medarbejdere\u00a0 K\u00d8BENHAVN: Startupvirksomheden og international markedsleder inden for bagageopbevaring branchen LuggageHero oplever hvordan et ambiti\u00f8st praktikprogram med fokus p\u00e5 digitale kompetencer, kan v\u00e6re til gavn for b\u00e5de de studerende, erhvervslivet og LuggageHero selv.\u00a0 Startupvirksomheden LuggageHero har startet sit eget praktikprogram inspireret af egne [&hellip;]","og_url":"https:\/\/luggagehero.com\/fr\/press-center\/press-releases\/ung-startup-vi-vil-uddanne-fremtidens-digitale-medarbejdere\/","og_site_name":"LuggageHero","article_publisher":"https:\/\/www.facebook.com\/luggagehero","article_modified_time":"2020-09-18T15:59:11+00:00","og_image":[{"width":200,"height":200,"url":"https:\/\/luggagehero.com\/wp-content\/uploads\/2017\/05\/luggagehero-luggage-storage-2.png","type":"image\/png"}],"twitter_card":"summary_large_image","twitter_site":"@luggagehero","twitter_misc":{"Est. reading time":"4 minutes"},"schema":{"@context":"https:\/\/schema.org","@graph":[{"@type":"WebPage","@id":"https:\/\/luggagehero.com\/fr\/press-center\/press-releases\/ung-startup-vi-vil-uddanne-fremtidens-digitale-medarbejdere\/","url":"https:\/\/luggagehero.com\/fr\/press-center\/press-releases\/ung-startup-vi-vil-uddanne-fremtidens-digitale-medarbejdere\/","name":"Ung startup - Vi vil uddanne fremtidens digitale medarbejdere - LuggageHero","isPartOf":{"@id":"https:\/\/luggagehero.com\/fr\/#website"},"datePublished":"2020-09-18T15:33:11+00:00","dateModified":"2020-09-18T15:59:11+00:00","breadcrumb":{"@id":"https:\/\/luggagehero.com\/fr\/press-center\/press-releases\/ung-startup-vi-vil-uddanne-fremtidens-digitale-medarbejdere\/#breadcrumb"},"inLanguage":"fr-FR","potentialAction":[{"@type":"ReadAction","target":["https:\/\/luggagehero.com\/fr\/press-center\/press-releases\/ung-startup-vi-vil-uddanne-fremtidens-digitale-medarbejdere\/"]}]},{"@type":"BreadcrumbList","@id":"https:\/\/luggagehero.com\/fr\/press-center\/press-releases\/ung-startup-vi-vil-uddanne-fremtidens-digitale-medarbejdere\/#breadcrumb","itemListElement":[{"@type":"ListItem","position":1,"name":"Home","item":"https:\/\/luggagehero.com\/fr\/"},{"@type":"ListItem","position":2,"name":"For the Press","item":"https:\/\/luggagehero.com\/fr\/press-center\/"},{"@type":"ListItem","position":3,"name":"Press Releases","item":"https:\/\/luggagehero.com\/fr\/press-center\/press-releases\/"},{"@type":"ListItem","position":4,"name":"Ung startup &#8211; Vi vil uddanne fremtidens digitale medarbejdere"}]},{"@type":"WebSite","@id":"https:\/\/luggagehero.com\/fr\/#website","url":"https:\/\/luggagehero.com\/fr\/","name":"LuggageHero","description":"Free yourself from luggage","publisher":{"@id":"https:\/\/luggagehero.com\/fr\/#organization"},"potentialAction":[{"@type":"SearchAction","target":{"@type":"EntryPoint","urlTemplate":"https:\/\/luggagehero.com\/fr\/?s={search_term_string}"},"query-input":{"@type":"PropertyValueSpecification","valueRequired":true,"valueName":"search_term_string"}}],"inLanguage":"fr-FR"},{"@type":"Organization","@id":"https:\/\/luggagehero.com\/fr\/#organization","name":"LuggageHero","url":"https:\/\/luggagehero.com\/fr\/","logo":{"@type":"ImageObject","inLanguage":"fr-FR","@id":"https:\/\/luggagehero.com\/fr\/#\/schema\/logo\/image\/","url":"https:\/\/luggagehero.com\/wp-content\/uploads\/2017\/04\/luggagehero_LOGO-RGB_kort_POS_200x200.png","contentUrl":"https:\/\/luggagehero.com\/wp-content\/uploads\/2017\/04\/luggagehero_LOGO-RGB_kort_POS_200x200.png","width":200,"height":200,"caption":"LuggageHero"},"image":{"@id":"https:\/\/luggagehero.com\/fr\/#\/schema\/logo\/image\/"},"sameAs":["https:\/\/www.facebook.com\/luggagehero","https:\/\/x.com\/luggagehero","https:\/\/www.instagram.com\/luggagehero","https:\/\/www.linkedin.com\/company\/luggagehero\/"]}]}},"place_id":"","place_latitude_longitude":"","place_name":"","criteria_title":"","criteria_description":"","meta_title":"","meta_description":"","children_criteria_title":"","children_criteria_description":"","children_meta_title":"","children_meta_description":"","_edit_last":"40","use_global_content":"","poi_type":"","content_raw":"FOR RELEASE: SEPTEMBER 17, 2020\r\n<h1><span style=\"font-weight: 400;\">Ung startup: Vi vil uddanne fremtidens digitale medarbejdere\u00a0<\/span><\/h1>\r\n<span style=\"font-weight: 400;\">K\u00d8BENHAVN: Startupvirksomheden og international markedsleder inden for bagageopbevaring branchen LuggageHero oplever hvordan et ambiti\u00f8st praktikprogram med fokus p\u00e5 digitale kompetencer, kan v\u00e6re til gavn for b\u00e5de de studerende, erhvervslivet og LuggageHero selv.\u00a0<\/span>\r\n<h2><span style=\"font-weight: 400;\">Startupvirksomheden LuggageHero har startet sit eget praktikprogram inspireret af egne erfaringer\u00a0<\/span><\/h2>\r\n<span style=\"font-weight: 400;\">LuggageHero tror p\u00e5, at et ambiti\u00f8st praktikprogram i digital marketing kan hj\u00e6lpe virksomheden i den internationale konkurrence samtidig med at hj\u00e6lpe de studerendes fremtidsudsigter. Praktikken er nemlig designet til at uddanne praktikanterne i en lang r\u00e6kke praktiske digitale processer og v\u00e6rkt\u00f8jer, s\u00e5ledes de kan blive mere konkurrencedygtige p\u00e5 arbejdsmarkedet. Her refereres der til processer og v\u00e6rkt\u00f8jer s\u00e5som SEO og Google Ads som eftersp\u00f8rges af b\u00e5de nationale og internationale virksomheder.\u00a0\u00a0<\/span>\r\n\r\n<span style=\"font-weight: 400;\">Simon Bro, Head of Marketing hos LuggageHero, startede praktikprogrammet i starten af \u00e5ret, fordi han selv landede sit f\u00f8rste fuldtidsjob p\u00e5 baggrund af den know how, han tilegnede sig i sin studiepraktik: <\/span><span style=\"font-weight: 400;\">\r\n<\/span><i><span style=\"font-weight: 400;\">\u201cJeg fik mit f\u00f8rste job som et outcome af den erfaring, jeg fik gennem min praktik, hvor jeg for f\u00f8rste gang stiftede bekendtskab med SEO. I dag sidder jeg som Head of Marketing, og jeg tilskriver fortsat en stor del af \u00e5rsagen til min praktik. Faktisk v\u00e6gter jeg min praktik liges\u00e5 h\u00f8jt som den teoretiske del af min uddannelse\u201d.\u00a0<\/span><\/i>\r\n\r\n<b>Ogs\u00e5 praktikanterne oplever praktikken som en vigtig faktor for deres fremtidige jobmuligheder:\u00a0<\/b>\r\n\r\n<i><span style=\"font-weight: 400;\">\u201cMy main goal with my internship at LuggageHero was to switch from offline marketing to digital marketing. I chose LuggageHero because I like the brand image and the company vision. The best things about my internship was the great working environment, the outgoing colleagues and that I had flexible working hours.<\/span><\/i>\r\n\r\n<i><span style=\"font-weight: 400;\">I\u2019ve learned a lot about SEO during my internship and I feel that the internship has increased my possibilities for a job, as I can show my skills right away.\u201d<\/span><\/i>\r\n\r\n<span style=\"font-weight: 400;\">- Joanne, Digital Marketing Intern\u00a0<\/span>\r\n\r\n<span style=\"font-weight: 400;\">Joanne blev headhuntet af en stor international virksomhed ved afslutningen af sin praktikplads.\u00a0<\/span>\r\n<h2><span style=\"font-weight: 400;\">Stor usikkerhed p\u00e5 arbejdsmarkedet kalder p\u00e5 bedre kompetencer<\/span><\/h2>\r\n<span style=\"font-weight: 400;\">Jobm\u00e6ssigt st\u00e5r vi i Danmark, i skrivende stund, i en situation, hvor arbejdsl\u00f8sheden er h\u00f8j, og fremtiden er usikker. Det betyder, at der er f\u00e6rre jobs i spil og at konkurrencen for de nyuddannede er h\u00e5rdere end, hvad situationen har v\u00e6ret for ganske kort tid siden. Dertil er der en mangel p\u00e5 digitalt faglige medarbejdere, som kan bidrage til at v\u00e6kste de danske virksomheder. <\/span>\r\n\r\n<span style=\"font-weight: 400;\">Praktikken tillader de studerende at omdanne faglig viden til praktisk kunnen og giver dem et godt afs\u00e6t til en fremtidig karriere inden for den digitale palette. Det er for LuggageHero at se win-win, fordi praktikken fremmer de studerendes karrieremuligheder samtidigt med, at LuggageHero f\u00e5r gavn af de friske teoretiske kompetencer som de studerende kommer med fra deres respektive studieretninger:<\/span>\r\n\r\n<span style=\"font-weight: 400;\">\u201c<\/span><i><span style=\"font-weight: 400;\">Som praktiksted g\u00e5r vi op i at ans\u00e6tte studerende med et stort drive og et reelt \u00f8nske om at blive klogere p\u00e5 digital marketing. Vi oplever, hvordan praktikanternes arbejde direkte har bidraget til at v\u00e6kste LuggageHero samt forbedret deres egne professionelle fremtidsudsigter. Vi har s\u00e5gar haft tre praktikanter, som er blevet ansat i fuldtidsstillinger b\u00e5de her og hos andre virksomheder som et direkte outcome af deres erfaring erhvervet fra vores praktikplads. Og vi er stolte af, at vi kan tilbyde et st\u00e6rkt program og dermed uddanne dem til et digitalt erhvervsliv<\/span><\/i><span style=\"font-weight: 400;\">\u201d fort\u00e6ller Simon Bro, Head of Marketing hos LuggageHero.\u00a0<\/span>\r\n\r\n<span style=\"font-weight: 400;\">LuggageHero ser et generelt billede af, at mange virksomheder er gode til at byde de studerende velkommen og dermed tage del i udviklingen af de unges digitale kompetencer. Det er en gl\u00e6delig tendens, fordi de digitale f\u00e6rdigheder er, og fortsat vil v\u00e6re, en stor del af de danske virksomheders v\u00e6kst.\u00a0<\/span>\r\n\r\n<b>Fakta\u00a0<\/b>\r\n<ul>\r\n \t<li style=\"font-weight: 400;\"><span style=\"font-weight: 400;\">LuggageHero har siden starten af 2020 haft 7 praktikanter\u00a0<\/span><\/li>\r\n \t<li style=\"font-weight: 400;\"><span style=\"font-weight: 400;\">LuggageHero har fokus p\u00e5 at praktikanterne f\u00e5r praktiske f\u00e6rdigheder - s\u00e6rligt inden for SEO, Google Ads og SoMe<\/span><\/li>\r\n \t<li style=\"font-weight: 400;\"><span style=\"font-weight: 400;\">Praktikforl\u00f8bet varer 3-4 m\u00e5neder og indeholder opgaver inden for SEO, Google Ads, blogging, PR &amp; SoMe; TikTok, Instagram, Facebook m.fl.\u00a0<\/span><\/li>\r\n \t<li style=\"font-weight: 400;\"><span style=\"font-weight: 400;\">Arbejdsformen er frihed under ansvar. En form som tilgodeser den enkeltes m\u00e5de at arbejde p\u00e5<\/span><\/li>\r\n \t<li style=\"font-weight: 400;\"><span style=\"font-weight: 400;\">Praktikprogrammet er b\u00e5de for danske og internationale studerende\u00a0<\/span><\/li>\r\n \t<li style=\"font-weight: 400;\"><span style=\"font-weight: 400;\">LuggageHero holder til p\u00e5 Frederiksberg og har i dag 17 ansatte\u00a0<\/span><\/li>\r\n \t<li style=\"font-weight: 400;\"><span style=\"font-weight: 400;\">LuggageHero er et netv\u00e6rk af kortsigtede baggage opbevaringsmuligheder i butikker, p\u00e5 caf\u00e9er, hoteller mm.<\/span><\/li>\r\n<\/ul>\r\n&nbsp;\r\n\r\n<b>Kontakt\u00a0<\/b>\r\n\r\n<span style=\"font-weight: 400;\">Simon Bro, Head of Marketing\u00a0<\/span>\r\n\r\n<a href=\"mailto:Simon.bro@luggagehero.com\"><span style=\"font-weight: 400;\">Simon.bro@luggagehero.com<\/span><\/a>\r\n\r\n<span style=\"font-weight: 400;\">Tlf: 20 94 42 92<\/span>\r\n\r\n&nbsp;\r\n\r\n<span style=\"font-weight: 400;\">https:\/\/luggagehero.com\/<\/span>\r\n\r\n<a href=\"https:\/\/luggagehero.com\/internship\/\"><span style=\"font-weight: 400;\">https:\/\/luggagehero.com\/internship<\/span><\/a>\r\n\r\n<span style=\"font-weight: 400;\">LinkedIn: https:\/\/www.linkedin.com\/company\/luggagehero\/<\/span>\r\n\r\n<span style=\"font-weight: 400;\">Facebook: <\/span><a href=\"https:\/\/www.facebook.com\/luggagehero\"><span style=\"font-weight: 400;\">https:\/\/www.facebook.com\/luggagehero<\/span><\/a>","_links":{"self":[{"href":"https:\/\/luggagehero.com\/fr\/wp-json\/wp\/v2\/pages\/30151","targetHints":{"allow":["GET"]}}],"collection":[{"href":"https:\/\/luggagehero.com\/fr\/wp-json\/wp\/v2\/pages"}],"about":[{"href":"https:\/\/luggagehero.com\/fr\/wp-json\/wp\/v2\/types\/page"}],"author":[{"embeddable":true,"href":"https:\/\/luggagehero.com\/fr\/wp-json\/wp\/v2\/users\/22"}],"replies":[{"embeddable":true,"href":"https:\/\/luggagehero.com\/fr\/wp-json\/wp\/v2\/comments?post=30151"}],"version-history":[{"count":0,"href":"https:\/\/luggagehero.com\/fr\/wp-json\/wp\/v2\/pages\/30151\/revisions"}],"up":[{"embeddable":true,"href":"https:\/\/luggagehero.com\/fr\/wp-json\/wp\/v2\/pages\/3522"}],"wp:attachment":[{"href":"https:\/\/luggagehero.com\/fr\/wp-json\/wp\/v2\/media?parent=30151"}],"curies":[{"name":"wp","href":"https:\/\/api.w.org\/{rel}","templated":true}]}}