{"id":44569,"date":"2022-05-02T15:37:42","date_gmt":"2022-05-02T15:37:42","guid":{"rendered":"https:\/\/luggagehero.com\/buenos-aires\/rio-de-janeiro\/"},"modified":"2023-03-23T09:24:03","modified_gmt":"2023-03-23T09:24:03","slug":"rio-de-janeiro","status":"publish","type":"page","link":"https:\/\/luggagehero.com\/fr\/buenos-aires\/rio-de-janeiro\/","title":{"rendered":"R\u00edo de Janeiro Metro"},"content":{"rendered":"<p>Are you looking for luggage storage near R\u00edo de Janeiro Metro? You can store your bags with one of our luggage storage locations just around R\u00edo de Janeiro Metro. Explore <a href=\"https:\/\/luggagehero.com\/buenos-aires\/\">Buenos Aires<\/a> hassle-free.<\/p>\n<p>LuggageHero storage sites are <a href=\"https:\/\/luggagehero.com\/about\/certified-shops\/\">certified hotels, cafes, and shops<\/a>. Advance bookings ensure space for your bags. The address and directions to our partner shops are available at the time of booking. All bags are ensured up to <pricing-component type=\"insurancecoverage\"><\/pricing-component> once you have dropped off your bags and started our storage timer on your booking page.<\/p>\n","protected":false},"excerpt":{"rendered":"<p>Are you looking for luggage storage near R\u00edo de Janeiro Metro? You can store your bags with one of our luggage storage locations just around R\u00edo de Janeiro Metro. Explore Buenos Aires hassle-free. LuggageHero storage sites are certified hotels, cafes, and shops. Advance bookings ensure space for your bags. The address and directions to our [&hellip;]<\/p>\n","protected":false},"author":45,"featured_media":47680,"parent":44548,"menu_order":0,"comment_status":"closed","ping_status":"closed","template":"template-location.php","meta":{"_acf_changed":false,"footnotes":""},"class_list":["post-44569","page","type-page","status-publish","has-post-thumbnail","hentry"],"acf":[],"yoast_head":"<!-- This site is optimized with the Yoast SEO Premium plugin v27.0 (Yoast SEO v27.0) - https:\/\/yoast.com\/product\/yoast-seo-premium-wordpress\/ -->\n<title>R\u00edo de Janeiro Metro - LuggageHero<\/title>\n<meta name=\"robots\" content=\"index, follow, max-snippet:-1, max-image-preview:large, max-video-preview:-1\" \/>\n<link rel=\"canonical\" href=\"https:\/\/luggagehero.com\/fr\/buenos-aires\/rio-de-janeiro\/\" \/>\n<meta property=\"og:locale\" content=\"fr_FR\" \/>\n<meta property=\"og:type\" content=\"article\" \/>\n<meta property=\"og:title\" content=\"R\u00edo de Janeiro Metro\" \/>\n<meta property=\"og:description\" content=\"Are you looking for luggage storage near R\u00edo de Janeiro Metro? You can store your bags with one of our luggage storage locations just around R\u00edo de Janeiro Metro. Explore Buenos Aires hassle-free. LuggageHero storage sites are certified hotels, cafes, and shops. Advance bookings ensure space for your bags. The address and directions to our [&hellip;]\" \/>\n<meta property=\"og:url\" content=\"https:\/\/luggagehero.com\/fr\/buenos-aires\/rio-de-janeiro\/\" \/>\n<meta property=\"og:site_name\" content=\"LuggageHero\" \/>\n<meta property=\"article:publisher\" content=\"https:\/\/www.facebook.com\/luggagehero\" \/>\n<meta property=\"article:modified_time\" content=\"2023-03-23T09:24:03+00:00\" \/>\n<meta property=\"og:image\" content=\"https:\/\/luggagehero.com\/wp-content\/uploads\/2022\/07\/Estacao_Antero_de_Quental_15-07-2016_03.jpg\" \/>\n\t<meta property=\"og:image:width\" content=\"640\" \/>\n\t<meta property=\"og:image:height\" content=\"432\" \/>\n\t<meta property=\"og:image:type\" content=\"image\/jpeg\" \/>\n<meta name=\"twitter:card\" content=\"summary_large_image\" \/>\n<meta name=\"twitter:site\" content=\"@luggagehero\" \/>\n<meta name=\"twitter:label1\" content=\"Est. reading time\" \/>\n\t<meta name=\"twitter:data1\" content=\"1 minute\" \/>\n<script type=\"application\/ld+json\" class=\"yoast-schema-graph\">{\"@context\":\"https:\/\/schema.org\",\"@graph\":[{\"@type\":\"WebPage\",\"@id\":\"https:\/\/luggagehero.com\/fr\/buenos-aires\/rio-de-janeiro\/\",\"url\":\"https:\/\/luggagehero.com\/fr\/buenos-aires\/rio-de-janeiro\/\",\"name\":\"R\u00edo de Janeiro Metro - LuggageHero\",\"isPartOf\":{\"@id\":\"https:\/\/luggagehero.com\/fr\/#website\"},\"primaryImageOfPage\":{\"@id\":\"https:\/\/luggagehero.com\/fr\/buenos-aires\/rio-de-janeiro\/#primaryimage\"},\"image\":{\"@id\":\"https:\/\/luggagehero.com\/fr\/buenos-aires\/rio-de-janeiro\/#primaryimage\"},\"thumbnailUrl\":\"https:\/\/luggagehero.com\/wp-content\/uploads\/2022\/07\/Estacao_Antero_de_Quental_15-07-2016_03.jpg\",\"datePublished\":\"2022-05-02T15:37:42+00:00\",\"dateModified\":\"2023-03-23T09:24:03+00:00\",\"breadcrumb\":{\"@id\":\"https:\/\/luggagehero.com\/fr\/buenos-aires\/rio-de-janeiro\/#breadcrumb\"},\"inLanguage\":\"fr-FR\",\"potentialAction\":[{\"@type\":\"ReadAction\",\"target\":[\"https:\/\/luggagehero.com\/fr\/buenos-aires\/rio-de-janeiro\/\"]}]},{\"@type\":\"ImageObject\",\"inLanguage\":\"fr-FR\",\"@id\":\"https:\/\/luggagehero.com\/fr\/buenos-aires\/rio-de-janeiro\/#primaryimage\",\"url\":\"https:\/\/luggagehero.com\/wp-content\/uploads\/2022\/07\/Estacao_Antero_de_Quental_15-07-2016_03.jpg\",\"contentUrl\":\"https:\/\/luggagehero.com\/wp-content\/uploads\/2022\/07\/Estacao_Antero_de_Quental_15-07-2016_03.jpg\",\"width\":640,\"height\":432},{\"@type\":\"BreadcrumbList\",\"@id\":\"https:\/\/luggagehero.com\/fr\/buenos-aires\/rio-de-janeiro\/#breadcrumb\",\"itemListElement\":[{\"@type\":\"ListItem\",\"position\":1,\"name\":\"Home\",\"item\":\"https:\/\/luggagehero.com\/fr\/\"},{\"@type\":\"ListItem\",\"position\":2,\"name\":\"Buenos Aires\",\"item\":\"https:\/\/luggagehero.com\/fr\/buenos-aires\/\"},{\"@type\":\"ListItem\",\"position\":3,\"name\":\"R\u00edo de Janeiro Metro\"}]},{\"@type\":\"WebSite\",\"@id\":\"https:\/\/luggagehero.com\/fr\/#website\",\"url\":\"https:\/\/luggagehero.com\/fr\/\",\"name\":\"LuggageHero\",\"description\":\"Free yourself from luggage\",\"publisher\":{\"@id\":\"https:\/\/luggagehero.com\/fr\/#organization\"},\"potentialAction\":[{\"@type\":\"SearchAction\",\"target\":{\"@type\":\"EntryPoint\",\"urlTemplate\":\"https:\/\/luggagehero.com\/fr\/?s={search_term_string}\"},\"query-input\":{\"@type\":\"PropertyValueSpecification\",\"valueRequired\":true,\"valueName\":\"search_term_string\"}}],\"inLanguage\":\"fr-FR\"},{\"@type\":\"Organization\",\"@id\":\"https:\/\/luggagehero.com\/fr\/#organization\",\"name\":\"LuggageHero\",\"url\":\"https:\/\/luggagehero.com\/fr\/\",\"logo\":{\"@type\":\"ImageObject\",\"inLanguage\":\"fr-FR\",\"@id\":\"https:\/\/luggagehero.com\/fr\/#\/schema\/logo\/image\/\",\"url\":\"https:\/\/luggagehero.com\/wp-content\/uploads\/2017\/04\/luggagehero_LOGO-RGB_kort_POS_200x200.png\",\"contentUrl\":\"https:\/\/luggagehero.com\/wp-content\/uploads\/2017\/04\/luggagehero_LOGO-RGB_kort_POS_200x200.png\",\"width\":200,\"height\":200,\"caption\":\"LuggageHero\"},\"image\":{\"@id\":\"https:\/\/luggagehero.com\/fr\/#\/schema\/logo\/image\/\"},\"sameAs\":[\"https:\/\/www.facebook.com\/luggagehero\",\"https:\/\/x.com\/luggagehero\",\"https:\/\/www.instagram.com\/luggagehero\",\"https:\/\/www.linkedin.com\/company\/luggagehero\/\"]}]}<\/script>\n<!-- \/ Yoast SEO Premium plugin. -->","yoast_head_json":{"title":"R\u00edo de Janeiro Metro - LuggageHero","robots":{"index":"index","follow":"follow","max-snippet":"max-snippet:-1","max-image-preview":"max-image-preview:large","max-video-preview":"max-video-preview:-1"},"canonical":"https:\/\/luggagehero.com\/fr\/buenos-aires\/rio-de-janeiro\/","og_locale":"fr_FR","og_type":"article","og_title":"R\u00edo de Janeiro Metro","og_description":"Are you looking for luggage storage near R\u00edo de Janeiro Metro? You can store your bags with one of our luggage storage locations just around R\u00edo de Janeiro Metro. Explore Buenos Aires hassle-free. LuggageHero storage sites are certified hotels, cafes, and shops. Advance bookings ensure space for your bags. The address and directions to our [&hellip;]","og_url":"https:\/\/luggagehero.com\/fr\/buenos-aires\/rio-de-janeiro\/","og_site_name":"LuggageHero","article_publisher":"https:\/\/www.facebook.com\/luggagehero","article_modified_time":"2023-03-23T09:24:03+00:00","og_image":[{"width":640,"height":432,"url":"https:\/\/luggagehero.com\/wp-content\/uploads\/2022\/07\/Estacao_Antero_de_Quental_15-07-2016_03.jpg","type":"image\/jpeg"}],"twitter_card":"summary_large_image","twitter_site":"@luggagehero","twitter_misc":{"Est. reading time":"1 minute"},"schema":{"@context":"https:\/\/schema.org","@graph":[{"@type":"WebPage","@id":"https:\/\/luggagehero.com\/fr\/buenos-aires\/rio-de-janeiro\/","url":"https:\/\/luggagehero.com\/fr\/buenos-aires\/rio-de-janeiro\/","name":"R\u00edo de Janeiro Metro - LuggageHero","isPartOf":{"@id":"https:\/\/luggagehero.com\/fr\/#website"},"primaryImageOfPage":{"@id":"https:\/\/luggagehero.com\/fr\/buenos-aires\/rio-de-janeiro\/#primaryimage"},"image":{"@id":"https:\/\/luggagehero.com\/fr\/buenos-aires\/rio-de-janeiro\/#primaryimage"},"thumbnailUrl":"https:\/\/luggagehero.com\/wp-content\/uploads\/2022\/07\/Estacao_Antero_de_Quental_15-07-2016_03.jpg","datePublished":"2022-05-02T15:37:42+00:00","dateModified":"2023-03-23T09:24:03+00:00","breadcrumb":{"@id":"https:\/\/luggagehero.com\/fr\/buenos-aires\/rio-de-janeiro\/#breadcrumb"},"inLanguage":"fr-FR","potentialAction":[{"@type":"ReadAction","target":["https:\/\/luggagehero.com\/fr\/buenos-aires\/rio-de-janeiro\/"]}]},{"@type":"ImageObject","inLanguage":"fr-FR","@id":"https:\/\/luggagehero.com\/fr\/buenos-aires\/rio-de-janeiro\/#primaryimage","url":"https:\/\/luggagehero.com\/wp-content\/uploads\/2022\/07\/Estacao_Antero_de_Quental_15-07-2016_03.jpg","contentUrl":"https:\/\/luggagehero.com\/wp-content\/uploads\/2022\/07\/Estacao_Antero_de_Quental_15-07-2016_03.jpg","width":640,"height":432},{"@type":"BreadcrumbList","@id":"https:\/\/luggagehero.com\/fr\/buenos-aires\/rio-de-janeiro\/#breadcrumb","itemListElement":[{"@type":"ListItem","position":1,"name":"Home","item":"https:\/\/luggagehero.com\/fr\/"},{"@type":"ListItem","position":2,"name":"Buenos Aires","item":"https:\/\/luggagehero.com\/fr\/buenos-aires\/"},{"@type":"ListItem","position":3,"name":"R\u00edo de Janeiro Metro"}]},{"@type":"WebSite","@id":"https:\/\/luggagehero.com\/fr\/#website","url":"https:\/\/luggagehero.com\/fr\/","name":"LuggageHero","description":"Free yourself from luggage","publisher":{"@id":"https:\/\/luggagehero.com\/fr\/#organization"},"potentialAction":[{"@type":"SearchAction","target":{"@type":"EntryPoint","urlTemplate":"https:\/\/luggagehero.com\/fr\/?s={search_term_string}"},"query-input":{"@type":"PropertyValueSpecification","valueRequired":true,"valueName":"search_term_string"}}],"inLanguage":"fr-FR"},{"@type":"Organization","@id":"https:\/\/luggagehero.com\/fr\/#organization","name":"LuggageHero","url":"https:\/\/luggagehero.com\/fr\/","logo":{"@type":"ImageObject","inLanguage":"fr-FR","@id":"https:\/\/luggagehero.com\/fr\/#\/schema\/logo\/image\/","url":"https:\/\/luggagehero.com\/wp-content\/uploads\/2017\/04\/luggagehero_LOGO-RGB_kort_POS_200x200.png","contentUrl":"https:\/\/luggagehero.com\/wp-content\/uploads\/2017\/04\/luggagehero_LOGO-RGB_kort_POS_200x200.png","width":200,"height":200,"caption":"LuggageHero"},"image":{"@id":"https:\/\/luggagehero.com\/fr\/#\/schema\/logo\/image\/"},"sameAs":["https:\/\/www.facebook.com\/luggagehero","https:\/\/x.com\/luggagehero","https:\/\/www.instagram.com\/luggagehero","https:\/\/www.linkedin.com\/company\/luggagehero\/"]}]}},"place_id":"","place_latitude_longitude":"-34.6151627,-58.42929419999999","place_name":"R\u00edo de Janeiro Metro","criteria_title":"","criteria_description":"","meta_title":"","meta_description":"","children_criteria_title":"","children_criteria_description":"","children_meta_title":"","children_meta_description":"","_edit_last":"68","use_global_content":"","poi_type":"PublicTransit","content_raw":"Are you looking for luggage storage near R\u00edo de Janeiro Metro? You can store your bags with one of our luggage storage locations just around R\u00edo de Janeiro Metro. Explore <a href=\"https:\/\/luggagehero.com\/buenos-aires\/\">Buenos Aires<\/a> hassle-free.\r\n\r\nLuggageHero storage sites are <a href=\"https:\/\/luggagehero.com\/about\/certified-shops\/\">certified hotels, cafes, and shops<\/a>. Advance bookings ensure space for your bags. The address and directions to our partner shops are available at the time of booking. All bags are ensured up to [pricing insurancecoverage] once you have dropped off your bags and started our storage timer on your booking page.","_links":{"self":[{"href":"https:\/\/luggagehero.com\/fr\/wp-json\/wp\/v2\/pages\/44569","targetHints":{"allow":["GET"]}}],"collection":[{"href":"https:\/\/luggagehero.com\/fr\/wp-json\/wp\/v2\/pages"}],"about":[{"href":"https:\/\/luggagehero.com\/fr\/wp-json\/wp\/v2\/types\/page"}],"author":[{"embeddable":true,"href":"https:\/\/luggagehero.com\/fr\/wp-json\/wp\/v2\/users\/45"}],"replies":[{"embeddable":true,"href":"https:\/\/luggagehero.com\/fr\/wp-json\/wp\/v2\/comments?post=44569"}],"version-history":[{"count":0,"href":"https:\/\/luggagehero.com\/fr\/wp-json\/wp\/v2\/pages\/44569\/revisions"}],"up":[{"embeddable":true,"href":"https:\/\/luggagehero.com\/fr\/wp-json\/wp\/v2\/pages\/44548"}],"wp:featuredmedia":[{"embeddable":true,"href":"https:\/\/luggagehero.com\/fr\/wp-json\/wp\/v2\/media\/47680"}],"wp:attachment":[{"href":"https:\/\/luggagehero.com\/fr\/wp-json\/wp\/v2\/media?parent=44569"}],"curies":[{"name":"wp","href":"https:\/\/api.w.org\/{rel}","templated":true}]}}