{"id":6693,"date":"2019-04-26T10:51:08","date_gmt":"2019-04-26T10:51:08","guid":{"rendered":"https:\/\/luggagehero.com\/code-de-rduction\/"},"modified":"2019-05-01T08:41:02","modified_gmt":"2019-05-01T08:41:02","slug":"code-de-rduction","status":"publish","type":"page","link":"https:\/\/luggagehero.com\/fr\/code-de-rduction\/","title":{"rendered":"Code de r\u00e9duction"},"content":{"rendered":"<p><img loading=\"lazy\" decoding=\"async\" class=\"wp-image-1716 aligncenter\" src=\"https:\/\/luggagehero.com\/wp-content\/uploads\/2017\/11\/luggagehero_LOGO-V2-RGB_kort_POS-720x475.png\" alt=\"\" width=\"277\" height=\"183\" \/><\/p>\n<h3><strong>Campagne : Votre code de r\u00e9duction pour votre consigne \u00e0 bagages<\/strong><\/h3>\n<p>LuggageHero vient \u00e0 votre secours gr\u00e2ce \u00e0 un r\u00e9seau de consignes qui ne cesse de s&#8217;\u00e9tendre \u00e0 <a href=\"https:\/\/luggagehero.com\/newyork\/\">New York<\/a>, <a href=\"https:\/\/luggagehero.com\/boston\/\">Boston<\/a>, <a href=\"https:\/\/luggagehero.com\/london\/\">Londres<\/a>, <a href=\"https:\/\/luggagehero.com\/barcelona\/\">Barcelone<\/a>, <a href=\"https:\/\/luggagehero.com\/madrid\/\">Madrid<\/a>, <a href=\"https:\/\/luggagehero.com\/lisbon\/\">Lisbonne<\/a>, <a href=\"https:\/\/luggagehero.com\/rome\/\">Rome<\/a>, <a href=\"https:\/\/luggagehero.com\/montreal\/\">Montr\u00e9al<\/a> et <a href=\"https:\/\/luggagehero.com\/copenhagen\/\">Copenhague<\/a> \u2013 avec bient\u00f4t de nouvelles villes .Aussi, nous aimerions remercier tous les clients qui effectuent leur premi\u00e8re r\u00e9servation avec le code de r\u00e9duction suivant :<\/p>\n<h4 style=\"text-align: center;\">UTILISEZ CE CODE POUR B\u00c9N\u00c9FICIER D&#8217;UNE HEURE DE CONSIGNE GRATUITE :<\/h4>\n<h3 style=\"text-align: center;\"><span style=\"text-decoration: underline;\">MYSUPERHERO<\/span><\/h3>\n<p>Ce code de r\u00e9duction ne peut \u00eatre utilis\u00e9 qu&#8217;une seule fois.<\/p>\n<h4>Comment utiliser votre code de r\u00e9duction :<\/h4>\n<ol>\n<li>R\u00e9servez votre LuggageHero \u00e0 <a href=\"https:\/\/luggagehero.com\/london\/\">Londres<\/a>, <a href=\"https:\/\/luggagehero.com\/newyork\/\">NYC<\/a>, <a href=\"https:\/\/luggagehero.com\/boston\/\">Boston<\/a>, <a href=\"https:\/\/luggagehero.com\/madrid\/\">Madrid<\/a>, <a href=\"https:\/\/luggagehero.com\/barcelona\/\">Barcelone<\/a>, <a href=\"https:\/\/luggagehero.com\/lisbon\/\">Lisbonne<\/a>, <a href=\"https:\/\/luggagehero.com\/rome\/\">Rome<\/a>, <a href=\"https:\/\/luggagehero.com\/montreal\/\">Montr\u00e9al<\/a> ou <a href=\"https:\/\/luggagehero.com\/copenhagen\/\">Copenhague<\/a> en cliquant sur le nom de la ville<\/li>\n<li>Cliquez\/appuyez sur \u00ab Trouver \u00bb et s\u00e9lectionnez le LuggageHero de votre choix.<\/li>\n<li>Vous recevrez l&#8217;itin\u00e9raire par e-mail ou SMS, si vous le souhaitez.<\/li>\n<li>Ajoutez vos donn\u00e9es de paiement et appliquez votre code de r\u00e9duction comme indiqu\u00e9 ci-dessous.<\/li>\n<li>D\u00e9clenchez le minuteur de consigne \u00e0 votre arriv\u00e9e<\/li>\n<li>Arr\u00eatez le minuteur de consigne pour activer le paiement.<\/li>\n<\/ol>\n<p><img loading=\"lazy\" decoding=\"async\" class=\"wp-image-3454 aligncenter\" src=\"https:\/\/luggagehero.com\/wp-content\/uploads\/2018\/08\/Submit-Discount-voucher-720x573.png\" alt=\"Appliquer le code de r\u00e9duction\" width=\"499\" height=\"397\" \/><\/p>\n<p>N&#8217;oubliez pas que LuggageHero est la seule plateforme de consignes \u00e0 bagages \u00e0 vous offrir une r\u00e9servation garantie \u00e0 100 % sans risque. Vous ne payez RIEN tant que vous n&#8217;avez pas d\u00e9pos\u00e9 vos bagages. Vous n&#8217;avez m\u00eame pas besoin d&#8217;annuler votre r\u00e9servation (nous appr\u00e9cierions, mais ce n&#8217;est pas obligatoire). C&#8217;est notre mani\u00e8re de c\u00e9l\u00e9brer les voyageurs puisque nous savons que les voyages sont toujours source d&#8217;impr\u00e9vus.<\/p>\n<h2>S\u00e9lectionnez la ville pour utiliser votre code de r\u00e9duction :<\/h2>\n<ol>\n<li><a href=\"https:\/\/luggagehero.com\/london\/\">Londres<\/a>,<\/li>\n<li><a href=\"https:\/\/luggagehero.com\/newyork\/\">NYC<\/a><\/li>\n<li><a href=\"https:\/\/luggagehero.com\/boston\/\">Boston<\/a><\/li>\n<li><a href=\"https:\/\/luggagehero.com\/copenhagen\/\">Copenhague<\/a><\/li>\n<li><a href=\"https:\/\/luggagehero.com\/barcelona\/\">Barcelone<\/a><\/li>\n<li><a href=\"https:\/\/luggagehero.com\/madrid\/\">Madrid<\/a><\/li>\n<li><a href=\"https:\/\/luggagehero.com\/lisbon\/\">Lisbonne<\/a><\/li>\n<li><a href=\"https:\/\/luggagehero.com\/rome\/\">Rome<\/a><\/li>\n<li><a href=\"https:\/\/luggagehero.com\/montreal\/\">Montr\u00e9al<\/a><\/li>\n<\/ol>\n","protected":false},"excerpt":{"rendered":"<p>Campagne : Votre code de r\u00e9duction pour votre consigne \u00e0 bagages LuggageHero vient \u00e0 votre secours gr\u00e2ce \u00e0 un r\u00e9seau de consignes qui ne cesse de s&#8217;\u00e9tendre \u00e0 New York, Boston, Londres, Barcelone, Madrid, Lisbonne, Rome, Montr\u00e9al et Copenhague \u2013 avec bient\u00f4t de nouvelles villes .Aussi, nous aimerions remercier tous les clients qui effectuent leur [&hellip;]<\/p>\n","protected":false},"author":4,"featured_media":0,"parent":0,"menu_order":0,"comment_status":"closed","ping_status":"closed","template":"","meta":{"_acf_changed":false,"footnotes":""},"class_list":["post-6693","page","type-page","status-publish","hentry"],"acf":[],"yoast_head":"<!-- This site is optimized with the Yoast SEO Premium plugin v27.0 (Yoast SEO v27.0) - https:\/\/yoast.com\/product\/yoast-seo-premium-wordpress\/ -->\n<title>Code de r\u00e9duction - LuggageHero<\/title>\n<meta name=\"description\" content=\"B\u00e9n\u00e9ficiez d&#039;une heure de consigne gratuite ici. Code de r\u00e9duction gratuit de LuggageHero. Consignes \u00e0 bagages \u00e0 l&#039;heure \u00e0 Londres, New York et Copenhague. Assurance gratuite incluse\" \/>\n<meta name=\"robots\" content=\"index, follow, max-snippet:-1, max-image-preview:large, max-video-preview:-1\" \/>\n<link rel=\"canonical\" href=\"https:\/\/luggagehero.com\/fr\/code-de-rduction\/\" \/>\n<meta property=\"og:locale\" content=\"fr_FR\" \/>\n<meta property=\"og:type\" content=\"article\" \/>\n<meta property=\"og:title\" content=\"Code de r\u00e9duction\" \/>\n<meta property=\"og:description\" content=\"B\u00e9n\u00e9ficiez d&#039;une heure de consigne gratuite ici. Code de r\u00e9duction gratuit de LuggageHero. Consignes \u00e0 bagages \u00e0 l&#039;heure \u00e0 Londres, New York et Copenhague. Assurance gratuite incluse\" \/>\n<meta property=\"og:url\" content=\"https:\/\/luggagehero.com\/fr\/code-de-rduction\/\" \/>\n<meta property=\"og:site_name\" content=\"LuggageHero\" \/>\n<meta property=\"article:publisher\" content=\"https:\/\/www.facebook.com\/luggagehero\" \/>\n<meta property=\"article:modified_time\" content=\"2019-05-01T08:41:02+00:00\" \/>\n<meta property=\"og:image\" content=\"https:\/\/luggagehero.com\/wp-content\/uploads\/2017\/11\/luggagehero_LOGO-V2-RGB_kort_POS-720x475.png\" \/>\n<meta name=\"twitter:card\" content=\"summary_large_image\" \/>\n<meta name=\"twitter:site\" content=\"@luggagehero\" \/>\n<meta name=\"twitter:label1\" content=\"Est. reading time\" \/>\n\t<meta name=\"twitter:data1\" content=\"1 minute\" \/>\n<script type=\"application\/ld+json\" class=\"yoast-schema-graph\">{\"@context\":\"https:\/\/schema.org\",\"@graph\":[{\"@type\":\"WebPage\",\"@id\":\"https:\/\/luggagehero.com\/fr\/code-de-rduction\/\",\"url\":\"https:\/\/luggagehero.com\/fr\/code-de-rduction\/\",\"name\":\"Code de r\u00e9duction - LuggageHero\",\"isPartOf\":{\"@id\":\"https:\/\/luggagehero.com\/fr\/#website\"},\"primaryImageOfPage\":{\"@id\":\"https:\/\/luggagehero.com\/fr\/code-de-rduction\/#primaryimage\"},\"image\":{\"@id\":\"https:\/\/luggagehero.com\/fr\/code-de-rduction\/#primaryimage\"},\"thumbnailUrl\":\"https:\/\/luggagehero.com\/wp-content\/uploads\/2017\/11\/luggagehero_LOGO-V2-RGB_kort_POS-720x475.png\",\"datePublished\":\"2019-04-26T10:51:08+00:00\",\"dateModified\":\"2019-05-01T08:41:02+00:00\",\"description\":\"B\u00e9n\u00e9ficiez d'une heure de consigne gratuite ici. Code de r\u00e9duction gratuit de LuggageHero. Consignes \u00e0 bagages \u00e0 l'heure \u00e0 Londres, New York et Copenhague. Assurance gratuite incluse\",\"breadcrumb\":{\"@id\":\"https:\/\/luggagehero.com\/fr\/code-de-rduction\/#breadcrumb\"},\"inLanguage\":\"fr-FR\",\"potentialAction\":[{\"@type\":\"ReadAction\",\"target\":[\"https:\/\/luggagehero.com\/fr\/code-de-rduction\/\"]}]},{\"@type\":\"ImageObject\",\"inLanguage\":\"fr-FR\",\"@id\":\"https:\/\/luggagehero.com\/fr\/code-de-rduction\/#primaryimage\",\"url\":\"https:\/\/luggagehero.com\/wp-content\/uploads\/2017\/11\/luggagehero_LOGO-V2-RGB_kort_POS-720x475.png\",\"contentUrl\":\"https:\/\/luggagehero.com\/wp-content\/uploads\/2017\/11\/luggagehero_LOGO-V2-RGB_kort_POS-720x475.png\"},{\"@type\":\"BreadcrumbList\",\"@id\":\"https:\/\/luggagehero.com\/fr\/code-de-rduction\/#breadcrumb\",\"itemListElement\":[{\"@type\":\"ListItem\",\"position\":1,\"name\":\"Home\",\"item\":\"https:\/\/luggagehero.com\/fr\/\"},{\"@type\":\"ListItem\",\"position\":2,\"name\":\"Code de r\u00e9duction\"}]},{\"@type\":\"WebSite\",\"@id\":\"https:\/\/luggagehero.com\/fr\/#website\",\"url\":\"https:\/\/luggagehero.com\/fr\/\",\"name\":\"LuggageHero\",\"description\":\"Free yourself from luggage\",\"publisher\":{\"@id\":\"https:\/\/luggagehero.com\/fr\/#organization\"},\"potentialAction\":[{\"@type\":\"SearchAction\",\"target\":{\"@type\":\"EntryPoint\",\"urlTemplate\":\"https:\/\/luggagehero.com\/fr\/?s={search_term_string}\"},\"query-input\":{\"@type\":\"PropertyValueSpecification\",\"valueRequired\":true,\"valueName\":\"search_term_string\"}}],\"inLanguage\":\"fr-FR\"},{\"@type\":\"Organization\",\"@id\":\"https:\/\/luggagehero.com\/fr\/#organization\",\"name\":\"LuggageHero\",\"url\":\"https:\/\/luggagehero.com\/fr\/\",\"logo\":{\"@type\":\"ImageObject\",\"inLanguage\":\"fr-FR\",\"@id\":\"https:\/\/luggagehero.com\/fr\/#\/schema\/logo\/image\/\",\"url\":\"https:\/\/luggagehero.com\/wp-content\/uploads\/2017\/04\/luggagehero_LOGO-RGB_kort_POS_200x200.png\",\"contentUrl\":\"https:\/\/luggagehero.com\/wp-content\/uploads\/2017\/04\/luggagehero_LOGO-RGB_kort_POS_200x200.png\",\"width\":200,\"height\":200,\"caption\":\"LuggageHero\"},\"image\":{\"@id\":\"https:\/\/luggagehero.com\/fr\/#\/schema\/logo\/image\/\"},\"sameAs\":[\"https:\/\/www.facebook.com\/luggagehero\",\"https:\/\/x.com\/luggagehero\",\"https:\/\/www.instagram.com\/luggagehero\",\"https:\/\/www.linkedin.com\/company\/luggagehero\/\"]}]}<\/script>\n<!-- \/ Yoast SEO Premium plugin. -->","yoast_head_json":{"title":"Code de r\u00e9duction - LuggageHero","description":"B\u00e9n\u00e9ficiez d'une heure de consigne gratuite ici. Code de r\u00e9duction gratuit de LuggageHero. Consignes \u00e0 bagages \u00e0 l'heure \u00e0 Londres, New York et Copenhague. Assurance gratuite incluse","robots":{"index":"index","follow":"follow","max-snippet":"max-snippet:-1","max-image-preview":"max-image-preview:large","max-video-preview":"max-video-preview:-1"},"canonical":"https:\/\/luggagehero.com\/fr\/code-de-rduction\/","og_locale":"fr_FR","og_type":"article","og_title":"Code de r\u00e9duction","og_description":"B\u00e9n\u00e9ficiez d'une heure de consigne gratuite ici. Code de r\u00e9duction gratuit de LuggageHero. Consignes \u00e0 bagages \u00e0 l'heure \u00e0 Londres, New York et Copenhague. Assurance gratuite incluse","og_url":"https:\/\/luggagehero.com\/fr\/code-de-rduction\/","og_site_name":"LuggageHero","article_publisher":"https:\/\/www.facebook.com\/luggagehero","article_modified_time":"2019-05-01T08:41:02+00:00","og_image":[{"url":"https:\/\/luggagehero.com\/wp-content\/uploads\/2017\/11\/luggagehero_LOGO-V2-RGB_kort_POS-720x475.png","type":"","width":"","height":""}],"twitter_card":"summary_large_image","twitter_site":"@luggagehero","twitter_misc":{"Est. reading time":"1 minute"},"schema":{"@context":"https:\/\/schema.org","@graph":[{"@type":"WebPage","@id":"https:\/\/luggagehero.com\/fr\/code-de-rduction\/","url":"https:\/\/luggagehero.com\/fr\/code-de-rduction\/","name":"Code de r\u00e9duction - LuggageHero","isPartOf":{"@id":"https:\/\/luggagehero.com\/fr\/#website"},"primaryImageOfPage":{"@id":"https:\/\/luggagehero.com\/fr\/code-de-rduction\/#primaryimage"},"image":{"@id":"https:\/\/luggagehero.com\/fr\/code-de-rduction\/#primaryimage"},"thumbnailUrl":"https:\/\/luggagehero.com\/wp-content\/uploads\/2017\/11\/luggagehero_LOGO-V2-RGB_kort_POS-720x475.png","datePublished":"2019-04-26T10:51:08+00:00","dateModified":"2019-05-01T08:41:02+00:00","description":"B\u00e9n\u00e9ficiez d'une heure de consigne gratuite ici. Code de r\u00e9duction gratuit de LuggageHero. Consignes \u00e0 bagages \u00e0 l'heure \u00e0 Londres, New York et Copenhague. Assurance gratuite incluse","breadcrumb":{"@id":"https:\/\/luggagehero.com\/fr\/code-de-rduction\/#breadcrumb"},"inLanguage":"fr-FR","potentialAction":[{"@type":"ReadAction","target":["https:\/\/luggagehero.com\/fr\/code-de-rduction\/"]}]},{"@type":"ImageObject","inLanguage":"fr-FR","@id":"https:\/\/luggagehero.com\/fr\/code-de-rduction\/#primaryimage","url":"https:\/\/luggagehero.com\/wp-content\/uploads\/2017\/11\/luggagehero_LOGO-V2-RGB_kort_POS-720x475.png","contentUrl":"https:\/\/luggagehero.com\/wp-content\/uploads\/2017\/11\/luggagehero_LOGO-V2-RGB_kort_POS-720x475.png"},{"@type":"BreadcrumbList","@id":"https:\/\/luggagehero.com\/fr\/code-de-rduction\/#breadcrumb","itemListElement":[{"@type":"ListItem","position":1,"name":"Home","item":"https:\/\/luggagehero.com\/fr\/"},{"@type":"ListItem","position":2,"name":"Code de r\u00e9duction"}]},{"@type":"WebSite","@id":"https:\/\/luggagehero.com\/fr\/#website","url":"https:\/\/luggagehero.com\/fr\/","name":"LuggageHero","description":"Free yourself from luggage","publisher":{"@id":"https:\/\/luggagehero.com\/fr\/#organization"},"potentialAction":[{"@type":"SearchAction","target":{"@type":"EntryPoint","urlTemplate":"https:\/\/luggagehero.com\/fr\/?s={search_term_string}"},"query-input":{"@type":"PropertyValueSpecification","valueRequired":true,"valueName":"search_term_string"}}],"inLanguage":"fr-FR"},{"@type":"Organization","@id":"https:\/\/luggagehero.com\/fr\/#organization","name":"LuggageHero","url":"https:\/\/luggagehero.com\/fr\/","logo":{"@type":"ImageObject","inLanguage":"fr-FR","@id":"https:\/\/luggagehero.com\/fr\/#\/schema\/logo\/image\/","url":"https:\/\/luggagehero.com\/wp-content\/uploads\/2017\/04\/luggagehero_LOGO-RGB_kort_POS_200x200.png","contentUrl":"https:\/\/luggagehero.com\/wp-content\/uploads\/2017\/04\/luggagehero_LOGO-RGB_kort_POS_200x200.png","width":200,"height":200,"caption":"LuggageHero"},"image":{"@id":"https:\/\/luggagehero.com\/fr\/#\/schema\/logo\/image\/"},"sameAs":["https:\/\/www.facebook.com\/luggagehero","https:\/\/x.com\/luggagehero","https:\/\/www.instagram.com\/luggagehero","https:\/\/www.linkedin.com\/company\/luggagehero\/"]}]}},"place_id":"","place_latitude_longitude":"","place_name":"","criteria_title":"","criteria_description":"","meta_title":"","meta_description":"","children_criteria_title":"","children_criteria_description":"","children_meta_title":"","children_meta_description":"","_edit_last":"9","use_global_content":"","poi_type":"","content_raw":"<img class=\"wp-image-1716 aligncenter\" src=\"https:\/\/luggagehero.com\/wp-content\/uploads\/2017\/11\/luggagehero_LOGO-V2-RGB_kort_POS-720x475.png\" alt=\"\" width=\"277\" height=\"183\" \/>\r\n<h3><strong>Campagne : Votre code de r\u00e9duction pour votre consigne \u00e0 bagages<\/strong><\/h3>\r\nLuggageHero vient \u00e0 votre secours gr\u00e2ce \u00e0 un r\u00e9seau de consignes qui ne cesse de s'\u00e9tendre \u00e0 <a href=\"https:\/\/luggagehero.com\/newyork\/\">New York<\/a>, <a href=\"https:\/\/luggagehero.com\/boston\/\">Boston<\/a>, <a href=\"https:\/\/luggagehero.com\/london\/\">Londres<\/a>, <a href=\"https:\/\/luggagehero.com\/barcelona\/\">Barcelone<\/a>, <a href=\"https:\/\/luggagehero.com\/madrid\/\">Madrid<\/a>, <a href=\"https:\/\/luggagehero.com\/lisbon\/\">Lisbonne<\/a>, <a href=\"https:\/\/luggagehero.com\/rome\/\">Rome<\/a>, <a href=\"https:\/\/luggagehero.com\/montreal\/\">Montr\u00e9al<\/a> et <a href=\"https:\/\/luggagehero.com\/copenhagen\/\">Copenhague<\/a> \u2013 avec bient\u00f4t de nouvelles villes .Aussi, nous aimerions remercier tous les clients qui effectuent leur premi\u00e8re r\u00e9servation avec le code de r\u00e9duction suivant :\r\n<h4 style=\"text-align: center;\">UTILISEZ CE CODE POUR B\u00c9N\u00c9FICIER D'UNE HEURE DE CONSIGNE GRATUITE :<\/h4>\r\n<h3 style=\"text-align: center;\"><span style=\"text-decoration: underline;\">MYSUPERHERO<\/span><\/h3>\r\nCe code de r\u00e9duction ne peut \u00eatre utilis\u00e9 qu'une seule fois.\r\n<h4>Comment utiliser votre code de r\u00e9duction :<\/h4>\r\n<ol>\r\n \t<li>R\u00e9servez votre LuggageHero \u00e0 <a href=\"https:\/\/luggagehero.com\/london\/\">Londres<\/a>, <a href=\"https:\/\/luggagehero.com\/newyork\/\">NYC<\/a>, <a href=\"https:\/\/luggagehero.com\/boston\/\">Boston<\/a>, <a href=\"https:\/\/luggagehero.com\/madrid\/\">Madrid<\/a>, <a href=\"https:\/\/luggagehero.com\/barcelona\/\">Barcelone<\/a>, <a href=\"https:\/\/luggagehero.com\/lisbon\/\">Lisbonne<\/a>, <a href=\"https:\/\/luggagehero.com\/rome\/\">Rome<\/a>, <a href=\"https:\/\/luggagehero.com\/montreal\/\">Montr\u00e9al<\/a> ou <a href=\"https:\/\/luggagehero.com\/copenhagen\/\">Copenhague<\/a> en cliquant sur le nom de la ville<\/li>\r\n \t<li>Cliquez\/appuyez sur \u00ab Trouver \u00bb et s\u00e9lectionnez le LuggageHero de votre choix.<\/li>\r\n \t<li>Vous recevrez l'itin\u00e9raire par e-mail ou SMS, si vous le souhaitez.<\/li>\r\n \t<li>Ajoutez vos donn\u00e9es de paiement et appliquez votre code de r\u00e9duction comme indiqu\u00e9 ci-dessous.<\/li>\r\n \t<li>D\u00e9clenchez le minuteur de consigne \u00e0 votre arriv\u00e9e<\/li>\r\n \t<li>Arr\u00eatez le minuteur de consigne pour activer le paiement.<\/li>\r\n<\/ol>\r\n<img class=\"wp-image-3454 aligncenter\" src=\"https:\/\/luggagehero.com\/wp-content\/uploads\/2018\/08\/Submit-Discount-voucher-720x573.png\" alt=\"Appliquer le code de r\u00e9duction\" width=\"499\" height=\"397\" \/>\r\n\r\nN'oubliez pas que LuggageHero est la seule plateforme de consignes \u00e0 bagages \u00e0 vous offrir une r\u00e9servation garantie \u00e0 100 % sans risque. Vous ne payez RIEN tant que vous n'avez pas d\u00e9pos\u00e9 vos bagages. Vous n'avez m\u00eame pas besoin d'annuler votre r\u00e9servation (nous appr\u00e9cierions, mais ce n'est pas obligatoire). C'est notre mani\u00e8re de c\u00e9l\u00e9brer les voyageurs puisque nous savons que les voyages sont toujours source d'impr\u00e9vus.\r\n<h2>S\u00e9lectionnez la ville pour utiliser votre code de r\u00e9duction :<\/h2>\r\n<ol>\r\n \t<li><a href=\"https:\/\/luggagehero.com\/london\/\">Londres<\/a>,<\/li>\r\n \t<li><a href=\"https:\/\/luggagehero.com\/newyork\/\">NYC<\/a><\/li>\r\n \t<li><a href=\"https:\/\/luggagehero.com\/boston\/\">Boston<\/a><\/li>\r\n \t<li><a href=\"https:\/\/luggagehero.com\/copenhagen\/\">Copenhague<\/a><\/li>\r\n \t<li><a href=\"https:\/\/luggagehero.com\/barcelona\/\">Barcelone<\/a><\/li>\r\n \t<li><a href=\"https:\/\/luggagehero.com\/madrid\/\">Madrid<\/a><\/li>\r\n \t<li><a href=\"https:\/\/luggagehero.com\/lisbon\/\">Lisbonne<\/a><\/li>\r\n \t<li><a href=\"https:\/\/luggagehero.com\/rome\/\">Rome<\/a><\/li>\r\n \t<li><a href=\"https:\/\/luggagehero.com\/montreal\/\">Montr\u00e9al<\/a><\/li>\r\n<\/ol>","_links":{"self":[{"href":"https:\/\/luggagehero.com\/fr\/wp-json\/wp\/v2\/pages\/6693","targetHints":{"allow":["GET"]}}],"collection":[{"href":"https:\/\/luggagehero.com\/fr\/wp-json\/wp\/v2\/pages"}],"about":[{"href":"https:\/\/luggagehero.com\/fr\/wp-json\/wp\/v2\/types\/page"}],"author":[{"embeddable":true,"href":"https:\/\/luggagehero.com\/fr\/wp-json\/wp\/v2\/users\/4"}],"replies":[{"embeddable":true,"href":"https:\/\/luggagehero.com\/fr\/wp-json\/wp\/v2\/comments?post=6693"}],"version-history":[{"count":0,"href":"https:\/\/luggagehero.com\/fr\/wp-json\/wp\/v2\/pages\/6693\/revisions"}],"wp:attachment":[{"href":"https:\/\/luggagehero.com\/fr\/wp-json\/wp\/v2\/media?parent=6693"}],"curies":[{"name":"wp","href":"https:\/\/api.w.org\/{rel}","templated":true}]}}