{"id":6713,"date":"2019-04-26T10:51:16","date_gmt":"2019-04-26T10:51:16","guid":{"rendered":"https:\/\/luggagehero.com\/scell-de-scurit-luggagehero\/"},"modified":"2019-05-01T08:41:56","modified_gmt":"2019-05-01T08:41:56","slug":"scell-de-scurit-luggagehero","status":"publish","type":"page","link":"https:\/\/luggagehero.com\/fr\/about\/scell-de-scurit-luggagehero\/","title":{"rendered":"Scell\u00e9 de s\u00e9curit\u00e9 LuggageHero"},"content":{"rendered":"","protected":false},"excerpt":{"rendered":"","protected":false},"author":9,"featured_media":0,"parent":7148,"menu_order":0,"comment_status":"closed","ping_status":"closed","template":"","meta":{"_acf_changed":false,"footnotes":""},"class_list":["post-6713","page","type-page","status-publish","hentry"],"acf":[],"yoast_head":"<!-- This site is optimized with the Yoast SEO Premium plugin v27.0 (Yoast SEO v27.0) - https:\/\/yoast.com\/product\/yoast-seo-premium-wordpress\/ -->\n<title>Scell\u00e9s de s\u00e9curit\u00e9 LuggageHero - Consignes \u00e0 bagages dans des boutiques locales<\/title>\n<meta name=\"description\" content=\"Vos bagages sont toujours munis d&#039;un scell\u00e9 de s\u00e9curit\u00e9 LuggageHero lorsque vous les d\u00e9posez dans nos consignes. Ce scell\u00e9 garde le contenu de vos bagages priv\u00e9 et active l&#039;assurance de vos bagages \u00e0 hauteur de 3000 $\/2500 \u20ac. Trouvez votre LuggageHero en ligne. Plus de 250 consignes autour de New York, Londres et Copenhague.\" \/>\n<meta name=\"robots\" content=\"index, follow, max-snippet:-1, max-image-preview:large, max-video-preview:-1\" \/>\n<link rel=\"canonical\" href=\"https:\/\/luggagehero.com\/fr\/about\/scell-de-scurit-luggagehero\/\" \/>\n<meta property=\"og:locale\" content=\"fr_FR\" \/>\n<meta property=\"og:type\" content=\"article\" \/>\n<meta property=\"og:title\" content=\"Scell\u00e9 de s\u00e9curit\u00e9 LuggageHero\" \/>\n<meta property=\"og:description\" content=\"Vos bagages sont toujours munis d&#039;un scell\u00e9 de s\u00e9curit\u00e9 LuggageHero lorsque vous les d\u00e9posez dans nos consignes. Ce scell\u00e9 garde le contenu de vos bagages priv\u00e9 et active l&#039;assurance de vos bagages \u00e0 hauteur de 3000 $\/2500 \u20ac. Trouvez votre LuggageHero en ligne. Plus de 250 consignes autour de New York, Londres et Copenhague.\" \/>\n<meta property=\"og:url\" content=\"https:\/\/luggagehero.com\/fr\/about\/scell-de-scurit-luggagehero\/\" \/>\n<meta property=\"og:site_name\" content=\"LuggageHero\" \/>\n<meta property=\"article:publisher\" content=\"https:\/\/www.facebook.com\/luggagehero\" \/>\n<meta property=\"article:modified_time\" content=\"2019-05-01T08:41:56+00:00\" \/>\n<meta property=\"og:image\" content=\"https:\/\/luggagehero.com\/wp-content\/uploads\/2017\/05\/luggagehero-luggage-storage-2.png\" \/>\n\t<meta property=\"og:image:width\" content=\"200\" \/>\n\t<meta property=\"og:image:height\" content=\"200\" \/>\n\t<meta property=\"og:image:type\" content=\"image\/png\" \/>\n<meta name=\"twitter:card\" content=\"summary_large_image\" \/>\n<meta name=\"twitter:site\" content=\"@luggagehero\" \/>\n<script type=\"application\/ld+json\" class=\"yoast-schema-graph\">{\"@context\":\"https:\/\/schema.org\",\"@graph\":[{\"@type\":\"WebPage\",\"@id\":\"https:\/\/luggagehero.com\/fr\/about\/scell-de-scurit-luggagehero\/\",\"url\":\"https:\/\/luggagehero.com\/fr\/about\/scell-de-scurit-luggagehero\/\",\"name\":\"Scell\u00e9s de s\u00e9curit\u00e9 LuggageHero - Consignes \u00e0 bagages dans des boutiques locales\",\"isPartOf\":{\"@id\":\"https:\/\/luggagehero.com\/fr\/#website\"},\"datePublished\":\"2019-04-26T10:51:16+00:00\",\"dateModified\":\"2019-05-01T08:41:56+00:00\",\"description\":\"Vos bagages sont toujours munis d'un scell\u00e9 de s\u00e9curit\u00e9 LuggageHero lorsque vous les d\u00e9posez dans nos consignes. Ce scell\u00e9 garde le contenu de vos bagages priv\u00e9 et active l'assurance de vos bagages \u00e0 hauteur de 3000 $\/2500 \u20ac. Trouvez votre LuggageHero en ligne. Plus de 250 consignes autour de New York, Londres et Copenhague.\",\"breadcrumb\":{\"@id\":\"https:\/\/luggagehero.com\/fr\/about\/scell-de-scurit-luggagehero\/#breadcrumb\"},\"inLanguage\":\"fr-FR\",\"potentialAction\":[{\"@type\":\"ReadAction\",\"target\":[\"https:\/\/luggagehero.com\/fr\/about\/scell-de-scurit-luggagehero\/\"]}]},{\"@type\":\"BreadcrumbList\",\"@id\":\"https:\/\/luggagehero.com\/fr\/about\/scell-de-scurit-luggagehero\/#breadcrumb\",\"itemListElement\":[{\"@type\":\"ListItem\",\"position\":1,\"name\":\"Home\",\"item\":\"https:\/\/luggagehero.com\/fr\/\"},{\"@type\":\"ListItem\",\"position\":2,\"name\":\"Qui sommes-nous\u00a0?\",\"item\":\"https:\/\/luggagehero.com\/fr\/about\/\"},{\"@type\":\"ListItem\",\"position\":3,\"name\":\"Scell\u00e9 de s\u00e9curit\u00e9 LuggageHero\"}]},{\"@type\":\"WebSite\",\"@id\":\"https:\/\/luggagehero.com\/fr\/#website\",\"url\":\"https:\/\/luggagehero.com\/fr\/\",\"name\":\"LuggageHero\",\"description\":\"Free yourself from luggage\",\"publisher\":{\"@id\":\"https:\/\/luggagehero.com\/fr\/#organization\"},\"potentialAction\":[{\"@type\":\"SearchAction\",\"target\":{\"@type\":\"EntryPoint\",\"urlTemplate\":\"https:\/\/luggagehero.com\/fr\/?s={search_term_string}\"},\"query-input\":{\"@type\":\"PropertyValueSpecification\",\"valueRequired\":true,\"valueName\":\"search_term_string\"}}],\"inLanguage\":\"fr-FR\"},{\"@type\":\"Organization\",\"@id\":\"https:\/\/luggagehero.com\/fr\/#organization\",\"name\":\"LuggageHero\",\"url\":\"https:\/\/luggagehero.com\/fr\/\",\"logo\":{\"@type\":\"ImageObject\",\"inLanguage\":\"fr-FR\",\"@id\":\"https:\/\/luggagehero.com\/fr\/#\/schema\/logo\/image\/\",\"url\":\"https:\/\/luggagehero.com\/wp-content\/uploads\/2017\/04\/luggagehero_LOGO-RGB_kort_POS_200x200.png\",\"contentUrl\":\"https:\/\/luggagehero.com\/wp-content\/uploads\/2017\/04\/luggagehero_LOGO-RGB_kort_POS_200x200.png\",\"width\":200,\"height\":200,\"caption\":\"LuggageHero\"},\"image\":{\"@id\":\"https:\/\/luggagehero.com\/fr\/#\/schema\/logo\/image\/\"},\"sameAs\":[\"https:\/\/www.facebook.com\/luggagehero\",\"https:\/\/x.com\/luggagehero\",\"https:\/\/www.instagram.com\/luggagehero\",\"https:\/\/www.linkedin.com\/company\/luggagehero\/\"]}]}<\/script>\n<!-- \/ Yoast SEO Premium plugin. -->","yoast_head_json":{"title":"Scell\u00e9s de s\u00e9curit\u00e9 LuggageHero - Consignes \u00e0 bagages dans des boutiques locales","description":"Vos bagages sont toujours munis d'un scell\u00e9 de s\u00e9curit\u00e9 LuggageHero lorsque vous les d\u00e9posez dans nos consignes. Ce scell\u00e9 garde le contenu de vos bagages priv\u00e9 et active l'assurance de vos bagages \u00e0 hauteur de 3000 $\/2500 \u20ac. Trouvez votre LuggageHero en ligne. Plus de 250 consignes autour de New York, Londres et Copenhague.","robots":{"index":"index","follow":"follow","max-snippet":"max-snippet:-1","max-image-preview":"max-image-preview:large","max-video-preview":"max-video-preview:-1"},"canonical":"https:\/\/luggagehero.com\/fr\/about\/scell-de-scurit-luggagehero\/","og_locale":"fr_FR","og_type":"article","og_title":"Scell\u00e9 de s\u00e9curit\u00e9 LuggageHero","og_description":"Vos bagages sont toujours munis d'un scell\u00e9 de s\u00e9curit\u00e9 LuggageHero lorsque vous les d\u00e9posez dans nos consignes. Ce scell\u00e9 garde le contenu de vos bagages priv\u00e9 et active l'assurance de vos bagages \u00e0 hauteur de 3000 $\/2500 \u20ac. Trouvez votre LuggageHero en ligne. Plus de 250 consignes autour de New York, Londres et Copenhague.","og_url":"https:\/\/luggagehero.com\/fr\/about\/scell-de-scurit-luggagehero\/","og_site_name":"LuggageHero","article_publisher":"https:\/\/www.facebook.com\/luggagehero","article_modified_time":"2019-05-01T08:41:56+00:00","og_image":[{"width":200,"height":200,"url":"https:\/\/luggagehero.com\/wp-content\/uploads\/2017\/05\/luggagehero-luggage-storage-2.png","type":"image\/png"}],"twitter_card":"summary_large_image","twitter_site":"@luggagehero","schema":{"@context":"https:\/\/schema.org","@graph":[{"@type":"WebPage","@id":"https:\/\/luggagehero.com\/fr\/about\/scell-de-scurit-luggagehero\/","url":"https:\/\/luggagehero.com\/fr\/about\/scell-de-scurit-luggagehero\/","name":"Scell\u00e9s de s\u00e9curit\u00e9 LuggageHero - Consignes \u00e0 bagages dans des boutiques locales","isPartOf":{"@id":"https:\/\/luggagehero.com\/fr\/#website"},"datePublished":"2019-04-26T10:51:16+00:00","dateModified":"2019-05-01T08:41:56+00:00","description":"Vos bagages sont toujours munis d'un scell\u00e9 de s\u00e9curit\u00e9 LuggageHero lorsque vous les d\u00e9posez dans nos consignes. Ce scell\u00e9 garde le contenu de vos bagages priv\u00e9 et active l'assurance de vos bagages \u00e0 hauteur de 3000 $\/2500 \u20ac. Trouvez votre LuggageHero en ligne. Plus de 250 consignes autour de New York, Londres et Copenhague.","breadcrumb":{"@id":"https:\/\/luggagehero.com\/fr\/about\/scell-de-scurit-luggagehero\/#breadcrumb"},"inLanguage":"fr-FR","potentialAction":[{"@type":"ReadAction","target":["https:\/\/luggagehero.com\/fr\/about\/scell-de-scurit-luggagehero\/"]}]},{"@type":"BreadcrumbList","@id":"https:\/\/luggagehero.com\/fr\/about\/scell-de-scurit-luggagehero\/#breadcrumb","itemListElement":[{"@type":"ListItem","position":1,"name":"Home","item":"https:\/\/luggagehero.com\/fr\/"},{"@type":"ListItem","position":2,"name":"Qui sommes-nous\u00a0?","item":"https:\/\/luggagehero.com\/fr\/about\/"},{"@type":"ListItem","position":3,"name":"Scell\u00e9 de s\u00e9curit\u00e9 LuggageHero"}]},{"@type":"WebSite","@id":"https:\/\/luggagehero.com\/fr\/#website","url":"https:\/\/luggagehero.com\/fr\/","name":"LuggageHero","description":"Free yourself from luggage","publisher":{"@id":"https:\/\/luggagehero.com\/fr\/#organization"},"potentialAction":[{"@type":"SearchAction","target":{"@type":"EntryPoint","urlTemplate":"https:\/\/luggagehero.com\/fr\/?s={search_term_string}"},"query-input":{"@type":"PropertyValueSpecification","valueRequired":true,"valueName":"search_term_string"}}],"inLanguage":"fr-FR"},{"@type":"Organization","@id":"https:\/\/luggagehero.com\/fr\/#organization","name":"LuggageHero","url":"https:\/\/luggagehero.com\/fr\/","logo":{"@type":"ImageObject","inLanguage":"fr-FR","@id":"https:\/\/luggagehero.com\/fr\/#\/schema\/logo\/image\/","url":"https:\/\/luggagehero.com\/wp-content\/uploads\/2017\/04\/luggagehero_LOGO-RGB_kort_POS_200x200.png","contentUrl":"https:\/\/luggagehero.com\/wp-content\/uploads\/2017\/04\/luggagehero_LOGO-RGB_kort_POS_200x200.png","width":200,"height":200,"caption":"LuggageHero"},"image":{"@id":"https:\/\/luggagehero.com\/fr\/#\/schema\/logo\/image\/"},"sameAs":["https:\/\/www.facebook.com\/luggagehero","https:\/\/x.com\/luggagehero","https:\/\/www.instagram.com\/luggagehero","https:\/\/www.linkedin.com\/company\/luggagehero\/"]}]}},"place_id":"","place_latitude_longitude":"","place_name":"","criteria_title":"","criteria_description":"","meta_title":"","meta_description":"","children_criteria_title":"","children_criteria_description":"","children_meta_title":"","children_meta_description":"","_edit_last":"9","use_global_content":"","poi_type":"","content_raw":"","_links":{"self":[{"href":"https:\/\/luggagehero.com\/fr\/wp-json\/wp\/v2\/pages\/6713","targetHints":{"allow":["GET"]}}],"collection":[{"href":"https:\/\/luggagehero.com\/fr\/wp-json\/wp\/v2\/pages"}],"about":[{"href":"https:\/\/luggagehero.com\/fr\/wp-json\/wp\/v2\/types\/page"}],"author":[{"embeddable":true,"href":"https:\/\/luggagehero.com\/fr\/wp-json\/wp\/v2\/users\/9"}],"replies":[{"embeddable":true,"href":"https:\/\/luggagehero.com\/fr\/wp-json\/wp\/v2\/comments?post=6713"}],"version-history":[{"count":0,"href":"https:\/\/luggagehero.com\/fr\/wp-json\/wp\/v2\/pages\/6713\/revisions"}],"up":[{"embeddable":true,"href":"https:\/\/luggagehero.com\/fr\/wp-json\/wp\/v2\/pages\/7148"}],"wp:attachment":[{"href":"https:\/\/luggagehero.com\/fr\/wp-json\/wp\/v2\/media?parent=6713"}],"curies":[{"name":"wp","href":"https:\/\/api.w.org\/{rel}","templated":true}]}}