{"id":6719,"date":"2019-04-26T10:51:24","date_gmt":"2019-04-26T10:51:24","guid":{"rendered":"https:\/\/luggagehero.com\/comment-a-marche\/"},"modified":"2023-12-21T10:06:36","modified_gmt":"2023-12-21T10:06:36","slug":"comment-a-marche","status":"publish","type":"page","link":"https:\/\/luggagehero.com\/fr\/comment-a-marche\/","title":{"rendered":"Comment \u00e7a marche"},"content":{"rendered":"<h1 style=\"text-align: center;\">R\u00e9servez en ligne et recevez l&#8217;itin\u00e9raire<\/h1>\n<p>&nbsp;<\/p>\n<p style=\"text-align: center;\">Pour un check-in\/check-out rapide, <strong>r\u00e9servez \u00e0 l&#8217;avance et recevez l&#8217;itin\u00e9raire.<br \/>\n<\/strong><\/p>\n<ul>\n<li><strong>D\u00e9clenchez le minuteur de consigne<\/strong> sur votre page de r\u00e9servation lorsque vous d\u00e9posez vos bagages.<\/li>\n<li><strong> Arr\u00eatez le minuteur de consigne<\/strong> lorsque vous venez les r\u00e9cup\u00e9rer.<\/li>\n<\/ul>\n","protected":false},"excerpt":{"rendered":"<p>R\u00e9servez en ligne et recevez l&#8217;itin\u00e9raire &nbsp; Pour un check-in\/check-out rapide, r\u00e9servez \u00e0 l&#8217;avance et recevez l&#8217;itin\u00e9raire. D\u00e9clenchez le minuteur de consigne sur votre page de r\u00e9servation lorsque vous d\u00e9posez vos bagages. Arr\u00eatez le minuteur de consigne lorsque vous venez les r\u00e9cup\u00e9rer.<\/p>\n","protected":false},"author":9,"featured_media":0,"parent":0,"menu_order":0,"comment_status":"closed","ping_status":"closed","template":"","meta":{"_acf_changed":false,"footnotes":""},"class_list":["post-6719","page","type-page","status-publish","hentry"],"acf":[],"yoast_head":"<!-- This site is optimized with the Yoast SEO Premium plugin v27.0 (Yoast SEO v27.0) - https:\/\/yoast.com\/product\/yoast-seo-premium-wordpress\/ -->\n<title>Comment \u00e7a marche - LuggageHero<\/title>\n<meta name=\"robots\" content=\"index, follow, max-snippet:-1, max-image-preview:large, max-video-preview:-1\" \/>\n<link rel=\"canonical\" href=\"https:\/\/luggagehero.com\/fr\/comment-a-marche\/\" \/>\n<meta property=\"og:locale\" content=\"fr_FR\" \/>\n<meta property=\"og:type\" content=\"article\" \/>\n<meta property=\"og:title\" content=\"Comment \u00e7a marche\" \/>\n<meta property=\"og:description\" content=\"R\u00e9servez en ligne et recevez l&#8217;itin\u00e9raire &nbsp; Pour un check-in\/check-out rapide, r\u00e9servez \u00e0 l&#8217;avance et recevez l&#8217;itin\u00e9raire. D\u00e9clenchez le minuteur de consigne sur votre page de r\u00e9servation lorsque vous d\u00e9posez vos bagages. Arr\u00eatez le minuteur de consigne lorsque vous venez les r\u00e9cup\u00e9rer.\" \/>\n<meta property=\"og:url\" content=\"https:\/\/luggagehero.com\/fr\/comment-a-marche\/\" \/>\n<meta property=\"og:site_name\" content=\"LuggageHero\" \/>\n<meta property=\"article:publisher\" content=\"https:\/\/www.facebook.com\/luggagehero\" \/>\n<meta property=\"article:modified_time\" content=\"2023-12-21T10:06:36+00:00\" \/>\n<meta property=\"og:image\" content=\"https:\/\/luggagehero.com\/wp-content\/uploads\/2017\/05\/luggagehero-luggage-storage-2.png\" \/>\n\t<meta property=\"og:image:width\" content=\"200\" \/>\n\t<meta property=\"og:image:height\" content=\"200\" \/>\n\t<meta property=\"og:image:type\" content=\"image\/png\" \/>\n<meta name=\"twitter:card\" content=\"summary_large_image\" \/>\n<meta name=\"twitter:site\" content=\"@luggagehero\" \/>\n<meta name=\"twitter:label1\" content=\"Est. reading time\" \/>\n\t<meta name=\"twitter:data1\" content=\"1 minute\" \/>\n<script type=\"application\/ld+json\" class=\"yoast-schema-graph\">{\"@context\":\"https:\/\/schema.org\",\"@graph\":[{\"@type\":\"WebPage\",\"@id\":\"https:\/\/luggagehero.com\/fr\/comment-a-marche\/\",\"url\":\"https:\/\/luggagehero.com\/fr\/comment-a-marche\/\",\"name\":\"Comment \u00e7a marche - LuggageHero\",\"isPartOf\":{\"@id\":\"https:\/\/luggagehero.com\/fr\/#website\"},\"datePublished\":\"2019-04-26T10:51:24+00:00\",\"dateModified\":\"2023-12-21T10:06:36+00:00\",\"breadcrumb\":{\"@id\":\"https:\/\/luggagehero.com\/fr\/comment-a-marche\/#breadcrumb\"},\"inLanguage\":\"fr-FR\",\"potentialAction\":[{\"@type\":\"ReadAction\",\"target\":[\"https:\/\/luggagehero.com\/fr\/comment-a-marche\/\"]}]},{\"@type\":\"BreadcrumbList\",\"@id\":\"https:\/\/luggagehero.com\/fr\/comment-a-marche\/#breadcrumb\",\"itemListElement\":[{\"@type\":\"ListItem\",\"position\":1,\"name\":\"Home\",\"item\":\"https:\/\/luggagehero.com\/fr\/\"},{\"@type\":\"ListItem\",\"position\":2,\"name\":\"Comment \u00e7a marche\"}]},{\"@type\":\"WebSite\",\"@id\":\"https:\/\/luggagehero.com\/fr\/#website\",\"url\":\"https:\/\/luggagehero.com\/fr\/\",\"name\":\"LuggageHero\",\"description\":\"Free yourself from luggage\",\"publisher\":{\"@id\":\"https:\/\/luggagehero.com\/fr\/#organization\"},\"potentialAction\":[{\"@type\":\"SearchAction\",\"target\":{\"@type\":\"EntryPoint\",\"urlTemplate\":\"https:\/\/luggagehero.com\/fr\/?s={search_term_string}\"},\"query-input\":{\"@type\":\"PropertyValueSpecification\",\"valueRequired\":true,\"valueName\":\"search_term_string\"}}],\"inLanguage\":\"fr-FR\"},{\"@type\":\"Organization\",\"@id\":\"https:\/\/luggagehero.com\/fr\/#organization\",\"name\":\"LuggageHero\",\"url\":\"https:\/\/luggagehero.com\/fr\/\",\"logo\":{\"@type\":\"ImageObject\",\"inLanguage\":\"fr-FR\",\"@id\":\"https:\/\/luggagehero.com\/fr\/#\/schema\/logo\/image\/\",\"url\":\"https:\/\/luggagehero.com\/wp-content\/uploads\/2017\/04\/luggagehero_LOGO-RGB_kort_POS_200x200.png\",\"contentUrl\":\"https:\/\/luggagehero.com\/wp-content\/uploads\/2017\/04\/luggagehero_LOGO-RGB_kort_POS_200x200.png\",\"width\":200,\"height\":200,\"caption\":\"LuggageHero\"},\"image\":{\"@id\":\"https:\/\/luggagehero.com\/fr\/#\/schema\/logo\/image\/\"},\"sameAs\":[\"https:\/\/www.facebook.com\/luggagehero\",\"https:\/\/x.com\/luggagehero\",\"https:\/\/www.instagram.com\/luggagehero\",\"https:\/\/www.linkedin.com\/company\/luggagehero\/\"]}]}<\/script>\n<!-- \/ Yoast SEO Premium plugin. -->","yoast_head_json":{"title":"Comment \u00e7a marche - LuggageHero","robots":{"index":"index","follow":"follow","max-snippet":"max-snippet:-1","max-image-preview":"max-image-preview:large","max-video-preview":"max-video-preview:-1"},"canonical":"https:\/\/luggagehero.com\/fr\/comment-a-marche\/","og_locale":"fr_FR","og_type":"article","og_title":"Comment \u00e7a marche","og_description":"R\u00e9servez en ligne et recevez l&#8217;itin\u00e9raire &nbsp; Pour un check-in\/check-out rapide, r\u00e9servez \u00e0 l&#8217;avance et recevez l&#8217;itin\u00e9raire. D\u00e9clenchez le minuteur de consigne sur votre page de r\u00e9servation lorsque vous d\u00e9posez vos bagages. Arr\u00eatez le minuteur de consigne lorsque vous venez les r\u00e9cup\u00e9rer.","og_url":"https:\/\/luggagehero.com\/fr\/comment-a-marche\/","og_site_name":"LuggageHero","article_publisher":"https:\/\/www.facebook.com\/luggagehero","article_modified_time":"2023-12-21T10:06:36+00:00","og_image":[{"width":200,"height":200,"url":"https:\/\/luggagehero.com\/wp-content\/uploads\/2017\/05\/luggagehero-luggage-storage-2.png","type":"image\/png"}],"twitter_card":"summary_large_image","twitter_site":"@luggagehero","twitter_misc":{"Est. reading time":"1 minute"},"schema":{"@context":"https:\/\/schema.org","@graph":[{"@type":"WebPage","@id":"https:\/\/luggagehero.com\/fr\/comment-a-marche\/","url":"https:\/\/luggagehero.com\/fr\/comment-a-marche\/","name":"Comment \u00e7a marche - LuggageHero","isPartOf":{"@id":"https:\/\/luggagehero.com\/fr\/#website"},"datePublished":"2019-04-26T10:51:24+00:00","dateModified":"2023-12-21T10:06:36+00:00","breadcrumb":{"@id":"https:\/\/luggagehero.com\/fr\/comment-a-marche\/#breadcrumb"},"inLanguage":"fr-FR","potentialAction":[{"@type":"ReadAction","target":["https:\/\/luggagehero.com\/fr\/comment-a-marche\/"]}]},{"@type":"BreadcrumbList","@id":"https:\/\/luggagehero.com\/fr\/comment-a-marche\/#breadcrumb","itemListElement":[{"@type":"ListItem","position":1,"name":"Home","item":"https:\/\/luggagehero.com\/fr\/"},{"@type":"ListItem","position":2,"name":"Comment \u00e7a marche"}]},{"@type":"WebSite","@id":"https:\/\/luggagehero.com\/fr\/#website","url":"https:\/\/luggagehero.com\/fr\/","name":"LuggageHero","description":"Free yourself from luggage","publisher":{"@id":"https:\/\/luggagehero.com\/fr\/#organization"},"potentialAction":[{"@type":"SearchAction","target":{"@type":"EntryPoint","urlTemplate":"https:\/\/luggagehero.com\/fr\/?s={search_term_string}"},"query-input":{"@type":"PropertyValueSpecification","valueRequired":true,"valueName":"search_term_string"}}],"inLanguage":"fr-FR"},{"@type":"Organization","@id":"https:\/\/luggagehero.com\/fr\/#organization","name":"LuggageHero","url":"https:\/\/luggagehero.com\/fr\/","logo":{"@type":"ImageObject","inLanguage":"fr-FR","@id":"https:\/\/luggagehero.com\/fr\/#\/schema\/logo\/image\/","url":"https:\/\/luggagehero.com\/wp-content\/uploads\/2017\/04\/luggagehero_LOGO-RGB_kort_POS_200x200.png","contentUrl":"https:\/\/luggagehero.com\/wp-content\/uploads\/2017\/04\/luggagehero_LOGO-RGB_kort_POS_200x200.png","width":200,"height":200,"caption":"LuggageHero"},"image":{"@id":"https:\/\/luggagehero.com\/fr\/#\/schema\/logo\/image\/"},"sameAs":["https:\/\/www.facebook.com\/luggagehero","https:\/\/x.com\/luggagehero","https:\/\/www.instagram.com\/luggagehero","https:\/\/www.linkedin.com\/company\/luggagehero\/"]}]}},"place_id":"","place_latitude_longitude":"","place_name":"","criteria_title":"","criteria_description":"","meta_title":"","meta_description":"","children_criteria_title":"","children_criteria_description":"","children_meta_title":"","children_meta_description":"","_edit_last":"46","use_global_content":"","poi_type":"","content_raw":"<h1 style=\"text-align: center;\">R\u00e9servez en ligne et recevez l'itin\u00e9raire<\/h1>\r\n&nbsp;\r\n<p style=\"text-align: center;\">Pour un check-in\/check-out rapide, <strong>r\u00e9servez \u00e0 l'avance et recevez l'itin\u00e9raire.\r\n<\/strong><\/p>\r\n\r\n<ul>\r\n \t<li><strong>D\u00e9clenchez le minuteur de consigne<\/strong> sur votre page de r\u00e9servation lorsque vous d\u00e9posez vos bagages.<\/li>\r\n \t<li><strong> Arr\u00eatez le minuteur de consigne<\/strong> lorsque vous venez les r\u00e9cup\u00e9rer.<\/li>\r\n<\/ul>","_links":{"self":[{"href":"https:\/\/luggagehero.com\/fr\/wp-json\/wp\/v2\/pages\/6719","targetHints":{"allow":["GET"]}}],"collection":[{"href":"https:\/\/luggagehero.com\/fr\/wp-json\/wp\/v2\/pages"}],"about":[{"href":"https:\/\/luggagehero.com\/fr\/wp-json\/wp\/v2\/types\/page"}],"author":[{"embeddable":true,"href":"https:\/\/luggagehero.com\/fr\/wp-json\/wp\/v2\/users\/9"}],"replies":[{"embeddable":true,"href":"https:\/\/luggagehero.com\/fr\/wp-json\/wp\/v2\/comments?post=6719"}],"version-history":[{"count":0,"href":"https:\/\/luggagehero.com\/fr\/wp-json\/wp\/v2\/pages\/6719\/revisions"}],"wp:attachment":[{"href":"https:\/\/luggagehero.com\/fr\/wp-json\/wp\/v2\/media?parent=6719"}],"curies":[{"name":"wp","href":"https:\/\/api.w.org\/{rel}","templated":true}]}}