{"id":6758,"date":"2019-05-01T08:38:56","date_gmt":"2019-05-01T08:38:56","guid":{"rendered":"https:\/\/luggagehero.com\/montral\/gare-centrale\/"},"modified":"2023-12-21T10:17:39","modified_gmt":"2023-12-21T10:17:39","slug":"gare-centrale","status":"publish","type":"page","link":"https:\/\/luggagehero.com\/fr\/montral\/gare-centrale\/","title":{"rendered":"Gare Centrale"},"content":{"rendered":"<h1 class=\"font-size-x-large font-serif\" style=\"text-align: center;\">Gare Centrale<\/h1>\n<p>Si vous r\u00e9fl\u00e9chissez \u00e0 un lieu o\u00f9 stocker vos bagages aussi pr\u00e8s de la Gare Centrale \u00e0 <a href=\"https:\/\/luggagehero.com\/montreal\/\">Montr\u00e9al<\/a> que possible, ne cherchez pas plus loin\u00a0! Vous pouvez stocker vos bagages dans l\u2019un de nos emplacements de consignes \u00e0 bagages, sans risque et \u00e0 un prix tr\u00e8s raisonnable et explorer <a href=\"https:\/\/luggagehero.com\/montreal\/\">Montr\u00e9al<\/a> en toute libert\u00e9.<\/p>\n<p>Les sites de consignes \u00e0 bagages de LuggageHero sont des h\u00f4tels, des caf\u00e9s et des magasins\u00a0<a href=\"https:\/\/luggagehero.com\/about\/certified-shops\/\">certifi\u00e9s<\/a>. Les r\u00e9servations \u00e0 l\u2019avance vous garantissent une place pour vos bagages. L\u2019adresse et les directions de nos commer\u00e7ants partenaires sont disponibles au moment de la r\u00e9servation. Tous les bagages sont verrouill\u00e9s \u00e0 l\u2019aide de nos\u00a0<a href=\"https:\/\/luggagehero.com\/about\/security-seal\/\">\u00e9tiquettes de verrouillage<\/a> assurant chaque bagage jusqu\u2019\u00e0 <pricing-component type=\"insurancecoverage\"><\/pricing-component> une fois que vous avez d\u00e9pos\u00e9 vos bagages et d\u00e9marr\u00e9 le minuteur de consigne sur votre page de r\u00e9servation.<\/p>\n<p><img loading=\"lazy\" decoding=\"async\" class=\"aligncenter wp-image-5919 size-large\" src=\"https:\/\/luggagehero.com\/wp-content\/uploads\/2019\/04\/shutterstock_94666813-800x412.jpg\" alt=\"\" width=\"800\" height=\"412\" srcset=\"https:\/\/luggagehero.com\/wp-content\/uploads\/2019\/04\/shutterstock_94666813-800x412.jpg 800w, https:\/\/luggagehero.com\/wp-content\/uploads\/2019\/04\/shutterstock_94666813-300x155.jpg 300w, https:\/\/luggagehero.com\/wp-content\/uploads\/2019\/04\/shutterstock_94666813-600x309.jpg 600w, https:\/\/luggagehero.com\/wp-content\/uploads\/2019\/04\/shutterstock_94666813.jpg 1000w\" sizes=\"auto, (max-width: 800px) 100vw, 800px\" \/><\/p>\n<p>Il est facile d\u2019atteindre le b\u00e2timent de la Gare Centrale, situ\u00e9 au 895 rue de la Gaucheti\u00e8re Ouest, Montr\u00e9al, en bus, en m\u00e9tro ou en train. La station poss\u00e8de \u00e9galement 4\u00a0parkings diff\u00e9rents et est accessible 24\u00a0heures sur 24 avec des espaces pour les v\u00e9hicules \u00e9lectriques et \u00e9galement les v\u00e9los.<\/p>\n<p>Comme ils disent, elle est \u00ab\u00a0au c\u0153ur de tous vos voyages depuis plus de 75 ans\u00a0\u00bb, que vous assistiez \u00e0 un \u00e9v\u00e9nement sportif ou que vous souhaitiez seulement visiter les environs, stocker vos bagages dans l\u2019un de nos emplacements <a href=\"https:\/\/luggagehero.com\/about\/certified-shops\/\">certifi\u00e9s<\/a> \u00e0 proximit\u00e9 rendra votre s\u00e9jour bien plus agr\u00e9able.<\/p>\n","protected":false},"excerpt":{"rendered":"<p>Gare Centrale Si vous r\u00e9fl\u00e9chissez \u00e0 un lieu o\u00f9 stocker vos bagages aussi pr\u00e8s de la Gare Centrale \u00e0 Montr\u00e9al que possible, ne cherchez pas plus loin\u00a0! Vous pouvez stocker vos bagages dans l\u2019un de nos emplacements de consignes \u00e0 bagages, sans risque et \u00e0 un prix tr\u00e8s raisonnable et explorer Montr\u00e9al en toute libert\u00e9. [&hellip;]<\/p>\n","protected":false},"author":9,"featured_media":0,"parent":6757,"menu_order":0,"comment_status":"closed","ping_status":"closed","template":"","meta":{"_acf_changed":false,"footnotes":""},"class_list":["post-6758","page","type-page","status-publish","hentry"],"acf":[],"yoast_head":"<!-- This site is optimized with the Yoast SEO Premium plugin v27.0 (Yoast SEO v27.0) - https:\/\/yoast.com\/product\/yoast-seo-premium-wordpress\/ -->\n<title>Gare Centrale - LuggageHero<\/title>\n<meta name=\"robots\" content=\"index, follow, max-snippet:-1, max-image-preview:large, max-video-preview:-1\" \/>\n<link rel=\"canonical\" href=\"https:\/\/luggagehero.com\/fr\/montral\/gare-centrale\/\" \/>\n<meta property=\"og:locale\" content=\"fr_FR\" \/>\n<meta property=\"og:type\" content=\"article\" \/>\n<meta property=\"og:title\" content=\"Gare Centrale\" \/>\n<meta property=\"og:description\" content=\"Gare Centrale Si vous r\u00e9fl\u00e9chissez \u00e0 un lieu o\u00f9 stocker vos bagages aussi pr\u00e8s de la Gare Centrale \u00e0 Montr\u00e9al que possible, ne cherchez pas plus loin\u00a0! Vous pouvez stocker vos bagages dans l\u2019un de nos emplacements de consignes \u00e0 bagages, sans risque et \u00e0 un prix tr\u00e8s raisonnable et explorer Montr\u00e9al en toute libert\u00e9. [&hellip;]\" \/>\n<meta property=\"og:url\" content=\"https:\/\/luggagehero.com\/fr\/montral\/gare-centrale\/\" \/>\n<meta property=\"og:site_name\" content=\"LuggageHero\" \/>\n<meta property=\"article:publisher\" content=\"https:\/\/www.facebook.com\/luggagehero\" \/>\n<meta property=\"article:modified_time\" content=\"2023-12-21T10:17:39+00:00\" \/>\n<meta property=\"og:image\" content=\"https:\/\/luggagehero.com\/wp-content\/uploads\/2019\/04\/shutterstock_94666813-800x412.jpg\" \/>\n<meta name=\"twitter:card\" content=\"summary_large_image\" \/>\n<meta name=\"twitter:site\" content=\"@luggagehero\" \/>\n<meta name=\"twitter:label1\" content=\"Est. reading time\" \/>\n\t<meta name=\"twitter:data1\" content=\"2 minutes\" \/>\n<script type=\"application\/ld+json\" class=\"yoast-schema-graph\">{\"@context\":\"https:\/\/schema.org\",\"@graph\":[{\"@type\":\"WebPage\",\"@id\":\"https:\/\/luggagehero.com\/fr\/montral\/gare-centrale\/\",\"url\":\"https:\/\/luggagehero.com\/fr\/montral\/gare-centrale\/\",\"name\":\"Gare Centrale - LuggageHero\",\"isPartOf\":{\"@id\":\"https:\/\/luggagehero.com\/fr\/#website\"},\"primaryImageOfPage\":{\"@id\":\"https:\/\/luggagehero.com\/fr\/montral\/gare-centrale\/#primaryimage\"},\"image\":{\"@id\":\"https:\/\/luggagehero.com\/fr\/montral\/gare-centrale\/#primaryimage\"},\"thumbnailUrl\":\"https:\/\/luggagehero.com\/wp-content\/uploads\/2019\/04\/shutterstock_94666813-800x412.jpg\",\"datePublished\":\"2019-05-01T08:38:56+00:00\",\"dateModified\":\"2023-12-21T10:17:39+00:00\",\"breadcrumb\":{\"@id\":\"https:\/\/luggagehero.com\/fr\/montral\/gare-centrale\/#breadcrumb\"},\"inLanguage\":\"fr-FR\",\"potentialAction\":[{\"@type\":\"ReadAction\",\"target\":[\"https:\/\/luggagehero.com\/fr\/montral\/gare-centrale\/\"]}]},{\"@type\":\"ImageObject\",\"inLanguage\":\"fr-FR\",\"@id\":\"https:\/\/luggagehero.com\/fr\/montral\/gare-centrale\/#primaryimage\",\"url\":\"https:\/\/luggagehero.com\/wp-content\/uploads\/2019\/04\/shutterstock_94666813-800x412.jpg\",\"contentUrl\":\"https:\/\/luggagehero.com\/wp-content\/uploads\/2019\/04\/shutterstock_94666813-800x412.jpg\"},{\"@type\":\"BreadcrumbList\",\"@id\":\"https:\/\/luggagehero.com\/fr\/montral\/gare-centrale\/#breadcrumb\",\"itemListElement\":[{\"@type\":\"ListItem\",\"position\":1,\"name\":\"Home\",\"item\":\"https:\/\/luggagehero.com\/fr\/\"},{\"@type\":\"ListItem\",\"position\":2,\"name\":\"Montr\u00e9al\",\"item\":\"https:\/\/luggagehero.com\/fr\/montral\/\"},{\"@type\":\"ListItem\",\"position\":3,\"name\":\"Gare Centrale\"}]},{\"@type\":\"WebSite\",\"@id\":\"https:\/\/luggagehero.com\/fr\/#website\",\"url\":\"https:\/\/luggagehero.com\/fr\/\",\"name\":\"LuggageHero\",\"description\":\"Free yourself from luggage\",\"publisher\":{\"@id\":\"https:\/\/luggagehero.com\/fr\/#organization\"},\"potentialAction\":[{\"@type\":\"SearchAction\",\"target\":{\"@type\":\"EntryPoint\",\"urlTemplate\":\"https:\/\/luggagehero.com\/fr\/?s={search_term_string}\"},\"query-input\":{\"@type\":\"PropertyValueSpecification\",\"valueRequired\":true,\"valueName\":\"search_term_string\"}}],\"inLanguage\":\"fr-FR\"},{\"@type\":\"Organization\",\"@id\":\"https:\/\/luggagehero.com\/fr\/#organization\",\"name\":\"LuggageHero\",\"url\":\"https:\/\/luggagehero.com\/fr\/\",\"logo\":{\"@type\":\"ImageObject\",\"inLanguage\":\"fr-FR\",\"@id\":\"https:\/\/luggagehero.com\/fr\/#\/schema\/logo\/image\/\",\"url\":\"https:\/\/luggagehero.com\/wp-content\/uploads\/2017\/04\/luggagehero_LOGO-RGB_kort_POS_200x200.png\",\"contentUrl\":\"https:\/\/luggagehero.com\/wp-content\/uploads\/2017\/04\/luggagehero_LOGO-RGB_kort_POS_200x200.png\",\"width\":200,\"height\":200,\"caption\":\"LuggageHero\"},\"image\":{\"@id\":\"https:\/\/luggagehero.com\/fr\/#\/schema\/logo\/image\/\"},\"sameAs\":[\"https:\/\/www.facebook.com\/luggagehero\",\"https:\/\/x.com\/luggagehero\",\"https:\/\/www.instagram.com\/luggagehero\",\"https:\/\/www.linkedin.com\/company\/luggagehero\/\"]}]}<\/script>\n<!-- \/ Yoast SEO Premium plugin. -->","yoast_head_json":{"title":"Gare Centrale - LuggageHero","robots":{"index":"index","follow":"follow","max-snippet":"max-snippet:-1","max-image-preview":"max-image-preview:large","max-video-preview":"max-video-preview:-1"},"canonical":"https:\/\/luggagehero.com\/fr\/montral\/gare-centrale\/","og_locale":"fr_FR","og_type":"article","og_title":"Gare Centrale","og_description":"Gare Centrale Si vous r\u00e9fl\u00e9chissez \u00e0 un lieu o\u00f9 stocker vos bagages aussi pr\u00e8s de la Gare Centrale \u00e0 Montr\u00e9al que possible, ne cherchez pas plus loin\u00a0! Vous pouvez stocker vos bagages dans l\u2019un de nos emplacements de consignes \u00e0 bagages, sans risque et \u00e0 un prix tr\u00e8s raisonnable et explorer Montr\u00e9al en toute libert\u00e9. [&hellip;]","og_url":"https:\/\/luggagehero.com\/fr\/montral\/gare-centrale\/","og_site_name":"LuggageHero","article_publisher":"https:\/\/www.facebook.com\/luggagehero","article_modified_time":"2023-12-21T10:17:39+00:00","og_image":[{"url":"https:\/\/luggagehero.com\/wp-content\/uploads\/2019\/04\/shutterstock_94666813-800x412.jpg","type":"","width":"","height":""}],"twitter_card":"summary_large_image","twitter_site":"@luggagehero","twitter_misc":{"Est. reading time":"2 minutes"},"schema":{"@context":"https:\/\/schema.org","@graph":[{"@type":"WebPage","@id":"https:\/\/luggagehero.com\/fr\/montral\/gare-centrale\/","url":"https:\/\/luggagehero.com\/fr\/montral\/gare-centrale\/","name":"Gare Centrale - LuggageHero","isPartOf":{"@id":"https:\/\/luggagehero.com\/fr\/#website"},"primaryImageOfPage":{"@id":"https:\/\/luggagehero.com\/fr\/montral\/gare-centrale\/#primaryimage"},"image":{"@id":"https:\/\/luggagehero.com\/fr\/montral\/gare-centrale\/#primaryimage"},"thumbnailUrl":"https:\/\/luggagehero.com\/wp-content\/uploads\/2019\/04\/shutterstock_94666813-800x412.jpg","datePublished":"2019-05-01T08:38:56+00:00","dateModified":"2023-12-21T10:17:39+00:00","breadcrumb":{"@id":"https:\/\/luggagehero.com\/fr\/montral\/gare-centrale\/#breadcrumb"},"inLanguage":"fr-FR","potentialAction":[{"@type":"ReadAction","target":["https:\/\/luggagehero.com\/fr\/montral\/gare-centrale\/"]}]},{"@type":"ImageObject","inLanguage":"fr-FR","@id":"https:\/\/luggagehero.com\/fr\/montral\/gare-centrale\/#primaryimage","url":"https:\/\/luggagehero.com\/wp-content\/uploads\/2019\/04\/shutterstock_94666813-800x412.jpg","contentUrl":"https:\/\/luggagehero.com\/wp-content\/uploads\/2019\/04\/shutterstock_94666813-800x412.jpg"},{"@type":"BreadcrumbList","@id":"https:\/\/luggagehero.com\/fr\/montral\/gare-centrale\/#breadcrumb","itemListElement":[{"@type":"ListItem","position":1,"name":"Home","item":"https:\/\/luggagehero.com\/fr\/"},{"@type":"ListItem","position":2,"name":"Montr\u00e9al","item":"https:\/\/luggagehero.com\/fr\/montral\/"},{"@type":"ListItem","position":3,"name":"Gare Centrale"}]},{"@type":"WebSite","@id":"https:\/\/luggagehero.com\/fr\/#website","url":"https:\/\/luggagehero.com\/fr\/","name":"LuggageHero","description":"Free yourself from luggage","publisher":{"@id":"https:\/\/luggagehero.com\/fr\/#organization"},"potentialAction":[{"@type":"SearchAction","target":{"@type":"EntryPoint","urlTemplate":"https:\/\/luggagehero.com\/fr\/?s={search_term_string}"},"query-input":{"@type":"PropertyValueSpecification","valueRequired":true,"valueName":"search_term_string"}}],"inLanguage":"fr-FR"},{"@type":"Organization","@id":"https:\/\/luggagehero.com\/fr\/#organization","name":"LuggageHero","url":"https:\/\/luggagehero.com\/fr\/","logo":{"@type":"ImageObject","inLanguage":"fr-FR","@id":"https:\/\/luggagehero.com\/fr\/#\/schema\/logo\/image\/","url":"https:\/\/luggagehero.com\/wp-content\/uploads\/2017\/04\/luggagehero_LOGO-RGB_kort_POS_200x200.png","contentUrl":"https:\/\/luggagehero.com\/wp-content\/uploads\/2017\/04\/luggagehero_LOGO-RGB_kort_POS_200x200.png","width":200,"height":200,"caption":"LuggageHero"},"image":{"@id":"https:\/\/luggagehero.com\/fr\/#\/schema\/logo\/image\/"},"sameAs":["https:\/\/www.facebook.com\/luggagehero","https:\/\/x.com\/luggagehero","https:\/\/www.instagram.com\/luggagehero","https:\/\/www.linkedin.com\/company\/luggagehero\/"]}]}},"place_id":"","place_latitude_longitude":"","place_name":"","criteria_title":"","criteria_description":"","meta_title":"","meta_description":"","children_criteria_title":"","children_criteria_description":"","children_meta_title":"","children_meta_description":"","_edit_last":"46","use_global_content":"","poi_type":"","content_raw":"<h1 class=\"font-size-x-large font-serif\" style=\"text-align: center;\">Gare Centrale<\/h1>\r\nSi vous r\u00e9fl\u00e9chissez \u00e0 un lieu o\u00f9 stocker vos bagages aussi pr\u00e8s de la Gare Centrale \u00e0 <a href=\"https:\/\/luggagehero.com\/montreal\/\">Montr\u00e9al<\/a> que possible, ne cherchez pas plus loin\u00a0! Vous pouvez stocker vos bagages dans l\u2019un de nos emplacements de consignes \u00e0 bagages, sans risque et \u00e0 un prix tr\u00e8s raisonnable et explorer <a href=\"https:\/\/luggagehero.com\/montreal\/\">Montr\u00e9al<\/a> en toute libert\u00e9.\r\n\r\nLes sites de consignes \u00e0 bagages de LuggageHero sont des h\u00f4tels, des caf\u00e9s et des magasins\u00a0<a href=\"https:\/\/luggagehero.com\/about\/certified-shops\/\">certifi\u00e9s<\/a>. Les r\u00e9servations \u00e0 l\u2019avance vous garantissent une place pour vos bagages. L\u2019adresse et les directions de nos commer\u00e7ants partenaires sont disponibles au moment de la r\u00e9servation. Tous les bagages sont verrouill\u00e9s \u00e0 l\u2019aide de nos\u00a0<a href=\"https:\/\/luggagehero.com\/about\/security-seal\/\">\u00e9tiquettes de verrouillage<\/a> assurant chaque bagage jusqu\u2019\u00e0 [pricing insurancecoverage] une fois que vous avez d\u00e9pos\u00e9 vos bagages et d\u00e9marr\u00e9 le minuteur de consigne sur votre page de r\u00e9servation.\r\n\r\n<img class=\"aligncenter wp-image-5919 size-large\" src=\"https:\/\/luggagehero.com\/wp-content\/uploads\/2019\/04\/shutterstock_94666813-800x412.jpg\" alt=\"\" width=\"800\" height=\"412\" \/>\r\n\r\nIl est facile d\u2019atteindre le b\u00e2timent de la Gare Centrale, situ\u00e9 au 895 rue de la Gaucheti\u00e8re Ouest, Montr\u00e9al, en bus, en m\u00e9tro ou en train. La station poss\u00e8de \u00e9galement 4\u00a0parkings diff\u00e9rents et est accessible 24\u00a0heures sur 24 avec des espaces pour les v\u00e9hicules \u00e9lectriques et \u00e9galement les v\u00e9los.\r\n\r\nComme ils disent, elle est \u00ab\u00a0au c\u0153ur de tous vos voyages depuis plus de 75 ans\u00a0\u00bb, que vous assistiez \u00e0 un \u00e9v\u00e9nement sportif ou que vous souhaitiez seulement visiter les environs, stocker vos bagages dans l\u2019un de nos emplacements <a href=\"https:\/\/luggagehero.com\/about\/certified-shops\/\">certifi\u00e9s<\/a> \u00e0 proximit\u00e9 rendra votre s\u00e9jour bien plus agr\u00e9able.","_links":{"self":[{"href":"https:\/\/luggagehero.com\/fr\/wp-json\/wp\/v2\/pages\/6758","targetHints":{"allow":["GET"]}}],"collection":[{"href":"https:\/\/luggagehero.com\/fr\/wp-json\/wp\/v2\/pages"}],"about":[{"href":"https:\/\/luggagehero.com\/fr\/wp-json\/wp\/v2\/types\/page"}],"author":[{"embeddable":true,"href":"https:\/\/luggagehero.com\/fr\/wp-json\/wp\/v2\/users\/9"}],"replies":[{"embeddable":true,"href":"https:\/\/luggagehero.com\/fr\/wp-json\/wp\/v2\/comments?post=6758"}],"version-history":[{"count":0,"href":"https:\/\/luggagehero.com\/fr\/wp-json\/wp\/v2\/pages\/6758\/revisions"}],"up":[{"embeddable":true,"href":"https:\/\/luggagehero.com\/fr\/wp-json\/wp\/v2\/pages\/6757"}],"wp:attachment":[{"href":"https:\/\/luggagehero.com\/fr\/wp-json\/wp\/v2\/media?parent=6758"}],"curies":[{"name":"wp","href":"https:\/\/api.w.org\/{rel}","templated":true}]}}