{"id":6765,"date":"2019-05-01T08:39:09","date_gmt":"2019-05-01T08:39:09","guid":{"rendered":"https:\/\/luggagehero.com\/montral\/beaudry\/"},"modified":"2023-09-04T08:42:57","modified_gmt":"2023-09-04T08:42:57","slug":"beaudry","status":"publish","type":"page","link":"https:\/\/luggagehero.com\/fr\/montral\/beaudry\/","title":{"rendered":"Beaudry"},"content":{"rendered":"<p>Si vous recherchez une consigne \u00e0 bagages pr\u00e8s de la station de m\u00e9tro Beaudry \u00e0 <a href=\"https:\/\/luggagehero.com\/montreal\/\">Montr\u00e9al<\/a>, ne cherchez pas plus loin\u00a0! Vous pouvez stocker vos bagages dans l\u2019un de nos emplacements de consignes \u00e0 bagages \u00e0 proximit\u00e9 et explorer <a href=\"https:\/\/luggagehero.com\/montreal\/\">Montr\u00e9al<\/a> en toute libert\u00e9.<\/p>\n<p>Les sites de consignes \u00e0 bagages de LuggageHero sont des h\u00f4tels, des caf\u00e9s et des magasins\u00a0<a href=\"https:\/\/luggagehero.com\/about\/certified-shops\/\">certifi\u00e9s<\/a>. Les r\u00e9servations \u00e0 l\u2019avance vous garantissent une place pour vos bagages. L\u2019adresse et les directions de nos commer\u00e7ants partenaires sont disponibles au moment de la r\u00e9servation. Tous les bagages sont verrouill\u00e9s \u00e0 l\u2019aide de nos\u00a0<a href=\"https:\/\/luggagehero.com\/about\/security-seal\/\">\u00e9tiquettes de verrouillage<\/a>\u00a0assurant chaque bagage jusqu\u2019\u00e0 <pricing-component type=\"insurancecoverage\"><\/pricing-component> une fois que vous avez d\u00e9pos\u00e9 vos bagages et d\u00e9marr\u00e9 le minuteur de consigne sur votre page de r\u00e9servation.<\/p>\n<p><img loading=\"lazy\" decoding=\"async\" class=\"aligncenter wp-image-5897 size-full\" src=\"https:\/\/luggagehero.com\/wp-content\/uploads\/2019\/03\/shutterstock_552885901.jpg\" alt=\"Stockez vos bagages avec LuggageHero et explorez Montr\u00e9al en toute libert\u00e9\" width=\"1000\" height=\"388\" srcset=\"https:\/\/luggagehero.com\/wp-content\/uploads\/2019\/03\/shutterstock_552885901.jpg 1000w, https:\/\/luggagehero.com\/wp-content\/uploads\/2019\/03\/shutterstock_552885901-300x116.jpg 300w, https:\/\/luggagehero.com\/wp-content\/uploads\/2019\/03\/shutterstock_552885901-600x233.jpg 600w, https:\/\/luggagehero.com\/wp-content\/uploads\/2019\/03\/shutterstock_552885901-800x310.jpg 800w\" sizes=\"auto, (max-width: 1000px) 100vw, 1000px\" \/><\/p>\n<h2 style=\"text-align: center;\">Station Beaudry<\/h2>\n<p>Beaudry, la station de m\u00e9tro arborant les couleurs de l\u2019arc-en-ciel, est situ\u00e9e dans le quartier de Ville-Marie \u00e0 Montr\u00e9al. Elle est exploit\u00e9e par la Soci\u00e9t\u00e9 de transport de Montr\u00e9al (STM) et dessert la ligne verte, et est \u00e9galement la seule en son genre dans le r\u00e9seau du M\u00e9tro, traversant la distance entre le boulevard De Maisonneuve et la rue Sainte-Catherine, sur laquelle son entr\u00e9e est situ\u00e9e.<\/p>\n<p>Avec de nombreux points d\u2019int\u00e9r\u00eat \u00e0 proximit\u00e9 tels que l&#8217;\u00e9glise Saint-Pierre-Ap\u00f4tre, le complexe Sky, le parc de l&#8217;Espoir et une diversit\u00e9 de caf\u00e9s, bars et clubs dans le quartier, le stockage de vos bagages en toute s\u00e9curit\u00e9 et avec une \u00e9tiquette de verrouillage gratuite fournie vous permettra de vous balader beaucoup plus facilement et de vous amuser davantage.<\/p>\n","protected":false},"excerpt":{"rendered":"<p>Si vous recherchez une consigne \u00e0 bagages pr\u00e8s de la station de m\u00e9tro Beaudry \u00e0 Montr\u00e9al, ne cherchez pas plus loin\u00a0! Vous pouvez stocker vos bagages dans l\u2019un de nos emplacements de consignes \u00e0 bagages \u00e0 proximit\u00e9 et explorer Montr\u00e9al en toute libert\u00e9. Les sites de consignes \u00e0 bagages de LuggageHero sont des h\u00f4tels, des [&hellip;]<\/p>\n","protected":false},"author":9,"featured_media":0,"parent":6757,"menu_order":0,"comment_status":"closed","ping_status":"closed","template":"template-location.php","meta":{"_acf_changed":false,"footnotes":""},"class_list":["post-6765","page","type-page","status-publish","hentry"],"acf":[],"yoast_head":"<!-- This site is optimized with the Yoast SEO Premium plugin v27.0 (Yoast SEO v27.0) - https:\/\/yoast.com\/product\/yoast-seo-premium-wordpress\/ -->\n<title>Beaudry - LuggageHero<\/title>\n<meta name=\"robots\" content=\"index, follow, max-snippet:-1, max-image-preview:large, max-video-preview:-1\" \/>\n<link rel=\"canonical\" href=\"https:\/\/luggagehero.com\/fr\/montral\/beaudry\/\" \/>\n<meta property=\"og:locale\" content=\"fr_FR\" \/>\n<meta property=\"og:type\" content=\"article\" \/>\n<meta property=\"og:title\" content=\"Beaudry\" \/>\n<meta property=\"og:description\" content=\"Si vous recherchez une consigne \u00e0 bagages pr\u00e8s de la station de m\u00e9tro Beaudry \u00e0 Montr\u00e9al, ne cherchez pas plus loin\u00a0! Vous pouvez stocker vos bagages dans l\u2019un de nos emplacements de consignes \u00e0 bagages \u00e0 proximit\u00e9 et explorer Montr\u00e9al en toute libert\u00e9. Les sites de consignes \u00e0 bagages de LuggageHero sont des h\u00f4tels, des [&hellip;]\" \/>\n<meta property=\"og:url\" content=\"https:\/\/luggagehero.com\/fr\/montral\/beaudry\/\" \/>\n<meta property=\"og:site_name\" content=\"LuggageHero\" \/>\n<meta property=\"article:publisher\" content=\"https:\/\/www.facebook.com\/luggagehero\" \/>\n<meta property=\"article:modified_time\" content=\"2023-09-04T08:42:57+00:00\" \/>\n<meta property=\"og:image\" content=\"https:\/\/luggagehero.com\/wp-content\/uploads\/2019\/03\/shutterstock_552885901.jpg\" \/>\n<meta name=\"twitter:card\" content=\"summary_large_image\" \/>\n<meta name=\"twitter:site\" content=\"@luggagehero\" \/>\n<meta name=\"twitter:label1\" content=\"Est. reading time\" \/>\n\t<meta name=\"twitter:data1\" content=\"2 minutes\" \/>\n<script type=\"application\/ld+json\" class=\"yoast-schema-graph\">{\"@context\":\"https:\/\/schema.org\",\"@graph\":[{\"@type\":\"WebPage\",\"@id\":\"https:\/\/luggagehero.com\/fr\/montral\/beaudry\/\",\"url\":\"https:\/\/luggagehero.com\/fr\/montral\/beaudry\/\",\"name\":\"Beaudry - LuggageHero\",\"isPartOf\":{\"@id\":\"https:\/\/luggagehero.com\/fr\/#website\"},\"primaryImageOfPage\":{\"@id\":\"https:\/\/luggagehero.com\/fr\/montral\/beaudry\/#primaryimage\"},\"image\":{\"@id\":\"https:\/\/luggagehero.com\/fr\/montral\/beaudry\/#primaryimage\"},\"thumbnailUrl\":\"https:\/\/luggagehero.com\/wp-content\/uploads\/2019\/03\/shutterstock_552885901.jpg\",\"datePublished\":\"2019-05-01T08:39:09+00:00\",\"dateModified\":\"2023-09-04T08:42:57+00:00\",\"breadcrumb\":{\"@id\":\"https:\/\/luggagehero.com\/fr\/montral\/beaudry\/#breadcrumb\"},\"inLanguage\":\"fr-FR\",\"potentialAction\":[{\"@type\":\"ReadAction\",\"target\":[\"https:\/\/luggagehero.com\/fr\/montral\/beaudry\/\"]}]},{\"@type\":\"ImageObject\",\"inLanguage\":\"fr-FR\",\"@id\":\"https:\/\/luggagehero.com\/fr\/montral\/beaudry\/#primaryimage\",\"url\":\"https:\/\/luggagehero.com\/wp-content\/uploads\/2019\/03\/shutterstock_552885901.jpg\",\"contentUrl\":\"https:\/\/luggagehero.com\/wp-content\/uploads\/2019\/03\/shutterstock_552885901.jpg\"},{\"@type\":\"BreadcrumbList\",\"@id\":\"https:\/\/luggagehero.com\/fr\/montral\/beaudry\/#breadcrumb\",\"itemListElement\":[{\"@type\":\"ListItem\",\"position\":1,\"name\":\"Home\",\"item\":\"https:\/\/luggagehero.com\/fr\/\"},{\"@type\":\"ListItem\",\"position\":2,\"name\":\"Montr\u00e9al\",\"item\":\"https:\/\/luggagehero.com\/fr\/montral\/\"},{\"@type\":\"ListItem\",\"position\":3,\"name\":\"Beaudry\"}]},{\"@type\":\"WebSite\",\"@id\":\"https:\/\/luggagehero.com\/fr\/#website\",\"url\":\"https:\/\/luggagehero.com\/fr\/\",\"name\":\"LuggageHero\",\"description\":\"Free yourself from luggage\",\"publisher\":{\"@id\":\"https:\/\/luggagehero.com\/fr\/#organization\"},\"potentialAction\":[{\"@type\":\"SearchAction\",\"target\":{\"@type\":\"EntryPoint\",\"urlTemplate\":\"https:\/\/luggagehero.com\/fr\/?s={search_term_string}\"},\"query-input\":{\"@type\":\"PropertyValueSpecification\",\"valueRequired\":true,\"valueName\":\"search_term_string\"}}],\"inLanguage\":\"fr-FR\"},{\"@type\":\"Organization\",\"@id\":\"https:\/\/luggagehero.com\/fr\/#organization\",\"name\":\"LuggageHero\",\"url\":\"https:\/\/luggagehero.com\/fr\/\",\"logo\":{\"@type\":\"ImageObject\",\"inLanguage\":\"fr-FR\",\"@id\":\"https:\/\/luggagehero.com\/fr\/#\/schema\/logo\/image\/\",\"url\":\"https:\/\/luggagehero.com\/wp-content\/uploads\/2017\/04\/luggagehero_LOGO-RGB_kort_POS_200x200.png\",\"contentUrl\":\"https:\/\/luggagehero.com\/wp-content\/uploads\/2017\/04\/luggagehero_LOGO-RGB_kort_POS_200x200.png\",\"width\":200,\"height\":200,\"caption\":\"LuggageHero\"},\"image\":{\"@id\":\"https:\/\/luggagehero.com\/fr\/#\/schema\/logo\/image\/\"},\"sameAs\":[\"https:\/\/www.facebook.com\/luggagehero\",\"https:\/\/x.com\/luggagehero\",\"https:\/\/www.instagram.com\/luggagehero\",\"https:\/\/www.linkedin.com\/company\/luggagehero\/\"]}]}<\/script>\n<!-- \/ Yoast SEO Premium plugin. -->","yoast_head_json":{"title":"Beaudry - LuggageHero","robots":{"index":"index","follow":"follow","max-snippet":"max-snippet:-1","max-image-preview":"max-image-preview:large","max-video-preview":"max-video-preview:-1"},"canonical":"https:\/\/luggagehero.com\/fr\/montral\/beaudry\/","og_locale":"fr_FR","og_type":"article","og_title":"Beaudry","og_description":"Si vous recherchez une consigne \u00e0 bagages pr\u00e8s de la station de m\u00e9tro Beaudry \u00e0 Montr\u00e9al, ne cherchez pas plus loin\u00a0! Vous pouvez stocker vos bagages dans l\u2019un de nos emplacements de consignes \u00e0 bagages \u00e0 proximit\u00e9 et explorer Montr\u00e9al en toute libert\u00e9. Les sites de consignes \u00e0 bagages de LuggageHero sont des h\u00f4tels, des [&hellip;]","og_url":"https:\/\/luggagehero.com\/fr\/montral\/beaudry\/","og_site_name":"LuggageHero","article_publisher":"https:\/\/www.facebook.com\/luggagehero","article_modified_time":"2023-09-04T08:42:57+00:00","og_image":[{"url":"https:\/\/luggagehero.com\/wp-content\/uploads\/2019\/03\/shutterstock_552885901.jpg","type":"","width":"","height":""}],"twitter_card":"summary_large_image","twitter_site":"@luggagehero","twitter_misc":{"Est. reading time":"2 minutes"},"schema":{"@context":"https:\/\/schema.org","@graph":[{"@type":"WebPage","@id":"https:\/\/luggagehero.com\/fr\/montral\/beaudry\/","url":"https:\/\/luggagehero.com\/fr\/montral\/beaudry\/","name":"Beaudry - LuggageHero","isPartOf":{"@id":"https:\/\/luggagehero.com\/fr\/#website"},"primaryImageOfPage":{"@id":"https:\/\/luggagehero.com\/fr\/montral\/beaudry\/#primaryimage"},"image":{"@id":"https:\/\/luggagehero.com\/fr\/montral\/beaudry\/#primaryimage"},"thumbnailUrl":"https:\/\/luggagehero.com\/wp-content\/uploads\/2019\/03\/shutterstock_552885901.jpg","datePublished":"2019-05-01T08:39:09+00:00","dateModified":"2023-09-04T08:42:57+00:00","breadcrumb":{"@id":"https:\/\/luggagehero.com\/fr\/montral\/beaudry\/#breadcrumb"},"inLanguage":"fr-FR","potentialAction":[{"@type":"ReadAction","target":["https:\/\/luggagehero.com\/fr\/montral\/beaudry\/"]}]},{"@type":"ImageObject","inLanguage":"fr-FR","@id":"https:\/\/luggagehero.com\/fr\/montral\/beaudry\/#primaryimage","url":"https:\/\/luggagehero.com\/wp-content\/uploads\/2019\/03\/shutterstock_552885901.jpg","contentUrl":"https:\/\/luggagehero.com\/wp-content\/uploads\/2019\/03\/shutterstock_552885901.jpg"},{"@type":"BreadcrumbList","@id":"https:\/\/luggagehero.com\/fr\/montral\/beaudry\/#breadcrumb","itemListElement":[{"@type":"ListItem","position":1,"name":"Home","item":"https:\/\/luggagehero.com\/fr\/"},{"@type":"ListItem","position":2,"name":"Montr\u00e9al","item":"https:\/\/luggagehero.com\/fr\/montral\/"},{"@type":"ListItem","position":3,"name":"Beaudry"}]},{"@type":"WebSite","@id":"https:\/\/luggagehero.com\/fr\/#website","url":"https:\/\/luggagehero.com\/fr\/","name":"LuggageHero","description":"Free yourself from luggage","publisher":{"@id":"https:\/\/luggagehero.com\/fr\/#organization"},"potentialAction":[{"@type":"SearchAction","target":{"@type":"EntryPoint","urlTemplate":"https:\/\/luggagehero.com\/fr\/?s={search_term_string}"},"query-input":{"@type":"PropertyValueSpecification","valueRequired":true,"valueName":"search_term_string"}}],"inLanguage":"fr-FR"},{"@type":"Organization","@id":"https:\/\/luggagehero.com\/fr\/#organization","name":"LuggageHero","url":"https:\/\/luggagehero.com\/fr\/","logo":{"@type":"ImageObject","inLanguage":"fr-FR","@id":"https:\/\/luggagehero.com\/fr\/#\/schema\/logo\/image\/","url":"https:\/\/luggagehero.com\/wp-content\/uploads\/2017\/04\/luggagehero_LOGO-RGB_kort_POS_200x200.png","contentUrl":"https:\/\/luggagehero.com\/wp-content\/uploads\/2017\/04\/luggagehero_LOGO-RGB_kort_POS_200x200.png","width":200,"height":200,"caption":"LuggageHero"},"image":{"@id":"https:\/\/luggagehero.com\/fr\/#\/schema\/logo\/image\/"},"sameAs":["https:\/\/www.facebook.com\/luggagehero","https:\/\/x.com\/luggagehero","https:\/\/www.instagram.com\/luggagehero","https:\/\/www.linkedin.com\/company\/luggagehero\/"]}]}},"place_id":"","place_latitude_longitude":"45.51882142422299, -73.55581854272022","place_name":"Beaudry","criteria_title":"","criteria_description":"","meta_title":"","meta_description":"","children_criteria_title":"","children_criteria_description":"","children_meta_title":"","children_meta_description":"","_edit_last":"9","use_global_content":"","poi_type":"PublicTransit","content_raw":"Si vous recherchez une consigne \u00e0 bagages pr\u00e8s de la station de m\u00e9tro Beaudry \u00e0 <a href=\"https:\/\/luggagehero.com\/montreal\/\">Montr\u00e9al<\/a>, ne cherchez pas plus loin\u00a0! Vous pouvez stocker vos bagages dans l\u2019un de nos emplacements de consignes \u00e0 bagages \u00e0 proximit\u00e9 et explorer <a href=\"https:\/\/luggagehero.com\/montreal\/\">Montr\u00e9al<\/a> en toute libert\u00e9.\r\n\r\nLes sites de consignes \u00e0 bagages de LuggageHero sont des h\u00f4tels, des caf\u00e9s et des magasins\u00a0<a href=\"https:\/\/luggagehero.com\/about\/certified-shops\/\">certifi\u00e9s<\/a>. Les r\u00e9servations \u00e0 l\u2019avance vous garantissent une place pour vos bagages. L\u2019adresse et les directions de nos commer\u00e7ants partenaires sont disponibles au moment de la r\u00e9servation. Tous les bagages sont verrouill\u00e9s \u00e0 l\u2019aide de nos\u00a0<a href=\"https:\/\/luggagehero.com\/about\/security-seal\/\">\u00e9tiquettes de verrouillage<\/a>\u00a0assurant chaque bagage jusqu\u2019\u00e0 [pricing insurancecoverage] une fois que vous avez d\u00e9pos\u00e9 vos bagages et d\u00e9marr\u00e9 le minuteur de consigne sur votre page de r\u00e9servation.\r\n\r\n<img class=\"aligncenter wp-image-5897 size-full\" src=\"https:\/\/luggagehero.com\/wp-content\/uploads\/2019\/03\/shutterstock_552885901.jpg\" alt=\"Stockez vos bagages avec LuggageHero et explorez Montr\u00e9al en toute libert\u00e9\" width=\"1000\" height=\"388\" \/>\r\n<h2 style=\"text-align: center;\">Station Beaudry<\/h2>\r\nBeaudry, la station de m\u00e9tro arborant les couleurs de l\u2019arc-en-ciel, est situ\u00e9e dans le quartier de Ville-Marie \u00e0 Montr\u00e9al. Elle est exploit\u00e9e par la Soci\u00e9t\u00e9 de transport de Montr\u00e9al (STM) et dessert la ligne verte, et est \u00e9galement la seule en son genre dans le r\u00e9seau du M\u00e9tro, traversant la distance entre le boulevard De Maisonneuve et la rue Sainte-Catherine, sur laquelle son entr\u00e9e est situ\u00e9e.\r\n\r\nAvec de nombreux points d\u2019int\u00e9r\u00eat \u00e0 proximit\u00e9 tels que l'\u00e9glise Saint-Pierre-Ap\u00f4tre, le complexe Sky, le parc de l'Espoir et une diversit\u00e9 de caf\u00e9s, bars et clubs dans le quartier, le stockage de vos bagages en toute s\u00e9curit\u00e9 et avec une \u00e9tiquette de verrouillage gratuite fournie vous permettra de vous balader beaucoup plus facilement et de vous amuser davantage.","_links":{"self":[{"href":"https:\/\/luggagehero.com\/fr\/wp-json\/wp\/v2\/pages\/6765","targetHints":{"allow":["GET"]}}],"collection":[{"href":"https:\/\/luggagehero.com\/fr\/wp-json\/wp\/v2\/pages"}],"about":[{"href":"https:\/\/luggagehero.com\/fr\/wp-json\/wp\/v2\/types\/page"}],"author":[{"embeddable":true,"href":"https:\/\/luggagehero.com\/fr\/wp-json\/wp\/v2\/users\/9"}],"replies":[{"embeddable":true,"href":"https:\/\/luggagehero.com\/fr\/wp-json\/wp\/v2\/comments?post=6765"}],"version-history":[{"count":0,"href":"https:\/\/luggagehero.com\/fr\/wp-json\/wp\/v2\/pages\/6765\/revisions"}],"up":[{"embeddable":true,"href":"https:\/\/luggagehero.com\/fr\/wp-json\/wp\/v2\/pages\/6757"}],"wp:attachment":[{"href":"https:\/\/luggagehero.com\/fr\/wp-json\/wp\/v2\/media?parent=6765"}],"curies":[{"name":"wp","href":"https:\/\/api.w.org\/{rel}","templated":true}]}}