{"id":6766,"date":"2019-05-01T08:39:12","date_gmt":"2019-05-01T08:39:12","guid":{"rendered":"https:\/\/luggagehero.com\/montral\/vieux-montral\/"},"modified":"2023-09-04T08:43:07","modified_gmt":"2023-09-04T08:43:07","slug":"vieux-montral","status":"publish","type":"page","link":"https:\/\/luggagehero.com\/fr\/montral\/vieux-montral\/","title":{"rendered":"Vieux-Montr\u00e9al"},"content":{"rendered":"<p>Recherchez-vous une consigne \u00e0 bagages dans la vieille ville <a href=\"https:\/\/luggagehero.com\/montreal\/\">de Montr\u00e9al<\/a>\u00a0? Vous pouvez stocker vos bagages dans l\u2019un de nos emplacements de consignes \u00e0 bagages \u00e0 proximit\u00e9 et explorer le c\u0153ur de <a href=\"https:\/\/luggagehero.com\/montreal\/\">Montr\u00e9al<\/a> en toute libert\u00e9.<\/p>\n<p>Les sites de consignes \u00e0 bagages de LuggageHero sont des h\u00f4tels, des caf\u00e9s et des magasins\u00a0<a href=\"https:\/\/luggagehero.com\/about\/certified-shops\/\">certifi\u00e9s<\/a>. Les r\u00e9servations \u00e0 l\u2019avance vous garantissent une place pour vos bagages. L\u2019adresse et les directions de nos commer\u00e7ants partenaires sont disponibles au moment de la r\u00e9servation. Tous les bagages sont verrouill\u00e9s \u00e0 l\u2019aide de nos\u00a0<a href=\"https:\/\/luggagehero.com\/about\/security-seal\/\">\u00e9tiquettes de verrouillage<\/a> assurant chaque bagage jusqu\u2019\u00e0 <pricing-component type=\"insurancecoverage\"><\/pricing-component> une fois que vous avez d\u00e9pos\u00e9 vos bagages et d\u00e9marr\u00e9 le minuteur de consigne sur votre page de r\u00e9servation.<\/p>\n<p><img loading=\"lazy\" decoding=\"async\" class=\"aligncenter wp-image-5929 size-large\" src=\"https:\/\/luggagehero.com\/wp-content\/uploads\/2019\/04\/shutterstock_771162349-800x534.jpg\" alt=\"\" width=\"800\" height=\"534\" srcset=\"https:\/\/luggagehero.com\/wp-content\/uploads\/2019\/04\/shutterstock_771162349-800x534.jpg 800w, https:\/\/luggagehero.com\/wp-content\/uploads\/2019\/04\/shutterstock_771162349-300x200.jpg 300w, https:\/\/luggagehero.com\/wp-content\/uploads\/2019\/04\/shutterstock_771162349-600x400.jpg 600w, https:\/\/luggagehero.com\/wp-content\/uploads\/2019\/04\/shutterstock_771162349.jpg 1000w\" sizes=\"auto, (max-width: 800px) 100vw, 800px\" \/><\/p>\n<h2><\/h2>\n<h2 style=\"text-align: center;\">Vieux-Montr\u00e9al<\/h2>\n<p>Le Vieux-Montr\u00e9al est un quartier historique au sein de la ville de Montr\u00e9al dans la province du Qu\u00e9bec. \u00c9tant donn\u00e9 que ce quartier regorge de places anim\u00e9es et de caf\u00e9s et magasins pleins de charme, vous allez vouloir profiter pleinement de votre excursion, c\u2019est certain. Pendant que vous visiterez les \u00e9glises, les mus\u00e9es, et que vous profiterez des \u0153uvres d\u2019art gratuites et d\u2019une excellente cuisine, nous veillerons \u00e0 ce que vous ayez \u00e0 votre disposition un endroit s\u00fbr o\u00f9 stocker vos bagages pour que vous n\u2019ayez pas \u00e0 les transporter avec vous. Ainsi, vous pouvez explorer la vieille ville de <a href=\"https:\/\/luggagehero.com\/montreal\/\">Montr\u00e9al<\/a> en toute libert\u00e9 ainsi que son patrimoine, son histoire, son architecture, ses activit\u00e9s et ses h\u00e9bergements.<\/p>\n","protected":false},"excerpt":{"rendered":"<p>Recherchez-vous une consigne \u00e0 bagages dans la vieille ville de Montr\u00e9al\u00a0? Vous pouvez stocker vos bagages dans l\u2019un de nos emplacements de consignes \u00e0 bagages \u00e0 proximit\u00e9 et explorer le c\u0153ur de Montr\u00e9al en toute libert\u00e9. Les sites de consignes \u00e0 bagages de LuggageHero sont des h\u00f4tels, des caf\u00e9s et des magasins\u00a0certifi\u00e9s. Les r\u00e9servations \u00e0 [&hellip;]<\/p>\n","protected":false},"author":9,"featured_media":0,"parent":6757,"menu_order":0,"comment_status":"closed","ping_status":"closed","template":"template-location.php","meta":{"_acf_changed":false,"footnotes":""},"class_list":["post-6766","page","type-page","status-publish","hentry"],"acf":[],"yoast_head":"<!-- This site is optimized with the Yoast SEO Premium plugin v27.0 (Yoast SEO v27.0) - https:\/\/yoast.com\/product\/yoast-seo-premium-wordpress\/ -->\n<title>Vieux-Montr\u00e9al - LuggageHero<\/title>\n<meta name=\"robots\" content=\"index, follow, max-snippet:-1, max-image-preview:large, max-video-preview:-1\" \/>\n<link rel=\"canonical\" href=\"https:\/\/luggagehero.com\/fr\/montral\/vieux-montral\/\" \/>\n<meta property=\"og:locale\" content=\"fr_FR\" \/>\n<meta property=\"og:type\" content=\"article\" \/>\n<meta property=\"og:title\" content=\"Vieux-Montr\u00e9al\" \/>\n<meta property=\"og:description\" content=\"Recherchez-vous une consigne \u00e0 bagages dans la vieille ville de Montr\u00e9al\u00a0? Vous pouvez stocker vos bagages dans l\u2019un de nos emplacements de consignes \u00e0 bagages \u00e0 proximit\u00e9 et explorer le c\u0153ur de Montr\u00e9al en toute libert\u00e9. Les sites de consignes \u00e0 bagages de LuggageHero sont des h\u00f4tels, des caf\u00e9s et des magasins\u00a0certifi\u00e9s. Les r\u00e9servations \u00e0 [&hellip;]\" \/>\n<meta property=\"og:url\" content=\"https:\/\/luggagehero.com\/fr\/montral\/vieux-montral\/\" \/>\n<meta property=\"og:site_name\" content=\"LuggageHero\" \/>\n<meta property=\"article:publisher\" content=\"https:\/\/www.facebook.com\/luggagehero\" \/>\n<meta property=\"article:modified_time\" content=\"2023-09-04T08:43:07+00:00\" \/>\n<meta property=\"og:image\" content=\"https:\/\/luggagehero.com\/wp-content\/uploads\/2019\/04\/shutterstock_771162349-800x534.jpg\" \/>\n<meta name=\"twitter:card\" content=\"summary_large_image\" \/>\n<meta name=\"twitter:site\" content=\"@luggagehero\" \/>\n<meta name=\"twitter:label1\" content=\"Est. reading time\" \/>\n\t<meta name=\"twitter:data1\" content=\"2 minutes\" \/>\n<script type=\"application\/ld+json\" class=\"yoast-schema-graph\">{\"@context\":\"https:\/\/schema.org\",\"@graph\":[{\"@type\":\"WebPage\",\"@id\":\"https:\/\/luggagehero.com\/fr\/montral\/vieux-montral\/\",\"url\":\"https:\/\/luggagehero.com\/fr\/montral\/vieux-montral\/\",\"name\":\"Vieux-Montr\u00e9al - LuggageHero\",\"isPartOf\":{\"@id\":\"https:\/\/luggagehero.com\/fr\/#website\"},\"primaryImageOfPage\":{\"@id\":\"https:\/\/luggagehero.com\/fr\/montral\/vieux-montral\/#primaryimage\"},\"image\":{\"@id\":\"https:\/\/luggagehero.com\/fr\/montral\/vieux-montral\/#primaryimage\"},\"thumbnailUrl\":\"https:\/\/luggagehero.com\/wp-content\/uploads\/2019\/04\/shutterstock_771162349-800x534.jpg\",\"datePublished\":\"2019-05-01T08:39:12+00:00\",\"dateModified\":\"2023-09-04T08:43:07+00:00\",\"breadcrumb\":{\"@id\":\"https:\/\/luggagehero.com\/fr\/montral\/vieux-montral\/#breadcrumb\"},\"inLanguage\":\"fr-FR\",\"potentialAction\":[{\"@type\":\"ReadAction\",\"target\":[\"https:\/\/luggagehero.com\/fr\/montral\/vieux-montral\/\"]}]},{\"@type\":\"ImageObject\",\"inLanguage\":\"fr-FR\",\"@id\":\"https:\/\/luggagehero.com\/fr\/montral\/vieux-montral\/#primaryimage\",\"url\":\"https:\/\/luggagehero.com\/wp-content\/uploads\/2019\/04\/shutterstock_771162349-800x534.jpg\",\"contentUrl\":\"https:\/\/luggagehero.com\/wp-content\/uploads\/2019\/04\/shutterstock_771162349-800x534.jpg\"},{\"@type\":\"BreadcrumbList\",\"@id\":\"https:\/\/luggagehero.com\/fr\/montral\/vieux-montral\/#breadcrumb\",\"itemListElement\":[{\"@type\":\"ListItem\",\"position\":1,\"name\":\"Home\",\"item\":\"https:\/\/luggagehero.com\/fr\/\"},{\"@type\":\"ListItem\",\"position\":2,\"name\":\"Montr\u00e9al\",\"item\":\"https:\/\/luggagehero.com\/fr\/montral\/\"},{\"@type\":\"ListItem\",\"position\":3,\"name\":\"Vieux-Montr\u00e9al\"}]},{\"@type\":\"WebSite\",\"@id\":\"https:\/\/luggagehero.com\/fr\/#website\",\"url\":\"https:\/\/luggagehero.com\/fr\/\",\"name\":\"LuggageHero\",\"description\":\"Free yourself from luggage\",\"publisher\":{\"@id\":\"https:\/\/luggagehero.com\/fr\/#organization\"},\"potentialAction\":[{\"@type\":\"SearchAction\",\"target\":{\"@type\":\"EntryPoint\",\"urlTemplate\":\"https:\/\/luggagehero.com\/fr\/?s={search_term_string}\"},\"query-input\":{\"@type\":\"PropertyValueSpecification\",\"valueRequired\":true,\"valueName\":\"search_term_string\"}}],\"inLanguage\":\"fr-FR\"},{\"@type\":\"Organization\",\"@id\":\"https:\/\/luggagehero.com\/fr\/#organization\",\"name\":\"LuggageHero\",\"url\":\"https:\/\/luggagehero.com\/fr\/\",\"logo\":{\"@type\":\"ImageObject\",\"inLanguage\":\"fr-FR\",\"@id\":\"https:\/\/luggagehero.com\/fr\/#\/schema\/logo\/image\/\",\"url\":\"https:\/\/luggagehero.com\/wp-content\/uploads\/2017\/04\/luggagehero_LOGO-RGB_kort_POS_200x200.png\",\"contentUrl\":\"https:\/\/luggagehero.com\/wp-content\/uploads\/2017\/04\/luggagehero_LOGO-RGB_kort_POS_200x200.png\",\"width\":200,\"height\":200,\"caption\":\"LuggageHero\"},\"image\":{\"@id\":\"https:\/\/luggagehero.com\/fr\/#\/schema\/logo\/image\/\"},\"sameAs\":[\"https:\/\/www.facebook.com\/luggagehero\",\"https:\/\/x.com\/luggagehero\",\"https:\/\/www.instagram.com\/luggagehero\",\"https:\/\/www.linkedin.com\/company\/luggagehero\/\"]}]}<\/script>\n<!-- \/ Yoast SEO Premium plugin. -->","yoast_head_json":{"title":"Vieux-Montr\u00e9al - LuggageHero","robots":{"index":"index","follow":"follow","max-snippet":"max-snippet:-1","max-image-preview":"max-image-preview:large","max-video-preview":"max-video-preview:-1"},"canonical":"https:\/\/luggagehero.com\/fr\/montral\/vieux-montral\/","og_locale":"fr_FR","og_type":"article","og_title":"Vieux-Montr\u00e9al","og_description":"Recherchez-vous une consigne \u00e0 bagages dans la vieille ville de Montr\u00e9al\u00a0? Vous pouvez stocker vos bagages dans l\u2019un de nos emplacements de consignes \u00e0 bagages \u00e0 proximit\u00e9 et explorer le c\u0153ur de Montr\u00e9al en toute libert\u00e9. Les sites de consignes \u00e0 bagages de LuggageHero sont des h\u00f4tels, des caf\u00e9s et des magasins\u00a0certifi\u00e9s. Les r\u00e9servations \u00e0 [&hellip;]","og_url":"https:\/\/luggagehero.com\/fr\/montral\/vieux-montral\/","og_site_name":"LuggageHero","article_publisher":"https:\/\/www.facebook.com\/luggagehero","article_modified_time":"2023-09-04T08:43:07+00:00","og_image":[{"url":"https:\/\/luggagehero.com\/wp-content\/uploads\/2019\/04\/shutterstock_771162349-800x534.jpg","type":"","width":"","height":""}],"twitter_card":"summary_large_image","twitter_site":"@luggagehero","twitter_misc":{"Est. reading time":"2 minutes"},"schema":{"@context":"https:\/\/schema.org","@graph":[{"@type":"WebPage","@id":"https:\/\/luggagehero.com\/fr\/montral\/vieux-montral\/","url":"https:\/\/luggagehero.com\/fr\/montral\/vieux-montral\/","name":"Vieux-Montr\u00e9al - LuggageHero","isPartOf":{"@id":"https:\/\/luggagehero.com\/fr\/#website"},"primaryImageOfPage":{"@id":"https:\/\/luggagehero.com\/fr\/montral\/vieux-montral\/#primaryimage"},"image":{"@id":"https:\/\/luggagehero.com\/fr\/montral\/vieux-montral\/#primaryimage"},"thumbnailUrl":"https:\/\/luggagehero.com\/wp-content\/uploads\/2019\/04\/shutterstock_771162349-800x534.jpg","datePublished":"2019-05-01T08:39:12+00:00","dateModified":"2023-09-04T08:43:07+00:00","breadcrumb":{"@id":"https:\/\/luggagehero.com\/fr\/montral\/vieux-montral\/#breadcrumb"},"inLanguage":"fr-FR","potentialAction":[{"@type":"ReadAction","target":["https:\/\/luggagehero.com\/fr\/montral\/vieux-montral\/"]}]},{"@type":"ImageObject","inLanguage":"fr-FR","@id":"https:\/\/luggagehero.com\/fr\/montral\/vieux-montral\/#primaryimage","url":"https:\/\/luggagehero.com\/wp-content\/uploads\/2019\/04\/shutterstock_771162349-800x534.jpg","contentUrl":"https:\/\/luggagehero.com\/wp-content\/uploads\/2019\/04\/shutterstock_771162349-800x534.jpg"},{"@type":"BreadcrumbList","@id":"https:\/\/luggagehero.com\/fr\/montral\/vieux-montral\/#breadcrumb","itemListElement":[{"@type":"ListItem","position":1,"name":"Home","item":"https:\/\/luggagehero.com\/fr\/"},{"@type":"ListItem","position":2,"name":"Montr\u00e9al","item":"https:\/\/luggagehero.com\/fr\/montral\/"},{"@type":"ListItem","position":3,"name":"Vieux-Montr\u00e9al"}]},{"@type":"WebSite","@id":"https:\/\/luggagehero.com\/fr\/#website","url":"https:\/\/luggagehero.com\/fr\/","name":"LuggageHero","description":"Free yourself from luggage","publisher":{"@id":"https:\/\/luggagehero.com\/fr\/#organization"},"potentialAction":[{"@type":"SearchAction","target":{"@type":"EntryPoint","urlTemplate":"https:\/\/luggagehero.com\/fr\/?s={search_term_string}"},"query-input":{"@type":"PropertyValueSpecification","valueRequired":true,"valueName":"search_term_string"}}],"inLanguage":"fr-FR"},{"@type":"Organization","@id":"https:\/\/luggagehero.com\/fr\/#organization","name":"LuggageHero","url":"https:\/\/luggagehero.com\/fr\/","logo":{"@type":"ImageObject","inLanguage":"fr-FR","@id":"https:\/\/luggagehero.com\/fr\/#\/schema\/logo\/image\/","url":"https:\/\/luggagehero.com\/wp-content\/uploads\/2017\/04\/luggagehero_LOGO-RGB_kort_POS_200x200.png","contentUrl":"https:\/\/luggagehero.com\/wp-content\/uploads\/2017\/04\/luggagehero_LOGO-RGB_kort_POS_200x200.png","width":200,"height":200,"caption":"LuggageHero"},"image":{"@id":"https:\/\/luggagehero.com\/fr\/#\/schema\/logo\/image\/"},"sameAs":["https:\/\/www.facebook.com\/luggagehero","https:\/\/x.com\/luggagehero","https:\/\/www.instagram.com\/luggagehero","https:\/\/www.linkedin.com\/company\/luggagehero\/"]}]}},"place_id":"","place_latitude_longitude":"45.50269032697417, -73.55676122827693","place_name":"Vieux-Montr\u00e9al","criteria_title":"","criteria_description":"","meta_title":"","meta_description":"","children_criteria_title":"","children_criteria_description":"","children_meta_title":"","children_meta_description":"","_edit_last":"9","use_global_content":"","poi_type":"","content_raw":"Recherchez-vous une consigne \u00e0 bagages dans la vieille ville <a href=\"https:\/\/luggagehero.com\/montreal\/\">de Montr\u00e9al<\/a>\u00a0? Vous pouvez stocker vos bagages dans l\u2019un de nos emplacements de consignes \u00e0 bagages \u00e0 proximit\u00e9 et explorer le c\u0153ur de <a href=\"https:\/\/luggagehero.com\/montreal\/\">Montr\u00e9al<\/a> en toute libert\u00e9.\r\n\r\nLes sites de consignes \u00e0 bagages de LuggageHero sont des h\u00f4tels, des caf\u00e9s et des magasins\u00a0<a href=\"https:\/\/luggagehero.com\/about\/certified-shops\/\">certifi\u00e9s<\/a>. Les r\u00e9servations \u00e0 l\u2019avance vous garantissent une place pour vos bagages. L\u2019adresse et les directions de nos commer\u00e7ants partenaires sont disponibles au moment de la r\u00e9servation. Tous les bagages sont verrouill\u00e9s \u00e0 l\u2019aide de nos\u00a0<a href=\"https:\/\/luggagehero.com\/about\/security-seal\/\">\u00e9tiquettes de verrouillage<\/a> assurant chaque bagage jusqu\u2019\u00e0 [pricing insurancecoverage] une fois que vous avez d\u00e9pos\u00e9 vos bagages et d\u00e9marr\u00e9 le minuteur de consigne sur votre page de r\u00e9servation.\r\n\r\n<img class=\"aligncenter wp-image-5929 size-large\" src=\"https:\/\/luggagehero.com\/wp-content\/uploads\/2019\/04\/shutterstock_771162349-800x534.jpg\" alt=\"\" width=\"800\" height=\"534\" \/>\r\n<h2><\/h2>\r\n<h2 style=\"text-align: center;\">Vieux-Montr\u00e9al<\/h2>\r\nLe Vieux-Montr\u00e9al est un quartier historique au sein de la ville de Montr\u00e9al dans la province du Qu\u00e9bec. \u00c9tant donn\u00e9 que ce quartier regorge de places anim\u00e9es et de caf\u00e9s et magasins pleins de charme, vous allez vouloir profiter pleinement de votre excursion, c\u2019est certain. Pendant que vous visiterez les \u00e9glises, les mus\u00e9es, et que vous profiterez des \u0153uvres d\u2019art gratuites et d\u2019une excellente cuisine, nous veillerons \u00e0 ce que vous ayez \u00e0 votre disposition un endroit s\u00fbr o\u00f9 stocker vos bagages pour que vous n\u2019ayez pas \u00e0 les transporter avec vous. Ainsi, vous pouvez explorer la vieille ville de <a href=\"https:\/\/luggagehero.com\/montreal\/\">Montr\u00e9al<\/a> en toute libert\u00e9 ainsi que son patrimoine, son histoire, son architecture, ses activit\u00e9s et ses h\u00e9bergements.","_links":{"self":[{"href":"https:\/\/luggagehero.com\/fr\/wp-json\/wp\/v2\/pages\/6766","targetHints":{"allow":["GET"]}}],"collection":[{"href":"https:\/\/luggagehero.com\/fr\/wp-json\/wp\/v2\/pages"}],"about":[{"href":"https:\/\/luggagehero.com\/fr\/wp-json\/wp\/v2\/types\/page"}],"author":[{"embeddable":true,"href":"https:\/\/luggagehero.com\/fr\/wp-json\/wp\/v2\/users\/9"}],"replies":[{"embeddable":true,"href":"https:\/\/luggagehero.com\/fr\/wp-json\/wp\/v2\/comments?post=6766"}],"version-history":[{"count":0,"href":"https:\/\/luggagehero.com\/fr\/wp-json\/wp\/v2\/pages\/6766\/revisions"}],"up":[{"embeddable":true,"href":"https:\/\/luggagehero.com\/fr\/wp-json\/wp\/v2\/pages\/6757"}],"wp:attachment":[{"href":"https:\/\/luggagehero.com\/fr\/wp-json\/wp\/v2\/media?parent=6766"}],"curies":[{"name":"wp","href":"https:\/\/api.w.org\/{rel}","templated":true}]}}