{"id":6768,"date":"2019-05-01T08:39:15","date_gmt":"2019-05-01T08:39:15","guid":{"rendered":"https:\/\/luggagehero.com\/montral\/parc-jean-drapeau\/"},"modified":"2023-09-04T08:43:17","modified_gmt":"2023-09-04T08:43:17","slug":"parc-jean-drapeau","status":"publish","type":"page","link":"https:\/\/luggagehero.com\/fr\/montral\/parc-jean-drapeau\/","title":{"rendered":"Parc Jean Drapeau"},"content":{"rendered":"<p>Recherchez-vous un endroit o\u00f9 vous pourriez stocker vos bagages sans risque pr\u00e8s du parc Jean-Drapeau \u00e0 <a href=\"https:\/\/luggagehero.com\/montreal\/\">Montr\u00e9al<\/a>\u00a0? Il est possible que vous l\u2019ayez trouv\u00e9 car avec LuggageHero, vous pouvez laisser vos bagages en toute s\u00e9curit\u00e9 dans l\u2019un de nos emplacements de consignes \u00e0 bagages \u00e0 proximit\u00e9 et explorer <a href=\"https:\/\/luggagehero.com\/montreal\/\">Montr\u00e9al<\/a> en toute libert\u00e9.<\/p>\n<p>Les sites de consignes \u00e0 bagages de LuggageHero sont des h\u00f4tels, des caf\u00e9s et des magasins\u00a0<a href=\"https:\/\/luggagehero.com\/about\/certified-shops\/\">certifi\u00e9s<\/a>. Les r\u00e9servations \u00e0 l\u2019avance vous garantissent une place pour vos bagages. L\u2019adresse et les directions de nos commer\u00e7ants partenaires sont disponibles au moment de la r\u00e9servation. Tous les bagages sont verrouill\u00e9s \u00e0 l\u2019aide de nos\u00a0<a href=\"https:\/\/luggagehero.com\/about\/security-seal\/\">\u00e9tiquettes de verrouillage<\/a>\u00a0assurant chaque bagage jusqu\u2019\u00e0 <pricing-component type=\"insurancecoverage\"><\/pricing-component> une fois que vous avez d\u00e9pos\u00e9 vos bagages et d\u00e9marr\u00e9 le minuteur de consigne sur votre page de r\u00e9servation.<\/p>\n<p><img loading=\"lazy\" decoding=\"async\" class=\"aligncenter size-large wp-image-6612\" src=\"https:\/\/luggagehero.com\/wp-content\/uploads\/2019\/04\/shutterstock_47300170-800x535.jpg\" alt=\"\" width=\"800\" height=\"535\" srcset=\"https:\/\/luggagehero.com\/wp-content\/uploads\/2019\/04\/shutterstock_47300170-800x535.jpg 800w, https:\/\/luggagehero.com\/wp-content\/uploads\/2019\/04\/shutterstock_47300170-300x201.jpg 300w, https:\/\/luggagehero.com\/wp-content\/uploads\/2019\/04\/shutterstock_47300170-600x401.jpg 600w, https:\/\/luggagehero.com\/wp-content\/uploads\/2019\/04\/shutterstock_47300170.jpg 1000w\" sizes=\"auto, (max-width: 800px) 100vw, 800px\" \/><\/p>\n<h2 style=\"text-align: center;\">Parc Jean Drapeau<\/h2>\n<p>Le parc Jean Drapeau est sans aucun doute l\u2019un des plus pr\u00e9cieux atouts de <a href=\"https:\/\/luggagehero.com\/montreal\/\">Montr\u00e9al<\/a> et un endroit unique en son genre au Canada. Avec ses programmes sportifs et culturels tr\u00e8s vari\u00e9s, il s\u2019agit du lieu d\u2019\u00e9vasion id\u00e9al pour les familles, les couples et les groupes d\u2019amis, \u00e0 seulement 5\u00a0minutes du <a href=\"https:\/\/luggagehero.com\/montreal\/montreal-downtown\/\">centre-ville de Montr\u00e9al<\/a>\u00a0! Surtout pendant l\u2019\u00e9t\u00e9, le parc poss\u00e8de un grand nombre d\u2019attractions formidables ouvertes au public, telles que le parc de loisirs La Ronde, le Casino de Montr\u00e9al, un centre aquatique et bien plus encore. Autant de bonnes raisons pour d\u00e9poser vos bagages en toute s\u00e9curit\u00e9 et avec une \u00e9tiquette de verrouillage \u00e0 l\u2019un de nos emplacements <a href=\"https:\/\/luggagehero.com\/about\/certified-shops\/\">certifi\u00e9s<\/a>.<\/p>\n","protected":false},"excerpt":{"rendered":"<p>Recherchez-vous un endroit o\u00f9 vous pourriez stocker vos bagages sans risque pr\u00e8s du parc Jean-Drapeau \u00e0 Montr\u00e9al\u00a0? Il est possible que vous l\u2019ayez trouv\u00e9 car avec LuggageHero, vous pouvez laisser vos bagages en toute s\u00e9curit\u00e9 dans l\u2019un de nos emplacements de consignes \u00e0 bagages \u00e0 proximit\u00e9 et explorer Montr\u00e9al en toute libert\u00e9. Les sites de [&hellip;]<\/p>\n","protected":false},"author":9,"featured_media":0,"parent":6757,"menu_order":0,"comment_status":"closed","ping_status":"closed","template":"template-location.php","meta":{"_acf_changed":false,"footnotes":""},"class_list":["post-6768","page","type-page","status-publish","hentry"],"acf":[],"yoast_head":"<!-- This site is optimized with the Yoast SEO Premium plugin v27.0 (Yoast SEO v27.0) - https:\/\/yoast.com\/product\/yoast-seo-premium-wordpress\/ -->\n<title>Parc Jean Drapeau - LuggageHero<\/title>\n<meta name=\"robots\" content=\"index, follow, max-snippet:-1, max-image-preview:large, max-video-preview:-1\" \/>\n<link rel=\"canonical\" href=\"https:\/\/luggagehero.com\/fr\/montral\/parc-jean-drapeau\/\" \/>\n<meta property=\"og:locale\" content=\"fr_FR\" \/>\n<meta property=\"og:type\" content=\"article\" \/>\n<meta property=\"og:title\" content=\"Parc Jean Drapeau\" \/>\n<meta property=\"og:description\" content=\"Recherchez-vous un endroit o\u00f9 vous pourriez stocker vos bagages sans risque pr\u00e8s du parc Jean-Drapeau \u00e0 Montr\u00e9al\u00a0? Il est possible que vous l\u2019ayez trouv\u00e9 car avec LuggageHero, vous pouvez laisser vos bagages en toute s\u00e9curit\u00e9 dans l\u2019un de nos emplacements de consignes \u00e0 bagages \u00e0 proximit\u00e9 et explorer Montr\u00e9al en toute libert\u00e9. Les sites de [&hellip;]\" \/>\n<meta property=\"og:url\" content=\"https:\/\/luggagehero.com\/fr\/montral\/parc-jean-drapeau\/\" \/>\n<meta property=\"og:site_name\" content=\"LuggageHero\" \/>\n<meta property=\"article:publisher\" content=\"https:\/\/www.facebook.com\/luggagehero\" \/>\n<meta property=\"article:modified_time\" content=\"2023-09-04T08:43:17+00:00\" \/>\n<meta property=\"og:image\" content=\"https:\/\/luggagehero.com\/wp-content\/uploads\/2019\/04\/shutterstock_47300170-800x535.jpg\" \/>\n<meta name=\"twitter:card\" content=\"summary_large_image\" \/>\n<meta name=\"twitter:site\" content=\"@luggagehero\" \/>\n<meta name=\"twitter:label1\" content=\"Est. reading time\" \/>\n\t<meta name=\"twitter:data1\" content=\"2 minutes\" \/>\n<script type=\"application\/ld+json\" class=\"yoast-schema-graph\">{\"@context\":\"https:\/\/schema.org\",\"@graph\":[{\"@type\":\"WebPage\",\"@id\":\"https:\/\/luggagehero.com\/fr\/montral\/parc-jean-drapeau\/\",\"url\":\"https:\/\/luggagehero.com\/fr\/montral\/parc-jean-drapeau\/\",\"name\":\"Parc Jean Drapeau - LuggageHero\",\"isPartOf\":{\"@id\":\"https:\/\/luggagehero.com\/fr\/#website\"},\"primaryImageOfPage\":{\"@id\":\"https:\/\/luggagehero.com\/fr\/montral\/parc-jean-drapeau\/#primaryimage\"},\"image\":{\"@id\":\"https:\/\/luggagehero.com\/fr\/montral\/parc-jean-drapeau\/#primaryimage\"},\"thumbnailUrl\":\"https:\/\/luggagehero.com\/wp-content\/uploads\/2019\/04\/shutterstock_47300170-800x535.jpg\",\"datePublished\":\"2019-05-01T08:39:15+00:00\",\"dateModified\":\"2023-09-04T08:43:17+00:00\",\"breadcrumb\":{\"@id\":\"https:\/\/luggagehero.com\/fr\/montral\/parc-jean-drapeau\/#breadcrumb\"},\"inLanguage\":\"fr-FR\",\"potentialAction\":[{\"@type\":\"ReadAction\",\"target\":[\"https:\/\/luggagehero.com\/fr\/montral\/parc-jean-drapeau\/\"]}]},{\"@type\":\"ImageObject\",\"inLanguage\":\"fr-FR\",\"@id\":\"https:\/\/luggagehero.com\/fr\/montral\/parc-jean-drapeau\/#primaryimage\",\"url\":\"https:\/\/luggagehero.com\/wp-content\/uploads\/2019\/04\/shutterstock_47300170-800x535.jpg\",\"contentUrl\":\"https:\/\/luggagehero.com\/wp-content\/uploads\/2019\/04\/shutterstock_47300170-800x535.jpg\"},{\"@type\":\"BreadcrumbList\",\"@id\":\"https:\/\/luggagehero.com\/fr\/montral\/parc-jean-drapeau\/#breadcrumb\",\"itemListElement\":[{\"@type\":\"ListItem\",\"position\":1,\"name\":\"Home\",\"item\":\"https:\/\/luggagehero.com\/fr\/\"},{\"@type\":\"ListItem\",\"position\":2,\"name\":\"Montr\u00e9al\",\"item\":\"https:\/\/luggagehero.com\/fr\/montral\/\"},{\"@type\":\"ListItem\",\"position\":3,\"name\":\"Parc Jean Drapeau\"}]},{\"@type\":\"WebSite\",\"@id\":\"https:\/\/luggagehero.com\/fr\/#website\",\"url\":\"https:\/\/luggagehero.com\/fr\/\",\"name\":\"LuggageHero\",\"description\":\"Free yourself from luggage\",\"publisher\":{\"@id\":\"https:\/\/luggagehero.com\/fr\/#organization\"},\"potentialAction\":[{\"@type\":\"SearchAction\",\"target\":{\"@type\":\"EntryPoint\",\"urlTemplate\":\"https:\/\/luggagehero.com\/fr\/?s={search_term_string}\"},\"query-input\":{\"@type\":\"PropertyValueSpecification\",\"valueRequired\":true,\"valueName\":\"search_term_string\"}}],\"inLanguage\":\"fr-FR\"},{\"@type\":\"Organization\",\"@id\":\"https:\/\/luggagehero.com\/fr\/#organization\",\"name\":\"LuggageHero\",\"url\":\"https:\/\/luggagehero.com\/fr\/\",\"logo\":{\"@type\":\"ImageObject\",\"inLanguage\":\"fr-FR\",\"@id\":\"https:\/\/luggagehero.com\/fr\/#\/schema\/logo\/image\/\",\"url\":\"https:\/\/luggagehero.com\/wp-content\/uploads\/2017\/04\/luggagehero_LOGO-RGB_kort_POS_200x200.png\",\"contentUrl\":\"https:\/\/luggagehero.com\/wp-content\/uploads\/2017\/04\/luggagehero_LOGO-RGB_kort_POS_200x200.png\",\"width\":200,\"height\":200,\"caption\":\"LuggageHero\"},\"image\":{\"@id\":\"https:\/\/luggagehero.com\/fr\/#\/schema\/logo\/image\/\"},\"sameAs\":[\"https:\/\/www.facebook.com\/luggagehero\",\"https:\/\/x.com\/luggagehero\",\"https:\/\/www.instagram.com\/luggagehero\",\"https:\/\/www.linkedin.com\/company\/luggagehero\/\"]}]}<\/script>\n<!-- \/ Yoast SEO Premium plugin. -->","yoast_head_json":{"title":"Parc Jean Drapeau - LuggageHero","robots":{"index":"index","follow":"follow","max-snippet":"max-snippet:-1","max-image-preview":"max-image-preview:large","max-video-preview":"max-video-preview:-1"},"canonical":"https:\/\/luggagehero.com\/fr\/montral\/parc-jean-drapeau\/","og_locale":"fr_FR","og_type":"article","og_title":"Parc Jean Drapeau","og_description":"Recherchez-vous un endroit o\u00f9 vous pourriez stocker vos bagages sans risque pr\u00e8s du parc Jean-Drapeau \u00e0 Montr\u00e9al\u00a0? Il est possible que vous l\u2019ayez trouv\u00e9 car avec LuggageHero, vous pouvez laisser vos bagages en toute s\u00e9curit\u00e9 dans l\u2019un de nos emplacements de consignes \u00e0 bagages \u00e0 proximit\u00e9 et explorer Montr\u00e9al en toute libert\u00e9. Les sites de [&hellip;]","og_url":"https:\/\/luggagehero.com\/fr\/montral\/parc-jean-drapeau\/","og_site_name":"LuggageHero","article_publisher":"https:\/\/www.facebook.com\/luggagehero","article_modified_time":"2023-09-04T08:43:17+00:00","og_image":[{"url":"https:\/\/luggagehero.com\/wp-content\/uploads\/2019\/04\/shutterstock_47300170-800x535.jpg","type":"","width":"","height":""}],"twitter_card":"summary_large_image","twitter_site":"@luggagehero","twitter_misc":{"Est. reading time":"2 minutes"},"schema":{"@context":"https:\/\/schema.org","@graph":[{"@type":"WebPage","@id":"https:\/\/luggagehero.com\/fr\/montral\/parc-jean-drapeau\/","url":"https:\/\/luggagehero.com\/fr\/montral\/parc-jean-drapeau\/","name":"Parc Jean Drapeau - LuggageHero","isPartOf":{"@id":"https:\/\/luggagehero.com\/fr\/#website"},"primaryImageOfPage":{"@id":"https:\/\/luggagehero.com\/fr\/montral\/parc-jean-drapeau\/#primaryimage"},"image":{"@id":"https:\/\/luggagehero.com\/fr\/montral\/parc-jean-drapeau\/#primaryimage"},"thumbnailUrl":"https:\/\/luggagehero.com\/wp-content\/uploads\/2019\/04\/shutterstock_47300170-800x535.jpg","datePublished":"2019-05-01T08:39:15+00:00","dateModified":"2023-09-04T08:43:17+00:00","breadcrumb":{"@id":"https:\/\/luggagehero.com\/fr\/montral\/parc-jean-drapeau\/#breadcrumb"},"inLanguage":"fr-FR","potentialAction":[{"@type":"ReadAction","target":["https:\/\/luggagehero.com\/fr\/montral\/parc-jean-drapeau\/"]}]},{"@type":"ImageObject","inLanguage":"fr-FR","@id":"https:\/\/luggagehero.com\/fr\/montral\/parc-jean-drapeau\/#primaryimage","url":"https:\/\/luggagehero.com\/wp-content\/uploads\/2019\/04\/shutterstock_47300170-800x535.jpg","contentUrl":"https:\/\/luggagehero.com\/wp-content\/uploads\/2019\/04\/shutterstock_47300170-800x535.jpg"},{"@type":"BreadcrumbList","@id":"https:\/\/luggagehero.com\/fr\/montral\/parc-jean-drapeau\/#breadcrumb","itemListElement":[{"@type":"ListItem","position":1,"name":"Home","item":"https:\/\/luggagehero.com\/fr\/"},{"@type":"ListItem","position":2,"name":"Montr\u00e9al","item":"https:\/\/luggagehero.com\/fr\/montral\/"},{"@type":"ListItem","position":3,"name":"Parc Jean Drapeau"}]},{"@type":"WebSite","@id":"https:\/\/luggagehero.com\/fr\/#website","url":"https:\/\/luggagehero.com\/fr\/","name":"LuggageHero","description":"Free yourself from luggage","publisher":{"@id":"https:\/\/luggagehero.com\/fr\/#organization"},"potentialAction":[{"@type":"SearchAction","target":{"@type":"EntryPoint","urlTemplate":"https:\/\/luggagehero.com\/fr\/?s={search_term_string}"},"query-input":{"@type":"PropertyValueSpecification","valueRequired":true,"valueName":"search_term_string"}}],"inLanguage":"fr-FR"},{"@type":"Organization","@id":"https:\/\/luggagehero.com\/fr\/#organization","name":"LuggageHero","url":"https:\/\/luggagehero.com\/fr\/","logo":{"@type":"ImageObject","inLanguage":"fr-FR","@id":"https:\/\/luggagehero.com\/fr\/#\/schema\/logo\/image\/","url":"https:\/\/luggagehero.com\/wp-content\/uploads\/2017\/04\/luggagehero_LOGO-RGB_kort_POS_200x200.png","contentUrl":"https:\/\/luggagehero.com\/wp-content\/uploads\/2017\/04\/luggagehero_LOGO-RGB_kort_POS_200x200.png","width":200,"height":200,"caption":"LuggageHero"},"image":{"@id":"https:\/\/luggagehero.com\/fr\/#\/schema\/logo\/image\/"},"sameAs":["https:\/\/www.facebook.com\/luggagehero","https:\/\/x.com\/luggagehero","https:\/\/www.instagram.com\/luggagehero","https:\/\/www.linkedin.com\/company\/luggagehero\/"]}]}},"place_id":"","place_latitude_longitude":"45.51242051444778, -73.5331831043613","place_name":"Parc Jean Drapeau","criteria_title":"","criteria_description":"","meta_title":"","meta_description":"","children_criteria_title":"","children_criteria_description":"","children_meta_title":"","children_meta_description":"","_edit_last":"9","use_global_content":"","poi_type":"PublicTransit","content_raw":"Recherchez-vous un endroit o\u00f9 vous pourriez stocker vos bagages sans risque pr\u00e8s du parc Jean-Drapeau \u00e0 <a href=\"https:\/\/luggagehero.com\/montreal\/\">Montr\u00e9al<\/a>\u00a0? Il est possible que vous l\u2019ayez trouv\u00e9 car avec LuggageHero, vous pouvez laisser vos bagages en toute s\u00e9curit\u00e9 dans l\u2019un de nos emplacements de consignes \u00e0 bagages \u00e0 proximit\u00e9 et explorer <a href=\"https:\/\/luggagehero.com\/montreal\/\">Montr\u00e9al<\/a> en toute libert\u00e9.\r\n\r\nLes sites de consignes \u00e0 bagages de LuggageHero sont des h\u00f4tels, des caf\u00e9s et des magasins\u00a0<a href=\"https:\/\/luggagehero.com\/about\/certified-shops\/\">certifi\u00e9s<\/a>. Les r\u00e9servations \u00e0 l\u2019avance vous garantissent une place pour vos bagages. L\u2019adresse et les directions de nos commer\u00e7ants partenaires sont disponibles au moment de la r\u00e9servation. Tous les bagages sont verrouill\u00e9s \u00e0 l\u2019aide de nos\u00a0<a href=\"https:\/\/luggagehero.com\/about\/security-seal\/\">\u00e9tiquettes de verrouillage<\/a>\u00a0assurant chaque bagage jusqu\u2019\u00e0 [pricing insurancecoverage] une fois que vous avez d\u00e9pos\u00e9 vos bagages et d\u00e9marr\u00e9 le minuteur de consigne sur votre page de r\u00e9servation.\r\n\r\n<img class=\"aligncenter size-large wp-image-6612\" src=\"https:\/\/luggagehero.com\/wp-content\/uploads\/2019\/04\/shutterstock_47300170-800x535.jpg\" alt=\"\" width=\"800\" height=\"535\" \/>\r\n<h2 style=\"text-align: center;\">Parc Jean Drapeau<\/h2>\r\nLe parc Jean Drapeau est sans aucun doute l\u2019un des plus pr\u00e9cieux atouts de <a href=\"https:\/\/luggagehero.com\/montreal\/\">Montr\u00e9al<\/a> et un endroit unique en son genre au Canada. Avec ses programmes sportifs et culturels tr\u00e8s vari\u00e9s, il s\u2019agit du lieu d\u2019\u00e9vasion id\u00e9al pour les familles, les couples et les groupes d\u2019amis, \u00e0 seulement 5\u00a0minutes du <a href=\"https:\/\/luggagehero.com\/montreal\/montreal-downtown\/\">centre-ville de Montr\u00e9al<\/a>\u00a0! Surtout pendant l\u2019\u00e9t\u00e9, le parc poss\u00e8de un grand nombre d\u2019attractions formidables ouvertes au public, telles que le parc de loisirs La Ronde, le Casino de Montr\u00e9al, un centre aquatique et bien plus encore. Autant de bonnes raisons pour d\u00e9poser vos bagages en toute s\u00e9curit\u00e9 et avec une \u00e9tiquette de verrouillage \u00e0 l\u2019un de nos emplacements <a href=\"https:\/\/luggagehero.com\/about\/certified-shops\/\">certifi\u00e9s<\/a>.","_links":{"self":[{"href":"https:\/\/luggagehero.com\/fr\/wp-json\/wp\/v2\/pages\/6768","targetHints":{"allow":["GET"]}}],"collection":[{"href":"https:\/\/luggagehero.com\/fr\/wp-json\/wp\/v2\/pages"}],"about":[{"href":"https:\/\/luggagehero.com\/fr\/wp-json\/wp\/v2\/types\/page"}],"author":[{"embeddable":true,"href":"https:\/\/luggagehero.com\/fr\/wp-json\/wp\/v2\/users\/9"}],"replies":[{"embeddable":true,"href":"https:\/\/luggagehero.com\/fr\/wp-json\/wp\/v2\/comments?post=6768"}],"version-history":[{"count":0,"href":"https:\/\/luggagehero.com\/fr\/wp-json\/wp\/v2\/pages\/6768\/revisions"}],"up":[{"embeddable":true,"href":"https:\/\/luggagehero.com\/fr\/wp-json\/wp\/v2\/pages\/6757"}],"wp:attachment":[{"href":"https:\/\/luggagehero.com\/fr\/wp-json\/wp\/v2\/media?parent=6768"}],"curies":[{"name":"wp","href":"https:\/\/api.w.org\/{rel}","templated":true}]}}