{"id":6769,"date":"2019-05-01T08:39:18","date_gmt":"2019-05-01T08:39:18","guid":{"rendered":"https:\/\/luggagehero.com\/montral\/centre-ville-de-montral\/"},"modified":"2023-09-04T08:43:24","modified_gmt":"2023-09-04T08:43:24","slug":"centre-ville-de-montral","status":"publish","type":"page","link":"https:\/\/luggagehero.com\/fr\/montral\/centre-ville-de-montral\/","title":{"rendered":"Centre-ville de Montr\u00e9al"},"content":{"rendered":"<p>Recherchez-vous une consigne \u00e0 bagages dans le centre-ville de <a href=\"https:\/\/luggagehero.com\/montreal\/\">Montr\u00e9al<\/a>\u00a0? Vous pouvez stocker vos bagages dans l\u2019un de nos emplacements de consignes \u00e0 bagages \u00e0 proximit\u00e9 et explorer le c\u0153ur de Montr\u00e9al en toute libert\u00e9.<\/p>\n<p>Les sites de consignes \u00e0 bagages de LuggageHero sont des h\u00f4tels, des caf\u00e9s et des magasins\u00a0<a href=\"https:\/\/luggagehero.com\/about\/certified-shops\/\">certifi\u00e9s<\/a>. Les r\u00e9servations \u00e0 l\u2019avance vous garantissent une place pour vos bagages. L\u2019adresse et les directions de nos commer\u00e7ants partenaires sont disponibles au moment de la r\u00e9servation. Tous les bagages sont verrouill\u00e9s \u00e0 l\u2019aide de nos\u00a0<a href=\"https:\/\/luggagehero.com\/about\/security-seal\/\">\u00e9tiquettes de verrouillage<\/a> assurant chaque bagage jusqu\u2019\u00e0 <pricing-component type=\"insurancecoverage\"><\/pricing-component> une fois que vous avez d\u00e9pos\u00e9 vos bagages et d\u00e9marr\u00e9 le minuteur de consigne sur votre page de r\u00e9servation.<\/p>\n<p><img loading=\"lazy\" decoding=\"async\" class=\"aligncenter wp-image-5923 \" src=\"https:\/\/luggagehero.com\/wp-content\/uploads\/2019\/04\/shutterstock_743101999.jpg\" alt=\"\" width=\"1000\" height=\"314\" srcset=\"https:\/\/luggagehero.com\/wp-content\/uploads\/2019\/04\/shutterstock_743101999.jpg 1000w, https:\/\/luggagehero.com\/wp-content\/uploads\/2019\/04\/shutterstock_743101999-300x94.jpg 300w, https:\/\/luggagehero.com\/wp-content\/uploads\/2019\/04\/shutterstock_743101999-600x188.jpg 600w, https:\/\/luggagehero.com\/wp-content\/uploads\/2019\/04\/shutterstock_743101999-800x251.jpg 800w\" sizes=\"auto, (max-width: 1000px) 100vw, 1000px\" \/><\/p>\n<h2><\/h2>\n<h2 style=\"text-align: center;\">Centre-ville de Montr\u00e9al<\/h2>\n<p>Le centre-ville de <a href=\"https:\/\/luggagehero.com\/montreal\/\">Montr\u00e9al<\/a> se trouve dans le quartier de Ville-Marie, situ\u00e9 sur le versant le plus au sud du mont Royal. La Place Ville Marie est un complexe immobilier constitu\u00e9 de quatre immeubles de bureaux situ\u00e9s au-dessus d\u2019une galerie marchande. C\u2019est l\u00e0 que se forme le noyau de la ville souterraine de Montr\u00e9al, la plus grande du monde, avec un acc\u00e8s int\u00e9rieur \u00e0 plus de 1\u00a0600 magasins, restaurants, bureaux, commerces, mus\u00e9es et universit\u00e9s, ainsi qu\u2019\u00e0 des stations de m\u00e9tro, stations de train, gares routi\u00e8res et souterrains qui se d\u00e9ploient \u00e0 travers tout le centre-ville. C\u2019est pourquoi nous sommes certains que vous aurez plein de choses \u00e0 faire avec votre temps libre dans ce quartier, pendant que l\u2019un de nos emplacements de consignes \u00e0 bagages <a href=\"https:\/\/luggagehero.com\/about\/certified-shops\/\">certifi\u00e9s<\/a> gardera vos bagages verrouill\u00e9s et en toute s\u00e9curit\u00e9.<\/p>\n","protected":false},"excerpt":{"rendered":"<p>Recherchez-vous une consigne \u00e0 bagages dans le centre-ville de Montr\u00e9al\u00a0? Vous pouvez stocker vos bagages dans l\u2019un de nos emplacements de consignes \u00e0 bagages \u00e0 proximit\u00e9 et explorer le c\u0153ur de Montr\u00e9al en toute libert\u00e9. Les sites de consignes \u00e0 bagages de LuggageHero sont des h\u00f4tels, des caf\u00e9s et des magasins\u00a0certifi\u00e9s. Les r\u00e9servations \u00e0 l\u2019avance [&hellip;]<\/p>\n","protected":false},"author":9,"featured_media":0,"parent":6757,"menu_order":0,"comment_status":"closed","ping_status":"closed","template":"template-location.php","meta":{"_acf_changed":false,"footnotes":""},"class_list":["post-6769","page","type-page","status-publish","hentry"],"acf":[],"yoast_head":"<!-- This site is optimized with the Yoast SEO Premium plugin v27.0 (Yoast SEO v27.0) - https:\/\/yoast.com\/product\/yoast-seo-premium-wordpress\/ -->\n<title>Centre-ville de Montr\u00e9al - LuggageHero<\/title>\n<meta name=\"robots\" content=\"index, follow, max-snippet:-1, max-image-preview:large, max-video-preview:-1\" \/>\n<link rel=\"canonical\" href=\"https:\/\/luggagehero.com\/fr\/montral\/centre-ville-de-montral\/\" \/>\n<meta property=\"og:locale\" content=\"fr_FR\" \/>\n<meta property=\"og:type\" content=\"article\" \/>\n<meta property=\"og:title\" content=\"Centre-ville de Montr\u00e9al\" \/>\n<meta property=\"og:description\" content=\"Recherchez-vous une consigne \u00e0 bagages dans le centre-ville de Montr\u00e9al\u00a0? Vous pouvez stocker vos bagages dans l\u2019un de nos emplacements de consignes \u00e0 bagages \u00e0 proximit\u00e9 et explorer le c\u0153ur de Montr\u00e9al en toute libert\u00e9. Les sites de consignes \u00e0 bagages de LuggageHero sont des h\u00f4tels, des caf\u00e9s et des magasins\u00a0certifi\u00e9s. Les r\u00e9servations \u00e0 l\u2019avance [&hellip;]\" \/>\n<meta property=\"og:url\" content=\"https:\/\/luggagehero.com\/fr\/montral\/centre-ville-de-montral\/\" \/>\n<meta property=\"og:site_name\" content=\"LuggageHero\" \/>\n<meta property=\"article:publisher\" content=\"https:\/\/www.facebook.com\/luggagehero\" \/>\n<meta property=\"article:modified_time\" content=\"2023-09-04T08:43:24+00:00\" \/>\n<meta property=\"og:image\" content=\"https:\/\/luggagehero.com\/wp-content\/uploads\/2019\/04\/shutterstock_743101999.jpg\" \/>\n<meta name=\"twitter:card\" content=\"summary_large_image\" \/>\n<meta name=\"twitter:site\" content=\"@luggagehero\" \/>\n<meta name=\"twitter:label1\" content=\"Est. reading time\" \/>\n\t<meta name=\"twitter:data1\" content=\"2 minutes\" \/>\n<script type=\"application\/ld+json\" class=\"yoast-schema-graph\">{\"@context\":\"https:\/\/schema.org\",\"@graph\":[{\"@type\":\"WebPage\",\"@id\":\"https:\/\/luggagehero.com\/fr\/montral\/centre-ville-de-montral\/\",\"url\":\"https:\/\/luggagehero.com\/fr\/montral\/centre-ville-de-montral\/\",\"name\":\"Centre-ville de Montr\u00e9al - LuggageHero\",\"isPartOf\":{\"@id\":\"https:\/\/luggagehero.com\/fr\/#website\"},\"primaryImageOfPage\":{\"@id\":\"https:\/\/luggagehero.com\/fr\/montral\/centre-ville-de-montral\/#primaryimage\"},\"image\":{\"@id\":\"https:\/\/luggagehero.com\/fr\/montral\/centre-ville-de-montral\/#primaryimage\"},\"thumbnailUrl\":\"https:\/\/luggagehero.com\/wp-content\/uploads\/2019\/04\/shutterstock_743101999.jpg\",\"datePublished\":\"2019-05-01T08:39:18+00:00\",\"dateModified\":\"2023-09-04T08:43:24+00:00\",\"breadcrumb\":{\"@id\":\"https:\/\/luggagehero.com\/fr\/montral\/centre-ville-de-montral\/#breadcrumb\"},\"inLanguage\":\"fr-FR\",\"potentialAction\":[{\"@type\":\"ReadAction\",\"target\":[\"https:\/\/luggagehero.com\/fr\/montral\/centre-ville-de-montral\/\"]}]},{\"@type\":\"ImageObject\",\"inLanguage\":\"fr-FR\",\"@id\":\"https:\/\/luggagehero.com\/fr\/montral\/centre-ville-de-montral\/#primaryimage\",\"url\":\"https:\/\/luggagehero.com\/wp-content\/uploads\/2019\/04\/shutterstock_743101999.jpg\",\"contentUrl\":\"https:\/\/luggagehero.com\/wp-content\/uploads\/2019\/04\/shutterstock_743101999.jpg\"},{\"@type\":\"BreadcrumbList\",\"@id\":\"https:\/\/luggagehero.com\/fr\/montral\/centre-ville-de-montral\/#breadcrumb\",\"itemListElement\":[{\"@type\":\"ListItem\",\"position\":1,\"name\":\"Home\",\"item\":\"https:\/\/luggagehero.com\/fr\/\"},{\"@type\":\"ListItem\",\"position\":2,\"name\":\"Montr\u00e9al\",\"item\":\"https:\/\/luggagehero.com\/fr\/montral\/\"},{\"@type\":\"ListItem\",\"position\":3,\"name\":\"Centre-ville de Montr\u00e9al\"}]},{\"@type\":\"WebSite\",\"@id\":\"https:\/\/luggagehero.com\/fr\/#website\",\"url\":\"https:\/\/luggagehero.com\/fr\/\",\"name\":\"LuggageHero\",\"description\":\"Free yourself from luggage\",\"publisher\":{\"@id\":\"https:\/\/luggagehero.com\/fr\/#organization\"},\"potentialAction\":[{\"@type\":\"SearchAction\",\"target\":{\"@type\":\"EntryPoint\",\"urlTemplate\":\"https:\/\/luggagehero.com\/fr\/?s={search_term_string}\"},\"query-input\":{\"@type\":\"PropertyValueSpecification\",\"valueRequired\":true,\"valueName\":\"search_term_string\"}}],\"inLanguage\":\"fr-FR\"},{\"@type\":\"Organization\",\"@id\":\"https:\/\/luggagehero.com\/fr\/#organization\",\"name\":\"LuggageHero\",\"url\":\"https:\/\/luggagehero.com\/fr\/\",\"logo\":{\"@type\":\"ImageObject\",\"inLanguage\":\"fr-FR\",\"@id\":\"https:\/\/luggagehero.com\/fr\/#\/schema\/logo\/image\/\",\"url\":\"https:\/\/luggagehero.com\/wp-content\/uploads\/2017\/04\/luggagehero_LOGO-RGB_kort_POS_200x200.png\",\"contentUrl\":\"https:\/\/luggagehero.com\/wp-content\/uploads\/2017\/04\/luggagehero_LOGO-RGB_kort_POS_200x200.png\",\"width\":200,\"height\":200,\"caption\":\"LuggageHero\"},\"image\":{\"@id\":\"https:\/\/luggagehero.com\/fr\/#\/schema\/logo\/image\/\"},\"sameAs\":[\"https:\/\/www.facebook.com\/luggagehero\",\"https:\/\/x.com\/luggagehero\",\"https:\/\/www.instagram.com\/luggagehero\",\"https:\/\/www.linkedin.com\/company\/luggagehero\/\"]}]}<\/script>\n<!-- \/ Yoast SEO Premium plugin. -->","yoast_head_json":{"title":"Centre-ville de Montr\u00e9al - LuggageHero","robots":{"index":"index","follow":"follow","max-snippet":"max-snippet:-1","max-image-preview":"max-image-preview:large","max-video-preview":"max-video-preview:-1"},"canonical":"https:\/\/luggagehero.com\/fr\/montral\/centre-ville-de-montral\/","og_locale":"fr_FR","og_type":"article","og_title":"Centre-ville de Montr\u00e9al","og_description":"Recherchez-vous une consigne \u00e0 bagages dans le centre-ville de Montr\u00e9al\u00a0? Vous pouvez stocker vos bagages dans l\u2019un de nos emplacements de consignes \u00e0 bagages \u00e0 proximit\u00e9 et explorer le c\u0153ur de Montr\u00e9al en toute libert\u00e9. Les sites de consignes \u00e0 bagages de LuggageHero sont des h\u00f4tels, des caf\u00e9s et des magasins\u00a0certifi\u00e9s. Les r\u00e9servations \u00e0 l\u2019avance [&hellip;]","og_url":"https:\/\/luggagehero.com\/fr\/montral\/centre-ville-de-montral\/","og_site_name":"LuggageHero","article_publisher":"https:\/\/www.facebook.com\/luggagehero","article_modified_time":"2023-09-04T08:43:24+00:00","og_image":[{"url":"https:\/\/luggagehero.com\/wp-content\/uploads\/2019\/04\/shutterstock_743101999.jpg","type":"","width":"","height":""}],"twitter_card":"summary_large_image","twitter_site":"@luggagehero","twitter_misc":{"Est. reading time":"2 minutes"},"schema":{"@context":"https:\/\/schema.org","@graph":[{"@type":"WebPage","@id":"https:\/\/luggagehero.com\/fr\/montral\/centre-ville-de-montral\/","url":"https:\/\/luggagehero.com\/fr\/montral\/centre-ville-de-montral\/","name":"Centre-ville de Montr\u00e9al - LuggageHero","isPartOf":{"@id":"https:\/\/luggagehero.com\/fr\/#website"},"primaryImageOfPage":{"@id":"https:\/\/luggagehero.com\/fr\/montral\/centre-ville-de-montral\/#primaryimage"},"image":{"@id":"https:\/\/luggagehero.com\/fr\/montral\/centre-ville-de-montral\/#primaryimage"},"thumbnailUrl":"https:\/\/luggagehero.com\/wp-content\/uploads\/2019\/04\/shutterstock_743101999.jpg","datePublished":"2019-05-01T08:39:18+00:00","dateModified":"2023-09-04T08:43:24+00:00","breadcrumb":{"@id":"https:\/\/luggagehero.com\/fr\/montral\/centre-ville-de-montral\/#breadcrumb"},"inLanguage":"fr-FR","potentialAction":[{"@type":"ReadAction","target":["https:\/\/luggagehero.com\/fr\/montral\/centre-ville-de-montral\/"]}]},{"@type":"ImageObject","inLanguage":"fr-FR","@id":"https:\/\/luggagehero.com\/fr\/montral\/centre-ville-de-montral\/#primaryimage","url":"https:\/\/luggagehero.com\/wp-content\/uploads\/2019\/04\/shutterstock_743101999.jpg","contentUrl":"https:\/\/luggagehero.com\/wp-content\/uploads\/2019\/04\/shutterstock_743101999.jpg"},{"@type":"BreadcrumbList","@id":"https:\/\/luggagehero.com\/fr\/montral\/centre-ville-de-montral\/#breadcrumb","itemListElement":[{"@type":"ListItem","position":1,"name":"Home","item":"https:\/\/luggagehero.com\/fr\/"},{"@type":"ListItem","position":2,"name":"Montr\u00e9al","item":"https:\/\/luggagehero.com\/fr\/montral\/"},{"@type":"ListItem","position":3,"name":"Centre-ville de Montr\u00e9al"}]},{"@type":"WebSite","@id":"https:\/\/luggagehero.com\/fr\/#website","url":"https:\/\/luggagehero.com\/fr\/","name":"LuggageHero","description":"Free yourself from luggage","publisher":{"@id":"https:\/\/luggagehero.com\/fr\/#organization"},"potentialAction":[{"@type":"SearchAction","target":{"@type":"EntryPoint","urlTemplate":"https:\/\/luggagehero.com\/fr\/?s={search_term_string}"},"query-input":{"@type":"PropertyValueSpecification","valueRequired":true,"valueName":"search_term_string"}}],"inLanguage":"fr-FR"},{"@type":"Organization","@id":"https:\/\/luggagehero.com\/fr\/#organization","name":"LuggageHero","url":"https:\/\/luggagehero.com\/fr\/","logo":{"@type":"ImageObject","inLanguage":"fr-FR","@id":"https:\/\/luggagehero.com\/fr\/#\/schema\/logo\/image\/","url":"https:\/\/luggagehero.com\/wp-content\/uploads\/2017\/04\/luggagehero_LOGO-RGB_kort_POS_200x200.png","contentUrl":"https:\/\/luggagehero.com\/wp-content\/uploads\/2017\/04\/luggagehero_LOGO-RGB_kort_POS_200x200.png","width":200,"height":200,"caption":"LuggageHero"},"image":{"@id":"https:\/\/luggagehero.com\/fr\/#\/schema\/logo\/image\/"},"sameAs":["https:\/\/www.facebook.com\/luggagehero","https:\/\/x.com\/luggagehero","https:\/\/www.instagram.com\/luggagehero","https:\/\/www.linkedin.com\/company\/luggagehero\/"]}]}},"place_id":"","place_latitude_longitude":"45.501974531157096, -73.56246869811052","place_name":"Centre-ville de Montr\u00e9al","criteria_title":"","criteria_description":"","meta_title":"","meta_description":"","children_criteria_title":"","children_criteria_description":"","children_meta_title":"","children_meta_description":"","_edit_last":"9","use_global_content":"","poi_type":"","content_raw":"Recherchez-vous une consigne \u00e0 bagages dans le centre-ville de <a href=\"https:\/\/luggagehero.com\/montreal\/\">Montr\u00e9al<\/a>\u00a0? Vous pouvez stocker vos bagages dans l\u2019un de nos emplacements de consignes \u00e0 bagages \u00e0 proximit\u00e9 et explorer le c\u0153ur de Montr\u00e9al en toute libert\u00e9.\r\n\r\nLes sites de consignes \u00e0 bagages de LuggageHero sont des h\u00f4tels, des caf\u00e9s et des magasins\u00a0<a href=\"https:\/\/luggagehero.com\/about\/certified-shops\/\">certifi\u00e9s<\/a>. Les r\u00e9servations \u00e0 l\u2019avance vous garantissent une place pour vos bagages. L\u2019adresse et les directions de nos commer\u00e7ants partenaires sont disponibles au moment de la r\u00e9servation. Tous les bagages sont verrouill\u00e9s \u00e0 l\u2019aide de nos\u00a0<a href=\"https:\/\/luggagehero.com\/about\/security-seal\/\">\u00e9tiquettes de verrouillage<\/a> assurant chaque bagage jusqu\u2019\u00e0 [pricing insurancecoverage] une fois que vous avez d\u00e9pos\u00e9 vos bagages et d\u00e9marr\u00e9 le minuteur de consigne sur votre page de r\u00e9servation.\r\n\r\n<img class=\"aligncenter wp-image-5923 \" src=\"https:\/\/luggagehero.com\/wp-content\/uploads\/2019\/04\/shutterstock_743101999.jpg\" alt=\"\" width=\"1000\" height=\"314\" \/>\r\n<h2><\/h2>\r\n<h2 style=\"text-align: center;\">Centre-ville de Montr\u00e9al<\/h2>\r\nLe centre-ville de <a href=\"https:\/\/luggagehero.com\/montreal\/\">Montr\u00e9al<\/a> se trouve dans le quartier de Ville-Marie, situ\u00e9 sur le versant le plus au sud du mont Royal. La Place Ville Marie est un complexe immobilier constitu\u00e9 de quatre immeubles de bureaux situ\u00e9s au-dessus d\u2019une galerie marchande. C\u2019est l\u00e0 que se forme le noyau de la ville souterraine de Montr\u00e9al, la plus grande du monde, avec un acc\u00e8s int\u00e9rieur \u00e0 plus de 1\u00a0600 magasins, restaurants, bureaux, commerces, mus\u00e9es et universit\u00e9s, ainsi qu\u2019\u00e0 des stations de m\u00e9tro, stations de train, gares routi\u00e8res et souterrains qui se d\u00e9ploient \u00e0 travers tout le centre-ville. C\u2019est pourquoi nous sommes certains que vous aurez plein de choses \u00e0 faire avec votre temps libre dans ce quartier, pendant que l\u2019un de nos emplacements de consignes \u00e0 bagages <a href=\"https:\/\/luggagehero.com\/about\/certified-shops\/\">certifi\u00e9s<\/a> gardera vos bagages verrouill\u00e9s et en toute s\u00e9curit\u00e9.","_links":{"self":[{"href":"https:\/\/luggagehero.com\/fr\/wp-json\/wp\/v2\/pages\/6769","targetHints":{"allow":["GET"]}}],"collection":[{"href":"https:\/\/luggagehero.com\/fr\/wp-json\/wp\/v2\/pages"}],"about":[{"href":"https:\/\/luggagehero.com\/fr\/wp-json\/wp\/v2\/types\/page"}],"author":[{"embeddable":true,"href":"https:\/\/luggagehero.com\/fr\/wp-json\/wp\/v2\/users\/9"}],"replies":[{"embeddable":true,"href":"https:\/\/luggagehero.com\/fr\/wp-json\/wp\/v2\/comments?post=6769"}],"version-history":[{"count":0,"href":"https:\/\/luggagehero.com\/fr\/wp-json\/wp\/v2\/pages\/6769\/revisions"}],"up":[{"embeddable":true,"href":"https:\/\/luggagehero.com\/fr\/wp-json\/wp\/v2\/pages\/6757"}],"wp:attachment":[{"href":"https:\/\/luggagehero.com\/fr\/wp-json\/wp\/v2\/media?parent=6769"}],"curies":[{"name":"wp","href":"https:\/\/api.w.org\/{rel}","templated":true}]}}