{"id":7139,"date":"2019-05-13T12:45:32","date_gmt":"2019-05-13T12:45:32","guid":{"rendered":"https:\/\/luggagehero.com\/bruxelles\/gare-centrale\/"},"modified":"2023-08-22T13:00:37","modified_gmt":"2023-08-22T13:00:37","slug":"gare-centrale","status":"publish","type":"page","link":"https:\/\/luggagehero.com\/fr\/bruxelles\/gare-centrale\/","title":{"rendered":"Gare Centrale"},"content":{"rendered":"<p>Vous cherchez une consigne \u00e0 bagages pr\u00e8s de la gare centrale ? Vous pouvez d\u00e9poser vos bagages dans l\u2019un de nos emplacements de consignes \u00e0 bagages situ\u00e9 pr\u00e8s de la gare et explorer Bruxelles en toute libert\u00e9.<\/p>\n<p>Les sites des consignes \u00e0 bagages de LuggageHero sont des h\u00f4tels, des caf\u00e9s et des magasins <a href=\"https:\/\/luggagehero.com\/about\/certified-shops\/\">certifi\u00e9s<\/a>. Les r\u00e9servations \u00e0 l\u2019avance vous garantissent d&#8217;avoir une place pour vos bagages. Les adresses et itin\u00e9raires pour vous rendre aux emplacements de nos consignes \u00e0 bagages gare Centrale vous sont fournis au moment de la r\u00e9servation. Tous les bagages sont prot\u00e9g\u00e9s avec nos <a href=\"https:\/\/luggagehero.com\/about\/security-seal\/\">scell\u00e9s de s\u00e9curit\u00e9<\/a>, et chaque bagage est assur\u00e9 jusqu\u2019\u00e0 <pricing-component type=\"insurancecoverage\"><\/pricing-component> une fois que vous l&#8217;avez d\u00e9pos\u00e9 et d\u00e9marr\u00e9 le minuteur de la consigne \u00e0 bagage sur votre page de r\u00e9servation. Avec LuggageHero, vous disposez de plus de 20 lieux de consignes \u00e0 bagages tout autour de <a href=\"https:\/\/luggagehero.com\/brussels\/\">Bruxelles<\/a> .<\/p>\n<p><img loading=\"lazy\" decoding=\"async\" class=\"aligncenter size-large wp-image-6792\" src=\"https:\/\/luggagehero.com\/wp-content\/uploads\/2019\/05\/shutterstock_207560950-800x478.jpg\" alt=\"\" width=\"800\" height=\"478\" srcset=\"https:\/\/luggagehero.com\/wp-content\/uploads\/2019\/05\/shutterstock_207560950-800x478.jpg 800w, https:\/\/luggagehero.com\/wp-content\/uploads\/2019\/05\/shutterstock_207560950-300x179.jpg 300w, https:\/\/luggagehero.com\/wp-content\/uploads\/2019\/05\/shutterstock_207560950-600x359.jpg 600w, https:\/\/luggagehero.com\/wp-content\/uploads\/2019\/05\/shutterstock_207560950.jpg 1000w\" sizes=\"auto, (max-width: 800px) 100vw, 800px\" \/><\/p>\n<h2><\/h2>\n<h2 style=\"text-align: center;\">Gare centrale de Bruxelles<\/h2>\n<p>Bruxelles-Central est \u00e0 la fois une gare et une station de m\u00e9tro situ\u00e9e dans le centre de Bruxelles. Il s&#8217;agit de la deuxi\u00e8me gare ferroviaire la plus fr\u00e9quent\u00e9e de Belgique, et l&#8217;une des trois grandes gares de Bruxelles, avec Bruxelles-Midi et <a href=\"https:\/\/luggagehero.com\/brussels\/gare-de-bruxelles-nord\/\">Bruxelles-Nord<\/a> Pr\u00e8s de la gare de Bruxelles-Central, vous trouverez de nombreux h\u00f4tels et sites touristiques, comme le <a href=\"https:\/\/luggagehero.com\/brussels\/royal-palace\/\">Palais Royal<\/a> et la <a href=\"https:\/\/luggagehero.com\/brussels\/grand-place\/\">Grand Place<\/a>.<\/p>\n<p>Au d\u00e9part de cette gare, vous pouvez prendre un train Intercity pour toutes les autres villes de Belgique. Il existe une connexion directe entre Bruxelles Central et <a href=\"https:\/\/luggagehero.com\/brussels\/gare-du-midi\/\">Bruxelles-Midi<\/a>.<\/p>\n<h3><strong>Vous payez \u00e0 l\u2019heure \u2013 contrairement \u00e0 d\u2019autres services !<\/strong><\/h3>\n<p>Nous offrons un service \u00e9conomique, rapide et pratique.<\/p>\n<p>LuggageHero facture les utilisateurs pour chaque heure utilis\u00e9e uniquement 1\u20ac, contrairement \u00e0 d\u2019autres services de consignes \u00e0 bagages, qui vous font payer pour la journ\u00e9e enti\u00e8re. Mais si vous souhaitez d\u00e9poser vos bagages pour la journ\u00e9e ou plus, nous vous garantissons un plafond maximal par jour au prix int\u00e9ressant de 8\u20ac.<\/p>\n<h3><strong>Nous prenons soin de vous.<\/strong><\/h3>\n<p>Votre s\u00fbret\u00e9 et s\u00e9curit\u00e9 sont notre priorit\u00e9. C\u2019est pourquoi nous avons des employ\u00e9s LuggageHero qui v\u00e9rifient et certifient toutes nos boutiques \u00e0 Bruxelles. Nous apposons \u00e9galement un scell\u00e9 sur tous les bagages afin qu\u2019ils soient inviolables. Si vous avez besoin de parler \u00e0 quelqu\u2019un chez LuggageHero, nous sommes l\u00e0 pour vous 24h\/24, 7j\/7, \u00e0 travers notre syst\u00e8me d\u2019assistance en ligne.<\/p>\n<h2><strong>T\u00e9l\u00e9chargez notre application gratuite de consignes \u00e0 bagages :<\/strong><\/h2>\n<p>Vous pouvez \u00e9galement t\u00e9l\u00e9charger notre application de stockage de bagages LuggageHero o\u00f9 vous pouvez voir tous nos emplacements et choisir celui qui vous arrange le plus.<\/p>\n\n<div class=\"block-app-downloader\">\n\t<ul class=\"app-images\">\n\t\t\t\t\t<li class=\"app-img\">\n\t\t\t\t<img decoding=\"async\" loading=\"lazy\" src=\"https:\/\/luggagehero.com\/wp-content\/uploads\/2020\/08\/app-1.png\" alt=\"App screenshot\">\n\t\t\t<\/li>\n\t\t\t\t\t<li class=\"app-img\">\n\t\t\t\t<img decoding=\"async\" loading=\"lazy\" src=\"https:\/\/luggagehero.com\/wp-content\/uploads\/2020\/08\/app-2.png\" alt=\"App screenshot\">\n\t\t\t<\/li>\n\t\t\t\t\t<li class=\"app-img\">\n\t\t\t\t<img decoding=\"async\" loading=\"lazy\" src=\"https:\/\/luggagehero.com\/wp-content\/uploads\/2020\/08\/app-3.png\" alt=\"App screenshot\">\n\t\t\t<\/li>\n\t\t\t\t\t<li class=\"app-img\">\n\t\t\t\t<img decoding=\"async\" loading=\"lazy\" src=\"https:\/\/luggagehero.com\/wp-content\/uploads\/2020\/08\/app-4.png\" alt=\"App screenshot\">\n\t\t\t<\/li>\n\t\t\t\t\t<li class=\"app-img\">\n\t\t\t\t<img decoding=\"async\" loading=\"lazy\" src=\"https:\/\/luggagehero.com\/wp-content\/uploads\/2020\/08\/app-5.png\" alt=\"App screenshot\">\n\t\t\t<\/li>\n\t\t\t<\/ul>\n\n\t<div class=\"apps-box\">\n\t\t<p>Utilisez LuggageHero n'importe o\u00f9 avec l'application officielle pour iPhone et Android<\/p>\n\t\t<a href=\"https:\/\/apps.apple.com\/us\/app\/luggagehero-luggage-storage\/id1481057935\" target=\"_blank\">\n\t\t\t<img decoding=\"async\" loading=\"lazy\" src=\"https:\/\/luggagehero.com\/wp-content\/uploads\/2020\/08\/badge-as.png\" alt=\"Download on the ios App Store\">\n\t\t<\/a>\n\n\t\t<a href=\"https:\/\/play.google.com\/store\/apps\/details?id=com.luggagehero.android\" target=\"_blank\">\n\t\t\t<img decoding=\"async\" loading=\"lazy\" src=\"https:\/\/luggagehero.com\/wp-content\/uploads\/2020\/08\/badge-gp.png\" alt=\"Get it on Google Play\">\n\t\t<\/a>\n\t<\/div>\n<\/div>\n<h3><b>Les consignes \u00e0 bagages: 2 fois moins ch\u00e8res que les casiers des gares et des a\u00e9roports<\/b><\/h3>\n<p><span style=\"font-weight: 400;\">Les gardes bagages classiques, \u00e9galement appel\u00e9s d\u00e9pose bagages ou service de stockage de bagages, sont g\u00e9n\u00e9ralement au moins deux fois plus chers sur une base quotidienne que le service de consignes \u00e0 bagages de LuggageHero. Encore r\u00e9cemment, les voyageurs ne pouvaient d\u00e9poser leurs bagages que dans un type de casier bagage, qui offre tr\u00e8s peu de flexibilit\u00e9 en termes de prix et de localisation. Aujourd&#8217;hui, LuggageHero propose d&#8217;innombrables espaces de consignes \u00e0 bagages dans des magasins et des consignes bagages h\u00f4tels dans diff\u00e9rentes villes afin que vous ayez toujours la possibilit\u00e9 de d\u00e9poser vos valises dans un environnement s\u00fbr. Contrairement aux consignes gares et des a\u00e9roports, LuggageHero propose un tarif horaire et journalier pour une flexibilit\u00e9 maximale. LuggageHero s&#8217;efforce de proposer \u00e0 tout moment une consigne \u00e0 bagages s\u00fbre et bon march\u00e9 pr\u00e8s de chez vous.<\/span><\/p>\n<h3><b>Consigne bagages pour valises et bagages de toute taille<\/b><\/h3>\n<p><span style=\"font-weight: 400;\">Nous v\u00e9rifions tous les h\u00f4tels et les magasins locaux afin de pouvoir vous proposer un espace de garde valise ou bagage pour tout ce dont vous avez besoin : \u00e9quipement de ski, mat\u00e9riel photo, sacs \u00e0 dos ou autre. C&#8217;est une autre fa\u00e7on pour nous de vous offrir la plus grande flexibilit\u00e9 en mati\u00e8re de consigne de bagage, de d\u00e9pose valises et de d\u00e9p\u00f4t bagage.\u00a0<\/span><\/p>\n<h3><b>Nos consignes \u00e0 bagages sont similaires \u00e0 celles des h\u00f4tels<\/b><\/h3>\n<p><span style=\"font-weight: 400;\">De nombreux voyageurs et clients d&#8217;h\u00f4tels ont demand\u00e9 au personnel de la r\u00e9ception s&#8217;ils pouvaient stocker leurs bagages jusqu&#8217;\u00e0 ce qu&#8217;ils quittent la ville plus tard dans la journ\u00e9e. Nous offrons, plus ou moins, ce m\u00eame service, pour tout le monde &#8211; peu importe si vous s\u00e9journez dans un h\u00f4tel, un Airbnb ou ailleurs. Nous sommes toujours pr\u00eats \u00e0 vous aider.\u00a0<\/span><\/p>\n<h3><b>D\u00e9posez vos sacs dans des espaces de consignes v\u00e9rifi\u00e9s avec ce code de r\u00e9duction<\/b><\/h3>\n<p><span style=\"font-weight: 400;\">Clients fid\u00e8les ou nouveaux clients, nous vous offrons un code de r\u00e9duction pour deux heures de d\u00e9p\u00f4t de bagages GRATUIT. Ce code de r\u00e9duction est valable le reste de l&#8217;ann\u00e9e dans TOUTES les villes et dans TOUS nos espaces de garde bagage, y compris les magasins partenaires Premium!\u00a0<\/span><\/p>\n","protected":false},"excerpt":{"rendered":"<p>Vous cherchez une consigne \u00e0 bagages pr\u00e8s de la gare centrale ? Vous pouvez d\u00e9poser vos bagages dans l\u2019un de nos emplacements de consignes \u00e0 bagages situ\u00e9 pr\u00e8s de la gare et explorer Bruxelles en toute libert\u00e9. Les sites des consignes \u00e0 bagages de LuggageHero sont des h\u00f4tels, des caf\u00e9s et des magasins certifi\u00e9s. Les [&hellip;]<\/p>\n","protected":false},"author":9,"featured_media":39337,"parent":7136,"menu_order":0,"comment_status":"closed","ping_status":"closed","template":"template-location.php","meta":{"_acf_changed":false,"footnotes":""},"class_list":["post-7139","page","type-page","status-publish","has-post-thumbnail","hentry"],"acf":[],"yoast_head":"<!-- This site is optimized with the Yoast SEO Premium plugin v27.0 (Yoast SEO v27.0) - https:\/\/yoast.com\/product\/yoast-seo-premium-wordpress\/ -->\n<title>Gare Centrale - LuggageHero<\/title>\n<meta name=\"robots\" content=\"index, follow, max-snippet:-1, max-image-preview:large, max-video-preview:-1\" \/>\n<link rel=\"canonical\" href=\"https:\/\/luggagehero.com\/fr\/bruxelles\/gare-centrale\/\" \/>\n<meta property=\"og:locale\" content=\"fr_FR\" \/>\n<meta property=\"og:type\" content=\"article\" \/>\n<meta property=\"og:title\" content=\"Gare Centrale\" \/>\n<meta property=\"og:description\" content=\"Vous cherchez une consigne \u00e0 bagages pr\u00e8s de la gare centrale ? Vous pouvez d\u00e9poser vos bagages dans l\u2019un de nos emplacements de consignes \u00e0 bagages situ\u00e9 pr\u00e8s de la gare et explorer Bruxelles en toute libert\u00e9. Les sites des consignes \u00e0 bagages de LuggageHero sont des h\u00f4tels, des caf\u00e9s et des magasins certifi\u00e9s. Les [&hellip;]\" \/>\n<meta property=\"og:url\" content=\"https:\/\/luggagehero.com\/fr\/bruxelles\/gare-centrale\/\" \/>\n<meta property=\"og:site_name\" content=\"LuggageHero\" \/>\n<meta property=\"article:publisher\" content=\"https:\/\/www.facebook.com\/luggagehero\" \/>\n<meta property=\"article:modified_time\" content=\"2023-08-22T13:00:37+00:00\" \/>\n<meta property=\"og:image\" content=\"https:\/\/luggagehero.com\/wp-content\/uploads\/2021\/10\/brussels-2.jpg\" \/>\n\t<meta property=\"og:image:width\" content=\"1000\" \/>\n\t<meta property=\"og:image:height\" content=\"598\" \/>\n\t<meta property=\"og:image:type\" content=\"image\/jpeg\" \/>\n<meta name=\"twitter:card\" content=\"summary_large_image\" \/>\n<meta name=\"twitter:site\" content=\"@luggagehero\" \/>\n<meta name=\"twitter:label1\" content=\"Est. reading time\" \/>\n\t<meta name=\"twitter:data1\" content=\"4 minutes\" \/>\n<script type=\"application\/ld+json\" class=\"yoast-schema-graph\">{\"@context\":\"https:\/\/schema.org\",\"@graph\":[{\"@type\":\"WebPage\",\"@id\":\"https:\/\/luggagehero.com\/fr\/bruxelles\/gare-centrale\/\",\"url\":\"https:\/\/luggagehero.com\/fr\/bruxelles\/gare-centrale\/\",\"name\":\"Gare Centrale - LuggageHero\",\"isPartOf\":{\"@id\":\"https:\/\/luggagehero.com\/fr\/#website\"},\"primaryImageOfPage\":{\"@id\":\"https:\/\/luggagehero.com\/fr\/bruxelles\/gare-centrale\/#primaryimage\"},\"image\":{\"@id\":\"https:\/\/luggagehero.com\/fr\/bruxelles\/gare-centrale\/#primaryimage\"},\"thumbnailUrl\":\"https:\/\/luggagehero.com\/wp-content\/uploads\/2021\/10\/brussels-2.jpg\",\"datePublished\":\"2019-05-13T12:45:32+00:00\",\"dateModified\":\"2023-08-22T13:00:37+00:00\",\"breadcrumb\":{\"@id\":\"https:\/\/luggagehero.com\/fr\/bruxelles\/gare-centrale\/#breadcrumb\"},\"inLanguage\":\"fr-FR\",\"potentialAction\":[{\"@type\":\"ReadAction\",\"target\":[\"https:\/\/luggagehero.com\/fr\/bruxelles\/gare-centrale\/\"]}]},{\"@type\":\"ImageObject\",\"inLanguage\":\"fr-FR\",\"@id\":\"https:\/\/luggagehero.com\/fr\/bruxelles\/gare-centrale\/#primaryimage\",\"url\":\"https:\/\/luggagehero.com\/wp-content\/uploads\/2021\/10\/brussels-2.jpg\",\"contentUrl\":\"https:\/\/luggagehero.com\/wp-content\/uploads\/2021\/10\/brussels-2.jpg\",\"width\":1000,\"height\":598},{\"@type\":\"BreadcrumbList\",\"@id\":\"https:\/\/luggagehero.com\/fr\/bruxelles\/gare-centrale\/#breadcrumb\",\"itemListElement\":[{\"@type\":\"ListItem\",\"position\":1,\"name\":\"Home\",\"item\":\"https:\/\/luggagehero.com\/fr\/\"},{\"@type\":\"ListItem\",\"position\":2,\"name\":\"Bruxelles\",\"item\":\"https:\/\/luggagehero.com\/fr\/bruxelles\/\"},{\"@type\":\"ListItem\",\"position\":3,\"name\":\"Gare Centrale\"}]},{\"@type\":\"WebSite\",\"@id\":\"https:\/\/luggagehero.com\/fr\/#website\",\"url\":\"https:\/\/luggagehero.com\/fr\/\",\"name\":\"LuggageHero\",\"description\":\"Free yourself from luggage\",\"publisher\":{\"@id\":\"https:\/\/luggagehero.com\/fr\/#organization\"},\"potentialAction\":[{\"@type\":\"SearchAction\",\"target\":{\"@type\":\"EntryPoint\",\"urlTemplate\":\"https:\/\/luggagehero.com\/fr\/?s={search_term_string}\"},\"query-input\":{\"@type\":\"PropertyValueSpecification\",\"valueRequired\":true,\"valueName\":\"search_term_string\"}}],\"inLanguage\":\"fr-FR\"},{\"@type\":\"Organization\",\"@id\":\"https:\/\/luggagehero.com\/fr\/#organization\",\"name\":\"LuggageHero\",\"url\":\"https:\/\/luggagehero.com\/fr\/\",\"logo\":{\"@type\":\"ImageObject\",\"inLanguage\":\"fr-FR\",\"@id\":\"https:\/\/luggagehero.com\/fr\/#\/schema\/logo\/image\/\",\"url\":\"https:\/\/luggagehero.com\/wp-content\/uploads\/2017\/04\/luggagehero_LOGO-RGB_kort_POS_200x200.png\",\"contentUrl\":\"https:\/\/luggagehero.com\/wp-content\/uploads\/2017\/04\/luggagehero_LOGO-RGB_kort_POS_200x200.png\",\"width\":200,\"height\":200,\"caption\":\"LuggageHero\"},\"image\":{\"@id\":\"https:\/\/luggagehero.com\/fr\/#\/schema\/logo\/image\/\"},\"sameAs\":[\"https:\/\/www.facebook.com\/luggagehero\",\"https:\/\/x.com\/luggagehero\",\"https:\/\/www.instagram.com\/luggagehero\",\"https:\/\/www.linkedin.com\/company\/luggagehero\/\"]}]}<\/script>\n<!-- \/ Yoast SEO Premium plugin. -->","yoast_head_json":{"title":"Gare Centrale - LuggageHero","robots":{"index":"index","follow":"follow","max-snippet":"max-snippet:-1","max-image-preview":"max-image-preview:large","max-video-preview":"max-video-preview:-1"},"canonical":"https:\/\/luggagehero.com\/fr\/bruxelles\/gare-centrale\/","og_locale":"fr_FR","og_type":"article","og_title":"Gare Centrale","og_description":"Vous cherchez une consigne \u00e0 bagages pr\u00e8s de la gare centrale ? Vous pouvez d\u00e9poser vos bagages dans l\u2019un de nos emplacements de consignes \u00e0 bagages situ\u00e9 pr\u00e8s de la gare et explorer Bruxelles en toute libert\u00e9. Les sites des consignes \u00e0 bagages de LuggageHero sont des h\u00f4tels, des caf\u00e9s et des magasins certifi\u00e9s. Les [&hellip;]","og_url":"https:\/\/luggagehero.com\/fr\/bruxelles\/gare-centrale\/","og_site_name":"LuggageHero","article_publisher":"https:\/\/www.facebook.com\/luggagehero","article_modified_time":"2023-08-22T13:00:37+00:00","og_image":[{"width":1000,"height":598,"url":"https:\/\/luggagehero.com\/wp-content\/uploads\/2021\/10\/brussels-2.jpg","type":"image\/jpeg"}],"twitter_card":"summary_large_image","twitter_site":"@luggagehero","twitter_misc":{"Est. reading time":"4 minutes"},"schema":{"@context":"https:\/\/schema.org","@graph":[{"@type":"WebPage","@id":"https:\/\/luggagehero.com\/fr\/bruxelles\/gare-centrale\/","url":"https:\/\/luggagehero.com\/fr\/bruxelles\/gare-centrale\/","name":"Gare Centrale - LuggageHero","isPartOf":{"@id":"https:\/\/luggagehero.com\/fr\/#website"},"primaryImageOfPage":{"@id":"https:\/\/luggagehero.com\/fr\/bruxelles\/gare-centrale\/#primaryimage"},"image":{"@id":"https:\/\/luggagehero.com\/fr\/bruxelles\/gare-centrale\/#primaryimage"},"thumbnailUrl":"https:\/\/luggagehero.com\/wp-content\/uploads\/2021\/10\/brussels-2.jpg","datePublished":"2019-05-13T12:45:32+00:00","dateModified":"2023-08-22T13:00:37+00:00","breadcrumb":{"@id":"https:\/\/luggagehero.com\/fr\/bruxelles\/gare-centrale\/#breadcrumb"},"inLanguage":"fr-FR","potentialAction":[{"@type":"ReadAction","target":["https:\/\/luggagehero.com\/fr\/bruxelles\/gare-centrale\/"]}]},{"@type":"ImageObject","inLanguage":"fr-FR","@id":"https:\/\/luggagehero.com\/fr\/bruxelles\/gare-centrale\/#primaryimage","url":"https:\/\/luggagehero.com\/wp-content\/uploads\/2021\/10\/brussels-2.jpg","contentUrl":"https:\/\/luggagehero.com\/wp-content\/uploads\/2021\/10\/brussels-2.jpg","width":1000,"height":598},{"@type":"BreadcrumbList","@id":"https:\/\/luggagehero.com\/fr\/bruxelles\/gare-centrale\/#breadcrumb","itemListElement":[{"@type":"ListItem","position":1,"name":"Home","item":"https:\/\/luggagehero.com\/fr\/"},{"@type":"ListItem","position":2,"name":"Bruxelles","item":"https:\/\/luggagehero.com\/fr\/bruxelles\/"},{"@type":"ListItem","position":3,"name":"Gare Centrale"}]},{"@type":"WebSite","@id":"https:\/\/luggagehero.com\/fr\/#website","url":"https:\/\/luggagehero.com\/fr\/","name":"LuggageHero","description":"Free yourself from luggage","publisher":{"@id":"https:\/\/luggagehero.com\/fr\/#organization"},"potentialAction":[{"@type":"SearchAction","target":{"@type":"EntryPoint","urlTemplate":"https:\/\/luggagehero.com\/fr\/?s={search_term_string}"},"query-input":{"@type":"PropertyValueSpecification","valueRequired":true,"valueName":"search_term_string"}}],"inLanguage":"fr-FR"},{"@type":"Organization","@id":"https:\/\/luggagehero.com\/fr\/#organization","name":"LuggageHero","url":"https:\/\/luggagehero.com\/fr\/","logo":{"@type":"ImageObject","inLanguage":"fr-FR","@id":"https:\/\/luggagehero.com\/fr\/#\/schema\/logo\/image\/","url":"https:\/\/luggagehero.com\/wp-content\/uploads\/2017\/04\/luggagehero_LOGO-RGB_kort_POS_200x200.png","contentUrl":"https:\/\/luggagehero.com\/wp-content\/uploads\/2017\/04\/luggagehero_LOGO-RGB_kort_POS_200x200.png","width":200,"height":200,"caption":"LuggageHero"},"image":{"@id":"https:\/\/luggagehero.com\/fr\/#\/schema\/logo\/image\/"},"sameAs":["https:\/\/www.facebook.com\/luggagehero","https:\/\/x.com\/luggagehero","https:\/\/www.instagram.com\/luggagehero","https:\/\/www.linkedin.com\/company\/luggagehero\/"]}]}},"place_id":"","place_latitude_longitude":"50.8455,4.3571","place_name":"Gare Centrale","criteria_title":"","criteria_description":"","meta_title":"","meta_description":"","children_criteria_title":"","children_criteria_description":"","children_meta_title":"","children_meta_description":"","_edit_last":"46","use_global_content":"0","poi_type":"PublicTransit","content_raw":"Vous cherchez une consigne \u00e0 bagages pr\u00e8s de la gare centrale ? Vous pouvez d\u00e9poser vos bagages dans l\u2019un de nos emplacements de consignes \u00e0 bagages situ\u00e9 pr\u00e8s de la gare et explorer Bruxelles en toute libert\u00e9.\r\n\r\nLes sites des consignes \u00e0 bagages de LuggageHero sont des h\u00f4tels, des caf\u00e9s et des magasins <a href=\"https:\/\/luggagehero.com\/about\/certified-shops\/\">certifi\u00e9s<\/a>. Les r\u00e9servations \u00e0 l\u2019avance vous garantissent d'avoir une place pour vos bagages. Les adresses et itin\u00e9raires pour vous rendre aux emplacements de nos consignes \u00e0 bagages gare Centrale vous sont fournis au moment de la r\u00e9servation. Tous les bagages sont prot\u00e9g\u00e9s avec nos <a href=\"https:\/\/luggagehero.com\/about\/security-seal\/\">scell\u00e9s de s\u00e9curit\u00e9<\/a>, et chaque bagage est assur\u00e9 jusqu\u2019\u00e0 [pricing insurancecoverage] une fois que vous l'avez d\u00e9pos\u00e9 et d\u00e9marr\u00e9 le minuteur de la consigne \u00e0 bagage sur votre page de r\u00e9servation. Avec LuggageHero, vous disposez de plus de 20 lieux de consignes \u00e0 bagages tout autour de <a href=\"https:\/\/luggagehero.com\/brussels\/\">Bruxelles<\/a> .\r\n\r\n<img class=\"aligncenter size-large wp-image-6792\" src=\"https:\/\/luggagehero.com\/wp-content\/uploads\/2019\/05\/shutterstock_207560950-800x478.jpg\" alt=\"\" width=\"800\" height=\"478\" \/>\r\n<h2><\/h2>\r\n<h2 style=\"text-align: center;\">Gare centrale de Bruxelles<\/h2>\r\nBruxelles-Central est \u00e0 la fois une gare et une station de m\u00e9tro situ\u00e9e dans le centre de Bruxelles. Il s'agit de la deuxi\u00e8me gare ferroviaire la plus fr\u00e9quent\u00e9e de Belgique, et l'une des trois grandes gares de Bruxelles, avec Bruxelles-Midi et <a href=\"https:\/\/luggagehero.com\/brussels\/gare-de-bruxelles-nord\/\">Bruxelles-Nord<\/a> Pr\u00e8s de la gare de Bruxelles-Central, vous trouverez de nombreux h\u00f4tels et sites touristiques, comme le <a href=\"https:\/\/luggagehero.com\/brussels\/royal-palace\/\">Palais Royal<\/a> et la <a href=\"https:\/\/luggagehero.com\/brussels\/grand-place\/\">Grand Place<\/a>.\r\n\r\nAu d\u00e9part de cette gare, vous pouvez prendre un train Intercity pour toutes les autres villes de Belgique. Il existe une connexion directe entre Bruxelles Central et <a href=\"https:\/\/luggagehero.com\/brussels\/gare-du-midi\/\">Bruxelles-Midi<\/a>.\r\n<h3><strong>Vous payez \u00e0 l\u2019heure \u2013 contrairement \u00e0 d\u2019autres services !<\/strong><\/h3>\r\nNous offrons un service \u00e9conomique, rapide et pratique.\r\n\r\nLuggageHero facture les utilisateurs pour chaque heure utilis\u00e9e uniquement 1\u20ac, contrairement \u00e0 d\u2019autres services de consignes \u00e0 bagages, qui vous font payer pour la journ\u00e9e enti\u00e8re. Mais si vous souhaitez d\u00e9poser vos bagages pour la journ\u00e9e ou plus, nous vous garantissons un plafond maximal par jour au prix int\u00e9ressant de 8\u20ac.\r\n<h3><strong>Nous prenons soin de vous.<\/strong><\/h3>\r\nVotre s\u00fbret\u00e9 et s\u00e9curit\u00e9 sont notre priorit\u00e9. C\u2019est pourquoi nous avons des employ\u00e9s LuggageHero qui v\u00e9rifient et certifient toutes nos boutiques \u00e0 Bruxelles. Nous apposons \u00e9galement un scell\u00e9 sur tous les bagages afin qu\u2019ils soient inviolables. Si vous avez besoin de parler \u00e0 quelqu\u2019un chez LuggageHero, nous sommes l\u00e0 pour vous 24h\/24, 7j\/7, \u00e0 travers notre syst\u00e8me d\u2019assistance en ligne.\r\n<h2><strong>T\u00e9l\u00e9chargez notre application gratuite de consignes \u00e0 bagages :<\/strong><\/h2>\r\nVous pouvez \u00e9galement t\u00e9l\u00e9charger notre application de stockage de bagages LuggageHero o\u00f9 vous pouvez voir tous nos emplacements et choisir celui qui vous arrange le plus.\r\n\r\n[appdownloader]\r\n<h3><b>Les consignes \u00e0 bagages: 2 fois moins ch\u00e8res que les casiers des gares et des a\u00e9roports<\/b><\/h3>\r\n<span style=\"font-weight: 400;\">Les gardes bagages classiques, \u00e9galement appel\u00e9s d\u00e9pose bagages ou service de stockage de bagages, sont g\u00e9n\u00e9ralement au moins deux fois plus chers sur une base quotidienne que le service de consignes \u00e0 bagages de LuggageHero. Encore r\u00e9cemment, les voyageurs ne pouvaient d\u00e9poser leurs bagages que dans un type de casier bagage, qui offre tr\u00e8s peu de flexibilit\u00e9 en termes de prix et de localisation. Aujourd'hui, LuggageHero propose d'innombrables espaces de consignes \u00e0 bagages dans des magasins et des consignes bagages h\u00f4tels dans diff\u00e9rentes villes afin que vous ayez toujours la possibilit\u00e9 de d\u00e9poser vos valises dans un environnement s\u00fbr. Contrairement aux consignes gares et des a\u00e9roports, LuggageHero propose un tarif horaire et journalier pour une flexibilit\u00e9 maximale. LuggageHero s'efforce de proposer \u00e0 tout moment une consigne \u00e0 bagages s\u00fbre et bon march\u00e9 pr\u00e8s de chez vous.<\/span>\r\n<h3><b>Consigne bagages pour valises et bagages de toute taille<\/b><\/h3>\r\n<span style=\"font-weight: 400;\">Nous v\u00e9rifions tous les h\u00f4tels et les magasins locaux afin de pouvoir vous proposer un espace de garde valise ou bagage pour tout ce dont vous avez besoin : \u00e9quipement de ski, mat\u00e9riel photo, sacs \u00e0 dos ou autre. C'est une autre fa\u00e7on pour nous de vous offrir la plus grande flexibilit\u00e9 en mati\u00e8re de consigne de bagage, de d\u00e9pose valises et de d\u00e9p\u00f4t bagage.\u00a0<\/span>\r\n<h3><b>Nos consignes \u00e0 bagages sont similaires \u00e0 celles des h\u00f4tels<\/b><\/h3>\r\n<span style=\"font-weight: 400;\">De nombreux voyageurs et clients d'h\u00f4tels ont demand\u00e9 au personnel de la r\u00e9ception s'ils pouvaient stocker leurs bagages jusqu'\u00e0 ce qu'ils quittent la ville plus tard dans la journ\u00e9e. Nous offrons, plus ou moins, ce m\u00eame service, pour tout le monde - peu importe si vous s\u00e9journez dans un h\u00f4tel, un Airbnb ou ailleurs. Nous sommes toujours pr\u00eats \u00e0 vous aider.\u00a0<\/span>\r\n<h3><b>D\u00e9posez vos sacs dans des espaces de consignes v\u00e9rifi\u00e9s avec ce code de r\u00e9duction<\/b><\/h3>\r\n<span style=\"font-weight: 400;\">Clients fid\u00e8les ou nouveaux clients, nous vous offrons un code de r\u00e9duction pour deux heures de d\u00e9p\u00f4t de bagages GRATUIT. Ce code de r\u00e9duction est valable le reste de l'ann\u00e9e dans TOUTES les villes et dans TOUS nos espaces de garde bagage, y compris les magasins partenaires Premium!\u00a0<\/span>","_links":{"self":[{"href":"https:\/\/luggagehero.com\/fr\/wp-json\/wp\/v2\/pages\/7139","targetHints":{"allow":["GET"]}}],"collection":[{"href":"https:\/\/luggagehero.com\/fr\/wp-json\/wp\/v2\/pages"}],"about":[{"href":"https:\/\/luggagehero.com\/fr\/wp-json\/wp\/v2\/types\/page"}],"author":[{"embeddable":true,"href":"https:\/\/luggagehero.com\/fr\/wp-json\/wp\/v2\/users\/9"}],"replies":[{"embeddable":true,"href":"https:\/\/luggagehero.com\/fr\/wp-json\/wp\/v2\/comments?post=7139"}],"version-history":[{"count":0,"href":"https:\/\/luggagehero.com\/fr\/wp-json\/wp\/v2\/pages\/7139\/revisions"}],"up":[{"embeddable":true,"href":"https:\/\/luggagehero.com\/fr\/wp-json\/wp\/v2\/pages\/7136"}],"wp:featuredmedia":[{"embeddable":true,"href":"https:\/\/luggagehero.com\/fr\/wp-json\/wp\/v2\/media\/39337"}],"wp:attachment":[{"href":"https:\/\/luggagehero.com\/fr\/wp-json\/wp\/v2\/media?parent=7139"}],"curies":[{"name":"wp","href":"https:\/\/api.w.org\/{rel}","templated":true}]}}