{"id":7140,"date":"2019-05-13T12:45:35","date_gmt":"2019-05-13T12:45:35","guid":{"rendered":"https:\/\/luggagehero.com\/bruxelles\/grand-place\/"},"modified":"2023-08-29T13:04:45","modified_gmt":"2023-08-29T13:04:45","slug":"grand-place","status":"publish","type":"page","link":"https:\/\/luggagehero.com\/fr\/bruxelles\/grand-place\/","title":{"rendered":"Grand Place"},"content":{"rendered":"<p>Vous cherchez une consigne \u00e0 bagages sur la Grand Place ? Vous pouvez d\u00e9poser vos bagages dans l\u2019un de nos emplacements de consignes \u00e0 bagages situ\u00e9s tout autour de cette c\u00e9l\u00e8bre place et explorer Bruxelles en toute libert\u00e9.<\/p>\n<p>Les sites de consignes \u00e0 bagages de LuggageHero sont des h\u00f4tels, des caf\u00e9s et des magasins <a href=\"https:\/\/luggagehero.com\/about\/certified-shops\/\">certifi\u00e9s<\/a>. Les r\u00e9servations \u00e0 l\u2019avance vous garantissent d&#8217;avoir une place pour vos bagages. Les adresses et itin\u00e9raires pour vous rendre aux emplacements de nos consignes vous sont fournis au moment de la r\u00e9servation. Tous les bagages sont prot\u00e9g\u00e9s avec nos <a href=\"https:\/\/luggagehero.com\/about\/security-seal\/\">scell\u00e9s de s\u00e9curit\u00e9<\/a>, et chaque bagage est assur\u00e9 jusqu\u2019\u00e0 <pricing-component type=\"insurancecoverage\"><\/pricing-component> une fois que vous l&#8217;avez d\u00e9pos\u00e9 et d\u00e9marr\u00e9 le minuteur de la consigne sur votre page de r\u00e9servation. Avec LuggageHero, vous disposez de plus de 20 lieux de consignes \u00e0 bagages tout autour de <a href=\"https:\/\/luggagehero.com\/brussels\/\">Bruxelles<\/a> .<\/p>\n<p><img loading=\"lazy\" decoding=\"async\" class=\"aligncenter size-large wp-image-6807\" src=\"https:\/\/luggagehero.com\/wp-content\/uploads\/2019\/05\/shutterstock_1048636844-800x450.jpg\" alt=\"\" width=\"800\" height=\"450\" srcset=\"https:\/\/luggagehero.com\/wp-content\/uploads\/2019\/05\/shutterstock_1048636844-800x450.jpg 800w, https:\/\/luggagehero.com\/wp-content\/uploads\/2019\/05\/shutterstock_1048636844-300x169.jpg 300w, https:\/\/luggagehero.com\/wp-content\/uploads\/2019\/05\/shutterstock_1048636844-600x337.jpg 600w, https:\/\/luggagehero.com\/wp-content\/uploads\/2019\/05\/shutterstock_1048636844.jpg 1000w\" sizes=\"auto, (max-width: 800px) 100vw, 800px\" \/><\/p>\n<h2 style=\"text-align: center;\">Grand Place<\/h2>\n<p>La Grand Place est la place centrale de la ville de Bruxelles. Elle est c\u00e9l\u00e8bre pour sa richesse historique et architecturale, et figure au Patrimoine mondial de l&#8217;UNESCO depuis 1998. De nos jours, de nombreux \u00e9v\u00e8nements festifs et culturels sont organis\u00e9s sur la Grand Place :<\/p>\n<ul>\n<li>Le Tapis de Fleurs, qui a lieu tous les 2 ans en ao\u00fbt<\/li>\n<li>Le d\u00e9fil\u00e9 Ommegang, qui reconstitue l&#8217;entr\u00e9e de Charles V \u00e0 Bruxelles en 1549 pour y pr\u00e9senter son fils<\/li>\n<li>L&#8217;arbre de No\u00ebl<\/li>\n<li>Le march\u00e9 aux fleurs quotidien<\/li>\n<li>Et de nombreux concerts<\/li>\n<\/ul>\n<p>Le tram provenant de la <a href=\"https:\/\/luggagehero.com\/brussels\/gare-de-bruxelles-nord\/\">gare de Bruxelles-Nord<\/a> s&#8217;arr\u00eate \u00e0 seulement 4 minutes \u00e0 pied de la Grand Place et \u00e0 seulement 400 m de la <a href=\"https:\/\/luggagehero.com\/brussels\/gare-centrale\/\">Gare Centrale<\/a>.<\/p>\n","protected":false},"excerpt":{"rendered":"<p>Vous cherchez une consigne \u00e0 bagages sur la Grand Place ? Vous pouvez d\u00e9poser vos bagages dans l\u2019un de nos emplacements de consignes \u00e0 bagages situ\u00e9s tout autour de cette c\u00e9l\u00e8bre place et explorer Bruxelles en toute libert\u00e9. Les sites de consignes \u00e0 bagages de LuggageHero sont des h\u00f4tels, des caf\u00e9s et des magasins certifi\u00e9s. [&hellip;]<\/p>\n","protected":false},"author":9,"featured_media":0,"parent":7136,"menu_order":0,"comment_status":"closed","ping_status":"closed","template":"template-location.php","meta":{"_acf_changed":false,"footnotes":""},"class_list":["post-7140","page","type-page","status-publish","hentry"],"acf":[],"yoast_head":"<!-- This site is optimized with the Yoast SEO Premium plugin v27.0 (Yoast SEO v27.0) - https:\/\/yoast.com\/product\/yoast-seo-premium-wordpress\/ -->\n<title>Grand Place - LuggageHero<\/title>\n<meta name=\"robots\" content=\"index, follow, max-snippet:-1, max-image-preview:large, max-video-preview:-1\" \/>\n<link rel=\"canonical\" href=\"https:\/\/luggagehero.com\/fr\/bruxelles\/grand-place\/\" \/>\n<meta property=\"og:locale\" content=\"fr_FR\" \/>\n<meta property=\"og:type\" content=\"article\" \/>\n<meta property=\"og:title\" content=\"Grand Place\" \/>\n<meta property=\"og:description\" content=\"Vous cherchez une consigne \u00e0 bagages sur la Grand Place ? Vous pouvez d\u00e9poser vos bagages dans l\u2019un de nos emplacements de consignes \u00e0 bagages situ\u00e9s tout autour de cette c\u00e9l\u00e8bre place et explorer Bruxelles en toute libert\u00e9. Les sites de consignes \u00e0 bagages de LuggageHero sont des h\u00f4tels, des caf\u00e9s et des magasins certifi\u00e9s. [&hellip;]\" \/>\n<meta property=\"og:url\" content=\"https:\/\/luggagehero.com\/fr\/bruxelles\/grand-place\/\" \/>\n<meta property=\"og:site_name\" content=\"LuggageHero\" \/>\n<meta property=\"article:publisher\" content=\"https:\/\/www.facebook.com\/luggagehero\" \/>\n<meta property=\"article:modified_time\" content=\"2023-08-29T13:04:45+00:00\" \/>\n<meta property=\"og:image\" content=\"https:\/\/luggagehero.com\/wp-content\/uploads\/2019\/05\/shutterstock_1048636844-800x450.jpg\" \/>\n<meta name=\"twitter:card\" content=\"summary_large_image\" \/>\n<meta name=\"twitter:site\" content=\"@luggagehero\" \/>\n<meta name=\"twitter:label1\" content=\"Est. reading time\" \/>\n\t<meta name=\"twitter:data1\" content=\"2 minutes\" \/>\n<script type=\"application\/ld+json\" class=\"yoast-schema-graph\">{\"@context\":\"https:\/\/schema.org\",\"@graph\":[{\"@type\":\"WebPage\",\"@id\":\"https:\/\/luggagehero.com\/fr\/bruxelles\/grand-place\/\",\"url\":\"https:\/\/luggagehero.com\/fr\/bruxelles\/grand-place\/\",\"name\":\"Grand Place - LuggageHero\",\"isPartOf\":{\"@id\":\"https:\/\/luggagehero.com\/fr\/#website\"},\"primaryImageOfPage\":{\"@id\":\"https:\/\/luggagehero.com\/fr\/bruxelles\/grand-place\/#primaryimage\"},\"image\":{\"@id\":\"https:\/\/luggagehero.com\/fr\/bruxelles\/grand-place\/#primaryimage\"},\"thumbnailUrl\":\"https:\/\/luggagehero.com\/wp-content\/uploads\/2019\/05\/shutterstock_1048636844-800x450.jpg\",\"datePublished\":\"2019-05-13T12:45:35+00:00\",\"dateModified\":\"2023-08-29T13:04:45+00:00\",\"breadcrumb\":{\"@id\":\"https:\/\/luggagehero.com\/fr\/bruxelles\/grand-place\/#breadcrumb\"},\"inLanguage\":\"fr-FR\",\"potentialAction\":[{\"@type\":\"ReadAction\",\"target\":[\"https:\/\/luggagehero.com\/fr\/bruxelles\/grand-place\/\"]}]},{\"@type\":\"ImageObject\",\"inLanguage\":\"fr-FR\",\"@id\":\"https:\/\/luggagehero.com\/fr\/bruxelles\/grand-place\/#primaryimage\",\"url\":\"https:\/\/luggagehero.com\/wp-content\/uploads\/2019\/05\/shutterstock_1048636844-800x450.jpg\",\"contentUrl\":\"https:\/\/luggagehero.com\/wp-content\/uploads\/2019\/05\/shutterstock_1048636844-800x450.jpg\"},{\"@type\":\"BreadcrumbList\",\"@id\":\"https:\/\/luggagehero.com\/fr\/bruxelles\/grand-place\/#breadcrumb\",\"itemListElement\":[{\"@type\":\"ListItem\",\"position\":1,\"name\":\"Home\",\"item\":\"https:\/\/luggagehero.com\/fr\/\"},{\"@type\":\"ListItem\",\"position\":2,\"name\":\"Bruxelles\",\"item\":\"https:\/\/luggagehero.com\/fr\/bruxelles\/\"},{\"@type\":\"ListItem\",\"position\":3,\"name\":\"Grand Place\"}]},{\"@type\":\"WebSite\",\"@id\":\"https:\/\/luggagehero.com\/fr\/#website\",\"url\":\"https:\/\/luggagehero.com\/fr\/\",\"name\":\"LuggageHero\",\"description\":\"Free yourself from luggage\",\"publisher\":{\"@id\":\"https:\/\/luggagehero.com\/fr\/#organization\"},\"potentialAction\":[{\"@type\":\"SearchAction\",\"target\":{\"@type\":\"EntryPoint\",\"urlTemplate\":\"https:\/\/luggagehero.com\/fr\/?s={search_term_string}\"},\"query-input\":{\"@type\":\"PropertyValueSpecification\",\"valueRequired\":true,\"valueName\":\"search_term_string\"}}],\"inLanguage\":\"fr-FR\"},{\"@type\":\"Organization\",\"@id\":\"https:\/\/luggagehero.com\/fr\/#organization\",\"name\":\"LuggageHero\",\"url\":\"https:\/\/luggagehero.com\/fr\/\",\"logo\":{\"@type\":\"ImageObject\",\"inLanguage\":\"fr-FR\",\"@id\":\"https:\/\/luggagehero.com\/fr\/#\/schema\/logo\/image\/\",\"url\":\"https:\/\/luggagehero.com\/wp-content\/uploads\/2017\/04\/luggagehero_LOGO-RGB_kort_POS_200x200.png\",\"contentUrl\":\"https:\/\/luggagehero.com\/wp-content\/uploads\/2017\/04\/luggagehero_LOGO-RGB_kort_POS_200x200.png\",\"width\":200,\"height\":200,\"caption\":\"LuggageHero\"},\"image\":{\"@id\":\"https:\/\/luggagehero.com\/fr\/#\/schema\/logo\/image\/\"},\"sameAs\":[\"https:\/\/www.facebook.com\/luggagehero\",\"https:\/\/x.com\/luggagehero\",\"https:\/\/www.instagram.com\/luggagehero\",\"https:\/\/www.linkedin.com\/company\/luggagehero\/\"]}]}<\/script>\n<!-- \/ Yoast SEO Premium plugin. -->","yoast_head_json":{"title":"Grand Place - LuggageHero","robots":{"index":"index","follow":"follow","max-snippet":"max-snippet:-1","max-image-preview":"max-image-preview:large","max-video-preview":"max-video-preview:-1"},"canonical":"https:\/\/luggagehero.com\/fr\/bruxelles\/grand-place\/","og_locale":"fr_FR","og_type":"article","og_title":"Grand Place","og_description":"Vous cherchez une consigne \u00e0 bagages sur la Grand Place ? Vous pouvez d\u00e9poser vos bagages dans l\u2019un de nos emplacements de consignes \u00e0 bagages situ\u00e9s tout autour de cette c\u00e9l\u00e8bre place et explorer Bruxelles en toute libert\u00e9. Les sites de consignes \u00e0 bagages de LuggageHero sont des h\u00f4tels, des caf\u00e9s et des magasins certifi\u00e9s. [&hellip;]","og_url":"https:\/\/luggagehero.com\/fr\/bruxelles\/grand-place\/","og_site_name":"LuggageHero","article_publisher":"https:\/\/www.facebook.com\/luggagehero","article_modified_time":"2023-08-29T13:04:45+00:00","og_image":[{"url":"https:\/\/luggagehero.com\/wp-content\/uploads\/2019\/05\/shutterstock_1048636844-800x450.jpg","type":"","width":"","height":""}],"twitter_card":"summary_large_image","twitter_site":"@luggagehero","twitter_misc":{"Est. reading time":"2 minutes"},"schema":{"@context":"https:\/\/schema.org","@graph":[{"@type":"WebPage","@id":"https:\/\/luggagehero.com\/fr\/bruxelles\/grand-place\/","url":"https:\/\/luggagehero.com\/fr\/bruxelles\/grand-place\/","name":"Grand Place - LuggageHero","isPartOf":{"@id":"https:\/\/luggagehero.com\/fr\/#website"},"primaryImageOfPage":{"@id":"https:\/\/luggagehero.com\/fr\/bruxelles\/grand-place\/#primaryimage"},"image":{"@id":"https:\/\/luggagehero.com\/fr\/bruxelles\/grand-place\/#primaryimage"},"thumbnailUrl":"https:\/\/luggagehero.com\/wp-content\/uploads\/2019\/05\/shutterstock_1048636844-800x450.jpg","datePublished":"2019-05-13T12:45:35+00:00","dateModified":"2023-08-29T13:04:45+00:00","breadcrumb":{"@id":"https:\/\/luggagehero.com\/fr\/bruxelles\/grand-place\/#breadcrumb"},"inLanguage":"fr-FR","potentialAction":[{"@type":"ReadAction","target":["https:\/\/luggagehero.com\/fr\/bruxelles\/grand-place\/"]}]},{"@type":"ImageObject","inLanguage":"fr-FR","@id":"https:\/\/luggagehero.com\/fr\/bruxelles\/grand-place\/#primaryimage","url":"https:\/\/luggagehero.com\/wp-content\/uploads\/2019\/05\/shutterstock_1048636844-800x450.jpg","contentUrl":"https:\/\/luggagehero.com\/wp-content\/uploads\/2019\/05\/shutterstock_1048636844-800x450.jpg"},{"@type":"BreadcrumbList","@id":"https:\/\/luggagehero.com\/fr\/bruxelles\/grand-place\/#breadcrumb","itemListElement":[{"@type":"ListItem","position":1,"name":"Home","item":"https:\/\/luggagehero.com\/fr\/"},{"@type":"ListItem","position":2,"name":"Bruxelles","item":"https:\/\/luggagehero.com\/fr\/bruxelles\/"},{"@type":"ListItem","position":3,"name":"Grand Place"}]},{"@type":"WebSite","@id":"https:\/\/luggagehero.com\/fr\/#website","url":"https:\/\/luggagehero.com\/fr\/","name":"LuggageHero","description":"Free yourself from luggage","publisher":{"@id":"https:\/\/luggagehero.com\/fr\/#organization"},"potentialAction":[{"@type":"SearchAction","target":{"@type":"EntryPoint","urlTemplate":"https:\/\/luggagehero.com\/fr\/?s={search_term_string}"},"query-input":{"@type":"PropertyValueSpecification","valueRequired":true,"valueName":"search_term_string"}}],"inLanguage":"fr-FR"},{"@type":"Organization","@id":"https:\/\/luggagehero.com\/fr\/#organization","name":"LuggageHero","url":"https:\/\/luggagehero.com\/fr\/","logo":{"@type":"ImageObject","inLanguage":"fr-FR","@id":"https:\/\/luggagehero.com\/fr\/#\/schema\/logo\/image\/","url":"https:\/\/luggagehero.com\/wp-content\/uploads\/2017\/04\/luggagehero_LOGO-RGB_kort_POS_200x200.png","contentUrl":"https:\/\/luggagehero.com\/wp-content\/uploads\/2017\/04\/luggagehero_LOGO-RGB_kort_POS_200x200.png","width":200,"height":200,"caption":"LuggageHero"},"image":{"@id":"https:\/\/luggagehero.com\/fr\/#\/schema\/logo\/image\/"},"sameAs":["https:\/\/www.facebook.com\/luggagehero","https:\/\/x.com\/luggagehero","https:\/\/www.instagram.com\/luggagehero","https:\/\/www.linkedin.com\/company\/luggagehero\/"]}]}},"place_id":"","place_latitude_longitude":"44.948071, 0.018920","place_name":"Grand Place","criteria_title":"","criteria_description":"","meta_title":"","meta_description":"","children_criteria_title":"","children_criteria_description":"","children_meta_title":"","children_meta_description":"","_edit_last":"46","use_global_content":"","poi_type":"","content_raw":"Vous cherchez une consigne \u00e0 bagages sur la Grand Place ? Vous pouvez d\u00e9poser vos bagages dans l\u2019un de nos emplacements de consignes \u00e0 bagages situ\u00e9s tout autour de cette c\u00e9l\u00e8bre place et explorer Bruxelles en toute libert\u00e9.\r\n\r\nLes sites de consignes \u00e0 bagages de LuggageHero sont des h\u00f4tels, des caf\u00e9s et des magasins <a href=\"https:\/\/luggagehero.com\/about\/certified-shops\/\">certifi\u00e9s<\/a>. Les r\u00e9servations \u00e0 l\u2019avance vous garantissent d'avoir une place pour vos bagages. Les adresses et itin\u00e9raires pour vous rendre aux emplacements de nos consignes vous sont fournis au moment de la r\u00e9servation. Tous les bagages sont prot\u00e9g\u00e9s avec nos <a href=\"https:\/\/luggagehero.com\/about\/security-seal\/\">scell\u00e9s de s\u00e9curit\u00e9<\/a>, et chaque bagage est assur\u00e9 jusqu\u2019\u00e0 [pricing insurancecoverage] une fois que vous l'avez d\u00e9pos\u00e9 et d\u00e9marr\u00e9 le minuteur de la consigne sur votre page de r\u00e9servation. Avec LuggageHero, vous disposez de plus de 20 lieux de consignes \u00e0 bagages tout autour de <a href=\"https:\/\/luggagehero.com\/brussels\/\">Bruxelles<\/a> .\r\n\r\n<img class=\"aligncenter size-large wp-image-6807\" src=\"https:\/\/luggagehero.com\/wp-content\/uploads\/2019\/05\/shutterstock_1048636844-800x450.jpg\" alt=\"\" width=\"800\" height=\"450\" \/>\r\n<h2 style=\"text-align: center;\">Grand Place<\/h2>\r\nLa Grand Place est la place centrale de la ville de Bruxelles. Elle est c\u00e9l\u00e8bre pour sa richesse historique et architecturale, et figure au Patrimoine mondial de l'UNESCO depuis 1998. De nos jours, de nombreux \u00e9v\u00e8nements festifs et culturels sont organis\u00e9s sur la Grand Place :\r\n<ul>\r\n \t<li>Le Tapis de Fleurs, qui a lieu tous les 2 ans en ao\u00fbt<\/li>\r\n \t<li>Le d\u00e9fil\u00e9 Ommegang, qui reconstitue l'entr\u00e9e de Charles V \u00e0 Bruxelles en 1549 pour y pr\u00e9senter son fils<\/li>\r\n \t<li>L'arbre de No\u00ebl<\/li>\r\n \t<li>Le march\u00e9 aux fleurs quotidien<\/li>\r\n \t<li>Et de nombreux concerts<\/li>\r\n<\/ul>\r\nLe tram provenant de la <a href=\"https:\/\/luggagehero.com\/brussels\/gare-de-bruxelles-nord\/\">gare de Bruxelles-Nord<\/a> s'arr\u00eate \u00e0 seulement 4 minutes \u00e0 pied de la Grand Place et \u00e0 seulement 400 m de la <a href=\"https:\/\/luggagehero.com\/brussels\/gare-centrale\/\">Gare Centrale<\/a>.","_links":{"self":[{"href":"https:\/\/luggagehero.com\/fr\/wp-json\/wp\/v2\/pages\/7140","targetHints":{"allow":["GET"]}}],"collection":[{"href":"https:\/\/luggagehero.com\/fr\/wp-json\/wp\/v2\/pages"}],"about":[{"href":"https:\/\/luggagehero.com\/fr\/wp-json\/wp\/v2\/types\/page"}],"author":[{"embeddable":true,"href":"https:\/\/luggagehero.com\/fr\/wp-json\/wp\/v2\/users\/9"}],"replies":[{"embeddable":true,"href":"https:\/\/luggagehero.com\/fr\/wp-json\/wp\/v2\/comments?post=7140"}],"version-history":[{"count":0,"href":"https:\/\/luggagehero.com\/fr\/wp-json\/wp\/v2\/pages\/7140\/revisions"}],"up":[{"embeddable":true,"href":"https:\/\/luggagehero.com\/fr\/wp-json\/wp\/v2\/pages\/7136"}],"wp:attachment":[{"href":"https:\/\/luggagehero.com\/fr\/wp-json\/wp\/v2\/media?parent=7140"}],"curies":[{"name":"wp","href":"https:\/\/api.w.org\/{rel}","templated":true}]}}