{"id":7141,"date":"2019-05-13T12:45:38","date_gmt":"2019-05-13T12:45:38","guid":{"rendered":"https:\/\/luggagehero.com\/bruxelles\/palais-royal\/"},"modified":"2023-08-29T13:05:17","modified_gmt":"2023-08-29T13:05:17","slug":"palais-royal","status":"publish","type":"page","link":"https:\/\/luggagehero.com\/fr\/bruxelles\/palais-royal\/","title":{"rendered":"Palais Royal"},"content":{"rendered":"<p>Vous cherchez une consigne \u00e0 bagages pr\u00e8s du Palais Royal ? Vous pouvez d\u00e9poser vos bagages dans l\u2019un de nos emplacements de consignes \u00e0 bagages situ\u00e9 tout autour du Palais de Bruxelles et explorer Bruxelles en toute libert\u00e9.<\/p>\n<p>Les sites de consignes \u00e0 bagages de LuggageHero sont des h\u00f4tels, des caf\u00e9s et des magasins<a href=\"https:\/\/luggagehero.com\/about\/certified-shops\/\">certifi\u00e9s<\/a>. Les r\u00e9servations \u00e0 l\u2019avance vous garantissent d&#8217;avoir une place pour vos bagages. Les adresses et itin\u00e9raires pour vous rendre aux emplacements de nos consignes vous sont fournis au moment de la r\u00e9servation. Tous les bagages sont prot\u00e9g\u00e9s avec nos <a href=\"https:\/\/luggagehero.com\/about\/security-seal\/\">scell\u00e9s de s\u00e9curit\u00e9<\/a>, et chaque bagage est assur\u00e9 jusqu\u2019\u00e0 <pricing-component type=\"insurancecoverage\"><\/pricing-component> une fois que vous l&#8217;avez d\u00e9pos\u00e9 et d\u00e9marr\u00e9 le minuteur de la consigne sur votre page de r\u00e9servation. Avec LuggageHero, vous disposez de plus de 20 lieux de consignes \u00e0 bagages tout autour de <a href=\"https:\/\/luggagehero.com\/brussels\/\">Bruxelles<\/a> .<\/p>\n<p><img loading=\"lazy\" decoding=\"async\" class=\"aligncenter size-large wp-image-6812\" src=\"https:\/\/luggagehero.com\/wp-content\/uploads\/2019\/05\/shutterstock_453651223-800x534.jpg\" alt=\"\" width=\"800\" height=\"534\" srcset=\"https:\/\/luggagehero.com\/wp-content\/uploads\/2019\/05\/shutterstock_453651223-800x534.jpg 800w, https:\/\/luggagehero.com\/wp-content\/uploads\/2019\/05\/shutterstock_453651223-300x200.jpg 300w, https:\/\/luggagehero.com\/wp-content\/uploads\/2019\/05\/shutterstock_453651223-600x400.jpg 600w, https:\/\/luggagehero.com\/wp-content\/uploads\/2019\/05\/shutterstock_453651223.jpg 1000w\" sizes=\"auto, (max-width: 800px) 100vw, 800px\" \/><\/p>\n<h2 style=\"text-align: center;\">Le Palais Royal<\/h2>\n<p>Le Palais Royal de Bruxelles est le palais officiel du Roi et de la Reine de Belgique. Le Palais est situ\u00e9 au c\u0153ur de Bruxelles, \u00e0 proximit\u00e9 de la Gare Centrale et de la Grand Place. Le palais n&#8217;est pas le lieu de r\u00e9sidence de la royaut\u00e9.<\/p>\n<p>Du 21 juillet \u00e0 d\u00e9but septembre, le Palais Royal de Bruxelles est ouvert au public pour une visite. Il est ouvert du mardi au dimanche, de 10h30 \u00e0 17h00.<\/p>\n","protected":false},"excerpt":{"rendered":"<p>Vous cherchez une consigne \u00e0 bagages pr\u00e8s du Palais Royal ? Vous pouvez d\u00e9poser vos bagages dans l\u2019un de nos emplacements de consignes \u00e0 bagages situ\u00e9 tout autour du Palais de Bruxelles et explorer Bruxelles en toute libert\u00e9. Les sites de consignes \u00e0 bagages de LuggageHero sont des h\u00f4tels, des caf\u00e9s et des magasinscertifi\u00e9s. Les [&hellip;]<\/p>\n","protected":false},"author":9,"featured_media":0,"parent":7136,"menu_order":0,"comment_status":"closed","ping_status":"closed","template":"template-location.php","meta":{"_acf_changed":false,"footnotes":""},"class_list":["post-7141","page","type-page","status-publish","hentry"],"acf":[],"yoast_head":"<!-- This site is optimized with the Yoast SEO Premium plugin v27.0 (Yoast SEO v27.0) - https:\/\/yoast.com\/product\/yoast-seo-premium-wordpress\/ -->\n<title>Palais Royal - LuggageHero<\/title>\n<meta name=\"robots\" content=\"index, follow, max-snippet:-1, max-image-preview:large, max-video-preview:-1\" \/>\n<link rel=\"canonical\" href=\"https:\/\/luggagehero.com\/fr\/bruxelles\/palais-royal\/\" \/>\n<meta property=\"og:locale\" content=\"fr_FR\" \/>\n<meta property=\"og:type\" content=\"article\" \/>\n<meta property=\"og:title\" content=\"Palais Royal\" \/>\n<meta property=\"og:description\" content=\"Vous cherchez une consigne \u00e0 bagages pr\u00e8s du Palais Royal ? Vous pouvez d\u00e9poser vos bagages dans l\u2019un de nos emplacements de consignes \u00e0 bagages situ\u00e9 tout autour du Palais de Bruxelles et explorer Bruxelles en toute libert\u00e9. Les sites de consignes \u00e0 bagages de LuggageHero sont des h\u00f4tels, des caf\u00e9s et des magasinscertifi\u00e9s. Les [&hellip;]\" \/>\n<meta property=\"og:url\" content=\"https:\/\/luggagehero.com\/fr\/bruxelles\/palais-royal\/\" \/>\n<meta property=\"og:site_name\" content=\"LuggageHero\" \/>\n<meta property=\"article:publisher\" content=\"https:\/\/www.facebook.com\/luggagehero\" \/>\n<meta property=\"article:modified_time\" content=\"2023-08-29T13:05:17+00:00\" \/>\n<meta property=\"og:image\" content=\"https:\/\/luggagehero.com\/wp-content\/uploads\/2019\/05\/shutterstock_453651223-800x534.jpg\" \/>\n<meta name=\"twitter:card\" content=\"summary_large_image\" \/>\n<meta name=\"twitter:site\" content=\"@luggagehero\" \/>\n<meta name=\"twitter:label1\" content=\"Est. reading time\" \/>\n\t<meta name=\"twitter:data1\" content=\"2 minutes\" \/>\n<script type=\"application\/ld+json\" class=\"yoast-schema-graph\">{\"@context\":\"https:\/\/schema.org\",\"@graph\":[{\"@type\":\"WebPage\",\"@id\":\"https:\/\/luggagehero.com\/fr\/bruxelles\/palais-royal\/\",\"url\":\"https:\/\/luggagehero.com\/fr\/bruxelles\/palais-royal\/\",\"name\":\"Palais Royal - LuggageHero\",\"isPartOf\":{\"@id\":\"https:\/\/luggagehero.com\/fr\/#website\"},\"primaryImageOfPage\":{\"@id\":\"https:\/\/luggagehero.com\/fr\/bruxelles\/palais-royal\/#primaryimage\"},\"image\":{\"@id\":\"https:\/\/luggagehero.com\/fr\/bruxelles\/palais-royal\/#primaryimage\"},\"thumbnailUrl\":\"https:\/\/luggagehero.com\/wp-content\/uploads\/2019\/05\/shutterstock_453651223-800x534.jpg\",\"datePublished\":\"2019-05-13T12:45:38+00:00\",\"dateModified\":\"2023-08-29T13:05:17+00:00\",\"breadcrumb\":{\"@id\":\"https:\/\/luggagehero.com\/fr\/bruxelles\/palais-royal\/#breadcrumb\"},\"inLanguage\":\"fr-FR\",\"potentialAction\":[{\"@type\":\"ReadAction\",\"target\":[\"https:\/\/luggagehero.com\/fr\/bruxelles\/palais-royal\/\"]}]},{\"@type\":\"ImageObject\",\"inLanguage\":\"fr-FR\",\"@id\":\"https:\/\/luggagehero.com\/fr\/bruxelles\/palais-royal\/#primaryimage\",\"url\":\"https:\/\/luggagehero.com\/wp-content\/uploads\/2019\/05\/shutterstock_453651223-800x534.jpg\",\"contentUrl\":\"https:\/\/luggagehero.com\/wp-content\/uploads\/2019\/05\/shutterstock_453651223-800x534.jpg\"},{\"@type\":\"BreadcrumbList\",\"@id\":\"https:\/\/luggagehero.com\/fr\/bruxelles\/palais-royal\/#breadcrumb\",\"itemListElement\":[{\"@type\":\"ListItem\",\"position\":1,\"name\":\"Home\",\"item\":\"https:\/\/luggagehero.com\/fr\/\"},{\"@type\":\"ListItem\",\"position\":2,\"name\":\"Bruxelles\",\"item\":\"https:\/\/luggagehero.com\/fr\/bruxelles\/\"},{\"@type\":\"ListItem\",\"position\":3,\"name\":\"Palais Royal\"}]},{\"@type\":\"WebSite\",\"@id\":\"https:\/\/luggagehero.com\/fr\/#website\",\"url\":\"https:\/\/luggagehero.com\/fr\/\",\"name\":\"LuggageHero\",\"description\":\"Free yourself from luggage\",\"publisher\":{\"@id\":\"https:\/\/luggagehero.com\/fr\/#organization\"},\"potentialAction\":[{\"@type\":\"SearchAction\",\"target\":{\"@type\":\"EntryPoint\",\"urlTemplate\":\"https:\/\/luggagehero.com\/fr\/?s={search_term_string}\"},\"query-input\":{\"@type\":\"PropertyValueSpecification\",\"valueRequired\":true,\"valueName\":\"search_term_string\"}}],\"inLanguage\":\"fr-FR\"},{\"@type\":\"Organization\",\"@id\":\"https:\/\/luggagehero.com\/fr\/#organization\",\"name\":\"LuggageHero\",\"url\":\"https:\/\/luggagehero.com\/fr\/\",\"logo\":{\"@type\":\"ImageObject\",\"inLanguage\":\"fr-FR\",\"@id\":\"https:\/\/luggagehero.com\/fr\/#\/schema\/logo\/image\/\",\"url\":\"https:\/\/luggagehero.com\/wp-content\/uploads\/2017\/04\/luggagehero_LOGO-RGB_kort_POS_200x200.png\",\"contentUrl\":\"https:\/\/luggagehero.com\/wp-content\/uploads\/2017\/04\/luggagehero_LOGO-RGB_kort_POS_200x200.png\",\"width\":200,\"height\":200,\"caption\":\"LuggageHero\"},\"image\":{\"@id\":\"https:\/\/luggagehero.com\/fr\/#\/schema\/logo\/image\/\"},\"sameAs\":[\"https:\/\/www.facebook.com\/luggagehero\",\"https:\/\/x.com\/luggagehero\",\"https:\/\/www.instagram.com\/luggagehero\",\"https:\/\/www.linkedin.com\/company\/luggagehero\/\"]}]}<\/script>\n<!-- \/ Yoast SEO Premium plugin. -->","yoast_head_json":{"title":"Palais Royal - LuggageHero","robots":{"index":"index","follow":"follow","max-snippet":"max-snippet:-1","max-image-preview":"max-image-preview:large","max-video-preview":"max-video-preview:-1"},"canonical":"https:\/\/luggagehero.com\/fr\/bruxelles\/palais-royal\/","og_locale":"fr_FR","og_type":"article","og_title":"Palais Royal","og_description":"Vous cherchez une consigne \u00e0 bagages pr\u00e8s du Palais Royal ? Vous pouvez d\u00e9poser vos bagages dans l\u2019un de nos emplacements de consignes \u00e0 bagages situ\u00e9 tout autour du Palais de Bruxelles et explorer Bruxelles en toute libert\u00e9. Les sites de consignes \u00e0 bagages de LuggageHero sont des h\u00f4tels, des caf\u00e9s et des magasinscertifi\u00e9s. Les [&hellip;]","og_url":"https:\/\/luggagehero.com\/fr\/bruxelles\/palais-royal\/","og_site_name":"LuggageHero","article_publisher":"https:\/\/www.facebook.com\/luggagehero","article_modified_time":"2023-08-29T13:05:17+00:00","og_image":[{"url":"https:\/\/luggagehero.com\/wp-content\/uploads\/2019\/05\/shutterstock_453651223-800x534.jpg","type":"","width":"","height":""}],"twitter_card":"summary_large_image","twitter_site":"@luggagehero","twitter_misc":{"Est. reading time":"2 minutes"},"schema":{"@context":"https:\/\/schema.org","@graph":[{"@type":"WebPage","@id":"https:\/\/luggagehero.com\/fr\/bruxelles\/palais-royal\/","url":"https:\/\/luggagehero.com\/fr\/bruxelles\/palais-royal\/","name":"Palais Royal - LuggageHero","isPartOf":{"@id":"https:\/\/luggagehero.com\/fr\/#website"},"primaryImageOfPage":{"@id":"https:\/\/luggagehero.com\/fr\/bruxelles\/palais-royal\/#primaryimage"},"image":{"@id":"https:\/\/luggagehero.com\/fr\/bruxelles\/palais-royal\/#primaryimage"},"thumbnailUrl":"https:\/\/luggagehero.com\/wp-content\/uploads\/2019\/05\/shutterstock_453651223-800x534.jpg","datePublished":"2019-05-13T12:45:38+00:00","dateModified":"2023-08-29T13:05:17+00:00","breadcrumb":{"@id":"https:\/\/luggagehero.com\/fr\/bruxelles\/palais-royal\/#breadcrumb"},"inLanguage":"fr-FR","potentialAction":[{"@type":"ReadAction","target":["https:\/\/luggagehero.com\/fr\/bruxelles\/palais-royal\/"]}]},{"@type":"ImageObject","inLanguage":"fr-FR","@id":"https:\/\/luggagehero.com\/fr\/bruxelles\/palais-royal\/#primaryimage","url":"https:\/\/luggagehero.com\/wp-content\/uploads\/2019\/05\/shutterstock_453651223-800x534.jpg","contentUrl":"https:\/\/luggagehero.com\/wp-content\/uploads\/2019\/05\/shutterstock_453651223-800x534.jpg"},{"@type":"BreadcrumbList","@id":"https:\/\/luggagehero.com\/fr\/bruxelles\/palais-royal\/#breadcrumb","itemListElement":[{"@type":"ListItem","position":1,"name":"Home","item":"https:\/\/luggagehero.com\/fr\/"},{"@type":"ListItem","position":2,"name":"Bruxelles","item":"https:\/\/luggagehero.com\/fr\/bruxelles\/"},{"@type":"ListItem","position":3,"name":"Palais Royal"}]},{"@type":"WebSite","@id":"https:\/\/luggagehero.com\/fr\/#website","url":"https:\/\/luggagehero.com\/fr\/","name":"LuggageHero","description":"Free yourself from luggage","publisher":{"@id":"https:\/\/luggagehero.com\/fr\/#organization"},"potentialAction":[{"@type":"SearchAction","target":{"@type":"EntryPoint","urlTemplate":"https:\/\/luggagehero.com\/fr\/?s={search_term_string}"},"query-input":{"@type":"PropertyValueSpecification","valueRequired":true,"valueName":"search_term_string"}}],"inLanguage":"fr-FR"},{"@type":"Organization","@id":"https:\/\/luggagehero.com\/fr\/#organization","name":"LuggageHero","url":"https:\/\/luggagehero.com\/fr\/","logo":{"@type":"ImageObject","inLanguage":"fr-FR","@id":"https:\/\/luggagehero.com\/fr\/#\/schema\/logo\/image\/","url":"https:\/\/luggagehero.com\/wp-content\/uploads\/2017\/04\/luggagehero_LOGO-RGB_kort_POS_200x200.png","contentUrl":"https:\/\/luggagehero.com\/wp-content\/uploads\/2017\/04\/luggagehero_LOGO-RGB_kort_POS_200x200.png","width":200,"height":200,"caption":"LuggageHero"},"image":{"@id":"https:\/\/luggagehero.com\/fr\/#\/schema\/logo\/image\/"},"sameAs":["https:\/\/www.facebook.com\/luggagehero","https:\/\/x.com\/luggagehero","https:\/\/www.instagram.com\/luggagehero","https:\/\/www.linkedin.com\/company\/luggagehero\/"]}]}},"place_id":"","place_latitude_longitude":"50.842240, 4.359820","place_name":"50.84197172136639, 4.362347111591123","criteria_title":"","criteria_description":"","meta_title":"","meta_description":"","children_criteria_title":"","children_criteria_description":"","children_meta_title":"","children_meta_description":"","_edit_last":"46","use_global_content":"","poi_type":"","content_raw":"Vous cherchez une consigne \u00e0 bagages pr\u00e8s du Palais Royal ? Vous pouvez d\u00e9poser vos bagages dans l\u2019un de nos emplacements de consignes \u00e0 bagages situ\u00e9 tout autour du Palais de Bruxelles et explorer Bruxelles en toute libert\u00e9.\r\n\r\nLes sites de consignes \u00e0 bagages de LuggageHero sont des h\u00f4tels, des caf\u00e9s et des magasins<a href=\"https:\/\/luggagehero.com\/about\/certified-shops\/\">certifi\u00e9s<\/a>. Les r\u00e9servations \u00e0 l\u2019avance vous garantissent d'avoir une place pour vos bagages. Les adresses et itin\u00e9raires pour vous rendre aux emplacements de nos consignes vous sont fournis au moment de la r\u00e9servation. Tous les bagages sont prot\u00e9g\u00e9s avec nos <a href=\"https:\/\/luggagehero.com\/about\/security-seal\/\">scell\u00e9s de s\u00e9curit\u00e9<\/a>, et chaque bagage est assur\u00e9 jusqu\u2019\u00e0 [pricing insurancecoverage] une fois que vous l'avez d\u00e9pos\u00e9 et d\u00e9marr\u00e9 le minuteur de la consigne sur votre page de r\u00e9servation. Avec LuggageHero, vous disposez de plus de 20 lieux de consignes \u00e0 bagages tout autour de <a href=\"https:\/\/luggagehero.com\/brussels\/\">Bruxelles<\/a> .\r\n\r\n<img class=\"aligncenter size-large wp-image-6812\" src=\"https:\/\/luggagehero.com\/wp-content\/uploads\/2019\/05\/shutterstock_453651223-800x534.jpg\" alt=\"\" width=\"800\" height=\"534\" \/>\r\n<h2 style=\"text-align: center;\">Le Palais Royal<\/h2>\r\nLe Palais Royal de Bruxelles est le palais officiel du Roi et de la Reine de Belgique. Le Palais est situ\u00e9 au c\u0153ur de Bruxelles, \u00e0 proximit\u00e9 de la Gare Centrale et de la Grand Place. Le palais n'est pas le lieu de r\u00e9sidence de la royaut\u00e9.\r\n\r\nDu 21 juillet \u00e0 d\u00e9but septembre, le Palais Royal de Bruxelles est ouvert au public pour une visite. Il est ouvert du mardi au dimanche, de 10h30 \u00e0 17h00.","_links":{"self":[{"href":"https:\/\/luggagehero.com\/fr\/wp-json\/wp\/v2\/pages\/7141","targetHints":{"allow":["GET"]}}],"collection":[{"href":"https:\/\/luggagehero.com\/fr\/wp-json\/wp\/v2\/pages"}],"about":[{"href":"https:\/\/luggagehero.com\/fr\/wp-json\/wp\/v2\/types\/page"}],"author":[{"embeddable":true,"href":"https:\/\/luggagehero.com\/fr\/wp-json\/wp\/v2\/users\/9"}],"replies":[{"embeddable":true,"href":"https:\/\/luggagehero.com\/fr\/wp-json\/wp\/v2\/comments?post=7141"}],"version-history":[{"count":0,"href":"https:\/\/luggagehero.com\/fr\/wp-json\/wp\/v2\/pages\/7141\/revisions"}],"up":[{"embeddable":true,"href":"https:\/\/luggagehero.com\/fr\/wp-json\/wp\/v2\/pages\/7136"}],"wp:attachment":[{"href":"https:\/\/luggagehero.com\/fr\/wp-json\/wp\/v2\/media?parent=7141"}],"curies":[{"name":"wp","href":"https:\/\/api.w.org\/{rel}","templated":true}]}}