{"id":7214,"date":"2019-05-20T08:54:52","date_gmt":"2019-05-20T08:54:52","guid":{"rendered":"https:\/\/luggagehero.com\/nice\/promenade-des-anglais\/"},"modified":"2023-08-22T13:01:14","modified_gmt":"2023-08-22T13:01:14","slug":"promenade-des-anglais","status":"publish","type":"page","link":"https:\/\/luggagehero.com\/fr\/nice\/promenade-des-anglais\/","title":{"rendered":"Promenade des Anglais"},"content":{"rendered":"<p>Vous cherchez une consigne \u00e0 bagages pr\u00e8s de la Promenade des Anglais ? Ne perdez plus de temps \u00e0 chercher &#8220;consigne gare de Nice&#8221;, &#8220;consigne bagage Nice&#8221; ou encore &#8220;consignes bagages Promenade des Anglais&#8221;. Vous pouvez d\u00e9poser vos valises dans l&#8217;un de nos points de d\u00e9p\u00f4t situ\u00e9s dans le quartier et visiter la ville de Nice sans stress.<\/p>\n<p>Les points de d\u00e9p\u00f4t LuggageHero sont des h\u00f4tels, caf\u00e9s et boutiques <a href=\"https:\/\/luggagehero.com\/about\/certified-shops\/\">certifi\u00e9s<\/a>. Les r\u00e9servations \u00e0 l&#8217;avance vous garantissent d&#8217;avoir une place pour vos bagages. L&#8217;adresse et l&#8217;itin\u00e9raire pour vous rendre dans nos \u00e9tablissements vous sont fournis au moment de la r\u00e9servation. Tous les bagages sont prot\u00e9g\u00e9s \u00e0 l&#8217;aide de nos <a href=\"https:\/\/luggagehero.com\/about\/security-seal\/\">scell\u00e9s de s\u00e9curit\u00e9<\/a> assurant chaque bagage \u00e0 hauteur de <pricing-component type=\"insurancecoverage\"><\/pricing-component> une fois que vous avez d\u00e9pos\u00e9 vos bagages et d\u00e9marr\u00e9 le minuteur de consigne sur votre page de r\u00e9servation. Avec LuggageHero, vous disposez de plus de 20 points de d\u00e9p\u00f4t autour de <a href=\"https:\/\/luggagehero.com\/nice\">Nice<\/a>.<\/p>\n<p>&nbsp;<\/p>\n<p><img loading=\"lazy\" decoding=\"async\" class=\"aligncenter size-large wp-image-7124\" src=\"https:\/\/luggagehero.com\/wp-content\/uploads\/2019\/05\/shutterstock_185425934-800x534.jpg\" alt=\"\" width=\"800\" height=\"534\" srcset=\"https:\/\/luggagehero.com\/wp-content\/uploads\/2019\/05\/shutterstock_185425934-800x534.jpg 800w, https:\/\/luggagehero.com\/wp-content\/uploads\/2019\/05\/shutterstock_185425934-300x200.jpg 300w, https:\/\/luggagehero.com\/wp-content\/uploads\/2019\/05\/shutterstock_185425934-600x400.jpg 600w, https:\/\/luggagehero.com\/wp-content\/uploads\/2019\/05\/shutterstock_185425934.jpg 1000w\" sizes=\"auto, (max-width: 800px) 100vw, 800px\" \/><\/p>\n<h2><\/h2>\n<h2 style=\"text-align: center;\">Promenade des Anglais<\/h2>\n<p>La c\u00e9l\u00e8bre Promenade des Anglais s&#8217;\u00e9tend sur 7 kilom\u00e8tres le long de la mer M\u00e9diterran\u00e9e, depuis l&#8217;a\u00e9roport de Nice jusqu&#8217;au Quai des \u00c9tats-Unis. Tout au long de la Promenade, vous trouverez une piste de 4 kilom\u00e8tres d\u00e9di\u00e9e aux cyclistes et aux amateurs de rollers ; vous trouverez de nombreuses enseignes de location de v\u00e9los ou de rollers.<\/p>\n<p>Si vous d\u00e9cidez de marcher le long de la Promenade, prenez le temps d&#8217;admirer les monuments historiques tels que l&#8217;h\u00f4tel Negresco et le Palais de la M\u00e9diterran\u00e9e de type art d\u00e9co ou encore la chaise g\u00e9ante de la sculptrice ni\u00e7oise Sabine G\u00e9raudie La Chaise de SAB, hommage aux c\u00e9l\u00e8bres chaises de plage bleues et blanches de la ville.<\/p>\n<h3><strong>Vous payez \u00e0 l\u2019heure \u2013 contrairement \u00e0 d\u2019autres services !<\/strong><\/h3>\n<p>Nous offrons un service \u00e9conomique, rapide et pratique.<\/p>\n<p>LuggageHero facture les utilisateurs pour chaque heure utilis\u00e9e uniquement 1\u20ac, contrairement \u00e0 d\u2019autres services de consignes \u00e0 bagages Nice, qui vous font payer pour la journ\u00e9e enti\u00e8re. Mais si vous souhaitez d\u00e9poser vos bagages pour la journ\u00e9e ou plus, nous vous garantissons un plafond maximal par jour au prix int\u00e9ressant de 8\u20ac.<\/p>\n<h3><strong>Nous prenons soin de vous.<\/strong><\/h3>\n<p>Votre s\u00fbret\u00e9 et s\u00e9curit\u00e9 sont notre priorit\u00e9. C\u2019est pourquoi nous avons des employ\u00e9s LuggageHero qui v\u00e9rifient et certifient toutes nos boutiques \u00e0 Nice. Nous apposons \u00e9galement un scell\u00e9 sur tous les bagages afin qu\u2019ils soient inviolables. Si vous avez besoin de parler \u00e0 quelqu\u2019un chez LuggageHero, nous sommes l\u00e0 pour vous 24h\/24, 7j\/7, \u00e0 travers notre syst\u00e8me d\u2019assistance en ligne.<\/p>\n<h3><strong><span id=\"s2_1\">T\u00e9l\u00e9chargez notre application gratuite<\/span><\/strong><\/h3>\n<p><span id=\"s2_2\">Pour encore plus de confort, vous pouvez t\u00e9l\u00e9charger notre application de stockage de sacs LuggageHero o\u00f9 vous pouvez facilement voir tous nos emplacements de consignes Nice.<\/span> <span id=\"s2_3\">Avec notre application de d\u00e9pose bagages, vous pouvez ranger vos affaires partout dans nos plus de 1000 emplacements.<\/span><\/p>\n\n<div class=\"block-app-downloader\">\n\t<ul class=\"app-images\">\n\t\t\t\t\t<li class=\"app-img\">\n\t\t\t\t<img decoding=\"async\" loading=\"lazy\" src=\"https:\/\/luggagehero.com\/wp-content\/uploads\/2020\/08\/app-1.png\" alt=\"App screenshot\">\n\t\t\t<\/li>\n\t\t\t\t\t<li class=\"app-img\">\n\t\t\t\t<img decoding=\"async\" loading=\"lazy\" src=\"https:\/\/luggagehero.com\/wp-content\/uploads\/2020\/08\/app-2.png\" alt=\"App screenshot\">\n\t\t\t<\/li>\n\t\t\t\t\t<li class=\"app-img\">\n\t\t\t\t<img decoding=\"async\" loading=\"lazy\" src=\"https:\/\/luggagehero.com\/wp-content\/uploads\/2020\/08\/app-3.png\" alt=\"App screenshot\">\n\t\t\t<\/li>\n\t\t\t\t\t<li class=\"app-img\">\n\t\t\t\t<img decoding=\"async\" loading=\"lazy\" src=\"https:\/\/luggagehero.com\/wp-content\/uploads\/2020\/08\/app-4.png\" alt=\"App screenshot\">\n\t\t\t<\/li>\n\t\t\t\t\t<li class=\"app-img\">\n\t\t\t\t<img decoding=\"async\" loading=\"lazy\" src=\"https:\/\/luggagehero.com\/wp-content\/uploads\/2020\/08\/app-5.png\" alt=\"App screenshot\">\n\t\t\t<\/li>\n\t\t\t<\/ul>\n\n\t<div class=\"apps-box\">\n\t\t<p>Utilisez LuggageHero n'importe o\u00f9 avec l'application officielle pour iPhone et Android<\/p>\n\t\t<a href=\"https:\/\/apps.apple.com\/us\/app\/luggagehero-luggage-storage\/id1481057935\" target=\"_blank\">\n\t\t\t<img decoding=\"async\" loading=\"lazy\" src=\"https:\/\/luggagehero.com\/wp-content\/uploads\/2020\/08\/badge-as.png\" alt=\"Download on the ios App Store\">\n\t\t<\/a>\n\n\t\t<a href=\"https:\/\/play.google.com\/store\/apps\/details?id=com.luggagehero.android\" target=\"_blank\">\n\t\t\t<img decoding=\"async\" loading=\"lazy\" src=\"https:\/\/luggagehero.com\/wp-content\/uploads\/2020\/08\/badge-gp.png\" alt=\"Get it on Google Play\">\n\t\t<\/a>\n\t<\/div>\n<\/div>\n<p>&nbsp;<\/p>\n","protected":false},"excerpt":{"rendered":"<p>Vous cherchez une consigne \u00e0 bagages pr\u00e8s de la Promenade des Anglais ? Ne perdez plus de temps \u00e0 chercher &#8220;consigne gare de Nice&#8221;, &#8220;consigne bagage Nice&#8221; ou encore &#8220;consignes bagages Promenade des Anglais&#8221;. Vous pouvez d\u00e9poser vos valises dans l&#8217;un de nos points de d\u00e9p\u00f4t situ\u00e9s dans le quartier et visiter la ville de [&hellip;]<\/p>\n","protected":false},"author":9,"featured_media":40483,"parent":7213,"menu_order":0,"comment_status":"closed","ping_status":"closed","template":"template-location.php","meta":{"_acf_changed":false,"footnotes":""},"class_list":["post-7214","page","type-page","status-publish","has-post-thumbnail","hentry"],"acf":[],"yoast_head":"<!-- This site is optimized with the Yoast SEO Premium plugin v27.0 (Yoast SEO v27.0) - https:\/\/yoast.com\/product\/yoast-seo-premium-wordpress\/ -->\n<title>Promenade des Anglais - LuggageHero<\/title>\n<meta name=\"robots\" content=\"index, follow, max-snippet:-1, max-image-preview:large, max-video-preview:-1\" \/>\n<link rel=\"canonical\" href=\"https:\/\/luggagehero.com\/fr\/nice\/promenade-des-anglais\/\" \/>\n<meta property=\"og:locale\" content=\"fr_FR\" \/>\n<meta property=\"og:type\" content=\"article\" \/>\n<meta property=\"og:title\" content=\"Promenade des Anglais\" \/>\n<meta property=\"og:description\" content=\"Vous cherchez une consigne \u00e0 bagages pr\u00e8s de la Promenade des Anglais ? Ne perdez plus de temps \u00e0 chercher &#8220;consigne gare de Nice&#8221;, &#8220;consigne bagage Nice&#8221; ou encore &#8220;consignes bagages Promenade des Anglais&#8221;. Vous pouvez d\u00e9poser vos valises dans l&#8217;un de nos points de d\u00e9p\u00f4t situ\u00e9s dans le quartier et visiter la ville de [&hellip;]\" \/>\n<meta property=\"og:url\" content=\"https:\/\/luggagehero.com\/fr\/nice\/promenade-des-anglais\/\" \/>\n<meta property=\"og:site_name\" content=\"LuggageHero\" \/>\n<meta property=\"article:publisher\" content=\"https:\/\/www.facebook.com\/luggagehero\" \/>\n<meta property=\"article:modified_time\" content=\"2023-08-22T13:01:14+00:00\" \/>\n<meta property=\"og:image\" content=\"https:\/\/luggagehero.com\/wp-content\/uploads\/2021\/11\/Promenade-des-Anglais.jpg\" \/>\n\t<meta property=\"og:image:width\" content=\"2411\" \/>\n\t<meta property=\"og:image:height\" content=\"1607\" \/>\n\t<meta property=\"og:image:type\" content=\"image\/jpeg\" \/>\n<meta name=\"twitter:card\" content=\"summary_large_image\" \/>\n<meta name=\"twitter:site\" content=\"@luggagehero\" \/>\n<meta name=\"twitter:label1\" content=\"Est. reading time\" \/>\n\t<meta name=\"twitter:data1\" content=\"3 minutes\" \/>\n<script type=\"application\/ld+json\" class=\"yoast-schema-graph\">{\"@context\":\"https:\/\/schema.org\",\"@graph\":[{\"@type\":\"WebPage\",\"@id\":\"https:\/\/luggagehero.com\/fr\/nice\/promenade-des-anglais\/\",\"url\":\"https:\/\/luggagehero.com\/fr\/nice\/promenade-des-anglais\/\",\"name\":\"Promenade des Anglais - LuggageHero\",\"isPartOf\":{\"@id\":\"https:\/\/luggagehero.com\/fr\/#website\"},\"primaryImageOfPage\":{\"@id\":\"https:\/\/luggagehero.com\/fr\/nice\/promenade-des-anglais\/#primaryimage\"},\"image\":{\"@id\":\"https:\/\/luggagehero.com\/fr\/nice\/promenade-des-anglais\/#primaryimage\"},\"thumbnailUrl\":\"https:\/\/luggagehero.com\/wp-content\/uploads\/2021\/11\/Promenade-des-Anglais.jpg\",\"datePublished\":\"2019-05-20T08:54:52+00:00\",\"dateModified\":\"2023-08-22T13:01:14+00:00\",\"breadcrumb\":{\"@id\":\"https:\/\/luggagehero.com\/fr\/nice\/promenade-des-anglais\/#breadcrumb\"},\"inLanguage\":\"fr-FR\",\"potentialAction\":[{\"@type\":\"ReadAction\",\"target\":[\"https:\/\/luggagehero.com\/fr\/nice\/promenade-des-anglais\/\"]}]},{\"@type\":\"ImageObject\",\"inLanguage\":\"fr-FR\",\"@id\":\"https:\/\/luggagehero.com\/fr\/nice\/promenade-des-anglais\/#primaryimage\",\"url\":\"https:\/\/luggagehero.com\/wp-content\/uploads\/2021\/11\/Promenade-des-Anglais.jpg\",\"contentUrl\":\"https:\/\/luggagehero.com\/wp-content\/uploads\/2021\/11\/Promenade-des-Anglais.jpg\",\"width\":2411,\"height\":1607},{\"@type\":\"BreadcrumbList\",\"@id\":\"https:\/\/luggagehero.com\/fr\/nice\/promenade-des-anglais\/#breadcrumb\",\"itemListElement\":[{\"@type\":\"ListItem\",\"position\":1,\"name\":\"Home\",\"item\":\"https:\/\/luggagehero.com\/fr\/\"},{\"@type\":\"ListItem\",\"position\":2,\"name\":\"Nice\",\"item\":\"https:\/\/luggagehero.com\/fr\/nice\/\"},{\"@type\":\"ListItem\",\"position\":3,\"name\":\"Promenade des Anglais\"}]},{\"@type\":\"WebSite\",\"@id\":\"https:\/\/luggagehero.com\/fr\/#website\",\"url\":\"https:\/\/luggagehero.com\/fr\/\",\"name\":\"LuggageHero\",\"description\":\"Free yourself from luggage\",\"publisher\":{\"@id\":\"https:\/\/luggagehero.com\/fr\/#organization\"},\"potentialAction\":[{\"@type\":\"SearchAction\",\"target\":{\"@type\":\"EntryPoint\",\"urlTemplate\":\"https:\/\/luggagehero.com\/fr\/?s={search_term_string}\"},\"query-input\":{\"@type\":\"PropertyValueSpecification\",\"valueRequired\":true,\"valueName\":\"search_term_string\"}}],\"inLanguage\":\"fr-FR\"},{\"@type\":\"Organization\",\"@id\":\"https:\/\/luggagehero.com\/fr\/#organization\",\"name\":\"LuggageHero\",\"url\":\"https:\/\/luggagehero.com\/fr\/\",\"logo\":{\"@type\":\"ImageObject\",\"inLanguage\":\"fr-FR\",\"@id\":\"https:\/\/luggagehero.com\/fr\/#\/schema\/logo\/image\/\",\"url\":\"https:\/\/luggagehero.com\/wp-content\/uploads\/2017\/04\/luggagehero_LOGO-RGB_kort_POS_200x200.png\",\"contentUrl\":\"https:\/\/luggagehero.com\/wp-content\/uploads\/2017\/04\/luggagehero_LOGO-RGB_kort_POS_200x200.png\",\"width\":200,\"height\":200,\"caption\":\"LuggageHero\"},\"image\":{\"@id\":\"https:\/\/luggagehero.com\/fr\/#\/schema\/logo\/image\/\"},\"sameAs\":[\"https:\/\/www.facebook.com\/luggagehero\",\"https:\/\/x.com\/luggagehero\",\"https:\/\/www.instagram.com\/luggagehero\",\"https:\/\/www.linkedin.com\/company\/luggagehero\/\"]}]}<\/script>\n<!-- \/ Yoast SEO Premium plugin. -->","yoast_head_json":{"title":"Promenade des Anglais - LuggageHero","robots":{"index":"index","follow":"follow","max-snippet":"max-snippet:-1","max-image-preview":"max-image-preview:large","max-video-preview":"max-video-preview:-1"},"canonical":"https:\/\/luggagehero.com\/fr\/nice\/promenade-des-anglais\/","og_locale":"fr_FR","og_type":"article","og_title":"Promenade des Anglais","og_description":"Vous cherchez une consigne \u00e0 bagages pr\u00e8s de la Promenade des Anglais ? Ne perdez plus de temps \u00e0 chercher &#8220;consigne gare de Nice&#8221;, &#8220;consigne bagage Nice&#8221; ou encore &#8220;consignes bagages Promenade des Anglais&#8221;. Vous pouvez d\u00e9poser vos valises dans l&#8217;un de nos points de d\u00e9p\u00f4t situ\u00e9s dans le quartier et visiter la ville de [&hellip;]","og_url":"https:\/\/luggagehero.com\/fr\/nice\/promenade-des-anglais\/","og_site_name":"LuggageHero","article_publisher":"https:\/\/www.facebook.com\/luggagehero","article_modified_time":"2023-08-22T13:01:14+00:00","og_image":[{"width":2411,"height":1607,"url":"https:\/\/luggagehero.com\/wp-content\/uploads\/2021\/11\/Promenade-des-Anglais.jpg","type":"image\/jpeg"}],"twitter_card":"summary_large_image","twitter_site":"@luggagehero","twitter_misc":{"Est. reading time":"3 minutes"},"schema":{"@context":"https:\/\/schema.org","@graph":[{"@type":"WebPage","@id":"https:\/\/luggagehero.com\/fr\/nice\/promenade-des-anglais\/","url":"https:\/\/luggagehero.com\/fr\/nice\/promenade-des-anglais\/","name":"Promenade des Anglais - LuggageHero","isPartOf":{"@id":"https:\/\/luggagehero.com\/fr\/#website"},"primaryImageOfPage":{"@id":"https:\/\/luggagehero.com\/fr\/nice\/promenade-des-anglais\/#primaryimage"},"image":{"@id":"https:\/\/luggagehero.com\/fr\/nice\/promenade-des-anglais\/#primaryimage"},"thumbnailUrl":"https:\/\/luggagehero.com\/wp-content\/uploads\/2021\/11\/Promenade-des-Anglais.jpg","datePublished":"2019-05-20T08:54:52+00:00","dateModified":"2023-08-22T13:01:14+00:00","breadcrumb":{"@id":"https:\/\/luggagehero.com\/fr\/nice\/promenade-des-anglais\/#breadcrumb"},"inLanguage":"fr-FR","potentialAction":[{"@type":"ReadAction","target":["https:\/\/luggagehero.com\/fr\/nice\/promenade-des-anglais\/"]}]},{"@type":"ImageObject","inLanguage":"fr-FR","@id":"https:\/\/luggagehero.com\/fr\/nice\/promenade-des-anglais\/#primaryimage","url":"https:\/\/luggagehero.com\/wp-content\/uploads\/2021\/11\/Promenade-des-Anglais.jpg","contentUrl":"https:\/\/luggagehero.com\/wp-content\/uploads\/2021\/11\/Promenade-des-Anglais.jpg","width":2411,"height":1607},{"@type":"BreadcrumbList","@id":"https:\/\/luggagehero.com\/fr\/nice\/promenade-des-anglais\/#breadcrumb","itemListElement":[{"@type":"ListItem","position":1,"name":"Home","item":"https:\/\/luggagehero.com\/fr\/"},{"@type":"ListItem","position":2,"name":"Nice","item":"https:\/\/luggagehero.com\/fr\/nice\/"},{"@type":"ListItem","position":3,"name":"Promenade des Anglais"}]},{"@type":"WebSite","@id":"https:\/\/luggagehero.com\/fr\/#website","url":"https:\/\/luggagehero.com\/fr\/","name":"LuggageHero","description":"Free yourself from luggage","publisher":{"@id":"https:\/\/luggagehero.com\/fr\/#organization"},"potentialAction":[{"@type":"SearchAction","target":{"@type":"EntryPoint","urlTemplate":"https:\/\/luggagehero.com\/fr\/?s={search_term_string}"},"query-input":{"@type":"PropertyValueSpecification","valueRequired":true,"valueName":"search_term_string"}}],"inLanguage":"fr-FR"},{"@type":"Organization","@id":"https:\/\/luggagehero.com\/fr\/#organization","name":"LuggageHero","url":"https:\/\/luggagehero.com\/fr\/","logo":{"@type":"ImageObject","inLanguage":"fr-FR","@id":"https:\/\/luggagehero.com\/fr\/#\/schema\/logo\/image\/","url":"https:\/\/luggagehero.com\/wp-content\/uploads\/2017\/04\/luggagehero_LOGO-RGB_kort_POS_200x200.png","contentUrl":"https:\/\/luggagehero.com\/wp-content\/uploads\/2017\/04\/luggagehero_LOGO-RGB_kort_POS_200x200.png","width":200,"height":200,"caption":"LuggageHero"},"image":{"@id":"https:\/\/luggagehero.com\/fr\/#\/schema\/logo\/image\/"},"sameAs":["https:\/\/www.facebook.com\/luggagehero","https:\/\/x.com\/luggagehero","https:\/\/www.instagram.com\/luggagehero","https:\/\/www.linkedin.com\/company\/luggagehero\/"]}]}},"place_id":"","place_latitude_longitude":"43.6937,7.2551","place_name":"Promenade des Anglais","criteria_title":"","criteria_description":"","meta_title":"","meta_description":"","children_criteria_title":"","children_criteria_description":"","children_meta_title":"","children_meta_description":"","_edit_last":"46","use_global_content":"","poi_type":"","content_raw":"Vous cherchez une consigne \u00e0 bagages pr\u00e8s de la Promenade des Anglais ? Ne perdez plus de temps \u00e0 chercher \"consigne gare de Nice\", \"consigne bagage Nice\" ou encore \"consignes bagages Promenade des Anglais\". Vous pouvez d\u00e9poser vos valises dans l'un de nos points de d\u00e9p\u00f4t situ\u00e9s dans le quartier et visiter la ville de Nice sans stress.\r\n\r\nLes points de d\u00e9p\u00f4t LuggageHero sont des h\u00f4tels, caf\u00e9s et boutiques <a href=\"https:\/\/luggagehero.com\/about\/certified-shops\/\">certifi\u00e9s<\/a>. Les r\u00e9servations \u00e0 l'avance vous garantissent d'avoir une place pour vos bagages. L'adresse et l'itin\u00e9raire pour vous rendre dans nos \u00e9tablissements vous sont fournis au moment de la r\u00e9servation. Tous les bagages sont prot\u00e9g\u00e9s \u00e0 l'aide de nos <a href=\"https:\/\/luggagehero.com\/about\/security-seal\/\">scell\u00e9s de s\u00e9curit\u00e9<\/a> assurant chaque bagage \u00e0 hauteur de [pricing insurancecoverage] une fois que vous avez d\u00e9pos\u00e9 vos bagages et d\u00e9marr\u00e9 le minuteur de consigne sur votre page de r\u00e9servation. Avec LuggageHero, vous disposez de plus de 20 points de d\u00e9p\u00f4t autour de <a href=\"https:\/\/luggagehero.com\/nice\">Nice<\/a>.\r\n\r\n&nbsp;\r\n\r\n<img class=\"aligncenter size-large wp-image-7124\" src=\"https:\/\/luggagehero.com\/wp-content\/uploads\/2019\/05\/shutterstock_185425934-800x534.jpg\" alt=\"\" width=\"800\" height=\"534\" \/>\r\n<h2><\/h2>\r\n<h2 style=\"text-align: center;\">Promenade des Anglais<\/h2>\r\nLa c\u00e9l\u00e8bre Promenade des Anglais s'\u00e9tend sur 7 kilom\u00e8tres le long de la mer M\u00e9diterran\u00e9e, depuis l'a\u00e9roport de Nice jusqu'au Quai des \u00c9tats-Unis. Tout au long de la Promenade, vous trouverez une piste de 4 kilom\u00e8tres d\u00e9di\u00e9e aux cyclistes et aux amateurs de rollers ; vous trouverez de nombreuses enseignes de location de v\u00e9los ou de rollers.\r\n\r\nSi vous d\u00e9cidez de marcher le long de la Promenade, prenez le temps d'admirer les monuments historiques tels que l'h\u00f4tel Negresco et le Palais de la M\u00e9diterran\u00e9e de type art d\u00e9co ou encore la chaise g\u00e9ante de la sculptrice ni\u00e7oise Sabine G\u00e9raudie La Chaise de SAB, hommage aux c\u00e9l\u00e8bres chaises de plage bleues et blanches de la ville.\r\n<h3><strong>Vous payez \u00e0 l\u2019heure \u2013 contrairement \u00e0 d\u2019autres services !<\/strong><\/h3>\r\nNous offrons un service \u00e9conomique, rapide et pratique.\r\n\r\nLuggageHero facture les utilisateurs pour chaque heure utilis\u00e9e uniquement 1\u20ac, contrairement \u00e0 d\u2019autres services de consignes \u00e0 bagages Nice, qui vous font payer pour la journ\u00e9e enti\u00e8re. Mais si vous souhaitez d\u00e9poser vos bagages pour la journ\u00e9e ou plus, nous vous garantissons un plafond maximal par jour au prix int\u00e9ressant de 8\u20ac.\r\n<h3><strong>Nous prenons soin de vous.<\/strong><\/h3>\r\nVotre s\u00fbret\u00e9 et s\u00e9curit\u00e9 sont notre priorit\u00e9. C\u2019est pourquoi nous avons des employ\u00e9s LuggageHero qui v\u00e9rifient et certifient toutes nos boutiques \u00e0 Nice. Nous apposons \u00e9galement un scell\u00e9 sur tous les bagages afin qu\u2019ils soient inviolables. Si vous avez besoin de parler \u00e0 quelqu\u2019un chez LuggageHero, nous sommes l\u00e0 pour vous 24h\/24, 7j\/7, \u00e0 travers notre syst\u00e8me d\u2019assistance en ligne.\r\n<h3><strong><span id=\"s2_1\">T\u00e9l\u00e9chargez notre application gratuite<\/span><\/strong><\/h3>\r\n<span id=\"s2_2\">Pour encore plus de confort, vous pouvez t\u00e9l\u00e9charger notre application de stockage de sacs LuggageHero o\u00f9 vous pouvez facilement voir tous nos emplacements de consignes Nice.<\/span> <span id=\"s2_3\">Avec notre application de d\u00e9pose bagages, vous pouvez ranger vos affaires partout dans nos plus de 1000 emplacements.<\/span>\r\n\r\n[appdownloader]\r\n\r\n&nbsp;","_links":{"self":[{"href":"https:\/\/luggagehero.com\/fr\/wp-json\/wp\/v2\/pages\/7214","targetHints":{"allow":["GET"]}}],"collection":[{"href":"https:\/\/luggagehero.com\/fr\/wp-json\/wp\/v2\/pages"}],"about":[{"href":"https:\/\/luggagehero.com\/fr\/wp-json\/wp\/v2\/types\/page"}],"author":[{"embeddable":true,"href":"https:\/\/luggagehero.com\/fr\/wp-json\/wp\/v2\/users\/9"}],"replies":[{"embeddable":true,"href":"https:\/\/luggagehero.com\/fr\/wp-json\/wp\/v2\/comments?post=7214"}],"version-history":[{"count":0,"href":"https:\/\/luggagehero.com\/fr\/wp-json\/wp\/v2\/pages\/7214\/revisions"}],"up":[{"embeddable":true,"href":"https:\/\/luggagehero.com\/fr\/wp-json\/wp\/v2\/pages\/7213"}],"wp:featuredmedia":[{"embeddable":true,"href":"https:\/\/luggagehero.com\/fr\/wp-json\/wp\/v2\/media\/40483"}],"wp:attachment":[{"href":"https:\/\/luggagehero.com\/fr\/wp-json\/wp\/v2\/media?parent=7214"}],"curies":[{"name":"wp","href":"https:\/\/api.w.org\/{rel}","templated":true}]}}