{"id":7215,"date":"2019-05-20T08:54:55","date_gmt":"2019-05-20T08:54:55","guid":{"rendered":"https:\/\/luggagehero.com\/nice\/etats-unis\/"},"modified":"2023-09-04T09:01:12","modified_gmt":"2023-09-04T09:01:12","slug":"etats-unis","status":"publish","type":"page","link":"https:\/\/luggagehero.com\/fr\/nice\/etats-unis\/","title":{"rendered":"Quai des \u00c9tats-Unis"},"content":{"rendered":"<p>Vous cherchez une consigne \u00e0 bagages pr\u00e8s du Quai des \u00c9tats-Unis ? Vous pouvez d\u00e9poser vos valises dans l&#8217;un de nos points de d\u00e9p\u00f4t situ\u00e9s dans le quartier et visiter la ville de Nice sans stress.<\/p>\n<p>Les points de d\u00e9p\u00f4t LuggageHero sont des h\u00f4tels, caf\u00e9s et boutiques <a href=\"https:\/\/luggagehero.com\/about\/certified-shops\/\">certifi\u00e9s<\/a>. Les r\u00e9servations \u00e0 l&#8217;avance vous garantissent d&#8217;avoir une place pour vos bagages. L&#8217;adresse et l&#8217;itin\u00e9raire pour vous rendre dans nos \u00e9tablissements vous sont fournis au moment de la r\u00e9servation. Tous les bagages sont prot\u00e9g\u00e9s \u00e0 l&#8217;aide de nos <a href=\"https:\/\/luggagehero.com\/about\/security-seal\/\">scell\u00e9s de s\u00e9curit\u00e9<\/a> assurant chaque bagage \u00e0 hauteur de <pricing-component type=\"insurancecoverage\"><\/pricing-component> une fois que vous avez d\u00e9pos\u00e9 vos bagages et d\u00e9marr\u00e9 le minuteur de consigne sur votre page de r\u00e9servation. Avec LuggageHero, vous disposez de plus de 20 points de d\u00e9p\u00f4t autour de <a href=\"https:\/\/luggagehero.com\/nice\">Nice<\/a>.<\/p>\n<p>&nbsp;<\/p>\n<p><img loading=\"lazy\" decoding=\"async\" class=\"aligncenter size-large wp-image-7108\" src=\"https:\/\/luggagehero.com\/wp-content\/uploads\/2019\/05\/shutterstock_1358175320-800x534.jpg\" alt=\"\" width=\"800\" height=\"534\" srcset=\"https:\/\/luggagehero.com\/wp-content\/uploads\/2019\/05\/shutterstock_1358175320-800x534.jpg 800w, https:\/\/luggagehero.com\/wp-content\/uploads\/2019\/05\/shutterstock_1358175320-300x200.jpg 300w, https:\/\/luggagehero.com\/wp-content\/uploads\/2019\/05\/shutterstock_1358175320-600x400.jpg 600w, https:\/\/luggagehero.com\/wp-content\/uploads\/2019\/05\/shutterstock_1358175320.jpg 1000w\" sizes=\"auto, (max-width: 800px) 100vw, 800px\" \/><\/p>\n<h2><\/h2>\n<h2 style=\"text-align: center;\">\u00c9tats-Unis<\/h2>\n<p>Situ\u00e9 entre la Promenade des Anglais et le Quai Rauba, le Quai des \u00c9tats-Unis a un profil tr\u00e8s similaire \u00e0 la c\u00e9l\u00e8bre Promenade des Anglais. Cette art\u00e8re donne acc\u00e8s aux plages de la partie est de Nice. Tout comme la Promenade, elle est bord\u00e9e de palmiers, de chaises longues bleues et de pistes cyclables.<\/p>\n<p>Le Quai des \u00c9tats-Unis est parall\u00e8le au Cours Saleya, la zone pi\u00e9tonne principale du Vieux Nice. Il se situe \u00e0 proximit\u00e9 directe de l&#8217;op\u00e9ra de Nice, de la galerie des Ponchettes, de la colline du ch\u00e2teau et du riche patrimoine historique du Vieux Nice.<\/p>\n<p>&nbsp;<\/p>\n","protected":false},"excerpt":{"rendered":"<p>Vous cherchez une consigne \u00e0 bagages pr\u00e8s du Quai des \u00c9tats-Unis ? Vous pouvez d\u00e9poser vos valises dans l&#8217;un de nos points de d\u00e9p\u00f4t situ\u00e9s dans le quartier et visiter la ville de Nice sans stress. Les points de d\u00e9p\u00f4t LuggageHero sont des h\u00f4tels, caf\u00e9s et boutiques certifi\u00e9s. Les r\u00e9servations \u00e0 l&#8217;avance vous garantissent d&#8217;avoir [&hellip;]<\/p>\n","protected":false},"author":9,"featured_media":0,"parent":7213,"menu_order":0,"comment_status":"closed","ping_status":"closed","template":"template-location.php","meta":{"_acf_changed":false,"footnotes":""},"class_list":["post-7215","page","type-page","status-publish","hentry"],"acf":[],"yoast_head":"<!-- This site is optimized with the Yoast SEO Premium plugin v27.0 (Yoast SEO v27.0) - https:\/\/yoast.com\/product\/yoast-seo-premium-wordpress\/ -->\n<title>Quai des \u00c9tats-Unis - LuggageHero<\/title>\n<meta name=\"robots\" content=\"index, follow, max-snippet:-1, max-image-preview:large, max-video-preview:-1\" \/>\n<link rel=\"canonical\" href=\"https:\/\/luggagehero.com\/fr\/nice\/etats-unis\/\" \/>\n<meta property=\"og:locale\" content=\"fr_FR\" \/>\n<meta property=\"og:type\" content=\"article\" \/>\n<meta property=\"og:title\" content=\"Quai des \u00c9tats-Unis\" \/>\n<meta property=\"og:description\" content=\"Vous cherchez une consigne \u00e0 bagages pr\u00e8s du Quai des \u00c9tats-Unis ? Vous pouvez d\u00e9poser vos valises dans l&#8217;un de nos points de d\u00e9p\u00f4t situ\u00e9s dans le quartier et visiter la ville de Nice sans stress. Les points de d\u00e9p\u00f4t LuggageHero sont des h\u00f4tels, caf\u00e9s et boutiques certifi\u00e9s. Les r\u00e9servations \u00e0 l&#8217;avance vous garantissent d&#8217;avoir [&hellip;]\" \/>\n<meta property=\"og:url\" content=\"https:\/\/luggagehero.com\/fr\/nice\/etats-unis\/\" \/>\n<meta property=\"og:site_name\" content=\"LuggageHero\" \/>\n<meta property=\"article:publisher\" content=\"https:\/\/www.facebook.com\/luggagehero\" \/>\n<meta property=\"article:modified_time\" content=\"2023-09-04T09:01:12+00:00\" \/>\n<meta property=\"og:image\" content=\"https:\/\/luggagehero.com\/wp-content\/uploads\/2019\/05\/shutterstock_1358175320-800x534.jpg\" \/>\n<meta name=\"twitter:card\" content=\"summary_large_image\" \/>\n<meta name=\"twitter:site\" content=\"@luggagehero\" \/>\n<meta name=\"twitter:label1\" content=\"Est. reading time\" \/>\n\t<meta name=\"twitter:data1\" content=\"2 minutes\" \/>\n<script type=\"application\/ld+json\" class=\"yoast-schema-graph\">{\"@context\":\"https:\/\/schema.org\",\"@graph\":[{\"@type\":\"WebPage\",\"@id\":\"https:\/\/luggagehero.com\/fr\/nice\/etats-unis\/\",\"url\":\"https:\/\/luggagehero.com\/fr\/nice\/etats-unis\/\",\"name\":\"Quai des \u00c9tats-Unis - LuggageHero\",\"isPartOf\":{\"@id\":\"https:\/\/luggagehero.com\/fr\/#website\"},\"primaryImageOfPage\":{\"@id\":\"https:\/\/luggagehero.com\/fr\/nice\/etats-unis\/#primaryimage\"},\"image\":{\"@id\":\"https:\/\/luggagehero.com\/fr\/nice\/etats-unis\/#primaryimage\"},\"thumbnailUrl\":\"https:\/\/luggagehero.com\/wp-content\/uploads\/2019\/05\/shutterstock_1358175320-800x534.jpg\",\"datePublished\":\"2019-05-20T08:54:55+00:00\",\"dateModified\":\"2023-09-04T09:01:12+00:00\",\"breadcrumb\":{\"@id\":\"https:\/\/luggagehero.com\/fr\/nice\/etats-unis\/#breadcrumb\"},\"inLanguage\":\"fr-FR\",\"potentialAction\":[{\"@type\":\"ReadAction\",\"target\":[\"https:\/\/luggagehero.com\/fr\/nice\/etats-unis\/\"]}]},{\"@type\":\"ImageObject\",\"inLanguage\":\"fr-FR\",\"@id\":\"https:\/\/luggagehero.com\/fr\/nice\/etats-unis\/#primaryimage\",\"url\":\"https:\/\/luggagehero.com\/wp-content\/uploads\/2019\/05\/shutterstock_1358175320-800x534.jpg\",\"contentUrl\":\"https:\/\/luggagehero.com\/wp-content\/uploads\/2019\/05\/shutterstock_1358175320-800x534.jpg\"},{\"@type\":\"BreadcrumbList\",\"@id\":\"https:\/\/luggagehero.com\/fr\/nice\/etats-unis\/#breadcrumb\",\"itemListElement\":[{\"@type\":\"ListItem\",\"position\":1,\"name\":\"Home\",\"item\":\"https:\/\/luggagehero.com\/fr\/\"},{\"@type\":\"ListItem\",\"position\":2,\"name\":\"Nice\",\"item\":\"https:\/\/luggagehero.com\/fr\/nice\/\"},{\"@type\":\"ListItem\",\"position\":3,\"name\":\"Quai des \u00c9tats-Unis\"}]},{\"@type\":\"WebSite\",\"@id\":\"https:\/\/luggagehero.com\/fr\/#website\",\"url\":\"https:\/\/luggagehero.com\/fr\/\",\"name\":\"LuggageHero\",\"description\":\"Free yourself from luggage\",\"publisher\":{\"@id\":\"https:\/\/luggagehero.com\/fr\/#organization\"},\"potentialAction\":[{\"@type\":\"SearchAction\",\"target\":{\"@type\":\"EntryPoint\",\"urlTemplate\":\"https:\/\/luggagehero.com\/fr\/?s={search_term_string}\"},\"query-input\":{\"@type\":\"PropertyValueSpecification\",\"valueRequired\":true,\"valueName\":\"search_term_string\"}}],\"inLanguage\":\"fr-FR\"},{\"@type\":\"Organization\",\"@id\":\"https:\/\/luggagehero.com\/fr\/#organization\",\"name\":\"LuggageHero\",\"url\":\"https:\/\/luggagehero.com\/fr\/\",\"logo\":{\"@type\":\"ImageObject\",\"inLanguage\":\"fr-FR\",\"@id\":\"https:\/\/luggagehero.com\/fr\/#\/schema\/logo\/image\/\",\"url\":\"https:\/\/luggagehero.com\/wp-content\/uploads\/2017\/04\/luggagehero_LOGO-RGB_kort_POS_200x200.png\",\"contentUrl\":\"https:\/\/luggagehero.com\/wp-content\/uploads\/2017\/04\/luggagehero_LOGO-RGB_kort_POS_200x200.png\",\"width\":200,\"height\":200,\"caption\":\"LuggageHero\"},\"image\":{\"@id\":\"https:\/\/luggagehero.com\/fr\/#\/schema\/logo\/image\/\"},\"sameAs\":[\"https:\/\/www.facebook.com\/luggagehero\",\"https:\/\/x.com\/luggagehero\",\"https:\/\/www.instagram.com\/luggagehero\",\"https:\/\/www.linkedin.com\/company\/luggagehero\/\"]}]}<\/script>\n<!-- \/ Yoast SEO Premium plugin. -->","yoast_head_json":{"title":"Quai des \u00c9tats-Unis - LuggageHero","robots":{"index":"index","follow":"follow","max-snippet":"max-snippet:-1","max-image-preview":"max-image-preview:large","max-video-preview":"max-video-preview:-1"},"canonical":"https:\/\/luggagehero.com\/fr\/nice\/etats-unis\/","og_locale":"fr_FR","og_type":"article","og_title":"Quai des \u00c9tats-Unis","og_description":"Vous cherchez une consigne \u00e0 bagages pr\u00e8s du Quai des \u00c9tats-Unis ? Vous pouvez d\u00e9poser vos valises dans l&#8217;un de nos points de d\u00e9p\u00f4t situ\u00e9s dans le quartier et visiter la ville de Nice sans stress. Les points de d\u00e9p\u00f4t LuggageHero sont des h\u00f4tels, caf\u00e9s et boutiques certifi\u00e9s. Les r\u00e9servations \u00e0 l&#8217;avance vous garantissent d&#8217;avoir [&hellip;]","og_url":"https:\/\/luggagehero.com\/fr\/nice\/etats-unis\/","og_site_name":"LuggageHero","article_publisher":"https:\/\/www.facebook.com\/luggagehero","article_modified_time":"2023-09-04T09:01:12+00:00","og_image":[{"url":"https:\/\/luggagehero.com\/wp-content\/uploads\/2019\/05\/shutterstock_1358175320-800x534.jpg","type":"","width":"","height":""}],"twitter_card":"summary_large_image","twitter_site":"@luggagehero","twitter_misc":{"Est. reading time":"2 minutes"},"schema":{"@context":"https:\/\/schema.org","@graph":[{"@type":"WebPage","@id":"https:\/\/luggagehero.com\/fr\/nice\/etats-unis\/","url":"https:\/\/luggagehero.com\/fr\/nice\/etats-unis\/","name":"Quai des \u00c9tats-Unis - LuggageHero","isPartOf":{"@id":"https:\/\/luggagehero.com\/fr\/#website"},"primaryImageOfPage":{"@id":"https:\/\/luggagehero.com\/fr\/nice\/etats-unis\/#primaryimage"},"image":{"@id":"https:\/\/luggagehero.com\/fr\/nice\/etats-unis\/#primaryimage"},"thumbnailUrl":"https:\/\/luggagehero.com\/wp-content\/uploads\/2019\/05\/shutterstock_1358175320-800x534.jpg","datePublished":"2019-05-20T08:54:55+00:00","dateModified":"2023-09-04T09:01:12+00:00","breadcrumb":{"@id":"https:\/\/luggagehero.com\/fr\/nice\/etats-unis\/#breadcrumb"},"inLanguage":"fr-FR","potentialAction":[{"@type":"ReadAction","target":["https:\/\/luggagehero.com\/fr\/nice\/etats-unis\/"]}]},{"@type":"ImageObject","inLanguage":"fr-FR","@id":"https:\/\/luggagehero.com\/fr\/nice\/etats-unis\/#primaryimage","url":"https:\/\/luggagehero.com\/wp-content\/uploads\/2019\/05\/shutterstock_1358175320-800x534.jpg","contentUrl":"https:\/\/luggagehero.com\/wp-content\/uploads\/2019\/05\/shutterstock_1358175320-800x534.jpg"},{"@type":"BreadcrumbList","@id":"https:\/\/luggagehero.com\/fr\/nice\/etats-unis\/#breadcrumb","itemListElement":[{"@type":"ListItem","position":1,"name":"Home","item":"https:\/\/luggagehero.com\/fr\/"},{"@type":"ListItem","position":2,"name":"Nice","item":"https:\/\/luggagehero.com\/fr\/nice\/"},{"@type":"ListItem","position":3,"name":"Quai des \u00c9tats-Unis"}]},{"@type":"WebSite","@id":"https:\/\/luggagehero.com\/fr\/#website","url":"https:\/\/luggagehero.com\/fr\/","name":"LuggageHero","description":"Free yourself from luggage","publisher":{"@id":"https:\/\/luggagehero.com\/fr\/#organization"},"potentialAction":[{"@type":"SearchAction","target":{"@type":"EntryPoint","urlTemplate":"https:\/\/luggagehero.com\/fr\/?s={search_term_string}"},"query-input":{"@type":"PropertyValueSpecification","valueRequired":true,"valueName":"search_term_string"}}],"inLanguage":"fr-FR"},{"@type":"Organization","@id":"https:\/\/luggagehero.com\/fr\/#organization","name":"LuggageHero","url":"https:\/\/luggagehero.com\/fr\/","logo":{"@type":"ImageObject","inLanguage":"fr-FR","@id":"https:\/\/luggagehero.com\/fr\/#\/schema\/logo\/image\/","url":"https:\/\/luggagehero.com\/wp-content\/uploads\/2017\/04\/luggagehero_LOGO-RGB_kort_POS_200x200.png","contentUrl":"https:\/\/luggagehero.com\/wp-content\/uploads\/2017\/04\/luggagehero_LOGO-RGB_kort_POS_200x200.png","width":200,"height":200,"caption":"LuggageHero"},"image":{"@id":"https:\/\/luggagehero.com\/fr\/#\/schema\/logo\/image\/"},"sameAs":["https:\/\/www.facebook.com\/luggagehero","https:\/\/x.com\/luggagehero","https:\/\/www.instagram.com\/luggagehero","https:\/\/www.linkedin.com\/company\/luggagehero\/"]}]}},"place_id":"","place_latitude_longitude":"43.69514674038203, 7.274023871064642","place_name":"Quai des \u00c9tats-Unis","criteria_title":"","criteria_description":"","meta_title":"","meta_description":"","children_criteria_title":"","children_criteria_description":"","children_meta_title":"","children_meta_description":"","_edit_last":"9","use_global_content":"","poi_type":"","content_raw":"Vous cherchez une consigne \u00e0 bagages pr\u00e8s du Quai des \u00c9tats-Unis ? Vous pouvez d\u00e9poser vos valises dans l'un de nos points de d\u00e9p\u00f4t situ\u00e9s dans le quartier et visiter la ville de Nice sans stress.\r\n\r\nLes points de d\u00e9p\u00f4t LuggageHero sont des h\u00f4tels, caf\u00e9s et boutiques <a href=\"https:\/\/luggagehero.com\/about\/certified-shops\/\">certifi\u00e9s<\/a>. Les r\u00e9servations \u00e0 l'avance vous garantissent d'avoir une place pour vos bagages. L'adresse et l'itin\u00e9raire pour vous rendre dans nos \u00e9tablissements vous sont fournis au moment de la r\u00e9servation. Tous les bagages sont prot\u00e9g\u00e9s \u00e0 l'aide de nos <a href=\"https:\/\/luggagehero.com\/about\/security-seal\/\">scell\u00e9s de s\u00e9curit\u00e9<\/a> assurant chaque bagage \u00e0 hauteur de [pricing insurancecoverage] une fois que vous avez d\u00e9pos\u00e9 vos bagages et d\u00e9marr\u00e9 le minuteur de consigne sur votre page de r\u00e9servation. Avec LuggageHero, vous disposez de plus de 20 points de d\u00e9p\u00f4t autour de <a href=\"https:\/\/luggagehero.com\/nice\">Nice<\/a>.\r\n\r\n&nbsp;\r\n\r\n<img class=\"aligncenter size-large wp-image-7108\" src=\"https:\/\/luggagehero.com\/wp-content\/uploads\/2019\/05\/shutterstock_1358175320-800x534.jpg\" alt=\"\" width=\"800\" height=\"534\" \/>\r\n<h2><\/h2>\r\n<h2 style=\"text-align: center;\">\u00c9tats-Unis<\/h2>\r\nSitu\u00e9 entre la Promenade des Anglais et le Quai Rauba, le Quai des \u00c9tats-Unis a un profil tr\u00e8s similaire \u00e0 la c\u00e9l\u00e8bre Promenade des Anglais. Cette art\u00e8re donne acc\u00e8s aux plages de la partie est de Nice. Tout comme la Promenade, elle est bord\u00e9e de palmiers, de chaises longues bleues et de pistes cyclables.\r\n\r\nLe Quai des \u00c9tats-Unis est parall\u00e8le au Cours Saleya, la zone pi\u00e9tonne principale du Vieux Nice. Il se situe \u00e0 proximit\u00e9 directe de l'op\u00e9ra de Nice, de la galerie des Ponchettes, de la colline du ch\u00e2teau et du riche patrimoine historique du Vieux Nice.\r\n\r\n&nbsp;","_links":{"self":[{"href":"https:\/\/luggagehero.com\/fr\/wp-json\/wp\/v2\/pages\/7215","targetHints":{"allow":["GET"]}}],"collection":[{"href":"https:\/\/luggagehero.com\/fr\/wp-json\/wp\/v2\/pages"}],"about":[{"href":"https:\/\/luggagehero.com\/fr\/wp-json\/wp\/v2\/types\/page"}],"author":[{"embeddable":true,"href":"https:\/\/luggagehero.com\/fr\/wp-json\/wp\/v2\/users\/9"}],"replies":[{"embeddable":true,"href":"https:\/\/luggagehero.com\/fr\/wp-json\/wp\/v2\/comments?post=7215"}],"version-history":[{"count":0,"href":"https:\/\/luggagehero.com\/fr\/wp-json\/wp\/v2\/pages\/7215\/revisions"}],"up":[{"embeddable":true,"href":"https:\/\/luggagehero.com\/fr\/wp-json\/wp\/v2\/pages\/7213"}],"wp:attachment":[{"href":"https:\/\/luggagehero.com\/fr\/wp-json\/wp\/v2\/media?parent=7215"}],"curies":[{"name":"wp","href":"https:\/\/api.w.org\/{rel}","templated":true}]}}