{"id":7218,"date":"2019-05-20T08:55:05","date_gmt":"2019-05-20T08:55:05","guid":{"rendered":"https:\/\/luggagehero.com\/nice\/vieille-ville\/"},"modified":"2023-09-04T09:01:38","modified_gmt":"2023-09-04T09:01:38","slug":"vieille-ville","status":"publish","type":"page","link":"https:\/\/luggagehero.com\/fr\/nice\/vieille-ville\/","title":{"rendered":"Vieille Ville"},"content":{"rendered":"<p>Vous cherchez une consigne \u00e0 bagages pr\u00e8s de la Vieille Ville ? Vous pouvez d\u00e9poser vos valises dans l&#8217;un de nos points de d\u00e9p\u00f4t situ\u00e9s dans le quartier et visiter la ville de Nice sans stress.<\/p>\n<p>Les points de d\u00e9p\u00f4t LuggageHero sont des h\u00f4tels, caf\u00e9s et boutiques <a href=\"https:\/\/luggagehero.com\/about\/certified-shops\/\">certifi\u00e9s<\/a>. Les r\u00e9servations \u00e0 l\u2019avance vous garantissent d&#8217;avoir une place pour vos bagages. L&#8217;adresse et l&#8217;itin\u00e9raire pour vous rendre dans nos \u00e9tablissements vous sont fournis au moment de la r\u00e9servation. Tous les bagages sont prot\u00e9g\u00e9s \u00e0 l\u2019aide de nos <a href=\"https:\/\/luggagehero.com\/about\/security-seal\/\">scell\u00e9s de s\u00e9curit\u00e9<\/a> assurant chaque bagage \u00e0 hauteur de <pricing-component type=\"insurancecoverage\"><\/pricing-component> une fois que vous avez d\u00e9pos\u00e9 vos bagages et d\u00e9marr\u00e9 le minuteur de consigne sur votre page de r\u00e9servation. Avec LuggageHero, vous disposez de plus de 20 points de d\u00e9p\u00f4t autour de <a href=\"https:\/\/luggagehero.com\/nice\">Nice<\/a>.<\/p>\n<p>&nbsp;<\/p>\n<p><img loading=\"lazy\" decoding=\"async\" class=\"aligncenter size-large wp-image-7129\" src=\"https:\/\/luggagehero.com\/wp-content\/uploads\/2019\/05\/shutterstock_134864882-800x534.jpg\" alt=\"\" width=\"800\" height=\"534\" srcset=\"https:\/\/luggagehero.com\/wp-content\/uploads\/2019\/05\/shutterstock_134864882-800x534.jpg 800w, https:\/\/luggagehero.com\/wp-content\/uploads\/2019\/05\/shutterstock_134864882-300x200.jpg 300w, https:\/\/luggagehero.com\/wp-content\/uploads\/2019\/05\/shutterstock_134864882-600x400.jpg 600w, https:\/\/luggagehero.com\/wp-content\/uploads\/2019\/05\/shutterstock_134864882.jpg 1000w\" sizes=\"auto, (max-width: 800px) 100vw, 800px\" \/><\/p>\n<h2><\/h2>\n<h2 style=\"text-align: center;\">Vieille Ville<\/h2>\n<p>\u00c9galement appel\u00e9e le Vieux Nice, la vieille ville est un charmant quartier o\u00f9 vous pourrez d\u00e9couvrir l&#8217;histoire de Nice. Parcourez les \u00e9troites ruelles pav\u00e9es et admirez des b\u00e2timents aux couleurs pastel abritant boutiques de savons et de textiles proven\u00e7aux, ou encore boucheries et fromageries. Dans la rue pi\u00e9tonne principale, le Cours Saleya, vous trouverez un march\u00e9 quotidien o\u00f9 acheter fleurs, fruits et l\u00e9gumes et autres produits r\u00e9gionaux. Une visite du march\u00e9 de la Vieille Ville est incontournable !<\/p>\n<p>Vous ne serez pas \u00e9tonn\u00e9(e) d&#8217;apprendre que la Vieille Ville abrite certaines des meilleures tables de Nice, offrant un large choix de sp\u00e9cialit\u00e9s fran\u00e7aises et ni\u00e7oises ou encore de grands classiques de la cuisine internationale.<\/p>\n<p>&nbsp;<\/p>\n","protected":false},"excerpt":{"rendered":"<p>Vous cherchez une consigne \u00e0 bagages pr\u00e8s de la Vieille Ville ? Vous pouvez d\u00e9poser vos valises dans l&#8217;un de nos points de d\u00e9p\u00f4t situ\u00e9s dans le quartier et visiter la ville de Nice sans stress. Les points de d\u00e9p\u00f4t LuggageHero sont des h\u00f4tels, caf\u00e9s et boutiques certifi\u00e9s. Les r\u00e9servations \u00e0 l\u2019avance vous garantissent d&#8217;avoir [&hellip;]<\/p>\n","protected":false},"author":9,"featured_media":0,"parent":7213,"menu_order":0,"comment_status":"closed","ping_status":"closed","template":"template-location.php","meta":{"_acf_changed":false,"footnotes":""},"class_list":["post-7218","page","type-page","status-publish","hentry"],"acf":[],"yoast_head":"<!-- This site is optimized with the Yoast SEO Premium plugin v27.0 (Yoast SEO v27.0) - https:\/\/yoast.com\/product\/yoast-seo-premium-wordpress\/ -->\n<title>Vieille Ville - LuggageHero<\/title>\n<meta name=\"robots\" content=\"index, follow, max-snippet:-1, max-image-preview:large, max-video-preview:-1\" \/>\n<link rel=\"canonical\" href=\"https:\/\/luggagehero.com\/fr\/nice\/vieille-ville\/\" \/>\n<meta property=\"og:locale\" content=\"fr_FR\" \/>\n<meta property=\"og:type\" content=\"article\" \/>\n<meta property=\"og:title\" content=\"Vieille Ville\" \/>\n<meta property=\"og:description\" content=\"Vous cherchez une consigne \u00e0 bagages pr\u00e8s de la Vieille Ville ? Vous pouvez d\u00e9poser vos valises dans l&#8217;un de nos points de d\u00e9p\u00f4t situ\u00e9s dans le quartier et visiter la ville de Nice sans stress. Les points de d\u00e9p\u00f4t LuggageHero sont des h\u00f4tels, caf\u00e9s et boutiques certifi\u00e9s. Les r\u00e9servations \u00e0 l\u2019avance vous garantissent d&#8217;avoir [&hellip;]\" \/>\n<meta property=\"og:url\" content=\"https:\/\/luggagehero.com\/fr\/nice\/vieille-ville\/\" \/>\n<meta property=\"og:site_name\" content=\"LuggageHero\" \/>\n<meta property=\"article:publisher\" content=\"https:\/\/www.facebook.com\/luggagehero\" \/>\n<meta property=\"article:modified_time\" content=\"2023-09-04T09:01:38+00:00\" \/>\n<meta property=\"og:image\" content=\"https:\/\/luggagehero.com\/wp-content\/uploads\/2019\/05\/shutterstock_134864882-800x534.jpg\" \/>\n<meta name=\"twitter:card\" content=\"summary_large_image\" \/>\n<meta name=\"twitter:site\" content=\"@luggagehero\" \/>\n<meta name=\"twitter:label1\" content=\"Est. reading time\" \/>\n\t<meta name=\"twitter:data1\" content=\"2 minutes\" \/>\n<script type=\"application\/ld+json\" class=\"yoast-schema-graph\">{\"@context\":\"https:\/\/schema.org\",\"@graph\":[{\"@type\":\"WebPage\",\"@id\":\"https:\/\/luggagehero.com\/fr\/nice\/vieille-ville\/\",\"url\":\"https:\/\/luggagehero.com\/fr\/nice\/vieille-ville\/\",\"name\":\"Vieille Ville - LuggageHero\",\"isPartOf\":{\"@id\":\"https:\/\/luggagehero.com\/fr\/#website\"},\"primaryImageOfPage\":{\"@id\":\"https:\/\/luggagehero.com\/fr\/nice\/vieille-ville\/#primaryimage\"},\"image\":{\"@id\":\"https:\/\/luggagehero.com\/fr\/nice\/vieille-ville\/#primaryimage\"},\"thumbnailUrl\":\"https:\/\/luggagehero.com\/wp-content\/uploads\/2019\/05\/shutterstock_134864882-800x534.jpg\",\"datePublished\":\"2019-05-20T08:55:05+00:00\",\"dateModified\":\"2023-09-04T09:01:38+00:00\",\"breadcrumb\":{\"@id\":\"https:\/\/luggagehero.com\/fr\/nice\/vieille-ville\/#breadcrumb\"},\"inLanguage\":\"fr-FR\",\"potentialAction\":[{\"@type\":\"ReadAction\",\"target\":[\"https:\/\/luggagehero.com\/fr\/nice\/vieille-ville\/\"]}]},{\"@type\":\"ImageObject\",\"inLanguage\":\"fr-FR\",\"@id\":\"https:\/\/luggagehero.com\/fr\/nice\/vieille-ville\/#primaryimage\",\"url\":\"https:\/\/luggagehero.com\/wp-content\/uploads\/2019\/05\/shutterstock_134864882-800x534.jpg\",\"contentUrl\":\"https:\/\/luggagehero.com\/wp-content\/uploads\/2019\/05\/shutterstock_134864882-800x534.jpg\"},{\"@type\":\"BreadcrumbList\",\"@id\":\"https:\/\/luggagehero.com\/fr\/nice\/vieille-ville\/#breadcrumb\",\"itemListElement\":[{\"@type\":\"ListItem\",\"position\":1,\"name\":\"Home\",\"item\":\"https:\/\/luggagehero.com\/fr\/\"},{\"@type\":\"ListItem\",\"position\":2,\"name\":\"Nice\",\"item\":\"https:\/\/luggagehero.com\/fr\/nice\/\"},{\"@type\":\"ListItem\",\"position\":3,\"name\":\"Vieille Ville\"}]},{\"@type\":\"WebSite\",\"@id\":\"https:\/\/luggagehero.com\/fr\/#website\",\"url\":\"https:\/\/luggagehero.com\/fr\/\",\"name\":\"LuggageHero\",\"description\":\"Free yourself from luggage\",\"publisher\":{\"@id\":\"https:\/\/luggagehero.com\/fr\/#organization\"},\"potentialAction\":[{\"@type\":\"SearchAction\",\"target\":{\"@type\":\"EntryPoint\",\"urlTemplate\":\"https:\/\/luggagehero.com\/fr\/?s={search_term_string}\"},\"query-input\":{\"@type\":\"PropertyValueSpecification\",\"valueRequired\":true,\"valueName\":\"search_term_string\"}}],\"inLanguage\":\"fr-FR\"},{\"@type\":\"Organization\",\"@id\":\"https:\/\/luggagehero.com\/fr\/#organization\",\"name\":\"LuggageHero\",\"url\":\"https:\/\/luggagehero.com\/fr\/\",\"logo\":{\"@type\":\"ImageObject\",\"inLanguage\":\"fr-FR\",\"@id\":\"https:\/\/luggagehero.com\/fr\/#\/schema\/logo\/image\/\",\"url\":\"https:\/\/luggagehero.com\/wp-content\/uploads\/2017\/04\/luggagehero_LOGO-RGB_kort_POS_200x200.png\",\"contentUrl\":\"https:\/\/luggagehero.com\/wp-content\/uploads\/2017\/04\/luggagehero_LOGO-RGB_kort_POS_200x200.png\",\"width\":200,\"height\":200,\"caption\":\"LuggageHero\"},\"image\":{\"@id\":\"https:\/\/luggagehero.com\/fr\/#\/schema\/logo\/image\/\"},\"sameAs\":[\"https:\/\/www.facebook.com\/luggagehero\",\"https:\/\/x.com\/luggagehero\",\"https:\/\/www.instagram.com\/luggagehero\",\"https:\/\/www.linkedin.com\/company\/luggagehero\/\"]}]}<\/script>\n<!-- \/ Yoast SEO Premium plugin. -->","yoast_head_json":{"title":"Vieille Ville - LuggageHero","robots":{"index":"index","follow":"follow","max-snippet":"max-snippet:-1","max-image-preview":"max-image-preview:large","max-video-preview":"max-video-preview:-1"},"canonical":"https:\/\/luggagehero.com\/fr\/nice\/vieille-ville\/","og_locale":"fr_FR","og_type":"article","og_title":"Vieille Ville","og_description":"Vous cherchez une consigne \u00e0 bagages pr\u00e8s de la Vieille Ville ? Vous pouvez d\u00e9poser vos valises dans l&#8217;un de nos points de d\u00e9p\u00f4t situ\u00e9s dans le quartier et visiter la ville de Nice sans stress. Les points de d\u00e9p\u00f4t LuggageHero sont des h\u00f4tels, caf\u00e9s et boutiques certifi\u00e9s. Les r\u00e9servations \u00e0 l\u2019avance vous garantissent d&#8217;avoir [&hellip;]","og_url":"https:\/\/luggagehero.com\/fr\/nice\/vieille-ville\/","og_site_name":"LuggageHero","article_publisher":"https:\/\/www.facebook.com\/luggagehero","article_modified_time":"2023-09-04T09:01:38+00:00","og_image":[{"url":"https:\/\/luggagehero.com\/wp-content\/uploads\/2019\/05\/shutterstock_134864882-800x534.jpg","type":"","width":"","height":""}],"twitter_card":"summary_large_image","twitter_site":"@luggagehero","twitter_misc":{"Est. reading time":"2 minutes"},"schema":{"@context":"https:\/\/schema.org","@graph":[{"@type":"WebPage","@id":"https:\/\/luggagehero.com\/fr\/nice\/vieille-ville\/","url":"https:\/\/luggagehero.com\/fr\/nice\/vieille-ville\/","name":"Vieille Ville - LuggageHero","isPartOf":{"@id":"https:\/\/luggagehero.com\/fr\/#website"},"primaryImageOfPage":{"@id":"https:\/\/luggagehero.com\/fr\/nice\/vieille-ville\/#primaryimage"},"image":{"@id":"https:\/\/luggagehero.com\/fr\/nice\/vieille-ville\/#primaryimage"},"thumbnailUrl":"https:\/\/luggagehero.com\/wp-content\/uploads\/2019\/05\/shutterstock_134864882-800x534.jpg","datePublished":"2019-05-20T08:55:05+00:00","dateModified":"2023-09-04T09:01:38+00:00","breadcrumb":{"@id":"https:\/\/luggagehero.com\/fr\/nice\/vieille-ville\/#breadcrumb"},"inLanguage":"fr-FR","potentialAction":[{"@type":"ReadAction","target":["https:\/\/luggagehero.com\/fr\/nice\/vieille-ville\/"]}]},{"@type":"ImageObject","inLanguage":"fr-FR","@id":"https:\/\/luggagehero.com\/fr\/nice\/vieille-ville\/#primaryimage","url":"https:\/\/luggagehero.com\/wp-content\/uploads\/2019\/05\/shutterstock_134864882-800x534.jpg","contentUrl":"https:\/\/luggagehero.com\/wp-content\/uploads\/2019\/05\/shutterstock_134864882-800x534.jpg"},{"@type":"BreadcrumbList","@id":"https:\/\/luggagehero.com\/fr\/nice\/vieille-ville\/#breadcrumb","itemListElement":[{"@type":"ListItem","position":1,"name":"Home","item":"https:\/\/luggagehero.com\/fr\/"},{"@type":"ListItem","position":2,"name":"Nice","item":"https:\/\/luggagehero.com\/fr\/nice\/"},{"@type":"ListItem","position":3,"name":"Vieille Ville"}]},{"@type":"WebSite","@id":"https:\/\/luggagehero.com\/fr\/#website","url":"https:\/\/luggagehero.com\/fr\/","name":"LuggageHero","description":"Free yourself from luggage","publisher":{"@id":"https:\/\/luggagehero.com\/fr\/#organization"},"potentialAction":[{"@type":"SearchAction","target":{"@type":"EntryPoint","urlTemplate":"https:\/\/luggagehero.com\/fr\/?s={search_term_string}"},"query-input":{"@type":"PropertyValueSpecification","valueRequired":true,"valueName":"search_term_string"}}],"inLanguage":"fr-FR"},{"@type":"Organization","@id":"https:\/\/luggagehero.com\/fr\/#organization","name":"LuggageHero","url":"https:\/\/luggagehero.com\/fr\/","logo":{"@type":"ImageObject","inLanguage":"fr-FR","@id":"https:\/\/luggagehero.com\/fr\/#\/schema\/logo\/image\/","url":"https:\/\/luggagehero.com\/wp-content\/uploads\/2017\/04\/luggagehero_LOGO-RGB_kort_POS_200x200.png","contentUrl":"https:\/\/luggagehero.com\/wp-content\/uploads\/2017\/04\/luggagehero_LOGO-RGB_kort_POS_200x200.png","width":200,"height":200,"caption":"LuggageHero"},"image":{"@id":"https:\/\/luggagehero.com\/fr\/#\/schema\/logo\/image\/"},"sameAs":["https:\/\/www.facebook.com\/luggagehero","https:\/\/x.com\/luggagehero","https:\/\/www.instagram.com\/luggagehero","https:\/\/www.linkedin.com\/company\/luggagehero\/"]}]}},"place_id":"","place_latitude_longitude":"43.6971804292856, 7.277390218426963","place_name":"Vieille Ville","criteria_title":"","criteria_description":"","meta_title":"","meta_description":"","children_criteria_title":"","children_criteria_description":"","children_meta_title":"","children_meta_description":"","_edit_last":"9","use_global_content":"","poi_type":"","content_raw":"Vous cherchez une consigne \u00e0 bagages pr\u00e8s de la Vieille Ville ? Vous pouvez d\u00e9poser vos valises dans l'un de nos points de d\u00e9p\u00f4t situ\u00e9s dans le quartier et visiter la ville de Nice sans stress.\r\n\r\nLes points de d\u00e9p\u00f4t LuggageHero sont des h\u00f4tels, caf\u00e9s et boutiques <a href=\"https:\/\/luggagehero.com\/about\/certified-shops\/\">certifi\u00e9s<\/a>. Les r\u00e9servations \u00e0 l\u2019avance vous garantissent d'avoir une place pour vos bagages. L'adresse et l'itin\u00e9raire pour vous rendre dans nos \u00e9tablissements vous sont fournis au moment de la r\u00e9servation. Tous les bagages sont prot\u00e9g\u00e9s \u00e0 l\u2019aide de nos <a href=\"https:\/\/luggagehero.com\/about\/security-seal\/\">scell\u00e9s de s\u00e9curit\u00e9<\/a> assurant chaque bagage \u00e0 hauteur de [pricing insurancecoverage] une fois que vous avez d\u00e9pos\u00e9 vos bagages et d\u00e9marr\u00e9 le minuteur de consigne sur votre page de r\u00e9servation. Avec LuggageHero, vous disposez de plus de 20 points de d\u00e9p\u00f4t autour de <a href=\"https:\/\/luggagehero.com\/nice\">Nice<\/a>.\r\n\r\n&nbsp;\r\n\r\n<img class=\"aligncenter size-large wp-image-7129\" src=\"https:\/\/luggagehero.com\/wp-content\/uploads\/2019\/05\/shutterstock_134864882-800x534.jpg\" alt=\"\" width=\"800\" height=\"534\" \/>\r\n<h2><\/h2>\r\n<h2 style=\"text-align: center;\">Vieille Ville<\/h2>\r\n\u00c9galement appel\u00e9e le Vieux Nice, la vieille ville est un charmant quartier o\u00f9 vous pourrez d\u00e9couvrir l'histoire de Nice. Parcourez les \u00e9troites ruelles pav\u00e9es et admirez des b\u00e2timents aux couleurs pastel abritant boutiques de savons et de textiles proven\u00e7aux, ou encore boucheries et fromageries. Dans la rue pi\u00e9tonne principale, le Cours Saleya, vous trouverez un march\u00e9 quotidien o\u00f9 acheter fleurs, fruits et l\u00e9gumes et autres produits r\u00e9gionaux. Une visite du march\u00e9 de la Vieille Ville est incontournable !\r\n\r\nVous ne serez pas \u00e9tonn\u00e9(e) d'apprendre que la Vieille Ville abrite certaines des meilleures tables de Nice, offrant un large choix de sp\u00e9cialit\u00e9s fran\u00e7aises et ni\u00e7oises ou encore de grands classiques de la cuisine internationale.\r\n\r\n&nbsp;","_links":{"self":[{"href":"https:\/\/luggagehero.com\/fr\/wp-json\/wp\/v2\/pages\/7218","targetHints":{"allow":["GET"]}}],"collection":[{"href":"https:\/\/luggagehero.com\/fr\/wp-json\/wp\/v2\/pages"}],"about":[{"href":"https:\/\/luggagehero.com\/fr\/wp-json\/wp\/v2\/types\/page"}],"author":[{"embeddable":true,"href":"https:\/\/luggagehero.com\/fr\/wp-json\/wp\/v2\/users\/9"}],"replies":[{"embeddable":true,"href":"https:\/\/luggagehero.com\/fr\/wp-json\/wp\/v2\/comments?post=7218"}],"version-history":[{"count":0,"href":"https:\/\/luggagehero.com\/fr\/wp-json\/wp\/v2\/pages\/7218\/revisions"}],"up":[{"embeddable":true,"href":"https:\/\/luggagehero.com\/fr\/wp-json\/wp\/v2\/pages\/7213"}],"wp:attachment":[{"href":"https:\/\/luggagehero.com\/fr\/wp-json\/wp\/v2\/media?parent=7218"}],"curies":[{"name":"wp","href":"https:\/\/api.w.org\/{rel}","templated":true}]}}