{"id":7564,"date":"2019-05-31T11:26:24","date_gmt":"2019-05-31T11:26:24","guid":{"rendered":"https:\/\/luggagehero.com\/londres\/station-de-paddington\/"},"modified":"2023-08-22T12:01:20","modified_gmt":"2023-08-22T12:01:20","slug":"station-de-paddington","status":"publish","type":"page","link":"https:\/\/luggagehero.com\/fr\/londres\/station-de-paddington\/","title":{"rendered":"Station de Paddington"},"content":{"rendered":"<p>Vous avez besoin de d\u00e9poser vos bagages pr\u00e8s de la station de Paddington ? D\u00e9posez vos affaires dans l\u2019un de nos emplacements de consignes \u00e0 bagages juste \u00e0 c\u00f4t\u00e9. Lorsque vous laissez vos bagages avec LuggageHero, les boutiques locales autour de la station de Paddington prendront bien soin de vos bagages. Tous les bagages sont scell\u00e9s avec nos <a href=\"https:\/\/luggagehero.com\/about\/security-seal\/\">scell\u00e9s de s\u00e9curit\u00e9<\/a> afin qu\u2019ils soient inviolables et <a href=\"https:\/\/luggagehero.com\/about\/insurance\/\">sont assur\u00e9s<\/a> jusqu\u2019\u00e0 <pricing-component type=\"insurancecoverage\"><\/pricing-component>. Nous pouvons facilement g\u00e9rer un d\u00e9p\u00f4t jusqu\u2019au lendemain avec notre plafond maximum de <pricing-component type=\"dailyrate\"><\/pricing-component> par bagage.<\/p>\n<p>LuggageHero a offert 600 000 heures aux voyageurs pour qu\u2019ils profitent de Londres sans soucis. Trouvez votre consigne \u00e0 bagages et effectuez une r\u00e9servation avec l\u2019un de nos partenaires <a href=\"https:\/\/luggagehero.com\/about\/certified-shops\/\">certifi\u00e9s<\/a> et transformez vos trajets en vacances. Notre minuteur de consigne est l\u2019assurance que vous ne paierez que les heures r\u00e9ellement utilis\u00e9es pour le d\u00e9p\u00f4t de vos bagages.<\/p>\n<h2><\/h2>\n<h2 style=\"text-align: center;\"><img loading=\"lazy\" decoding=\"async\" class=\"alignnone wp-image-3592\" src=\"https:\/\/luggagehero.com\/wp-content\/uploads\/2018\/09\/Paddington_station_luggage_storage-720x406.jpg\" alt=\"Station de Paddington Consignes \u00e0 bagages\" width=\"499\" height=\"282\" \/><\/h2>\n<h2 style=\"text-align: center;\">Station de Paddington<\/h2>\n<p>Ne prenez pas sur votre temps de vacances si pr\u00e9cieux pour faire la queue devant des consignes \u00e0 bagages archa\u00efques et \u00e9conomisez de l\u2019argent en utilisant LuggageHero. Nous scellons et nous assurons votre bagage jusqu\u2019\u00e0 <pricing-component type=\"insurancecoverage\"><\/pricing-component> avec First Insurance. Nous vous donnons la solution id\u00e9ale pour d\u00e9couvrir <a href=\"https:\/\/luggagehero.com\/london\/\">Londres<\/a> sans le poids de vos bagages.<\/p>\n<p>La station de Paddington est un terminus de Londres avec deux trains qui desservent l\u2019a\u00e9roport de Heathrow : Le <a href=\"https:\/\/www.heathrowexpress.com\" rel=\"nofollow\">Heathrow Express<\/a> effectue le trajet direct \u00e0 un tarif major\u00e9, tandis que le <a href=\"https:\/\/www.heathrowconnect.com\" rel=\"nofollow\">Heathrow Connect<\/a> emprunte la m\u00eame route mais s\u2019arr\u00eate dans la plupart des stations avant d\u2019atteindre l\u2019a\u00e9roport. De la station de Paddington, vous avez un acc\u00e8s direct aux stations suivantes : <a href=\"https:\/\/luggagehero.com\/london\/kings-cross-station\/\">King\u2019s Cross<\/a>, <a href=\"https:\/\/luggagehero.com\/london\/victoria-station\/\">Victoria<\/a>, <a href=\"https:\/\/luggagehero.com\/london\/liverpool-street-station\/\">Liverpool Street<\/a>, et <a href=\"https:\/\/luggagehero.com\/london\/waterloo-station\/\">Waterloo<\/a>.<\/p>\n<p>Les quais 6 et 7 sont r\u00e9serv\u00e9s au Heathrow Express. Des \u00e9crans d\u2019affichage avec les informations sur les vols pour les passagers a\u00e9riens sont mis \u00e0 disposition \u00e0 la billetterie du Heathrow Express pr\u00e8s de ces quais.<\/p>\n<p>Si vous recherchez une consigne \u00e0 bagages pour plusieurs jours, laissez vos bagages facilement avec nous. Vous ne payez jamais plus de 10 \u00a3\/jour par bagage<\/p>\n<p>La billetterie \u00e0 la station de Paddington est ouverte 24 heures sur 24 et est g\u00e9r\u00e9e par la Great Western Railway. Vous trouverez des bornes en libre-service partout dans le hall. La station est \u00e9quip\u00e9e de toilettes et d\u2019un espace change b\u00e9b\u00e9, moyennant 30 pence, et se situent avant les barri\u00e8res. Le Wi-Fi est disponible avec un acc\u00e8s internet sans fil pr\u00e9pay\u00e9 via le r\u00e9seau <a href=\"https:\/\/www.btwifi.co.uk\/\" rel=\"nofollow\">Wi-Fi de BT.<\/a><\/p>\n","protected":false},"excerpt":{"rendered":"<p>Vous avez besoin de d\u00e9poser vos bagages pr\u00e8s de la station de Paddington ? D\u00e9posez vos affaires dans l\u2019un de nos emplacements de consignes \u00e0 bagages juste \u00e0 c\u00f4t\u00e9. Lorsque vous laissez vos bagages avec LuggageHero, les boutiques locales autour de la station de Paddington prendront bien soin de vos bagages. Tous les bagages sont [&hellip;]<\/p>\n","protected":false},"author":4,"featured_media":0,"parent":7549,"menu_order":0,"comment_status":"closed","ping_status":"closed","template":"template-location.php","meta":{"_acf_changed":false,"footnotes":""},"class_list":["post-7564","page","type-page","status-publish","hentry"],"acf":[],"yoast_head":"<!-- This site is optimized with the Yoast SEO Premium plugin v27.0 (Yoast SEO v27.0) - https:\/\/yoast.com\/product\/yoast-seo-premium-wordpress\/ -->\n<title>Consignes \u00e0 bagages \u00e0 la station de Paddington - 7j\/7 - \u00c0 partir de 1 \u00a3\/heure<\/title>\n<meta name=\"description\" content=\"Service de consignes \u00e0 bagages facile, pratique et \u00e9conomique pr\u00e8s de la station de Paddington. \u00c0 partir de 1 \u00a3\/heure. Assurance de 2 200 \u00a3 incluse. Scell\u00e9s de s\u00e9curit\u00e9 fix\u00e9s sur chaque bagage. R\u00e9servez maintenant !\" \/>\n<meta name=\"robots\" content=\"index, follow, max-snippet:-1, max-image-preview:large, max-video-preview:-1\" \/>\n<link rel=\"canonical\" href=\"https:\/\/luggagehero.com\/fr\/londres\/station-de-paddington\/\" \/>\n<meta property=\"og:locale\" content=\"fr_FR\" \/>\n<meta property=\"og:type\" content=\"article\" \/>\n<meta property=\"og:title\" content=\"Station de Paddington\" \/>\n<meta property=\"og:description\" content=\"Service de consignes \u00e0 bagages facile, pratique et \u00e9conomique pr\u00e8s de la station de Paddington. \u00c0 partir de 1 \u00a3\/heure. Assurance de 2 200 \u00a3 incluse. Scell\u00e9s de s\u00e9curit\u00e9 fix\u00e9s sur chaque bagage. R\u00e9servez maintenant !\" \/>\n<meta property=\"og:url\" content=\"https:\/\/luggagehero.com\/fr\/londres\/station-de-paddington\/\" \/>\n<meta property=\"og:site_name\" content=\"LuggageHero\" \/>\n<meta property=\"article:publisher\" content=\"https:\/\/www.facebook.com\/luggagehero\" \/>\n<meta property=\"article:modified_time\" content=\"2023-08-22T12:01:20+00:00\" \/>\n<meta property=\"og:image\" content=\"https:\/\/luggagehero.com\/wp-content\/uploads\/2018\/09\/Paddington_station_luggage_storage-720x406.jpg\" \/>\n<meta name=\"twitter:card\" content=\"summary_large_image\" \/>\n<meta name=\"twitter:site\" content=\"@luggagehero\" \/>\n<meta name=\"twitter:label1\" content=\"Est. reading time\" \/>\n\t<meta name=\"twitter:data1\" content=\"2 minutes\" \/>\n<script type=\"application\/ld+json\" class=\"yoast-schema-graph\">{\"@context\":\"https:\/\/schema.org\",\"@graph\":[{\"@type\":\"WebPage\",\"@id\":\"https:\/\/luggagehero.com\/fr\/londres\/station-de-paddington\/\",\"url\":\"https:\/\/luggagehero.com\/fr\/londres\/station-de-paddington\/\",\"name\":\"Consignes \u00e0 bagages \u00e0 la station de Paddington - 7j\/7 - \u00c0 partir de 1 \u00a3\/heure\",\"isPartOf\":{\"@id\":\"https:\/\/luggagehero.com\/fr\/#website\"},\"primaryImageOfPage\":{\"@id\":\"https:\/\/luggagehero.com\/fr\/londres\/station-de-paddington\/#primaryimage\"},\"image\":{\"@id\":\"https:\/\/luggagehero.com\/fr\/londres\/station-de-paddington\/#primaryimage\"},\"thumbnailUrl\":\"https:\/\/luggagehero.com\/wp-content\/uploads\/2018\/09\/Paddington_station_luggage_storage-720x406.jpg\",\"datePublished\":\"2019-05-31T11:26:24+00:00\",\"dateModified\":\"2023-08-22T12:01:20+00:00\",\"description\":\"Service de consignes \u00e0 bagages facile, pratique et \u00e9conomique pr\u00e8s de la station de Paddington. \u00c0 partir de 1 \u00a3\/heure. Assurance de 2 200 \u00a3 incluse. Scell\u00e9s de s\u00e9curit\u00e9 fix\u00e9s sur chaque bagage. R\u00e9servez maintenant !\",\"breadcrumb\":{\"@id\":\"https:\/\/luggagehero.com\/fr\/londres\/station-de-paddington\/#breadcrumb\"},\"inLanguage\":\"fr-FR\",\"potentialAction\":[{\"@type\":\"ReadAction\",\"target\":[\"https:\/\/luggagehero.com\/fr\/londres\/station-de-paddington\/\"]}]},{\"@type\":\"ImageObject\",\"inLanguage\":\"fr-FR\",\"@id\":\"https:\/\/luggagehero.com\/fr\/londres\/station-de-paddington\/#primaryimage\",\"url\":\"https:\/\/luggagehero.com\/wp-content\/uploads\/2018\/09\/Paddington_station_luggage_storage-720x406.jpg\",\"contentUrl\":\"https:\/\/luggagehero.com\/wp-content\/uploads\/2018\/09\/Paddington_station_luggage_storage-720x406.jpg\"},{\"@type\":\"BreadcrumbList\",\"@id\":\"https:\/\/luggagehero.com\/fr\/londres\/station-de-paddington\/#breadcrumb\",\"itemListElement\":[{\"@type\":\"ListItem\",\"position\":1,\"name\":\"Home\",\"item\":\"https:\/\/luggagehero.com\/fr\/\"},{\"@type\":\"ListItem\",\"position\":2,\"name\":\"Londres\",\"item\":\"https:\/\/luggagehero.com\/fr\/londres\/\"},{\"@type\":\"ListItem\",\"position\":3,\"name\":\"Station de Paddington\"}]},{\"@type\":\"WebSite\",\"@id\":\"https:\/\/luggagehero.com\/fr\/#website\",\"url\":\"https:\/\/luggagehero.com\/fr\/\",\"name\":\"LuggageHero\",\"description\":\"Free yourself from luggage\",\"publisher\":{\"@id\":\"https:\/\/luggagehero.com\/fr\/#organization\"},\"potentialAction\":[{\"@type\":\"SearchAction\",\"target\":{\"@type\":\"EntryPoint\",\"urlTemplate\":\"https:\/\/luggagehero.com\/fr\/?s={search_term_string}\"},\"query-input\":{\"@type\":\"PropertyValueSpecification\",\"valueRequired\":true,\"valueName\":\"search_term_string\"}}],\"inLanguage\":\"fr-FR\"},{\"@type\":\"Organization\",\"@id\":\"https:\/\/luggagehero.com\/fr\/#organization\",\"name\":\"LuggageHero\",\"url\":\"https:\/\/luggagehero.com\/fr\/\",\"logo\":{\"@type\":\"ImageObject\",\"inLanguage\":\"fr-FR\",\"@id\":\"https:\/\/luggagehero.com\/fr\/#\/schema\/logo\/image\/\",\"url\":\"https:\/\/luggagehero.com\/wp-content\/uploads\/2017\/04\/luggagehero_LOGO-RGB_kort_POS_200x200.png\",\"contentUrl\":\"https:\/\/luggagehero.com\/wp-content\/uploads\/2017\/04\/luggagehero_LOGO-RGB_kort_POS_200x200.png\",\"width\":200,\"height\":200,\"caption\":\"LuggageHero\"},\"image\":{\"@id\":\"https:\/\/luggagehero.com\/fr\/#\/schema\/logo\/image\/\"},\"sameAs\":[\"https:\/\/www.facebook.com\/luggagehero\",\"https:\/\/x.com\/luggagehero\",\"https:\/\/www.instagram.com\/luggagehero\",\"https:\/\/www.linkedin.com\/company\/luggagehero\/\"]}]}<\/script>\n<!-- \/ Yoast SEO Premium plugin. -->","yoast_head_json":{"title":"Consignes \u00e0 bagages \u00e0 la station de Paddington - 7j\/7 - \u00c0 partir de 1 \u00a3\/heure","description":"Service de consignes \u00e0 bagages facile, pratique et \u00e9conomique pr\u00e8s de la station de Paddington. \u00c0 partir de 1 \u00a3\/heure. Assurance de 2 200 \u00a3 incluse. Scell\u00e9s de s\u00e9curit\u00e9 fix\u00e9s sur chaque bagage. R\u00e9servez maintenant !","robots":{"index":"index","follow":"follow","max-snippet":"max-snippet:-1","max-image-preview":"max-image-preview:large","max-video-preview":"max-video-preview:-1"},"canonical":"https:\/\/luggagehero.com\/fr\/londres\/station-de-paddington\/","og_locale":"fr_FR","og_type":"article","og_title":"Station de Paddington","og_description":"Service de consignes \u00e0 bagages facile, pratique et \u00e9conomique pr\u00e8s de la station de Paddington. \u00c0 partir de 1 \u00a3\/heure. Assurance de 2 200 \u00a3 incluse. Scell\u00e9s de s\u00e9curit\u00e9 fix\u00e9s sur chaque bagage. R\u00e9servez maintenant !","og_url":"https:\/\/luggagehero.com\/fr\/londres\/station-de-paddington\/","og_site_name":"LuggageHero","article_publisher":"https:\/\/www.facebook.com\/luggagehero","article_modified_time":"2023-08-22T12:01:20+00:00","og_image":[{"url":"https:\/\/luggagehero.com\/wp-content\/uploads\/2018\/09\/Paddington_station_luggage_storage-720x406.jpg","type":"","width":"","height":""}],"twitter_card":"summary_large_image","twitter_site":"@luggagehero","twitter_misc":{"Est. reading time":"2 minutes"},"schema":{"@context":"https:\/\/schema.org","@graph":[{"@type":"WebPage","@id":"https:\/\/luggagehero.com\/fr\/londres\/station-de-paddington\/","url":"https:\/\/luggagehero.com\/fr\/londres\/station-de-paddington\/","name":"Consignes \u00e0 bagages \u00e0 la station de Paddington - 7j\/7 - \u00c0 partir de 1 \u00a3\/heure","isPartOf":{"@id":"https:\/\/luggagehero.com\/fr\/#website"},"primaryImageOfPage":{"@id":"https:\/\/luggagehero.com\/fr\/londres\/station-de-paddington\/#primaryimage"},"image":{"@id":"https:\/\/luggagehero.com\/fr\/londres\/station-de-paddington\/#primaryimage"},"thumbnailUrl":"https:\/\/luggagehero.com\/wp-content\/uploads\/2018\/09\/Paddington_station_luggage_storage-720x406.jpg","datePublished":"2019-05-31T11:26:24+00:00","dateModified":"2023-08-22T12:01:20+00:00","description":"Service de consignes \u00e0 bagages facile, pratique et \u00e9conomique pr\u00e8s de la station de Paddington. \u00c0 partir de 1 \u00a3\/heure. Assurance de 2 200 \u00a3 incluse. Scell\u00e9s de s\u00e9curit\u00e9 fix\u00e9s sur chaque bagage. R\u00e9servez maintenant !","breadcrumb":{"@id":"https:\/\/luggagehero.com\/fr\/londres\/station-de-paddington\/#breadcrumb"},"inLanguage":"fr-FR","potentialAction":[{"@type":"ReadAction","target":["https:\/\/luggagehero.com\/fr\/londres\/station-de-paddington\/"]}]},{"@type":"ImageObject","inLanguage":"fr-FR","@id":"https:\/\/luggagehero.com\/fr\/londres\/station-de-paddington\/#primaryimage","url":"https:\/\/luggagehero.com\/wp-content\/uploads\/2018\/09\/Paddington_station_luggage_storage-720x406.jpg","contentUrl":"https:\/\/luggagehero.com\/wp-content\/uploads\/2018\/09\/Paddington_station_luggage_storage-720x406.jpg"},{"@type":"BreadcrumbList","@id":"https:\/\/luggagehero.com\/fr\/londres\/station-de-paddington\/#breadcrumb","itemListElement":[{"@type":"ListItem","position":1,"name":"Home","item":"https:\/\/luggagehero.com\/fr\/"},{"@type":"ListItem","position":2,"name":"Londres","item":"https:\/\/luggagehero.com\/fr\/londres\/"},{"@type":"ListItem","position":3,"name":"Station de Paddington"}]},{"@type":"WebSite","@id":"https:\/\/luggagehero.com\/fr\/#website","url":"https:\/\/luggagehero.com\/fr\/","name":"LuggageHero","description":"Free yourself from luggage","publisher":{"@id":"https:\/\/luggagehero.com\/fr\/#organization"},"potentialAction":[{"@type":"SearchAction","target":{"@type":"EntryPoint","urlTemplate":"https:\/\/luggagehero.com\/fr\/?s={search_term_string}"},"query-input":{"@type":"PropertyValueSpecification","valueRequired":true,"valueName":"search_term_string"}}],"inLanguage":"fr-FR"},{"@type":"Organization","@id":"https:\/\/luggagehero.com\/fr\/#organization","name":"LuggageHero","url":"https:\/\/luggagehero.com\/fr\/","logo":{"@type":"ImageObject","inLanguage":"fr-FR","@id":"https:\/\/luggagehero.com\/fr\/#\/schema\/logo\/image\/","url":"https:\/\/luggagehero.com\/wp-content\/uploads\/2017\/04\/luggagehero_LOGO-RGB_kort_POS_200x200.png","contentUrl":"https:\/\/luggagehero.com\/wp-content\/uploads\/2017\/04\/luggagehero_LOGO-RGB_kort_POS_200x200.png","width":200,"height":200,"caption":"LuggageHero"},"image":{"@id":"https:\/\/luggagehero.com\/fr\/#\/schema\/logo\/image\/"},"sameAs":["https:\/\/www.facebook.com\/luggagehero","https:\/\/x.com\/luggagehero","https:\/\/www.instagram.com\/luggagehero","https:\/\/www.linkedin.com\/company\/luggagehero\/"]}]}},"place_id":"","place_latitude_longitude":"51.5167,-0.1769","place_name":"Station de Paddington","criteria_title":"","criteria_description":"","meta_title":"","meta_description":"","children_criteria_title":"","children_criteria_description":"","children_meta_title":"","children_meta_description":"","_edit_last":"46","use_global_content":"","poi_type":"PublicTransit","content_raw":"Vous avez besoin de d\u00e9poser vos bagages pr\u00e8s de la station de Paddington ? D\u00e9posez vos affaires dans l\u2019un de nos emplacements de consignes \u00e0 bagages juste \u00e0 c\u00f4t\u00e9. Lorsque vous laissez vos bagages avec LuggageHero, les boutiques locales autour de la station de Paddington prendront bien soin de vos bagages. Tous les bagages sont scell\u00e9s avec nos <a href=\"https:\/\/luggagehero.com\/about\/security-seal\/\">scell\u00e9s de s\u00e9curit\u00e9<\/a> afin qu\u2019ils soient inviolables et <a href=\"https:\/\/luggagehero.com\/about\/insurance\/\">sont assur\u00e9s<\/a> jusqu\u2019\u00e0 [pricing insurancecoverage]. Nous pouvons facilement g\u00e9rer un d\u00e9p\u00f4t jusqu\u2019au lendemain avec notre plafond maximum de [pricing dailyrate] par bagage.\r\n\r\nLuggageHero a offert 600 000 heures aux voyageurs pour qu\u2019ils profitent de Londres sans soucis. Trouvez votre consigne \u00e0 bagages et effectuez une r\u00e9servation avec l\u2019un de nos partenaires <a href=\"https:\/\/luggagehero.com\/about\/certified-shops\/\">certifi\u00e9s<\/a> et transformez vos trajets en vacances. Notre minuteur de consigne est l\u2019assurance que vous ne paierez que les heures r\u00e9ellement utilis\u00e9es pour le d\u00e9p\u00f4t de vos bagages.\r\n<h2><\/h2>\r\n<h2 style=\"text-align: center;\"><img class=\"alignnone wp-image-3592\" src=\"https:\/\/luggagehero.com\/wp-content\/uploads\/2018\/09\/Paddington_station_luggage_storage-720x406.jpg\" alt=\"Station de Paddington Consignes \u00e0 bagages\" width=\"499\" height=\"282\" \/><\/h2>\r\n<h2 style=\"text-align: center;\">Station de Paddington<\/h2>\r\nNe prenez pas sur votre temps de vacances si pr\u00e9cieux pour faire la queue devant des consignes \u00e0 bagages archa\u00efques et \u00e9conomisez de l\u2019argent en utilisant LuggageHero. Nous scellons et nous assurons votre bagage jusqu\u2019\u00e0 [pricing insurancecoverage] avec First Insurance. Nous vous donnons la solution id\u00e9ale pour d\u00e9couvrir <a href=\"https:\/\/luggagehero.com\/london\/\">Londres<\/a> sans le poids de vos bagages.\r\n\r\nLa station de Paddington est un terminus de Londres avec deux trains qui desservent l\u2019a\u00e9roport de Heathrow : Le <a href=\"https:\/\/www.heathrowexpress.com\" rel=\"nofollow\">Heathrow Express<\/a> effectue le trajet direct \u00e0 un tarif major\u00e9, tandis que le <a href=\"https:\/\/www.heathrowconnect.com\" rel=\"nofollow\">Heathrow Connect<\/a> emprunte la m\u00eame route mais s\u2019arr\u00eate dans la plupart des stations avant d\u2019atteindre l\u2019a\u00e9roport. De la station de Paddington, vous avez un acc\u00e8s direct aux stations suivantes : <a href=\"https:\/\/luggagehero.com\/london\/kings-cross-station\/\">King\u2019s Cross<\/a>, <a href=\"https:\/\/luggagehero.com\/london\/victoria-station\/\">Victoria<\/a>, <a href=\"https:\/\/luggagehero.com\/london\/liverpool-street-station\/\">Liverpool Street<\/a>, et <a href=\"https:\/\/luggagehero.com\/london\/waterloo-station\/\">Waterloo<\/a>.\r\n\r\nLes quais 6 et 7 sont r\u00e9serv\u00e9s au Heathrow Express. Des \u00e9crans d\u2019affichage avec les informations sur les vols pour les passagers a\u00e9riens sont mis \u00e0 disposition \u00e0 la billetterie du Heathrow Express pr\u00e8s de ces quais.\r\n\r\nSi vous recherchez une consigne \u00e0 bagages pour plusieurs jours, laissez vos bagages facilement avec nous. Vous ne payez jamais plus de 10 \u00a3\/jour par bagage\r\n\r\nLa billetterie \u00e0 la station de Paddington est ouverte 24 heures sur 24 et est g\u00e9r\u00e9e par la Great Western Railway. Vous trouverez des bornes en libre-service partout dans le hall. La station est \u00e9quip\u00e9e de toilettes et d\u2019un espace change b\u00e9b\u00e9, moyennant 30 pence, et se situent avant les barri\u00e8res. Le Wi-Fi est disponible avec un acc\u00e8s internet sans fil pr\u00e9pay\u00e9 via le r\u00e9seau <a href=\"https:\/\/www.btwifi.co.uk\/\" rel=\"nofollow\">Wi-Fi de BT.<\/a>","_links":{"self":[{"href":"https:\/\/luggagehero.com\/fr\/wp-json\/wp\/v2\/pages\/7564","targetHints":{"allow":["GET"]}}],"collection":[{"href":"https:\/\/luggagehero.com\/fr\/wp-json\/wp\/v2\/pages"}],"about":[{"href":"https:\/\/luggagehero.com\/fr\/wp-json\/wp\/v2\/types\/page"}],"author":[{"embeddable":true,"href":"https:\/\/luggagehero.com\/fr\/wp-json\/wp\/v2\/users\/4"}],"replies":[{"embeddable":true,"href":"https:\/\/luggagehero.com\/fr\/wp-json\/wp\/v2\/comments?post=7564"}],"version-history":[{"count":0,"href":"https:\/\/luggagehero.com\/fr\/wp-json\/wp\/v2\/pages\/7564\/revisions"}],"up":[{"embeddable":true,"href":"https:\/\/luggagehero.com\/fr\/wp-json\/wp\/v2\/pages\/7549"}],"wp:attachment":[{"href":"https:\/\/luggagehero.com\/fr\/wp-json\/wp\/v2\/media?parent=7564"}],"curies":[{"name":"wp","href":"https:\/\/api.w.org\/{rel}","templated":true}]}}