{"id":7571,"date":"2019-05-31T11:26:31","date_gmt":"2019-05-31T11:26:31","guid":{"rendered":"https:\/\/luggagehero.com\/londres\/station-de-liverpool-street\/"},"modified":"2023-08-22T11:57:35","modified_gmt":"2023-08-22T11:57:35","slug":"station-de-liverpool-street","status":"publish","type":"page","link":"https:\/\/luggagehero.com\/fr\/londres\/station-de-liverpool-street\/","title":{"rendered":"Station de Liverpool Street"},"content":{"rendered":"<p>Recherchez-vous une consigne \u00e0 bagages \u00e0 la station de Liverpool Street ? Nous avons plusieurs emplacements dans le quartier autour de la station o\u00f9 vous pouvez d\u00e9poser vos bagages. Lorsque vous d\u00e9posez vos bagages avec LuggageHero, les boutiques locales autour de la station de Liverpool Street prendront bien soin de vos bagages pendant que vous explorez les alentours ou bien d\u2019autres quartiers <a href=\"https:\/\/luggagehero.com\/london\/\">de Londres<\/a>.<\/p>\n<p>Les sites de d\u00e9p\u00f4t de bagages de LuggageHero sont des <a href=\"https:\/\/luggagehero.com\/about\/certified-shops\/\">boutiques, h\u00f4tels et caf\u00e9s certifi\u00e9s<\/a>. Effectuer une r\u00e9servation \u00e0 l\u2019avance vous garantit d\u2019avoir une place pour vos bagages, mais si vos plans de voyage changent, vous pouvez facilement annuler votre r\u00e9servation \u00e0 n\u2019importe quel moment. Au moment de la r\u00e9servation, l\u2019adresse et l\u2019itin\u00e9raire vous seront envoy\u00e9s par e-mail.<\/p>\n<p>Tous les bagages sont scell\u00e9s avec nos <a href=\"https:\/\/luggagehero.com\/about\/security-seal\/\">scell\u00e9s de s\u00e9curit\u00e9 afin qu\u2019ils soient inviolables<\/a> et <a href=\"https:\/\/luggagehero.com\/about\/insurance\/\">sont assur\u00e9s<\/a> jusqu\u2019\u00e0 <pricing-component type=\"insurancecoverage\"><\/pricing-component>.<\/p>\n<p style=\"text-align: center;\"><img loading=\"lazy\" decoding=\"async\" class=\"aligncenter wp-image-1905 size-full\" src=\"https:\/\/luggagehero.com\/wp-content\/uploads\/2018\/02\/luggage_storage_liverpool_street_station.jpg\" alt=\"Station de Liverpool Street \u00e0 Londres\" width=\"640\" height=\"360\" srcset=\"https:\/\/luggagehero.com\/wp-content\/uploads\/2018\/02\/luggage_storage_liverpool_street_station.jpg 640w, https:\/\/luggagehero.com\/wp-content\/uploads\/2018\/02\/luggage_storage_liverpool_street_station-300x169.jpg 300w, https:\/\/luggagehero.com\/wp-content\/uploads\/2018\/02\/luggage_storage_liverpool_street_station-600x338.jpg 600w\" sizes=\"auto, (max-width: 640px) 100vw, 640px\" \/><\/p>\n<h2 style=\"text-align: center;\">Station de Liverpool Street<\/h2>\n<p>La station de Liverpool Street, \u00e9galement connue sous le nom de London Liverpool Street, est une gare terminus du centre de Londres qui est reli\u00e9e au r\u00e9seau du m\u00e9tro londonien. La station de Liverpool Street est desservie par plusieurs lignes du m\u00e9tro londonien vous permettant de visiter tout Londres. Ces lignes incluent la Central line pour <a href=\"https:\/\/luggagehero.com\/london\/oxford-street\/\">Oxford Street<\/a>, <a href=\"https:\/\/luggagehero.com\/london\/notting-hill-station\/\">Notting Hill<\/a>, et East London. La Circle line, la Metropolitan line, la Hammersmith &amp; City line pour la <a href=\"https:\/\/luggagehero.com\/london\/london-eye\/\">London Eye<\/a>, le Southbank, Trafalgar Square, et <a href=\"https:\/\/luggagehero.com\/london\/kensington-gardens\/\">Kensington<\/a>. Liverpool Street vous place au c\u0153ur de la ville.<\/p>\n<p>Le Stansted Express fait la liaison entre l\u2019a\u00e9roport de Stansted et London Liverpool Street en seulement 47 minutes, et avec des trains qui circulent toutes les 15 minutes, vous n\u2019avez pas \u00e0 vous inqui\u00e9ter du temps d\u2019attente.<\/p>\n<p>Vous trouverez quelques-uns des lieux les plus c\u00e9l\u00e8bres de Londres \u00e0 une distance raisonnable de la station. Vous trouverez \u00e9galement des attractions touristiques dans le quartier autour de la station de Liverpool Street, telles que le Spitalfields Market, la Whitechapel Gallery et la Bank of England.<\/p>\n<p>Liverpool Street a la r\u00e9putation d\u2019\u00eatre une station tr\u00e8s fr\u00e9quent\u00e9e pour de bonnes raisons et elle a \u00e9t\u00e9 honor\u00e9e pour sa modernisation radicale tout en pr\u00e9servant son patrimoine ferroviaire.<\/p>\n<p>Informations sur la station :<\/p>\n<ul>\n<li>La billetterie est ouverte aux m\u00eames heures que la station et des bornes en libre-service sont situ\u00e9es dans le hall.<\/li>\n<li>Toilettes et espace change b\u00e9b\u00e9.<\/li>\n<li>Distributeurs automatiques de billets et bureau de change.<\/li>\n<li>Le Wi-Fi est disponible avec un acc\u00e8s internet sans fil pr\u00e9pay\u00e9 via le r\u00e9seau Wi-Fi de BT.<\/li>\n<li>Boissons et nourriture sont servis 24 heures sur 24.<\/li>\n<\/ul>\n","protected":false},"excerpt":{"rendered":"<p>Recherchez-vous une consigne \u00e0 bagages \u00e0 la station de Liverpool Street ? Nous avons plusieurs emplacements dans le quartier autour de la station o\u00f9 vous pouvez d\u00e9poser vos bagages. Lorsque vous d\u00e9posez vos bagages avec LuggageHero, les boutiques locales autour de la station de Liverpool Street prendront bien soin de vos bagages pendant que vous [&hellip;]<\/p>\n","protected":false},"author":9,"featured_media":0,"parent":7549,"menu_order":0,"comment_status":"closed","ping_status":"closed","template":"template-location.php","meta":{"_acf_changed":false,"footnotes":""},"class_list":["post-7571","page","type-page","status-publish","hentry"],"acf":[],"yoast_head":"<!-- This site is optimized with the Yoast SEO Premium plugin v27.0 (Yoast SEO v27.0) - https:\/\/yoast.com\/product\/yoast-seo-premium-wordpress\/ -->\n<title>Consignes \u00e0 bagages \u00e0 la station de Liverpool Street : 7j\/7 \u2011 \u00c0 partir de 1 \u00a3\/heure<\/title>\n<meta name=\"description\" content=\"Service de consignes \u00e0 bagages facile, pratique et \u00e9conomique pr\u00e8s de la station de Liverpool Street. \u00c0 partir de 1 \u00a3\/heure. Assurance de 2 200 \u00a3 incluse avec scell\u00e9s de s\u00e9curit\u00e9 fix\u00e9s sur chaque bagage.\" \/>\n<meta name=\"robots\" content=\"index, follow, max-snippet:-1, max-image-preview:large, max-video-preview:-1\" \/>\n<link rel=\"canonical\" href=\"https:\/\/luggagehero.com\/fr\/londres\/station-de-liverpool-street\/\" \/>\n<meta property=\"og:locale\" content=\"fr_FR\" \/>\n<meta property=\"og:type\" content=\"article\" \/>\n<meta property=\"og:title\" content=\"Station de Liverpool Street\" \/>\n<meta property=\"og:description\" content=\"Service de consignes \u00e0 bagages facile, pratique et \u00e9conomique pr\u00e8s de la station de Liverpool Street. \u00c0 partir de 1 \u00a3\/heure. Assurance de 2 200 \u00a3 incluse avec scell\u00e9s de s\u00e9curit\u00e9 fix\u00e9s sur chaque bagage.\" \/>\n<meta property=\"og:url\" content=\"https:\/\/luggagehero.com\/fr\/londres\/station-de-liverpool-street\/\" \/>\n<meta property=\"og:site_name\" content=\"LuggageHero\" \/>\n<meta property=\"article:publisher\" content=\"https:\/\/www.facebook.com\/luggagehero\" \/>\n<meta property=\"article:modified_time\" content=\"2023-08-22T11:57:35+00:00\" \/>\n<meta property=\"og:image\" content=\"https:\/\/luggagehero.com\/wp-content\/uploads\/2018\/02\/luggage_storage_liverpool_street_station.jpg\" \/>\n<meta name=\"twitter:card\" content=\"summary_large_image\" \/>\n<meta name=\"twitter:site\" content=\"@luggagehero\" \/>\n<meta name=\"twitter:label1\" content=\"Est. reading time\" \/>\n\t<meta name=\"twitter:data1\" content=\"3 minutes\" \/>\n<script type=\"application\/ld+json\" class=\"yoast-schema-graph\">{\"@context\":\"https:\/\/schema.org\",\"@graph\":[{\"@type\":\"WebPage\",\"@id\":\"https:\/\/luggagehero.com\/fr\/londres\/station-de-liverpool-street\/\",\"url\":\"https:\/\/luggagehero.com\/fr\/londres\/station-de-liverpool-street\/\",\"name\":\"Consignes \u00e0 bagages \u00e0 la station de Liverpool Street : 7j\/7 \u2011 \u00c0 partir de 1 \u00a3\/heure\",\"isPartOf\":{\"@id\":\"https:\/\/luggagehero.com\/fr\/#website\"},\"primaryImageOfPage\":{\"@id\":\"https:\/\/luggagehero.com\/fr\/londres\/station-de-liverpool-street\/#primaryimage\"},\"image\":{\"@id\":\"https:\/\/luggagehero.com\/fr\/londres\/station-de-liverpool-street\/#primaryimage\"},\"thumbnailUrl\":\"https:\/\/luggagehero.com\/wp-content\/uploads\/2018\/02\/luggage_storage_liverpool_street_station.jpg\",\"datePublished\":\"2019-05-31T11:26:31+00:00\",\"dateModified\":\"2023-08-22T11:57:35+00:00\",\"description\":\"Service de consignes \u00e0 bagages facile, pratique et \u00e9conomique pr\u00e8s de la station de Liverpool Street. \u00c0 partir de 1 \u00a3\/heure. Assurance de 2 200 \u00a3 incluse avec scell\u00e9s de s\u00e9curit\u00e9 fix\u00e9s sur chaque bagage.\",\"breadcrumb\":{\"@id\":\"https:\/\/luggagehero.com\/fr\/londres\/station-de-liverpool-street\/#breadcrumb\"},\"inLanguage\":\"fr-FR\",\"potentialAction\":[{\"@type\":\"ReadAction\",\"target\":[\"https:\/\/luggagehero.com\/fr\/londres\/station-de-liverpool-street\/\"]}]},{\"@type\":\"ImageObject\",\"inLanguage\":\"fr-FR\",\"@id\":\"https:\/\/luggagehero.com\/fr\/londres\/station-de-liverpool-street\/#primaryimage\",\"url\":\"https:\/\/luggagehero.com\/wp-content\/uploads\/2018\/02\/luggage_storage_liverpool_street_station.jpg\",\"contentUrl\":\"https:\/\/luggagehero.com\/wp-content\/uploads\/2018\/02\/luggage_storage_liverpool_street_station.jpg\"},{\"@type\":\"BreadcrumbList\",\"@id\":\"https:\/\/luggagehero.com\/fr\/londres\/station-de-liverpool-street\/#breadcrumb\",\"itemListElement\":[{\"@type\":\"ListItem\",\"position\":1,\"name\":\"Home\",\"item\":\"https:\/\/luggagehero.com\/fr\/\"},{\"@type\":\"ListItem\",\"position\":2,\"name\":\"Londres\",\"item\":\"https:\/\/luggagehero.com\/fr\/londres\/\"},{\"@type\":\"ListItem\",\"position\":3,\"name\":\"Station de Liverpool Street\"}]},{\"@type\":\"WebSite\",\"@id\":\"https:\/\/luggagehero.com\/fr\/#website\",\"url\":\"https:\/\/luggagehero.com\/fr\/\",\"name\":\"LuggageHero\",\"description\":\"Free yourself from luggage\",\"publisher\":{\"@id\":\"https:\/\/luggagehero.com\/fr\/#organization\"},\"potentialAction\":[{\"@type\":\"SearchAction\",\"target\":{\"@type\":\"EntryPoint\",\"urlTemplate\":\"https:\/\/luggagehero.com\/fr\/?s={search_term_string}\"},\"query-input\":{\"@type\":\"PropertyValueSpecification\",\"valueRequired\":true,\"valueName\":\"search_term_string\"}}],\"inLanguage\":\"fr-FR\"},{\"@type\":\"Organization\",\"@id\":\"https:\/\/luggagehero.com\/fr\/#organization\",\"name\":\"LuggageHero\",\"url\":\"https:\/\/luggagehero.com\/fr\/\",\"logo\":{\"@type\":\"ImageObject\",\"inLanguage\":\"fr-FR\",\"@id\":\"https:\/\/luggagehero.com\/fr\/#\/schema\/logo\/image\/\",\"url\":\"https:\/\/luggagehero.com\/wp-content\/uploads\/2017\/04\/luggagehero_LOGO-RGB_kort_POS_200x200.png\",\"contentUrl\":\"https:\/\/luggagehero.com\/wp-content\/uploads\/2017\/04\/luggagehero_LOGO-RGB_kort_POS_200x200.png\",\"width\":200,\"height\":200,\"caption\":\"LuggageHero\"},\"image\":{\"@id\":\"https:\/\/luggagehero.com\/fr\/#\/schema\/logo\/image\/\"},\"sameAs\":[\"https:\/\/www.facebook.com\/luggagehero\",\"https:\/\/x.com\/luggagehero\",\"https:\/\/www.instagram.com\/luggagehero\",\"https:\/\/www.linkedin.com\/company\/luggagehero\/\"]}]}<\/script>\n<!-- \/ Yoast SEO Premium plugin. -->","yoast_head_json":{"title":"Consignes \u00e0 bagages \u00e0 la station de Liverpool Street : 7j\/7 \u2011 \u00c0 partir de 1 \u00a3\/heure","description":"Service de consignes \u00e0 bagages facile, pratique et \u00e9conomique pr\u00e8s de la station de Liverpool Street. \u00c0 partir de 1 \u00a3\/heure. Assurance de 2 200 \u00a3 incluse avec scell\u00e9s de s\u00e9curit\u00e9 fix\u00e9s sur chaque bagage.","robots":{"index":"index","follow":"follow","max-snippet":"max-snippet:-1","max-image-preview":"max-image-preview:large","max-video-preview":"max-video-preview:-1"},"canonical":"https:\/\/luggagehero.com\/fr\/londres\/station-de-liverpool-street\/","og_locale":"fr_FR","og_type":"article","og_title":"Station de Liverpool Street","og_description":"Service de consignes \u00e0 bagages facile, pratique et \u00e9conomique pr\u00e8s de la station de Liverpool Street. \u00c0 partir de 1 \u00a3\/heure. Assurance de 2 200 \u00a3 incluse avec scell\u00e9s de s\u00e9curit\u00e9 fix\u00e9s sur chaque bagage.","og_url":"https:\/\/luggagehero.com\/fr\/londres\/station-de-liverpool-street\/","og_site_name":"LuggageHero","article_publisher":"https:\/\/www.facebook.com\/luggagehero","article_modified_time":"2023-08-22T11:57:35+00:00","og_image":[{"url":"https:\/\/luggagehero.com\/wp-content\/uploads\/2018\/02\/luggage_storage_liverpool_street_station.jpg","type":"","width":"","height":""}],"twitter_card":"summary_large_image","twitter_site":"@luggagehero","twitter_misc":{"Est. reading time":"3 minutes"},"schema":{"@context":"https:\/\/schema.org","@graph":[{"@type":"WebPage","@id":"https:\/\/luggagehero.com\/fr\/londres\/station-de-liverpool-street\/","url":"https:\/\/luggagehero.com\/fr\/londres\/station-de-liverpool-street\/","name":"Consignes \u00e0 bagages \u00e0 la station de Liverpool Street : 7j\/7 \u2011 \u00c0 partir de 1 \u00a3\/heure","isPartOf":{"@id":"https:\/\/luggagehero.com\/fr\/#website"},"primaryImageOfPage":{"@id":"https:\/\/luggagehero.com\/fr\/londres\/station-de-liverpool-street\/#primaryimage"},"image":{"@id":"https:\/\/luggagehero.com\/fr\/londres\/station-de-liverpool-street\/#primaryimage"},"thumbnailUrl":"https:\/\/luggagehero.com\/wp-content\/uploads\/2018\/02\/luggage_storage_liverpool_street_station.jpg","datePublished":"2019-05-31T11:26:31+00:00","dateModified":"2023-08-22T11:57:35+00:00","description":"Service de consignes \u00e0 bagages facile, pratique et \u00e9conomique pr\u00e8s de la station de Liverpool Street. \u00c0 partir de 1 \u00a3\/heure. Assurance de 2 200 \u00a3 incluse avec scell\u00e9s de s\u00e9curit\u00e9 fix\u00e9s sur chaque bagage.","breadcrumb":{"@id":"https:\/\/luggagehero.com\/fr\/londres\/station-de-liverpool-street\/#breadcrumb"},"inLanguage":"fr-FR","potentialAction":[{"@type":"ReadAction","target":["https:\/\/luggagehero.com\/fr\/londres\/station-de-liverpool-street\/"]}]},{"@type":"ImageObject","inLanguage":"fr-FR","@id":"https:\/\/luggagehero.com\/fr\/londres\/station-de-liverpool-street\/#primaryimage","url":"https:\/\/luggagehero.com\/wp-content\/uploads\/2018\/02\/luggage_storage_liverpool_street_station.jpg","contentUrl":"https:\/\/luggagehero.com\/wp-content\/uploads\/2018\/02\/luggage_storage_liverpool_street_station.jpg"},{"@type":"BreadcrumbList","@id":"https:\/\/luggagehero.com\/fr\/londres\/station-de-liverpool-street\/#breadcrumb","itemListElement":[{"@type":"ListItem","position":1,"name":"Home","item":"https:\/\/luggagehero.com\/fr\/"},{"@type":"ListItem","position":2,"name":"Londres","item":"https:\/\/luggagehero.com\/fr\/londres\/"},{"@type":"ListItem","position":3,"name":"Station de Liverpool Street"}]},{"@type":"WebSite","@id":"https:\/\/luggagehero.com\/fr\/#website","url":"https:\/\/luggagehero.com\/fr\/","name":"LuggageHero","description":"Free yourself from luggage","publisher":{"@id":"https:\/\/luggagehero.com\/fr\/#organization"},"potentialAction":[{"@type":"SearchAction","target":{"@type":"EntryPoint","urlTemplate":"https:\/\/luggagehero.com\/fr\/?s={search_term_string}"},"query-input":{"@type":"PropertyValueSpecification","valueRequired":true,"valueName":"search_term_string"}}],"inLanguage":"fr-FR"},{"@type":"Organization","@id":"https:\/\/luggagehero.com\/fr\/#organization","name":"LuggageHero","url":"https:\/\/luggagehero.com\/fr\/","logo":{"@type":"ImageObject","inLanguage":"fr-FR","@id":"https:\/\/luggagehero.com\/fr\/#\/schema\/logo\/image\/","url":"https:\/\/luggagehero.com\/wp-content\/uploads\/2017\/04\/luggagehero_LOGO-RGB_kort_POS_200x200.png","contentUrl":"https:\/\/luggagehero.com\/wp-content\/uploads\/2017\/04\/luggagehero_LOGO-RGB_kort_POS_200x200.png","width":200,"height":200,"caption":"LuggageHero"},"image":{"@id":"https:\/\/luggagehero.com\/fr\/#\/schema\/logo\/image\/"},"sameAs":["https:\/\/www.facebook.com\/luggagehero","https:\/\/x.com\/luggagehero","https:\/\/www.instagram.com\/luggagehero","https:\/\/www.linkedin.com\/company\/luggagehero\/"]}]}},"place_id":"","place_latitude_longitude":"51.5188,-0.0814","place_name":"Station de Liverpool Street","criteria_title":"","criteria_description":"","meta_title":"","meta_description":"","children_criteria_title":"","children_criteria_description":"","children_meta_title":"","children_meta_description":"","_edit_last":"46","use_global_content":"","poi_type":"PublicTransit","content_raw":"Recherchez-vous une consigne \u00e0 bagages \u00e0 la station de Liverpool Street ? Nous avons plusieurs emplacements dans le quartier autour de la station o\u00f9 vous pouvez d\u00e9poser vos bagages. Lorsque vous d\u00e9posez vos bagages avec LuggageHero, les boutiques locales autour de la station de Liverpool Street prendront bien soin de vos bagages pendant que vous explorez les alentours ou bien d\u2019autres quartiers <a href=\"https:\/\/luggagehero.com\/london\/\">de Londres<\/a>.\r\n\r\nLes sites de d\u00e9p\u00f4t de bagages de LuggageHero sont des <a href=\"https:\/\/luggagehero.com\/about\/certified-shops\/\">boutiques, h\u00f4tels et caf\u00e9s certifi\u00e9s<\/a>. Effectuer une r\u00e9servation \u00e0 l\u2019avance vous garantit d\u2019avoir une place pour vos bagages, mais si vos plans de voyage changent, vous pouvez facilement annuler votre r\u00e9servation \u00e0 n\u2019importe quel moment. Au moment de la r\u00e9servation, l\u2019adresse et l\u2019itin\u00e9raire vous seront envoy\u00e9s par e-mail.\r\n\r\nTous les bagages sont scell\u00e9s avec nos <a href=\"https:\/\/luggagehero.com\/about\/security-seal\/\">scell\u00e9s de s\u00e9curit\u00e9 afin qu\u2019ils soient inviolables<\/a> et <a href=\"https:\/\/luggagehero.com\/about\/insurance\/\">sont assur\u00e9s<\/a> jusqu\u2019\u00e0 [pricing insurancecoverage].\r\n<p style=\"text-align: center;\"><img class=\"aligncenter wp-image-1905 size-full\" src=\"https:\/\/luggagehero.com\/wp-content\/uploads\/2018\/02\/luggage_storage_liverpool_street_station.jpg\" alt=\"Station de Liverpool Street \u00e0 Londres\" width=\"640\" height=\"360\" \/><\/p>\r\n\r\n<h2 style=\"text-align: center;\">Station de Liverpool Street<\/h2>\r\nLa station de Liverpool Street, \u00e9galement connue sous le nom de London Liverpool Street, est une gare terminus du centre de Londres qui est reli\u00e9e au r\u00e9seau du m\u00e9tro londonien. La station de Liverpool Street est desservie par plusieurs lignes du m\u00e9tro londonien vous permettant de visiter tout Londres. Ces lignes incluent la Central line pour <a href=\"https:\/\/luggagehero.com\/london\/oxford-street\/\">Oxford Street<\/a>, <a href=\"https:\/\/luggagehero.com\/london\/notting-hill-station\/\">Notting Hill<\/a>, et East London. La Circle line, la Metropolitan line, la Hammersmith &amp; City line pour la <a href=\"https:\/\/luggagehero.com\/london\/london-eye\/\">London Eye<\/a>, le Southbank, Trafalgar Square, et <a href=\"https:\/\/luggagehero.com\/london\/kensington-gardens\/\">Kensington<\/a>. Liverpool Street vous place au c\u0153ur de la ville.\r\n\r\nLe Stansted Express fait la liaison entre l\u2019a\u00e9roport de Stansted et London Liverpool Street en seulement 47 minutes, et avec des trains qui circulent toutes les 15 minutes, vous n\u2019avez pas \u00e0 vous inqui\u00e9ter du temps d\u2019attente.\r\n\r\nVous trouverez quelques-uns des lieux les plus c\u00e9l\u00e8bres de Londres \u00e0 une distance raisonnable de la station. Vous trouverez \u00e9galement des attractions touristiques dans le quartier autour de la station de Liverpool Street, telles que le Spitalfields Market, la Whitechapel Gallery et la Bank of England.\r\n\r\nLiverpool Street a la r\u00e9putation d\u2019\u00eatre une station tr\u00e8s fr\u00e9quent\u00e9e pour de bonnes raisons et elle a \u00e9t\u00e9 honor\u00e9e pour sa modernisation radicale tout en pr\u00e9servant son patrimoine ferroviaire.\r\n\r\nInformations sur la station :\r\n<ul>\r\n \t<li>La billetterie est ouverte aux m\u00eames heures que la station et des bornes en libre-service sont situ\u00e9es dans le hall.<\/li>\r\n \t<li>Toilettes et espace change b\u00e9b\u00e9.<\/li>\r\n \t<li>Distributeurs automatiques de billets et bureau de change.<\/li>\r\n \t<li>Le Wi-Fi est disponible avec un acc\u00e8s internet sans fil pr\u00e9pay\u00e9 via le r\u00e9seau Wi-Fi de BT.<\/li>\r\n \t<li>Boissons et nourriture sont servis 24 heures sur 24.<\/li>\r\n<\/ul>","_links":{"self":[{"href":"https:\/\/luggagehero.com\/fr\/wp-json\/wp\/v2\/pages\/7571","targetHints":{"allow":["GET"]}}],"collection":[{"href":"https:\/\/luggagehero.com\/fr\/wp-json\/wp\/v2\/pages"}],"about":[{"href":"https:\/\/luggagehero.com\/fr\/wp-json\/wp\/v2\/types\/page"}],"author":[{"embeddable":true,"href":"https:\/\/luggagehero.com\/fr\/wp-json\/wp\/v2\/users\/9"}],"replies":[{"embeddable":true,"href":"https:\/\/luggagehero.com\/fr\/wp-json\/wp\/v2\/comments?post=7571"}],"version-history":[{"count":0,"href":"https:\/\/luggagehero.com\/fr\/wp-json\/wp\/v2\/pages\/7571\/revisions"}],"up":[{"embeddable":true,"href":"https:\/\/luggagehero.com\/fr\/wp-json\/wp\/v2\/pages\/7549"}],"wp:attachment":[{"href":"https:\/\/luggagehero.com\/fr\/wp-json\/wp\/v2\/media?parent=7571"}],"curies":[{"name":"wp","href":"https:\/\/api.w.org\/{rel}","templated":true}]}}