{"id":7573,"date":"2019-05-31T11:26:35","date_gmt":"2019-05-31T11:26:35","guid":{"rendered":"https:\/\/luggagehero.com\/londres\/station-de-euston\/"},"modified":"2023-08-22T12:11:29","modified_gmt":"2023-08-22T12:11:29","slug":"station-de-euston-2","status":"publish","type":"page","link":"https:\/\/luggagehero.com\/fr\/londres\/station-de-euston-2\/","title":{"rendered":"Station de Euston"},"content":{"rendered":"<p>Vous avez besoin de d\u00e9poser vos bagages pr\u00e8s de la station de Euston ? D\u00e9posez vos affaires dans l\u2019un de nos emplacements de consignes \u00e0 bagages juste \u00e0 c\u00f4t\u00e9. Lorsque vous d\u00e9posez vos bagages avec LuggageHero, des boutiques locales <a href=\"https:\/\/luggagehero.com\/about\/certified-shops\/\">certifi\u00e9es<\/a> autour de la station de Euston prendront soin de vos bagages. Tous les bagages sont scell\u00e9s avec nos <a href=\"https:\/\/luggagehero.com\/about\/security-seal\/\">scell\u00e9s de s\u00e9curit\u00e9<\/a> afin qu\u2019ils soient inviolables et sont assur\u00e9s jusqu\u2019\u00e0 <pricing-component type=\"insurancecoverage\"><\/pricing-component>.<\/p>\n<p>LuggageHero est le service de consignes \u00e0 bagages le plus facile, pratique et \u00e9conomique, qui vous aide \u00e0 transformer vos trajets en vacances. Notre communaut\u00e9 de LuggageHeroes \u00e0 <a href=\"https:\/\/luggagehero.com\/london\/\">Londres<\/a> prendront bien soin de vos bagages pendant que vous explorez les alentours.<\/p>\n<p>Et pour nous adapter \u00e0 vos plans qui changent constamment, nous avons une politique de r\u00e9servation sans engagement, vous ne payez que si vous vous pr\u00e9sentez. D\u00e9posez votre bagage et r\u00e9cup\u00e9rez-le quand vous le souhaitez sans \u00eatre surfactur\u00e9. Activez votre minuteur de consigne lorsque vous arrivez chez un LuggageHero et arr\u00eatez-le lorsque vous r\u00e9cup\u00e9rez vos affaires.<\/p>\n<h2 style=\"text-align: center;\"><\/h2>\n<p><img loading=\"lazy\" decoding=\"async\" class=\"aligncenter wp-image-1964 size-full\" src=\"https:\/\/luggagehero.com\/wp-content\/uploads\/2018\/02\/luggage_storage_euston_station.jpg\" alt=\"Station de Euston Londres\" width=\"640\" height=\"360\" srcset=\"https:\/\/luggagehero.com\/wp-content\/uploads\/2018\/02\/luggage_storage_euston_station.jpg 640w, https:\/\/luggagehero.com\/wp-content\/uploads\/2018\/02\/luggage_storage_euston_station-300x169.jpg 300w, https:\/\/luggagehero.com\/wp-content\/uploads\/2018\/02\/luggage_storage_euston_station-600x338.jpg 600w\" sizes=\"auto, (max-width: 640px) 100vw, 640px\" \/><\/p>\n<h2 style=\"text-align: center;\">Station de Euston<\/h2>\n<p>La station de Euston est une station de m\u00e9tro et une gare ferroviaire importante de Londres. La station est situ\u00e9e dans le centre de Londres et est proche de <a href=\"https:\/\/luggagehero.com\/london\/kings-cross-station\/\">Kings Cross<\/a>, Regent\u2019s Park, Somers Town, et Bloomsbury. La station elle-m\u00eame ne propose aucun service de consignes \u00e0 bagages ou de consignes automatiques. De la station de Euston, vous avez une ligne directe pour les stations <a href=\"https:\/\/luggagehero.com\/london\/victoria-station\/\">Victoria<\/a>, <a href=\"https:\/\/luggagehero.com\/london\/liverpool-street-station\/\">Liverpool Street<\/a>, <a href=\"https:\/\/luggagehero.com\/london\/paddington-station\/\">Paddington<\/a>, et <a href=\"https:\/\/luggagehero.com\/london\/kings-cross-station\/\">King\u2019s Cross<\/a>.<\/p>\n<p>Vous trouverez plusieurs attractions touristiques autour de la station de Euston dont la British Library et Regent\u2019s Park. <a href=\"https:\/\/luggagehero.com\/london\/british-museum\/\">Le British Museum<\/a> n\u2019est qu\u2019\u00e0 15 minutes \u00e0 pied.<\/p>\n","protected":false},"excerpt":{"rendered":"<p>Vous avez besoin de d\u00e9poser vos bagages pr\u00e8s de la station de Euston ? D\u00e9posez vos affaires dans l\u2019un de nos emplacements de consignes \u00e0 bagages juste \u00e0 c\u00f4t\u00e9. Lorsque vous d\u00e9posez vos bagages avec LuggageHero, des boutiques locales certifi\u00e9es autour de la station de Euston prendront soin de vos bagages. Tous les bagages sont [&hellip;]<\/p>\n","protected":false},"author":9,"featured_media":0,"parent":7549,"menu_order":0,"comment_status":"closed","ping_status":"closed","template":"template-location.php","meta":{"_acf_changed":false,"footnotes":""},"class_list":["post-7573","page","type-page","status-publish","hentry"],"acf":[],"yoast_head":"<!-- This site is optimized with the Yoast SEO Premium plugin v27.0 (Yoast SEO v27.0) - https:\/\/yoast.com\/product\/yoast-seo-premium-wordpress\/ -->\n<title>Consignes \u00e0 bagages \u00e0 la station de Euston - 7j\/7 - \u00c0 partir de 1 \u00a3\/heure<\/title>\n<meta name=\"description\" content=\"Le service de consignes \u00e0 bagages le plus facile, pratique et \u00e9conomique pr\u00e8s de la station de Euston \u00e0 partir de 1 \u00a3\/heure. Assurance de 2 200 \u00a3 incluse avec scell\u00e9s de s\u00e9curit\u00e9 fix\u00e9s sur chaque bagage.\" \/>\n<meta name=\"robots\" content=\"index, follow, max-snippet:-1, max-image-preview:large, max-video-preview:-1\" \/>\n<link rel=\"canonical\" href=\"https:\/\/luggagehero.com\/fr\/londres\/station-de-euston-2\/\" \/>\n<meta property=\"og:locale\" content=\"fr_FR\" \/>\n<meta property=\"og:type\" content=\"article\" \/>\n<meta property=\"og:title\" content=\"Station de Euston\" \/>\n<meta property=\"og:description\" content=\"Le service de consignes \u00e0 bagages le plus facile, pratique et \u00e9conomique pr\u00e8s de la station de Euston \u00e0 partir de 1 \u00a3\/heure. Assurance de 2 200 \u00a3 incluse avec scell\u00e9s de s\u00e9curit\u00e9 fix\u00e9s sur chaque bagage.\" \/>\n<meta property=\"og:url\" content=\"https:\/\/luggagehero.com\/fr\/londres\/station-de-euston-2\/\" \/>\n<meta property=\"og:site_name\" content=\"LuggageHero\" \/>\n<meta property=\"article:publisher\" content=\"https:\/\/www.facebook.com\/luggagehero\" \/>\n<meta property=\"article:modified_time\" content=\"2023-08-22T12:11:29+00:00\" \/>\n<meta property=\"og:image\" content=\"https:\/\/luggagehero.com\/wp-content\/uploads\/2018\/02\/luggage_storage_euston_station.jpg\" \/>\n<meta name=\"twitter:card\" content=\"summary_large_image\" \/>\n<meta name=\"twitter:site\" content=\"@luggagehero\" \/>\n<meta name=\"twitter:label1\" content=\"Est. reading time\" \/>\n\t<meta name=\"twitter:data1\" content=\"2 minutes\" \/>\n<script type=\"application\/ld+json\" class=\"yoast-schema-graph\">{\"@context\":\"https:\/\/schema.org\",\"@graph\":[{\"@type\":\"WebPage\",\"@id\":\"https:\/\/luggagehero.com\/fr\/londres\/station-de-euston-2\/\",\"url\":\"https:\/\/luggagehero.com\/fr\/londres\/station-de-euston-2\/\",\"name\":\"Consignes \u00e0 bagages \u00e0 la station de Euston - 7j\/7 - \u00c0 partir de 1 \u00a3\/heure\",\"isPartOf\":{\"@id\":\"https:\/\/luggagehero.com\/fr\/#website\"},\"primaryImageOfPage\":{\"@id\":\"https:\/\/luggagehero.com\/fr\/londres\/station-de-euston-2\/#primaryimage\"},\"image\":{\"@id\":\"https:\/\/luggagehero.com\/fr\/londres\/station-de-euston-2\/#primaryimage\"},\"thumbnailUrl\":\"https:\/\/luggagehero.com\/wp-content\/uploads\/2018\/02\/luggage_storage_euston_station.jpg\",\"datePublished\":\"2019-05-31T11:26:35+00:00\",\"dateModified\":\"2023-08-22T12:11:29+00:00\",\"description\":\"Le service de consignes \u00e0 bagages le plus facile, pratique et \u00e9conomique pr\u00e8s de la station de Euston \u00e0 partir de 1 \u00a3\/heure. Assurance de 2 200 \u00a3 incluse avec scell\u00e9s de s\u00e9curit\u00e9 fix\u00e9s sur chaque bagage.\",\"breadcrumb\":{\"@id\":\"https:\/\/luggagehero.com\/fr\/londres\/station-de-euston-2\/#breadcrumb\"},\"inLanguage\":\"fr-FR\",\"potentialAction\":[{\"@type\":\"ReadAction\",\"target\":[\"https:\/\/luggagehero.com\/fr\/londres\/station-de-euston-2\/\"]}]},{\"@type\":\"ImageObject\",\"inLanguage\":\"fr-FR\",\"@id\":\"https:\/\/luggagehero.com\/fr\/londres\/station-de-euston-2\/#primaryimage\",\"url\":\"https:\/\/luggagehero.com\/wp-content\/uploads\/2018\/02\/luggage_storage_euston_station.jpg\",\"contentUrl\":\"https:\/\/luggagehero.com\/wp-content\/uploads\/2018\/02\/luggage_storage_euston_station.jpg\"},{\"@type\":\"BreadcrumbList\",\"@id\":\"https:\/\/luggagehero.com\/fr\/londres\/station-de-euston-2\/#breadcrumb\",\"itemListElement\":[{\"@type\":\"ListItem\",\"position\":1,\"name\":\"Home\",\"item\":\"https:\/\/luggagehero.com\/fr\/\"},{\"@type\":\"ListItem\",\"position\":2,\"name\":\"Londres\",\"item\":\"https:\/\/luggagehero.com\/fr\/londres\/\"},{\"@type\":\"ListItem\",\"position\":3,\"name\":\"Station de Euston\"}]},{\"@type\":\"WebSite\",\"@id\":\"https:\/\/luggagehero.com\/fr\/#website\",\"url\":\"https:\/\/luggagehero.com\/fr\/\",\"name\":\"LuggageHero\",\"description\":\"Free yourself from luggage\",\"publisher\":{\"@id\":\"https:\/\/luggagehero.com\/fr\/#organization\"},\"potentialAction\":[{\"@type\":\"SearchAction\",\"target\":{\"@type\":\"EntryPoint\",\"urlTemplate\":\"https:\/\/luggagehero.com\/fr\/?s={search_term_string}\"},\"query-input\":{\"@type\":\"PropertyValueSpecification\",\"valueRequired\":true,\"valueName\":\"search_term_string\"}}],\"inLanguage\":\"fr-FR\"},{\"@type\":\"Organization\",\"@id\":\"https:\/\/luggagehero.com\/fr\/#organization\",\"name\":\"LuggageHero\",\"url\":\"https:\/\/luggagehero.com\/fr\/\",\"logo\":{\"@type\":\"ImageObject\",\"inLanguage\":\"fr-FR\",\"@id\":\"https:\/\/luggagehero.com\/fr\/#\/schema\/logo\/image\/\",\"url\":\"https:\/\/luggagehero.com\/wp-content\/uploads\/2017\/04\/luggagehero_LOGO-RGB_kort_POS_200x200.png\",\"contentUrl\":\"https:\/\/luggagehero.com\/wp-content\/uploads\/2017\/04\/luggagehero_LOGO-RGB_kort_POS_200x200.png\",\"width\":200,\"height\":200,\"caption\":\"LuggageHero\"},\"image\":{\"@id\":\"https:\/\/luggagehero.com\/fr\/#\/schema\/logo\/image\/\"},\"sameAs\":[\"https:\/\/www.facebook.com\/luggagehero\",\"https:\/\/x.com\/luggagehero\",\"https:\/\/www.instagram.com\/luggagehero\",\"https:\/\/www.linkedin.com\/company\/luggagehero\/\"]}]}<\/script>\n<!-- \/ Yoast SEO Premium plugin. -->","yoast_head_json":{"title":"Consignes \u00e0 bagages \u00e0 la station de Euston - 7j\/7 - \u00c0 partir de 1 \u00a3\/heure","description":"Le service de consignes \u00e0 bagages le plus facile, pratique et \u00e9conomique pr\u00e8s de la station de Euston \u00e0 partir de 1 \u00a3\/heure. Assurance de 2 200 \u00a3 incluse avec scell\u00e9s de s\u00e9curit\u00e9 fix\u00e9s sur chaque bagage.","robots":{"index":"index","follow":"follow","max-snippet":"max-snippet:-1","max-image-preview":"max-image-preview:large","max-video-preview":"max-video-preview:-1"},"canonical":"https:\/\/luggagehero.com\/fr\/londres\/station-de-euston-2\/","og_locale":"fr_FR","og_type":"article","og_title":"Station de Euston","og_description":"Le service de consignes \u00e0 bagages le plus facile, pratique et \u00e9conomique pr\u00e8s de la station de Euston \u00e0 partir de 1 \u00a3\/heure. Assurance de 2 200 \u00a3 incluse avec scell\u00e9s de s\u00e9curit\u00e9 fix\u00e9s sur chaque bagage.","og_url":"https:\/\/luggagehero.com\/fr\/londres\/station-de-euston-2\/","og_site_name":"LuggageHero","article_publisher":"https:\/\/www.facebook.com\/luggagehero","article_modified_time":"2023-08-22T12:11:29+00:00","og_image":[{"url":"https:\/\/luggagehero.com\/wp-content\/uploads\/2018\/02\/luggage_storage_euston_station.jpg","type":"","width":"","height":""}],"twitter_card":"summary_large_image","twitter_site":"@luggagehero","twitter_misc":{"Est. reading time":"2 minutes"},"schema":{"@context":"https:\/\/schema.org","@graph":[{"@type":"WebPage","@id":"https:\/\/luggagehero.com\/fr\/londres\/station-de-euston-2\/","url":"https:\/\/luggagehero.com\/fr\/londres\/station-de-euston-2\/","name":"Consignes \u00e0 bagages \u00e0 la station de Euston - 7j\/7 - \u00c0 partir de 1 \u00a3\/heure","isPartOf":{"@id":"https:\/\/luggagehero.com\/fr\/#website"},"primaryImageOfPage":{"@id":"https:\/\/luggagehero.com\/fr\/londres\/station-de-euston-2\/#primaryimage"},"image":{"@id":"https:\/\/luggagehero.com\/fr\/londres\/station-de-euston-2\/#primaryimage"},"thumbnailUrl":"https:\/\/luggagehero.com\/wp-content\/uploads\/2018\/02\/luggage_storage_euston_station.jpg","datePublished":"2019-05-31T11:26:35+00:00","dateModified":"2023-08-22T12:11:29+00:00","description":"Le service de consignes \u00e0 bagages le plus facile, pratique et \u00e9conomique pr\u00e8s de la station de Euston \u00e0 partir de 1 \u00a3\/heure. Assurance de 2 200 \u00a3 incluse avec scell\u00e9s de s\u00e9curit\u00e9 fix\u00e9s sur chaque bagage.","breadcrumb":{"@id":"https:\/\/luggagehero.com\/fr\/londres\/station-de-euston-2\/#breadcrumb"},"inLanguage":"fr-FR","potentialAction":[{"@type":"ReadAction","target":["https:\/\/luggagehero.com\/fr\/londres\/station-de-euston-2\/"]}]},{"@type":"ImageObject","inLanguage":"fr-FR","@id":"https:\/\/luggagehero.com\/fr\/londres\/station-de-euston-2\/#primaryimage","url":"https:\/\/luggagehero.com\/wp-content\/uploads\/2018\/02\/luggage_storage_euston_station.jpg","contentUrl":"https:\/\/luggagehero.com\/wp-content\/uploads\/2018\/02\/luggage_storage_euston_station.jpg"},{"@type":"BreadcrumbList","@id":"https:\/\/luggagehero.com\/fr\/londres\/station-de-euston-2\/#breadcrumb","itemListElement":[{"@type":"ListItem","position":1,"name":"Home","item":"https:\/\/luggagehero.com\/fr\/"},{"@type":"ListItem","position":2,"name":"Londres","item":"https:\/\/luggagehero.com\/fr\/londres\/"},{"@type":"ListItem","position":3,"name":"Station de Euston"}]},{"@type":"WebSite","@id":"https:\/\/luggagehero.com\/fr\/#website","url":"https:\/\/luggagehero.com\/fr\/","name":"LuggageHero","description":"Free yourself from luggage","publisher":{"@id":"https:\/\/luggagehero.com\/fr\/#organization"},"potentialAction":[{"@type":"SearchAction","target":{"@type":"EntryPoint","urlTemplate":"https:\/\/luggagehero.com\/fr\/?s={search_term_string}"},"query-input":{"@type":"PropertyValueSpecification","valueRequired":true,"valueName":"search_term_string"}}],"inLanguage":"fr-FR"},{"@type":"Organization","@id":"https:\/\/luggagehero.com\/fr\/#organization","name":"LuggageHero","url":"https:\/\/luggagehero.com\/fr\/","logo":{"@type":"ImageObject","inLanguage":"fr-FR","@id":"https:\/\/luggagehero.com\/fr\/#\/schema\/logo\/image\/","url":"https:\/\/luggagehero.com\/wp-content\/uploads\/2017\/04\/luggagehero_LOGO-RGB_kort_POS_200x200.png","contentUrl":"https:\/\/luggagehero.com\/wp-content\/uploads\/2017\/04\/luggagehero_LOGO-RGB_kort_POS_200x200.png","width":200,"height":200,"caption":"LuggageHero"},"image":{"@id":"https:\/\/luggagehero.com\/fr\/#\/schema\/logo\/image\/"},"sameAs":["https:\/\/www.facebook.com\/luggagehero","https:\/\/x.com\/luggagehero","https:\/\/www.instagram.com\/luggagehero","https:\/\/www.linkedin.com\/company\/luggagehero\/"]}]}},"place_id":"","place_latitude_longitude":"51.5281,-0.1332","place_name":"Station de Euston","criteria_title":"","criteria_description":"","meta_title":"","meta_description":"","children_criteria_title":"","children_criteria_description":"","children_meta_title":"","children_meta_description":"","_edit_last":"46","use_global_content":"","poi_type":"PublicTransit","content_raw":"Vous avez besoin de d\u00e9poser vos bagages pr\u00e8s de la station de Euston ? D\u00e9posez vos affaires dans l\u2019un de nos emplacements de consignes \u00e0 bagages juste \u00e0 c\u00f4t\u00e9. Lorsque vous d\u00e9posez vos bagages avec LuggageHero, des boutiques locales <a href=\"https:\/\/luggagehero.com\/about\/certified-shops\/\">certifi\u00e9es<\/a> autour de la station de Euston prendront soin de vos bagages. Tous les bagages sont scell\u00e9s avec nos <a href=\"https:\/\/luggagehero.com\/about\/security-seal\/\">scell\u00e9s de s\u00e9curit\u00e9<\/a> afin qu\u2019ils soient inviolables et sont assur\u00e9s jusqu\u2019\u00e0 [pricing insurancecoverage].\r\n\r\nLuggageHero est le service de consignes \u00e0 bagages le plus facile, pratique et \u00e9conomique, qui vous aide \u00e0 transformer vos trajets en vacances. Notre communaut\u00e9 de LuggageHeroes \u00e0 <a href=\"https:\/\/luggagehero.com\/london\/\">Londres<\/a> prendront bien soin de vos bagages pendant que vous explorez les alentours.\r\n\r\nEt pour nous adapter \u00e0 vos plans qui changent constamment, nous avons une politique de r\u00e9servation sans engagement, vous ne payez que si vous vous pr\u00e9sentez. D\u00e9posez votre bagage et r\u00e9cup\u00e9rez-le quand vous le souhaitez sans \u00eatre surfactur\u00e9. Activez votre minuteur de consigne lorsque vous arrivez chez un LuggageHero et arr\u00eatez-le lorsque vous r\u00e9cup\u00e9rez vos affaires.\r\n<h2 style=\"text-align: center;\"><\/h2>\r\n<img class=\"aligncenter wp-image-1964 size-full\" src=\"https:\/\/luggagehero.com\/wp-content\/uploads\/2018\/02\/luggage_storage_euston_station.jpg\" alt=\"Station de Euston Londres\" width=\"640\" height=\"360\" \/>\r\n<h2 style=\"text-align: center;\">Station de Euston<\/h2>\r\nLa station de Euston est une station de m\u00e9tro et une gare ferroviaire importante de Londres. La station est situ\u00e9e dans le centre de Londres et est proche de <a href=\"https:\/\/luggagehero.com\/london\/kings-cross-station\/\">Kings Cross<\/a>, Regent\u2019s Park, Somers Town, et Bloomsbury. La station elle-m\u00eame ne propose aucun service de consignes \u00e0 bagages ou de consignes automatiques. De la station de Euston, vous avez une ligne directe pour les stations <a href=\"https:\/\/luggagehero.com\/london\/victoria-station\/\">Victoria<\/a>, <a href=\"https:\/\/luggagehero.com\/london\/liverpool-street-station\/\">Liverpool Street<\/a>, <a href=\"https:\/\/luggagehero.com\/london\/paddington-station\/\">Paddington<\/a>, et <a href=\"https:\/\/luggagehero.com\/london\/kings-cross-station\/\">King\u2019s Cross<\/a>.\r\n\r\nVous trouverez plusieurs attractions touristiques autour de la station de Euston dont la British Library et Regent\u2019s Park. <a href=\"https:\/\/luggagehero.com\/london\/british-museum\/\">Le British Museum<\/a> n\u2019est qu\u2019\u00e0 15 minutes \u00e0 pied.","_links":{"self":[{"href":"https:\/\/luggagehero.com\/fr\/wp-json\/wp\/v2\/pages\/7573","targetHints":{"allow":["GET"]}}],"collection":[{"href":"https:\/\/luggagehero.com\/fr\/wp-json\/wp\/v2\/pages"}],"about":[{"href":"https:\/\/luggagehero.com\/fr\/wp-json\/wp\/v2\/types\/page"}],"author":[{"embeddable":true,"href":"https:\/\/luggagehero.com\/fr\/wp-json\/wp\/v2\/users\/9"}],"replies":[{"embeddable":true,"href":"https:\/\/luggagehero.com\/fr\/wp-json\/wp\/v2\/comments?post=7573"}],"version-history":[{"count":0,"href":"https:\/\/luggagehero.com\/fr\/wp-json\/wp\/v2\/pages\/7573\/revisions"}],"up":[{"embeddable":true,"href":"https:\/\/luggagehero.com\/fr\/wp-json\/wp\/v2\/pages\/7549"}],"wp:attachment":[{"href":"https:\/\/luggagehero.com\/fr\/wp-json\/wp\/v2\/media?parent=7573"}],"curies":[{"name":"wp","href":"https:\/\/api.w.org\/{rel}","templated":true}]}}