{"id":7577,"date":"2019-05-31T11:26:41","date_gmt":"2019-05-31T11:26:41","guid":{"rendered":"https:\/\/luggagehero.com\/londres\/station-de-waterloo\/"},"modified":"2023-09-04T10:58:24","modified_gmt":"2023-09-04T10:58:24","slug":"station-de-waterloo","status":"publish","type":"page","link":"https:\/\/luggagehero.com\/fr\/londres\/station-de-waterloo\/","title":{"rendered":"Station de Waterloo"},"content":{"rendered":"<p>Recherchez-vous une consigne \u00e0 bagages pr\u00e8s de la station de Waterloo ? Vous pouvez d\u00e9poser vos bagages dans l\u2019un de nos emplacements de consignes \u00e0 bagages juste \u00e0 c\u00f4t\u00e9 de la station. Nos emplacements partenaires prendront bien soin de vos bagages pendant que vous explorez <a href=\"https:\/\/luggagehero.com\/london\/\">Londres<\/a>.<\/p>\n<p>Les sites de d\u00e9p\u00f4t de bagages de LuggageHero sont des boutiques, h\u00f4tels et caf\u00e9s<a href=\"https:\/\/luggagehero.com\/about\/certified-shops\/\"> certifi\u00e9s<\/a>. Effectuer une r\u00e9servation \u00e0 l\u2019avance vous garantit d\u2019avoir une place pour vos bagages, mais si vos plans de voyage changent, vous pouvez facilement annuler votre r\u00e9servation \u00e0 n\u2019importe quel moment. L\u2019adresse et l\u2019itin\u00e9raire seront disponibles au moment de la r\u00e9servation et vous seront envoy\u00e9s par e-mail.<\/p>\n<p>LuggageHero utilise un minuteur de consigne pour calculer les heures utilis\u00e9es. Lorsque vous arrivez dans l\u2019\u00e9tablissement choisi, vous devrez d\u00e9clencher le minuteur de consigne sur votre page de r\u00e9servation. L\u2019arr\u00eat du minuteur de consigne lors de la r\u00e9cup\u00e9ration des bagages d\u00e9clenchera le traitement du paiement automatiquement. Tous les bagages sont scell\u00e9s avec nos <a href=\"https:\/\/luggagehero.com\/about\/security-seal\/\">scell\u00e9s de s\u00e9curit\u00e9<\/a> assurant chaque bagage jusqu\u2019\u00e0 <pricing-component type=\"insurancecoverage\"><\/pricing-component>.<\/p>\n<h2 style=\"text-align: center;\"><img loading=\"lazy\" decoding=\"async\" class=\"aligncenter wp-image-1980 size-large\" src=\"https:\/\/luggagehero.com\/wp-content\/uploads\/2018\/02\/luggage_storage_waterloo_station-800x533.jpg\" alt=\"Station de Waterloo Londres\" width=\"800\" height=\"533\" srcset=\"https:\/\/luggagehero.com\/wp-content\/uploads\/2018\/02\/luggage_storage_waterloo_station-800x533.jpg 800w, https:\/\/luggagehero.com\/wp-content\/uploads\/2018\/02\/luggage_storage_waterloo_station-300x200.jpg 300w, https:\/\/luggagehero.com\/wp-content\/uploads\/2018\/02\/luggage_storage_waterloo_station-600x400.jpg 600w\" sizes=\"auto, (max-width: 800px) 100vw, 800px\" \/><\/h2>\n<h2 style=\"text-align: center;\">Station de Waterloo<\/h2>\n<p>La station de Waterloo est une station de m\u00e9tro et une gare ferroviaire importante de <a href=\"https:\/\/luggagehero.com\/london\/\">Londres<\/a>. La station est situ\u00e9e pr\u00e8s de nombreuses attractions touristiques dont la <a href=\"https:\/\/luggagehero.com\/london\/london-eye\/\">London Eye<\/a>, le South Bank et County Hall. La station se situe dans le centre de Londres et est proche de Lambeth et de Southwark. La station de Waterloo se situe sur la Jubilee Line, la Bakerloo Line, et la Northern Line.<\/p>\n<p>Le service de consignes \u00e0 bagages LuggageHero pr\u00e8s de la station de Waterloo est la solution de consignes \u00e0 bagages la plus facile, pratique et \u00e9conomique. Laissez LuggageHero vous aider \u00e0 transformer vos trajets en vacances. Trouvez simplement la boutique qui correspond le mieux \u00e0 vos plans de voyage et effectuez une r\u00e9servation en ligne. Laissez vos bagages dans la boutique pour quelques heures ou plus, un d\u00e9p\u00f4t jusqu\u2019au lendemain peut \u00eatre g\u00e9r\u00e9 facilement.<\/p>\n","protected":false},"excerpt":{"rendered":"<p>Recherchez-vous une consigne \u00e0 bagages pr\u00e8s de la station de Waterloo ? Vous pouvez d\u00e9poser vos bagages dans l\u2019un de nos emplacements de consignes \u00e0 bagages juste \u00e0 c\u00f4t\u00e9 de la station. Nos emplacements partenaires prendront bien soin de vos bagages pendant que vous explorez Londres. Les sites de d\u00e9p\u00f4t de bagages de LuggageHero sont [&hellip;]<\/p>\n","protected":false},"author":9,"featured_media":54563,"parent":7549,"menu_order":0,"comment_status":"closed","ping_status":"closed","template":"template-location.php","meta":{"_acf_changed":false,"footnotes":""},"class_list":["post-7577","page","type-page","status-publish","has-post-thumbnail","hentry"],"acf":[],"yoast_head":"<!-- This site is optimized with the Yoast SEO Premium plugin v27.0 (Yoast SEO v27.0) - https:\/\/yoast.com\/product\/yoast-seo-premium-wordpress\/ -->\n<title>Consignes \u00e0 bagages \u00e0 la station de Waterloo - 7j\/7 - \u00c0 partir de 1 \u00a3\/heure<\/title>\n<meta name=\"description\" content=\"Service de consignes \u00e0 bagages pratique et \u00e9conomique pr\u00e8s de la station de Waterloo. \u00c0 partir de 1 \u00a3\/heure. Assurance de 2 200 \u00a3 incluse avec scell\u00e9s de s\u00e9curit\u00e9 fix\u00e9s sur chaque bagage. R\u00e9server en ligne.\" \/>\n<meta name=\"robots\" content=\"index, follow, max-snippet:-1, max-image-preview:large, max-video-preview:-1\" \/>\n<link rel=\"canonical\" href=\"https:\/\/luggagehero.com\/fr\/londres\/station-de-waterloo\/\" \/>\n<meta property=\"og:locale\" content=\"fr_FR\" \/>\n<meta property=\"og:type\" content=\"article\" \/>\n<meta property=\"og:title\" content=\"Station de Waterloo\" \/>\n<meta property=\"og:description\" content=\"Service de consignes \u00e0 bagages pratique et \u00e9conomique pr\u00e8s de la station de Waterloo. \u00c0 partir de 1 \u00a3\/heure. Assurance de 2 200 \u00a3 incluse avec scell\u00e9s de s\u00e9curit\u00e9 fix\u00e9s sur chaque bagage. R\u00e9server en ligne.\" \/>\n<meta property=\"og:url\" content=\"https:\/\/luggagehero.com\/fr\/londres\/station-de-waterloo\/\" \/>\n<meta property=\"og:site_name\" content=\"LuggageHero\" \/>\n<meta property=\"article:publisher\" content=\"https:\/\/www.facebook.com\/luggagehero\" \/>\n<meta property=\"article:modified_time\" content=\"2023-09-04T10:58:24+00:00\" \/>\n<meta property=\"og:image\" content=\"https:\/\/luggagehero.com\/wp-content\/uploads\/2018\/02\/luggage_storage_waterloo_station-800x533.jpg\" \/>\n<meta name=\"twitter:card\" content=\"summary_large_image\" \/>\n<meta name=\"twitter:site\" content=\"@luggagehero\" \/>\n<meta name=\"twitter:label1\" content=\"Est. reading time\" \/>\n\t<meta name=\"twitter:data1\" content=\"2 minutes\" \/>\n<script type=\"application\/ld+json\" class=\"yoast-schema-graph\">{\"@context\":\"https:\/\/schema.org\",\"@graph\":[{\"@type\":\"WebPage\",\"@id\":\"https:\/\/luggagehero.com\/fr\/londres\/station-de-waterloo\/\",\"url\":\"https:\/\/luggagehero.com\/fr\/londres\/station-de-waterloo\/\",\"name\":\"Consignes \u00e0 bagages \u00e0 la station de Waterloo - 7j\/7 - \u00c0 partir de 1 \u00a3\/heure\",\"isPartOf\":{\"@id\":\"https:\/\/luggagehero.com\/fr\/#website\"},\"primaryImageOfPage\":{\"@id\":\"https:\/\/luggagehero.com\/fr\/londres\/station-de-waterloo\/#primaryimage\"},\"image\":{\"@id\":\"https:\/\/luggagehero.com\/fr\/londres\/station-de-waterloo\/#primaryimage\"},\"thumbnailUrl\":\"https:\/\/luggagehero.com\/wp-content\/uploads\/2023\/01\/grimshaw-develops-the-new-waterloo-station-masterplan-in-london_3.jpg\",\"datePublished\":\"2019-05-31T11:26:41+00:00\",\"dateModified\":\"2023-09-04T10:58:24+00:00\",\"description\":\"Service de consignes \u00e0 bagages pratique et \u00e9conomique pr\u00e8s de la station de Waterloo. \u00c0 partir de 1 \u00a3\/heure. Assurance de 2 200 \u00a3 incluse avec scell\u00e9s de s\u00e9curit\u00e9 fix\u00e9s sur chaque bagage. R\u00e9server en ligne.\",\"breadcrumb\":{\"@id\":\"https:\/\/luggagehero.com\/fr\/londres\/station-de-waterloo\/#breadcrumb\"},\"inLanguage\":\"fr-FR\",\"potentialAction\":[{\"@type\":\"ReadAction\",\"target\":[\"https:\/\/luggagehero.com\/fr\/londres\/station-de-waterloo\/\"]}]},{\"@type\":\"ImageObject\",\"inLanguage\":\"fr-FR\",\"@id\":\"https:\/\/luggagehero.com\/fr\/londres\/station-de-waterloo\/#primaryimage\",\"url\":\"https:\/\/luggagehero.com\/wp-content\/uploads\/2023\/01\/grimshaw-develops-the-new-waterloo-station-masterplan-in-london_3.jpg\",\"contentUrl\":\"https:\/\/luggagehero.com\/wp-content\/uploads\/2023\/01\/grimshaw-develops-the-new-waterloo-station-masterplan-in-london_3.jpg\",\"width\":2000,\"height\":1188,\"caption\":\"Waterloo Station\"},{\"@type\":\"BreadcrumbList\",\"@id\":\"https:\/\/luggagehero.com\/fr\/londres\/station-de-waterloo\/#breadcrumb\",\"itemListElement\":[{\"@type\":\"ListItem\",\"position\":1,\"name\":\"Home\",\"item\":\"https:\/\/luggagehero.com\/fr\/\"},{\"@type\":\"ListItem\",\"position\":2,\"name\":\"Londres\",\"item\":\"https:\/\/luggagehero.com\/fr\/londres\/\"},{\"@type\":\"ListItem\",\"position\":3,\"name\":\"Station de Waterloo\"}]},{\"@type\":\"WebSite\",\"@id\":\"https:\/\/luggagehero.com\/fr\/#website\",\"url\":\"https:\/\/luggagehero.com\/fr\/\",\"name\":\"LuggageHero\",\"description\":\"Free yourself from luggage\",\"publisher\":{\"@id\":\"https:\/\/luggagehero.com\/fr\/#organization\"},\"potentialAction\":[{\"@type\":\"SearchAction\",\"target\":{\"@type\":\"EntryPoint\",\"urlTemplate\":\"https:\/\/luggagehero.com\/fr\/?s={search_term_string}\"},\"query-input\":{\"@type\":\"PropertyValueSpecification\",\"valueRequired\":true,\"valueName\":\"search_term_string\"}}],\"inLanguage\":\"fr-FR\"},{\"@type\":\"Organization\",\"@id\":\"https:\/\/luggagehero.com\/fr\/#organization\",\"name\":\"LuggageHero\",\"url\":\"https:\/\/luggagehero.com\/fr\/\",\"logo\":{\"@type\":\"ImageObject\",\"inLanguage\":\"fr-FR\",\"@id\":\"https:\/\/luggagehero.com\/fr\/#\/schema\/logo\/image\/\",\"url\":\"https:\/\/luggagehero.com\/wp-content\/uploads\/2017\/04\/luggagehero_LOGO-RGB_kort_POS_200x200.png\",\"contentUrl\":\"https:\/\/luggagehero.com\/wp-content\/uploads\/2017\/04\/luggagehero_LOGO-RGB_kort_POS_200x200.png\",\"width\":200,\"height\":200,\"caption\":\"LuggageHero\"},\"image\":{\"@id\":\"https:\/\/luggagehero.com\/fr\/#\/schema\/logo\/image\/\"},\"sameAs\":[\"https:\/\/www.facebook.com\/luggagehero\",\"https:\/\/x.com\/luggagehero\",\"https:\/\/www.instagram.com\/luggagehero\",\"https:\/\/www.linkedin.com\/company\/luggagehero\/\"]}]}<\/script>\n<!-- \/ Yoast SEO Premium plugin. -->","yoast_head_json":{"title":"Consignes \u00e0 bagages \u00e0 la station de Waterloo - 7j\/7 - \u00c0 partir de 1 \u00a3\/heure","description":"Service de consignes \u00e0 bagages pratique et \u00e9conomique pr\u00e8s de la station de Waterloo. \u00c0 partir de 1 \u00a3\/heure. Assurance de 2 200 \u00a3 incluse avec scell\u00e9s de s\u00e9curit\u00e9 fix\u00e9s sur chaque bagage. R\u00e9server en ligne.","robots":{"index":"index","follow":"follow","max-snippet":"max-snippet:-1","max-image-preview":"max-image-preview:large","max-video-preview":"max-video-preview:-1"},"canonical":"https:\/\/luggagehero.com\/fr\/londres\/station-de-waterloo\/","og_locale":"fr_FR","og_type":"article","og_title":"Station de Waterloo","og_description":"Service de consignes \u00e0 bagages pratique et \u00e9conomique pr\u00e8s de la station de Waterloo. \u00c0 partir de 1 \u00a3\/heure. Assurance de 2 200 \u00a3 incluse avec scell\u00e9s de s\u00e9curit\u00e9 fix\u00e9s sur chaque bagage. R\u00e9server en ligne.","og_url":"https:\/\/luggagehero.com\/fr\/londres\/station-de-waterloo\/","og_site_name":"LuggageHero","article_publisher":"https:\/\/www.facebook.com\/luggagehero","article_modified_time":"2023-09-04T10:58:24+00:00","og_image":[{"url":"https:\/\/luggagehero.com\/wp-content\/uploads\/2018\/02\/luggage_storage_waterloo_station-800x533.jpg","type":"","width":"","height":""}],"twitter_card":"summary_large_image","twitter_site":"@luggagehero","twitter_misc":{"Est. reading time":"2 minutes"},"schema":{"@context":"https:\/\/schema.org","@graph":[{"@type":"WebPage","@id":"https:\/\/luggagehero.com\/fr\/londres\/station-de-waterloo\/","url":"https:\/\/luggagehero.com\/fr\/londres\/station-de-waterloo\/","name":"Consignes \u00e0 bagages \u00e0 la station de Waterloo - 7j\/7 - \u00c0 partir de 1 \u00a3\/heure","isPartOf":{"@id":"https:\/\/luggagehero.com\/fr\/#website"},"primaryImageOfPage":{"@id":"https:\/\/luggagehero.com\/fr\/londres\/station-de-waterloo\/#primaryimage"},"image":{"@id":"https:\/\/luggagehero.com\/fr\/londres\/station-de-waterloo\/#primaryimage"},"thumbnailUrl":"https:\/\/luggagehero.com\/wp-content\/uploads\/2023\/01\/grimshaw-develops-the-new-waterloo-station-masterplan-in-london_3.jpg","datePublished":"2019-05-31T11:26:41+00:00","dateModified":"2023-09-04T10:58:24+00:00","description":"Service de consignes \u00e0 bagages pratique et \u00e9conomique pr\u00e8s de la station de Waterloo. \u00c0 partir de 1 \u00a3\/heure. Assurance de 2 200 \u00a3 incluse avec scell\u00e9s de s\u00e9curit\u00e9 fix\u00e9s sur chaque bagage. R\u00e9server en ligne.","breadcrumb":{"@id":"https:\/\/luggagehero.com\/fr\/londres\/station-de-waterloo\/#breadcrumb"},"inLanguage":"fr-FR","potentialAction":[{"@type":"ReadAction","target":["https:\/\/luggagehero.com\/fr\/londres\/station-de-waterloo\/"]}]},{"@type":"ImageObject","inLanguage":"fr-FR","@id":"https:\/\/luggagehero.com\/fr\/londres\/station-de-waterloo\/#primaryimage","url":"https:\/\/luggagehero.com\/wp-content\/uploads\/2023\/01\/grimshaw-develops-the-new-waterloo-station-masterplan-in-london_3.jpg","contentUrl":"https:\/\/luggagehero.com\/wp-content\/uploads\/2023\/01\/grimshaw-develops-the-new-waterloo-station-masterplan-in-london_3.jpg","width":2000,"height":1188,"caption":"Waterloo Station"},{"@type":"BreadcrumbList","@id":"https:\/\/luggagehero.com\/fr\/londres\/station-de-waterloo\/#breadcrumb","itemListElement":[{"@type":"ListItem","position":1,"name":"Home","item":"https:\/\/luggagehero.com\/fr\/"},{"@type":"ListItem","position":2,"name":"Londres","item":"https:\/\/luggagehero.com\/fr\/londres\/"},{"@type":"ListItem","position":3,"name":"Station de Waterloo"}]},{"@type":"WebSite","@id":"https:\/\/luggagehero.com\/fr\/#website","url":"https:\/\/luggagehero.com\/fr\/","name":"LuggageHero","description":"Free yourself from luggage","publisher":{"@id":"https:\/\/luggagehero.com\/fr\/#organization"},"potentialAction":[{"@type":"SearchAction","target":{"@type":"EntryPoint","urlTemplate":"https:\/\/luggagehero.com\/fr\/?s={search_term_string}"},"query-input":{"@type":"PropertyValueSpecification","valueRequired":true,"valueName":"search_term_string"}}],"inLanguage":"fr-FR"},{"@type":"Organization","@id":"https:\/\/luggagehero.com\/fr\/#organization","name":"LuggageHero","url":"https:\/\/luggagehero.com\/fr\/","logo":{"@type":"ImageObject","inLanguage":"fr-FR","@id":"https:\/\/luggagehero.com\/fr\/#\/schema\/logo\/image\/","url":"https:\/\/luggagehero.com\/wp-content\/uploads\/2017\/04\/luggagehero_LOGO-RGB_kort_POS_200x200.png","contentUrl":"https:\/\/luggagehero.com\/wp-content\/uploads\/2017\/04\/luggagehero_LOGO-RGB_kort_POS_200x200.png","width":200,"height":200,"caption":"LuggageHero"},"image":{"@id":"https:\/\/luggagehero.com\/fr\/#\/schema\/logo\/image\/"},"sameAs":["https:\/\/www.facebook.com\/luggagehero","https:\/\/x.com\/luggagehero","https:\/\/www.instagram.com\/luggagehero","https:\/\/www.linkedin.com\/company\/luggagehero\/"]}]}},"place_id":"","place_latitude_longitude":"51.503165, -0.112305","place_name":"Station de Waterloo","criteria_title":"","criteria_description":"","meta_title":"","meta_description":"","children_criteria_title":"","children_criteria_description":"","children_meta_title":"","children_meta_description":"","_edit_last":"46","use_global_content":"","poi_type":"PublicTransit","content_raw":"Recherchez-vous une consigne \u00e0 bagages pr\u00e8s de la station de Waterloo ? Vous pouvez d\u00e9poser vos bagages dans l\u2019un de nos emplacements de consignes \u00e0 bagages juste \u00e0 c\u00f4t\u00e9 de la station. Nos emplacements partenaires prendront bien soin de vos bagages pendant que vous explorez <a href=\"https:\/\/luggagehero.com\/london\/\">Londres<\/a>.\r\n\r\nLes sites de d\u00e9p\u00f4t de bagages de LuggageHero sont des boutiques, h\u00f4tels et caf\u00e9s<a href=\"https:\/\/luggagehero.com\/about\/certified-shops\/\"> certifi\u00e9s<\/a>. Effectuer une r\u00e9servation \u00e0 l\u2019avance vous garantit d\u2019avoir une place pour vos bagages, mais si vos plans de voyage changent, vous pouvez facilement annuler votre r\u00e9servation \u00e0 n\u2019importe quel moment. L\u2019adresse et l\u2019itin\u00e9raire seront disponibles au moment de la r\u00e9servation et vous seront envoy\u00e9s par e-mail.\r\n\r\nLuggageHero utilise un minuteur de consigne pour calculer les heures utilis\u00e9es. Lorsque vous arrivez dans l\u2019\u00e9tablissement choisi, vous devrez d\u00e9clencher le minuteur de consigne sur votre page de r\u00e9servation. L\u2019arr\u00eat du minuteur de consigne lors de la r\u00e9cup\u00e9ration des bagages d\u00e9clenchera le traitement du paiement automatiquement. Tous les bagages sont scell\u00e9s avec nos <a href=\"https:\/\/luggagehero.com\/about\/security-seal\/\">scell\u00e9s de s\u00e9curit\u00e9<\/a> assurant chaque bagage jusqu\u2019\u00e0 [pricing insurancecoverage].\r\n<h2 style=\"text-align: center;\"><img class=\"aligncenter wp-image-1980 size-large\" src=\"https:\/\/luggagehero.com\/wp-content\/uploads\/2018\/02\/luggage_storage_waterloo_station-800x533.jpg\" alt=\"Station de Waterloo Londres\" width=\"800\" height=\"533\" \/><\/h2>\r\n<h2 style=\"text-align: center;\">Station de Waterloo<\/h2>\r\nLa station de Waterloo est une station de m\u00e9tro et une gare ferroviaire importante de <a href=\"https:\/\/luggagehero.com\/london\/\">Londres<\/a>. La station est situ\u00e9e pr\u00e8s de nombreuses attractions touristiques dont la <a href=\"https:\/\/luggagehero.com\/london\/london-eye\/\">London Eye<\/a>, le South Bank et County Hall. La station se situe dans le centre de Londres et est proche de Lambeth et de Southwark. La station de Waterloo se situe sur la Jubilee Line, la Bakerloo Line, et la Northern Line.\r\n\r\nLe service de consignes \u00e0 bagages LuggageHero pr\u00e8s de la station de Waterloo est la solution de consignes \u00e0 bagages la plus facile, pratique et \u00e9conomique. Laissez LuggageHero vous aider \u00e0 transformer vos trajets en vacances. Trouvez simplement la boutique qui correspond le mieux \u00e0 vos plans de voyage et effectuez une r\u00e9servation en ligne. Laissez vos bagages dans la boutique pour quelques heures ou plus, un d\u00e9p\u00f4t jusqu\u2019au lendemain peut \u00eatre g\u00e9r\u00e9 facilement.","_links":{"self":[{"href":"https:\/\/luggagehero.com\/fr\/wp-json\/wp\/v2\/pages\/7577","targetHints":{"allow":["GET"]}}],"collection":[{"href":"https:\/\/luggagehero.com\/fr\/wp-json\/wp\/v2\/pages"}],"about":[{"href":"https:\/\/luggagehero.com\/fr\/wp-json\/wp\/v2\/types\/page"}],"author":[{"embeddable":true,"href":"https:\/\/luggagehero.com\/fr\/wp-json\/wp\/v2\/users\/9"}],"replies":[{"embeddable":true,"href":"https:\/\/luggagehero.com\/fr\/wp-json\/wp\/v2\/comments?post=7577"}],"version-history":[{"count":0,"href":"https:\/\/luggagehero.com\/fr\/wp-json\/wp\/v2\/pages\/7577\/revisions"}],"up":[{"embeddable":true,"href":"https:\/\/luggagehero.com\/fr\/wp-json\/wp\/v2\/pages\/7549"}],"wp:featuredmedia":[{"embeddable":true,"href":"https:\/\/luggagehero.com\/fr\/wp-json\/wp\/v2\/media\/54563"}],"wp:attachment":[{"href":"https:\/\/luggagehero.com\/fr\/wp-json\/wp\/v2\/media?parent=7577"}],"curies":[{"name":"wp","href":"https:\/\/api.w.org\/{rel}","templated":true}]}}