{"id":7580,"date":"2022-06-29T11:26:44","date_gmt":"2022-06-29T11:26:44","guid":{"rendered":"https:\/\/luggagehero.com\/paris\/"},"modified":"2023-02-22T08:03:09","modified_gmt":"2023-02-22T08:03:09","slug":"paris","status":"publish","type":"page","link":"https:\/\/luggagehero.com\/fr\/paris\/","title":{"rendered":"Paris"},"content":{"rendered":"<h3><b>Notre service est similaire \u00e0 celui d\u2019une bagagerie d\u2019h\u00f4tel<\/b><\/h3>\n<p><span style=\"font-weight: 400;\">De nombreux voyageurs qui ont s\u00e9journ\u00e9 dans des h\u00f4tels ont demand\u00e9 \u00e0 la r\u00e9ception s\u2019ils pouvaient d\u00e9poser leurs bagages jusqu\u2019\u00e0 ce qu\u2019ils quittent la ville plus tard dans la journ\u00e9e. Globalement, nous offrons le m\u00eame service \u00e0 tous les voyageurs, qu\u2019ils s\u00e9journent dans un h\u00f4tel, un Airbnb ou un autre endroit. Nous sommes toujours pr\u00eats \u00e0 vous aider. <\/span><\/p>\n<p><span style=\"font-weight: 400;\">D\u00e9posez vos bagages en utilisant le r\u00e9seau de boutiques locales de LuggageHero situ\u00e9es \u00e0 Paris.<\/span><\/p>\n<youtube-embed class=\"youtube-embed\" yt-id=\"JQHjUFfd_TQ\"><\/youtube-embed>\n<p><span style=\"font-weight: 400;\">Les consignes \u00e0 bagages n\u2019ont n\u2019a jamais \u00e9t\u00e9 aussi faciles\u00a0! Il suffit de se rendre sur la plateforme de r\u00e9servation de LuggageHero pour trouver un site de consigne pratique \u00e0 l\u2019int\u00e9rieur d\u2019une boutique ou d\u2019un autre type de commerce \u2013 tous <\/span><a href=\"https:\/\/luggagehero.com\/about\/certified-shops\/\"><span style=\"font-weight: 400;\">v\u00e9rifi\u00e9s par nos soins<\/span><\/a><span style=\"font-weight: 400;\">. Gr\u00e2ce \u00e0 notre carte, vous pouvez localiser les boutiques situ\u00e9es \u00e0 proximit\u00e9 des gares, a\u00e9roports ou principales attractions touristiques et y d\u00e9poser vos bagages.<\/span><\/p>\n<p><img loading=\"lazy\" decoding=\"async\" class=\"aligncenter size-medium wp-image-10290\" src=\"https:\/\/luggagehero.com\/wp-content\/uploads\/2019\/10\/LuggageHero_figur_fod-paa-kufferter-1-720x907-1-300x378.png\" alt=\"LuggageHero est pr\u00eat \u00e0 r\u00e9pondre \u00e0 vos questions sur les consignes \u00e0 bagages\" width=\"300\" height=\"378\" srcset=\"https:\/\/luggagehero.com\/wp-content\/uploads\/2019\/10\/LuggageHero_figur_fod-paa-kufferter-1-720x907-1-300x378.png 300w, https:\/\/luggagehero.com\/wp-content\/uploads\/2019\/10\/LuggageHero_figur_fod-paa-kufferter-1-720x907-1-600x756.png 600w, https:\/\/luggagehero.com\/wp-content\/uploads\/2019\/10\/LuggageHero_figur_fod-paa-kufferter-1-720x907-1.png 720w\" sizes=\"auto, (max-width: 300px) 100vw, 300px\" \/><\/p>\n<p>\u00a0<\/p>\n<p><b>Bons de r\u00e9duction \u2013<\/b>\u00a0<a href=\"https:\/\/luggagehero.com\/discount-code\/\"> <b>Cliquez ici<\/b><\/a><b> pour voir si nous en avons des r\u00e9ductions disponibles en ce moment pour <\/b><span style=\"font-weight: 400;\">Paris<\/span><b>.<\/b><\/p>\n<h3><strong>Voir quelques-uns de nos sites \u00e0 Paris\u00a0:<\/strong><\/h3>\n<ul class=\"sub-menu\">\n<li><a href=\"https:\/\/luggagehero.com\/paris\/notre-dame-saint-michel\/?utm_source=luggagestorage.paris&amp;utm_medium=Microsite\">Notre-Dame \u2013 Saint Michel<\/a><\/li>\n<li><a href=\"https:\/\/luggagehero.com\/paris\/chatalet-les-halles\/?utm_source=luggagestorage.paris&amp;utm_medium=Microsite\">Ch\u00e2telet\u2013Les Halles<\/a><\/li>\n<li><a href=\"https:\/\/luggagehero.com\/paris\/gare-saint-lazare\/?utm_source=luggagestorage.paris&amp;utm_medium=Microsite\">Gare Saint-Lazare<\/a><\/li>\n<li><a href=\"https:\/\/luggagehero.com\/paris\/gare-montparnasse\/?utm_source=luggagestorage.paris&amp;utm_medium=Microsite\">Montparnasse<\/a><\/li>\n<li><a href=\"https:\/\/luggagehero.com\/paris\/gare-de-lyon\/?utm_source=luggagestorage.paris&amp;utm_medium=Microsite\">Gare de Lyon<\/a><\/li>\n<li><a href=\"https:\/\/luggagehero.com\/paris\/gare-de-lest\/?utm_source=luggagestorage.paris&amp;utm_medium=Microsite\">Gare de l\u2019Est<\/a><\/li>\n<li><a href=\"https:\/\/luggagehero.com\/paris\/eiffel-tower\/?utm_source=luggagestorage.paris&amp;utm_medium=Microsite\">La tour Eiffel<\/a><\/li>\n<li><a href=\"https:\/\/luggagehero.com\/paris\/louvre\/?utm_source=luggagestorage.paris&amp;utm_medium=Microsite\">Louvre<\/a><\/li>\n<li><a href=\"https:\/\/luggagehero.com\/paris\/le-parc-des-princes\/\">Le stade du Parc des Princes<\/a><\/li>\n<\/ul>\n<h3><strong><b data-stringify-type=\"bold\">2026<\/b> Guide\u00a0: Consignes \u00e0 bagages \u00e0 Paris<\/strong><\/h3>\n<p>Les r\u00e8gles et les r\u00e9glementations peuvent vous para\u00eetre confus et vous vous demandez peut-\u00eatre o\u00f9 les sacs et les bagages peuvent \u00eatre d\u00e9pos\u00e9s pr\u00e8s de la destination de votre voyage. Vous vous demandez peut-\u00eatre o\u00f9 d\u00e9poser des bagages \u00e0 Paris. LuggageHero vous comprend et est ravi de vous offrir clart\u00e9 et assistance. Tout ce que vous avez \u00e0 faire \u00e0 faire est de cliquer sur <a href=\"https:\/\/luggagehero.com\/luggage-storage-guide\/paris\/\" target=\"_blank\" rel=\"noopener noreferrer\">Trouver une consigne et des casiers dans Paris<\/a> et de jeter un coup d\u2019\u0153il pour trouver rapidement toutes les informations actualis\u00e9es dont vous avez besoin pour votre incroyable voyage. Par ailleurs, si vous avez besoin d\u2019un peu d\u2019inspiration pour votre voyage, nous vous encourageons \u00e0 jeter un coup d\u2019\u0153il aux gagnants du \u00ab\u00a0Best Travel Blogs Paris 2020\u00a0\u00bb. Cliquez <a href=\"https:\/\/luggagehero.com\/2020-best-travel-blogs-paris-awards\/\">ici<\/a> pour voir qui est le gagnant et lire un court texte sur le sujet de son blog.<\/p>\n<p>Ou pour les vrais amoureux des voyages, d\u00e9couvrez notre autre guide sur les itin\u00e9raires pour voir le meilleur de Londres en cliquant\u00a0<a href=\"https:\/\/luggagestorage.paris\/\">ici<\/a>.<\/p>\n<p>D\u00e9couvrez pourquoi\u00a0<a href=\"https:\/\/knockknock.city\/luggage-storage\/paris\/\">KnockKnock<\/a>\u00a0et\u00a0<a href=\"https:\/\/paris.luggagestorage.info\/\">Luggagestore.com<\/a>\u00a0vous recommandent d\u2019entreposer vos bagages avec LuggageHero\u00a0!\u00a0\u00a0\u00c9galement pr\u00e9sent\u00e9 dans le\u00a0<a href=\"https:\/\/www.nytimes.com\/2018\/03\/02\/travel\/getaway-luggage-storage.html\">New York Times<\/a>,\u00a0<a href=\"https:\/\/www.lonelyplanet.com\/articles\/drop-your-luggage-off-to-be-minded\">dans Lonely Planet<\/a> et sur <a href=\"https:\/\/www.cnbc.com\/2019\/03\/31\/luggage-storage-apps-can-solve-the-where-do-i-stash-my-bags-problem.html\">CNBC<\/a>.<\/p>\n<p><img loading=\"lazy\" decoding=\"async\" class=\" wp-image-46649 aligncenter\" src=\"https:\/\/luggagehero.com\/wp-content\/uploads\/2022\/06\/Fascinerende-Udsigtspunkter-i-Paris-Trocadero-Pladsen-Rejs-Dig-Lykkelig-300x200.jpg\" alt=\"\" width=\"740\" height=\"494\" srcset=\"https:\/\/luggagehero.com\/wp-content\/uploads\/2022\/06\/Fascinerende-Udsigtspunkter-i-Paris-Trocadero-Pladsen-Rejs-Dig-Lykkelig-300x200.jpg 300w, https:\/\/luggagehero.com\/wp-content\/uploads\/2022\/06\/Fascinerende-Udsigtspunkter-i-Paris-Trocadero-Pladsen-Rejs-Dig-Lykkelig-800x533.jpg 800w, https:\/\/luggagehero.com\/wp-content\/uploads\/2022\/06\/Fascinerende-Udsigtspunkter-i-Paris-Trocadero-Pladsen-Rejs-Dig-Lykkelig-600x400.jpg 600w, https:\/\/luggagehero.com\/wp-content\/uploads\/2022\/06\/Fascinerende-Udsigtspunkter-i-Paris-Trocadero-Pladsen-Rejs-Dig-Lykkelig-1536x1024.jpg 1536w, https:\/\/luggagehero.com\/wp-content\/uploads\/2022\/06\/Fascinerende-Udsigtspunkter-i-Paris-Trocadero-Pladsen-Rejs-Dig-Lykkelig.jpg 1800w\" sizes=\"auto, (max-width: 740px) 100vw, 740px\" \/><\/p>\n","protected":false},"excerpt":{"rendered":"<p>Notre service est similaire \u00e0 celui d\u2019une bagagerie d\u2019h\u00f4tel De nombreux voyageurs qui ont s\u00e9journ\u00e9 dans des h\u00f4tels ont demand\u00e9 \u00e0 la r\u00e9ception s\u2019ils pouvaient d\u00e9poser leurs bagages jusqu\u2019\u00e0 ce qu\u2019ils quittent la ville plus tard dans la journ\u00e9e. Globalement, nous offrons le m\u00eame service \u00e0 tous les voyageurs, qu\u2019ils s\u00e9journent dans un h\u00f4tel, un [&hellip;]<\/p>\n","protected":false},"author":9,"featured_media":42570,"parent":0,"menu_order":0,"comment_status":"closed","ping_status":"closed","template":"template-location.php","meta":{"_acf_changed":false,"footnotes":""},"class_list":["post-7580","page","type-page","status-publish","has-post-thumbnail","hentry"],"acf":[],"yoast_head":"<!-- This site is optimized with the Yoast SEO Premium plugin v27.0 (Yoast SEO v27.0) - https:\/\/yoast.com\/product\/yoast-seo-premium-wordpress\/ -->\n<title>Consignes \u00e0 bagages \u00e0 Paris | 1\u00a0\u20ac\/heure seulement<\/title>\n<meta name=\"description\" content=\"Consignes \u00e0 bagages \u00e0 Paris simples et pas ch\u00e8res. Plus de 40\u00a0boutiques disponibles \u00e0 Paris. Ouvert 24\u00a0h\/24, 7\u00a0j\/7. Une assurance de 2\u00a0500\u00a0\u20ac peut \u00eatre ajout\u00e9e \u2013 Profitez simplement de la ville.\" \/>\n<meta name=\"robots\" content=\"index, follow, max-snippet:-1, max-image-preview:large, max-video-preview:-1\" \/>\n<link rel=\"canonical\" href=\"https:\/\/luggagehero.com\/fr\/paris\/\" \/>\n<meta property=\"og:locale\" content=\"fr_FR\" \/>\n<meta property=\"og:type\" content=\"article\" \/>\n<meta property=\"og:title\" content=\"Paris\" \/>\n<meta property=\"og:description\" content=\"Consignes \u00e0 bagages \u00e0 Paris simples et pas ch\u00e8res. Plus de 40\u00a0boutiques disponibles \u00e0 Paris. Ouvert 24\u00a0h\/24, 7\u00a0j\/7. Une assurance de 2\u00a0500\u00a0\u20ac peut \u00eatre ajout\u00e9e \u2013 Profitez simplement de la ville.\" \/>\n<meta property=\"og:url\" content=\"https:\/\/luggagehero.com\/fr\/paris\/\" \/>\n<meta property=\"og:site_name\" content=\"LuggageHero\" \/>\n<meta property=\"article:publisher\" content=\"https:\/\/www.facebook.com\/luggagehero\" \/>\n<meta property=\"article:modified_time\" content=\"2023-02-22T08:03:09+00:00\" \/>\n<meta property=\"og:image\" content=\"https:\/\/luggagehero.com\/wp-content\/uploads\/2022\/02\/1B96450A-6B76-4133-9917-4911459915C8.jpeg\" \/>\n\t<meta property=\"og:image:width\" content=\"1000\" \/>\n\t<meta property=\"og:image:height\" content=\"665\" \/>\n\t<meta property=\"og:image:type\" content=\"image\/jpeg\" \/>\n<meta name=\"twitter:card\" content=\"summary_large_image\" \/>\n<meta name=\"twitter:site\" content=\"@luggagehero\" \/>\n<meta name=\"twitter:label1\" content=\"Est. reading time\" \/>\n\t<meta name=\"twitter:data1\" content=\"9 minutes\" \/>\n<script type=\"application\/ld+json\" class=\"yoast-schema-graph\">{\"@context\":\"https:\/\/schema.org\",\"@graph\":[{\"@type\":\"WebPage\",\"@id\":\"https:\/\/luggagehero.com\/fr\/paris\/\",\"url\":\"https:\/\/luggagehero.com\/fr\/paris\/\",\"name\":\"Consignes \u00e0 bagages \u00e0 Paris | 1\u00a0\u20ac\/heure seulement\",\"isPartOf\":{\"@id\":\"https:\/\/luggagehero.com\/fr\/#website\"},\"primaryImageOfPage\":{\"@id\":\"https:\/\/luggagehero.com\/fr\/paris\/#primaryimage\"},\"image\":{\"@id\":\"https:\/\/luggagehero.com\/fr\/paris\/#primaryimage\"},\"thumbnailUrl\":\"https:\/\/luggagehero.com\/wp-content\/uploads\/2022\/02\/1B96450A-6B76-4133-9917-4911459915C8.jpeg\",\"datePublished\":\"2022-06-29T11:26:44+00:00\",\"dateModified\":\"2023-02-22T08:03:09+00:00\",\"description\":\"Consignes \u00e0 bagages \u00e0 Paris simples et pas ch\u00e8res. Plus de 40\u00a0boutiques disponibles \u00e0 Paris. Ouvert 24\u00a0h\/24, 7\u00a0j\/7. Une assurance de 2\u00a0500\u00a0\u20ac peut \u00eatre ajout\u00e9e \u2013 Profitez simplement de la ville.\",\"breadcrumb\":{\"@id\":\"https:\/\/luggagehero.com\/fr\/paris\/#breadcrumb\"},\"inLanguage\":\"fr-FR\",\"potentialAction\":[{\"@type\":\"ReadAction\",\"target\":[\"https:\/\/luggagehero.com\/fr\/paris\/\"]}]},{\"@type\":\"ImageObject\",\"inLanguage\":\"fr-FR\",\"@id\":\"https:\/\/luggagehero.com\/fr\/paris\/#primaryimage\",\"url\":\"https:\/\/luggagehero.com\/wp-content\/uploads\/2022\/02\/1B96450A-6B76-4133-9917-4911459915C8.jpeg\",\"contentUrl\":\"https:\/\/luggagehero.com\/wp-content\/uploads\/2022\/02\/1B96450A-6B76-4133-9917-4911459915C8.jpeg\",\"width\":1000,\"height\":665},{\"@type\":\"BreadcrumbList\",\"@id\":\"https:\/\/luggagehero.com\/fr\/paris\/#breadcrumb\",\"itemListElement\":[{\"@type\":\"ListItem\",\"position\":1,\"name\":\"Home\",\"item\":\"https:\/\/luggagehero.com\/fr\/\"},{\"@type\":\"ListItem\",\"position\":2,\"name\":\"Paris\"}]},{\"@type\":\"WebSite\",\"@id\":\"https:\/\/luggagehero.com\/fr\/#website\",\"url\":\"https:\/\/luggagehero.com\/fr\/\",\"name\":\"LuggageHero\",\"description\":\"Free yourself from luggage\",\"publisher\":{\"@id\":\"https:\/\/luggagehero.com\/fr\/#organization\"},\"potentialAction\":[{\"@type\":\"SearchAction\",\"target\":{\"@type\":\"EntryPoint\",\"urlTemplate\":\"https:\/\/luggagehero.com\/fr\/?s={search_term_string}\"},\"query-input\":{\"@type\":\"PropertyValueSpecification\",\"valueRequired\":true,\"valueName\":\"search_term_string\"}}],\"inLanguage\":\"fr-FR\"},{\"@type\":\"Organization\",\"@id\":\"https:\/\/luggagehero.com\/fr\/#organization\",\"name\":\"LuggageHero\",\"url\":\"https:\/\/luggagehero.com\/fr\/\",\"logo\":{\"@type\":\"ImageObject\",\"inLanguage\":\"fr-FR\",\"@id\":\"https:\/\/luggagehero.com\/fr\/#\/schema\/logo\/image\/\",\"url\":\"https:\/\/luggagehero.com\/wp-content\/uploads\/2017\/04\/luggagehero_LOGO-RGB_kort_POS_200x200.png\",\"contentUrl\":\"https:\/\/luggagehero.com\/wp-content\/uploads\/2017\/04\/luggagehero_LOGO-RGB_kort_POS_200x200.png\",\"width\":200,\"height\":200,\"caption\":\"LuggageHero\"},\"image\":{\"@id\":\"https:\/\/luggagehero.com\/fr\/#\/schema\/logo\/image\/\"},\"sameAs\":[\"https:\/\/www.facebook.com\/luggagehero\",\"https:\/\/x.com\/luggagehero\",\"https:\/\/www.instagram.com\/luggagehero\",\"https:\/\/www.linkedin.com\/company\/luggagehero\/\"]}]}<\/script>\n<!-- \/ Yoast SEO Premium plugin. -->","yoast_head_json":{"title":"Consignes \u00e0 bagages \u00e0 Paris | 1\u00a0\u20ac\/heure seulement","description":"Consignes \u00e0 bagages \u00e0 Paris simples et pas ch\u00e8res. Plus de 40\u00a0boutiques disponibles \u00e0 Paris. Ouvert 24\u00a0h\/24, 7\u00a0j\/7. Une assurance de 2\u00a0500\u00a0\u20ac peut \u00eatre ajout\u00e9e \u2013 Profitez simplement de la ville.","robots":{"index":"index","follow":"follow","max-snippet":"max-snippet:-1","max-image-preview":"max-image-preview:large","max-video-preview":"max-video-preview:-1"},"canonical":"https:\/\/luggagehero.com\/fr\/paris\/","og_locale":"fr_FR","og_type":"article","og_title":"Paris","og_description":"Consignes \u00e0 bagages \u00e0 Paris simples et pas ch\u00e8res. Plus de 40\u00a0boutiques disponibles \u00e0 Paris. Ouvert 24\u00a0h\/24, 7\u00a0j\/7. Une assurance de 2\u00a0500\u00a0\u20ac peut \u00eatre ajout\u00e9e \u2013 Profitez simplement de la ville.","og_url":"https:\/\/luggagehero.com\/fr\/paris\/","og_site_name":"LuggageHero","article_publisher":"https:\/\/www.facebook.com\/luggagehero","article_modified_time":"2023-02-22T08:03:09+00:00","og_image":[{"width":1000,"height":665,"url":"https:\/\/luggagehero.com\/wp-content\/uploads\/2022\/02\/1B96450A-6B76-4133-9917-4911459915C8.jpeg","type":"image\/jpeg"}],"twitter_card":"summary_large_image","twitter_site":"@luggagehero","twitter_misc":{"Est. reading time":"9 minutes"},"schema":{"@context":"https:\/\/schema.org","@graph":[{"@type":"WebPage","@id":"https:\/\/luggagehero.com\/fr\/paris\/","url":"https:\/\/luggagehero.com\/fr\/paris\/","name":"Consignes \u00e0 bagages \u00e0 Paris | 1\u00a0\u20ac\/heure seulement","isPartOf":{"@id":"https:\/\/luggagehero.com\/fr\/#website"},"primaryImageOfPage":{"@id":"https:\/\/luggagehero.com\/fr\/paris\/#primaryimage"},"image":{"@id":"https:\/\/luggagehero.com\/fr\/paris\/#primaryimage"},"thumbnailUrl":"https:\/\/luggagehero.com\/wp-content\/uploads\/2022\/02\/1B96450A-6B76-4133-9917-4911459915C8.jpeg","datePublished":"2022-06-29T11:26:44+00:00","dateModified":"2023-02-22T08:03:09+00:00","description":"Consignes \u00e0 bagages \u00e0 Paris simples et pas ch\u00e8res. Plus de 40\u00a0boutiques disponibles \u00e0 Paris. Ouvert 24\u00a0h\/24, 7\u00a0j\/7. Une assurance de 2\u00a0500\u00a0\u20ac peut \u00eatre ajout\u00e9e \u2013 Profitez simplement de la ville.","breadcrumb":{"@id":"https:\/\/luggagehero.com\/fr\/paris\/#breadcrumb"},"inLanguage":"fr-FR","potentialAction":[{"@type":"ReadAction","target":["https:\/\/luggagehero.com\/fr\/paris\/"]}]},{"@type":"ImageObject","inLanguage":"fr-FR","@id":"https:\/\/luggagehero.com\/fr\/paris\/#primaryimage","url":"https:\/\/luggagehero.com\/wp-content\/uploads\/2022\/02\/1B96450A-6B76-4133-9917-4911459915C8.jpeg","contentUrl":"https:\/\/luggagehero.com\/wp-content\/uploads\/2022\/02\/1B96450A-6B76-4133-9917-4911459915C8.jpeg","width":1000,"height":665},{"@type":"BreadcrumbList","@id":"https:\/\/luggagehero.com\/fr\/paris\/#breadcrumb","itemListElement":[{"@type":"ListItem","position":1,"name":"Home","item":"https:\/\/luggagehero.com\/fr\/"},{"@type":"ListItem","position":2,"name":"Paris"}]},{"@type":"WebSite","@id":"https:\/\/luggagehero.com\/fr\/#website","url":"https:\/\/luggagehero.com\/fr\/","name":"LuggageHero","description":"Free yourself from luggage","publisher":{"@id":"https:\/\/luggagehero.com\/fr\/#organization"},"potentialAction":[{"@type":"SearchAction","target":{"@type":"EntryPoint","urlTemplate":"https:\/\/luggagehero.com\/fr\/?s={search_term_string}"},"query-input":{"@type":"PropertyValueSpecification","valueRequired":true,"valueName":"search_term_string"}}],"inLanguage":"fr-FR"},{"@type":"Organization","@id":"https:\/\/luggagehero.com\/fr\/#organization","name":"LuggageHero","url":"https:\/\/luggagehero.com\/fr\/","logo":{"@type":"ImageObject","inLanguage":"fr-FR","@id":"https:\/\/luggagehero.com\/fr\/#\/schema\/logo\/image\/","url":"https:\/\/luggagehero.com\/wp-content\/uploads\/2017\/04\/luggagehero_LOGO-RGB_kort_POS_200x200.png","contentUrl":"https:\/\/luggagehero.com\/wp-content\/uploads\/2017\/04\/luggagehero_LOGO-RGB_kort_POS_200x200.png","width":200,"height":200,"caption":"LuggageHero"},"image":{"@id":"https:\/\/luggagehero.com\/fr\/#\/schema\/logo\/image\/"},"sameAs":["https:\/\/www.facebook.com\/luggagehero","https:\/\/x.com\/luggagehero","https:\/\/www.instagram.com\/luggagehero","https:\/\/www.linkedin.com\/company\/luggagehero\/"]}]}},"place_id":"","place_latitude_longitude":"48.8809,2.3552","place_name":"Paris","criteria_title":"Consignes \u00e0 bagages dans plus de 40\u00a0sites autour de [location]","criteria_description":"Les seules consignes \u00e0 bagages \u00e0 offrir le choix entre un tarif horaire et un tarif journalier \u00e0 [location]\n","meta_title":"Consignes \u00e0 bagages [location] \u2013 40\u00a0sites \u2013 24\u00a0h\/24, 7\u00a0j\/7 \u2013 \u00c0 partir de [pricingfixed hourlyrate]\/heure ou payez pour une journ\u00e9e compl\u00e8te","meta_description":"Les seules consignes \u00e0 offrir le choix entre un tarif horaire et un tarif journalier \u00e0 [location]. 40\u00a0boutiques, ouvert 24\u00a0h\/24, 7\u00a0j\/7. Assurance et sceau de s\u00e9curit\u00e9 inclus \n","children_criteria_title":"Consignes \u00e0 bagages \u00e0 [location]","children_criteria_description":"Les seules consignes \u00e0 bagages \u00e0 offrir le choix entre un tarif horaire et un tarif journalier \u00e0 [location] \n","children_meta_title":"Consignes et casiers \u00e0 bagages \u00e0 [location] \u2013 Simple et pratique","children_meta_description":"Les seules consignes \u00e0 offrir le choix entre un tarif horaire et un tarif journalier pour plus de flexibilit\u00e9. Disponible dans plus de 40\u00a0boutiques \u00e0 Paris et toujours pr\u00e8s de chez vous. \u00c0 partir de [pricingfixed hourlyrate]\/heure. Facilit\u00e9 des paiements.","_edit_last":"9","use_global_content":"0","poi_type":"","content_raw":"<h3><b>Notre service est similaire \u00e0 celui d\u2019une bagagerie d\u2019h\u00f4tel<\/b><\/h3>\n<span style=\"font-weight: 400;\">De nombreux voyageurs qui ont s\u00e9journ\u00e9 dans des h\u00f4tels ont demand\u00e9 \u00e0 la r\u00e9ception s\u2019ils pouvaient d\u00e9poser leurs bagages jusqu\u2019\u00e0 ce qu\u2019ils quittent la ville plus tard dans la journ\u00e9e. Globalement, nous offrons le m\u00eame service \u00e0 tous les voyageurs, qu\u2019ils s\u00e9journent dans un h\u00f4tel, un Airbnb ou un autre endroit. Nous sommes toujours pr\u00eats \u00e0 vous aider. <\/span>\n\n<span style=\"font-weight: 400;\">D\u00e9posez vos bagages en utilisant le r\u00e9seau de boutiques locales de LuggageHero situ\u00e9es \u00e0 [location].<\/span>\n\n[youtube-embed id=JQHjUFfd_TQ]\n\n<span style=\"font-weight: 400;\">Les consignes \u00e0 bagages n\u2019ont n\u2019a jamais \u00e9t\u00e9 aussi faciles\u00a0! Il suffit de se rendre sur la plateforme de r\u00e9servation de LuggageHero pour trouver un site de consigne pratique \u00e0 l\u2019int\u00e9rieur d\u2019une boutique ou d\u2019un autre type de commerce \u2013 tous <\/span><a href=\"https:\/\/luggagehero.com\/about\/certified-shops\/\"><span style=\"font-weight: 400;\">v\u00e9rifi\u00e9s par nos soins<\/span><\/a><span style=\"font-weight: 400;\">. Gr\u00e2ce \u00e0 notre carte, vous pouvez localiser les boutiques situ\u00e9es \u00e0 proximit\u00e9 des gares, a\u00e9roports ou principales attractions touristiques et y d\u00e9poser vos bagages.<\/span>\n\n<img class=\"aligncenter size-medium wp-image-10290\" src=\"https:\/\/luggagehero.com\/wp-content\/uploads\/2019\/10\/LuggageHero_figur_fod-paa-kufferter-1-720x907-1-300x378.png\" alt=\"LuggageHero est pr\u00eat \u00e0 r\u00e9pondre \u00e0 vos questions sur les consignes \u00e0 bagages\" width=\"300\" height=\"378\" \/>\n\n\u00a0\n\n<b>Bons de r\u00e9duction \u2013<\/b>\u00a0<a href=\"https:\/\/luggagehero.com\/discount-code\/\"> <b>Cliquez ici<\/b><\/a><b> pour voir si nous en avons des r\u00e9ductions disponibles en ce moment pour <\/b><span style=\"font-weight: 400;\">[location]<\/span><b>.<\/b>\n<h3><strong>Voir quelques-uns de nos sites \u00e0 Paris\u00a0:<\/strong><\/h3>\n<ul class=\"sub-menu\">\n \t<li><a href=\"https:\/\/luggagehero.com\/paris\/notre-dame-saint-michel\/?utm_source=luggagestorage.paris&amp;utm_medium=Microsite\">Notre-Dame \u2013 Saint Michel<\/a><\/li>\n \t<li><a href=\"https:\/\/luggagehero.com\/paris\/chatalet-les-halles\/?utm_source=luggagestorage.paris&amp;utm_medium=Microsite\">Ch\u00e2telet\u2013Les Halles<\/a><\/li>\n \t<li><a href=\"https:\/\/luggagehero.com\/paris\/gare-saint-lazare\/?utm_source=luggagestorage.paris&amp;utm_medium=Microsite\">Gare Saint-Lazare<\/a><\/li>\n \t<li><a href=\"https:\/\/luggagehero.com\/paris\/gare-montparnasse\/?utm_source=luggagestorage.paris&amp;utm_medium=Microsite\">Montparnasse<\/a><\/li>\n \t<li><a href=\"https:\/\/luggagehero.com\/paris\/gare-de-lyon\/?utm_source=luggagestorage.paris&amp;utm_medium=Microsite\">Gare de Lyon<\/a><\/li>\n \t<li><a href=\"https:\/\/luggagehero.com\/paris\/gare-de-lest\/?utm_source=luggagestorage.paris&amp;utm_medium=Microsite\">Gare de l\u2019Est<\/a><\/li>\n \t<li><a href=\"https:\/\/luggagehero.com\/paris\/eiffel-tower\/?utm_source=luggagestorage.paris&amp;utm_medium=Microsite\">La tour Eiffel<\/a><\/li>\n \t<li><a href=\"https:\/\/luggagehero.com\/paris\/louvre\/?utm_source=luggagestorage.paris&amp;utm_medium=Microsite\">Louvre<\/a><\/li>\n \t<li><a href=\"https:\/\/luggagehero.com\/paris\/le-parc-des-princes\/\">Le stade du Parc des Princes<\/a><\/li>\n<\/ul>\n<h3><strong><b data-stringify-type=\"bold\">[year]<\/b> Guide\u00a0: Consignes \u00e0 bagages \u00e0 Paris<\/strong><\/h3>\nLes r\u00e8gles et les r\u00e9glementations peuvent vous para\u00eetre confus et vous vous demandez peut-\u00eatre o\u00f9 les sacs et les bagages peuvent \u00eatre d\u00e9pos\u00e9s pr\u00e8s de la destination de votre voyage. Vous vous demandez peut-\u00eatre o\u00f9 d\u00e9poser des bagages \u00e0 Paris. LuggageHero vous comprend et est ravi de vous offrir clart\u00e9 et assistance. Tout ce que vous avez \u00e0 faire \u00e0 faire est de cliquer sur <a href=\"https:\/\/luggagehero.com\/luggage-storage-guide\/paris\/\" target=\"_blank\" rel=\"noopener noreferrer\">Trouver une consigne et des casiers dans Paris<\/a> et de jeter un coup d\u2019\u0153il pour trouver rapidement toutes les informations actualis\u00e9es dont vous avez besoin pour votre incroyable voyage. Par ailleurs, si vous avez besoin d\u2019un peu d\u2019inspiration pour votre voyage, nous vous encourageons \u00e0 jeter un coup d\u2019\u0153il aux gagnants du \u00ab\u00a0Best Travel Blogs Paris 2020\u00a0\u00bb. Cliquez <a href=\"https:\/\/luggagehero.com\/2020-best-travel-blogs-paris-awards\/\">ici<\/a> pour voir qui est le gagnant et lire un court texte sur le sujet de son blog.\n\nOu pour les vrais amoureux des voyages, d\u00e9couvrez notre autre guide sur les itin\u00e9raires pour voir le meilleur de Londres en cliquant\u00a0<a href=\"https:\/\/luggagestorage.paris\/\">ici<\/a>.\n\nD\u00e9couvrez pourquoi\u00a0<a href=\"https:\/\/knockknock.city\/luggage-storage\/paris\/\">KnockKnock<\/a>\u00a0et\u00a0<a href=\"https:\/\/paris.luggagestorage.info\/\">Luggagestore.com<\/a>\u00a0vous recommandent d\u2019entreposer vos bagages avec LuggageHero\u00a0!\u00a0\u00a0\u00c9galement pr\u00e9sent\u00e9 dans le\u00a0<a href=\"https:\/\/www.nytimes.com\/2018\/03\/02\/travel\/getaway-luggage-storage.html\">New York Times<\/a>,\u00a0<a href=\"https:\/\/www.lonelyplanet.com\/articles\/drop-your-luggage-off-to-be-minded\">dans Lonely Planet<\/a> et sur <a href=\"https:\/\/www.cnbc.com\/2019\/03\/31\/luggage-storage-apps-can-solve-the-where-do-i-stash-my-bags-problem.html\">CNBC<\/a>.\n\n<img class=\" wp-image-46649 aligncenter\" src=\"https:\/\/luggagehero.com\/wp-content\/uploads\/2022\/06\/Fascinerende-Udsigtspunkter-i-Paris-Trocadero-Pladsen-Rejs-Dig-Lykkelig-300x200.jpg\" alt=\"\" width=\"740\" height=\"494\" \/>","_links":{"self":[{"href":"https:\/\/luggagehero.com\/fr\/wp-json\/wp\/v2\/pages\/7580","targetHints":{"allow":["GET"]}}],"collection":[{"href":"https:\/\/luggagehero.com\/fr\/wp-json\/wp\/v2\/pages"}],"about":[{"href":"https:\/\/luggagehero.com\/fr\/wp-json\/wp\/v2\/types\/page"}],"author":[{"embeddable":true,"href":"https:\/\/luggagehero.com\/fr\/wp-json\/wp\/v2\/users\/9"}],"replies":[{"embeddable":true,"href":"https:\/\/luggagehero.com\/fr\/wp-json\/wp\/v2\/comments?post=7580"}],"version-history":[{"count":0,"href":"https:\/\/luggagehero.com\/fr\/wp-json\/wp\/v2\/pages\/7580\/revisions"}],"wp:featuredmedia":[{"embeddable":true,"href":"https:\/\/luggagehero.com\/fr\/wp-json\/wp\/v2\/media\/42570"}],"wp:attachment":[{"href":"https:\/\/luggagehero.com\/fr\/wp-json\/wp\/v2\/media?parent=7580"}],"curies":[{"name":"wp","href":"https:\/\/api.w.org\/{rel}","templated":true}]}}