{"id":7660,"date":"2019-06-06T08:34:36","date_gmt":"2019-06-06T08:34:36","guid":{"rendered":"https:\/\/luggagehero.com\/paris\/gare-du-nord\/"},"modified":"2023-02-22T08:01:37","modified_gmt":"2023-02-22T08:01:37","slug":"gare-du-nord","status":"publish","type":"page","link":"https:\/\/luggagehero.com\/fr\/paris\/gare-du-nord\/","title":{"rendered":"Gare du Nord"},"content":{"rendered":"<h4><strong>Allez directement \u00e0 notre magasin, sans r\u00e9servation pr\u00e9alable.<\/strong><\/h4>\n<p>Si vous d\u00e9cidez soudainement de visiter les alentours de la Gare du Nord et que vous n\u2019avez pas pu r\u00e9server une consigne \u00e0 l\u2019avance, ne vous inqui\u00e9tez pas.<\/p>\n<p>Nous proposons une solution <a href=\"https:\/\/luggagehero.com\/walk-in\/\"><strong>\u00ab\u00a0sans rendez-vous\u00a0\u00bb<\/strong><\/a> \u00e0 4\u00a0minutes de la Gare du Nord. Cela signifie qu\u2019il n\u2019est pas n\u00e9cessaire de r\u00e9server \u00e0 l\u2019avance et que le prix est le m\u00eame.<\/p>\n<p><strong>Consultez notre carte\u00a0:<\/strong><\/p>\n<map-of-shops><\/map-of-shops>\n<p>D\u00e9couvrez pourquoi <a href=\"https:\/\/luggagestorage.paris\/stations\/gare-du-nord-station\/\">LuggageStorage<\/a> vous recommande de d\u00e9poser vos bagages avec LuggageHero <a href=\"https:\/\/luggagestorage.paris\/stations\/gare-du-nord-station\/\">ici.\u00a0<\/a>Vous pouvez laisser vos bagages pour explorer la ville les mains libres.<\/p>\n<div style=\"width: 1920px;\" class=\"wp-video\"><video class=\"wp-video-shortcode\" id=\"video-7660-1\" width=\"1920\" height=\"1080\" poster=\"https:\/\/luggagehero.com\/wp-content\/uploads\/2020\/09\/gar-du-nord-thumbnail-copy.png\" preload=\"metadata\" controls=\"controls\"><source type=\"video\/mp4\" src=\"https:\/\/luggagehero.com\/wp-content\/uploads\/2020\/09\/Paris-Gar-du-Nord-station-storage-guide.mp4?_=1\" \/><a href=\"https:\/\/luggagehero.com\/wp-content\/uploads\/2020\/09\/Paris-Gar-du-Nord-station-storage-guide.mp4\">https:\/\/luggagehero.com\/wp-content\/uploads\/2020\/09\/Paris-Gar-du-Nord-station-storage-guide.mp4<\/a><\/video><\/div>\n<p>\u00a0<\/p>\n<h2 style=\"text-align: center;\">Gare du Nord<\/h2>\n<p>\u00c9galement appel\u00e9e Paris-Nord, la Gare du Nord est l\u2019une des six grandes gares terminus du r\u00e9seau ferroviaire de la SNCF \u00e0 <a href=\"https:\/\/luggagehero.com\/paris\/\">Paris<\/a>. Elle dessert les trains allant vers le nord de <a href=\"https:\/\/luggagehero.com\/paris\/\">Paris<\/a>. Ouverte en 1866, c\u2019est la plus grande gare de <a href=\"https:\/\/luggagehero.com\/paris\/\">Paris<\/a>. Le b\u00e2timent en lui-m\u00eame a \u00e9t\u00e9 con\u00e7u par l\u2019architecte Jacques\u00a0Hittorf en 1861 et pr\u00e9sente une magnifique fa\u00e7ade agr\u00e9ment\u00e9e de 23\u00a0statues r\u00e9alis\u00e9es par de c\u00e9l\u00e8bres sculpteurs.<\/p>\n<p>La Gare du Nord est desservie par plusieurs lignes de m\u00e9tro, de RER et de bus. Il y a des trains allant de la Gare du Nord \u00e0 l\u2019a\u00e9roport Charles de Gaulle tous les jours, toutes les 6 \u00e0 15\u00a0minutes. Comptez environ 35\u00a0minutes de trajet entre la gare et l\u2019a\u00e9roport.<\/p>\n<p><img loading=\"lazy\" decoding=\"async\" class=\"alignnone wp-image-43608 size-large\" src=\"https:\/\/luggagehero.com\/wp-content\/uploads\/2022\/03\/4C455AC9-0581-490F-9472-AEEAC3B37BFD-800x800.jpeg\" alt=\"\" width=\"800\" height=\"800\" srcset=\"https:\/\/luggagehero.com\/wp-content\/uploads\/2022\/03\/4C455AC9-0581-490F-9472-AEEAC3B37BFD-800x800.jpeg 800w, https:\/\/luggagehero.com\/wp-content\/uploads\/2022\/03\/4C455AC9-0581-490F-9472-AEEAC3B37BFD-300x300.jpeg 300w, https:\/\/luggagehero.com\/wp-content\/uploads\/2022\/03\/4C455AC9-0581-490F-9472-AEEAC3B37BFD-160x160.jpeg 160w, https:\/\/luggagehero.com\/wp-content\/uploads\/2022\/03\/4C455AC9-0581-490F-9472-AEEAC3B37BFD-600x600.jpeg 600w, https:\/\/luggagehero.com\/wp-content\/uploads\/2022\/03\/4C455AC9-0581-490F-9472-AEEAC3B37BFD-150x150.jpeg 150w, https:\/\/luggagehero.com\/wp-content\/uploads\/2022\/03\/4C455AC9-0581-490F-9472-AEEAC3B37BFD.jpeg 1000w\" sizes=\"auto, (max-width: 800px) 100vw, 800px\" \/><\/p>\n<p>\u00c0 partir de la Gare du Nord, vous pouvez \u00e9galement prendre un train pour de nombreuses destinations en France et en Europe, comme\u00a0:<\/p>\n<ul>\n<li><a href=\"https:\/\/luggagehero.com\/brussels\/\">Bruxelles<\/a><\/li>\n<li><a href=\"https:\/\/luggagehero.com\/amsterdam\/\">Amsterdam<\/a><\/li>\n<li><a href=\"https:\/\/luggagehero.com\/london\/\">Londres<\/a><\/li>\n<\/ul>\n<p>Le terminal de l\u2019Eurostar pour aller \u00e0 Londres se trouve au premier \u00e9tage, au-dessus du quai\u00a03.<\/p>\n<h2 style=\"text-align: center;\">Consignes \u00e0 bagages \u00e0 la Gare du Nord<\/h2>\n<p>Essayer de trouver une consigne \u00e0 bagages \u00e0 la Gare du Nord peut \u00eatre stressant, mais en seulement quelques clics, vous pouvez facilement trouver un endroit \u00e0 proximit\u00e9.<\/p>\n<p><strong>Payer \u00e0 l\u2019heure pr\u00e8s de la Gare du Nord\u00a0<\/strong><\/p>\n<p>Consignes \u00e0 bagages \u00e0 la Gare du Nord avec tarif horaire\u00a0:<\/p>\n<p>Nous pensons qu\u2019il faut proposer \u00e0 nos clients diverses solutions de paiement. Par cons\u00e9quent, <a href=\"https:\/\/luggagehero.com\/paris\/\">LuggageHero<\/a> facture les utilisateurs avec un tarif horaire, contrairement \u00e0 la plupart des autres services de consignes \u00e0 bagages, qui vous font payer \u00e0 la journ\u00e9e. Cependant, si vous souhaitez laisser vos bagages pr\u00e8s de la Gare du Nord (ou ailleurs) toute une journ\u00e9e ou plus, nous vous proposons un forfait quotidien pas cher. C\u2019est ainsi que devrait \u00eatre, selon nous, la tarification des consignes \u00e0 bagages en 2026 \u2013 abordable et simple. De cette fa\u00e7on, vous pouvez explorer <a href=\"https:\/\/luggagehero.com\/paris\/\">Paris<\/a> les mains libres et profiter de la belle ville des lumi\u00e8res.<\/p>\n<p>Il y a aussi des casiers automatiques \u00e0 pi\u00e8ces \u00e0 la Gare du Nord o\u00f9 vous pouvez d\u00e9poser vos bagages en toute s\u00e9curit\u00e9. Il sont ouverts tous les jours de 6\u00a0h\u00a015 \u00e0 23\u00a0h\u00a015, y compris les week-ends. Les prix varient en fonction de la taille de vos bagages.<\/p>\n<youtube-embed class=\"youtube-embed\" yt-id=\"JQHjUFfd_TQ\"><\/youtube-embed>\n<h3><b>Notre service est similaire \u00e0 celui d\u2019une bagagerie d\u2019h\u00f4tel<\/b><\/h3>\n<p><span style=\"font-weight: 400;\">De nombreux voyageurs qui ont s\u00e9journ\u00e9 dans des h\u00f4tels ont demand\u00e9 \u00e0 la r\u00e9ception s\u2019ils pouvaient d\u00e9poser leurs bagages jusqu\u2019\u00e0 ce qu\u2019ils quittent la ville plus tard dans la journ\u00e9e. Globalement, nous offrons le m\u00eame service \u00e0 tous les voyageurs, qu\u2019ils s\u00e9journent dans un h\u00f4tel, un Airbnb ou un autre endroit. Nous sommes toujours pr\u00eats \u00e0 vous aider.\u00a0<\/span><\/p>\n","protected":false},"excerpt":{"rendered":"<p>Allez directement \u00e0 notre magasin, sans r\u00e9servation pr\u00e9alable. Si vous d\u00e9cidez soudainement de visiter les alentours de la Gare du Nord et que vous n\u2019avez pas pu r\u00e9server une consigne \u00e0 l\u2019avance, ne vous inqui\u00e9tez pas. Nous proposons une solution \u00ab\u00a0sans rendez-vous\u00a0\u00bb \u00e0 4\u00a0minutes de la Gare du Nord. Cela signifie qu\u2019il n\u2019est pas n\u00e9cessaire [&hellip;]<\/p>\n","protected":false},"author":9,"featured_media":37173,"parent":7580,"menu_order":0,"comment_status":"closed","ping_status":"closed","template":"template-location.php","meta":{"_acf_changed":false,"footnotes":""},"class_list":["post-7660","page","type-page","status-publish","has-post-thumbnail","hentry"],"acf":[],"yoast_head":"<!-- This site is optimized with the Yoast SEO Premium plugin v27.0 (Yoast SEO v27.0) - https:\/\/yoast.com\/product\/yoast-seo-premium-wordpress\/ -->\n<title>Gare du Nord - LuggageHero<\/title>\n<meta name=\"description\" content=\"Consignes \u00e0 bagages simples et pas ch\u00e8res \u00e0 la Gare du Nord. Ouvert 24h\/24 et 7j\/7. Assurance comprise jusqu\u2019\u00e0 2\u00a0500\u00a0\u20ac par bagage.\" \/>\n<meta name=\"robots\" content=\"index, follow, max-snippet:-1, max-image-preview:large, max-video-preview:-1\" \/>\n<link rel=\"canonical\" href=\"https:\/\/luggagehero.com\/fr\/paris\/gare-du-nord\/\" \/>\n<meta property=\"og:locale\" content=\"fr_FR\" \/>\n<meta property=\"og:type\" content=\"article\" \/>\n<meta property=\"og:title\" content=\"Gare du Nord\" \/>\n<meta property=\"og:description\" content=\"Consignes \u00e0 bagages simples et pas ch\u00e8res \u00e0 la Gare du Nord. Ouvert 24h\/24 et 7j\/7. Assurance comprise jusqu\u2019\u00e0 2\u00a0500\u00a0\u20ac par bagage.\" \/>\n<meta property=\"og:url\" content=\"https:\/\/luggagehero.com\/fr\/paris\/gare-du-nord\/\" \/>\n<meta property=\"og:site_name\" content=\"LuggageHero\" \/>\n<meta property=\"article:publisher\" content=\"https:\/\/www.facebook.com\/luggagehero\" \/>\n<meta property=\"article:modified_time\" content=\"2023-02-22T08:01:37+00:00\" \/>\n<meta property=\"og:image\" content=\"https:\/\/luggagehero.com\/wp-content\/uploads\/2021\/07\/Skaermbillede-2021-07-02-kl.-14.51.08.png\" \/>\n\t<meta property=\"og:image:width\" content=\"1508\" \/>\n\t<meta property=\"og:image:height\" content=\"524\" \/>\n\t<meta property=\"og:image:type\" content=\"image\/png\" \/>\n<meta name=\"twitter:card\" content=\"summary_large_image\" \/>\n<meta name=\"twitter:site\" content=\"@luggagehero\" \/>\n<meta name=\"twitter:label1\" content=\"Est. reading time\" \/>\n\t<meta name=\"twitter:data1\" content=\"5 minutes\" \/>\n<script type=\"application\/ld+json\" class=\"yoast-schema-graph\">{\"@context\":\"https:\/\/schema.org\",\"@graph\":[{\"@type\":\"WebPage\",\"@id\":\"https:\/\/luggagehero.com\/fr\/paris\/gare-du-nord\/\",\"url\":\"https:\/\/luggagehero.com\/fr\/paris\/gare-du-nord\/\",\"name\":\"Gare du Nord - LuggageHero\",\"isPartOf\":{\"@id\":\"https:\/\/luggagehero.com\/fr\/#website\"},\"primaryImageOfPage\":{\"@id\":\"https:\/\/luggagehero.com\/fr\/paris\/gare-du-nord\/#primaryimage\"},\"image\":{\"@id\":\"https:\/\/luggagehero.com\/fr\/paris\/gare-du-nord\/#primaryimage\"},\"thumbnailUrl\":\"https:\/\/luggagehero.com\/wp-content\/uploads\/2021\/07\/Skaermbillede-2021-07-02-kl.-14.51.08.png\",\"datePublished\":\"2019-06-06T08:34:36+00:00\",\"dateModified\":\"2023-02-22T08:01:37+00:00\",\"description\":\"Consignes \u00e0 bagages simples et pas ch\u00e8res \u00e0 la Gare du Nord. Ouvert 24h\/24 et 7j\/7. Assurance comprise jusqu\u2019\u00e0 2\u00a0500\u00a0\u20ac par bagage.\",\"breadcrumb\":{\"@id\":\"https:\/\/luggagehero.com\/fr\/paris\/gare-du-nord\/#breadcrumb\"},\"inLanguage\":\"fr-FR\",\"potentialAction\":[{\"@type\":\"ReadAction\",\"target\":[\"https:\/\/luggagehero.com\/fr\/paris\/gare-du-nord\/\"]}]},{\"@type\":\"ImageObject\",\"inLanguage\":\"fr-FR\",\"@id\":\"https:\/\/luggagehero.com\/fr\/paris\/gare-du-nord\/#primaryimage\",\"url\":\"https:\/\/luggagehero.com\/wp-content\/uploads\/2021\/07\/Skaermbillede-2021-07-02-kl.-14.51.08.png\",\"contentUrl\":\"https:\/\/luggagehero.com\/wp-content\/uploads\/2021\/07\/Skaermbillede-2021-07-02-kl.-14.51.08.png\",\"width\":1508,\"height\":524,\"caption\":\"Gare de Nord Paris\"},{\"@type\":\"BreadcrumbList\",\"@id\":\"https:\/\/luggagehero.com\/fr\/paris\/gare-du-nord\/#breadcrumb\",\"itemListElement\":[{\"@type\":\"ListItem\",\"position\":1,\"name\":\"Home\",\"item\":\"https:\/\/luggagehero.com\/fr\/\"},{\"@type\":\"ListItem\",\"position\":2,\"name\":\"Paris\",\"item\":\"https:\/\/luggagehero.com\/fr\/paris\/\"},{\"@type\":\"ListItem\",\"position\":3,\"name\":\"Gare du Nord\"}]},{\"@type\":\"WebSite\",\"@id\":\"https:\/\/luggagehero.com\/fr\/#website\",\"url\":\"https:\/\/luggagehero.com\/fr\/\",\"name\":\"LuggageHero\",\"description\":\"Free yourself from luggage\",\"publisher\":{\"@id\":\"https:\/\/luggagehero.com\/fr\/#organization\"},\"potentialAction\":[{\"@type\":\"SearchAction\",\"target\":{\"@type\":\"EntryPoint\",\"urlTemplate\":\"https:\/\/luggagehero.com\/fr\/?s={search_term_string}\"},\"query-input\":{\"@type\":\"PropertyValueSpecification\",\"valueRequired\":true,\"valueName\":\"search_term_string\"}}],\"inLanguage\":\"fr-FR\"},{\"@type\":\"Organization\",\"@id\":\"https:\/\/luggagehero.com\/fr\/#organization\",\"name\":\"LuggageHero\",\"url\":\"https:\/\/luggagehero.com\/fr\/\",\"logo\":{\"@type\":\"ImageObject\",\"inLanguage\":\"fr-FR\",\"@id\":\"https:\/\/luggagehero.com\/fr\/#\/schema\/logo\/image\/\",\"url\":\"https:\/\/luggagehero.com\/wp-content\/uploads\/2017\/04\/luggagehero_LOGO-RGB_kort_POS_200x200.png\",\"contentUrl\":\"https:\/\/luggagehero.com\/wp-content\/uploads\/2017\/04\/luggagehero_LOGO-RGB_kort_POS_200x200.png\",\"width\":200,\"height\":200,\"caption\":\"LuggageHero\"},\"image\":{\"@id\":\"https:\/\/luggagehero.com\/fr\/#\/schema\/logo\/image\/\"},\"sameAs\":[\"https:\/\/www.facebook.com\/luggagehero\",\"https:\/\/x.com\/luggagehero\",\"https:\/\/www.instagram.com\/luggagehero\",\"https:\/\/www.linkedin.com\/company\/luggagehero\/\"]}]}<\/script>\n<!-- \/ Yoast SEO Premium plugin. -->","yoast_head_json":{"title":"Gare du Nord - LuggageHero","description":"Consignes \u00e0 bagages simples et pas ch\u00e8res \u00e0 la Gare du Nord. Ouvert 24h\/24 et 7j\/7. Assurance comprise jusqu\u2019\u00e0 2\u00a0500\u00a0\u20ac par bagage.","robots":{"index":"index","follow":"follow","max-snippet":"max-snippet:-1","max-image-preview":"max-image-preview:large","max-video-preview":"max-video-preview:-1"},"canonical":"https:\/\/luggagehero.com\/fr\/paris\/gare-du-nord\/","og_locale":"fr_FR","og_type":"article","og_title":"Gare du Nord","og_description":"Consignes \u00e0 bagages simples et pas ch\u00e8res \u00e0 la Gare du Nord. Ouvert 24h\/24 et 7j\/7. Assurance comprise jusqu\u2019\u00e0 2\u00a0500\u00a0\u20ac par bagage.","og_url":"https:\/\/luggagehero.com\/fr\/paris\/gare-du-nord\/","og_site_name":"LuggageHero","article_publisher":"https:\/\/www.facebook.com\/luggagehero","article_modified_time":"2023-02-22T08:01:37+00:00","og_image":[{"width":1508,"height":524,"url":"https:\/\/luggagehero.com\/wp-content\/uploads\/2021\/07\/Skaermbillede-2021-07-02-kl.-14.51.08.png","type":"image\/png"}],"twitter_card":"summary_large_image","twitter_site":"@luggagehero","twitter_misc":{"Est. reading time":"5 minutes"},"schema":{"@context":"https:\/\/schema.org","@graph":[{"@type":"WebPage","@id":"https:\/\/luggagehero.com\/fr\/paris\/gare-du-nord\/","url":"https:\/\/luggagehero.com\/fr\/paris\/gare-du-nord\/","name":"Gare du Nord - LuggageHero","isPartOf":{"@id":"https:\/\/luggagehero.com\/fr\/#website"},"primaryImageOfPage":{"@id":"https:\/\/luggagehero.com\/fr\/paris\/gare-du-nord\/#primaryimage"},"image":{"@id":"https:\/\/luggagehero.com\/fr\/paris\/gare-du-nord\/#primaryimage"},"thumbnailUrl":"https:\/\/luggagehero.com\/wp-content\/uploads\/2021\/07\/Skaermbillede-2021-07-02-kl.-14.51.08.png","datePublished":"2019-06-06T08:34:36+00:00","dateModified":"2023-02-22T08:01:37+00:00","description":"Consignes \u00e0 bagages simples et pas ch\u00e8res \u00e0 la Gare du Nord. Ouvert 24h\/24 et 7j\/7. Assurance comprise jusqu\u2019\u00e0 2\u00a0500\u00a0\u20ac par bagage.","breadcrumb":{"@id":"https:\/\/luggagehero.com\/fr\/paris\/gare-du-nord\/#breadcrumb"},"inLanguage":"fr-FR","potentialAction":[{"@type":"ReadAction","target":["https:\/\/luggagehero.com\/fr\/paris\/gare-du-nord\/"]}]},{"@type":"ImageObject","inLanguage":"fr-FR","@id":"https:\/\/luggagehero.com\/fr\/paris\/gare-du-nord\/#primaryimage","url":"https:\/\/luggagehero.com\/wp-content\/uploads\/2021\/07\/Skaermbillede-2021-07-02-kl.-14.51.08.png","contentUrl":"https:\/\/luggagehero.com\/wp-content\/uploads\/2021\/07\/Skaermbillede-2021-07-02-kl.-14.51.08.png","width":1508,"height":524,"caption":"Gare de Nord Paris"},{"@type":"BreadcrumbList","@id":"https:\/\/luggagehero.com\/fr\/paris\/gare-du-nord\/#breadcrumb","itemListElement":[{"@type":"ListItem","position":1,"name":"Home","item":"https:\/\/luggagehero.com\/fr\/"},{"@type":"ListItem","position":2,"name":"Paris","item":"https:\/\/luggagehero.com\/fr\/paris\/"},{"@type":"ListItem","position":3,"name":"Gare du Nord"}]},{"@type":"WebSite","@id":"https:\/\/luggagehero.com\/fr\/#website","url":"https:\/\/luggagehero.com\/fr\/","name":"LuggageHero","description":"Free yourself from luggage","publisher":{"@id":"https:\/\/luggagehero.com\/fr\/#organization"},"potentialAction":[{"@type":"SearchAction","target":{"@type":"EntryPoint","urlTemplate":"https:\/\/luggagehero.com\/fr\/?s={search_term_string}"},"query-input":{"@type":"PropertyValueSpecification","valueRequired":true,"valueName":"search_term_string"}}],"inLanguage":"fr-FR"},{"@type":"Organization","@id":"https:\/\/luggagehero.com\/fr\/#organization","name":"LuggageHero","url":"https:\/\/luggagehero.com\/fr\/","logo":{"@type":"ImageObject","inLanguage":"fr-FR","@id":"https:\/\/luggagehero.com\/fr\/#\/schema\/logo\/image\/","url":"https:\/\/luggagehero.com\/wp-content\/uploads\/2017\/04\/luggagehero_LOGO-RGB_kort_POS_200x200.png","contentUrl":"https:\/\/luggagehero.com\/wp-content\/uploads\/2017\/04\/luggagehero_LOGO-RGB_kort_POS_200x200.png","width":200,"height":200,"caption":"LuggageHero"},"image":{"@id":"https:\/\/luggagehero.com\/fr\/#\/schema\/logo\/image\/"},"sameAs":["https:\/\/www.facebook.com\/luggagehero","https:\/\/x.com\/luggagehero","https:\/\/www.instagram.com\/luggagehero","https:\/\/www.linkedin.com\/company\/luggagehero\/"]}]}},"place_id":"","place_latitude_longitude":"48.880112, 2.354851","place_name":"Gare du Nord","criteria_title":"","criteria_description":"","meta_title":"","meta_description":"","children_criteria_title":"","children_criteria_description":"","children_meta_title":"","children_meta_description":"","_edit_last":"9","use_global_content":"0","poi_type":"PublicTransit","content_raw":"<h4><strong>Allez directement \u00e0 notre magasin, sans r\u00e9servation pr\u00e9alable.<\/strong><\/h4>\nSi vous d\u00e9cidez soudainement de visiter les alentours de la Gare du Nord et que vous n\u2019avez pas pu r\u00e9server une consigne \u00e0 l\u2019avance, ne vous inqui\u00e9tez pas.\n\nNous proposons une solution <a href=\"https:\/\/luggagehero.com\/walk-in\/\"><strong>\u00ab\u00a0sans rendez-vous\u00a0\u00bb<\/strong><\/a> \u00e0 4\u00a0minutes de la Gare du Nord. Cela signifie qu\u2019il n\u2019est pas n\u00e9cessaire de r\u00e9server \u00e0 l\u2019avance et que le prix est le m\u00eame.\n\n<strong>Consultez notre carte\u00a0:<\/strong>\n\n[mapofshops]\n\nD\u00e9couvrez pourquoi <a href=\"https:\/\/luggagestorage.paris\/stations\/gare-du-nord-station\/\">LuggageStorage<\/a> vous recommande de d\u00e9poser vos bagages avec LuggageHero <a href=\"https:\/\/luggagestorage.paris\/stations\/gare-du-nord-station\/\">ici.\u00a0<\/a>Vous pouvez laisser vos bagages pour explorer la ville les mains libres.\n\n[video poster=\"https:\/\/luggagehero.com\/wp-content\/uploads\/2020\/09\/gar-du-nord-thumbnail-copy.png\" width=\"1920\" height=\"1080\" mp4=\"https:\/\/luggagehero.com\/wp-content\/uploads\/2020\/09\/Paris-Gar-du-Nord-station-storage-guide.mp4\"][\/video]\n\n\u00a0\n<h2 style=\"text-align: center;\">Gare du Nord<\/h2>\n\u00c9galement appel\u00e9e Paris-Nord, la Gare du Nord est l\u2019une des six grandes gares terminus du r\u00e9seau ferroviaire de la SNCF \u00e0 <a href=\"https:\/\/luggagehero.com\/paris\/\">Paris<\/a>. Elle dessert les trains allant vers le nord de <a href=\"https:\/\/luggagehero.com\/paris\/\">Paris<\/a>. Ouverte en 1866, c\u2019est la plus grande gare de <a href=\"https:\/\/luggagehero.com\/paris\/\">Paris<\/a>. Le b\u00e2timent en lui-m\u00eame a \u00e9t\u00e9 con\u00e7u par l\u2019architecte Jacques\u00a0Hittorf en 1861 et pr\u00e9sente une magnifique fa\u00e7ade agr\u00e9ment\u00e9e de 23\u00a0statues r\u00e9alis\u00e9es par de c\u00e9l\u00e8bres sculpteurs.\n\nLa Gare du Nord est desservie par plusieurs lignes de m\u00e9tro, de RER et de bus. Il y a des trains allant de la Gare du Nord \u00e0 l\u2019a\u00e9roport Charles de Gaulle tous les jours, toutes les 6 \u00e0 15\u00a0minutes. Comptez environ 35\u00a0minutes de trajet entre la gare et l\u2019a\u00e9roport.\n\n<img class=\"alignnone wp-image-43608 size-large\" src=\"https:\/\/luggagehero.com\/wp-content\/uploads\/2022\/03\/4C455AC9-0581-490F-9472-AEEAC3B37BFD-800x800.jpeg\" alt=\"\" width=\"800\" height=\"800\" \/>\n\n\u00c0 partir de la Gare du Nord, vous pouvez \u00e9galement prendre un train pour de nombreuses destinations en France et en Europe, comme\u00a0:\n<ul>\n \t<li><a href=\"https:\/\/luggagehero.com\/brussels\/\">Bruxelles<\/a><\/li>\n \t<li><a href=\"https:\/\/luggagehero.com\/amsterdam\/\">Amsterdam<\/a><\/li>\n \t<li><a href=\"https:\/\/luggagehero.com\/london\/\">Londres<\/a><\/li>\n<\/ul>\nLe terminal de l\u2019Eurostar pour aller \u00e0 Londres se trouve au premier \u00e9tage, au-dessus du quai\u00a03.\n<h2 style=\"text-align: center;\">Consignes \u00e0 bagages \u00e0 la Gare du Nord<\/h2>\nEssayer de trouver une consigne \u00e0 bagages \u00e0 la Gare du Nord peut \u00eatre stressant, mais en seulement quelques clics, vous pouvez facilement trouver un endroit \u00e0 proximit\u00e9.\n\n<strong>Payer \u00e0 l\u2019heure pr\u00e8s de la Gare du Nord\u00a0<\/strong>\n\nConsignes \u00e0 bagages \u00e0 la Gare du Nord avec tarif horaire\u00a0:\n\nNous pensons qu\u2019il faut proposer \u00e0 nos clients diverses solutions de paiement. Par cons\u00e9quent, <a href=\"https:\/\/luggagehero.com\/paris\/\">LuggageHero<\/a> facture les utilisateurs avec un tarif horaire, contrairement \u00e0 la plupart des autres services de consignes \u00e0 bagages, qui vous font payer \u00e0 la journ\u00e9e. Cependant, si vous souhaitez laisser vos bagages pr\u00e8s de la Gare du Nord (ou ailleurs) toute une journ\u00e9e ou plus, nous vous proposons un forfait quotidien pas cher. C\u2019est ainsi que devrait \u00eatre, selon nous, la tarification des consignes \u00e0 bagages en [year] \u2013 abordable et simple. De cette fa\u00e7on, vous pouvez explorer <a href=\"https:\/\/luggagehero.com\/paris\/\">Paris<\/a> les mains libres et profiter de la belle ville des lumi\u00e8res.\n\nIl y a aussi des casiers automatiques \u00e0 pi\u00e8ces \u00e0 la Gare du Nord o\u00f9 vous pouvez d\u00e9poser vos bagages en toute s\u00e9curit\u00e9. Il sont ouverts tous les jours de 6\u00a0h\u00a015 \u00e0 23\u00a0h\u00a015, y compris les week-ends. Les prix varient en fonction de la taille de vos bagages.\n\n[youtube-embed id=JQHjUFfd_TQ]\n<h3><b>Notre service est similaire \u00e0 celui d\u2019une bagagerie d\u2019h\u00f4tel<\/b><\/h3>\n<span style=\"font-weight: 400;\">De nombreux voyageurs qui ont s\u00e9journ\u00e9 dans des h\u00f4tels ont demand\u00e9 \u00e0 la r\u00e9ception s\u2019ils pouvaient d\u00e9poser leurs bagages jusqu\u2019\u00e0 ce qu\u2019ils quittent la ville plus tard dans la journ\u00e9e. Globalement, nous offrons le m\u00eame service \u00e0 tous les voyageurs, qu\u2019ils s\u00e9journent dans un h\u00f4tel, un Airbnb ou un autre endroit. Nous sommes toujours pr\u00eats \u00e0 vous aider.\u00a0<\/span>","_links":{"self":[{"href":"https:\/\/luggagehero.com\/fr\/wp-json\/wp\/v2\/pages\/7660","targetHints":{"allow":["GET"]}}],"collection":[{"href":"https:\/\/luggagehero.com\/fr\/wp-json\/wp\/v2\/pages"}],"about":[{"href":"https:\/\/luggagehero.com\/fr\/wp-json\/wp\/v2\/types\/page"}],"author":[{"embeddable":true,"href":"https:\/\/luggagehero.com\/fr\/wp-json\/wp\/v2\/users\/9"}],"replies":[{"embeddable":true,"href":"https:\/\/luggagehero.com\/fr\/wp-json\/wp\/v2\/comments?post=7660"}],"version-history":[{"count":0,"href":"https:\/\/luggagehero.com\/fr\/wp-json\/wp\/v2\/pages\/7660\/revisions"}],"up":[{"embeddable":true,"href":"https:\/\/luggagehero.com\/fr\/wp-json\/wp\/v2\/pages\/7580"}],"wp:featuredmedia":[{"embeddable":true,"href":"https:\/\/luggagehero.com\/fr\/wp-json\/wp\/v2\/media\/37173"}],"wp:attachment":[{"href":"https:\/\/luggagehero.com\/fr\/wp-json\/wp\/v2\/media?parent=7660"}],"curies":[{"name":"wp","href":"https:\/\/api.w.org\/{rel}","templated":true}]}}