{"id":11459,"date":"2019-11-05T13:41:49","date_gmt":"2019-11-05T13:41:49","guid":{"rendered":"https:\/\/luggagehero.com\/londra\/victoria-station\/"},"modified":"2023-08-22T11:53:42","modified_gmt":"2023-08-22T11:53:42","slug":"victoria-station","status":"publish","type":"page","link":"https:\/\/luggagehero.com\/it\/londra\/victoria-station\/","title":{"rendered":"Victoria Station"},"content":{"rendered":"<p>Stai cercando un deposito bagagli vicino alla Stazione di Victoria? Puoi depositare le tue borse in uno dei nostri punti di deposito bagagli proprio dietro la Stazione di Victoria. Offriamo un servizio di deposito bagagli 24 ore su 24, 7 giorni su 7. I nostri partner locali si prenderanno cura dei tuoi bagagli mentre tu potrai esplorare <a href=\"https:\/\/luggagehero.com\/london\/\">Londra<\/a>.<\/p>\n<p>I depositi LuggageHero si trovano presso hotel, bar e negozi <a href=\"https:\/\/luggagehero.com\/about\/certified-shops\/\">certificati<\/a>. Prenotando in anticipo ti assicuri che ci sia spazio per i tuoi bagagli; puoi cancellare la tua prenotazione facilmente e in qualsiasi momento qualora dovessi cambiare i tuoi programmi di viaggio. L\u2019indirizzo e le indicazioni stradali verranno resi disponibili al momento della prenotazione e ti verranno inviate via email.<\/p>\n<p>LuggageHero utilizza un timer presso il deposito per calcolare le ore utilizzate. Quando arrivi al punto di deposito bagagli, dovrai avviare il timer del deposito dalla tua pagina di prenotazione. Interrompendo il timer del deposito al momento del ritiro avvierai automaticamente il processo di pagamento. Tutte le borse vengono assicurate fino a <pricing-component type=\"insurancecoverage\"><\/pricing-component> per ogni singolo bagaglio.<\/p>\n<p><b>Il nostro servizio \u00e8 simile al deposito bagagli dell&#8217;hotel<\/b><\/p>\n<p><span style=\"font-weight: 400;\">Quante volte ti sei chiesto \u201csi possono lasciare i bagagli in stazione, o nell\u2019hotel?\u201d \u201cstazione termini deposito bagagli prezzi?\u201d<\/span><\/p>\n<p><span style=\"font-weight: 400;\">Molti viaggiatori si fanno queste domande, e molte volte vengono fatte al personale della reception. Non c&#8217;\u00e8 pi\u00f9 bisogno di farsi queste domande: LuggageHero offre, pi\u00f9 o meno, lo stesso servizio per tutti, non importa se soggiorni in un hotel, Airbnb o altrove. Siamo sempre pronti ad aiutarti.<\/span><\/p>\n<h2 style=\"text-align: center;\"><img loading=\"lazy\" decoding=\"async\" class=\"aligncenter wp-image-1902 size-large\" title=\"Deposito bagagli stazione victoria\" src=\"https:\/\/luggagehero.com\/wp-content\/uploads\/2018\/02\/Luggage_storage_Victoria_station-800x451.jpg\" alt=\"Deposito bagagli Victoria Station Londra\" width=\"800\" height=\"451\" srcset=\"https:\/\/luggagehero.com\/wp-content\/uploads\/2018\/02\/Luggage_storage_Victoria_station-800x451.jpg 800w, https:\/\/luggagehero.com\/wp-content\/uploads\/2018\/02\/Luggage_storage_Victoria_station-300x169.jpg 300w, https:\/\/luggagehero.com\/wp-content\/uploads\/2018\/02\/Luggage_storage_Victoria_station-600x339.jpg 600w, https:\/\/luggagehero.com\/wp-content\/uploads\/2018\/02\/Luggage_storage_Victoria_station.jpg 1035w\" sizes=\"auto, (max-width: 800px) 100vw, 800px\" \/><\/h2>\n<h2 style=\"text-align: center;\">Victoria Station<\/h2>\n<p><a href=\"https:\/\/luggagehero.com\/about\/\">La soluzione di deposito bagagli di LuggageHero<\/a> \u00e8 pi\u00f9 economica e conveniente dei depositi tradizionali. Con pi\u00f9 di 120 negozi in tutta Londra, troverai facilmente un punto dove poter depositare le tue borse in tutta sicurezza, mentre ti dedichi a esplorare la citt\u00e0 senza il peso del bagaglio.<\/p>\n<p>Victoria Station, anche conosciuta come London Victoria, \u00e8 un\u2019importante stazione ferroviaria e delle metropolitana di Londra. La stazione si trova in centro a Londra e a poca distanza da Westminster. Il \u00a0<a href=\"https:\/\/www.gatwickexpress.com\/\" target=\"_blank\" rel=\"nofollow noopener noreferrer\">Gatwick Express,<\/a>\u00a0il treno diretto che collega Gatwick Airport, parte da Victoria Station 4 volte ogni ora. Il viaggio in treno dura solamente 30 minuti e ti lascia tutto il tempo necessario per poter esplorare la citt\u00e0 anche durante il giorno del tuo arrivo e della tua partenza.<\/p>\n<p>Depositando il tuo bagaglio vicino a Victoria Station potrai facilmente raggiungere diverse attrazioni turistiche di Londra, tra cui <a href=\"https:\/\/luggagehero.com\/london\/buckingham-palace\/\">Buckingham Palace<\/a> e St James&#8217;s Park. Il servizio di deposito bagagli viene offerto anche in diverse altre stazioni della metropolitana, la London Underground, tra cui: <a href=\"https:\/\/luggagehero.com\/london\/kings-cross-station\/\">King&#8217;s Cross Station<\/a>, <a href=\"https:\/\/luggagehero.com\/london\/euston-station\/\">Euston Station<\/a>, <a href=\"https:\/\/luggagehero.com\/london\/liverpool-street-station\/\">Liverpool Street Station<\/a> e molte altre. Se stai andando a un evento vicino allo stadio di Wembley possiamo facilmente occuparci del tuo bagaglio, dato che a <a href=\"https:\/\/luggagehero.com\/tip-here-is-your-guide-on-what-size-bags-or-luggage-you-can-bring-into-wembley-stadium\/\">Wembley vige un regolamento molto severo in termini di divieto di accesso con borse e bagagli<\/a>.<\/p>\n<p>Servizi offerti presso Victoria Station:<\/p>\n<ul>\n<li>Orario di apertura: da luned\u00ec a domenica, dalle ore 05:00 alle 03:00.<\/li>\n<li>Servizi igienici e fasciatoio.<\/li>\n<li>Ritiro contanti e Ufficio di Cambio<\/li>\n<li>Il servizio di Wi-Fi \u00e8 disponibile tramite carte prepagate e accesso internet wireless utilizzando il <a href=\"https:\/\/www.btwifi.co.uk\/\" rel=\"nofollow\">Wi-Fi BT<\/a><\/li>\n<li>Cibo e bevande sono disponibili 24 ore su 24.<\/li>\n<\/ul>\n<h3 style=\"text-align: left;\"><strong>Ricordati di scaricare la nostra app!<\/strong><\/h3>\n<p>Grazie all&#8217; app di LuggageHero puoi facilmente trovarci a Roma e lasciarci il tuo bagaglio. 1000+ location ti aspettano, scarica la nostra app!<\/p>\n\n<div class=\"block-app-downloader\">\n\t<ul class=\"app-images\">\n\t\t\t\t\t<li class=\"app-img\">\n\t\t\t\t<img decoding=\"async\" loading=\"lazy\" src=\"https:\/\/luggagehero.com\/wp-content\/uploads\/2020\/08\/app-1.png\" alt=\"App screenshot\">\n\t\t\t<\/li>\n\t\t\t\t\t<li class=\"app-img\">\n\t\t\t\t<img decoding=\"async\" loading=\"lazy\" src=\"https:\/\/luggagehero.com\/wp-content\/uploads\/2020\/08\/app-2.png\" alt=\"App screenshot\">\n\t\t\t<\/li>\n\t\t\t\t\t<li class=\"app-img\">\n\t\t\t\t<img decoding=\"async\" loading=\"lazy\" src=\"https:\/\/luggagehero.com\/wp-content\/uploads\/2020\/08\/app-3.png\" alt=\"App screenshot\">\n\t\t\t<\/li>\n\t\t\t\t\t<li class=\"app-img\">\n\t\t\t\t<img decoding=\"async\" loading=\"lazy\" src=\"https:\/\/luggagehero.com\/wp-content\/uploads\/2020\/08\/app-4.png\" alt=\"App screenshot\">\n\t\t\t<\/li>\n\t\t\t\t\t<li class=\"app-img\">\n\t\t\t\t<img decoding=\"async\" loading=\"lazy\" src=\"https:\/\/luggagehero.com\/wp-content\/uploads\/2020\/08\/app-5.png\" alt=\"App screenshot\">\n\t\t\t<\/li>\n\t\t\t<\/ul>\n\n\t<div class=\"apps-box\">\n\t\t<p> Usa LuggageHero ovunque con l'app ufficiale per iPhone e Android<\/p>\n\t\t<a href=\"https:\/\/apps.apple.com\/us\/app\/luggagehero-luggage-storage\/id1481057935\" target=\"_blank\">\n\t\t\t<img decoding=\"async\" loading=\"lazy\" src=\"https:\/\/luggagehero.com\/wp-content\/uploads\/2020\/08\/badge-as.png\" alt=\"Download on the ios App Store\">\n\t\t<\/a>\n\n\t\t<a href=\"https:\/\/play.google.com\/store\/apps\/details?id=com.luggagehero.android\" target=\"_blank\">\n\t\t\t<img decoding=\"async\" loading=\"lazy\" src=\"https:\/\/luggagehero.com\/wp-content\/uploads\/2020\/08\/badge-gp.png\" alt=\"Get it on Google Play\">\n\t\t<\/a>\n\t<\/div>\n<\/div>\n","protected":false},"excerpt":{"rendered":"<p>Stai cercando un deposito bagagli vicino alla Stazione di Victoria? Puoi depositare le tue borse in uno dei nostri punti di deposito bagagli proprio dietro la Stazione di Victoria. Offriamo un servizio di deposito bagagli 24 ore su 24, 7 giorni su 7. I nostri partner locali si prenderanno cura dei tuoi bagagli mentre tu [&hellip;]<\/p>\n","protected":false},"author":4,"featured_media":11431,"parent":11421,"menu_order":0,"comment_status":"closed","ping_status":"closed","template":"template-location.php","meta":{"_acf_changed":false,"footnotes":""},"class_list":["post-11459","page","type-page","status-publish","has-post-thumbnail","hentry"],"acf":[],"yoast_head":"<!-- This site is optimized with the Yoast SEO Premium plugin v27.0 (Yoast SEO v27.0) - https:\/\/yoast.com\/product\/yoast-seo-premium-wordpress\/ -->\n<title>Deposito Bagagli a Victoria Station 7 giorni su 7 - a partire da 1\u00a3\/ora<\/title>\n<meta name=\"description\" content=\"Servizio di deposito bagagli comodo ed economico vicino a Victoria Station. A partire da 1\u00a3\/ora Include copertura assicurativa di 2.200\u00a3. Sigillo di sicurezza applicato a ogni borsa. Prenota online.\" \/>\n<meta name=\"robots\" content=\"index, follow, max-snippet:-1, max-image-preview:large, max-video-preview:-1\" \/>\n<link rel=\"canonical\" href=\"https:\/\/luggagehero.com\/it\/londra\/victoria-station\/\" \/>\n<meta property=\"og:locale\" content=\"it_IT\" \/>\n<meta property=\"og:type\" content=\"article\" \/>\n<meta property=\"og:title\" content=\"Victoria Station\" \/>\n<meta property=\"og:description\" content=\"Servizio di deposito bagagli comodo ed economico vicino a Victoria Station. A partire da 1\u00a3\/ora Include copertura assicurativa di 2.200\u00a3. Sigillo di sicurezza applicato a ogni borsa. Prenota online.\" \/>\n<meta property=\"og:url\" content=\"https:\/\/luggagehero.com\/it\/londra\/victoria-station\/\" \/>\n<meta property=\"og:site_name\" content=\"LuggageHero\" \/>\n<meta property=\"article:publisher\" content=\"https:\/\/www.facebook.com\/luggagehero\" \/>\n<meta property=\"article:modified_time\" content=\"2023-08-22T11:53:42+00:00\" \/>\n<meta property=\"og:image\" content=\"https:\/\/luggagehero.com\/wp-content\/uploads\/2018\/02\/Luggage_storage_Victoria_station-800x451.jpg\" \/>\n<meta name=\"twitter:card\" content=\"summary_large_image\" \/>\n<meta name=\"twitter:site\" content=\"@luggagehero\" \/>\n<meta name=\"twitter:label1\" content=\"Est. reading time\" \/>\n\t<meta name=\"twitter:data1\" content=\"3 minutes\" \/>\n<script type=\"application\/ld+json\" class=\"yoast-schema-graph\">{\"@context\":\"https:\/\/schema.org\",\"@graph\":[{\"@type\":\"WebPage\",\"@id\":\"https:\/\/luggagehero.com\/it\/londra\/victoria-station\/\",\"url\":\"https:\/\/luggagehero.com\/it\/londra\/victoria-station\/\",\"name\":\"Deposito Bagagli a Victoria Station 7 giorni su 7 - a partire da 1\u00a3\/ora\",\"isPartOf\":{\"@id\":\"https:\/\/luggagehero.com\/it\/#website\"},\"primaryImageOfPage\":{\"@id\":\"https:\/\/luggagehero.com\/it\/londra\/victoria-station\/#primaryimage\"},\"image\":{\"@id\":\"https:\/\/luggagehero.com\/it\/londra\/victoria-station\/#primaryimage\"},\"thumbnailUrl\":\"https:\/\/luggagehero.com\/wp-content\/uploads\/2018\/09\/Luggage-storage-victoria-station.jpg\",\"datePublished\":\"2019-11-05T13:41:49+00:00\",\"dateModified\":\"2023-08-22T11:53:42+00:00\",\"description\":\"Servizio di deposito bagagli comodo ed economico vicino a Victoria Station. A partire da 1\u00a3\/ora Include copertura assicurativa di 2.200\u00a3. Sigillo di sicurezza applicato a ogni borsa. Prenota online.\",\"breadcrumb\":{\"@id\":\"https:\/\/luggagehero.com\/it\/londra\/victoria-station\/#breadcrumb\"},\"inLanguage\":\"it-IT\",\"potentialAction\":[{\"@type\":\"ReadAction\",\"target\":[\"https:\/\/luggagehero.com\/it\/londra\/victoria-station\/\"]}]},{\"@type\":\"ImageObject\",\"inLanguage\":\"it-IT\",\"@id\":\"https:\/\/luggagehero.com\/it\/londra\/victoria-station\/#primaryimage\",\"url\":\"https:\/\/luggagehero.com\/wp-content\/uploads\/2018\/09\/Luggage-storage-victoria-station.jpg\",\"contentUrl\":\"https:\/\/luggagehero.com\/wp-content\/uploads\/2018\/09\/Luggage-storage-victoria-station.jpg\",\"width\":\"1035\",\"height\":\"584\"},{\"@type\":\"BreadcrumbList\",\"@id\":\"https:\/\/luggagehero.com\/it\/londra\/victoria-station\/#breadcrumb\",\"itemListElement\":[{\"@type\":\"ListItem\",\"position\":1,\"name\":\"Home\",\"item\":\"https:\/\/luggagehero.com\/it\/\"},{\"@type\":\"ListItem\",\"position\":2,\"name\":\"Londra\",\"item\":\"https:\/\/luggagehero.com\/it\/londra\/\"},{\"@type\":\"ListItem\",\"position\":3,\"name\":\"Victoria Station\"}]},{\"@type\":\"WebSite\",\"@id\":\"https:\/\/luggagehero.com\/it\/#website\",\"url\":\"https:\/\/luggagehero.com\/it\/\",\"name\":\"LuggageHero\",\"description\":\"Free yourself from luggage\",\"publisher\":{\"@id\":\"https:\/\/luggagehero.com\/it\/#organization\"},\"potentialAction\":[{\"@type\":\"SearchAction\",\"target\":{\"@type\":\"EntryPoint\",\"urlTemplate\":\"https:\/\/luggagehero.com\/it\/?s={search_term_string}\"},\"query-input\":{\"@type\":\"PropertyValueSpecification\",\"valueRequired\":true,\"valueName\":\"search_term_string\"}}],\"inLanguage\":\"it-IT\"},{\"@type\":\"Organization\",\"@id\":\"https:\/\/luggagehero.com\/it\/#organization\",\"name\":\"LuggageHero\",\"url\":\"https:\/\/luggagehero.com\/it\/\",\"logo\":{\"@type\":\"ImageObject\",\"inLanguage\":\"it-IT\",\"@id\":\"https:\/\/luggagehero.com\/it\/#\/schema\/logo\/image\/\",\"url\":\"https:\/\/luggagehero.com\/wp-content\/uploads\/2017\/04\/luggagehero_LOGO-RGB_kort_POS_200x200.png\",\"contentUrl\":\"https:\/\/luggagehero.com\/wp-content\/uploads\/2017\/04\/luggagehero_LOGO-RGB_kort_POS_200x200.png\",\"width\":200,\"height\":200,\"caption\":\"LuggageHero\"},\"image\":{\"@id\":\"https:\/\/luggagehero.com\/it\/#\/schema\/logo\/image\/\"},\"sameAs\":[\"https:\/\/www.facebook.com\/luggagehero\",\"https:\/\/x.com\/luggagehero\",\"https:\/\/www.instagram.com\/luggagehero\",\"https:\/\/www.linkedin.com\/company\/luggagehero\/\"]}]}<\/script>\n<!-- \/ Yoast SEO Premium plugin. -->","yoast_head_json":{"title":"Deposito Bagagli a Victoria Station 7 giorni su 7 - a partire da 1\u00a3\/ora","description":"Servizio di deposito bagagli comodo ed economico vicino a Victoria Station. A partire da 1\u00a3\/ora Include copertura assicurativa di 2.200\u00a3. Sigillo di sicurezza applicato a ogni borsa. Prenota online.","robots":{"index":"index","follow":"follow","max-snippet":"max-snippet:-1","max-image-preview":"max-image-preview:large","max-video-preview":"max-video-preview:-1"},"canonical":"https:\/\/luggagehero.com\/it\/londra\/victoria-station\/","og_locale":"it_IT","og_type":"article","og_title":"Victoria Station","og_description":"Servizio di deposito bagagli comodo ed economico vicino a Victoria Station. A partire da 1\u00a3\/ora Include copertura assicurativa di 2.200\u00a3. Sigillo di sicurezza applicato a ogni borsa. Prenota online.","og_url":"https:\/\/luggagehero.com\/it\/londra\/victoria-station\/","og_site_name":"LuggageHero","article_publisher":"https:\/\/www.facebook.com\/luggagehero","article_modified_time":"2023-08-22T11:53:42+00:00","og_image":[{"url":"https:\/\/luggagehero.com\/wp-content\/uploads\/2018\/02\/Luggage_storage_Victoria_station-800x451.jpg","type":"","width":"","height":""}],"twitter_card":"summary_large_image","twitter_site":"@luggagehero","twitter_misc":{"Est. reading time":"3 minutes"},"schema":{"@context":"https:\/\/schema.org","@graph":[{"@type":"WebPage","@id":"https:\/\/luggagehero.com\/it\/londra\/victoria-station\/","url":"https:\/\/luggagehero.com\/it\/londra\/victoria-station\/","name":"Deposito Bagagli a Victoria Station 7 giorni su 7 - a partire da 1\u00a3\/ora","isPartOf":{"@id":"https:\/\/luggagehero.com\/it\/#website"},"primaryImageOfPage":{"@id":"https:\/\/luggagehero.com\/it\/londra\/victoria-station\/#primaryimage"},"image":{"@id":"https:\/\/luggagehero.com\/it\/londra\/victoria-station\/#primaryimage"},"thumbnailUrl":"https:\/\/luggagehero.com\/wp-content\/uploads\/2018\/09\/Luggage-storage-victoria-station.jpg","datePublished":"2019-11-05T13:41:49+00:00","dateModified":"2023-08-22T11:53:42+00:00","description":"Servizio di deposito bagagli comodo ed economico vicino a Victoria Station. A partire da 1\u00a3\/ora Include copertura assicurativa di 2.200\u00a3. Sigillo di sicurezza applicato a ogni borsa. Prenota online.","breadcrumb":{"@id":"https:\/\/luggagehero.com\/it\/londra\/victoria-station\/#breadcrumb"},"inLanguage":"it-IT","potentialAction":[{"@type":"ReadAction","target":["https:\/\/luggagehero.com\/it\/londra\/victoria-station\/"]}]},{"@type":"ImageObject","inLanguage":"it-IT","@id":"https:\/\/luggagehero.com\/it\/londra\/victoria-station\/#primaryimage","url":"https:\/\/luggagehero.com\/wp-content\/uploads\/2018\/09\/Luggage-storage-victoria-station.jpg","contentUrl":"https:\/\/luggagehero.com\/wp-content\/uploads\/2018\/09\/Luggage-storage-victoria-station.jpg","width":"1035","height":"584"},{"@type":"BreadcrumbList","@id":"https:\/\/luggagehero.com\/it\/londra\/victoria-station\/#breadcrumb","itemListElement":[{"@type":"ListItem","position":1,"name":"Home","item":"https:\/\/luggagehero.com\/it\/"},{"@type":"ListItem","position":2,"name":"Londra","item":"https:\/\/luggagehero.com\/it\/londra\/"},{"@type":"ListItem","position":3,"name":"Victoria Station"}]},{"@type":"WebSite","@id":"https:\/\/luggagehero.com\/it\/#website","url":"https:\/\/luggagehero.com\/it\/","name":"LuggageHero","description":"Free yourself from luggage","publisher":{"@id":"https:\/\/luggagehero.com\/it\/#organization"},"potentialAction":[{"@type":"SearchAction","target":{"@type":"EntryPoint","urlTemplate":"https:\/\/luggagehero.com\/it\/?s={search_term_string}"},"query-input":{"@type":"PropertyValueSpecification","valueRequired":true,"valueName":"search_term_string"}}],"inLanguage":"it-IT"},{"@type":"Organization","@id":"https:\/\/luggagehero.com\/it\/#organization","name":"LuggageHero","url":"https:\/\/luggagehero.com\/it\/","logo":{"@type":"ImageObject","inLanguage":"it-IT","@id":"https:\/\/luggagehero.com\/it\/#\/schema\/logo\/image\/","url":"https:\/\/luggagehero.com\/wp-content\/uploads\/2017\/04\/luggagehero_LOGO-RGB_kort_POS_200x200.png","contentUrl":"https:\/\/luggagehero.com\/wp-content\/uploads\/2017\/04\/luggagehero_LOGO-RGB_kort_POS_200x200.png","width":200,"height":200,"caption":"LuggageHero"},"image":{"@id":"https:\/\/luggagehero.com\/it\/#\/schema\/logo\/image\/"},"sameAs":["https:\/\/www.facebook.com\/luggagehero","https:\/\/x.com\/luggagehero","https:\/\/www.instagram.com\/luggagehero","https:\/\/www.linkedin.com\/company\/luggagehero\/"]}]}},"place_id":"","place_latitude_longitude":"51.495210, -0.143898","place_name":"Victoria Station","criteria_title":"","criteria_description":"","meta_title":"","meta_description":"","children_criteria_title":"","children_criteria_description":"","children_meta_title":"","children_meta_description":"","_edit_last":"46","use_global_content":"","poi_type":"PublicTransit","content_raw":"Stai cercando un deposito bagagli vicino alla Stazione di Victoria? Puoi depositare le tue borse in uno dei nostri punti di deposito bagagli proprio dietro la Stazione di Victoria. Offriamo un servizio di deposito bagagli 24 ore su 24, 7 giorni su 7. I nostri partner locali si prenderanno cura dei tuoi bagagli mentre tu potrai esplorare <a href=\"https:\/\/luggagehero.com\/london\/\">Londra<\/a>.\r\n\r\nI depositi LuggageHero si trovano presso hotel, bar e negozi <a href=\"https:\/\/luggagehero.com\/about\/certified-shops\/\">certificati<\/a>. Prenotando in anticipo ti assicuri che ci sia spazio per i tuoi bagagli; puoi cancellare la tua prenotazione facilmente e in qualsiasi momento qualora dovessi cambiare i tuoi programmi di viaggio. L\u2019indirizzo e le indicazioni stradali verranno resi disponibili al momento della prenotazione e ti verranno inviate via email.\r\n\r\nLuggageHero utilizza un timer presso il deposito per calcolare le ore utilizzate. Quando arrivi al punto di deposito bagagli, dovrai avviare il timer del deposito dalla tua pagina di prenotazione. Interrompendo il timer del deposito al momento del ritiro avvierai automaticamente il processo di pagamento. Tutte le borse vengono assicurate fino a [pricing insurancecoverage] per ogni singolo bagaglio.\r\n\r\n<b>Il nostro servizio \u00e8 simile al deposito bagagli dell'hotel<\/b>\r\n\r\n<span style=\"font-weight: 400;\">Quante volte ti sei chiesto \u201csi possono lasciare i bagagli in stazione, o nell\u2019hotel?\u201d \u201cstazione termini deposito bagagli prezzi?\u201d<\/span>\r\n\r\n<span style=\"font-weight: 400;\">Molti viaggiatori si fanno queste domande, e molte volte vengono fatte al personale della reception. Non c'\u00e8 pi\u00f9 bisogno di farsi queste domande: LuggageHero offre, pi\u00f9 o meno, lo stesso servizio per tutti, non importa se soggiorni in un hotel, Airbnb o altrove. Siamo sempre pronti ad aiutarti.<\/span>\r\n<h2 style=\"text-align: center;\"><img class=\"aligncenter wp-image-1902 size-large\" title=\"Deposito bagagli stazione victoria\" src=\"https:\/\/luggagehero.com\/wp-content\/uploads\/2018\/02\/Luggage_storage_Victoria_station-800x451.jpg\" alt=\"Deposito bagagli Victoria Station Londra\" width=\"800\" height=\"451\" \/><\/h2>\r\n<h2 style=\"text-align: center;\">Victoria Station<\/h2>\r\n<a href=\"https:\/\/luggagehero.com\/about\/\">La soluzione di deposito bagagli di LuggageHero<\/a> \u00e8 pi\u00f9 economica e conveniente dei depositi tradizionali. Con pi\u00f9 di 120 negozi in tutta Londra, troverai facilmente un punto dove poter depositare le tue borse in tutta sicurezza, mentre ti dedichi a esplorare la citt\u00e0 senza il peso del bagaglio.\r\n\r\nVictoria Station, anche conosciuta come London Victoria, \u00e8 un\u2019importante stazione ferroviaria e delle metropolitana di Londra. La stazione si trova in centro a Londra e a poca distanza da Westminster. Il \u00a0<a href=\"https:\/\/www.gatwickexpress.com\/\" target=\"_blank\" rel=\"nofollow noopener noreferrer\">Gatwick Express,<\/a>\u00a0il treno diretto che collega Gatwick Airport, parte da Victoria Station 4 volte ogni ora. Il viaggio in treno dura solamente 30 minuti e ti lascia tutto il tempo necessario per poter esplorare la citt\u00e0 anche durante il giorno del tuo arrivo e della tua partenza.\r\n\r\nDepositando il tuo bagaglio vicino a Victoria Station potrai facilmente raggiungere diverse attrazioni turistiche di Londra, tra cui <a href=\"https:\/\/luggagehero.com\/london\/buckingham-palace\/\">Buckingham Palace<\/a> e St James's Park. Il servizio di deposito bagagli viene offerto anche in diverse altre stazioni della metropolitana, la London Underground, tra cui: <a href=\"https:\/\/luggagehero.com\/london\/kings-cross-station\/\">King's Cross Station<\/a>, <a href=\"https:\/\/luggagehero.com\/london\/euston-station\/\">Euston Station<\/a>, <a href=\"https:\/\/luggagehero.com\/london\/liverpool-street-station\/\">Liverpool Street Station<\/a> e molte altre. Se stai andando a un evento vicino allo stadio di Wembley possiamo facilmente occuparci del tuo bagaglio, dato che a <a href=\"https:\/\/luggagehero.com\/tip-here-is-your-guide-on-what-size-bags-or-luggage-you-can-bring-into-wembley-stadium\/\">Wembley vige un regolamento molto severo in termini di divieto di accesso con borse e bagagli<\/a>.\r\n\r\nServizi offerti presso Victoria Station:\r\n<ul>\r\n \t<li>Orario di apertura: da luned\u00ec a domenica, dalle ore 05:00 alle 03:00.<\/li>\r\n \t<li>Servizi igienici e fasciatoio.<\/li>\r\n \t<li>Ritiro contanti e Ufficio di Cambio<\/li>\r\n \t<li>Il servizio di Wi-Fi \u00e8 disponibile tramite carte prepagate e accesso internet wireless utilizzando il <a href=\"https:\/\/www.btwifi.co.uk\/\" rel=\"nofollow\">Wi-Fi BT<\/a><\/li>\r\n \t<li>Cibo e bevande sono disponibili 24 ore su 24.<\/li>\r\n<\/ul>\r\n<h3 style=\"text-align: left;\"><strong>Ricordati di scaricare la nostra app!<\/strong><\/h3>\r\nGrazie all' app di LuggageHero puoi facilmente trovarci a Roma e lasciarci il tuo bagaglio. 1000+ location ti aspettano, scarica la nostra app!\r\n\r\n[appdownloader]","_links":{"self":[{"href":"https:\/\/luggagehero.com\/it\/wp-json\/wp\/v2\/pages\/11459","targetHints":{"allow":["GET"]}}],"collection":[{"href":"https:\/\/luggagehero.com\/it\/wp-json\/wp\/v2\/pages"}],"about":[{"href":"https:\/\/luggagehero.com\/it\/wp-json\/wp\/v2\/types\/page"}],"author":[{"embeddable":true,"href":"https:\/\/luggagehero.com\/it\/wp-json\/wp\/v2\/users\/4"}],"replies":[{"embeddable":true,"href":"https:\/\/luggagehero.com\/it\/wp-json\/wp\/v2\/comments?post=11459"}],"version-history":[{"count":0,"href":"https:\/\/luggagehero.com\/it\/wp-json\/wp\/v2\/pages\/11459\/revisions"}],"up":[{"embeddable":true,"href":"https:\/\/luggagehero.com\/it\/wp-json\/wp\/v2\/pages\/11421"}],"wp:featuredmedia":[{"embeddable":true,"href":"https:\/\/luggagehero.com\/it\/wp-json\/wp\/v2\/media\/11431"}],"wp:attachment":[{"href":"https:\/\/luggagehero.com\/it\/wp-json\/wp\/v2\/media?parent=11459"}],"curies":[{"name":"wp","href":"https:\/\/api.w.org\/{rel}","templated":true}]}}