{"id":11472,"date":"2019-11-05T13:41:51","date_gmt":"2019-11-05T13:41:51","guid":{"rendered":"https:\/\/luggagehero.com\/londra\/liverpool-street-station\/"},"modified":"2023-08-22T11:56:58","modified_gmt":"2023-08-22T11:56:58","slug":"liverpool-street-station","status":"publish","type":"page","link":"https:\/\/luggagehero.com\/it\/londra\/liverpool-street-station\/","title":{"rendered":"Liverpool Street Station"},"content":{"rendered":"<p>Stai cercando un deposito bagagli vicino alla Stazione di Liverpool Street? Abbiamo diversi punti intorno alla stazione dove potrai depositare il tuo bagaglio. Il servizio LuggageHero ti permetter\u00e0 di depositare i tuoi bagagli nelle mani fidate di negozi della zona intorno a Liverpool Street Station, mentre tu potrai visitare i dintorni, o qualsiasi parte di Londra.I punti di deposito LuggageHero sono presso hotel, bar e negozi\u00a0certificati.<\/p>\n<p>Prenotando in anticipo ti assicuri che ci sia spazio per i tuoi bagagli; puoi cancellare la tua prenotazione facilmente e in qualsiasi momento qualora dovessi cambiare i tuoi programmi di viaggio. L\u2019indirizzo e le indicazioni stradali verranno resi disponibili al momento della prenotazione e ti verranno inviate via email.<\/p>\n<p>Tutte le borse vengono <a href=\"https:\/\/luggagehero.com\/about\/insurance\/\">assicurate<\/a> fino a <pricing-component type=\"insurancecoverage\"><\/pricing-component>.<\/p>\n<h4 class=\"p1\"><span class=\"s1\"><b>Usa la mappa per trovare i nostri shop certificati vicino Liverpool Street Station<\/b><\/span><\/h4>\n<h4 class=\"p1\"><span class=\"s1\"><map-of-shops><\/map-of-shops>\u00a0<\/span><\/h4>\n<h3 style=\"text-align: left;\"><strong>Ricordati di scaricare la nostra app!<\/strong><\/h3>\n<p>Grazie all&#8217; app di LuggageHero puoi facilmente trovarci a Roma e lasciarci il tuo bagaglio. 1000+ location ti aspettano, scarica la nostra app!<\/p>\n\n<div class=\"block-app-downloader\">\n\t<ul class=\"app-images\">\n\t\t\t\t\t<li class=\"app-img\">\n\t\t\t\t<img decoding=\"async\" loading=\"lazy\" src=\"https:\/\/luggagehero.com\/wp-content\/uploads\/2020\/08\/app-1.png\" alt=\"App screenshot\">\n\t\t\t<\/li>\n\t\t\t\t\t<li class=\"app-img\">\n\t\t\t\t<img decoding=\"async\" loading=\"lazy\" src=\"https:\/\/luggagehero.com\/wp-content\/uploads\/2020\/08\/app-2.png\" alt=\"App screenshot\">\n\t\t\t<\/li>\n\t\t\t\t\t<li class=\"app-img\">\n\t\t\t\t<img decoding=\"async\" loading=\"lazy\" src=\"https:\/\/luggagehero.com\/wp-content\/uploads\/2020\/08\/app-3.png\" alt=\"App screenshot\">\n\t\t\t<\/li>\n\t\t\t\t\t<li class=\"app-img\">\n\t\t\t\t<img decoding=\"async\" loading=\"lazy\" src=\"https:\/\/luggagehero.com\/wp-content\/uploads\/2020\/08\/app-4.png\" alt=\"App screenshot\">\n\t\t\t<\/li>\n\t\t\t\t\t<li class=\"app-img\">\n\t\t\t\t<img decoding=\"async\" loading=\"lazy\" src=\"https:\/\/luggagehero.com\/wp-content\/uploads\/2020\/08\/app-5.png\" alt=\"App screenshot\">\n\t\t\t<\/li>\n\t\t\t<\/ul>\n\n\t<div class=\"apps-box\">\n\t\t<p> Usa LuggageHero ovunque con l'app ufficiale per iPhone e Android<\/p>\n\t\t<a href=\"https:\/\/apps.apple.com\/us\/app\/luggagehero-luggage-storage\/id1481057935\" target=\"_blank\">\n\t\t\t<img decoding=\"async\" loading=\"lazy\" src=\"https:\/\/luggagehero.com\/wp-content\/uploads\/2020\/08\/badge-as.png\" alt=\"Download on the ios App Store\">\n\t\t<\/a>\n\n\t\t<a href=\"https:\/\/play.google.com\/store\/apps\/details?id=com.luggagehero.android\" target=\"_blank\">\n\t\t\t<img decoding=\"async\" loading=\"lazy\" src=\"https:\/\/luggagehero.com\/wp-content\/uploads\/2020\/08\/badge-gp.png\" alt=\"Get it on Google Play\">\n\t\t<\/a>\n\t<\/div>\n<\/div>\n<p><b>Il nostro servizio \u00e8 simile al deposito bagagli dell&#8217;hotel<\/b><\/p>\n<p><span style=\"font-weight: 400;\">Quante volte ti sei chiesto \u201csi possono lasciare i bagagli in stazione, o nell\u2019hotel?\u201d \u201cstazione termini deposito bagagli prezzi?\u201d<\/span><\/p>\n<p><span style=\"font-weight: 400;\">Molti viaggiatori si fanno queste domande, e molte volte vengono fatte al personale della reception. Non c&#8217;\u00e8 pi\u00f9 bisogno di farsi queste domande: LuggageHero offre, pi\u00f9 o meno, lo stesso servizio per tutti, non importa se soggiorni in un hotel, Airbnb o altrove. Siamo sempre pronti ad aiutarti.<\/span><\/p>\n<p>&nbsp;<\/p>\n<p style=\"text-align: center;\"><img loading=\"lazy\" decoding=\"async\" class=\"aligncenter wp-image-1905 size-full\" src=\"https:\/\/luggagehero.com\/wp-content\/uploads\/2018\/02\/luggage_storage_liverpool_street_station.jpg\" alt=\"Liverpool Street Station a Londra\" width=\"640\" height=\"360\" srcset=\"https:\/\/luggagehero.com\/wp-content\/uploads\/2018\/02\/luggage_storage_liverpool_street_station.jpg 640w, https:\/\/luggagehero.com\/wp-content\/uploads\/2018\/02\/luggage_storage_liverpool_street_station-300x169.jpg 300w, https:\/\/luggagehero.com\/wp-content\/uploads\/2018\/02\/luggage_storage_liverpool_street_station-600x338.jpg 600w\" sizes=\"auto, (max-width: 640px) 100vw, 640px\" \/><\/p>\n<h2 style=\"text-align: center;\">Liverpool Street Station<\/h2>\n<p>Liverpool Street station, conosciuta anche come London Liverpool Street, \u00e8 una stazione ferroviaria capolinea in centro a Londra, oltre che una stazione della London Underground. Liverpool Street Station serve diverse linee della metropolitana, che ti permetteranno di visitare tutta Londra. Tra queste: la Central line in direzione <a href=\"https:\/\/luggagehero.com\/london\/oxford-street\/\">Oxford Street<\/a>, <a href=\"https:\/\/luggagehero.com\/london\/notting-hill-station\/\">Notting Hill<\/a> e East London. Le linee Circle, Metropolitan and Hammersmith, e City raggiungono il\u00a0<a href=\"https:\/\/luggagehero.com\/london\/london-eye\/\">London Eye<\/a>, Southbank, Trafalgar Square e il quartiere di\u00a0<a href=\"https:\/\/luggagehero.com\/london\/kensington-gardens\/\">Kensington<\/a>. Liverpool Street si trova nel cuore della citt\u00e0.<\/p>\n<p>Il treno Stansted Express collega continuamente Stansted Airport alla stazione di London Liverpool Street in soli 47 minuti e grazie ai treni che partono ogni 15 minuti, non c&#8217;\u00e8 mai il rischio di lunghe attese.<\/p>\n<p>Alcuni monumenti e luoghi storici tra i pi\u00f9 famosi di Londra si trovano non troppo lontano dalla stazione. Nella zona intorno a Liverpool Street Station vi sono anche diverse attrazioni turistiche, tra cui lo Spitalfields Market, la Whitechapel Gallery e la Bank of England.<\/p>\n<p>Liverpool Street \u00e8 una stazione famosa per essere molto trafficata, in particolare per via dei molti pendolari che la utilizzano, riuscendo a mantenere il suo fascino di stazione ferroviaria d\u2019epoca, pur a fronte della radicale modernizzazione che ha subito recentemente.<\/p>\n<p>Informazioni sulla stazione:<\/p>\n<ul>\n<li>La biglietteria \u00e8 aperta durante le ore di apertura della stazione e nel salone sono disponibili diverse biglietterie self-service.<\/li>\n<li>Servizi igienici e fasciatoio.<\/li>\n<li>Ritiro contanti e Ufficio di Cambio.<\/li>\n<li>Il servizio di Wi-Fi \u00e8 disponibile tramite carte prepagate e accesso internet wireless utilizzando il Wi-Fi BT<\/li>\n<li>Cibo e bevande sono disponibili 24 ore su 24.<\/li>\n<\/ul>\n","protected":false},"excerpt":{"rendered":"<p>Stai cercando un deposito bagagli vicino alla Stazione di Liverpool Street? Abbiamo diversi punti intorno alla stazione dove potrai depositare il tuo bagaglio. Il servizio LuggageHero ti permetter\u00e0 di depositare i tuoi bagagli nelle mani fidate di negozi della zona intorno a Liverpool Street Station, mentre tu potrai visitare i dintorni, o qualsiasi parte di [&hellip;]<\/p>\n","protected":false},"author":9,"featured_media":0,"parent":11421,"menu_order":0,"comment_status":"closed","ping_status":"closed","template":"template-location.php","meta":{"_acf_changed":false,"footnotes":""},"class_list":["post-11472","page","type-page","status-publish","hentry"],"acf":[],"yoast_head":"<!-- This site is optimized with the Yoast SEO Premium plugin v27.0 (Yoast SEO v27.0) - https:\/\/yoast.com\/product\/yoast-seo-premium-wordpress\/ -->\n<title>Deposito Bagagli a Liverpool Street Station 7 giorni su 7 - A partire da 1\u00a3\/ora<\/title>\n<meta name=\"description\" content=\"Servizio di deposito bagagli facile, comodo ed economico vicino a Liverpool Street Station. A partire da 1\u00a3\/ora. Include copertura assicurativa di 2.200\u00a3. Sigillo di sicurezza applicato a ogni borsa.\" \/>\n<meta name=\"robots\" content=\"index, follow, max-snippet:-1, max-image-preview:large, max-video-preview:-1\" \/>\n<link rel=\"canonical\" href=\"https:\/\/luggagehero.com\/it\/londra\/liverpool-street-station\/\" \/>\n<meta property=\"og:locale\" content=\"it_IT\" \/>\n<meta property=\"og:type\" content=\"article\" \/>\n<meta property=\"og:title\" content=\"Liverpool Street Station\" \/>\n<meta property=\"og:description\" content=\"Servizio di deposito bagagli facile, comodo ed economico vicino a Liverpool Street Station. A partire da 1\u00a3\/ora. Include copertura assicurativa di 2.200\u00a3. Sigillo di sicurezza applicato a ogni borsa.\" \/>\n<meta property=\"og:url\" content=\"https:\/\/luggagehero.com\/it\/londra\/liverpool-street-station\/\" \/>\n<meta property=\"og:site_name\" content=\"LuggageHero\" \/>\n<meta property=\"article:publisher\" content=\"https:\/\/www.facebook.com\/luggagehero\" \/>\n<meta property=\"article:modified_time\" content=\"2023-08-22T11:56:58+00:00\" \/>\n<meta property=\"og:image\" content=\"https:\/\/luggagehero.com\/wp-content\/uploads\/2018\/02\/luggage_storage_liverpool_street_station.jpg\" \/>\n<meta name=\"twitter:card\" content=\"summary_large_image\" \/>\n<meta name=\"twitter:site\" content=\"@luggagehero\" \/>\n<meta name=\"twitter:label1\" content=\"Est. reading time\" \/>\n\t<meta name=\"twitter:data1\" content=\"3 minutes\" \/>\n<script type=\"application\/ld+json\" class=\"yoast-schema-graph\">{\"@context\":\"https:\/\/schema.org\",\"@graph\":[{\"@type\":\"WebPage\",\"@id\":\"https:\/\/luggagehero.com\/it\/londra\/liverpool-street-station\/\",\"url\":\"https:\/\/luggagehero.com\/it\/londra\/liverpool-street-station\/\",\"name\":\"Deposito Bagagli a Liverpool Street Station 7 giorni su 7 - A partire da 1\u00a3\/ora\",\"isPartOf\":{\"@id\":\"https:\/\/luggagehero.com\/it\/#website\"},\"primaryImageOfPage\":{\"@id\":\"https:\/\/luggagehero.com\/it\/londra\/liverpool-street-station\/#primaryimage\"},\"image\":{\"@id\":\"https:\/\/luggagehero.com\/it\/londra\/liverpool-street-station\/#primaryimage\"},\"thumbnailUrl\":\"https:\/\/luggagehero.com\/wp-content\/uploads\/2018\/02\/luggage_storage_liverpool_street_station.jpg\",\"datePublished\":\"2019-11-05T13:41:51+00:00\",\"dateModified\":\"2023-08-22T11:56:58+00:00\",\"description\":\"Servizio di deposito bagagli facile, comodo ed economico vicino a Liverpool Street Station. A partire da 1\u00a3\/ora. Include copertura assicurativa di 2.200\u00a3. Sigillo di sicurezza applicato a ogni borsa.\",\"breadcrumb\":{\"@id\":\"https:\/\/luggagehero.com\/it\/londra\/liverpool-street-station\/#breadcrumb\"},\"inLanguage\":\"it-IT\",\"potentialAction\":[{\"@type\":\"ReadAction\",\"target\":[\"https:\/\/luggagehero.com\/it\/londra\/liverpool-street-station\/\"]}]},{\"@type\":\"ImageObject\",\"inLanguage\":\"it-IT\",\"@id\":\"https:\/\/luggagehero.com\/it\/londra\/liverpool-street-station\/#primaryimage\",\"url\":\"https:\/\/luggagehero.com\/wp-content\/uploads\/2018\/02\/luggage_storage_liverpool_street_station.jpg\",\"contentUrl\":\"https:\/\/luggagehero.com\/wp-content\/uploads\/2018\/02\/luggage_storage_liverpool_street_station.jpg\"},{\"@type\":\"BreadcrumbList\",\"@id\":\"https:\/\/luggagehero.com\/it\/londra\/liverpool-street-station\/#breadcrumb\",\"itemListElement\":[{\"@type\":\"ListItem\",\"position\":1,\"name\":\"Home\",\"item\":\"https:\/\/luggagehero.com\/it\/\"},{\"@type\":\"ListItem\",\"position\":2,\"name\":\"Londra\",\"item\":\"https:\/\/luggagehero.com\/it\/londra\/\"},{\"@type\":\"ListItem\",\"position\":3,\"name\":\"Liverpool Street Station\"}]},{\"@type\":\"WebSite\",\"@id\":\"https:\/\/luggagehero.com\/it\/#website\",\"url\":\"https:\/\/luggagehero.com\/it\/\",\"name\":\"LuggageHero\",\"description\":\"Free yourself from luggage\",\"publisher\":{\"@id\":\"https:\/\/luggagehero.com\/it\/#organization\"},\"potentialAction\":[{\"@type\":\"SearchAction\",\"target\":{\"@type\":\"EntryPoint\",\"urlTemplate\":\"https:\/\/luggagehero.com\/it\/?s={search_term_string}\"},\"query-input\":{\"@type\":\"PropertyValueSpecification\",\"valueRequired\":true,\"valueName\":\"search_term_string\"}}],\"inLanguage\":\"it-IT\"},{\"@type\":\"Organization\",\"@id\":\"https:\/\/luggagehero.com\/it\/#organization\",\"name\":\"LuggageHero\",\"url\":\"https:\/\/luggagehero.com\/it\/\",\"logo\":{\"@type\":\"ImageObject\",\"inLanguage\":\"it-IT\",\"@id\":\"https:\/\/luggagehero.com\/it\/#\/schema\/logo\/image\/\",\"url\":\"https:\/\/luggagehero.com\/wp-content\/uploads\/2017\/04\/luggagehero_LOGO-RGB_kort_POS_200x200.png\",\"contentUrl\":\"https:\/\/luggagehero.com\/wp-content\/uploads\/2017\/04\/luggagehero_LOGO-RGB_kort_POS_200x200.png\",\"width\":200,\"height\":200,\"caption\":\"LuggageHero\"},\"image\":{\"@id\":\"https:\/\/luggagehero.com\/it\/#\/schema\/logo\/image\/\"},\"sameAs\":[\"https:\/\/www.facebook.com\/luggagehero\",\"https:\/\/x.com\/luggagehero\",\"https:\/\/www.instagram.com\/luggagehero\",\"https:\/\/www.linkedin.com\/company\/luggagehero\/\"]}]}<\/script>\n<!-- \/ Yoast SEO Premium plugin. -->","yoast_head_json":{"title":"Deposito Bagagli a Liverpool Street Station 7 giorni su 7 - A partire da 1\u00a3\/ora","description":"Servizio di deposito bagagli facile, comodo ed economico vicino a Liverpool Street Station. A partire da 1\u00a3\/ora. Include copertura assicurativa di 2.200\u00a3. Sigillo di sicurezza applicato a ogni borsa.","robots":{"index":"index","follow":"follow","max-snippet":"max-snippet:-1","max-image-preview":"max-image-preview:large","max-video-preview":"max-video-preview:-1"},"canonical":"https:\/\/luggagehero.com\/it\/londra\/liverpool-street-station\/","og_locale":"it_IT","og_type":"article","og_title":"Liverpool Street Station","og_description":"Servizio di deposito bagagli facile, comodo ed economico vicino a Liverpool Street Station. A partire da 1\u00a3\/ora. Include copertura assicurativa di 2.200\u00a3. Sigillo di sicurezza applicato a ogni borsa.","og_url":"https:\/\/luggagehero.com\/it\/londra\/liverpool-street-station\/","og_site_name":"LuggageHero","article_publisher":"https:\/\/www.facebook.com\/luggagehero","article_modified_time":"2023-08-22T11:56:58+00:00","og_image":[{"url":"https:\/\/luggagehero.com\/wp-content\/uploads\/2018\/02\/luggage_storage_liverpool_street_station.jpg","type":"","width":"","height":""}],"twitter_card":"summary_large_image","twitter_site":"@luggagehero","twitter_misc":{"Est. reading time":"3 minutes"},"schema":{"@context":"https:\/\/schema.org","@graph":[{"@type":"WebPage","@id":"https:\/\/luggagehero.com\/it\/londra\/liverpool-street-station\/","url":"https:\/\/luggagehero.com\/it\/londra\/liverpool-street-station\/","name":"Deposito Bagagli a Liverpool Street Station 7 giorni su 7 - A partire da 1\u00a3\/ora","isPartOf":{"@id":"https:\/\/luggagehero.com\/it\/#website"},"primaryImageOfPage":{"@id":"https:\/\/luggagehero.com\/it\/londra\/liverpool-street-station\/#primaryimage"},"image":{"@id":"https:\/\/luggagehero.com\/it\/londra\/liverpool-street-station\/#primaryimage"},"thumbnailUrl":"https:\/\/luggagehero.com\/wp-content\/uploads\/2018\/02\/luggage_storage_liverpool_street_station.jpg","datePublished":"2019-11-05T13:41:51+00:00","dateModified":"2023-08-22T11:56:58+00:00","description":"Servizio di deposito bagagli facile, comodo ed economico vicino a Liverpool Street Station. A partire da 1\u00a3\/ora. Include copertura assicurativa di 2.200\u00a3. Sigillo di sicurezza applicato a ogni borsa.","breadcrumb":{"@id":"https:\/\/luggagehero.com\/it\/londra\/liverpool-street-station\/#breadcrumb"},"inLanguage":"it-IT","potentialAction":[{"@type":"ReadAction","target":["https:\/\/luggagehero.com\/it\/londra\/liverpool-street-station\/"]}]},{"@type":"ImageObject","inLanguage":"it-IT","@id":"https:\/\/luggagehero.com\/it\/londra\/liverpool-street-station\/#primaryimage","url":"https:\/\/luggagehero.com\/wp-content\/uploads\/2018\/02\/luggage_storage_liverpool_street_station.jpg","contentUrl":"https:\/\/luggagehero.com\/wp-content\/uploads\/2018\/02\/luggage_storage_liverpool_street_station.jpg"},{"@type":"BreadcrumbList","@id":"https:\/\/luggagehero.com\/it\/londra\/liverpool-street-station\/#breadcrumb","itemListElement":[{"@type":"ListItem","position":1,"name":"Home","item":"https:\/\/luggagehero.com\/it\/"},{"@type":"ListItem","position":2,"name":"Londra","item":"https:\/\/luggagehero.com\/it\/londra\/"},{"@type":"ListItem","position":3,"name":"Liverpool Street Station"}]},{"@type":"WebSite","@id":"https:\/\/luggagehero.com\/it\/#website","url":"https:\/\/luggagehero.com\/it\/","name":"LuggageHero","description":"Free yourself from luggage","publisher":{"@id":"https:\/\/luggagehero.com\/it\/#organization"},"potentialAction":[{"@type":"SearchAction","target":{"@type":"EntryPoint","urlTemplate":"https:\/\/luggagehero.com\/it\/?s={search_term_string}"},"query-input":{"@type":"PropertyValueSpecification","valueRequired":true,"valueName":"search_term_string"}}],"inLanguage":"it-IT"},{"@type":"Organization","@id":"https:\/\/luggagehero.com\/it\/#organization","name":"LuggageHero","url":"https:\/\/luggagehero.com\/it\/","logo":{"@type":"ImageObject","inLanguage":"it-IT","@id":"https:\/\/luggagehero.com\/it\/#\/schema\/logo\/image\/","url":"https:\/\/luggagehero.com\/wp-content\/uploads\/2017\/04\/luggagehero_LOGO-RGB_kort_POS_200x200.png","contentUrl":"https:\/\/luggagehero.com\/wp-content\/uploads\/2017\/04\/luggagehero_LOGO-RGB_kort_POS_200x200.png","width":200,"height":200,"caption":"LuggageHero"},"image":{"@id":"https:\/\/luggagehero.com\/it\/#\/schema\/logo\/image\/"},"sameAs":["https:\/\/www.facebook.com\/luggagehero","https:\/\/x.com\/luggagehero","https:\/\/www.instagram.com\/luggagehero","https:\/\/www.linkedin.com\/company\/luggagehero\/"]}]}},"place_id":"","place_latitude_longitude":"51.5188,-0.0814","place_name":"Liverpool Street Station","criteria_title":"","criteria_description":"","meta_title":"","meta_description":"","children_criteria_title":"","children_criteria_description":"","children_meta_title":"","children_meta_description":"","_edit_last":"46","use_global_content":"","poi_type":"PublicTransit","content_raw":"Stai cercando un deposito bagagli vicino alla Stazione di Liverpool Street? Abbiamo diversi punti intorno alla stazione dove potrai depositare il tuo bagaglio. Il servizio LuggageHero ti permetter\u00e0 di depositare i tuoi bagagli nelle mani fidate di negozi della zona intorno a Liverpool Street Station, mentre tu potrai visitare i dintorni, o qualsiasi parte di Londra.I punti di deposito LuggageHero sono presso hotel, bar e negozi\u00a0certificati.\r\n\r\nPrenotando in anticipo ti assicuri che ci sia spazio per i tuoi bagagli; puoi cancellare la tua prenotazione facilmente e in qualsiasi momento qualora dovessi cambiare i tuoi programmi di viaggio. L\u2019indirizzo e le indicazioni stradali verranno resi disponibili al momento della prenotazione e ti verranno inviate via email.\r\n\r\nTutte le borse vengono <a href=\"https:\/\/luggagehero.com\/about\/insurance\/\">assicurate<\/a> fino a [pricing insurancecoverage].\r\n<h4 class=\"p1\"><span class=\"s1\"><b>Usa la mappa per trovare i nostri shop certificati vicino Liverpool Street Station<\/b><\/span><\/h4>\r\n<h4 class=\"p1\"><span class=\"s1\">[mapofshops]\u00a0<\/span><\/h4>\r\n<h3 style=\"text-align: left;\"><strong>Ricordati di scaricare la nostra app!<\/strong><\/h3>\r\nGrazie all' app di LuggageHero puoi facilmente trovarci a Roma e lasciarci il tuo bagaglio. 1000+ location ti aspettano, scarica la nostra app!\r\n\r\n[appdownloader]\r\n\r\n<b>Il nostro servizio \u00e8 simile al deposito bagagli dell'hotel<\/b>\r\n\r\n<span style=\"font-weight: 400;\">Quante volte ti sei chiesto \u201csi possono lasciare i bagagli in stazione, o nell\u2019hotel?\u201d \u201cstazione termini deposito bagagli prezzi?\u201d<\/span>\r\n\r\n<span style=\"font-weight: 400;\">Molti viaggiatori si fanno queste domande, e molte volte vengono fatte al personale della reception. Non c'\u00e8 pi\u00f9 bisogno di farsi queste domande: LuggageHero offre, pi\u00f9 o meno, lo stesso servizio per tutti, non importa se soggiorni in un hotel, Airbnb o altrove. Siamo sempre pronti ad aiutarti.<\/span>\r\n\r\n&nbsp;\r\n<p style=\"text-align: center;\"><img class=\"aligncenter wp-image-1905 size-full\" src=\"https:\/\/luggagehero.com\/wp-content\/uploads\/2018\/02\/luggage_storage_liverpool_street_station.jpg\" alt=\"Liverpool Street Station a Londra\" width=\"640\" height=\"360\" \/><\/p>\r\n\r\n<h2 style=\"text-align: center;\">Liverpool Street Station<\/h2>\r\nLiverpool Street station, conosciuta anche come London Liverpool Street, \u00e8 una stazione ferroviaria capolinea in centro a Londra, oltre che una stazione della London Underground. Liverpool Street Station serve diverse linee della metropolitana, che ti permetteranno di visitare tutta Londra. Tra queste: la Central line in direzione <a href=\"https:\/\/luggagehero.com\/london\/oxford-street\/\">Oxford Street<\/a>, <a href=\"https:\/\/luggagehero.com\/london\/notting-hill-station\/\">Notting Hill<\/a> e East London. Le linee Circle, Metropolitan and Hammersmith, e City raggiungono il\u00a0<a href=\"https:\/\/luggagehero.com\/london\/london-eye\/\">London Eye<\/a>, Southbank, Trafalgar Square e il quartiere di\u00a0<a href=\"https:\/\/luggagehero.com\/london\/kensington-gardens\/\">Kensington<\/a>. Liverpool Street si trova nel cuore della citt\u00e0.\r\n\r\nIl treno Stansted Express collega continuamente Stansted Airport alla stazione di London Liverpool Street in soli 47 minuti e grazie ai treni che partono ogni 15 minuti, non c'\u00e8 mai il rischio di lunghe attese.\r\n\r\nAlcuni monumenti e luoghi storici tra i pi\u00f9 famosi di Londra si trovano non troppo lontano dalla stazione. Nella zona intorno a Liverpool Street Station vi sono anche diverse attrazioni turistiche, tra cui lo Spitalfields Market, la Whitechapel Gallery e la Bank of England.\r\n\r\nLiverpool Street \u00e8 una stazione famosa per essere molto trafficata, in particolare per via dei molti pendolari che la utilizzano, riuscendo a mantenere il suo fascino di stazione ferroviaria d\u2019epoca, pur a fronte della radicale modernizzazione che ha subito recentemente.\r\n\r\nInformazioni sulla stazione:\r\n<ul>\r\n \t<li>La biglietteria \u00e8 aperta durante le ore di apertura della stazione e nel salone sono disponibili diverse biglietterie self-service.<\/li>\r\n \t<li>Servizi igienici e fasciatoio.<\/li>\r\n \t<li>Ritiro contanti e Ufficio di Cambio.<\/li>\r\n \t<li>Il servizio di Wi-Fi \u00e8 disponibile tramite carte prepagate e accesso internet wireless utilizzando il Wi-Fi BT<\/li>\r\n \t<li>Cibo e bevande sono disponibili 24 ore su 24.<\/li>\r\n<\/ul>","_links":{"self":[{"href":"https:\/\/luggagehero.com\/it\/wp-json\/wp\/v2\/pages\/11472","targetHints":{"allow":["GET"]}}],"collection":[{"href":"https:\/\/luggagehero.com\/it\/wp-json\/wp\/v2\/pages"}],"about":[{"href":"https:\/\/luggagehero.com\/it\/wp-json\/wp\/v2\/types\/page"}],"author":[{"embeddable":true,"href":"https:\/\/luggagehero.com\/it\/wp-json\/wp\/v2\/users\/9"}],"replies":[{"embeddable":true,"href":"https:\/\/luggagehero.com\/it\/wp-json\/wp\/v2\/comments?post=11472"}],"version-history":[{"count":0,"href":"https:\/\/luggagehero.com\/it\/wp-json\/wp\/v2\/pages\/11472\/revisions"}],"up":[{"embeddable":true,"href":"https:\/\/luggagehero.com\/it\/wp-json\/wp\/v2\/pages\/11421"}],"wp:attachment":[{"href":"https:\/\/luggagehero.com\/it\/wp-json\/wp\/v2\/media?parent=11472"}],"curies":[{"name":"wp","href":"https:\/\/api.w.org\/{rel}","templated":true}]}}