{"id":11476,"date":"2019-11-05T13:41:53","date_gmt":"2019-11-05T13:41:53","guid":{"rendered":"https:\/\/luggagehero.com\/barcellona\/"},"modified":"2022-12-28T12:10:31","modified_gmt":"2022-12-28T12:10:31","slug":"barcellona","status":"publish","type":"page","link":"https:\/\/luggagehero.com\/it\/barcellona\/","title":{"rendered":"Barcellona"},"content":{"rendered":"<p>Non hai pi\u00f9 bisogno di cercare degli armadietti per depositare il tuo bagaglio. La prossima volta che sarai a Barcellona, ricordati che LuggageHero \u00e8 qui per salvarti dai guai!<\/p>\n<p>Consegna le tue borse utilizzando il circuito di pi\u00f9 di 80 punti LuggageHero presso negozi della zona, situati attorno ai principali snodi della viabilit\u00e0 e ai quartieri pi\u00f9 famosi di oggi. Tra questi: <a href=\"https:\/\/luggagehero.com\/barcelona\/sants-station\/\">Barcelona Sants Station<\/a>, <a href=\"https:\/\/luggagehero.com\/barcelona\/espanya-station\/\">Espanya Station<\/a>, <a href=\"https:\/\/luggagehero.com\/barcelona\/catalunya-station\/\">Catalunya Station<\/a>, <a href=\"https:\/\/luggagehero.com\/barcelona\/franca-station\/\">Franca Station<\/a>, <a href=\"https:\/\/luggagehero.com\/barcelona\/passeig-gracia-station\/\">Passeig de Gracia Station<\/a>, <a href=\"https:\/\/luggagehero.com\/barcelona\/eixample\/\">Eixample<\/a>, <a href=\"https:\/\/luggagehero.com\/barcelona\/el-raval\/\">El Raval<\/a>, <a href=\"https:\/\/luggagehero.com\/barcelona\/barceloneta\/\" target=\"_blank\" rel=\"noopener noreferrer\">La Barceloneta<\/a> e il centro di Barcellona.<\/p>\n<p>Immagina di arrivare dall\u2019aeroporto di El Prat diverse ore prima che il tuo alloggio sia disponibile e di voler visitare le bellezze della citt\u00e0, senza doverti trascinare dietro il tuo bagaglio. Magari vorresti visitare <a href=\"https:\/\/luggagehero.com\/barcelona\/la-sagrada-familia\/\">La Sagrada Familia<\/a>, il Museo Picasso, passeggiare lungo Las Ramblas o vedere una partita al <a href=\"https:\/\/luggagehero.com\/barcelona\/camp-nou\/\">Camp Nou Stadium<\/a>. Qualsiasi cosa tu decida di fare, siamo qui per custodire il tuo bagaglio<\/p>\n<p>Basta andare sulla <a href=\"https:\/\/app.luggagehero.com\/home;location=Barcelona;lat=41,3850639;lon=2,1734034999999494\">piattaforma di prenotazione LuggageHero<\/a> per trovare un punto di deposito a portata di mano, all\u2019interno di un negozio o di un altro esercizio commerciale, tutti <a href=\"https:\/\/luggagehero.com\/about\/certified-shops\/\">verificati da noi<\/a>. Utilizzando la nostra mappa potrai trovare i negozi che sono pi\u00f9 vicini alle stazioni che utilizzerai, oppure alle attrazioni turistiche che visiterai e potrai depositare l\u00ec il tuo bagaglio.<\/p>\n<p><img loading=\"lazy\" decoding=\"async\" class=\"aligncenter wp-image-2267\" title=\"Affida il tuo bagaglio a Londra a un LuggageHero\" src=\"https:\/\/luggagehero.com\/wp-content\/uploads\/2017\/06\/LuggageHero_figur_fod-paa-kufferter-1-720x907.png\" alt=\"Affida il tuo bagaglio a Londra a un LuggageHero\" width=\"333\" height=\"420\" \/><\/p>\n<p><strong>Paghi una tariffa oraria, a differenza di altri servizi!<\/strong><\/p>\n<p>Offriamo un servizio veloce, comodo ed economico.<\/p>\n<p>Crediamo nell\u2019importanza di offrire ai nostri clienti diverse soluzioni per il pagamento. Infatti, LuggageHero applica ai suoi utenti una tariffa di 1\u20ac solamente per ogni ora utilizzata, a differenza della maggior parte degli altri servizi di deposito bagagli, che spesso ti chiedono di pagare per l\u2019intera giornata. Se invece volessi depositare il tuo bagaglio per tutto il giorno o pi\u00f9 a lungo, ti offriamo un economico tetto massimo giornaliero di 8\u20ac. Questa \u00e8 la nostra idea di come il pagamento per il servizio di deposito bagagli dovrebbe essere, nel 2019.<\/p>\n<h4><strong>Siamo siamo qui per te<\/strong><\/h4>\n<p>La tua protezione e sicurezza sono la nostra priorit\u00e0. Ecco perch\u00e9 abbiamo degli impiegati LuggageHero che recensiscono e certificano tutti i nostri negozi di Barcellona. Oltre a tutto questo, assicuriamo ogni singola borsa e il suo contenuto fino a <pricing-component type=\"insurancecoverage\"><\/pricing-component>. Se hai bisogno di parlare a qualcuno di noi di LuggageHero, siamo qui per te 24 ore su 24, 7 giorni su 7, grazie al nostro sistema di chat online.<\/p>\n<h4><strong>Sei pronto per depositare i tuoi bagagli in uno dei nostri numerosi armadietti a Barcellona?<\/strong><\/h4>\n<p>Trova il posto giusto per depositare i tuoi bagagli e scegli tra pi\u00f9 di <strong>80<\/strong><strong> punti disponibili in tutta Barcellona!<\/strong><\/p>\n<h4 style=\"text-align: left;\">Sicurezza<\/h4>\n<p><a href=\"https:\/\/luggagehero.com\/about\/certified-shops\/\">Certifichiamo<\/a> e formiamo scrupolosamente gli operatori di tutti i nostri punti LuggageHero a Barcellona su come maneggiare in sicurezza i tuoi effetti personali.<\/p>\n<p>Tutti i nostri negozi a Barcellona sono stati recensiti da un impiegato LuggageHero, che inoltre esegue regolarmente controlli qualit\u00e0 per garantire che gli effetti personali dei nostri clienti siano conservati in modo sicuro e affidabile.<\/p>\n<p>Inoltre, ogni singolo bagaglio e il suo contenuto sono assicurati fino a <pricing-component type=\"insurancecoverage\"><\/pricing-component>.<\/p>\n<p>Se hai bisogno di rivolgerti a qualcuno, ricordati che il nostro supporto ai clienti tramite chat online \u00e8 attivo 24 ore su 24, 7 giorni su 7.<\/p>\n<h4 style=\"text-align: left;\">Prenota\u00a0senza rischi<\/h4>\n<p>Vogliamo rendere i tuoi viaggi il pi\u00f9 snelli e semplici possibile: questo \u00e8 il motivo per cui per noi \u00e8 cos\u00ec importante che <strong>non ti venga addebitato NESSUN COSTO<\/strong> finch\u00e9 il tuo bagaglio non sia stato consegnato.<\/p>\n<p>Utilizza il nostro sistema di prenotazione online per scegliere il miglior deposito bagagli a Barcellona per la tua posizione e i tuoi programmi. Puoi sia prenotare al tuo arrivo presso il negozio, oppure prenotare online in anticipo per assicurarti il tuo posto. Prenota in anticipo per essere sicuro di avere lo spazio per il tuo bagaglio<\/p>\n<p>Ma sappiamo che a volte i programmi cambiano, soprattutto quando sei in viaggio. Cos\u00ec, se non ti presenti non ti verr\u00e0 addebitato nulla. Nada. Zero. Zip. Zilch. Nulla! E no, non c\u2019\u00e8 nemmeno bisogno di cancellare!<\/p>\n<h4>Guida ai Depositi Bagagli di Barcellona<\/h4>\n<p>Il nostro team di LuggageHero ha preparato una guida e una mappa specificamente progettata per individuare i punti dove poter depositare il tuo bagaglio mentre visiti la meravigliosa citt\u00e0 di Barcellona. Clicca il link qui sotto per saperne di pi\u00f9 su dove e come depositare il tuo bagaglio a Barcellona: <a href=\"https:\/\/luggagehero.com\/da\/find-luggage-storage-barcelona\/\">https:\/\/luggagehero.com\/find-luggage-storage-barcelona\/<\/a><\/p>\n","protected":false},"excerpt":{"rendered":"<p>Non hai pi\u00f9 bisogno di cercare degli armadietti per depositare il tuo bagaglio. La prossima volta che sarai a Barcellona, ricordati che LuggageHero \u00e8 qui per salvarti dai guai! Consegna le tue borse utilizzando il circuito di pi\u00f9 di 80 punti LuggageHero presso negozi della zona, situati attorno ai principali snodi della viabilit\u00e0 e ai [&hellip;]<\/p>\n","protected":false},"author":9,"featured_media":11477,"parent":0,"menu_order":0,"comment_status":"closed","ping_status":"closed","template":"template-location.php","meta":{"_acf_changed":false,"footnotes":""},"class_list":["post-11476","page","type-page","status-publish","has-post-thumbnail","hentry"],"acf":[],"yoast_head":"<!-- This site is optimized with the Yoast SEO Premium plugin v27.0 (Yoast SEO v27.0) - https:\/\/yoast.com\/product\/yoast-seo-premium-wordpress\/ -->\n<title>Barcellona - LuggageHero<\/title>\n<meta name=\"description\" content=\"Utilizza il pi\u00f9 grande circuito di Deposito Bagagli di Lisbona. 80 negozi disponibili a Barcellona. Aperto 24 ore su 24, 7 giorni su 7. Copertura assicurativa di 2.200\u00a3. Include sigillo di sicurezza.\" \/>\n<meta name=\"robots\" content=\"index, follow, max-snippet:-1, max-image-preview:large, max-video-preview:-1\" \/>\n<link rel=\"canonical\" href=\"https:\/\/luggagehero.com\/it\/barcellona\/\" \/>\n<meta property=\"og:locale\" content=\"it_IT\" \/>\n<meta property=\"og:type\" content=\"article\" \/>\n<meta property=\"og:title\" content=\"Barcellona\" \/>\n<meta property=\"og:description\" content=\"Utilizza il pi\u00f9 grande circuito di Deposito Bagagli di Lisbona. 80 negozi disponibili a Barcellona. Aperto 24 ore su 24, 7 giorni su 7. Copertura assicurativa di 2.200\u00a3. Include sigillo di sicurezza.\" \/>\n<meta property=\"og:url\" content=\"https:\/\/luggagehero.com\/it\/barcellona\/\" \/>\n<meta property=\"og:site_name\" content=\"LuggageHero\" \/>\n<meta property=\"article:publisher\" content=\"https:\/\/www.facebook.com\/luggagehero\" \/>\n<meta property=\"article:modified_time\" content=\"2022-12-28T12:10:31+00:00\" \/>\n<meta property=\"og:image\" content=\"https:\/\/luggagehero.com\/wp-content\/uploads\/2019\/01\/pexels-photo-1388030.jpeg\" \/>\n\t<meta property=\"og:image:width\" content=\"1280\" \/>\n\t<meta property=\"og:image:height\" content=\"853\" \/>\n\t<meta property=\"og:image:type\" content=\"image\/jpeg\" \/>\n<meta name=\"twitter:card\" content=\"summary_large_image\" \/>\n<meta name=\"twitter:site\" content=\"@luggagehero\" \/>\n<meta name=\"twitter:label1\" content=\"Est. reading time\" \/>\n\t<meta name=\"twitter:data1\" content=\"4 minutes\" \/>\n<script type=\"application\/ld+json\" class=\"yoast-schema-graph\">{\"@context\":\"https:\/\/schema.org\",\"@graph\":[{\"@type\":\"WebPage\",\"@id\":\"https:\/\/luggagehero.com\/it\/barcellona\/\",\"url\":\"https:\/\/luggagehero.com\/it\/barcellona\/\",\"name\":\"Barcellona - LuggageHero\",\"isPartOf\":{\"@id\":\"https:\/\/luggagehero.com\/it\/#website\"},\"primaryImageOfPage\":{\"@id\":\"https:\/\/luggagehero.com\/it\/barcellona\/#primaryimage\"},\"image\":{\"@id\":\"https:\/\/luggagehero.com\/it\/barcellona\/#primaryimage\"},\"thumbnailUrl\":\"https:\/\/luggagehero.com\/wp-content\/uploads\/2019\/01\/pexels-photo-1388030.jpeg\",\"datePublished\":\"2019-11-05T13:41:53+00:00\",\"dateModified\":\"2022-12-28T12:10:31+00:00\",\"description\":\"Utilizza il pi\u00f9 grande circuito di Deposito Bagagli di Lisbona. 80 negozi disponibili a Barcellona. Aperto 24 ore su 24, 7 giorni su 7. Copertura assicurativa di 2.200\u00a3. Include sigillo di sicurezza.\",\"breadcrumb\":{\"@id\":\"https:\/\/luggagehero.com\/it\/barcellona\/#breadcrumb\"},\"inLanguage\":\"it-IT\",\"potentialAction\":[{\"@type\":\"ReadAction\",\"target\":[\"https:\/\/luggagehero.com\/it\/barcellona\/\"]}]},{\"@type\":\"ImageObject\",\"inLanguage\":\"it-IT\",\"@id\":\"https:\/\/luggagehero.com\/it\/barcellona\/#primaryimage\",\"url\":\"https:\/\/luggagehero.com\/wp-content\/uploads\/2019\/01\/pexels-photo-1388030.jpeg\",\"contentUrl\":\"https:\/\/luggagehero.com\/wp-content\/uploads\/2019\/01\/pexels-photo-1388030.jpeg\",\"width\":1280,\"height\":853},{\"@type\":\"BreadcrumbList\",\"@id\":\"https:\/\/luggagehero.com\/it\/barcellona\/#breadcrumb\",\"itemListElement\":[{\"@type\":\"ListItem\",\"position\":1,\"name\":\"Home\",\"item\":\"https:\/\/luggagehero.com\/it\/\"},{\"@type\":\"ListItem\",\"position\":2,\"name\":\"Barcellona\"}]},{\"@type\":\"WebSite\",\"@id\":\"https:\/\/luggagehero.com\/it\/#website\",\"url\":\"https:\/\/luggagehero.com\/it\/\",\"name\":\"LuggageHero\",\"description\":\"Free yourself from luggage\",\"publisher\":{\"@id\":\"https:\/\/luggagehero.com\/it\/#organization\"},\"potentialAction\":[{\"@type\":\"SearchAction\",\"target\":{\"@type\":\"EntryPoint\",\"urlTemplate\":\"https:\/\/luggagehero.com\/it\/?s={search_term_string}\"},\"query-input\":{\"@type\":\"PropertyValueSpecification\",\"valueRequired\":true,\"valueName\":\"search_term_string\"}}],\"inLanguage\":\"it-IT\"},{\"@type\":\"Organization\",\"@id\":\"https:\/\/luggagehero.com\/it\/#organization\",\"name\":\"LuggageHero\",\"url\":\"https:\/\/luggagehero.com\/it\/\",\"logo\":{\"@type\":\"ImageObject\",\"inLanguage\":\"it-IT\",\"@id\":\"https:\/\/luggagehero.com\/it\/#\/schema\/logo\/image\/\",\"url\":\"https:\/\/luggagehero.com\/wp-content\/uploads\/2017\/04\/luggagehero_LOGO-RGB_kort_POS_200x200.png\",\"contentUrl\":\"https:\/\/luggagehero.com\/wp-content\/uploads\/2017\/04\/luggagehero_LOGO-RGB_kort_POS_200x200.png\",\"width\":200,\"height\":200,\"caption\":\"LuggageHero\"},\"image\":{\"@id\":\"https:\/\/luggagehero.com\/it\/#\/schema\/logo\/image\/\"},\"sameAs\":[\"https:\/\/www.facebook.com\/luggagehero\",\"https:\/\/x.com\/luggagehero\",\"https:\/\/www.instagram.com\/luggagehero\",\"https:\/\/www.linkedin.com\/company\/luggagehero\/\"]}]}<\/script>\n<!-- \/ Yoast SEO Premium plugin. -->","yoast_head_json":{"title":"Barcellona - LuggageHero","description":"Utilizza il pi\u00f9 grande circuito di Deposito Bagagli di Lisbona. 80 negozi disponibili a Barcellona. Aperto 24 ore su 24, 7 giorni su 7. Copertura assicurativa di 2.200\u00a3. Include sigillo di sicurezza.","robots":{"index":"index","follow":"follow","max-snippet":"max-snippet:-1","max-image-preview":"max-image-preview:large","max-video-preview":"max-video-preview:-1"},"canonical":"https:\/\/luggagehero.com\/it\/barcellona\/","og_locale":"it_IT","og_type":"article","og_title":"Barcellona","og_description":"Utilizza il pi\u00f9 grande circuito di Deposito Bagagli di Lisbona. 80 negozi disponibili a Barcellona. Aperto 24 ore su 24, 7 giorni su 7. Copertura assicurativa di 2.200\u00a3. Include sigillo di sicurezza.","og_url":"https:\/\/luggagehero.com\/it\/barcellona\/","og_site_name":"LuggageHero","article_publisher":"https:\/\/www.facebook.com\/luggagehero","article_modified_time":"2022-12-28T12:10:31+00:00","og_image":[{"width":1280,"height":853,"url":"https:\/\/luggagehero.com\/wp-content\/uploads\/2019\/01\/pexels-photo-1388030.jpeg","type":"image\/jpeg"}],"twitter_card":"summary_large_image","twitter_site":"@luggagehero","twitter_misc":{"Est. reading time":"4 minutes"},"schema":{"@context":"https:\/\/schema.org","@graph":[{"@type":"WebPage","@id":"https:\/\/luggagehero.com\/it\/barcellona\/","url":"https:\/\/luggagehero.com\/it\/barcellona\/","name":"Barcellona - LuggageHero","isPartOf":{"@id":"https:\/\/luggagehero.com\/it\/#website"},"primaryImageOfPage":{"@id":"https:\/\/luggagehero.com\/it\/barcellona\/#primaryimage"},"image":{"@id":"https:\/\/luggagehero.com\/it\/barcellona\/#primaryimage"},"thumbnailUrl":"https:\/\/luggagehero.com\/wp-content\/uploads\/2019\/01\/pexels-photo-1388030.jpeg","datePublished":"2019-11-05T13:41:53+00:00","dateModified":"2022-12-28T12:10:31+00:00","description":"Utilizza il pi\u00f9 grande circuito di Deposito Bagagli di Lisbona. 80 negozi disponibili a Barcellona. Aperto 24 ore su 24, 7 giorni su 7. Copertura assicurativa di 2.200\u00a3. Include sigillo di sicurezza.","breadcrumb":{"@id":"https:\/\/luggagehero.com\/it\/barcellona\/#breadcrumb"},"inLanguage":"it-IT","potentialAction":[{"@type":"ReadAction","target":["https:\/\/luggagehero.com\/it\/barcellona\/"]}]},{"@type":"ImageObject","inLanguage":"it-IT","@id":"https:\/\/luggagehero.com\/it\/barcellona\/#primaryimage","url":"https:\/\/luggagehero.com\/wp-content\/uploads\/2019\/01\/pexels-photo-1388030.jpeg","contentUrl":"https:\/\/luggagehero.com\/wp-content\/uploads\/2019\/01\/pexels-photo-1388030.jpeg","width":1280,"height":853},{"@type":"BreadcrumbList","@id":"https:\/\/luggagehero.com\/it\/barcellona\/#breadcrumb","itemListElement":[{"@type":"ListItem","position":1,"name":"Home","item":"https:\/\/luggagehero.com\/it\/"},{"@type":"ListItem","position":2,"name":"Barcellona"}]},{"@type":"WebSite","@id":"https:\/\/luggagehero.com\/it\/#website","url":"https:\/\/luggagehero.com\/it\/","name":"LuggageHero","description":"Free yourself from luggage","publisher":{"@id":"https:\/\/luggagehero.com\/it\/#organization"},"potentialAction":[{"@type":"SearchAction","target":{"@type":"EntryPoint","urlTemplate":"https:\/\/luggagehero.com\/it\/?s={search_term_string}"},"query-input":{"@type":"PropertyValueSpecification","valueRequired":true,"valueName":"search_term_string"}}],"inLanguage":"it-IT"},{"@type":"Organization","@id":"https:\/\/luggagehero.com\/it\/#organization","name":"LuggageHero","url":"https:\/\/luggagehero.com\/it\/","logo":{"@type":"ImageObject","inLanguage":"it-IT","@id":"https:\/\/luggagehero.com\/it\/#\/schema\/logo\/image\/","url":"https:\/\/luggagehero.com\/wp-content\/uploads\/2017\/04\/luggagehero_LOGO-RGB_kort_POS_200x200.png","contentUrl":"https:\/\/luggagehero.com\/wp-content\/uploads\/2017\/04\/luggagehero_LOGO-RGB_kort_POS_200x200.png","width":200,"height":200,"caption":"LuggageHero"},"image":{"@id":"https:\/\/luggagehero.com\/it\/#\/schema\/logo\/image\/"},"sameAs":["https:\/\/www.facebook.com\/luggagehero","https:\/\/x.com\/luggagehero","https:\/\/www.instagram.com\/luggagehero","https:\/\/www.linkedin.com\/company\/luggagehero\/"]}]}},"place_id":"","place_latitude_longitude":"41.38711481937416, 2.1699748707060933","place_name":"Barcelona","criteria_title":"Deposito Bagagli in pi\u00f9 di 80 punti in tutta [location]","criteria_description":"Deposita i tuoi bagagli in un negozio certificato della zona a partire da 1\u20ac\/ora","meta_title":"Deposito Bagagli [location] - Pi\u00f9 di 80 punti - 24 ore su 24, 7 giorni su 7 - A partire da 1\u20ac\/ora","meta_description":"Utilizza oggi il pi\u00f9 grande circuito di Deposito Bagagli di [location]. Pi\u00f9 di 80 negozi disponibili a [location]. Aperto 24 ore su 24, 7 giorni su 7. Copertura assicurativa di 2.500\u20ac. Sigillo di sicurezza incluso.","children_criteria_title":"Deposito Bagagli [location]","children_criteria_description":"Deposita i tuoi bagagli in un negozio certificato della zona a partire da 1\u20ac\/ora","children_meta_title":"Deposito Bagagli [location] - 7 giorni su 7 - a partire da 1\u20ac\/ora","children_meta_description":"Servizio di deposito bagagli comodo ed economico vicino a [location]. A partire da 1\u20ac\/ora. Include copertura assicurativa di 2.500\u20ac. Sigillo di sicurezza applicato a ogni borsa. Prenota online.","_edit_last":"9","use_global_content":"","poi_type":"","content_raw":"Non hai pi\u00f9 bisogno di cercare degli armadietti per depositare il tuo bagaglio. La prossima volta che sarai a Barcellona, ricordati che LuggageHero \u00e8 qui per salvarti dai guai!\r\n\r\nConsegna le tue borse utilizzando il circuito di pi\u00f9 di 80 punti LuggageHero presso negozi della zona, situati attorno ai principali snodi della viabilit\u00e0 e ai quartieri pi\u00f9 famosi di oggi. Tra questi: <a href=\"https:\/\/luggagehero.com\/barcelona\/sants-station\/\">Barcelona Sants Station<\/a>, <a href=\"https:\/\/luggagehero.com\/barcelona\/espanya-station\/\">Espanya Station<\/a>, <a href=\"https:\/\/luggagehero.com\/barcelona\/catalunya-station\/\">Catalunya Station<\/a>, <a href=\"https:\/\/luggagehero.com\/barcelona\/franca-station\/\">Franca Station<\/a>, <a href=\"https:\/\/luggagehero.com\/barcelona\/passeig-gracia-station\/\">Passeig de Gracia Station<\/a>, <a href=\"https:\/\/luggagehero.com\/barcelona\/eixample\/\">Eixample<\/a>, <a href=\"https:\/\/luggagehero.com\/barcelona\/el-raval\/\">El Raval<\/a>, <a href=\"https:\/\/luggagehero.com\/barcelona\/barceloneta\/\" target=\"_blank\" rel=\"noopener noreferrer\">La Barceloneta<\/a> e il centro di Barcellona.\r\n\r\nImmagina di arrivare dall\u2019aeroporto di El Prat diverse ore prima che il tuo alloggio sia disponibile e di voler visitare le bellezze della citt\u00e0, senza doverti trascinare dietro il tuo bagaglio. Magari vorresti visitare <a href=\"https:\/\/luggagehero.com\/barcelona\/la-sagrada-familia\/\">La Sagrada Familia<\/a>, il Museo Picasso, passeggiare lungo Las Ramblas o vedere una partita al <a href=\"https:\/\/luggagehero.com\/barcelona\/camp-nou\/\">Camp Nou Stadium<\/a>. Qualsiasi cosa tu decida di fare, siamo qui per custodire il tuo bagaglio\r\n\r\nBasta andare sulla <a href=\"https:\/\/app.luggagehero.com\/home;location=Barcelona;lat=41,3850639;lon=2,1734034999999494\">piattaforma di prenotazione LuggageHero<\/a> per trovare un punto di deposito a portata di mano, all\u2019interno di un negozio o di un altro esercizio commerciale, tutti <a href=\"https:\/\/luggagehero.com\/about\/certified-shops\/\">verificati da noi<\/a>. Utilizzando la nostra mappa potrai trovare i negozi che sono pi\u00f9 vicini alle stazioni che utilizzerai, oppure alle attrazioni turistiche che visiterai e potrai depositare l\u00ec il tuo bagaglio.\r\n\r\n<img class=\"aligncenter wp-image-2267\" title=\"Affida il tuo bagaglio a Londra a un LuggageHero\" src=\"https:\/\/luggagehero.com\/wp-content\/uploads\/2017\/06\/LuggageHero_figur_fod-paa-kufferter-1-720x907.png\" alt=\"Affida il tuo bagaglio a Londra a un LuggageHero\" width=\"333\" height=\"420\" \/>\r\n\r\n<strong>Paghi una tariffa oraria, a differenza di altri servizi!<\/strong>\r\n\r\nOffriamo un servizio veloce, comodo ed economico.\r\n\r\nCrediamo nell\u2019importanza di offrire ai nostri clienti diverse soluzioni per il pagamento. Infatti, LuggageHero applica ai suoi utenti una tariffa di 1\u20ac solamente per ogni ora utilizzata, a differenza della maggior parte degli altri servizi di deposito bagagli, che spesso ti chiedono di pagare per l\u2019intera giornata. Se invece volessi depositare il tuo bagaglio per tutto il giorno o pi\u00f9 a lungo, ti offriamo un economico tetto massimo giornaliero di 8\u20ac. Questa \u00e8 la nostra idea di come il pagamento per il servizio di deposito bagagli dovrebbe essere, nel 2019.\r\n<h4><strong>Siamo siamo qui per te<\/strong><\/h4>\r\nLa tua protezione e sicurezza sono la nostra priorit\u00e0. Ecco perch\u00e9 abbiamo degli impiegati LuggageHero che recensiscono e certificano tutti i nostri negozi di Barcellona. Oltre a tutto questo, assicuriamo ogni singola borsa e il suo contenuto fino a [pricing insurancecoverage]. Se hai bisogno di parlare a qualcuno di noi di LuggageHero, siamo qui per te 24 ore su 24, 7 giorni su 7, grazie al nostro sistema di chat online.\r\n<h4><strong>Sei pronto per depositare i tuoi bagagli in uno dei nostri numerosi armadietti a Barcellona?<\/strong><\/h4>\r\nTrova il posto giusto per depositare i tuoi bagagli e scegli tra pi\u00f9 di <strong>80<\/strong><strong> punti disponibili in tutta Barcellona!<\/strong>\r\n<h4 style=\"text-align: left;\">Sicurezza<\/h4>\r\n<a href=\"https:\/\/luggagehero.com\/about\/certified-shops\/\">Certifichiamo<\/a> e formiamo scrupolosamente gli operatori di tutti i nostri punti LuggageHero a Barcellona su come maneggiare in sicurezza i tuoi effetti personali.\r\n\r\nTutti i nostri negozi a Barcellona sono stati recensiti da un impiegato LuggageHero, che inoltre esegue regolarmente controlli qualit\u00e0 per garantire che gli effetti personali dei nostri clienti siano conservati in modo sicuro e affidabile.\r\n\r\nInoltre, ogni singolo bagaglio e il suo contenuto sono assicurati fino a [pricing insurancecoverage].\r\n\r\nSe hai bisogno di rivolgerti a qualcuno, ricordati che il nostro supporto ai clienti tramite chat online \u00e8 attivo 24 ore su 24, 7 giorni su 7.\r\n<h4 style=\"text-align: left;\">Prenota\u00a0senza rischi<\/h4>\r\nVogliamo rendere i tuoi viaggi il pi\u00f9 snelli e semplici possibile: questo \u00e8 il motivo per cui per noi \u00e8 cos\u00ec importante che <strong>non ti venga addebitato NESSUN COSTO<\/strong> finch\u00e9 il tuo bagaglio non sia stato consegnato.\r\n\r\nUtilizza il nostro sistema di prenotazione online per scegliere il miglior deposito bagagli a Barcellona per la tua posizione e i tuoi programmi. Puoi sia prenotare al tuo arrivo presso il negozio, oppure prenotare online in anticipo per assicurarti il tuo posto. Prenota in anticipo per essere sicuro di avere lo spazio per il tuo bagaglio\r\n\r\nMa sappiamo che a volte i programmi cambiano, soprattutto quando sei in viaggio. Cos\u00ec, se non ti presenti non ti verr\u00e0 addebitato nulla. Nada. Zero. Zip. Zilch. Nulla! E no, non c\u2019\u00e8 nemmeno bisogno di cancellare!\r\n<h4>Guida ai Depositi Bagagli di Barcellona<\/h4>\r\nIl nostro team di LuggageHero ha preparato una guida e una mappa specificamente progettata per individuare i punti dove poter depositare il tuo bagaglio mentre visiti la meravigliosa citt\u00e0 di Barcellona. Clicca il link qui sotto per saperne di pi\u00f9 su dove e come depositare il tuo bagaglio a Barcellona: <a href=\"https:\/\/luggagehero.com\/da\/find-luggage-storage-barcelona\/\">https:\/\/luggagehero.com\/find-luggage-storage-barcelona\/<\/a>","_links":{"self":[{"href":"https:\/\/luggagehero.com\/it\/wp-json\/wp\/v2\/pages\/11476","targetHints":{"allow":["GET"]}}],"collection":[{"href":"https:\/\/luggagehero.com\/it\/wp-json\/wp\/v2\/pages"}],"about":[{"href":"https:\/\/luggagehero.com\/it\/wp-json\/wp\/v2\/types\/page"}],"author":[{"embeddable":true,"href":"https:\/\/luggagehero.com\/it\/wp-json\/wp\/v2\/users\/9"}],"replies":[{"embeddable":true,"href":"https:\/\/luggagehero.com\/it\/wp-json\/wp\/v2\/comments?post=11476"}],"version-history":[{"count":0,"href":"https:\/\/luggagehero.com\/it\/wp-json\/wp\/v2\/pages\/11476\/revisions"}],"wp:featuredmedia":[{"embeddable":true,"href":"https:\/\/luggagehero.com\/it\/wp-json\/wp\/v2\/media\/11477"}],"wp:attachment":[{"href":"https:\/\/luggagehero.com\/it\/wp-json\/wp\/v2\/media?parent=11476"}],"curies":[{"name":"wp","href":"https:\/\/api.w.org\/{rel}","templated":true}]}}