{"id":11482,"date":"2019-11-05T13:41:56","date_gmt":"2019-11-05T13:41:56","guid":{"rendered":"https:\/\/luggagehero.com\/vienna\/"},"modified":"2023-08-28T07:17:21","modified_gmt":"2023-08-28T07:17:21","slug":"vienna","status":"publish","type":"page","link":"https:\/\/luggagehero.com\/it\/vienna\/","title":{"rendered":"Vienna"},"content":{"rendered":"<p>Non hai pi\u00f9 bisogno di cercare degli armadietti per depositare il tuo bagaglio. La prossima volta che sarai a Vienna, ricordati che LuggageHero \u00e8 qui per salvarti dai guai!<\/p>\n<p>Consegna le tue borse utilizzando il circuito LuggageHero presso negozi di zona, situati attorno ai principali snodi della viabilit\u00e0 e ai quartieri pi\u00f9 famosi. Questi includono le stazioni ferroviarie di <a href=\"https:\/\/luggagehero.com\/vienna\/wien-mitte\/\">Vienna Mitte<\/a>, <a href=\"https:\/\/luggagehero.com\/vienna\/westbahnhof\/\">Vienna West<\/a>, <a href=\"https:\/\/luggagehero.com\/vienna\/meidling\/\">Vienna Meidling<\/a> e <a href=\"https:\/\/luggagehero.com\/vienna\/praterstern\/\">Vienna Praterstern<\/a>.<\/p>\n<p>Immagina di arrivare dal Vienna International Airport diverse ore prima che il tuo alloggio sia disponibile e di voler visitare le bellezze della citt\u00e0 senza doverti trascinare dietro il tuo bagaglio. Magari vuoi goderti una giornata in centro, passeggiando per i quartieri di <a href=\"https:\/\/luggagehero.com\/vienna\/wieden\/\">Wieden<\/a> e <a href=\"https:\/\/luggagehero.com\/vienna\/leopoldstadt\/\">Leopoldstadt<\/a>, o potresti voler visitare il <a href=\"https:\/\/luggagehero.com\/vienna\/stadtpark\/\">Stadtpark <\/a>e la Maria-Theresien-Platz. Qualsiasi cosa tu decida di fare, siamo qui per alleggerirti.<\/p>\n<p>Basta andare sulla <a href=\"https:\/\/app.luggagehero.com\/home;location=Vienna;lat=48,2081743;lon=16,37381890000006\">piattaforma di prenotazione LuggageHero<\/a> per trovare un punto di deposito a portata di mano, all\u2019interno di un negozio o di un altro esercizio commerciale, tutti <a href=\"https:\/\/luggagehero.com\/about\/certified-shops\/\">verificati da noi<\/a>. Utilizzando la nostra mappa potrai trovare i negozi che sono pi\u00f9 vicini alle stazioni che utilizzerai, oppure alle attrazioni turistiche che visiterai e potrai depositare l\u00ec il tuo bagaglio.<\/p>\n<p><img loading=\"lazy\" decoding=\"async\" class=\"aligncenter wp-image-2267\" title=\"Affida il tuo bagaglio a Londra a un LuggageHero\" src=\"https:\/\/luggagehero.com\/wp-content\/uploads\/2017\/06\/LuggageHero_figur_fod-paa-kufferter-1-720x907.png\" alt=\"Affida il tuo bagaglio a Londra a un LuggageHero\" width=\"333\" height=\"420\" \/><\/p>\n<p><strong>Paghi una tariffa oraria, a differenza di altri servizi!<\/strong><\/p>\n<p>Ti offriamo un servizio veloce, comodo e a basso costo.<\/p>\n<p>LuggageHero applica ai suoi utenti una tariffa solamente per ogni ora utilizzata <pricing-component type=\"hourlyrate\"><\/pricing-component>, a differenza della maggior parte degli altri servizi di deposito bagagli, che spesso ti chiedono di pagare per l\u2019intera giornata. Se vuoi depositare il tuo bagaglio per tutto il giorno o pi\u00f9 a lungo, ti offriamo un economico tetto massimo giornaliero di <pricing-component type=\"firstdaymax\"><\/pricing-component>.<\/p>\n<p><strong>Ti stiamo aspettando<\/strong><\/p>\n<p>La tua protezione e la tua sicurezza sono la nostra priorit\u00e0. Ecco perch\u00e9 abbiamo degli impiegati LuggageHero che recensiscono e certificano tutti i nostri negozi a Vienna. Oltre a tutto questo, assicuriamo ogni singola borsa e il suo contenuto fino a <pricing-component type=\"insurancecoverage\"><\/pricing-component>. Se hai bisogno di parlare a qualcuno di noi di LuggageHero, siamo qui per te 24 ore su 24, 7 giorni su 7, attraverso il nostro sistema di chat online.<\/p>\n<p><strong>Guida ai Depositi Bagagli &#8211; Vienna 2019<\/strong><br \/>\nAbbiamo reso semplice il confronto tra tutte le compagnie che offrono un servizio di deposito bagagli a Vienna: trova l\u2019elenco all\u2019interno della nostra <a href=\"https:\/\/luggagehero.com\/find-luggage-storage-vienna\/\">Guida ai Depositi Bagagli a Vienna<\/a>.<\/p>\n<p>Questa guida include tutte le principali compagnie che offrono un servizio di deposito bagagli a Vienna e diversi buoni sconto.<\/p>\n<p><strong>Sei pronto per depositare i tuoi bagagli?<\/strong><\/p>\n<h4 style=\"text-align: left;\">Sicurezza<\/h4>\n<p><a href=\"https:\/\/luggagehero.com\/about\/certified-shops\/\">Certifichiamo<\/a> e formiamo scrupolosamente gli operatori di tutti i nostri punti LuggageHero a Vienna su come maneggiare in sicurezza i tuoi effetti personali.<\/p>\n<p>Tutti i nostri negozi a Vienna sono stati recensiti da un impiegato LuggageHero, che inoltre esegue regolarmente controlli qualit\u00e0 per garantire che gli effetti personali dei nostri clienti siano conservati in modo sicuro e affidabile.<\/p>\n<p>Inoltre, ogni singolo bagaglio e il suo contenuto sono assicurati fino a <pricing-component type=\"insurancecoverage\"><\/pricing-component>.<\/p>\n<p>Se hai bisogno di rivolgerti a qualcuno, ricordati che il nostro supporto ai clienti tramite chat online \u00e8 attivo 24 ore su 24, 7 giorni su 7.<\/p>\n<h4><\/h4>\n<h4 style=\"text-align: left;\">Prenota\u00a0senza rischi<\/h4>\n<p>Vogliamo rendere i tuoi viaggi il pi\u00f9 snelli e semplici possibile: questo \u00e8 il motivo per cui per noi \u00e8 cos\u00ec importante che <strong>non ti venga addebitato NESSUN COSTO<\/strong> finch\u00e9 il tuo bagaglio non sia stato consegnato.<\/p>\n<p>Utilizza il nostro sistema di prenotazione online per scegliere il miglior deposito bagagli a Vienna per la tua posizione e i tuoi programmi. Puoi sia prenotare al tuo arrivo presso il negozio, oppure prenotare online in anticipo per assicurarti il tuo posto. Prenota in anticipo per essere sicuro di avere lo spazio per il tuo bagaglio<\/p>\n<p>Ma sappiamo che a volte i programmi cambiano, soprattutto quando sei in viaggio. Cos\u00ec, se non ti presenti non ti verr\u00e0 addebitato nulla. Nada. Zero. Zip. Zilch. Nulla! E no, non c\u2019\u00e8 nemmeno bisogno di cancellare!<\/p>\n","protected":false},"excerpt":{"rendered":"<p>Non hai pi\u00f9 bisogno di cercare degli armadietti per depositare il tuo bagaglio. La prossima volta che sarai a Vienna, ricordati che LuggageHero \u00e8 qui per salvarti dai guai! Consegna le tue borse utilizzando il circuito LuggageHero presso negozi di zona, situati attorno ai principali snodi della viabilit\u00e0 e ai quartieri pi\u00f9 famosi. Questi includono [&hellip;]<\/p>\n","protected":false},"author":9,"featured_media":19450,"parent":0,"menu_order":0,"comment_status":"closed","ping_status":"closed","template":"template-location.php","meta":{"_acf_changed":false,"footnotes":""},"class_list":["post-11482","page","type-page","status-publish","has-post-thumbnail","hentry"],"acf":[],"yoast_head":"<!-- This site is optimized with the Yoast SEO Premium plugin v27.0 (Yoast SEO v27.0) - https:\/\/yoast.com\/product\/yoast-seo-premium-wordpress\/ -->\n<title>Vienna - LuggageHero<\/title>\n<meta name=\"robots\" content=\"index, follow, max-snippet:-1, max-image-preview:large, max-video-preview:-1\" \/>\n<link rel=\"canonical\" href=\"https:\/\/luggagehero.com\/it\/vienna\/\" \/>\n<meta property=\"og:locale\" content=\"it_IT\" \/>\n<meta property=\"og:type\" content=\"article\" \/>\n<meta property=\"og:title\" content=\"Vienna\" \/>\n<meta property=\"og:description\" content=\"Non hai pi\u00f9 bisogno di cercare degli armadietti per depositare il tuo bagaglio. La prossima volta che sarai a Vienna, ricordati che LuggageHero \u00e8 qui per salvarti dai guai! Consegna le tue borse utilizzando il circuito LuggageHero presso negozi di zona, situati attorno ai principali snodi della viabilit\u00e0 e ai quartieri pi\u00f9 famosi. Questi includono [&hellip;]\" \/>\n<meta property=\"og:url\" content=\"https:\/\/luggagehero.com\/it\/vienna\/\" \/>\n<meta property=\"og:site_name\" content=\"LuggageHero\" \/>\n<meta property=\"article:publisher\" content=\"https:\/\/www.facebook.com\/luggagehero\" \/>\n<meta property=\"article:modified_time\" content=\"2023-08-28T07:17:21+00:00\" \/>\n<meta property=\"og:image\" content=\"https:\/\/luggagehero.com\/wp-content\/uploads\/2020\/03\/shutterstock_1046467867-800x533.jpg\" \/>\n\t<meta property=\"og:image:width\" content=\"800\" \/>\n\t<meta property=\"og:image:height\" content=\"533\" \/>\n\t<meta property=\"og:image:type\" content=\"image\/jpeg\" \/>\n<meta name=\"twitter:card\" content=\"summary_large_image\" \/>\n<meta name=\"twitter:site\" content=\"@luggagehero\" \/>\n<meta name=\"twitter:label1\" content=\"Est. reading time\" \/>\n\t<meta name=\"twitter:data1\" content=\"4 minutes\" \/>\n<script type=\"application\/ld+json\" class=\"yoast-schema-graph\">{\"@context\":\"https:\/\/schema.org\",\"@graph\":[{\"@type\":\"WebPage\",\"@id\":\"https:\/\/luggagehero.com\/it\/vienna\/\",\"url\":\"https:\/\/luggagehero.com\/it\/vienna\/\",\"name\":\"Vienna - LuggageHero\",\"isPartOf\":{\"@id\":\"https:\/\/luggagehero.com\/it\/#website\"},\"primaryImageOfPage\":{\"@id\":\"https:\/\/luggagehero.com\/it\/vienna\/#primaryimage\"},\"image\":{\"@id\":\"https:\/\/luggagehero.com\/it\/vienna\/#primaryimage\"},\"thumbnailUrl\":\"https:\/\/luggagehero.com\/wp-content\/uploads\/2020\/03\/shutterstock_1046467867.jpg\",\"datePublished\":\"2019-11-05T13:41:56+00:00\",\"dateModified\":\"2023-08-28T07:17:21+00:00\",\"breadcrumb\":{\"@id\":\"https:\/\/luggagehero.com\/it\/vienna\/#breadcrumb\"},\"inLanguage\":\"it-IT\",\"potentialAction\":[{\"@type\":\"ReadAction\",\"target\":[\"https:\/\/luggagehero.com\/it\/vienna\/\"]}]},{\"@type\":\"ImageObject\",\"inLanguage\":\"it-IT\",\"@id\":\"https:\/\/luggagehero.com\/it\/vienna\/#primaryimage\",\"url\":\"https:\/\/luggagehero.com\/wp-content\/uploads\/2020\/03\/shutterstock_1046467867.jpg\",\"contentUrl\":\"https:\/\/luggagehero.com\/wp-content\/uploads\/2020\/03\/shutterstock_1046467867.jpg\",\"width\":2560,\"height\":1707,\"caption\":\"luggage storage vienna\"},{\"@type\":\"BreadcrumbList\",\"@id\":\"https:\/\/luggagehero.com\/it\/vienna\/#breadcrumb\",\"itemListElement\":[{\"@type\":\"ListItem\",\"position\":1,\"name\":\"Home\",\"item\":\"https:\/\/luggagehero.com\/it\/\"},{\"@type\":\"ListItem\",\"position\":2,\"name\":\"Vienna\"}]},{\"@type\":\"WebSite\",\"@id\":\"https:\/\/luggagehero.com\/it\/#website\",\"url\":\"https:\/\/luggagehero.com\/it\/\",\"name\":\"LuggageHero\",\"description\":\"Free yourself from luggage\",\"publisher\":{\"@id\":\"https:\/\/luggagehero.com\/it\/#organization\"},\"potentialAction\":[{\"@type\":\"SearchAction\",\"target\":{\"@type\":\"EntryPoint\",\"urlTemplate\":\"https:\/\/luggagehero.com\/it\/?s={search_term_string}\"},\"query-input\":{\"@type\":\"PropertyValueSpecification\",\"valueRequired\":true,\"valueName\":\"search_term_string\"}}],\"inLanguage\":\"it-IT\"},{\"@type\":\"Organization\",\"@id\":\"https:\/\/luggagehero.com\/it\/#organization\",\"name\":\"LuggageHero\",\"url\":\"https:\/\/luggagehero.com\/it\/\",\"logo\":{\"@type\":\"ImageObject\",\"inLanguage\":\"it-IT\",\"@id\":\"https:\/\/luggagehero.com\/it\/#\/schema\/logo\/image\/\",\"url\":\"https:\/\/luggagehero.com\/wp-content\/uploads\/2017\/04\/luggagehero_LOGO-RGB_kort_POS_200x200.png\",\"contentUrl\":\"https:\/\/luggagehero.com\/wp-content\/uploads\/2017\/04\/luggagehero_LOGO-RGB_kort_POS_200x200.png\",\"width\":200,\"height\":200,\"caption\":\"LuggageHero\"},\"image\":{\"@id\":\"https:\/\/luggagehero.com\/it\/#\/schema\/logo\/image\/\"},\"sameAs\":[\"https:\/\/www.facebook.com\/luggagehero\",\"https:\/\/x.com\/luggagehero\",\"https:\/\/www.instagram.com\/luggagehero\",\"https:\/\/www.linkedin.com\/company\/luggagehero\/\"]}]}<\/script>\n<!-- \/ Yoast SEO Premium plugin. -->","yoast_head_json":{"title":"Vienna - LuggageHero","robots":{"index":"index","follow":"follow","max-snippet":"max-snippet:-1","max-image-preview":"max-image-preview:large","max-video-preview":"max-video-preview:-1"},"canonical":"https:\/\/luggagehero.com\/it\/vienna\/","og_locale":"it_IT","og_type":"article","og_title":"Vienna","og_description":"Non hai pi\u00f9 bisogno di cercare degli armadietti per depositare il tuo bagaglio. La prossima volta che sarai a Vienna, ricordati che LuggageHero \u00e8 qui per salvarti dai guai! Consegna le tue borse utilizzando il circuito LuggageHero presso negozi di zona, situati attorno ai principali snodi della viabilit\u00e0 e ai quartieri pi\u00f9 famosi. Questi includono [&hellip;]","og_url":"https:\/\/luggagehero.com\/it\/vienna\/","og_site_name":"LuggageHero","article_publisher":"https:\/\/www.facebook.com\/luggagehero","article_modified_time":"2023-08-28T07:17:21+00:00","og_image":[{"width":800,"height":533,"url":"https:\/\/luggagehero.com\/wp-content\/uploads\/2020\/03\/shutterstock_1046467867-800x533.jpg","type":"image\/jpeg"}],"twitter_card":"summary_large_image","twitter_site":"@luggagehero","twitter_misc":{"Est. reading time":"4 minutes"},"schema":{"@context":"https:\/\/schema.org","@graph":[{"@type":"WebPage","@id":"https:\/\/luggagehero.com\/it\/vienna\/","url":"https:\/\/luggagehero.com\/it\/vienna\/","name":"Vienna - LuggageHero","isPartOf":{"@id":"https:\/\/luggagehero.com\/it\/#website"},"primaryImageOfPage":{"@id":"https:\/\/luggagehero.com\/it\/vienna\/#primaryimage"},"image":{"@id":"https:\/\/luggagehero.com\/it\/vienna\/#primaryimage"},"thumbnailUrl":"https:\/\/luggagehero.com\/wp-content\/uploads\/2020\/03\/shutterstock_1046467867.jpg","datePublished":"2019-11-05T13:41:56+00:00","dateModified":"2023-08-28T07:17:21+00:00","breadcrumb":{"@id":"https:\/\/luggagehero.com\/it\/vienna\/#breadcrumb"},"inLanguage":"it-IT","potentialAction":[{"@type":"ReadAction","target":["https:\/\/luggagehero.com\/it\/vienna\/"]}]},{"@type":"ImageObject","inLanguage":"it-IT","@id":"https:\/\/luggagehero.com\/it\/vienna\/#primaryimage","url":"https:\/\/luggagehero.com\/wp-content\/uploads\/2020\/03\/shutterstock_1046467867.jpg","contentUrl":"https:\/\/luggagehero.com\/wp-content\/uploads\/2020\/03\/shutterstock_1046467867.jpg","width":2560,"height":1707,"caption":"luggage storage vienna"},{"@type":"BreadcrumbList","@id":"https:\/\/luggagehero.com\/it\/vienna\/#breadcrumb","itemListElement":[{"@type":"ListItem","position":1,"name":"Home","item":"https:\/\/luggagehero.com\/it\/"},{"@type":"ListItem","position":2,"name":"Vienna"}]},{"@type":"WebSite","@id":"https:\/\/luggagehero.com\/it\/#website","url":"https:\/\/luggagehero.com\/it\/","name":"LuggageHero","description":"Free yourself from luggage","publisher":{"@id":"https:\/\/luggagehero.com\/it\/#organization"},"potentialAction":[{"@type":"SearchAction","target":{"@type":"EntryPoint","urlTemplate":"https:\/\/luggagehero.com\/it\/?s={search_term_string}"},"query-input":{"@type":"PropertyValueSpecification","valueRequired":true,"valueName":"search_term_string"}}],"inLanguage":"it-IT"},{"@type":"Organization","@id":"https:\/\/luggagehero.com\/it\/#organization","name":"LuggageHero","url":"https:\/\/luggagehero.com\/it\/","logo":{"@type":"ImageObject","inLanguage":"it-IT","@id":"https:\/\/luggagehero.com\/it\/#\/schema\/logo\/image\/","url":"https:\/\/luggagehero.com\/wp-content\/uploads\/2017\/04\/luggagehero_LOGO-RGB_kort_POS_200x200.png","contentUrl":"https:\/\/luggagehero.com\/wp-content\/uploads\/2017\/04\/luggagehero_LOGO-RGB_kort_POS_200x200.png","width":200,"height":200,"caption":"LuggageHero"},"image":{"@id":"https:\/\/luggagehero.com\/it\/#\/schema\/logo\/image\/"},"sameAs":["https:\/\/www.facebook.com\/luggagehero","https:\/\/x.com\/luggagehero","https:\/\/www.instagram.com\/luggagehero","https:\/\/www.linkedin.com\/company\/luggagehero\/"]}]}},"place_id":"","place_latitude_longitude":"48.2064,16.3848","place_name":"Vienna","criteria_title":"Deposito Bagagli in pi\u00f9 di20 negozi in tutta [location]","criteria_description":"Deposita il tuo bagaglio in un negozio certificato della zona a partire da 1\u20ac\/ora","meta_title":"Deposito Bagagli [location] - 24 ore su 24, 7 giorni su 7 - A partire da 1\u20ac\/ora","meta_description":"Usa oggi il pi\u00f9 grande circuito di Deposito Bagagli di [location]. Aperto 24 ore su 24, 7 giorni su 7. Copertura assicurativa di 2.500\u20ac. Sigillo di sicurezza incluso.","children_criteria_title":"Deposito Bagagli [location]","children_criteria_description":"Deposita il tuo bagaglio in un negozio della zona a partire da 1\u20ac\/ora","children_meta_title":"Deposito Bagagli [location] - 7 giorni su 7 - a partire da 1\u20ac\/ora","children_meta_description":"Servizio di deposito bagagli comodo ed economico vicino a [location]. A partire da 1\u20ac\/ora. Include copertura assicurativa di 2.500\u20ac. Sigillo di sicurezza applicato a ogni borsa. Prenota online.","_edit_last":"46","use_global_content":"","poi_type":"","content_raw":"Non hai pi\u00f9 bisogno di cercare degli armadietti per depositare il tuo bagaglio. La prossima volta che sarai a Vienna, ricordati che LuggageHero \u00e8 qui per salvarti dai guai!\r\n\r\nConsegna le tue borse utilizzando il circuito LuggageHero presso negozi di zona, situati attorno ai principali snodi della viabilit\u00e0 e ai quartieri pi\u00f9 famosi. Questi includono le stazioni ferroviarie di <a href=\"https:\/\/luggagehero.com\/vienna\/wien-mitte\/\">Vienna Mitte<\/a>, <a href=\"https:\/\/luggagehero.com\/vienna\/westbahnhof\/\">Vienna West<\/a>, <a href=\"https:\/\/luggagehero.com\/vienna\/meidling\/\">Vienna Meidling<\/a> e <a href=\"https:\/\/luggagehero.com\/vienna\/praterstern\/\">Vienna Praterstern<\/a>.\r\n\r\nImmagina di arrivare dal Vienna International Airport diverse ore prima che il tuo alloggio sia disponibile e di voler visitare le bellezze della citt\u00e0 senza doverti trascinare dietro il tuo bagaglio. Magari vuoi goderti una giornata in centro, passeggiando per i quartieri di <a href=\"https:\/\/luggagehero.com\/vienna\/wieden\/\">Wieden<\/a> e <a href=\"https:\/\/luggagehero.com\/vienna\/leopoldstadt\/\">Leopoldstadt<\/a>, o potresti voler visitare il <a href=\"https:\/\/luggagehero.com\/vienna\/stadtpark\/\">Stadtpark <\/a>e la Maria-Theresien-Platz. Qualsiasi cosa tu decida di fare, siamo qui per alleggerirti.\r\n\r\nBasta andare sulla <a href=\"https:\/\/app.luggagehero.com\/home;location=Vienna;lat=48,2081743;lon=16,37381890000006\">piattaforma di prenotazione LuggageHero<\/a> per trovare un punto di deposito a portata di mano, all\u2019interno di un negozio o di un altro esercizio commerciale, tutti <a href=\"https:\/\/luggagehero.com\/about\/certified-shops\/\">verificati da noi<\/a>. Utilizzando la nostra mappa potrai trovare i negozi che sono pi\u00f9 vicini alle stazioni che utilizzerai, oppure alle attrazioni turistiche che visiterai e potrai depositare l\u00ec il tuo bagaglio.\r\n\r\n<img class=\"aligncenter wp-image-2267\" title=\"Affida il tuo bagaglio a Londra a un LuggageHero\" src=\"https:\/\/luggagehero.com\/wp-content\/uploads\/2017\/06\/LuggageHero_figur_fod-paa-kufferter-1-720x907.png\" alt=\"Affida il tuo bagaglio a Londra a un LuggageHero\" width=\"333\" height=\"420\" \/>\r\n\r\n<strong>Paghi una tariffa oraria, a differenza di altri servizi!<\/strong>\r\n\r\nTi offriamo un servizio veloce, comodo e a basso costo.\r\n\r\nLuggageHero applica ai suoi utenti una tariffa solamente per ogni ora utilizzata [pricing hourlyrate], a differenza della maggior parte degli altri servizi di deposito bagagli, che spesso ti chiedono di pagare per l\u2019intera giornata. Se vuoi depositare il tuo bagaglio per tutto il giorno o pi\u00f9 a lungo, ti offriamo un economico tetto massimo giornaliero di [pricing firstdaymax].\r\n\r\n<strong>Ti stiamo aspettando<\/strong>\r\n\r\nLa tua protezione e la tua sicurezza sono la nostra priorit\u00e0. Ecco perch\u00e9 abbiamo degli impiegati LuggageHero che recensiscono e certificano tutti i nostri negozi a Vienna. Oltre a tutto questo, assicuriamo ogni singola borsa e il suo contenuto fino a [pricing insurancecoverage]. Se hai bisogno di parlare a qualcuno di noi di LuggageHero, siamo qui per te 24 ore su 24, 7 giorni su 7, attraverso il nostro sistema di chat online.\r\n\r\n<strong>Guida ai Depositi Bagagli - Vienna 2019<\/strong>\r\nAbbiamo reso semplice il confronto tra tutte le compagnie che offrono un servizio di deposito bagagli a Vienna: trova l\u2019elenco all\u2019interno della nostra <a href=\"https:\/\/luggagehero.com\/find-luggage-storage-vienna\/\">Guida ai Depositi Bagagli a Vienna<\/a>.\r\n\r\nQuesta guida include tutte le principali compagnie che offrono un servizio di deposito bagagli a Vienna e diversi buoni sconto.\r\n\r\n<strong>Sei pronto per depositare i tuoi bagagli?<\/strong>\r\n<h4 style=\"text-align: left;\">Sicurezza<\/h4>\r\n<a href=\"https:\/\/luggagehero.com\/about\/certified-shops\/\">Certifichiamo<\/a> e formiamo scrupolosamente gli operatori di tutti i nostri punti LuggageHero a Vienna su come maneggiare in sicurezza i tuoi effetti personali.\r\n\r\nTutti i nostri negozi a Vienna sono stati recensiti da un impiegato LuggageHero, che inoltre esegue regolarmente controlli qualit\u00e0 per garantire che gli effetti personali dei nostri clienti siano conservati in modo sicuro e affidabile.\r\n\r\nInoltre, ogni singolo bagaglio e il suo contenuto sono assicurati fino a [pricing insurancecoverage].\r\n\r\nSe hai bisogno di rivolgerti a qualcuno, ricordati che il nostro supporto ai clienti tramite chat online \u00e8 attivo 24 ore su 24, 7 giorni su 7.\r\n<h4><\/h4>\r\n<h4 style=\"text-align: left;\">Prenota\u00a0senza rischi<\/h4>\r\nVogliamo rendere i tuoi viaggi il pi\u00f9 snelli e semplici possibile: questo \u00e8 il motivo per cui per noi \u00e8 cos\u00ec importante che <strong>non ti venga addebitato NESSUN COSTO<\/strong> finch\u00e9 il tuo bagaglio non sia stato consegnato.\r\n\r\nUtilizza il nostro sistema di prenotazione online per scegliere il miglior deposito bagagli a Vienna per la tua posizione e i tuoi programmi. Puoi sia prenotare al tuo arrivo presso il negozio, oppure prenotare online in anticipo per assicurarti il tuo posto. Prenota in anticipo per essere sicuro di avere lo spazio per il tuo bagaglio\r\n\r\nMa sappiamo che a volte i programmi cambiano, soprattutto quando sei in viaggio. Cos\u00ec, se non ti presenti non ti verr\u00e0 addebitato nulla. Nada. Zero. Zip. Zilch. Nulla! E no, non c\u2019\u00e8 nemmeno bisogno di cancellare!","_links":{"self":[{"href":"https:\/\/luggagehero.com\/it\/wp-json\/wp\/v2\/pages\/11482","targetHints":{"allow":["GET"]}}],"collection":[{"href":"https:\/\/luggagehero.com\/it\/wp-json\/wp\/v2\/pages"}],"about":[{"href":"https:\/\/luggagehero.com\/it\/wp-json\/wp\/v2\/types\/page"}],"author":[{"embeddable":true,"href":"https:\/\/luggagehero.com\/it\/wp-json\/wp\/v2\/users\/9"}],"replies":[{"embeddable":true,"href":"https:\/\/luggagehero.com\/it\/wp-json\/wp\/v2\/comments?post=11482"}],"version-history":[{"count":0,"href":"https:\/\/luggagehero.com\/it\/wp-json\/wp\/v2\/pages\/11482\/revisions"}],"wp:featuredmedia":[{"embeddable":true,"href":"https:\/\/luggagehero.com\/it\/wp-json\/wp\/v2\/media\/19450"}],"wp:attachment":[{"href":"https:\/\/luggagehero.com\/it\/wp-json\/wp\/v2\/media?parent=11482"}],"curies":[{"name":"wp","href":"https:\/\/api.w.org\/{rel}","templated":true}]}}