{"id":11484,"date":"2019-11-05T13:41:57","date_gmt":"2019-11-05T13:41:57","guid":{"rendered":"https:\/\/luggagehero.com\/parigi\/gare-du-nord\/"},"modified":"2023-08-22T12:11:57","modified_gmt":"2023-08-22T12:11:57","slug":"gare-du-nord","status":"publish","type":"page","link":"https:\/\/luggagehero.com\/it\/parigi\/gare-du-nord\/","title":{"rendered":"Gare du Nord"},"content":{"rendered":"<p>Stai cercando un deposito bagagli vicino alla Gare du Nord? Puoi depositare le tue borse in uno dei nostri punti di deposito bagagli proprio dietro la stazione e goderti la giornata a <a href=\"https:\/\/luggagehero.com\/paris\/\">Parigi<\/a> senza problemi.<\/p>\n<p>I punti di deposito LuggageHero sono hotel, bar e negozi\u00a0<a href=\"https:\/\/luggagehero.com\/about\/certified-shops\/\">certificati<\/a>. Le prenotazioni effettuate in anticipo ti garantiscono un posto disponibile per le tue borse. L\u2019indirizzo e le indicazioni per raggiungere i nostri punti di deposito vengono messi a disposizione al momento della prenotazione. Tutte le borse vengono protette dai nostri\u00a0<a href=\"https:\/\/luggagehero.com\/about\/security-seal\/\">sigilli di sicurezza<\/a> che garantiscono una copertura assicurativa fino a <pricing-component type=\"insurancecoverage\"><\/pricing-component> per ogni singolo bagaglio, una volta che siano state consegnate e che il timer di deposito sia stato avviato dalla tua pagina di prenotazione.<\/p>\n<p><img loading=\"lazy\" decoding=\"async\" class=\"aligncenter size-large wp-image-7253\" src=\"https:\/\/luggagehero.com\/wp-content\/uploads\/2019\/05\/shutterstock_117887842-800x534.jpg\" alt=\"Deposita le tue borse vicino alla Gare du Nord\" width=\"800\" height=\"534\" srcset=\"https:\/\/luggagehero.com\/wp-content\/uploads\/2019\/05\/shutterstock_117887842-800x534.jpg 800w, https:\/\/luggagehero.com\/wp-content\/uploads\/2019\/05\/shutterstock_117887842-300x200.jpg 300w, https:\/\/luggagehero.com\/wp-content\/uploads\/2019\/05\/shutterstock_117887842-600x400.jpg 600w, https:\/\/luggagehero.com\/wp-content\/uploads\/2019\/05\/shutterstock_117887842.jpg 1000w\" sizes=\"auto, (max-width: 800px) 100vw, 800px\" \/><\/p>\n<h2 style=\"text-align: center;\">Gare du Nord<\/h2>\n<p>La Gare du Nord, conosciuta anche come Paris-Nord, \u00e8 una delle sei principali stazioni ferroviarie capolinea del circuito ferroviario SNCF in Parigi che serve le linee verso le regioni a nord della capitale. \u00c8 la pi\u00f9 grande stazione di Parigi ed \u00e8 stata inaugurata nel 1846. L\u2019edificio venne progettato dall\u2019architetto Jacques Hittorf nel 1861, con una imponente facciata decorata da 23 statue ad opera di diversi famosi scultori.<\/p>\n<p>La Gare du Nord \u00e8 servita sia dalla metropolitana che dalla linea RER, oltre a diverse linee di autobus. I treni che collegano la stazione Paris-Gare du Nord all\u2019aeroporto Charles de Gaulle sono in servizio tutti i giorni, con partenze ogni 6\/15 minuti. Il treno percorre la distanza tra la stazione e l\u2019aeroporto in circa 35 minuti.<\/p>\n<p>Dalla stazione Gare du Nord partono inoltre treni diretti verso numerose altre destinazioni in tutta Francia ed Europa, tra cui:<\/p>\n<ul>\n<li><a href=\"https:\/\/luggagehero.com\/brussels\/\">Bruxelles<\/a><\/li>\n<li><a href=\"https:\/\/luggagehero.com\/amsterdam\/\">Amsterdam<\/a><\/li>\n<li><a href=\"https:\/\/luggagehero.com\/london\/\">Londra<\/a><\/li>\n<\/ul>\n<p>Il Terminal Eurostar con partenze per Londra si trova al primo piano, al di sopra e lungo il binario 3.<\/p>\n","protected":false},"excerpt":{"rendered":"<p>Stai cercando un deposito bagagli vicino alla Gare du Nord? Puoi depositare le tue borse in uno dei nostri punti di deposito bagagli proprio dietro la stazione e goderti la giornata a Parigi senza problemi. I punti di deposito LuggageHero sono hotel, bar e negozi\u00a0certificati. Le prenotazioni effettuate in anticipo ti garantiscono un posto disponibile [&hellip;]<\/p>\n","protected":false},"author":9,"featured_media":37175,"parent":11420,"menu_order":0,"comment_status":"closed","ping_status":"closed","template":"template-location.php","meta":{"_acf_changed":false,"footnotes":""},"class_list":["post-11484","page","type-page","status-publish","has-post-thumbnail","hentry"],"acf":[],"yoast_head":"<!-- This site is optimized with the Yoast SEO Premium plugin v27.0 (Yoast SEO v27.0) - https:\/\/yoast.com\/product\/yoast-seo-premium-wordpress\/ -->\n<title>Gare du Nord - LuggageHero<\/title>\n<meta name=\"robots\" content=\"index, follow, max-snippet:-1, max-image-preview:large, max-video-preview:-1\" \/>\n<link rel=\"canonical\" href=\"https:\/\/luggagehero.com\/it\/parigi\/gare-du-nord\/\" \/>\n<meta property=\"og:locale\" content=\"it_IT\" \/>\n<meta property=\"og:type\" content=\"article\" \/>\n<meta property=\"og:title\" content=\"Gare du Nord\" \/>\n<meta property=\"og:description\" content=\"Stai cercando un deposito bagagli vicino alla Gare du Nord? Puoi depositare le tue borse in uno dei nostri punti di deposito bagagli proprio dietro la stazione e goderti la giornata a Parigi senza problemi. I punti di deposito LuggageHero sono hotel, bar e negozi\u00a0certificati. Le prenotazioni effettuate in anticipo ti garantiscono un posto disponibile [&hellip;]\" \/>\n<meta property=\"og:url\" content=\"https:\/\/luggagehero.com\/it\/parigi\/gare-du-nord\/\" \/>\n<meta property=\"og:site_name\" content=\"LuggageHero\" \/>\n<meta property=\"article:publisher\" content=\"https:\/\/www.facebook.com\/luggagehero\" \/>\n<meta property=\"article:modified_time\" content=\"2023-08-22T12:11:57+00:00\" \/>\n<meta property=\"og:image\" content=\"https:\/\/luggagehero.com\/wp-content\/uploads\/2021\/07\/Skaermbillede-2021-07-02-kl.-14.51.08.png\" \/>\n\t<meta property=\"og:image:width\" content=\"1508\" \/>\n\t<meta property=\"og:image:height\" content=\"524\" \/>\n\t<meta property=\"og:image:type\" content=\"image\/png\" \/>\n<meta name=\"twitter:card\" content=\"summary_large_image\" \/>\n<meta name=\"twitter:site\" content=\"@luggagehero\" \/>\n<meta name=\"twitter:label1\" content=\"Est. reading time\" \/>\n\t<meta name=\"twitter:data1\" content=\"2 minutes\" \/>\n<script type=\"application\/ld+json\" class=\"yoast-schema-graph\">{\"@context\":\"https:\/\/schema.org\",\"@graph\":[{\"@type\":\"WebPage\",\"@id\":\"https:\/\/luggagehero.com\/it\/parigi\/gare-du-nord\/\",\"url\":\"https:\/\/luggagehero.com\/it\/parigi\/gare-du-nord\/\",\"name\":\"Gare du Nord - LuggageHero\",\"isPartOf\":{\"@id\":\"https:\/\/luggagehero.com\/it\/#website\"},\"primaryImageOfPage\":{\"@id\":\"https:\/\/luggagehero.com\/it\/parigi\/gare-du-nord\/#primaryimage\"},\"image\":{\"@id\":\"https:\/\/luggagehero.com\/it\/parigi\/gare-du-nord\/#primaryimage\"},\"thumbnailUrl\":\"https:\/\/luggagehero.com\/wp-content\/uploads\/2021\/07\/Skaermbillede-2021-07-02-kl.-14.51.08.png\",\"datePublished\":\"2019-11-05T13:41:57+00:00\",\"dateModified\":\"2023-08-22T12:11:57+00:00\",\"breadcrumb\":{\"@id\":\"https:\/\/luggagehero.com\/it\/parigi\/gare-du-nord\/#breadcrumb\"},\"inLanguage\":\"it-IT\",\"potentialAction\":[{\"@type\":\"ReadAction\",\"target\":[\"https:\/\/luggagehero.com\/it\/parigi\/gare-du-nord\/\"]}]},{\"@type\":\"ImageObject\",\"inLanguage\":\"it-IT\",\"@id\":\"https:\/\/luggagehero.com\/it\/parigi\/gare-du-nord\/#primaryimage\",\"url\":\"https:\/\/luggagehero.com\/wp-content\/uploads\/2021\/07\/Skaermbillede-2021-07-02-kl.-14.51.08.png\",\"contentUrl\":\"https:\/\/luggagehero.com\/wp-content\/uploads\/2021\/07\/Skaermbillede-2021-07-02-kl.-14.51.08.png\",\"width\":1508,\"height\":524,\"caption\":\"Gare de Nord Paris\"},{\"@type\":\"BreadcrumbList\",\"@id\":\"https:\/\/luggagehero.com\/it\/parigi\/gare-du-nord\/#breadcrumb\",\"itemListElement\":[{\"@type\":\"ListItem\",\"position\":1,\"name\":\"Home\",\"item\":\"https:\/\/luggagehero.com\/it\/\"},{\"@type\":\"ListItem\",\"position\":2,\"name\":\"Parigi\",\"item\":\"https:\/\/luggagehero.com\/it\/parigi\/\"},{\"@type\":\"ListItem\",\"position\":3,\"name\":\"Gare du Nord\"}]},{\"@type\":\"WebSite\",\"@id\":\"https:\/\/luggagehero.com\/it\/#website\",\"url\":\"https:\/\/luggagehero.com\/it\/\",\"name\":\"LuggageHero\",\"description\":\"Free yourself from luggage\",\"publisher\":{\"@id\":\"https:\/\/luggagehero.com\/it\/#organization\"},\"potentialAction\":[{\"@type\":\"SearchAction\",\"target\":{\"@type\":\"EntryPoint\",\"urlTemplate\":\"https:\/\/luggagehero.com\/it\/?s={search_term_string}\"},\"query-input\":{\"@type\":\"PropertyValueSpecification\",\"valueRequired\":true,\"valueName\":\"search_term_string\"}}],\"inLanguage\":\"it-IT\"},{\"@type\":\"Organization\",\"@id\":\"https:\/\/luggagehero.com\/it\/#organization\",\"name\":\"LuggageHero\",\"url\":\"https:\/\/luggagehero.com\/it\/\",\"logo\":{\"@type\":\"ImageObject\",\"inLanguage\":\"it-IT\",\"@id\":\"https:\/\/luggagehero.com\/it\/#\/schema\/logo\/image\/\",\"url\":\"https:\/\/luggagehero.com\/wp-content\/uploads\/2017\/04\/luggagehero_LOGO-RGB_kort_POS_200x200.png\",\"contentUrl\":\"https:\/\/luggagehero.com\/wp-content\/uploads\/2017\/04\/luggagehero_LOGO-RGB_kort_POS_200x200.png\",\"width\":200,\"height\":200,\"caption\":\"LuggageHero\"},\"image\":{\"@id\":\"https:\/\/luggagehero.com\/it\/#\/schema\/logo\/image\/\"},\"sameAs\":[\"https:\/\/www.facebook.com\/luggagehero\",\"https:\/\/x.com\/luggagehero\",\"https:\/\/www.instagram.com\/luggagehero\",\"https:\/\/www.linkedin.com\/company\/luggagehero\/\"]}]}<\/script>\n<!-- \/ Yoast SEO Premium plugin. -->","yoast_head_json":{"title":"Gare du Nord - LuggageHero","robots":{"index":"index","follow":"follow","max-snippet":"max-snippet:-1","max-image-preview":"max-image-preview:large","max-video-preview":"max-video-preview:-1"},"canonical":"https:\/\/luggagehero.com\/it\/parigi\/gare-du-nord\/","og_locale":"it_IT","og_type":"article","og_title":"Gare du Nord","og_description":"Stai cercando un deposito bagagli vicino alla Gare du Nord? Puoi depositare le tue borse in uno dei nostri punti di deposito bagagli proprio dietro la stazione e goderti la giornata a Parigi senza problemi. I punti di deposito LuggageHero sono hotel, bar e negozi\u00a0certificati. Le prenotazioni effettuate in anticipo ti garantiscono un posto disponibile [&hellip;]","og_url":"https:\/\/luggagehero.com\/it\/parigi\/gare-du-nord\/","og_site_name":"LuggageHero","article_publisher":"https:\/\/www.facebook.com\/luggagehero","article_modified_time":"2023-08-22T12:11:57+00:00","og_image":[{"width":1508,"height":524,"url":"https:\/\/luggagehero.com\/wp-content\/uploads\/2021\/07\/Skaermbillede-2021-07-02-kl.-14.51.08.png","type":"image\/png"}],"twitter_card":"summary_large_image","twitter_site":"@luggagehero","twitter_misc":{"Est. reading time":"2 minutes"},"schema":{"@context":"https:\/\/schema.org","@graph":[{"@type":"WebPage","@id":"https:\/\/luggagehero.com\/it\/parigi\/gare-du-nord\/","url":"https:\/\/luggagehero.com\/it\/parigi\/gare-du-nord\/","name":"Gare du Nord - LuggageHero","isPartOf":{"@id":"https:\/\/luggagehero.com\/it\/#website"},"primaryImageOfPage":{"@id":"https:\/\/luggagehero.com\/it\/parigi\/gare-du-nord\/#primaryimage"},"image":{"@id":"https:\/\/luggagehero.com\/it\/parigi\/gare-du-nord\/#primaryimage"},"thumbnailUrl":"https:\/\/luggagehero.com\/wp-content\/uploads\/2021\/07\/Skaermbillede-2021-07-02-kl.-14.51.08.png","datePublished":"2019-11-05T13:41:57+00:00","dateModified":"2023-08-22T12:11:57+00:00","breadcrumb":{"@id":"https:\/\/luggagehero.com\/it\/parigi\/gare-du-nord\/#breadcrumb"},"inLanguage":"it-IT","potentialAction":[{"@type":"ReadAction","target":["https:\/\/luggagehero.com\/it\/parigi\/gare-du-nord\/"]}]},{"@type":"ImageObject","inLanguage":"it-IT","@id":"https:\/\/luggagehero.com\/it\/parigi\/gare-du-nord\/#primaryimage","url":"https:\/\/luggagehero.com\/wp-content\/uploads\/2021\/07\/Skaermbillede-2021-07-02-kl.-14.51.08.png","contentUrl":"https:\/\/luggagehero.com\/wp-content\/uploads\/2021\/07\/Skaermbillede-2021-07-02-kl.-14.51.08.png","width":1508,"height":524,"caption":"Gare de Nord Paris"},{"@type":"BreadcrumbList","@id":"https:\/\/luggagehero.com\/it\/parigi\/gare-du-nord\/#breadcrumb","itemListElement":[{"@type":"ListItem","position":1,"name":"Home","item":"https:\/\/luggagehero.com\/it\/"},{"@type":"ListItem","position":2,"name":"Parigi","item":"https:\/\/luggagehero.com\/it\/parigi\/"},{"@type":"ListItem","position":3,"name":"Gare du Nord"}]},{"@type":"WebSite","@id":"https:\/\/luggagehero.com\/it\/#website","url":"https:\/\/luggagehero.com\/it\/","name":"LuggageHero","description":"Free yourself from luggage","publisher":{"@id":"https:\/\/luggagehero.com\/it\/#organization"},"potentialAction":[{"@type":"SearchAction","target":{"@type":"EntryPoint","urlTemplate":"https:\/\/luggagehero.com\/it\/?s={search_term_string}"},"query-input":{"@type":"PropertyValueSpecification","valueRequired":true,"valueName":"search_term_string"}}],"inLanguage":"it-IT"},{"@type":"Organization","@id":"https:\/\/luggagehero.com\/it\/#organization","name":"LuggageHero","url":"https:\/\/luggagehero.com\/it\/","logo":{"@type":"ImageObject","inLanguage":"it-IT","@id":"https:\/\/luggagehero.com\/it\/#\/schema\/logo\/image\/","url":"https:\/\/luggagehero.com\/wp-content\/uploads\/2017\/04\/luggagehero_LOGO-RGB_kort_POS_200x200.png","contentUrl":"https:\/\/luggagehero.com\/wp-content\/uploads\/2017\/04\/luggagehero_LOGO-RGB_kort_POS_200x200.png","width":200,"height":200,"caption":"LuggageHero"},"image":{"@id":"https:\/\/luggagehero.com\/it\/#\/schema\/logo\/image\/"},"sameAs":["https:\/\/www.facebook.com\/luggagehero","https:\/\/x.com\/luggagehero","https:\/\/www.instagram.com\/luggagehero","https:\/\/www.linkedin.com\/company\/luggagehero\/"]}]}},"place_id":"","place_latitude_longitude":"48.880112, 2.354851","place_name":"Gare du Nord","criteria_title":"","criteria_description":"","meta_title":"","meta_description":"","children_criteria_title":"","children_criteria_description":"","children_meta_title":"","children_meta_description":"","_edit_last":"46","use_global_content":"","poi_type":"PublicTransit","content_raw":"Stai cercando un deposito bagagli vicino alla Gare du Nord? Puoi depositare le tue borse in uno dei nostri punti di deposito bagagli proprio dietro la stazione e goderti la giornata a <a href=\"https:\/\/luggagehero.com\/paris\/\">Parigi<\/a> senza problemi.\r\n\r\nI punti di deposito LuggageHero sono hotel, bar e negozi\u00a0<a href=\"https:\/\/luggagehero.com\/about\/certified-shops\/\">certificati<\/a>. Le prenotazioni effettuate in anticipo ti garantiscono un posto disponibile per le tue borse. L\u2019indirizzo e le indicazioni per raggiungere i nostri punti di deposito vengono messi a disposizione al momento della prenotazione. Tutte le borse vengono protette dai nostri\u00a0<a href=\"https:\/\/luggagehero.com\/about\/security-seal\/\">sigilli di sicurezza<\/a> che garantiscono una copertura assicurativa fino a [pricing insurancecoverage] per ogni singolo bagaglio, una volta che siano state consegnate e che il timer di deposito sia stato avviato dalla tua pagina di prenotazione.\r\n\r\n<img class=\"aligncenter size-large wp-image-7253\" src=\"https:\/\/luggagehero.com\/wp-content\/uploads\/2019\/05\/shutterstock_117887842-800x534.jpg\" alt=\"Deposita le tue borse vicino alla Gare du Nord\" width=\"800\" height=\"534\" \/>\r\n<h2 style=\"text-align: center;\">Gare du Nord<\/h2>\r\nLa Gare du Nord, conosciuta anche come Paris-Nord, \u00e8 una delle sei principali stazioni ferroviarie capolinea del circuito ferroviario SNCF in Parigi che serve le linee verso le regioni a nord della capitale. \u00c8 la pi\u00f9 grande stazione di Parigi ed \u00e8 stata inaugurata nel 1846. L\u2019edificio venne progettato dall\u2019architetto Jacques Hittorf nel 1861, con una imponente facciata decorata da 23 statue ad opera di diversi famosi scultori.\r\n\r\nLa Gare du Nord \u00e8 servita sia dalla metropolitana che dalla linea RER, oltre a diverse linee di autobus. I treni che collegano la stazione Paris-Gare du Nord all\u2019aeroporto Charles de Gaulle sono in servizio tutti i giorni, con partenze ogni 6\/15 minuti. Il treno percorre la distanza tra la stazione e l\u2019aeroporto in circa 35 minuti.\r\n\r\nDalla stazione Gare du Nord partono inoltre treni diretti verso numerose altre destinazioni in tutta Francia ed Europa, tra cui:\r\n<ul>\r\n \t<li><a href=\"https:\/\/luggagehero.com\/brussels\/\">Bruxelles<\/a><\/li>\r\n \t<li><a href=\"https:\/\/luggagehero.com\/amsterdam\/\">Amsterdam<\/a><\/li>\r\n \t<li><a href=\"https:\/\/luggagehero.com\/london\/\">Londra<\/a><\/li>\r\n<\/ul>\r\nIl Terminal Eurostar con partenze per Londra si trova al primo piano, al di sopra e lungo il binario 3.","_links":{"self":[{"href":"https:\/\/luggagehero.com\/it\/wp-json\/wp\/v2\/pages\/11484","targetHints":{"allow":["GET"]}}],"collection":[{"href":"https:\/\/luggagehero.com\/it\/wp-json\/wp\/v2\/pages"}],"about":[{"href":"https:\/\/luggagehero.com\/it\/wp-json\/wp\/v2\/types\/page"}],"author":[{"embeddable":true,"href":"https:\/\/luggagehero.com\/it\/wp-json\/wp\/v2\/users\/9"}],"replies":[{"embeddable":true,"href":"https:\/\/luggagehero.com\/it\/wp-json\/wp\/v2\/comments?post=11484"}],"version-history":[{"count":0,"href":"https:\/\/luggagehero.com\/it\/wp-json\/wp\/v2\/pages\/11484\/revisions"}],"up":[{"embeddable":true,"href":"https:\/\/luggagehero.com\/it\/wp-json\/wp\/v2\/pages\/11420"}],"wp:featuredmedia":[{"embeddable":true,"href":"https:\/\/luggagehero.com\/it\/wp-json\/wp\/v2\/media\/37175"}],"wp:attachment":[{"href":"https:\/\/luggagehero.com\/it\/wp-json\/wp\/v2\/media?parent=11484"}],"curies":[{"name":"wp","href":"https:\/\/api.w.org\/{rel}","templated":true}]}}