{"id":11490,"date":"2019-11-05T13:42:01","date_gmt":"2019-11-05T13:42:01","guid":{"rendered":"https:\/\/luggagehero.com\/malaga\/"},"modified":"2023-08-22T13:19:45","modified_gmt":"2023-08-22T13:19:45","slug":"malaga","status":"publish","type":"page","link":"https:\/\/luggagehero.com\/it\/malaga\/","title":{"rendered":"Malaga"},"content":{"rendered":"<p>Non hai pi\u00f9 bisogno di cercare degli armadietti per depositare il tuo bagaglio. La prossima volta che sarai a Malaga, ricordati che LuggageHero \u00e8 qui per salvarti dai guai!<\/p>\n<p>Consegna le tue borse utilizzando il circuito di pi\u00f9 di 20 punti LuggageHero presso negozi della zona, situati attorno ai principali snodi della viabilit\u00e0 e ai quartieri pi\u00f9 famosi. Questi includono: <a href=\"https:\/\/luggagehero.com\/malaga\/malaga-central-station\/\">M\u00e1laga Central Station<\/a>, <a href=\"https:\/\/luggagehero.com\/malaga\/centro-alameda\/\">Centro Alameda<\/a> e il <a href=\"https:\/\/luggagehero.com\/malaga\/city-center\/\">centro della citt\u00e0<\/a>. Sul lungomare potrai trovare diversi depositi bagagli nelle localit\u00e0 di <a href=\"https:\/\/luggagehero.com\/malaga\/torremolinos\/\">Torremolinos<\/a>, <a href=\"https:\/\/luggagehero.com\/malaga\/benalmadena\/\">Benalm\u00e1dena<\/a>, <a href=\"https:\/\/luggagehero.com\/malaga\/fuengirola\/\">Fuengirola<\/a> e <a href=\"https:\/\/luggagehero.com\/malaga\/marbella\/\">Marbella<\/a>.<\/p>\n<p>Immagina di arrivare dall\u2019aeroporto di Malaga diverse ore prima che il tuo alloggio sia disponibile e di voler visitare le bellezze della citt\u00e0, senza doverti trascinare dietro il tuo bagaglio. Magari vorresti visitare il <a href=\"https:\/\/luggagehero.com\/malaga\/picasso-museum-malaga\/\">Museo Picasso M\u00e1laga<\/a> o il complesso della <a href=\"https:\/\/luggagehero.com\/malaga\/alcazaba\/\">Alcazaba<\/a>, oppure passeggiare fino alla <a href=\"https:\/\/luggagehero.com\/malaga\/malagueta-beach\/\">Spiaggia Malagueta<\/a>. Qualsiasi cosa tu decida di fare, siamo qui per custodire il tuo bagaglio<\/p>\n<p>Basta andare sulla <a href=\"https:\/\/app.luggagehero.com\/home;location=Barcelona;lat=41,3850639;lon=2,1734034999999494\">piattaforma di prenotazione LuggageHero<\/a> per trovare un punto di deposito a portata di mano, all\u2019interno di un negozio o di un altro esercizio commerciale, tutti <a href=\"https:\/\/luggagehero.com\/about\/certified-shops\/\">verificati da noi<\/a>. Utilizzando la nostra mappa potrai trovare i negozi che sono pi\u00f9 vicini alle stazioni che utilizzerai, oppure alle attrazioni turistiche che visiterai e potrai depositare l\u00ec il tuo bagaglio.<\/p>\n<p><img loading=\"lazy\" decoding=\"async\" class=\"aligncenter wp-image-2267\" title=\"Affida il tuo bagaglio a Londra a un LuggageHero\" src=\"https:\/\/luggagehero.com\/wp-content\/uploads\/2017\/06\/LuggageHero_figur_fod-paa-kufferter-1-720x907.png\" alt=\"Affida il tuo bagaglio a Londra a un LuggageHero\" width=\"333\" height=\"420\" \/><\/p>\n<h3><b>Il nostro servizio \u00e8 simile al deposito bagagli dell&#8217;hotel<\/b><\/h3>\n<p><span style=\"font-weight: 400;\">Quante volte ti sei chiesto \u201csi possono lasciare i bagagli in stazione, o nell\u2019hotel?\u201d \u201cstazione termini deposito bagagli prezzi?\u201d<\/span><\/p>\n<p><span style=\"font-weight: 400;\">Molti viaggiatori si fanno queste domande, e molte volte vengono fatte al personale della reception. Non c&#8217;\u00e8 pi\u00f9 bisogno di farsi queste domande: LuggageHero offre, pi\u00f9 o meno, lo stesso servizio per tutti, non importa se soggiorni in un hotel, Airbnb o altrove. Siamo sempre pronti ad aiutarti.<\/span><\/p>\n<h3><b>Riponi le tue valigie nei negozi verificati con questo codice sconto<\/b><\/h3>\n<p><span style=\"font-weight: 400;\">Ai nostri affezionati clienti e nuovi clienti offriamo un codice sconto per due ore di deposito bagagli GRATUITO. Il codice sconto \u00e8 valido per il resto dell\u2019anno in TUTTE le citt\u00e0 e in TUTTI i negozi, inclusi i negozi Premium Partner!<\/span><\/p>\n<p style=\"text-align: center;\"><span style=\"font-weight: 400;\">Utilizza semplicemente il seguente codice sconto al momento della prenotazione:<\/span><\/p>\n<p style=\"text-align: center;\"><b>LOVE2<\/b><\/p>\n<h3><strong> Sei pronto per depositare le tue borse in uno dei numerosi armadietti disponibili in tutta Malaga?<\/strong><\/h3>\n<p>Trova il posto giusto per te e scegli tra pi\u00f9 di <strong>20<\/strong><strong> punti in tutta Malaga!<\/strong><\/p>\n<h3 style=\"text-align: left;\"><strong>Prenota\u00a0senza rischi<\/strong><\/h3>\n<p>Vogliamo rendere i tuoi viaggi il pi\u00f9 snelli e semplici possibile: questo \u00e8 il motivo per cui per noi \u00e8 cos\u00ec importante che <strong>non ti venga addebitato NESSUN COSTO<\/strong> finch\u00e9 il tuo bagaglio non sia stato consegnato.<\/p>\n<p>Utilizza il nostro sistema di prenotazione online per scegliere il miglior deposito bagagli di Malaga per la tua posizione e i tuoi programmi. Puoi sia prenotare al tuo arrivo presso il negozio, oppure prenotare online in anticipo per assicurarti il tuo posto. Prenota in anticipo per essere sicuro di avere lo spazio per il tuo bagaglio.<\/p>\n<h4>Guida ai Depositi Bagagli a Malaga<\/h4>\n<p>Il nostro team di LuggageHero ha preparato una guida e una mappa specificamente progettata per individuare i punti dove poter depositare il bagaglio durante la tua visita alla meravigliosa citt\u00e0 di Malaga. Clicca il link qui sotto per saperne di pi\u00f9 su dove e come depositare il tuo bagaglio a Malaga: <a href=\"https:\/\/luggagehero.com\/find-luggage-storage-malaga\/\">https:\/\/luggagehero.com\/find-luggage-storage-malaga\/<\/a><\/p>\n","protected":false},"excerpt":{"rendered":"<p>Non hai pi\u00f9 bisogno di cercare degli armadietti per depositare il tuo bagaglio. La prossima volta che sarai a Malaga, ricordati che LuggageHero \u00e8 qui per salvarti dai guai! Consegna le tue borse utilizzando il circuito di pi\u00f9 di 20 punti LuggageHero presso negozi della zona, situati attorno ai principali snodi della viabilit\u00e0 e ai [&hellip;]<\/p>\n","protected":false},"author":9,"featured_media":9537,"parent":0,"menu_order":0,"comment_status":"closed","ping_status":"closed","template":"template-location.php","meta":{"_acf_changed":false,"footnotes":""},"class_list":["post-11490","page","type-page","status-publish","has-post-thumbnail","hentry"],"acf":[],"yoast_head":"<!-- This site is optimized with the Yoast SEO Premium plugin v27.0 (Yoast SEO v27.0) - https:\/\/yoast.com\/product\/yoast-seo-premium-wordpress\/ -->\n<title>Malaga - LuggageHero<\/title>\n<meta name=\"robots\" content=\"index, follow, max-snippet:-1, max-image-preview:large, max-video-preview:-1\" \/>\n<link rel=\"canonical\" href=\"https:\/\/luggagehero.com\/it\/malaga\/\" \/>\n<meta property=\"og:locale\" content=\"it_IT\" \/>\n<meta property=\"og:type\" content=\"article\" \/>\n<meta property=\"og:title\" content=\"Malaga\" \/>\n<meta property=\"og:description\" content=\"Non hai pi\u00f9 bisogno di cercare degli armadietti per depositare il tuo bagaglio. La prossima volta che sarai a Malaga, ricordati che LuggageHero \u00e8 qui per salvarti dai guai! Consegna le tue borse utilizzando il circuito di pi\u00f9 di 20 punti LuggageHero presso negozi della zona, situati attorno ai principali snodi della viabilit\u00e0 e ai [&hellip;]\" \/>\n<meta property=\"og:url\" content=\"https:\/\/luggagehero.com\/it\/malaga\/\" \/>\n<meta property=\"og:site_name\" content=\"LuggageHero\" \/>\n<meta property=\"article:publisher\" content=\"https:\/\/www.facebook.com\/luggagehero\" \/>\n<meta property=\"article:modified_time\" content=\"2023-08-22T13:19:45+00:00\" \/>\n<meta property=\"og:image\" content=\"https:\/\/luggagehero.com\/wp-content\/uploads\/2019\/09\/shutterstock_281599199.jpg\" \/>\n\t<meta property=\"og:image:width\" content=\"3543\" \/>\n\t<meta property=\"og:image:height\" content=\"2365\" \/>\n\t<meta property=\"og:image:type\" content=\"image\/jpeg\" \/>\n<meta name=\"twitter:card\" content=\"summary_large_image\" \/>\n<meta name=\"twitter:site\" content=\"@luggagehero\" \/>\n<meta name=\"twitter:label1\" content=\"Est. reading time\" \/>\n\t<meta name=\"twitter:data1\" content=\"3 minutes\" \/>\n<script type=\"application\/ld+json\" class=\"yoast-schema-graph\">{\"@context\":\"https:\/\/schema.org\",\"@graph\":[{\"@type\":\"WebPage\",\"@id\":\"https:\/\/luggagehero.com\/it\/malaga\/\",\"url\":\"https:\/\/luggagehero.com\/it\/malaga\/\",\"name\":\"Malaga - LuggageHero\",\"isPartOf\":{\"@id\":\"https:\/\/luggagehero.com\/it\/#website\"},\"primaryImageOfPage\":{\"@id\":\"https:\/\/luggagehero.com\/it\/malaga\/#primaryimage\"},\"image\":{\"@id\":\"https:\/\/luggagehero.com\/it\/malaga\/#primaryimage\"},\"thumbnailUrl\":\"https:\/\/luggagehero.com\/wp-content\/uploads\/2019\/09\/shutterstock_281599199.jpg\",\"datePublished\":\"2019-11-05T13:42:01+00:00\",\"dateModified\":\"2023-08-22T13:19:45+00:00\",\"breadcrumb\":{\"@id\":\"https:\/\/luggagehero.com\/it\/malaga\/#breadcrumb\"},\"inLanguage\":\"it-IT\",\"potentialAction\":[{\"@type\":\"ReadAction\",\"target\":[\"https:\/\/luggagehero.com\/it\/malaga\/\"]}]},{\"@type\":\"ImageObject\",\"inLanguage\":\"it-IT\",\"@id\":\"https:\/\/luggagehero.com\/it\/malaga\/#primaryimage\",\"url\":\"https:\/\/luggagehero.com\/wp-content\/uploads\/2019\/09\/shutterstock_281599199.jpg\",\"contentUrl\":\"https:\/\/luggagehero.com\/wp-content\/uploads\/2019\/09\/shutterstock_281599199.jpg\",\"width\":3543,\"height\":2365},{\"@type\":\"BreadcrumbList\",\"@id\":\"https:\/\/luggagehero.com\/it\/malaga\/#breadcrumb\",\"itemListElement\":[{\"@type\":\"ListItem\",\"position\":1,\"name\":\"Home\",\"item\":\"https:\/\/luggagehero.com\/it\/\"},{\"@type\":\"ListItem\",\"position\":2,\"name\":\"Malaga\"}]},{\"@type\":\"WebSite\",\"@id\":\"https:\/\/luggagehero.com\/it\/#website\",\"url\":\"https:\/\/luggagehero.com\/it\/\",\"name\":\"LuggageHero\",\"description\":\"Free yourself from luggage\",\"publisher\":{\"@id\":\"https:\/\/luggagehero.com\/it\/#organization\"},\"potentialAction\":[{\"@type\":\"SearchAction\",\"target\":{\"@type\":\"EntryPoint\",\"urlTemplate\":\"https:\/\/luggagehero.com\/it\/?s={search_term_string}\"},\"query-input\":{\"@type\":\"PropertyValueSpecification\",\"valueRequired\":true,\"valueName\":\"search_term_string\"}}],\"inLanguage\":\"it-IT\"},{\"@type\":\"Organization\",\"@id\":\"https:\/\/luggagehero.com\/it\/#organization\",\"name\":\"LuggageHero\",\"url\":\"https:\/\/luggagehero.com\/it\/\",\"logo\":{\"@type\":\"ImageObject\",\"inLanguage\":\"it-IT\",\"@id\":\"https:\/\/luggagehero.com\/it\/#\/schema\/logo\/image\/\",\"url\":\"https:\/\/luggagehero.com\/wp-content\/uploads\/2017\/04\/luggagehero_LOGO-RGB_kort_POS_200x200.png\",\"contentUrl\":\"https:\/\/luggagehero.com\/wp-content\/uploads\/2017\/04\/luggagehero_LOGO-RGB_kort_POS_200x200.png\",\"width\":200,\"height\":200,\"caption\":\"LuggageHero\"},\"image\":{\"@id\":\"https:\/\/luggagehero.com\/it\/#\/schema\/logo\/image\/\"},\"sameAs\":[\"https:\/\/www.facebook.com\/luggagehero\",\"https:\/\/x.com\/luggagehero\",\"https:\/\/www.instagram.com\/luggagehero\",\"https:\/\/www.linkedin.com\/company\/luggagehero\/\"]}]}<\/script>\n<!-- \/ Yoast SEO Premium plugin. -->","yoast_head_json":{"title":"Malaga - LuggageHero","robots":{"index":"index","follow":"follow","max-snippet":"max-snippet:-1","max-image-preview":"max-image-preview:large","max-video-preview":"max-video-preview:-1"},"canonical":"https:\/\/luggagehero.com\/it\/malaga\/","og_locale":"it_IT","og_type":"article","og_title":"Malaga","og_description":"Non hai pi\u00f9 bisogno di cercare degli armadietti per depositare il tuo bagaglio. La prossima volta che sarai a Malaga, ricordati che LuggageHero \u00e8 qui per salvarti dai guai! Consegna le tue borse utilizzando il circuito di pi\u00f9 di 20 punti LuggageHero presso negozi della zona, situati attorno ai principali snodi della viabilit\u00e0 e ai [&hellip;]","og_url":"https:\/\/luggagehero.com\/it\/malaga\/","og_site_name":"LuggageHero","article_publisher":"https:\/\/www.facebook.com\/luggagehero","article_modified_time":"2023-08-22T13:19:45+00:00","og_image":[{"width":3543,"height":2365,"url":"https:\/\/luggagehero.com\/wp-content\/uploads\/2019\/09\/shutterstock_281599199.jpg","type":"image\/jpeg"}],"twitter_card":"summary_large_image","twitter_site":"@luggagehero","twitter_misc":{"Est. reading time":"3 minutes"},"schema":{"@context":"https:\/\/schema.org","@graph":[{"@type":"WebPage","@id":"https:\/\/luggagehero.com\/it\/malaga\/","url":"https:\/\/luggagehero.com\/it\/malaga\/","name":"Malaga - LuggageHero","isPartOf":{"@id":"https:\/\/luggagehero.com\/it\/#website"},"primaryImageOfPage":{"@id":"https:\/\/luggagehero.com\/it\/malaga\/#primaryimage"},"image":{"@id":"https:\/\/luggagehero.com\/it\/malaga\/#primaryimage"},"thumbnailUrl":"https:\/\/luggagehero.com\/wp-content\/uploads\/2019\/09\/shutterstock_281599199.jpg","datePublished":"2019-11-05T13:42:01+00:00","dateModified":"2023-08-22T13:19:45+00:00","breadcrumb":{"@id":"https:\/\/luggagehero.com\/it\/malaga\/#breadcrumb"},"inLanguage":"it-IT","potentialAction":[{"@type":"ReadAction","target":["https:\/\/luggagehero.com\/it\/malaga\/"]}]},{"@type":"ImageObject","inLanguage":"it-IT","@id":"https:\/\/luggagehero.com\/it\/malaga\/#primaryimage","url":"https:\/\/luggagehero.com\/wp-content\/uploads\/2019\/09\/shutterstock_281599199.jpg","contentUrl":"https:\/\/luggagehero.com\/wp-content\/uploads\/2019\/09\/shutterstock_281599199.jpg","width":3543,"height":2365},{"@type":"BreadcrumbList","@id":"https:\/\/luggagehero.com\/it\/malaga\/#breadcrumb","itemListElement":[{"@type":"ListItem","position":1,"name":"Home","item":"https:\/\/luggagehero.com\/it\/"},{"@type":"ListItem","position":2,"name":"Malaga"}]},{"@type":"WebSite","@id":"https:\/\/luggagehero.com\/it\/#website","url":"https:\/\/luggagehero.com\/it\/","name":"LuggageHero","description":"Free yourself from luggage","publisher":{"@id":"https:\/\/luggagehero.com\/it\/#organization"},"potentialAction":[{"@type":"SearchAction","target":{"@type":"EntryPoint","urlTemplate":"https:\/\/luggagehero.com\/it\/?s={search_term_string}"},"query-input":{"@type":"PropertyValueSpecification","valueRequired":true,"valueName":"search_term_string"}}],"inLanguage":"it-IT"},{"@type":"Organization","@id":"https:\/\/luggagehero.com\/it\/#organization","name":"LuggageHero","url":"https:\/\/luggagehero.com\/it\/","logo":{"@type":"ImageObject","inLanguage":"it-IT","@id":"https:\/\/luggagehero.com\/it\/#\/schema\/logo\/image\/","url":"https:\/\/luggagehero.com\/wp-content\/uploads\/2017\/04\/luggagehero_LOGO-RGB_kort_POS_200x200.png","contentUrl":"https:\/\/luggagehero.com\/wp-content\/uploads\/2017\/04\/luggagehero_LOGO-RGB_kort_POS_200x200.png","width":200,"height":200,"caption":"LuggageHero"},"image":{"@id":"https:\/\/luggagehero.com\/it\/#\/schema\/logo\/image\/"},"sameAs":["https:\/\/www.facebook.com\/luggagehero","https:\/\/x.com\/luggagehero","https:\/\/www.instagram.com\/luggagehero","https:\/\/www.linkedin.com\/company\/luggagehero\/"]}]}},"place_id":"","place_latitude_longitude":"36.7119,-4.4319","place_name":"Malaga","criteria_title":"Deposito Bagagli in pi\u00f9 di 20 punti in tutta [location]","criteria_description":"Deposita il tuo bagaglio in un negozio della zona a partire da 1\u20ac\/ora","meta_title":"Deposito Bagagli [location] - Pi\u00f9 di 20 punti - 24 ore su 24, 7 giorni su 7 - A partire da 1\u20ac\/ora","meta_description":"Usa oggi il pi\u00f9 grande circuito di Deposito Bagagli di [location]. Pi\u00f9 di 20 negozi disponibili a [location]. Aperto 24 ore su 24, 7 giorni su 7. Copertura assicurativa di 2.500\u20ac. Sigillo di sicurezza incluso.","children_criteria_title":"Deposito Bagagli [location]","children_criteria_description":"Deposita il tuo bagaglio a partire da 1\u20ac\/ora","children_meta_title":"Deposito Bagagli [location] - 7 giorni su 7 - a partire da 1\u20ac\/ora","children_meta_description":"Servizio di deposito bagagli comodo ed economico vicino a [location]. A partire da 1\u20ac\/ora. Include copertura assicurativa di 2.500\u20ac. Sigillo di sicurezza applicato a ogni borsa. Prenota online.","_edit_last":"46","use_global_content":"","poi_type":"","content_raw":"Non hai pi\u00f9 bisogno di cercare degli armadietti per depositare il tuo bagaglio. La prossima volta che sarai a Malaga, ricordati che LuggageHero \u00e8 qui per salvarti dai guai!\r\n\r\nConsegna le tue borse utilizzando il circuito di pi\u00f9 di 20 punti LuggageHero presso negozi della zona, situati attorno ai principali snodi della viabilit\u00e0 e ai quartieri pi\u00f9 famosi. Questi includono: <a href=\"https:\/\/luggagehero.com\/malaga\/malaga-central-station\/\">M\u00e1laga Central Station<\/a>, <a href=\"https:\/\/luggagehero.com\/malaga\/centro-alameda\/\">Centro Alameda<\/a> e il <a href=\"https:\/\/luggagehero.com\/malaga\/city-center\/\">centro della citt\u00e0<\/a>. Sul lungomare potrai trovare diversi depositi bagagli nelle localit\u00e0 di <a href=\"https:\/\/luggagehero.com\/malaga\/torremolinos\/\">Torremolinos<\/a>, <a href=\"https:\/\/luggagehero.com\/malaga\/benalmadena\/\">Benalm\u00e1dena<\/a>, <a href=\"https:\/\/luggagehero.com\/malaga\/fuengirola\/\">Fuengirola<\/a> e <a href=\"https:\/\/luggagehero.com\/malaga\/marbella\/\">Marbella<\/a>.\r\n\r\nImmagina di arrivare dall\u2019aeroporto di Malaga diverse ore prima che il tuo alloggio sia disponibile e di voler visitare le bellezze della citt\u00e0, senza doverti trascinare dietro il tuo bagaglio. Magari vorresti visitare il <a href=\"https:\/\/luggagehero.com\/malaga\/picasso-museum-malaga\/\">Museo Picasso M\u00e1laga<\/a> o il complesso della <a href=\"https:\/\/luggagehero.com\/malaga\/alcazaba\/\">Alcazaba<\/a>, oppure passeggiare fino alla <a href=\"https:\/\/luggagehero.com\/malaga\/malagueta-beach\/\">Spiaggia Malagueta<\/a>. Qualsiasi cosa tu decida di fare, siamo qui per custodire il tuo bagaglio\r\n\r\nBasta andare sulla <a href=\"https:\/\/app.luggagehero.com\/home;location=Barcelona;lat=41,3850639;lon=2,1734034999999494\">piattaforma di prenotazione LuggageHero<\/a> per trovare un punto di deposito a portata di mano, all\u2019interno di un negozio o di un altro esercizio commerciale, tutti <a href=\"https:\/\/luggagehero.com\/about\/certified-shops\/\">verificati da noi<\/a>. Utilizzando la nostra mappa potrai trovare i negozi che sono pi\u00f9 vicini alle stazioni che utilizzerai, oppure alle attrazioni turistiche che visiterai e potrai depositare l\u00ec il tuo bagaglio.\r\n\r\n<img class=\"aligncenter wp-image-2267\" title=\"Affida il tuo bagaglio a Londra a un LuggageHero\" src=\"https:\/\/luggagehero.com\/wp-content\/uploads\/2017\/06\/LuggageHero_figur_fod-paa-kufferter-1-720x907.png\" alt=\"Affida il tuo bagaglio a Londra a un LuggageHero\" width=\"333\" height=\"420\" \/>\r\n<h3><b>Il nostro servizio \u00e8 simile al deposito bagagli dell'hotel<\/b><\/h3>\r\n<span style=\"font-weight: 400;\">Quante volte ti sei chiesto \u201csi possono lasciare i bagagli in stazione, o nell\u2019hotel?\u201d \u201cstazione termini deposito bagagli prezzi?\u201d<\/span>\r\n\r\n<span style=\"font-weight: 400;\">Molti viaggiatori si fanno queste domande, e molte volte vengono fatte al personale della reception. Non c'\u00e8 pi\u00f9 bisogno di farsi queste domande: LuggageHero offre, pi\u00f9 o meno, lo stesso servizio per tutti, non importa se soggiorni in un hotel, Airbnb o altrove. Siamo sempre pronti ad aiutarti.<\/span>\r\n<h3><b>Riponi le tue valigie nei negozi verificati con questo codice sconto<\/b><\/h3>\r\n<span style=\"font-weight: 400;\">Ai nostri affezionati clienti e nuovi clienti offriamo un codice sconto per due ore di deposito bagagli GRATUITO. Il codice sconto \u00e8 valido per il resto dell\u2019anno in TUTTE le citt\u00e0 e in TUTTI i negozi, inclusi i negozi Premium Partner!<\/span>\r\n<p style=\"text-align: center;\"><span style=\"font-weight: 400;\">Utilizza semplicemente il seguente codice sconto al momento della prenotazione:<\/span><\/p>\r\n<p style=\"text-align: center;\"><b>LOVE2<\/b><\/p>\r\n\r\n<h3><strong> Sei pronto per depositare le tue borse in uno dei numerosi armadietti disponibili in tutta Malaga?<\/strong><\/h3>\r\nTrova il posto giusto per te e scegli tra pi\u00f9 di <strong>20<\/strong><strong> punti in tutta Malaga!<\/strong>\r\n<h3 style=\"text-align: left;\"><strong>Prenota\u00a0senza rischi<\/strong><\/h3>\r\nVogliamo rendere i tuoi viaggi il pi\u00f9 snelli e semplici possibile: questo \u00e8 il motivo per cui per noi \u00e8 cos\u00ec importante che <strong>non ti venga addebitato NESSUN COSTO<\/strong> finch\u00e9 il tuo bagaglio non sia stato consegnato.\r\n\r\nUtilizza il nostro sistema di prenotazione online per scegliere il miglior deposito bagagli di Malaga per la tua posizione e i tuoi programmi. Puoi sia prenotare al tuo arrivo presso il negozio, oppure prenotare online in anticipo per assicurarti il tuo posto. Prenota in anticipo per essere sicuro di avere lo spazio per il tuo bagaglio.\r\n<h4>Guida ai Depositi Bagagli a Malaga<\/h4>\r\nIl nostro team di LuggageHero ha preparato una guida e una mappa specificamente progettata per individuare i punti dove poter depositare il bagaglio durante la tua visita alla meravigliosa citt\u00e0 di Malaga. Clicca il link qui sotto per saperne di pi\u00f9 su dove e come depositare il tuo bagaglio a Malaga: <a href=\"https:\/\/luggagehero.com\/find-luggage-storage-malaga\/\">https:\/\/luggagehero.com\/find-luggage-storage-malaga\/<\/a>","_links":{"self":[{"href":"https:\/\/luggagehero.com\/it\/wp-json\/wp\/v2\/pages\/11490","targetHints":{"allow":["GET"]}}],"collection":[{"href":"https:\/\/luggagehero.com\/it\/wp-json\/wp\/v2\/pages"}],"about":[{"href":"https:\/\/luggagehero.com\/it\/wp-json\/wp\/v2\/types\/page"}],"author":[{"embeddable":true,"href":"https:\/\/luggagehero.com\/it\/wp-json\/wp\/v2\/users\/9"}],"replies":[{"embeddable":true,"href":"https:\/\/luggagehero.com\/it\/wp-json\/wp\/v2\/comments?post=11490"}],"version-history":[{"count":0,"href":"https:\/\/luggagehero.com\/it\/wp-json\/wp\/v2\/pages\/11490\/revisions"}],"wp:featuredmedia":[{"embeddable":true,"href":"https:\/\/luggagehero.com\/it\/wp-json\/wp\/v2\/media\/9537"}],"wp:attachment":[{"href":"https:\/\/luggagehero.com\/it\/wp-json\/wp\/v2\/media?parent=11490"}],"curies":[{"name":"wp","href":"https:\/\/api.w.org\/{rel}","templated":true}]}}